{"id":8446,"date":"2024-06-20T09:26:11","date_gmt":"2024-06-20T01:26:11","guid":{"rendered":"https:\/\/theo.niranbio.com\/dextrina-resistente\/"},"modified":"2024-08-16T16:57:17","modified_gmt":"2024-08-16T08:57:17","slug":"dextrina-resistente","status":"publish","type":"product","link":"https:\/\/theo.niranbio.com\/pt-br\/dextrina-resistente.html","title":{"rendered":"Dextrina resistente"},"content":{"rendered":"<h2><span class=\"ez-toc-section\" id=\"O_que_e_Dextrina_Resistente\"><\/span>O que \u00e9 Dextrina Resistente?<span class=\"ez-toc-section-end\"><\/span><\/h2>\n<p>A dextrina resistente \u00e9 um ingrediente cru sol\u00favel de alimentos de baixa caloria com um sabor levemente adocicado e sem outros odores desagrad\u00e1veis. \u00c9 um p\u00f3 branco. Tem forte solubilidade em \u00e1gua e excelente estabilidade ao formar uma solu\u00e7\u00e3o coloidal. Tem in\u00fameras chances de se expandir na ind\u00fastria aliment\u00edcia. A dextrina resistente pode ser obtida por hidr\u00f3lise \u00e1cida e hidr\u00f3lise enzim\u00e1tica.<\/p>\n<p>O m\u00e9todo de hidr\u00f3lise \u00e1cida \u00e9 aquecer o amido sob condi\u00e7\u00f5es \u00e1cidas para hidrolis\u00e1-lo parcialmente para produzir dextrina resistente e, em seguida, neutralizar, filtrar, descolorir, concentrar e secar para obter o produto. O processo \u00e9 simples, mas o l\u00edquido residual \u00e1cido precisa ser tratado. O m\u00e9todo de hidr\u00f3lise enzim\u00e1tica usa enzimas espec\u00edficas para decompor o amido sob condi\u00e7\u00f5es adequadas de temperatura e pH para produzir dextrina resistente e, em seguida, neutralizar, filtrar, descolorir, concentrar e secar para obter o produto. Ela tem as vantagens de opera\u00e7\u00e3o suave, alta pureza do produto e baixa press\u00e3o ambiental. Ela assumiu progressivamente como a t\u00e9cnica padr\u00e3o para fazer dextrina resistente.<\/p>\n<h2><span class=\"ez-toc-section\" id=\"Parametros_relacionados\"><\/span>Par\u00e2metros relacionados:<span class=\"ez-toc-section-end\"><\/span><\/h2>\n<table>\n<tbody>\n<tr>\n<td>Itens<\/td>\n<td>Padr\u00f5es\uff08p\u00f3\uff09<\/td>\n<td>Padr\u00f5es (l\u00edquido)<\/td>\n<\/tr>\n<tr>\n<td>Conte\u00fado de fibra<\/td>\n<td>99% M\u00ednimo<\/td>\n<td>90% Min<\/td>\n<\/tr>\n<tr>\n<td>Atividade aqu\u00e1tica<\/td>\n<td>&#8211;<\/td>\n<td>0,865 M\u00e1ximo<\/td>\n<\/tr>\n<tr>\n<td>A\u00e7\u00facar<\/td>\n<td>2% M\u00e1ximo<\/td>\n<td>2% M\u00e1ximo<\/td>\n<\/tr>\n<tr>\n<td>Subst\u00e2ncia s\u00f3lida<\/td>\n<td>&#8211;<\/td>\n<td>75~75%~75.4%<\/td>\n<\/tr>\n<tr>\n<td>pH<\/td>\n<td>3.5~5.5<\/td>\n<td>3.5~5.5<\/td>\n<\/tr>\n<tr>\n<td>Merc\u00fario<\/td>\n<td>&#8211;<\/td>\n<td>M\u00e1ximo de 5 ppm<\/td>\n<\/tr>\n<tr>\n<td>Umidade<\/td>\n<td>6% no m\u00e1ximo<\/td>\n<td>&#8211;<\/td>\n<\/tr>\n<tr>\n<td>Chumbo<\/td>\n<td>0,5 ppm m\u00e1ximo<\/td>\n<td>0,5 ppm M\u00e1ximo<\/td>\n<\/tr>\n<tr>\n<td>Ars\u00eanico<\/td>\n<td>0,5 ppm M\u00e1ximo<\/td>\n<td>5 ppm M\u00e1ximo<\/td>\n<\/tr>\n<tr>\n<td>C\u00e1dmio<\/td>\n<td>&#8211;<\/td>\n<td>1 ppm m\u00e1ximo<\/td>\n<\/tr>\n<tr>\n<td>Contagem aer\u00f3bica total<\/td>\n<td>1500 CFU\/g M\u00e1ximo<\/td>\n<td>1000 UFC\/g M\u00e1x.<\/td>\n<\/tr>\n<tr>\n<td>Coliforme total<\/td>\n<td>30 NMP\/100g M\u00e1x.<\/td>\n<td>30 NMP\/100g M\u00e1x.<\/td>\n<\/tr>\n<tr>\n<td>Bolor e levedura<\/td>\n<td>50 UFC\/g M\u00e1x.<\/td>\n<td>25 UFC\/g M\u00e1x.<\/td>\n<\/tr>\n<tr>\n<td>E.coli<\/td>\n<td>3 MPN\/g M\u00e1x.<\/td>\n<td>3 MPN\/g M\u00e1x.<\/td>\n<\/tr>\n<\/tbody>\n<\/table>\n<h2><span class=\"ez-toc-section\" id=\"Dosagem_recomendada\"><\/span>Dosagem recomendada:<span class=\"ez-toc-section-end\"><\/span><\/h2>\n<table>\n<tbody>\n<tr>\n<td><strong>Nome do alimento<\/strong><\/td>\n<td><strong>Uso m\u00e1ximo (g\/kg)<\/strong><\/td>\n<\/tr>\n<tr>\n<td>Bebidas carbonatadas<\/td>\n<td>3 g\/kg<\/td>\n<\/tr>\n<tr>\n<td>Iogurte<\/td>\n<td>5 g\/kg<\/td>\n<\/tr>\n<tr>\n<td>Leite<\/td>\n<td>4 g\/kg<\/td>\n<\/tr>\n<tr>\n<td>Bebidas de frutas<\/td>\n<td>3 g\/kg<\/td>\n<\/tr>\n<tr>\n<td>Molho de soja<\/td>\n<td>3 g\/kg<\/td>\n<\/tr>\n<tr>\n<td>Ketchup<\/td>\n<td>10 g\/kg<\/td>\n<\/tr>\n<tr>\n<td>Presunto<\/td>\n<td>10 g\/kg<\/td>\n<\/tr>\n<tr>\n<td>Salsicha<\/td>\n<td>10 g\/kg<\/td>\n<\/tr>\n<tr>\n<td>Alimento inchado<\/td>\n<td>10 g\/kg<\/td>\n<\/tr>\n<tr>\n<td>Bebidas com bact\u00e9rias do \u00e1cido l\u00e1ctico<\/td>\n<td>10 g\/kg<\/td>\n<\/tr>\n<tr>\n<td>Bebidas l\u00e1cteas fermentadas<\/td>\n<td>10 g\/kg<\/td>\n<\/tr>\n<tr>\n<td>P\u00e3o<\/td>\n<td>10 g\/kg<\/td>\n<\/tr>\n<\/tbody>\n<\/table>\n<h2><span class=\"ez-toc-section\" id=\"A_dextrina_resistente_tem_uma_ampla_gama_de_usos\"><\/span>A dextrina resistente tem uma ampla gama de usos<span class=\"ez-toc-section-end\"><\/span><\/h2>\n<ol>\n<li>Ind\u00fastria aliment\u00edcia: A dextrina resistente \u00e9 frequentemente usada como espessante, estabilizador e agente anticongelante, e \u00e9 amplamente usada em bebidas, bolos, molhos para salada, sorvetes e outros produtos. Ela pode aumentar o sabor e a textura dos alimentos, ao mesmo tempo em que ajuda os alimentos a reter umidade.<\/li>\n<li>Ind\u00fastria farmac\u00eautica: No campo farmac\u00eautico, a dextrina resistente \u00e9 usada como um material carreador para controlar a libera\u00e7\u00e3o sustentada de medicamentos e melhorar a biodisponibilidade dos medicamentos.<\/li>\n<li>Ind\u00fastria cosm\u00e9tica: A dextrina resistente pode ser usada para preparar produtos para cuidados com a pele, como hidratantes, espessantes e emulsificantes, o que ajuda a melhorar a hidrata\u00e7\u00e3o e a estabilidade dos produtos para cuidados com a pele.<\/li>\n<li>Ind\u00fastria t\u00eaxtil: No processamento t\u00eaxtil, a dextrina resistente pode ser usada para tingimento, impress\u00e3o e tratamento antirrugas para melhorar o desempenho do processamento e a durabilidade dos t\u00eaxteis.<\/li>\n<li>Ind\u00fastria do petr\u00f3leo: A dextrina resistente \u00e9 usada como um agente de refor\u00e7o de po\u00e7os de petr\u00f3leo e melhorador de reservat\u00f3rios na ind\u00fastria do petr\u00f3leo, o que ajuda a melhorar o desempenho dos po\u00e7os de petr\u00f3leo e aumentar a recupera\u00e7\u00e3o de petr\u00f3leo.<\/li>\n<li>Ind\u00fastria de tintas: Adicionar dextrina resistente \u00e0 tinta pode melhorar a fluidez e a ades\u00e3o da tinta e aumentar a durabilidade da tinta.<\/li>\n<li>Prote\u00e7\u00e3o ambiental: A dextrina resistente pode ser usada como um agente de tratamento de \u00e1gua para purificar \u00e1guas residuais e corpos d&#8217;\u00e1gua, o que ajuda a melhorar a qualidade da \u00e1gua e proteger o meio ambiente.<\/li>\n<\/ol>\n<h2><span class=\"ez-toc-section\" id=\"O_usuario_fez_a_seguinte_pergunta\"><\/span>O usu\u00e1rio fez a seguinte pergunta:<span class=\"ez-toc-section-end\"><\/span><\/h2>\n<p>Pergunta: A dextrina resistente \u00e9 um prebi\u00f3tico?<\/p>\n<p>Resposta: Sim, a dextrina resistente \u00e9 um prebi\u00f3tico. Como fibra alimentar, a dextrina resistente n\u00e3o pode ser decomposta por enzimas digestivas no intestino delgado humano e pode atingir o intestino grosso e promover o crescimento de bact\u00e9rias ben\u00e9ficas, como bifidobact\u00e9rias e lactobacilos. Seus metab\u00f3litos, como \u00e1cidos graxos de cadeia curta, ajudam a manter a sa\u00fade intestinal, melhorar a fun\u00e7\u00e3o da barreira intestinal, reduzir o pH intestinal e inibir o crescimento de bact\u00e9rias nocivas. Al\u00e9m disso, a dextrina resistente pode fortalecer o sistema imunol\u00f3gico, controlar os n\u00edveis de gordura e a\u00e7\u00facar no sangue e melhorar a sa\u00fade digestiva.<\/p>\n<p>Pergunta: O que deve ser considerado ao armazenar ou transportar dextrina resistente?<\/p>\n<p>Resposta: A dextrina resistente \u00e9 f\u00e1cil de absorver umidade e deve ser armazenada em um ambiente seco e fresco para evitar contato com umidade e ar \u00famido; a temperatura de armazenamento deve ser controlada abaixo da temperatura ambiente e evitar ambiente de alta temperatura para evitar aglomera\u00e7\u00e3o do produto e degrada\u00e7\u00e3o da qualidade; a luz solar direta deve ser evitada, e a exposi\u00e7\u00e3o prolongada \u00e0 luz solar pode afetar a qualidade do produto; use materiais de embalagem selados \u00e0 prova de umidade e antioxidantes para garantir que a embalagem esteja intacta e evitar a entrada de ar e impurezas.<\/p>\n","protected":false},"excerpt":{"rendered":"<ul>\n<li>CAS: 9004-53-9<\/li>\n<li>F\u00f3rmula qu\u00edmica: (C<sub>6<\/sub>H<sub>10<\/sub>O<sub>5<\/sub>)n<\/li>\n<li>Certifica\u00e7\u00f5es: KOSHER, ISO, HALAL, FSSC22000, BRC, etc.<\/li>\n<li>Padr\u00e3o: BP\/USP\/FCC<\/li>\n<li>Quantidade m\u00ednima do pedido: 1000KG<\/li>\n<li>Prazo de validade: 2 anos<\/li>\n<\/ul>\n","protected":false},"featured_media":8034,"template":"","meta":{"site-sidebar-layout":"default","site-content-layout":"","ast-site-content-layout":"default","site-content-style":"default","site-sidebar-style":"default","ast-global-header-display":"","ast-banner-title-visibility":"","ast-main-header-display":"","ast-hfb-above-header-display":"","ast-hfb-below-header-display":"","ast-hfb-mobile-header-display":"","site-post-title":"","ast-breadcrumbs-content":"","ast-featured-img":"","footer-sml-layout":"","theme-transparent-header-meta":"default","adv-header-id-meta":"","stick-header-meta":"","header-above-stick-meta":"","header-main-stick-meta":"","header-below-stick-meta":"","astra-migrate-meta-layouts":"set","ast-page-background-enabled":"default","ast-page-background-meta":{"desktop":{"background-color":"var(--ast-global-color-4)","background-image":"","background-repeat":"repeat","background-position":"center center","background-size":"auto","background-attachment":"scroll","background-type":"","background-media":"","overlay-type":"","overlay-color":"","overlay-opacity":"","overlay-gradient":""},"tablet":{"background-color":"","background-image":"","background-repeat":"repeat","background-position":"center center","background-size":"auto","background-attachment":"scroll","background-type":"","background-media":"","overlay-type":"","overlay-color":"","overlay-opacity":"","overlay-gradient":""},"mobile":{"background-color":"","background-image":"","background-repeat":"repeat","background-position":"center center","background-size":"auto","background-attachment":"scroll","background-type":"","background-media":"","overlay-type":"","overlay-color":"","overlay-opacity":"","overlay-gradient":""}},"ast-content-background-meta":{"desktop":{"background-color":"var(--ast-global-color-5)","background-image":"","background-repeat":"repeat","background-position":"center center","background-size":"auto","background-attachment":"scroll","background-type":"","background-media":"","overlay-type":"","overlay-color":"","overlay-opacity":"","overlay-gradient":""},"tablet":{"background-color":"var(--ast-global-color-5)","background-image":"","background-repeat":"repeat","background-position":"center center","background-size":"auto","background-attachment":"scroll","background-type":"","background-media":"","overlay-type":"","overlay-color":"","overlay-opacity":"","overlay-gradient":""},"mobile":{"background-color":"var(--ast-global-color-5)","background-image":"","background-repeat":"repeat","background-position":"center center","background-size":"auto","background-attachment":"scroll","background-type":"","background-media":"","overlay-type":"","overlay-color":"","overlay-opacity":"","overlay-gradient":""}}},"product_brand":[],"product_cat":[77],"product_tag":[],"class_list":{"0":"post-8446","1":"product","2":"type-product","3":"status-publish","4":"has-post-thumbnail","6":"product_cat-produto-adocante","7":"desktop-align-center","8":"tablet-align-left","9":"mobile-align-left","11":"first","12":"instock","13":"shipping-taxable","14":"product-type-simple"},"yoast_head":"<!-- This site is optimized with the Yoast SEO plugin v26.5 - https:\/\/yoast.com\/wordpress\/plugins\/seo\/ -->\n<title>P\u00f3 De Dextrina Resistente Org\u00e2nica, E1400 A Granel | Niranbio Chemical<\/title>\n<meta name=\"description\" content=\"A dextrina resistente, um p\u00f3 branco com do\u00e7ura suave, \u00e9 um ingrediente de baixa caloria, sol\u00favel em \u00e1gua, com excelente estabilidade, ideal para expandir aplica\u00e7\u00f5es na ind\u00fastria aliment\u00edcia.\" \/>\n<meta name=\"robots\" content=\"noindex, follow, max-snippet:-1, max-image-preview:large, max-video-preview:-1\" \/>\n<meta name=\"twitter:label1\" content=\"Est. tempo de leitura\" \/>\n\t<meta name=\"twitter:data1\" content=\"4 minutos\" \/>\n<script type=\"application\/ld+json\" class=\"yoast-schema-graph\">{\"@context\":\"https:\/\/schema.org\",\"@graph\":[{\"@type\":\"WebPage\",\"@id\":\"https:\/\/theo.niranbio.com\/pt-br\/dextrina-resistente.html\",\"url\":\"https:\/\/theo.niranbio.com\/pt-br\/dextrina-resistente.html\",\"name\":\"P\u00f3 De Dextrina Resistente Org\u00e2nica, E1400 A Granel | Niranbio Chemical\",\"isPartOf\":{\"@id\":\"https:\/\/theo.niranbio.com\/pt-br\/#website\"},\"primaryImageOfPage\":{\"@id\":\"https:\/\/theo.niranbio.com\/pt-br\/dextrina-resistente.html#primaryimage\"},\"image\":{\"@id\":\"https:\/\/theo.niranbio.com\/pt-br\/dextrina-resistente.html#primaryimage\"},\"thumbnailUrl\":\"https:\/\/theo.niranbio.com\/wp-content\/uploads\/2024\/06\/Resistant-Dextrin.webp\",\"datePublished\":\"2024-06-20T01:26:11+00:00\",\"dateModified\":\"2024-08-16T08:57:17+00:00\",\"description\":\"A dextrina resistente, um p\u00f3 branco com do\u00e7ura suave, \u00e9 um ingrediente de baixa caloria, sol\u00favel em \u00e1gua, com excelente estabilidade, ideal para expandir aplica\u00e7\u00f5es na ind\u00fastria aliment\u00edcia.\",\"breadcrumb\":{\"@id\":\"https:\/\/theo.niranbio.com\/pt-br\/dextrina-resistente.html#breadcrumb\"},\"inLanguage\":\"pt-BR\",\"potentialAction\":[{\"@type\":\"ReadAction\",\"target\":[\"https:\/\/theo.niranbio.com\/pt-br\/dextrina-resistente.html\"]}]},{\"@type\":\"ImageObject\",\"inLanguage\":\"pt-BR\",\"@id\":\"https:\/\/theo.niranbio.com\/pt-br\/dextrina-resistente.html#primaryimage\",\"url\":\"https:\/\/theo.niranbio.com\/wp-content\/uploads\/2024\/06\/Resistant-Dextrin.webp\",\"contentUrl\":\"https:\/\/theo.niranbio.com\/wp-content\/uploads\/2024\/06\/Resistant-Dextrin.webp\",\"width\":600,\"height\":600,\"caption\":\"Dextrina Resistente\"},{\"@type\":\"BreadcrumbList\",\"@id\":\"https:\/\/theo.niranbio.com\/pt-br\/dextrina-resistente.html#breadcrumb\",\"itemListElement\":[{\"@type\":\"ListItem\",\"position\":1,\"name\":\"Home\",\"item\":\"https:\/\/theo.niranbio.com\/pt-br\/\"},{\"@type\":\"ListItem\",\"position\":2,\"name\":\"Produtos\",\"item\":\"https:\/\/theo.niranbio.com\/pt-br\/produtos.html\"},{\"@type\":\"ListItem\",\"position\":3,\"name\":\"Ado\u00e7antes\",\"item\":\"https:\/\/theo.niranbio.com\/pt-br\/produto-adocante\/\"},{\"@type\":\"ListItem\",\"position\":4,\"name\":\"Dextrina resistente\"}]},{\"@type\":\"WebSite\",\"@id\":\"https:\/\/theo.niranbio.com\/pt-br\/#website\",\"url\":\"https:\/\/theo.niranbio.com\/pt-br\/\",\"name\":\"Niranbio Chemical\",\"description\":\"\",\"publisher\":{\"@id\":\"https:\/\/theo.niranbio.com\/pt-br\/#organization\"},\"potentialAction\":[{\"@type\":\"SearchAction\",\"target\":{\"@type\":\"EntryPoint\",\"urlTemplate\":\"https:\/\/theo.niranbio.com\/pt-br\/?s={search_term_string}\"},\"query-input\":{\"@type\":\"PropertyValueSpecification\",\"valueRequired\":true,\"valueName\":\"search_term_string\"}}],\"inLanguage\":\"pt-BR\"},{\"@type\":\"Organization\",\"@id\":\"https:\/\/theo.niranbio.com\/pt-br\/#organization\",\"name\":\"Niranbio Chemical\",\"url\":\"https:\/\/theo.niranbio.com\/pt-br\/\",\"logo\":{\"@type\":\"ImageObject\",\"inLanguage\":\"pt-BR\",\"@id\":\"https:\/\/theo.niranbio.com\/pt-br\/#\/schema\/logo\/image\/\",\"url\":\"https:\/\/theo.niranbio.com\/wp-content\/uploads\/2024\/06\/Niranbio.png\",\"contentUrl\":\"https:\/\/theo.niranbio.com\/wp-content\/uploads\/2024\/06\/Niranbio.png\",\"width\":270,\"height\":100,\"caption\":\"Niranbio Chemical\"},\"image\":{\"@id\":\"https:\/\/theo.niranbio.com\/pt-br\/#\/schema\/logo\/image\/\"}}]}<\/script>\n<!-- \/ Yoast SEO plugin. -->","yoast_head_json":{"title":"P\u00f3 De Dextrina Resistente Org\u00e2nica, E1400 A Granel | Niranbio Chemical","description":"A dextrina resistente, um p\u00f3 branco com do\u00e7ura suave, \u00e9 um ingrediente de baixa caloria, sol\u00favel em \u00e1gua, com excelente estabilidade, ideal para expandir aplica\u00e7\u00f5es na ind\u00fastria aliment\u00edcia.","robots":{"index":"noindex","follow":"follow","max-snippet":"max-snippet:-1","max-image-preview":"max-image-preview:large","max-video-preview":"max-video-preview:-1"},"twitter_misc":{"Est. tempo de leitura":"4 minutos"},"schema":{"@context":"https:\/\/schema.org","@graph":[{"@type":"WebPage","@id":"https:\/\/theo.niranbio.com\/pt-br\/dextrina-resistente.html","url":"https:\/\/theo.niranbio.com\/pt-br\/dextrina-resistente.html","name":"P\u00f3 De Dextrina Resistente Org\u00e2nica, E1400 A Granel | Niranbio Chemical","isPartOf":{"@id":"https:\/\/theo.niranbio.com\/pt-br\/#website"},"primaryImageOfPage":{"@id":"https:\/\/theo.niranbio.com\/pt-br\/dextrina-resistente.html#primaryimage"},"image":{"@id":"https:\/\/theo.niranbio.com\/pt-br\/dextrina-resistente.html#primaryimage"},"thumbnailUrl":"https:\/\/theo.niranbio.com\/wp-content\/uploads\/2024\/06\/Resistant-Dextrin.webp","datePublished":"2024-06-20T01:26:11+00:00","dateModified":"2024-08-16T08:57:17+00:00","description":"A dextrina resistente, um p\u00f3 branco com do\u00e7ura suave, \u00e9 um ingrediente de baixa caloria, sol\u00favel em \u00e1gua, com excelente estabilidade, ideal para expandir aplica\u00e7\u00f5es na ind\u00fastria aliment\u00edcia.","breadcrumb":{"@id":"https:\/\/theo.niranbio.com\/pt-br\/dextrina-resistente.html#breadcrumb"},"inLanguage":"pt-BR","potentialAction":[{"@type":"ReadAction","target":["https:\/\/theo.niranbio.com\/pt-br\/dextrina-resistente.html"]}]},{"@type":"ImageObject","inLanguage":"pt-BR","@id":"https:\/\/theo.niranbio.com\/pt-br\/dextrina-resistente.html#primaryimage","url":"https:\/\/theo.niranbio.com\/wp-content\/uploads\/2024\/06\/Resistant-Dextrin.webp","contentUrl":"https:\/\/theo.niranbio.com\/wp-content\/uploads\/2024\/06\/Resistant-Dextrin.webp","width":600,"height":600,"caption":"Dextrina Resistente"},{"@type":"BreadcrumbList","@id":"https:\/\/theo.niranbio.com\/pt-br\/dextrina-resistente.html#breadcrumb","itemListElement":[{"@type":"ListItem","position":1,"name":"Home","item":"https:\/\/theo.niranbio.com\/pt-br\/"},{"@type":"ListItem","position":2,"name":"Produtos","item":"https:\/\/theo.niranbio.com\/pt-br\/produtos.html"},{"@type":"ListItem","position":3,"name":"Ado\u00e7antes","item":"https:\/\/theo.niranbio.com\/pt-br\/produto-adocante\/"},{"@type":"ListItem","position":4,"name":"Dextrina resistente"}]},{"@type":"WebSite","@id":"https:\/\/theo.niranbio.com\/pt-br\/#website","url":"https:\/\/theo.niranbio.com\/pt-br\/","name":"Niranbio Chemical","description":"","publisher":{"@id":"https:\/\/theo.niranbio.com\/pt-br\/#organization"},"potentialAction":[{"@type":"SearchAction","target":{"@type":"EntryPoint","urlTemplate":"https:\/\/theo.niranbio.com\/pt-br\/?s={search_term_string}"},"query-input":{"@type":"PropertyValueSpecification","valueRequired":true,"valueName":"search_term_string"}}],"inLanguage":"pt-BR"},{"@type":"Organization","@id":"https:\/\/theo.niranbio.com\/pt-br\/#organization","name":"Niranbio Chemical","url":"https:\/\/theo.niranbio.com\/pt-br\/","logo":{"@type":"ImageObject","inLanguage":"pt-BR","@id":"https:\/\/theo.niranbio.com\/pt-br\/#\/schema\/logo\/image\/","url":"https:\/\/theo.niranbio.com\/wp-content\/uploads\/2024\/06\/Niranbio.png","contentUrl":"https:\/\/theo.niranbio.com\/wp-content\/uploads\/2024\/06\/Niranbio.png","width":270,"height":100,"caption":"Niranbio Chemical"},"image":{"@id":"https:\/\/theo.niranbio.com\/pt-br\/#\/schema\/logo\/image\/"}}]}},"_links":{"self":[{"href":"https:\/\/theo.niranbio.com\/pt-br\/wp-json\/wp\/v2\/product\/8446","targetHints":{"allow":["GET"]}}],"collection":[{"href":"https:\/\/theo.niranbio.com\/pt-br\/wp-json\/wp\/v2\/product"}],"about":[{"href":"https:\/\/theo.niranbio.com\/pt-br\/wp-json\/wp\/v2\/types\/product"}],"version-history":[{"count":0,"href":"https:\/\/theo.niranbio.com\/pt-br\/wp-json\/wp\/v2\/product\/8446\/revisions"}],"wp:featuredmedia":[{"embeddable":true,"href":"https:\/\/theo.niranbio.com\/pt-br\/wp-json\/wp\/v2\/media\/8034"}],"wp:attachment":[{"href":"https:\/\/theo.niranbio.com\/pt-br\/wp-json\/wp\/v2\/media?parent=8446"}],"wp:term":[{"taxonomy":"product_brand","embeddable":true,"href":"https:\/\/theo.niranbio.com\/pt-br\/wp-json\/wp\/v2\/product_brand?post=8446"},{"taxonomy":"product_cat","embeddable":true,"href":"https:\/\/theo.niranbio.com\/pt-br\/wp-json\/wp\/v2\/product_cat?post=8446"},{"taxonomy":"product_tag","embeddable":true,"href":"https:\/\/theo.niranbio.com\/pt-br\/wp-json\/wp\/v2\/product_tag?post=8446"}],"curies":[{"name":"wp","href":"https:\/\/api.w.org\/{rel}","templated":true}]}}