{"id":8440,"date":"2024-06-20T09:27:41","date_gmt":"2024-06-20T01:27:41","guid":{"rendered":"https:\/\/theo.niranbio.com\/d-xilose\/"},"modified":"2024-08-16T16:56:26","modified_gmt":"2024-08-16T08:56:26","slug":"d-xilose","status":"publish","type":"product","link":"https:\/\/theo.niranbio.com\/pt-br\/d-xilose.html","title":{"rendered":"D-Xilose"},"content":{"rendered":"<h2><span class=\"ez-toc-section\" id=\"O_que_e_D-Xilose\"><\/span>O que \u00e9 D-Xilose?<span class=\"ez-toc-section-end\"><\/span><\/h2>\n<p>A D-xilose \u00e9 uma pentose formada pela hidr\u00f3lise de plantas ricas em hemicelulose, como serragem, palha e espigas de milho. Ela aparece como cristais incolores a brancos ou p\u00f3 cristalino branco na superf\u00edcie, com um pequeno aroma \u00fanico e do\u00e7ura agrad\u00e1vel.<\/p>\n<p>Sua do\u00e7ura \u00e9 de cerca de 40% da sacarose e tem uma ampla gama de usos em alimentos, ra\u00e7\u00f5es, medicamentos e outras ind\u00fastrias. A produ\u00e7\u00e3o de D-xilose pode ser feita pela extra\u00e7\u00e3o de xilano de materiais vegetais, convertendo-o em D-xilose por hidr\u00f3lise \u00e1cida e, em seguida, passando pelas etapas de neutraliza\u00e7\u00e3o, filtra\u00e7\u00e3o, descolora\u00e7\u00e3o, dessaliniza\u00e7\u00e3o, concentra\u00e7\u00e3o, cristaliza\u00e7\u00e3o e secagem para finalmente obter um produto D-xilose de alta pureza.<\/p>\n<h2><span class=\"ez-toc-section\" id=\"Parametros_relacionados\"><\/span>Par\u00e2metros relacionados:<span class=\"ez-toc-section-end\"><\/span><\/h2>\n<table>\n<tbody>\n<tr>\n<td><strong>Itens<\/strong><\/td>\n<td><strong>Padr\u00f5es<\/strong><\/td>\n<\/tr>\n<tr>\n<td>Ensaio (base seca)<\/td>\n<td>98.0-102%-102.0%<\/td>\n<\/tr>\n<tr>\n<td>Perda na secagem,%<\/td>\n<td>\u22640.5<\/td>\n<\/tr>\n<tr>\n<td>Rota\u00e7\u00e3o \u00f3ptica espec\u00edfica,\u00b0<\/td>\n<td>18.5-19.5<\/td>\n<\/tr>\n<tr>\n<td>Metais pesados, mg\/kg<\/td>\n<td>\u22645<\/td>\n<\/tr>\n<tr>\n<td>Ars\u00eanico, mg\/kg<\/td>\n<td>\u22640.5<\/td>\n<\/tr>\n<tr>\n<td>Chumbo, mg\/kg<\/td>\n<td>\u22640.5<\/td>\n<\/tr>\n<tr>\n<td>Cloreto,%<\/td>\n<td>\u22640.005<\/td>\n<\/tr>\n<tr>\n<td>Sulfato,%<\/td>\n<td>\u22640.005<\/td>\n<\/tr>\n<tr>\n<td>Cinza sulfatada,%<\/td>\n<td>\u22640.05<\/td>\n<\/tr>\n<tr>\n<td>Ponto de fus\u00e3o, \u2103<\/td>\n<td>147-151<\/td>\n<\/tr>\n<tr>\n<td>pH em solu\u00e7\u00e3o aquosa<\/td>\n<td>5.0-7.0<\/td>\n<\/tr>\n<tr>\n<td>Contagem total de placas, CFU\/g<\/td>\n<td>\u2264100<\/td>\n<\/tr>\n<tr>\n<td>Coliformes, MPN\/g<\/td>\n<td>\u22643<\/td>\n<\/tr>\n<tr>\n<td>Levedura e bolor, CFU\/g<\/td>\n<td>\u2264100<\/td>\n<\/tr>\n<\/tbody>\n<\/table>\n<h2><span class=\"ez-toc-section\" id=\"Dosagem_recomendada\"><\/span>Dosagem recomendada:<span class=\"ez-toc-section-end\"><\/span><\/h2>\n<table>\n<tbody>\n<tr>\n<td><strong>Nome do alimento<\/strong><\/td>\n<td><strong>Uso m\u00e1ximo (g\/kg)<\/strong><\/td>\n<\/tr>\n<tr>\n<td>Bebidas carbonatadas<\/td>\n<td>3 g\/kg<\/td>\n<\/tr>\n<tr>\n<td>Bebidas de frutas<\/td>\n<td>3 g\/kg<\/td>\n<\/tr>\n<tr>\n<td>Iogurte<\/td>\n<td>2 g\/kg<\/td>\n<\/tr>\n<tr>\n<td>Leite<\/td>\n<td>2 g\/kg<\/td>\n<\/tr>\n<tr>\n<td>Bolo<\/td>\n<td>6 g\/kg<\/td>\n<\/tr>\n<tr>\n<td>Chocolate<\/td>\n<td>3 g\/kg<\/td>\n<\/tr>\n<tr>\n<td>Molho de soja<\/td>\n<td>2 g\/kg<\/td>\n<\/tr>\n<tr>\n<td>Vinagre<\/td>\n<td>2 g\/kg<\/td>\n<\/tr>\n<tr>\n<td>Ketchup<\/td>\n<td>3 g\/kg<\/td>\n<\/tr>\n<tr>\n<td>Presunto<\/td>\n<td>2 g\/kg<\/td>\n<\/tr>\n<tr>\n<td>Salsicha<\/td>\n<td>2 g\/kg<\/td>\n<\/tr>\n<tr>\n<td>Bacon<\/td>\n<td>2 g\/kg<\/td>\n<\/tr>\n<tr>\n<td>Alimento inchado<\/td>\n<td>3 g\/kg<\/td>\n<\/tr>\n<tr>\n<td>Nozes<\/td>\n<td>2 g\/kg<\/td>\n<\/tr>\n<tr>\n<td>Tempero para macarr\u00e3o instant\u00e2neo<\/td>\n<td>2 g\/kg<\/td>\n<\/tr>\n<tr>\n<td>Bebidas com bact\u00e9rias do \u00e1cido l\u00e1ctico<\/td>\n<td>3 g\/kg<\/td>\n<\/tr>\n<tr>\n<td>Bebidas l\u00e1cteas fermentadas<\/td>\n<td>3 g\/kg<\/td>\n<\/tr>\n<tr>\n<td>P\u00f3 para suco de frutas<\/td>\n<td>3 g\/kg<\/td>\n<\/tr>\n<tr>\n<td>Prote\u00edna em p\u00f3<\/td>\n<td>4 g\/kg<\/td>\n<\/tr>\n<\/tbody>\n<\/table>\n<h2><span class=\"ez-toc-section\" id=\"A_D-xilose_tem_uma_ampla_gama_de_usos\"><\/span>A D-xilose tem uma ampla gama de usos<span class=\"ez-toc-section-end\"><\/span><\/h2>\n<ol>\n<li>Usado para corrigir sabor, cor e real\u00e7ar aroma no processamento de carne e produtos de gr\u00e3os processados \u200b\u200btermicamente D-xilose \u00e9 um a\u00e7\u00facar redutor que \u00e9 bom para neutralizar amino\u00e1cidos em a\u00e7\u00facares para produzir a rea\u00e7\u00e3o de Maillard. Pode ser adicionado aos alimentos em qualquer propor\u00e7\u00e3o, conforme necess\u00e1rio. Uma pequena quantidade de xilose pode atingir o efeito de colorir e real\u00e7ar o aroma. Agora \u00e9 amplamente utilizado em produtos de pasta de peixe, alimentos assados, biscoitos, presunto, salsichas, bacon, produtos aqu\u00e1ticos, carne artificial e processamento de alimentos de carne. Ap\u00f3s adicionar uma pequena quantidade de xilose e aquecer, a cor, o sabor e o aroma dos produtos de carne podem ser melhorados, e o odor da carne tamb\u00e9m pode ser ajustado. Nesse sentido, a xilose tem um efeito melhor do que a glicose ou a sacarose.<\/li>\n<li>Produ\u00e7\u00e3o de sabores de carne e ra\u00e7\u00e3o para animais de estima\u00e7\u00e3o Os sabores de carne produzidos no pa\u00eds e no exterior usam principalmente extratos enzim\u00e1ticos de carne como material base e, em seguida, adicionam amino\u00e1cidos e a\u00e7\u00facares para aquecer e produzir a rea\u00e7\u00e3o de Maillard, que pode obter sabores naturais de carne realistas, incluindo sabor de gema de ovo, sabor de frutos do mar, etc. Atualmente, a propor\u00e7\u00e3o de xilose como mat\u00e9ria-prima em tais sabores usados \u200b\u200b\u00e9 relativamente grande.<\/li>\n<li>Ado\u00e7ante n\u00e3o cal\u00f3rico Adequado para pessoas obesas e aquelas com altos n\u00edveis de a\u00e7\u00facar. A D-xilose \u00e9 absorvida principalmente passivamente no espa\u00e7o vazio durante o metabolismo no corpo e 90% \u00e9 excretada do corpo sem causar diarreia, por isso \u00e9 um excelente ado\u00e7ante nutricional.<\/li>\n<li>A D-xilose \u00e9 uma subst\u00e2ncia muito compat\u00edvel com alimentos. Uma pequena quantidade de xilose adicionada aos alimentos pode ter resultados positivos.<\/li>\n<li>Usado para preparar xilitol.<\/li>\n<\/ol>\n<h2><span class=\"ez-toc-section\" id=\"O_usuario_fez_a_seguinte_pergunta\"><\/span>O usu\u00e1rio fez a seguinte pergunta:<span class=\"ez-toc-section-end\"><\/span><\/h2>\n<p>Pergunta: D-xilose e xilitol s\u00e3o a mesma coisa?<\/p>\n<p>Resposta: D-xilose \u00e9 um monossacar\u00eddeo pertencente \u00e0 classe aldose. \u00c9 redutor e pode participar da rea\u00e7\u00e3o de Maillard. Sua do\u00e7ura \u00e9 de cerca de 40% da sacarose. Tem uma do\u00e7ura menor e pode ser parcialmente absorvido e metabolizado pelo corpo humano. Tem um teor cal\u00f3rico menor e pode ser usado como um ado\u00e7ante funcional, uma mat\u00e9ria-prima para a rea\u00e7\u00e3o de Maillard, um excipiente farmac\u00eautico, um prebi\u00f3tico e uma mat\u00e9ria-prima para convers\u00e3o de biomassa.<\/p>\n<p>O xilitol \u00e9 um produto da redu\u00e7\u00e3o da D-xilose. Pertence \u00e0 classe do \u00e1lcool de a\u00e7\u00facar. Tem um sabor doce e uma do\u00e7ura pr\u00f3xima \u00e0 sacarose, cerca de 70% a 100% da sacarose. Tem um sabor fresco e n\u00e3o \u00e9 propenso \u00e0 c\u00e1rie dent\u00e1ria. N\u00e3o participa da rea\u00e7\u00e3o de Maillard e n\u00e3o \u00e9 completamente metabolizado pelo corpo humano. N\u00e3o altera os n\u00edveis de a\u00e7\u00facar no sangue e cont\u00e9m cerca de 60% de sacarose como calorias. \u00c9 adequado para diab\u00e9ticos e dietas de baixa caloria e \u00e9 amplamente utilizado em alimentos sem a\u00e7\u00facar, alimentos para diab\u00e9ticos, goma de mascar, pasta de dente, enxaguante bucal e medicamentos.<\/p>\n","protected":false},"excerpt":{"rendered":"<ul>\n<li>CAS: 58-86-6<\/li>\n<li>F\u00f3rmula qu\u00edmica: C<sub>5<\/sub>H<sub>10<\/sub>O<sub>5<\/sub><\/li>\n<li>Certifica\u00e7\u00f5es: KOSHER, ISO, HALAL, FSSC22000, BRC, etc.<\/li>\n<li>Padr\u00e3o: USP\/BP<\/li>\n<li>Quantidade m\u00ednima do pedido: 1000KG<\/li>\n<li>Prazo de validade: 2 anos<\/li>\n<\/ul>\n","protected":false},"featured_media":8441,"template":"","meta":{"site-sidebar-layout":"default","site-content-layout":"","ast-site-content-layout":"default","site-content-style":"default","site-sidebar-style":"default","ast-global-header-display":"","ast-banner-title-visibility":"","ast-main-header-display":"","ast-hfb-above-header-display":"","ast-hfb-below-header-display":"","ast-hfb-mobile-header-display":"","site-post-title":"","ast-breadcrumbs-content":"","ast-featured-img":"","footer-sml-layout":"","theme-transparent-header-meta":"default","adv-header-id-meta":"","stick-header-meta":"","header-above-stick-meta":"","header-main-stick-meta":"","header-below-stick-meta":"","astra-migrate-meta-layouts":"set","ast-page-background-enabled":"default","ast-page-background-meta":{"desktop":{"background-color":"var(--ast-global-color-4)","background-image":"","background-repeat":"repeat","background-position":"center center","background-size":"auto","background-attachment":"scroll","background-type":"","background-media":"","overlay-type":"","overlay-color":"","overlay-opacity":"","overlay-gradient":""},"tablet":{"background-color":"","background-image":"","background-repeat":"repeat","background-position":"center center","background-size":"auto","background-attachment":"scroll","background-type":"","background-media":"","overlay-type":"","overlay-color":"","overlay-opacity":"","overlay-gradient":""},"mobile":{"background-color":"","background-image":"","background-repeat":"repeat","background-position":"center center","background-size":"auto","background-attachment":"scroll","background-type":"","background-media":"","overlay-type":"","overlay-color":"","overlay-opacity":"","overlay-gradient":""}},"ast-content-background-meta":{"desktop":{"background-color":"var(--ast-global-color-5)","background-image":"","background-repeat":"repeat","background-position":"center center","background-size":"auto","background-attachment":"scroll","background-type":"","background-media":"","overlay-type":"","overlay-color":"","overlay-opacity":"","overlay-gradient":""},"tablet":{"background-color":"var(--ast-global-color-5)","background-image":"","background-repeat":"repeat","background-position":"center center","background-size":"auto","background-attachment":"scroll","background-type":"","background-media":"","overlay-type":"","overlay-color":"","overlay-opacity":"","overlay-gradient":""},"mobile":{"background-color":"var(--ast-global-color-5)","background-image":"","background-repeat":"repeat","background-position":"center center","background-size":"auto","background-attachment":"scroll","background-type":"","background-media":"","overlay-type":"","overlay-color":"","overlay-opacity":"","overlay-gradient":""}}},"product_brand":[],"product_cat":[77],"product_tag":[],"class_list":{"0":"post-8440","1":"product","2":"type-product","3":"status-publish","4":"has-post-thumbnail","6":"product_cat-produto-adocante","7":"desktop-align-center","8":"tablet-align-left","9":"mobile-align-left","11":"first","12":"instock","13":"shipping-taxable","14":"product-type-simple"},"yoast_head":"<!-- This site is optimized with the Yoast SEO plugin v26.5 - https:\/\/yoast.com\/wordpress\/plugins\/seo\/ -->\n<title>Fornecedor De P\u00f3 De D-Xilose, Pre\u00e7o Do Distribuidor De D-Xilose | Niranbio Chemical<\/title>\n<meta name=\"description\" content=\"A D-xilose, um p\u00f3 cristalino incolor a branco, tem 40% da do\u00e7ura da sacarose e \u00e9 usada em alimentos, ra\u00e7\u00f5es, medicamentos e outras ind\u00fastrias.\" \/>\n<meta name=\"robots\" content=\"noindex, follow, max-snippet:-1, max-image-preview:large, max-video-preview:-1\" \/>\n<meta name=\"twitter:label1\" content=\"Est. tempo de leitura\" \/>\n\t<meta name=\"twitter:data1\" content=\"4 minutos\" \/>\n<script type=\"application\/ld+json\" class=\"yoast-schema-graph\">{\"@context\":\"https:\/\/schema.org\",\"@graph\":[{\"@type\":\"WebPage\",\"@id\":\"https:\/\/theo.niranbio.com\/pt-br\/d-xilose.html\",\"url\":\"https:\/\/theo.niranbio.com\/pt-br\/d-xilose.html\",\"name\":\"Fornecedor De P\u00f3 De D-Xilose, Pre\u00e7o Do Distribuidor De D-Xilose | Niranbio Chemical\",\"isPartOf\":{\"@id\":\"https:\/\/theo.niranbio.com\/pt-br\/#website\"},\"primaryImageOfPage\":{\"@id\":\"https:\/\/theo.niranbio.com\/pt-br\/d-xilose.html#primaryimage\"},\"image\":{\"@id\":\"https:\/\/theo.niranbio.com\/pt-br\/d-xilose.html#primaryimage\"},\"thumbnailUrl\":\"https:\/\/theo.niranbio.com\/wp-content\/uploads\/2024\/06\/D-XYLOSE.webp\",\"datePublished\":\"2024-06-20T01:27:41+00:00\",\"dateModified\":\"2024-08-16T08:56:26+00:00\",\"description\":\"A D-xilose, um p\u00f3 cristalino incolor a branco, tem 40% da do\u00e7ura da sacarose e \u00e9 usada em alimentos, ra\u00e7\u00f5es, medicamentos e outras ind\u00fastrias.\",\"breadcrumb\":{\"@id\":\"https:\/\/theo.niranbio.com\/pt-br\/d-xilose.html#breadcrumb\"},\"inLanguage\":\"pt-BR\",\"potentialAction\":[{\"@type\":\"ReadAction\",\"target\":[\"https:\/\/theo.niranbio.com\/pt-br\/d-xilose.html\"]}]},{\"@type\":\"ImageObject\",\"inLanguage\":\"pt-BR\",\"@id\":\"https:\/\/theo.niranbio.com\/pt-br\/d-xilose.html#primaryimage\",\"url\":\"https:\/\/theo.niranbio.com\/wp-content\/uploads\/2024\/06\/D-XYLOSE.webp\",\"contentUrl\":\"https:\/\/theo.niranbio.com\/wp-content\/uploads\/2024\/06\/D-XYLOSE.webp\",\"width\":600,\"height\":600,\"caption\":\"D-XILOSE\"},{\"@type\":\"BreadcrumbList\",\"@id\":\"https:\/\/theo.niranbio.com\/pt-br\/d-xilose.html#breadcrumb\",\"itemListElement\":[{\"@type\":\"ListItem\",\"position\":1,\"name\":\"Home\",\"item\":\"https:\/\/theo.niranbio.com\/pt-br\/\"},{\"@type\":\"ListItem\",\"position\":2,\"name\":\"Produtos\",\"item\":\"https:\/\/theo.niranbio.com\/pt-br\/produtos.html\"},{\"@type\":\"ListItem\",\"position\":3,\"name\":\"Ado\u00e7antes\",\"item\":\"https:\/\/theo.niranbio.com\/pt-br\/produto-adocante\/\"},{\"@type\":\"ListItem\",\"position\":4,\"name\":\"D-Xilose\"}]},{\"@type\":\"WebSite\",\"@id\":\"https:\/\/theo.niranbio.com\/pt-br\/#website\",\"url\":\"https:\/\/theo.niranbio.com\/pt-br\/\",\"name\":\"Niranbio Chemical\",\"description\":\"\",\"publisher\":{\"@id\":\"https:\/\/theo.niranbio.com\/pt-br\/#organization\"},\"potentialAction\":[{\"@type\":\"SearchAction\",\"target\":{\"@type\":\"EntryPoint\",\"urlTemplate\":\"https:\/\/theo.niranbio.com\/pt-br\/?s={search_term_string}\"},\"query-input\":{\"@type\":\"PropertyValueSpecification\",\"valueRequired\":true,\"valueName\":\"search_term_string\"}}],\"inLanguage\":\"pt-BR\"},{\"@type\":\"Organization\",\"@id\":\"https:\/\/theo.niranbio.com\/pt-br\/#organization\",\"name\":\"Niranbio Chemical\",\"url\":\"https:\/\/theo.niranbio.com\/pt-br\/\",\"logo\":{\"@type\":\"ImageObject\",\"inLanguage\":\"pt-BR\",\"@id\":\"https:\/\/theo.niranbio.com\/pt-br\/#\/schema\/logo\/image\/\",\"url\":\"https:\/\/theo.niranbio.com\/wp-content\/uploads\/2024\/06\/Niranbio.png\",\"contentUrl\":\"https:\/\/theo.niranbio.com\/wp-content\/uploads\/2024\/06\/Niranbio.png\",\"width\":270,\"height\":100,\"caption\":\"Niranbio Chemical\"},\"image\":{\"@id\":\"https:\/\/theo.niranbio.com\/pt-br\/#\/schema\/logo\/image\/\"}}]}<\/script>\n<!-- \/ Yoast SEO plugin. -->","yoast_head_json":{"title":"Fornecedor De P\u00f3 De D-Xilose, Pre\u00e7o Do Distribuidor De D-Xilose | Niranbio Chemical","description":"A D-xilose, um p\u00f3 cristalino incolor a branco, tem 40% da do\u00e7ura da sacarose e \u00e9 usada em alimentos, ra\u00e7\u00f5es, medicamentos e outras ind\u00fastrias.","robots":{"index":"noindex","follow":"follow","max-snippet":"max-snippet:-1","max-image-preview":"max-image-preview:large","max-video-preview":"max-video-preview:-1"},"twitter_misc":{"Est. tempo de leitura":"4 minutos"},"schema":{"@context":"https:\/\/schema.org","@graph":[{"@type":"WebPage","@id":"https:\/\/theo.niranbio.com\/pt-br\/d-xilose.html","url":"https:\/\/theo.niranbio.com\/pt-br\/d-xilose.html","name":"Fornecedor De P\u00f3 De D-Xilose, Pre\u00e7o Do Distribuidor De D-Xilose | Niranbio Chemical","isPartOf":{"@id":"https:\/\/theo.niranbio.com\/pt-br\/#website"},"primaryImageOfPage":{"@id":"https:\/\/theo.niranbio.com\/pt-br\/d-xilose.html#primaryimage"},"image":{"@id":"https:\/\/theo.niranbio.com\/pt-br\/d-xilose.html#primaryimage"},"thumbnailUrl":"https:\/\/theo.niranbio.com\/wp-content\/uploads\/2024\/06\/D-XYLOSE.webp","datePublished":"2024-06-20T01:27:41+00:00","dateModified":"2024-08-16T08:56:26+00:00","description":"A D-xilose, um p\u00f3 cristalino incolor a branco, tem 40% da do\u00e7ura da sacarose e \u00e9 usada em alimentos, ra\u00e7\u00f5es, medicamentos e outras ind\u00fastrias.","breadcrumb":{"@id":"https:\/\/theo.niranbio.com\/pt-br\/d-xilose.html#breadcrumb"},"inLanguage":"pt-BR","potentialAction":[{"@type":"ReadAction","target":["https:\/\/theo.niranbio.com\/pt-br\/d-xilose.html"]}]},{"@type":"ImageObject","inLanguage":"pt-BR","@id":"https:\/\/theo.niranbio.com\/pt-br\/d-xilose.html#primaryimage","url":"https:\/\/theo.niranbio.com\/wp-content\/uploads\/2024\/06\/D-XYLOSE.webp","contentUrl":"https:\/\/theo.niranbio.com\/wp-content\/uploads\/2024\/06\/D-XYLOSE.webp","width":600,"height":600,"caption":"D-XILOSE"},{"@type":"BreadcrumbList","@id":"https:\/\/theo.niranbio.com\/pt-br\/d-xilose.html#breadcrumb","itemListElement":[{"@type":"ListItem","position":1,"name":"Home","item":"https:\/\/theo.niranbio.com\/pt-br\/"},{"@type":"ListItem","position":2,"name":"Produtos","item":"https:\/\/theo.niranbio.com\/pt-br\/produtos.html"},{"@type":"ListItem","position":3,"name":"Ado\u00e7antes","item":"https:\/\/theo.niranbio.com\/pt-br\/produto-adocante\/"},{"@type":"ListItem","position":4,"name":"D-Xilose"}]},{"@type":"WebSite","@id":"https:\/\/theo.niranbio.com\/pt-br\/#website","url":"https:\/\/theo.niranbio.com\/pt-br\/","name":"Niranbio Chemical","description":"","publisher":{"@id":"https:\/\/theo.niranbio.com\/pt-br\/#organization"},"potentialAction":[{"@type":"SearchAction","target":{"@type":"EntryPoint","urlTemplate":"https:\/\/theo.niranbio.com\/pt-br\/?s={search_term_string}"},"query-input":{"@type":"PropertyValueSpecification","valueRequired":true,"valueName":"search_term_string"}}],"inLanguage":"pt-BR"},{"@type":"Organization","@id":"https:\/\/theo.niranbio.com\/pt-br\/#organization","name":"Niranbio Chemical","url":"https:\/\/theo.niranbio.com\/pt-br\/","logo":{"@type":"ImageObject","inLanguage":"pt-BR","@id":"https:\/\/theo.niranbio.com\/pt-br\/#\/schema\/logo\/image\/","url":"https:\/\/theo.niranbio.com\/wp-content\/uploads\/2024\/06\/Niranbio.png","contentUrl":"https:\/\/theo.niranbio.com\/wp-content\/uploads\/2024\/06\/Niranbio.png","width":270,"height":100,"caption":"Niranbio Chemical"},"image":{"@id":"https:\/\/theo.niranbio.com\/pt-br\/#\/schema\/logo\/image\/"}}]}},"_links":{"self":[{"href":"https:\/\/theo.niranbio.com\/pt-br\/wp-json\/wp\/v2\/product\/8440","targetHints":{"allow":["GET"]}}],"collection":[{"href":"https:\/\/theo.niranbio.com\/pt-br\/wp-json\/wp\/v2\/product"}],"about":[{"href":"https:\/\/theo.niranbio.com\/pt-br\/wp-json\/wp\/v2\/types\/product"}],"version-history":[{"count":0,"href":"https:\/\/theo.niranbio.com\/pt-br\/wp-json\/wp\/v2\/product\/8440\/revisions"}],"wp:featuredmedia":[{"embeddable":true,"href":"https:\/\/theo.niranbio.com\/pt-br\/wp-json\/wp\/v2\/media\/8441"}],"wp:attachment":[{"href":"https:\/\/theo.niranbio.com\/pt-br\/wp-json\/wp\/v2\/media?parent=8440"}],"wp:term":[{"taxonomy":"product_brand","embeddable":true,"href":"https:\/\/theo.niranbio.com\/pt-br\/wp-json\/wp\/v2\/product_brand?post=8440"},{"taxonomy":"product_cat","embeddable":true,"href":"https:\/\/theo.niranbio.com\/pt-br\/wp-json\/wp\/v2\/product_cat?post=8440"},{"taxonomy":"product_tag","embeddable":true,"href":"https:\/\/theo.niranbio.com\/pt-br\/wp-json\/wp\/v2\/product_tag?post=8440"}],"curies":[{"name":"wp","href":"https:\/\/api.w.org\/{rel}","templated":true}]}}