{"id":8437,"date":"2024-06-20T09:28:35","date_gmt":"2024-06-20T01:28:35","guid":{"rendered":"https:\/\/theo.niranbio.com\/extrato-de-fruta-de-monge-grau-alimenticio\/"},"modified":"2024-08-16T16:53:28","modified_gmt":"2024-08-16T08:53:28","slug":"extrato-de-fruta-de-monge-grau-alimenticio","status":"publish","type":"product","link":"https:\/\/theo.niranbio.com\/pt-br\/extrato-de-fruta-de-monge-grau-alimenticio.html","title":{"rendered":"Extrato de fruta de monge &#8211; grau aliment\u00edcio"},"content":{"rendered":"<h2><span class=\"ez-toc-section\" id=\"O_que_e_o_Monk_Fruit_Extract\"><\/span>O que \u00e9 o Monk Fruit Extract?<span class=\"ez-toc-section-end\"><\/span><\/h2>\n<p>O extrato de fruta de monge \u00e9 um ado\u00e7ante natural que aparece como um p\u00f3 cristalino branco. Tem um sabor extremamente doce, 200-300 vezes mais doce que a sacarose. \u00c9 amplamente utilizado em bebidas, doces e outros neg\u00f3cios relacionados a alimentos. Ele se dissolve facilmente em etanol e \u00e1gua.<\/p>\n<p>O extrato de fruta de monge \u00e9 o fruto da fruta de monge colhida e limpa que \u00e9 esmagada e seca e, em seguida, extra\u00edda com \u00e1gua ou etanol. Depois que o extrato \u00e9 filtrado e concentrado, ele \u00e9 purificado por adsor\u00e7\u00e3o de resina e elui\u00e7\u00e3o para remover impurezas e concentrar os ingredientes ativos.<\/p>\n<p>O extrato purificado \u00e9 cristalizado e seco para fazer extrato de fruta de monge em p\u00f3. Finalmente, \u00e9 padronizado e rigorosamente testado quanto \u00e0 qualidade para garantir a pureza e consist\u00eancia de cada lote de produtos, e embalado e armazenado para manter a estabilidade e a seguran\u00e7a do produto.<\/p>\n<h2><span class=\"ez-toc-section\" id=\"Parametros_relacionados\"><\/span>Par\u00e2metros relacionados:<span class=\"ez-toc-section-end\"><\/span><\/h2>\n<table>\n<tbody>\n<tr>\n<td><strong>ITENS<\/strong><\/td>\n<td><strong>ESPECIFICA\u00c7\u00c3O<\/strong><\/td>\n<\/tr>\n<tr>\n<td>Teor de umidade<\/td>\n<td>\u2264 5.0%<\/td>\n<\/tr>\n<tr>\n<td>Cinza<\/td>\n<td>\u2264 2.0%<\/td>\n<\/tr>\n<tr>\n<td>Ars\u00eanico (As)<\/td>\n<td>\u2264 0,5ppm<\/td>\n<\/tr>\n<tr>\n<td>C\u00e1dmio (Cd)<\/td>\n<td>\u2264 0,5ppm<\/td>\n<\/tr>\n<tr>\n<td>Chumbo (Pb)<\/td>\n<td>\u2264 1ppm<\/td>\n<\/tr>\n<tr>\n<td>Merc\u00fario (Hg)<\/td>\n<td>\u2264 0,1 ppm<\/td>\n<\/tr>\n<tr>\n<td>Metais pesados<\/td>\n<td>\u2264 10ppm<\/td>\n<\/tr>\n<tr>\n<td>Res\u00edduos de Pesticidas<\/td>\n<td>Em conformidade com GB2763 e USP36<\/td>\n<\/tr>\n<tr>\n<td>Contagem total de placas<\/td>\n<td>\u2264 1000cfu\/g<\/td>\n<\/tr>\n<tr>\n<td>Levedura e mofo<\/td>\n<td>\u2264 100cfu\/g<\/td>\n<\/tr>\n<tr>\n<td>Coliformes<\/td>\n<td>\u226430MPN\/100g<\/td>\n<\/tr>\n<\/tbody>\n<\/table>\n<h2><span class=\"ez-toc-section\" id=\"Dosagem_recomendada%EF%BC%9A\"><\/span>Dosagem recomendada\uff1a<span class=\"ez-toc-section-end\"><\/span><\/h2>\n<table>\n<tbody>\n<tr>\n<td><strong>Nome do alimento<\/strong><\/td>\n<td><strong>Uso m\u00e1ximo (g\/kg)<\/strong><\/td>\n<\/tr>\n<tr>\n<td>Bebida carbonatada<\/td>\n<td>0,3 g\/kg<\/td>\n<\/tr>\n<tr>\n<td>Chocolate<\/td>\n<td>0,4 g\/kg<\/td>\n<\/tr>\n<tr>\n<td>Iogurte<\/td>\n<td>0,4 g\/kg<\/td>\n<\/tr>\n<tr>\n<td>Leite<\/td>\n<td>0,3 g\/kg<\/td>\n<\/tr>\n<tr>\n<td>Bebidas de frutas<\/td>\n<td>0,5 g\/kg<\/td>\n<\/tr>\n<tr>\n<td>P\u00e3o<\/td>\n<td>0,4 g\/kg<\/td>\n<\/tr>\n<tr>\n<td>Bolo<\/td>\n<td>0,5 g\/kg<\/td>\n<\/tr>\n<tr>\n<td>Molho de soja<\/td>\n<td>0,3 g\/kg<\/td>\n<\/tr>\n<tr>\n<td>Vinagre<\/td>\n<td>0,3 g\/kg<\/td>\n<\/tr>\n<tr>\n<td>Ketchup<\/td>\n<td>0,4 g\/kg<\/td>\n<\/tr>\n<tr>\n<td>Presunto<\/td>\n<td>0,4 g\/kg<\/td>\n<\/tr>\n<tr>\n<td>Salsicha<\/td>\n<td>0,4 g\/kg<\/td>\n<\/tr>\n<tr>\n<td>Bacon<\/td>\n<td>0,3 g\/kg<\/td>\n<\/tr>\n<tr>\n<td>Alimento inchado<\/td>\n<td>0,4 g\/kg<\/td>\n<\/tr>\n<tr>\n<td>Bebida de bact\u00e9rias l\u00e1cticas<\/td>\n<td>0,4 g\/kg<\/td>\n<\/tr>\n<tr>\n<td>Bebida l\u00e1ctea fermentada<\/td>\n<td>0,4 g\/kg<\/td>\n<\/tr>\n<\/tbody>\n<\/table>\n<h2><span class=\"ez-toc-section\" id=\"O_extrato_de_fruta_de_monge_tem_uma_ampla_gama_de_usos\"><\/span>O extrato de fruta de monge tem uma ampla gama de usos<span class=\"ez-toc-section-end\"><\/span><\/h2>\n<ol>\n<li>A ind\u00fastria m\u00e9dica usa o extrato de fruta-de-monge para muitos prop\u00f3sitos diferentes. O qi do pulm\u00e3o, a secura e o calor do pulm\u00e3o e o catarro pulmonar podem ser eliminados pelo p\u00f3 da fruta no extrato de fruta-de-monge. Tem um bom efeito sobre o vento-calor ex\u00f3geno, tosse, catarro e danos causados \u200b\u200bpelo frio ou calor pulmonar. Simultaneamente, a vitamina C \u00e9 abundante nos glicos\u00eddeos da fruta-de-monge encontrados no extrato da fruta-de-monge, e essa vitamina \u00e9 \u00fatil para perda de peso, redu\u00e7\u00e3o do a\u00e7\u00facar no sangue e lip\u00eddios no sangue e antienvelhecimento.<\/li>\n<li>Para real\u00e7ar o sabor e a acessibilidade, o extrato de fruta-de-monge tamb\u00e9m pode ser misturado com outros ado\u00e7antes. Por exemplo, combinar o extrato de fruta-de-monge com fibras alimentares funcionais, como a inulina, pode aumentar o sabor e apoiar a sa\u00fade digestiva. Adicionar componentes correspondentes ao extrato de fruta-de-monge pode melhorar ainda mais o sabor e \u00e9 uma \u00f3tima maneira de inclu\u00ed-lo em produtos assados.<\/li>\n<li>A ind\u00fastria de substitutos do a\u00e7\u00facar tamb\u00e9m usa extrato de fruta-de-monge. Em certos produtos, o extrato de fruta de monge \u00e9 usado no lugar do a\u00e7\u00facar, total ou parcialmente.<\/li>\n<li>Comparado com o a\u00e7\u00facar ou ado\u00e7antes mais comumente dispon\u00edveis no mercado, o extrato de fruta-de-monge \u00e9 mais doce do que a sacarose comum, que tem menos calorias e \u00e9 uma boa escolha para substituto do a\u00e7\u00facar.<\/li>\n<\/ol>\n<h2><span class=\"ez-toc-section\" id=\"O_usuario_fez_a_seguinte_pergunta\"><\/span>O usu\u00e1rio fez a seguinte pergunta:<span class=\"ez-toc-section-end\"><\/span><\/h2>\n<ol>\n<li>Os extratos de fruta-de-monge geralmente t\u00eam um sabor mais limpo e mais parecido com a\u00e7\u00facar do que a est\u00e9via, com menos amargor e gosto residual, enquanto a est\u00e9via geralmente tem um gosto amargo ou de alca\u00e7uz distinto que algumas pessoas acham desagrad\u00e1vel.<\/li>\n<li>A do\u00e7ura dos extratos de fruta-de-monge vem dos mogros\u00eddeos, que podem ser 200-300 vezes mais doces do que o a\u00e7\u00facar, mas com uma do\u00e7ura mais equilibrada, enquanto os estevios\u00eddeos e glicos\u00eddeos de esteviol podem ser 200-400 vezes mais doces do que o a\u00e7\u00facar, mas \u00e0s vezes s\u00e3o considerados muito fortes ou picantes.<\/li>\n<li>Tanto os extratos de fruta de monge quanto a est\u00e9via t\u00eam \u00edndice glic\u00eamico zero, o que os torna adequados para diab\u00e9ticos. No entanto, os extratos de fruta de monge s\u00e3o geralmente considerados mais est\u00e1veis em termos de manter suas propriedades doces sem afetar os n\u00edveis de a\u00e7\u00facar no sangue.<\/li>\n<li>Os extratos de fruta-de-monge s\u00e3o mais resistentes ao calor e amplamente utilizados em diversas aplica\u00e7\u00f5es culin\u00e1rias e de panifica\u00e7\u00e3o, sem alterar significativamente o sabor, enquanto a est\u00e9via \u00e0s vezes se decomp\u00f5e ou fica amarga em altas temperaturas, limitando seu uso em certas receitas.<\/li>\n<\/ol>\n","protected":false},"excerpt":{"rendered":"<ul>\n<li>CAS: 88901-36-4<\/li>\n<li>F\u00f3rmula qu\u00edmica:C<sub>60<\/sub>H<sub>102<\/sub>O<sub>29<\/sub><\/li>\n<li>Certifica\u00e7\u00f5es: KOSHER, ISO, HALAL, FSSC22000, BRC, etc.<\/li>\n<li>Padr\u00e3o: USP 36<\/li>\n<li>Quantidade m\u00ednima do pedido: 1000KG<\/li>\n<li>Prazo de validade: 2 anos<\/li>\n<\/ul>\n","protected":false},"featured_media":8044,"template":"","meta":{"site-sidebar-layout":"default","site-content-layout":"","ast-site-content-layout":"default","site-content-style":"default","site-sidebar-style":"default","ast-global-header-display":"","ast-banner-title-visibility":"","ast-main-header-display":"","ast-hfb-above-header-display":"","ast-hfb-below-header-display":"","ast-hfb-mobile-header-display":"","site-post-title":"","ast-breadcrumbs-content":"","ast-featured-img":"","footer-sml-layout":"","theme-transparent-header-meta":"default","adv-header-id-meta":"","stick-header-meta":"","header-above-stick-meta":"","header-main-stick-meta":"","header-below-stick-meta":"","astra-migrate-meta-layouts":"set","ast-page-background-enabled":"default","ast-page-background-meta":{"desktop":{"background-color":"var(--ast-global-color-4)","background-image":"","background-repeat":"repeat","background-position":"center center","background-size":"auto","background-attachment":"scroll","background-type":"","background-media":"","overlay-type":"","overlay-color":"","overlay-opacity":"","overlay-gradient":""},"tablet":{"background-color":"","background-image":"","background-repeat":"repeat","background-position":"center center","background-size":"auto","background-attachment":"scroll","background-type":"","background-media":"","overlay-type":"","overlay-color":"","overlay-opacity":"","overlay-gradient":""},"mobile":{"background-color":"","background-image":"","background-repeat":"repeat","background-position":"center center","background-size":"auto","background-attachment":"scroll","background-type":"","background-media":"","overlay-type":"","overlay-color":"","overlay-opacity":"","overlay-gradient":""}},"ast-content-background-meta":{"desktop":{"background-color":"var(--ast-global-color-5)","background-image":"","background-repeat":"repeat","background-position":"center center","background-size":"auto","background-attachment":"scroll","background-type":"","background-media":"","overlay-type":"","overlay-color":"","overlay-opacity":"","overlay-gradient":""},"tablet":{"background-color":"var(--ast-global-color-5)","background-image":"","background-repeat":"repeat","background-position":"center center","background-size":"auto","background-attachment":"scroll","background-type":"","background-media":"","overlay-type":"","overlay-color":"","overlay-opacity":"","overlay-gradient":""},"mobile":{"background-color":"var(--ast-global-color-5)","background-image":"","background-repeat":"repeat","background-position":"center center","background-size":"auto","background-attachment":"scroll","background-type":"","background-media":"","overlay-type":"","overlay-color":"","overlay-opacity":"","overlay-gradient":""}}},"product_brand":[],"product_cat":[77],"product_tag":[],"class_list":{"0":"post-8437","1":"product","2":"type-product","3":"status-publish","4":"has-post-thumbnail","6":"product_cat-produto-adocante","7":"desktop-align-center","8":"tablet-align-left","9":"mobile-align-left","11":"first","12":"instock","13":"shipping-taxable","14":"product-type-simple"},"yoast_head":"<!-- This site is optimized with the Yoast SEO plugin v26.5 - https:\/\/yoast.com\/wordpress\/plugins\/seo\/ -->\n<title>Fornecedor De P\u00f3 De Extrato De Fruta De Monge A Granel, Pre\u00e7o De Extrato De Fruta De Monge No Atacado | Niranbio Chemical<\/title>\n<meta name=\"description\" content=\"O extrato de fruta de monge, um p\u00f3 cristalino branco, \u00e9 200-300 vezes mais doce que a sacarose e amplamente utilizado em bebidas, doces e ind\u00fastrias aliment\u00edcias.\" \/>\n<meta name=\"robots\" content=\"noindex, follow, max-snippet:-1, max-image-preview:large, max-video-preview:-1\" \/>\n<meta name=\"twitter:label1\" content=\"Est. tempo de leitura\" \/>\n\t<meta name=\"twitter:data1\" content=\"4 minutos\" \/>\n<script type=\"application\/ld+json\" class=\"yoast-schema-graph\">{\"@context\":\"https:\/\/schema.org\",\"@graph\":[{\"@type\":\"WebPage\",\"@id\":\"https:\/\/theo.niranbio.com\/pt-br\/extrato-de-fruta-de-monge-grau-alimenticio.html\",\"url\":\"https:\/\/theo.niranbio.com\/pt-br\/extrato-de-fruta-de-monge-grau-alimenticio.html\",\"name\":\"Fornecedor De P\u00f3 De Extrato De Fruta De Monge A Granel, Pre\u00e7o De Extrato De Fruta De Monge No Atacado | Niranbio Chemical\",\"isPartOf\":{\"@id\":\"https:\/\/theo.niranbio.com\/pt-br\/#website\"},\"primaryImageOfPage\":{\"@id\":\"https:\/\/theo.niranbio.com\/pt-br\/extrato-de-fruta-de-monge-grau-alimenticio.html#primaryimage\"},\"image\":{\"@id\":\"https:\/\/theo.niranbio.com\/pt-br\/extrato-de-fruta-de-monge-grau-alimenticio.html#primaryimage\"},\"thumbnailUrl\":\"https:\/\/theo.niranbio.com\/wp-content\/uploads\/2024\/06\/Monk-Fruit-Extract.webp\",\"datePublished\":\"2024-06-20T01:28:35+00:00\",\"dateModified\":\"2024-08-16T08:53:28+00:00\",\"description\":\"O extrato de fruta de monge, um p\u00f3 cristalino branco, \u00e9 200-300 vezes mais doce que a sacarose e amplamente utilizado em bebidas, doces e ind\u00fastrias aliment\u00edcias.\",\"breadcrumb\":{\"@id\":\"https:\/\/theo.niranbio.com\/pt-br\/extrato-de-fruta-de-monge-grau-alimenticio.html#breadcrumb\"},\"inLanguage\":\"pt-BR\",\"potentialAction\":[{\"@type\":\"ReadAction\",\"target\":[\"https:\/\/theo.niranbio.com\/pt-br\/extrato-de-fruta-de-monge-grau-alimenticio.html\"]}]},{\"@type\":\"ImageObject\",\"inLanguage\":\"pt-BR\",\"@id\":\"https:\/\/theo.niranbio.com\/pt-br\/extrato-de-fruta-de-monge-grau-alimenticio.html#primaryimage\",\"url\":\"https:\/\/theo.niranbio.com\/wp-content\/uploads\/2024\/06\/Monk-Fruit-Extract.webp\",\"contentUrl\":\"https:\/\/theo.niranbio.com\/wp-content\/uploads\/2024\/06\/Monk-Fruit-Extract.webp\",\"width\":600,\"height\":600,\"caption\":\"Extrato de fruta de monge\"},{\"@type\":\"BreadcrumbList\",\"@id\":\"https:\/\/theo.niranbio.com\/pt-br\/extrato-de-fruta-de-monge-grau-alimenticio.html#breadcrumb\",\"itemListElement\":[{\"@type\":\"ListItem\",\"position\":1,\"name\":\"Home\",\"item\":\"https:\/\/theo.niranbio.com\/pt-br\/\"},{\"@type\":\"ListItem\",\"position\":2,\"name\":\"Produtos\",\"item\":\"https:\/\/theo.niranbio.com\/pt-br\/produtos.html\"},{\"@type\":\"ListItem\",\"position\":3,\"name\":\"Ado\u00e7antes\",\"item\":\"https:\/\/theo.niranbio.com\/pt-br\/produto-adocante\/\"},{\"@type\":\"ListItem\",\"position\":4,\"name\":\"Extrato de fruta de monge &#8211; grau aliment\u00edcio\"}]},{\"@type\":\"WebSite\",\"@id\":\"https:\/\/theo.niranbio.com\/pt-br\/#website\",\"url\":\"https:\/\/theo.niranbio.com\/pt-br\/\",\"name\":\"Niranbio Chemical\",\"description\":\"\",\"publisher\":{\"@id\":\"https:\/\/theo.niranbio.com\/pt-br\/#organization\"},\"potentialAction\":[{\"@type\":\"SearchAction\",\"target\":{\"@type\":\"EntryPoint\",\"urlTemplate\":\"https:\/\/theo.niranbio.com\/pt-br\/?s={search_term_string}\"},\"query-input\":{\"@type\":\"PropertyValueSpecification\",\"valueRequired\":true,\"valueName\":\"search_term_string\"}}],\"inLanguage\":\"pt-BR\"},{\"@type\":\"Organization\",\"@id\":\"https:\/\/theo.niranbio.com\/pt-br\/#organization\",\"name\":\"Niranbio Chemical\",\"url\":\"https:\/\/theo.niranbio.com\/pt-br\/\",\"logo\":{\"@type\":\"ImageObject\",\"inLanguage\":\"pt-BR\",\"@id\":\"https:\/\/theo.niranbio.com\/pt-br\/#\/schema\/logo\/image\/\",\"url\":\"https:\/\/theo.niranbio.com\/wp-content\/uploads\/2024\/06\/Niranbio.png\",\"contentUrl\":\"https:\/\/theo.niranbio.com\/wp-content\/uploads\/2024\/06\/Niranbio.png\",\"width\":270,\"height\":100,\"caption\":\"Niranbio Chemical\"},\"image\":{\"@id\":\"https:\/\/theo.niranbio.com\/pt-br\/#\/schema\/logo\/image\/\"}}]}<\/script>\n<!-- \/ Yoast SEO plugin. -->","yoast_head_json":{"title":"Fornecedor De P\u00f3 De Extrato De Fruta De Monge A Granel, Pre\u00e7o De Extrato De Fruta De Monge No Atacado | Niranbio Chemical","description":"O extrato de fruta de monge, um p\u00f3 cristalino branco, \u00e9 200-300 vezes mais doce que a sacarose e amplamente utilizado em bebidas, doces e ind\u00fastrias aliment\u00edcias.","robots":{"index":"noindex","follow":"follow","max-snippet":"max-snippet:-1","max-image-preview":"max-image-preview:large","max-video-preview":"max-video-preview:-1"},"twitter_misc":{"Est. tempo de leitura":"4 minutos"},"schema":{"@context":"https:\/\/schema.org","@graph":[{"@type":"WebPage","@id":"https:\/\/theo.niranbio.com\/pt-br\/extrato-de-fruta-de-monge-grau-alimenticio.html","url":"https:\/\/theo.niranbio.com\/pt-br\/extrato-de-fruta-de-monge-grau-alimenticio.html","name":"Fornecedor De P\u00f3 De Extrato De Fruta De Monge A Granel, Pre\u00e7o De Extrato De Fruta De Monge No Atacado | Niranbio Chemical","isPartOf":{"@id":"https:\/\/theo.niranbio.com\/pt-br\/#website"},"primaryImageOfPage":{"@id":"https:\/\/theo.niranbio.com\/pt-br\/extrato-de-fruta-de-monge-grau-alimenticio.html#primaryimage"},"image":{"@id":"https:\/\/theo.niranbio.com\/pt-br\/extrato-de-fruta-de-monge-grau-alimenticio.html#primaryimage"},"thumbnailUrl":"https:\/\/theo.niranbio.com\/wp-content\/uploads\/2024\/06\/Monk-Fruit-Extract.webp","datePublished":"2024-06-20T01:28:35+00:00","dateModified":"2024-08-16T08:53:28+00:00","description":"O extrato de fruta de monge, um p\u00f3 cristalino branco, \u00e9 200-300 vezes mais doce que a sacarose e amplamente utilizado em bebidas, doces e ind\u00fastrias aliment\u00edcias.","breadcrumb":{"@id":"https:\/\/theo.niranbio.com\/pt-br\/extrato-de-fruta-de-monge-grau-alimenticio.html#breadcrumb"},"inLanguage":"pt-BR","potentialAction":[{"@type":"ReadAction","target":["https:\/\/theo.niranbio.com\/pt-br\/extrato-de-fruta-de-monge-grau-alimenticio.html"]}]},{"@type":"ImageObject","inLanguage":"pt-BR","@id":"https:\/\/theo.niranbio.com\/pt-br\/extrato-de-fruta-de-monge-grau-alimenticio.html#primaryimage","url":"https:\/\/theo.niranbio.com\/wp-content\/uploads\/2024\/06\/Monk-Fruit-Extract.webp","contentUrl":"https:\/\/theo.niranbio.com\/wp-content\/uploads\/2024\/06\/Monk-Fruit-Extract.webp","width":600,"height":600,"caption":"Extrato de fruta de monge"},{"@type":"BreadcrumbList","@id":"https:\/\/theo.niranbio.com\/pt-br\/extrato-de-fruta-de-monge-grau-alimenticio.html#breadcrumb","itemListElement":[{"@type":"ListItem","position":1,"name":"Home","item":"https:\/\/theo.niranbio.com\/pt-br\/"},{"@type":"ListItem","position":2,"name":"Produtos","item":"https:\/\/theo.niranbio.com\/pt-br\/produtos.html"},{"@type":"ListItem","position":3,"name":"Ado\u00e7antes","item":"https:\/\/theo.niranbio.com\/pt-br\/produto-adocante\/"},{"@type":"ListItem","position":4,"name":"Extrato de fruta de monge &#8211; grau aliment\u00edcio"}]},{"@type":"WebSite","@id":"https:\/\/theo.niranbio.com\/pt-br\/#website","url":"https:\/\/theo.niranbio.com\/pt-br\/","name":"Niranbio Chemical","description":"","publisher":{"@id":"https:\/\/theo.niranbio.com\/pt-br\/#organization"},"potentialAction":[{"@type":"SearchAction","target":{"@type":"EntryPoint","urlTemplate":"https:\/\/theo.niranbio.com\/pt-br\/?s={search_term_string}"},"query-input":{"@type":"PropertyValueSpecification","valueRequired":true,"valueName":"search_term_string"}}],"inLanguage":"pt-BR"},{"@type":"Organization","@id":"https:\/\/theo.niranbio.com\/pt-br\/#organization","name":"Niranbio Chemical","url":"https:\/\/theo.niranbio.com\/pt-br\/","logo":{"@type":"ImageObject","inLanguage":"pt-BR","@id":"https:\/\/theo.niranbio.com\/pt-br\/#\/schema\/logo\/image\/","url":"https:\/\/theo.niranbio.com\/wp-content\/uploads\/2024\/06\/Niranbio.png","contentUrl":"https:\/\/theo.niranbio.com\/wp-content\/uploads\/2024\/06\/Niranbio.png","width":270,"height":100,"caption":"Niranbio Chemical"},"image":{"@id":"https:\/\/theo.niranbio.com\/pt-br\/#\/schema\/logo\/image\/"}}]}},"_links":{"self":[{"href":"https:\/\/theo.niranbio.com\/pt-br\/wp-json\/wp\/v2\/product\/8437","targetHints":{"allow":["GET"]}}],"collection":[{"href":"https:\/\/theo.niranbio.com\/pt-br\/wp-json\/wp\/v2\/product"}],"about":[{"href":"https:\/\/theo.niranbio.com\/pt-br\/wp-json\/wp\/v2\/types\/product"}],"version-history":[{"count":0,"href":"https:\/\/theo.niranbio.com\/pt-br\/wp-json\/wp\/v2\/product\/8437\/revisions"}],"wp:featuredmedia":[{"embeddable":true,"href":"https:\/\/theo.niranbio.com\/pt-br\/wp-json\/wp\/v2\/media\/8044"}],"wp:attachment":[{"href":"https:\/\/theo.niranbio.com\/pt-br\/wp-json\/wp\/v2\/media?parent=8437"}],"wp:term":[{"taxonomy":"product_brand","embeddable":true,"href":"https:\/\/theo.niranbio.com\/pt-br\/wp-json\/wp\/v2\/product_brand?post=8437"},{"taxonomy":"product_cat","embeddable":true,"href":"https:\/\/theo.niranbio.com\/pt-br\/wp-json\/wp\/v2\/product_cat?post=8437"},{"taxonomy":"product_tag","embeddable":true,"href":"https:\/\/theo.niranbio.com\/pt-br\/wp-json\/wp\/v2\/product_tag?post=8437"}],"curies":[{"name":"wp","href":"https:\/\/api.w.org\/{rel}","templated":true}]}}