{"id":8435,"date":"2024-06-20T09:18:28","date_gmt":"2024-06-20T01:18:28","guid":{"rendered":"https:\/\/theo.niranbio.com\/sucralose-de-grau-alimenticio\/"},"modified":"2024-08-19T09:34:10","modified_gmt":"2024-08-19T01:34:10","slug":"sucralose-de-grau-alimenticio","status":"publish","type":"product","link":"https:\/\/theo.niranbio.com\/pt-br\/sucralose-de-grau-alimenticio.html","title":{"rendered":"Sucralose-Food Grade"},"content":{"rendered":"<h2><span class=\"ez-toc-section\" id=\"O_que_e_sucralose\"><\/span>O que \u00e9 sucralose?<span class=\"ez-toc-section-end\"><\/span><\/h2>\n<p>A sucralose \u00e9 o \u00fanico ado\u00e7ante funcional de alta intensidade feito de sacarose. Parece um p\u00f3 cristalino branco, tem alta estabilidade e \u00e9 extremamente resistente ao calor, luz e acidez. Dissolve-se facilmente em etanol, metanol e \u00e1gua. \u00c9 amplamente utilizado em alimentos, medicamentos, ind\u00fastria qu\u00edmica e outras ind\u00fastrias. Os principais m\u00e9todos para produzir sucralose na China incluem clora\u00e7\u00e3o tradicional, clora\u00e7\u00e3o seletiva, s\u00edntese enzim\u00e1tica e qu\u00edmica verde.<\/p>\n<p>O m\u00e9todo de clora\u00e7\u00e3o tradicional usa reagentes de clora\u00e7\u00e3o para clorar a sacarose. A opera\u00e7\u00e3o \u00e9 simples, mas h\u00e1 muitos subprodutos e o processo de purifica\u00e7\u00e3o \u00e9 complicado. O m\u00e9todo de clora\u00e7\u00e3o seletiva protege os grupos hidroxila que n\u00e3o precisam ser clorados e clora seletivamente os grupos hidroxila alvo. Ele tem poucos subprodutos e alta pureza do produto. \u00c9 o m\u00e9todo mainstream atual. A produ\u00e7\u00e3o em larga escala produz bons benef\u00edcios econ\u00f4micos, apesar do alto custo.<\/p>\n<p>A s\u00edntese enzim\u00e1tica usa a a\u00e7\u00e3o catal\u00edtica de enzimas para converter sacarose em sucralose. Ele tem as vantagens da prote\u00e7\u00e3o ambiental verde e condi\u00e7\u00f5es de rea\u00e7\u00e3o suaves, mas \u00e9 menos usado em aplica\u00e7\u00f5es industriais devido ao alto custo das enzimas. O m\u00e9todo da qu\u00edmica verde usa reagentes ecologicamente corretos e otimiza as condi\u00e7\u00f5es de rea\u00e7\u00e3o para reduzir a polui\u00e7\u00e3o ambiental e melhorar a efici\u00eancia da produ\u00e7\u00e3o, mas a tecnologia ainda est\u00e1 em est\u00e1gio de pesquisa e desenvolvimento e tem aplica\u00e7\u00f5es industriais limitadas. Em resumo, o m\u00e9todo de clora\u00e7\u00e3o seletiva se tornou o principal m\u00e9todo para a produ\u00e7\u00e3o dom\u00e9stica de sucralose devido \u00e0 sua alta qualidade de produto e custos de produ\u00e7\u00e3o relativamente control\u00e1veis.<\/p>\n<h2><span class=\"ez-toc-section\" id=\"Parametros_relacionados\"><\/span>Par\u00e2metros relacionados:<span class=\"ez-toc-section-end\"><\/span><\/h2>\n<table>\n<tbody>\n<tr>\n<td><strong>Itens<\/strong><\/td>\n<td><strong>Padr\u00f5es<\/strong><\/td>\n<\/tr>\n<tr>\n<td>PH<\/td>\n<td>5.0~7.0<\/td>\n<\/tr>\n<tr>\n<td>Rota\u00e7\u00e3o espec\u00edfica[a]D20<\/td>\n<td>+84.00~ +87.50<\/td>\n<\/tr>\n<tr>\n<td>Metanol<\/td>\n<td>M\u00e1ximo de 0,1%<\/td>\n<\/tr>\n<tr>\n<td>Ensaio (em base seca)<\/td>\n<td>98.0~102%~102.0%<\/td>\n<\/tr>\n<tr>\n<td>\u00c1gua<\/td>\n<td>M\u00e1ximo de 2%<\/td>\n<\/tr>\n<tr>\n<td>Res\u00edduo na igni\u00e7\u00e3o<\/td>\n<td>M\u00e1ximo de 0,7%<\/td>\n<\/tr>\n<tr>\n<td>Subst\u00e2ncias relacionadas<\/td>\n<td>M\u00e1ximo de 0,5%<\/td>\n<\/tr>\n<tr>\n<td>\u00d3xido de trifenilfosfina<\/td>\n<td>M\u00e1ximo de 150 ppm<\/td>\n<\/tr>\n<tr>\n<td>Produtos de hidr\u00f3lise<\/td>\n<td>M\u00e1ximo de 0,1%<\/td>\n<\/tr>\n<tr>\n<td>Metais pesados (como Pb)<\/td>\n<td>M\u00e1ximo de 10 ppm<\/td>\n<\/tr>\n<tr>\n<td>Ars\u00eanico (como As)<\/td>\n<td>M\u00e1ximo de 3 ppm<\/td>\n<\/tr>\n<tr>\n<td>Chumbo<\/td>\n<td>M\u00e1ximo de 1 ppm<\/td>\n<\/tr>\n<tr>\n<td>Leveduras e bolores<\/td>\n<td>M\u00e1ximo de 50cfu\/g<\/td>\n<\/tr>\n<tr>\n<td>E. Coli<\/td>\n<td>Negativo<\/td>\n<\/tr>\n<tr>\n<td>Salmonela<\/td>\n<td>Negativo<\/td>\n<\/tr>\n<\/tbody>\n<\/table>\n<h2><span class=\"ez-toc-section\" id=\"Dosagem_recomendada\"><\/span>Dosagem recomendada<span class=\"ez-toc-section-end\"><\/span><\/h2>\n<table>\n<tbody>\n<tr>\n<td><strong>Nome do alimento<\/strong><\/td>\n<td><strong>Uso m\u00e1ximo (g\/kg)<\/strong><\/td>\n<\/tr>\n<tr>\n<td>Bebidas carbonatadas<\/td>\n<td>0,6 g\/kg<\/td>\n<\/tr>\n<tr>\n<td>Bebidas de frutas<\/td>\n<td>0,5 g\/kg<\/td>\n<\/tr>\n<tr>\n<td>Bebidas l\u00e1cteas<\/td>\n<td>Bebidas l\u00e1cteas<\/td>\n<\/tr>\n<tr>\n<td>Iogurte<\/td>\n<td>0,5 g\/kg<\/td>\n<\/tr>\n<tr>\n<td>Doces<\/td>\n<td>0,8 g\/kg<\/td>\n<\/tr>\n<tr>\n<td>Chocolate<\/td>\n<td>0,5 g\/kg<\/td>\n<\/tr>\n<tr>\n<td>Bolo<\/td>\n<td>0,4 g\/kg<\/td>\n<\/tr>\n<tr>\n<td>Geleia<\/td>\n<td>0,6 g\/kg<\/td>\n<\/tr>\n<tr>\n<td>Molho para salada<\/td>\n<td>0,4 g\/kg<\/td>\n<\/tr>\n<tr>\n<td>Molho de soja<\/td>\n<td>0,3 g\/kg<\/td>\n<\/tr>\n<tr>\n<td>Molho de tempero<\/td>\n<td>0,5 g\/kg<\/td>\n<\/tr>\n<tr>\n<td>Alimentos em conserva<\/td>\n<td>0,3 g\/kg<\/td>\n<\/tr>\n<tr>\n<td>Alimentos enlatados<\/td>\n<td>0,4 g\/kg<\/td>\n<\/tr>\n<tr>\n<td>P\u00e3o<\/td>\n<td>0,4 g\/kg<\/td>\n<\/tr>\n<\/tbody>\n<\/table>\n<h2><span class=\"ez-toc-section\" id=\"A_sucralose_tem_uma_ampla_gama_de_usos\"><\/span>A sucralose tem uma ampla gama de usos<span class=\"ez-toc-section-end\"><\/span><\/h2>\n<p>A sucralose tem uma ampla gama de usos A sucralose \u00e9 um ado\u00e7ante de alta intensidade amplamente usado em v\u00e1rias ind\u00fastrias. A seguir est\u00e3o suas aplica\u00e7\u00f5es espec\u00edficas nas ind\u00fastrias aliment\u00edcia, qu\u00edmica, cosm\u00e9tica e outras:<\/p>\n<ol>\n<li>Ind\u00fastria aliment\u00edcia A sucralose \u00e9 amplamente utilizada em v\u00e1rias bebidas e alimentos na ind\u00fastria aliment\u00edcia. \u00c9 comumente usada em bebidas carbonatadas, sucos, bebidas de ch\u00e1 e latic\u00ednios para fornecer do\u00e7ura sem adicionar calorias, atendendo \u00e0 demanda dos consumidores por alimentos com baixo teor de a\u00e7\u00facar e calorias. Em produtos assados, a sucralose \u00e9 usada em p\u00e3es, bolos, biscoitos e outras sobremesas porque pode manter uma do\u00e7ura est\u00e1vel durante o cozimento em alta temperatura. Al\u00e9m disso, tamb\u00e9m \u00e9 usada em doces, sorvetes, geleias e compotas para fornecer do\u00e7ura duradoura e bom gosto sem adicionar calorias.<\/li>\n<li>Ind\u00fastria qu\u00edmica Na ind\u00fastria qu\u00edmica, a sucralose \u00e9 usada para produzir v\u00e1rios aditivos alimentares com baixo teor de a\u00e7\u00facar e sem a\u00e7\u00facar como um substituto para outros ado\u00e7antes de alto teor cal\u00f3rico. Tamb\u00e9m \u00e9 usada em processos farmac\u00eauticos e \u00e9 adicionada a xaropes para tosse, suplementos vitam\u00ednicos e outros medicamentos para melhorar o sabor dos medicamentos e aumentar a ades\u00e3o do paciente. A ind\u00fastria qu\u00edmica tamb\u00e9m usa a estabilidade da sucralose para aplic\u00e1-la a diferentes t\u00e9cnicas de processamento para garantir que o produto mantenha suas propriedades de do\u00e7ura em v\u00e1rios ambientes.<\/li>\n<li>Ind\u00fastria de cosm\u00e9ticos A sucralose \u00e9 usada principalmente em produtos de higiene bucal e cosm\u00e9ticos na ind\u00fastria de cosm\u00e9ticos. Em produtos de higiene bucal, como pasta de dente e enxaguante bucal, \u00e9 usada como um ado\u00e7ante que n\u00e3o promove c\u00e1ries. Em batons, gloss labial e outros cosm\u00e9ticos labiais, a sucralose \u00e9 usada para fornecer do\u00e7ura e melhorar a experi\u00eancia do usu\u00e1rio. Al\u00e9m disso, tamb\u00e9m \u00e9 adicionada a alguns produtos de cuidados com a pele e produtos de lavagem para melhorar os atributos sensoriais gerais do produto.<\/li>\n<li>Ind\u00fastria de servi\u00e7os de buf\u00ea A ind\u00fastria de servi\u00e7os de buf\u00ea usa amplamente a sucralose para fazer alimentos e bebidas sem a\u00e7\u00facar e com baixo teor de a\u00e7\u00facar. Em caf\u00e9s e casas de ch\u00e1, a sucralose \u00e9 usada para fazer caf\u00e9, ch\u00e1 e outras bebidas sem a\u00e7\u00facar para fornecer aos clientes op\u00e7\u00f5es doces saud\u00e1veis. Em restaurantes e hot\u00e9is, a sucralose \u00e9 usada para fazer sobremesas e condimentos sem a\u00e7\u00facar para atender \u00e0s necessidades dos clientes por dietas com baixo teor de a\u00e7\u00facar e calorias. Tamb\u00e9m \u00e9 usado como uma op\u00e7\u00e3o de substituto do a\u00e7\u00facar na mesa para os clientes adicionarem a bebidas ou alimentos por conta pr\u00f3pria.<\/li>\n<li>Ind\u00fastria de alimentos para animais de estima\u00e7\u00e3o A sucralose tamb\u00e9m \u00e9 usada na ind\u00fastria de alimentos para animais de estima\u00e7\u00e3o, especialmente na fabrica\u00e7\u00e3o de lanches com baixo teor de a\u00e7\u00facar. Ela fornece do\u00e7ura enquanto controla as calorias, atendendo aos requisitos dos donos de animais de estima\u00e7\u00e3o para uma dieta saud\u00e1vel para seus animais de estima\u00e7\u00e3o. Ao adicionar sucralose, a comida para animais de estima\u00e7\u00e3o pode n\u00e3o apenas agradar ao paladar dos animais de estima\u00e7\u00e3o, mas tamb\u00e9m ajudar a controlar o peso e a sa\u00fade dos animais de estima\u00e7\u00e3o.<\/li>\n<\/ol>\n<h2><span class=\"ez-toc-section\" id=\"O_usuario_fez_a_seguinte_pergunta\"><\/span>O usu\u00e1rio fez a seguinte pergunta:<span class=\"ez-toc-section-end\"><\/span><\/h2>\n<p>Pergunta: Quais s\u00e3o as vantagens da sucralose sobre o aspartame?<\/p>\n<p>Resposta: 1. Caracter\u00edsticas de do\u00e7ura: A do\u00e7ura da sucralose \u00e9 relativamente mais pr\u00f3xima da sacarose, com melhor qualidade de do\u00e7ura e sabor, e n\u00e3o \u00e9 f\u00e1cil produzir amargor ou gosto met\u00e1lico. O aspartame tem uma do\u00e7ura forte, mas algumas pessoas podem sentir um pouco de amargor.<\/p>\n<p>2. Estabilidade: Em uma ampla faixa de pH, a sucralose \u00e9 relativamente est\u00e1vel e n\u00e3o \u00e9 facilmente afetada por \u00e1cido, \u00e1lcali ou alta temperatura. O aspartame pode perder um pouco de sua do\u00e7ura em um ambiente \u00e1cido.<\/p>\n<p>3. Estabilidade t\u00e9rmica: A sucralose n\u00e3o se decomp\u00f5e facilmente ou perde sua do\u00e7ura com cozimento ou aquecimento. Em contraste, o aspartame pode se degradar em um ambiente de alta temperatura, afetando seu efeito de do\u00e7ura.<\/p>\n","protected":false},"excerpt":{"rendered":"<ul>\n<li>CAS: 56038-13-2<\/li>\n<li>F\u00f3rmula qu\u00edmica: C<sub>12<\/sub>H<sub>19<\/sub>Cl<sub>3<\/sub>O<sub>8<\/sub><\/li>\n<li>Certifica\u00e7\u00f5es: KOSHER, ISO, HALAL, FSSC22000, BRC, etc.<\/li>\n<li>Padr\u00e3o: FCCVII\/USP34\/EP2368\/EC231\/2012(2008\/60\/EC)\/GB25531<\/li>\n<li>Quantidade m\u00ednima do pedido: 1000KG<\/li>\n<li>Prazo de validade: 2 anos<\/li>\n<\/ul>\n","protected":false},"featured_media":8436,"template":"","meta":{"site-sidebar-layout":"default","site-content-layout":"","ast-site-content-layout":"default","site-content-style":"default","site-sidebar-style":"default","ast-global-header-display":"","ast-banner-title-visibility":"","ast-main-header-display":"","ast-hfb-above-header-display":"","ast-hfb-below-header-display":"","ast-hfb-mobile-header-display":"","site-post-title":"","ast-breadcrumbs-content":"","ast-featured-img":"","footer-sml-layout":"","theme-transparent-header-meta":"default","adv-header-id-meta":"","stick-header-meta":"","header-above-stick-meta":"","header-main-stick-meta":"","header-below-stick-meta":"","astra-migrate-meta-layouts":"set","ast-page-background-enabled":"default","ast-page-background-meta":{"desktop":{"background-color":"var(--ast-global-color-4)","background-image":"","background-repeat":"repeat","background-position":"center center","background-size":"auto","background-attachment":"scroll","background-type":"","background-media":"","overlay-type":"","overlay-color":"","overlay-opacity":"","overlay-gradient":""},"tablet":{"background-color":"","background-image":"","background-repeat":"repeat","background-position":"center center","background-size":"auto","background-attachment":"scroll","background-type":"","background-media":"","overlay-type":"","overlay-color":"","overlay-opacity":"","overlay-gradient":""},"mobile":{"background-color":"","background-image":"","background-repeat":"repeat","background-position":"center center","background-size":"auto","background-attachment":"scroll","background-type":"","background-media":"","overlay-type":"","overlay-color":"","overlay-opacity":"","overlay-gradient":""}},"ast-content-background-meta":{"desktop":{"background-color":"var(--ast-global-color-5)","background-image":"","background-repeat":"repeat","background-position":"center center","background-size":"auto","background-attachment":"scroll","background-type":"","background-media":"","overlay-type":"","overlay-color":"","overlay-opacity":"","overlay-gradient":""},"tablet":{"background-color":"var(--ast-global-color-5)","background-image":"","background-repeat":"repeat","background-position":"center center","background-size":"auto","background-attachment":"scroll","background-type":"","background-media":"","overlay-type":"","overlay-color":"","overlay-opacity":"","overlay-gradient":""},"mobile":{"background-color":"var(--ast-global-color-5)","background-image":"","background-repeat":"repeat","background-position":"center center","background-size":"auto","background-attachment":"scroll","background-type":"","background-media":"","overlay-type":"","overlay-color":"","overlay-opacity":"","overlay-gradient":""}}},"product_brand":[],"product_cat":[77],"product_tag":[],"class_list":{"0":"post-8435","1":"product","2":"type-product","3":"status-publish","4":"has-post-thumbnail","6":"product_cat-produto-adocante","7":"desktop-align-center","8":"tablet-align-left","9":"mobile-align-left","11":"first","12":"instock","13":"shipping-taxable","14":"product-type-simple"},"yoast_head":"<!-- This site is optimized with the Yoast SEO plugin v26.5 - https:\/\/yoast.com\/wordpress\/plugins\/seo\/ -->\n<title>Sucralose A Granel Comprar Pre\u00e7o, Sucralose Em P\u00f3 (E955) | Niranbio Chemical<\/title>\n<meta name=\"description\" content=\"Nossa sucralose org\u00e2nica \u00e9 altamente sol\u00favel em \u00e1gua, est\u00e1vel ao calor e mant\u00e9m a do\u00e7ura em v\u00e1rios n\u00edveis de pH, tornando-a ideal para cozinhar e assar.\" \/>\n<meta name=\"robots\" content=\"noindex, follow, max-snippet:-1, max-image-preview:large, max-video-preview:-1\" \/>\n<meta name=\"twitter:label1\" content=\"Est. tempo de leitura\" \/>\n\t<meta name=\"twitter:data1\" content=\"5 minutos\" \/>\n<script type=\"application\/ld+json\" class=\"yoast-schema-graph\">{\"@context\":\"https:\/\/schema.org\",\"@graph\":[{\"@type\":\"WebPage\",\"@id\":\"https:\/\/theo.niranbio.com\/pt-br\/sucralose-de-grau-alimenticio.html\",\"url\":\"https:\/\/theo.niranbio.com\/pt-br\/sucralose-de-grau-alimenticio.html\",\"name\":\"Sucralose A Granel Comprar Pre\u00e7o, Sucralose Em P\u00f3 (E955) | Niranbio Chemical\",\"isPartOf\":{\"@id\":\"https:\/\/theo.niranbio.com\/pt-br\/#website\"},\"primaryImageOfPage\":{\"@id\":\"https:\/\/theo.niranbio.com\/pt-br\/sucralose-de-grau-alimenticio.html#primaryimage\"},\"image\":{\"@id\":\"https:\/\/theo.niranbio.com\/pt-br\/sucralose-de-grau-alimenticio.html#primaryimage\"},\"thumbnailUrl\":\"https:\/\/theo.niranbio.com\/wp-content\/uploads\/2024\/06\/Sucralose.webp\",\"datePublished\":\"2024-06-20T01:18:28+00:00\",\"dateModified\":\"2024-08-19T01:34:10+00:00\",\"description\":\"Nossa sucralose org\u00e2nica \u00e9 altamente sol\u00favel em \u00e1gua, est\u00e1vel ao calor e mant\u00e9m a do\u00e7ura em v\u00e1rios n\u00edveis de pH, tornando-a ideal para cozinhar e assar.\",\"breadcrumb\":{\"@id\":\"https:\/\/theo.niranbio.com\/pt-br\/sucralose-de-grau-alimenticio.html#breadcrumb\"},\"inLanguage\":\"pt-BR\",\"potentialAction\":[{\"@type\":\"ReadAction\",\"target\":[\"https:\/\/theo.niranbio.com\/pt-br\/sucralose-de-grau-alimenticio.html\"]}]},{\"@type\":\"ImageObject\",\"inLanguage\":\"pt-BR\",\"@id\":\"https:\/\/theo.niranbio.com\/pt-br\/sucralose-de-grau-alimenticio.html#primaryimage\",\"url\":\"https:\/\/theo.niranbio.com\/wp-content\/uploads\/2024\/06\/Sucralose.webp\",\"contentUrl\":\"https:\/\/theo.niranbio.com\/wp-content\/uploads\/2024\/06\/Sucralose.webp\",\"width\":600,\"height\":600,\"caption\":\"Sucralose\"},{\"@type\":\"BreadcrumbList\",\"@id\":\"https:\/\/theo.niranbio.com\/pt-br\/sucralose-de-grau-alimenticio.html#breadcrumb\",\"itemListElement\":[{\"@type\":\"ListItem\",\"position\":1,\"name\":\"Home\",\"item\":\"https:\/\/theo.niranbio.com\/pt-br\/\"},{\"@type\":\"ListItem\",\"position\":2,\"name\":\"Produtos\",\"item\":\"https:\/\/theo.niranbio.com\/pt-br\/produtos.html\"},{\"@type\":\"ListItem\",\"position\":3,\"name\":\"Ado\u00e7antes\",\"item\":\"https:\/\/theo.niranbio.com\/pt-br\/produto-adocante\/\"},{\"@type\":\"ListItem\",\"position\":4,\"name\":\"Sucralose-Food Grade\"}]},{\"@type\":\"WebSite\",\"@id\":\"https:\/\/theo.niranbio.com\/pt-br\/#website\",\"url\":\"https:\/\/theo.niranbio.com\/pt-br\/\",\"name\":\"Niranbio Chemical\",\"description\":\"\",\"publisher\":{\"@id\":\"https:\/\/theo.niranbio.com\/pt-br\/#organization\"},\"potentialAction\":[{\"@type\":\"SearchAction\",\"target\":{\"@type\":\"EntryPoint\",\"urlTemplate\":\"https:\/\/theo.niranbio.com\/pt-br\/?s={search_term_string}\"},\"query-input\":{\"@type\":\"PropertyValueSpecification\",\"valueRequired\":true,\"valueName\":\"search_term_string\"}}],\"inLanguage\":\"pt-BR\"},{\"@type\":\"Organization\",\"@id\":\"https:\/\/theo.niranbio.com\/pt-br\/#organization\",\"name\":\"Niranbio Chemical\",\"url\":\"https:\/\/theo.niranbio.com\/pt-br\/\",\"logo\":{\"@type\":\"ImageObject\",\"inLanguage\":\"pt-BR\",\"@id\":\"https:\/\/theo.niranbio.com\/pt-br\/#\/schema\/logo\/image\/\",\"url\":\"https:\/\/theo.niranbio.com\/wp-content\/uploads\/2024\/06\/Niranbio.png\",\"contentUrl\":\"https:\/\/theo.niranbio.com\/wp-content\/uploads\/2024\/06\/Niranbio.png\",\"width\":270,\"height\":100,\"caption\":\"Niranbio Chemical\"},\"image\":{\"@id\":\"https:\/\/theo.niranbio.com\/pt-br\/#\/schema\/logo\/image\/\"}}]}<\/script>\n<!-- \/ Yoast SEO plugin. -->","yoast_head_json":{"title":"Sucralose A Granel Comprar Pre\u00e7o, Sucralose Em P\u00f3 (E955) | Niranbio Chemical","description":"Nossa sucralose org\u00e2nica \u00e9 altamente sol\u00favel em \u00e1gua, est\u00e1vel ao calor e mant\u00e9m a do\u00e7ura em v\u00e1rios n\u00edveis de pH, tornando-a ideal para cozinhar e assar.","robots":{"index":"noindex","follow":"follow","max-snippet":"max-snippet:-1","max-image-preview":"max-image-preview:large","max-video-preview":"max-video-preview:-1"},"twitter_misc":{"Est. tempo de leitura":"5 minutos"},"schema":{"@context":"https:\/\/schema.org","@graph":[{"@type":"WebPage","@id":"https:\/\/theo.niranbio.com\/pt-br\/sucralose-de-grau-alimenticio.html","url":"https:\/\/theo.niranbio.com\/pt-br\/sucralose-de-grau-alimenticio.html","name":"Sucralose A Granel Comprar Pre\u00e7o, Sucralose Em P\u00f3 (E955) | Niranbio Chemical","isPartOf":{"@id":"https:\/\/theo.niranbio.com\/pt-br\/#website"},"primaryImageOfPage":{"@id":"https:\/\/theo.niranbio.com\/pt-br\/sucralose-de-grau-alimenticio.html#primaryimage"},"image":{"@id":"https:\/\/theo.niranbio.com\/pt-br\/sucralose-de-grau-alimenticio.html#primaryimage"},"thumbnailUrl":"https:\/\/theo.niranbio.com\/wp-content\/uploads\/2024\/06\/Sucralose.webp","datePublished":"2024-06-20T01:18:28+00:00","dateModified":"2024-08-19T01:34:10+00:00","description":"Nossa sucralose org\u00e2nica \u00e9 altamente sol\u00favel em \u00e1gua, est\u00e1vel ao calor e mant\u00e9m a do\u00e7ura em v\u00e1rios n\u00edveis de pH, tornando-a ideal para cozinhar e assar.","breadcrumb":{"@id":"https:\/\/theo.niranbio.com\/pt-br\/sucralose-de-grau-alimenticio.html#breadcrumb"},"inLanguage":"pt-BR","potentialAction":[{"@type":"ReadAction","target":["https:\/\/theo.niranbio.com\/pt-br\/sucralose-de-grau-alimenticio.html"]}]},{"@type":"ImageObject","inLanguage":"pt-BR","@id":"https:\/\/theo.niranbio.com\/pt-br\/sucralose-de-grau-alimenticio.html#primaryimage","url":"https:\/\/theo.niranbio.com\/wp-content\/uploads\/2024\/06\/Sucralose.webp","contentUrl":"https:\/\/theo.niranbio.com\/wp-content\/uploads\/2024\/06\/Sucralose.webp","width":600,"height":600,"caption":"Sucralose"},{"@type":"BreadcrumbList","@id":"https:\/\/theo.niranbio.com\/pt-br\/sucralose-de-grau-alimenticio.html#breadcrumb","itemListElement":[{"@type":"ListItem","position":1,"name":"Home","item":"https:\/\/theo.niranbio.com\/pt-br\/"},{"@type":"ListItem","position":2,"name":"Produtos","item":"https:\/\/theo.niranbio.com\/pt-br\/produtos.html"},{"@type":"ListItem","position":3,"name":"Ado\u00e7antes","item":"https:\/\/theo.niranbio.com\/pt-br\/produto-adocante\/"},{"@type":"ListItem","position":4,"name":"Sucralose-Food Grade"}]},{"@type":"WebSite","@id":"https:\/\/theo.niranbio.com\/pt-br\/#website","url":"https:\/\/theo.niranbio.com\/pt-br\/","name":"Niranbio Chemical","description":"","publisher":{"@id":"https:\/\/theo.niranbio.com\/pt-br\/#organization"},"potentialAction":[{"@type":"SearchAction","target":{"@type":"EntryPoint","urlTemplate":"https:\/\/theo.niranbio.com\/pt-br\/?s={search_term_string}"},"query-input":{"@type":"PropertyValueSpecification","valueRequired":true,"valueName":"search_term_string"}}],"inLanguage":"pt-BR"},{"@type":"Organization","@id":"https:\/\/theo.niranbio.com\/pt-br\/#organization","name":"Niranbio Chemical","url":"https:\/\/theo.niranbio.com\/pt-br\/","logo":{"@type":"ImageObject","inLanguage":"pt-BR","@id":"https:\/\/theo.niranbio.com\/pt-br\/#\/schema\/logo\/image\/","url":"https:\/\/theo.niranbio.com\/wp-content\/uploads\/2024\/06\/Niranbio.png","contentUrl":"https:\/\/theo.niranbio.com\/wp-content\/uploads\/2024\/06\/Niranbio.png","width":270,"height":100,"caption":"Niranbio Chemical"},"image":{"@id":"https:\/\/theo.niranbio.com\/pt-br\/#\/schema\/logo\/image\/"}}]}},"_links":{"self":[{"href":"https:\/\/theo.niranbio.com\/pt-br\/wp-json\/wp\/v2\/product\/8435","targetHints":{"allow":["GET"]}}],"collection":[{"href":"https:\/\/theo.niranbio.com\/pt-br\/wp-json\/wp\/v2\/product"}],"about":[{"href":"https:\/\/theo.niranbio.com\/pt-br\/wp-json\/wp\/v2\/types\/product"}],"version-history":[{"count":0,"href":"https:\/\/theo.niranbio.com\/pt-br\/wp-json\/wp\/v2\/product\/8435\/revisions"}],"wp:featuredmedia":[{"embeddable":true,"href":"https:\/\/theo.niranbio.com\/pt-br\/wp-json\/wp\/v2\/media\/8436"}],"wp:attachment":[{"href":"https:\/\/theo.niranbio.com\/pt-br\/wp-json\/wp\/v2\/media?parent=8435"}],"wp:term":[{"taxonomy":"product_brand","embeddable":true,"href":"https:\/\/theo.niranbio.com\/pt-br\/wp-json\/wp\/v2\/product_brand?post=8435"},{"taxonomy":"product_cat","embeddable":true,"href":"https:\/\/theo.niranbio.com\/pt-br\/wp-json\/wp\/v2\/product_cat?post=8435"},{"taxonomy":"product_tag","embeddable":true,"href":"https:\/\/theo.niranbio.com\/pt-br\/wp-json\/wp\/v2\/product_tag?post=8435"}],"curies":[{"name":"wp","href":"https:\/\/api.w.org\/{rel}","templated":true}]}}