{"id":8432,"date":"2024-06-20T09:29:02","date_gmt":"2024-06-20T01:29:02","guid":{"rendered":"https:\/\/theo.niranbio.com\/stevia-organica\/"},"modified":"2024-08-16T16:51:16","modified_gmt":"2024-08-16T08:51:16","slug":"stevia-organica","status":"publish","type":"product","link":"https:\/\/theo.niranbio.com\/pt-br\/stevia-organica.html","title":{"rendered":"Stevia org\u00e2nica"},"content":{"rendered":"<h2><span class=\"ez-toc-section\" id=\"O_que_e_Stevia\"><\/span>O que \u00e9 Stevia?<span class=\"ez-toc-section-end\"><\/span><\/h2>\n<p>A est\u00e9via \u00e9 um ado\u00e7ante natural de baixa caloria que aparece como um p\u00f3 cristalino incolor, sem odor e com do\u00e7ura pura. Embora seu valor calor\u00edfico seja apenas 1\/300 do da sacarose, sua do\u00e7ura \u00e9 aproximadamente 300 vezes maior que a da sacarose. \u00c9 f\u00e1cil absorver umidade do ar e \u00e9 amplamente utilizada em v\u00e1rias aplica\u00e7\u00f5es na ind\u00fastria aliment\u00edcia. A est\u00e9via \u00e9 extra\u00edda mergulhando folhas secas em \u00e1gua, coando o l\u00edquido para remover caules e folhas e, em seguida, purificando ainda mais o l\u00edquido usando \u00e1lcool de qualidade alimentar ou \u00e1gua.<\/p>\n<p>Este processo de extra\u00e7\u00e3o de plantas \u00e9 totalmente convencional. O produto final \u00e9 um ado\u00e7ante muito doce, natural e puro, seguro para consumo regular e que n\u00e3o aumenta nem diminui os n\u00edveis de a\u00e7\u00facar no sangue.<\/p>\n<h2><span class=\"ez-toc-section\" id=\"Parametros_relacionados\"><\/span>Par\u00e2metros relacionados:<span class=\"ez-toc-section-end\"><\/span><\/h2>\n<table>\n<tbody>\n<tr>\n<td><strong>ITENS<\/strong><\/td>\n<td><strong>ESPECIFICA\u00c7\u00c3O<\/strong><\/td>\n<\/tr>\n<tr>\n<td>Ordem<\/td>\n<td>Caracter\u00edsticas<\/td>\n<\/tr>\n<tr>\n<td>Conte\u00fado total de glucos\u00eddeos\/%<\/td>\n<td>Mais de 99<\/td>\n<\/tr>\n<tr>\n<td>Rebaudios\u00eddeo A \/%<\/td>\n<td>Mais de 99<\/td>\n<\/tr>\n<tr>\n<td>Estevios\u00eddeo\/%<\/td>\n<td><\/td>\n<\/tr>\n<tr>\n<td>Rebaudios\u00eddeo C \/%<\/td>\n<td><\/td>\n<\/tr>\n<tr>\n<td>Do\u00e7ura<\/td>\n<td>Mais de 450<\/td>\n<\/tr>\n<tr>\n<td>Rota\u00e7\u00e3o espec\u00edfica<\/td>\n<td>-30\u00b0~ -38\u00b0<\/td>\n<\/tr>\n<tr>\n<td>Absor\u00e7\u00e3o<\/td>\n<td>Menos de 0,05<\/td>\n<\/tr>\n<tr>\n<td>PH<\/td>\n<td>4.5-7.0<\/td>\n<\/tr>\n<tr>\n<td>Res\u00edduo queimado\/%<\/td>\n<td>Menos de 0,2<\/td>\n<\/tr>\n<tr>\n<td>Perda na secagem\/%<\/td>\n<td>Menos de 5<\/td>\n<\/tr>\n<tr>\n<td>Chumbo (Pb)\/(mg\/kg)<\/td>\n<td>Menos de 1<\/td>\n<\/tr>\n<tr>\n<td>Ars\u00eanico\/(mg\/kg)<\/td>\n<td>Menos de 1<\/td>\n<\/tr>\n<tr>\n<td>Metanol\/(mg\/kg)<\/td>\n<td>Menos de 200<\/td>\n<\/tr>\n<tr>\n<td>Etanol\/(mg\/kg)<\/td>\n<td>Menos de 5000<\/td>\n<\/tr>\n<\/tbody>\n<\/table>\n<h2><span class=\"ez-toc-section\" id=\"Dosagem_recomendada\"><\/span>Dosagem recomendada<span class=\"ez-toc-section-end\"><\/span><\/h2>\n<table>\n<tbody>\n<tr>\n<td><strong>Nome do alimento<\/strong><\/td>\n<td><strong>Uso m\u00e1ximo (g\/kg)<\/strong><\/td>\n<\/tr>\n<tr>\n<td>Bebidas carbonatadas<\/td>\n<td>0,3 g\/kg<\/td>\n<\/tr>\n<tr>\n<td>Bebidas \u00e0 base de ch\u00e1<\/td>\n<td>0,5 g\/kg<\/td>\n<\/tr>\n<tr>\n<td>Bebidas de frutas<\/td>\n<td>0,4 g\/kg<\/td>\n<\/tr>\n<tr>\n<td>P\u00e3o<\/td>\n<td>0,5 g\/kg<\/td>\n<\/tr>\n<tr>\n<td>Bolo<\/td>\n<td>0,6 g\/kg<\/td>\n<\/tr>\n<tr>\n<td>Biscoitos<\/td>\n<td>0,5 g\/kg<\/td>\n<\/tr>\n<tr>\n<td>Iogurte<\/td>\n<td>0,5 g\/kg<\/td>\n<\/tr>\n<tr>\n<td>Leite<\/td>\n<td>0,4 g\/kg<\/td>\n<\/tr>\n<tr>\n<td>Milkshake<\/td>\n<td>0,5 g\/kg<\/td>\n<\/tr>\n<tr>\n<td>Balas macias<\/td>\n<td>0,8 g\/kg<\/td>\n<\/tr>\n<tr>\n<td>Balas duras<\/td>\n<td>0,6 g\/kg<\/td>\n<\/tr>\n<tr>\n<td>Chocolate<\/td>\n<td>0,5 g\/kg<\/td>\n<\/tr>\n<tr>\n<td>Molho de soja<\/td>\n<td>0,3 g\/kg<\/td>\n<\/tr>\n<tr>\n<td>Vinagre<\/td>\n<td>0,3 g\/kg<\/td>\n<\/tr>\n<tr>\n<td>Ketchup<\/td>\n<td>0,5 g\/kg<\/td>\n<\/tr>\n<tr>\n<td>Presunto<\/td>\n<td>0,5 g\/kg<\/td>\n<\/tr>\n<tr>\n<td>Salsicha<\/td>\n<td>0,5 g\/kg<\/td>\n<\/tr>\n<\/tbody>\n<\/table>\n<h2><span class=\"ez-toc-section\" id=\"A_estevia_tem_uma_ampla_gama_de_usos\"><\/span>A est\u00e9via tem uma ampla gama de usos<span class=\"ez-toc-section-end\"><\/span><\/h2>\n<ol>\n<li>Alimentos e bebidas: como ado\u00e7ante natural, a est\u00e9via \u00e9 amplamente utilizada na produ\u00e7\u00e3o de bebidas, sucos, iogurte, sorvetes, bolos e outros alimentos. Pode fornecer do\u00e7ura sem calorias adicionais, por isso atraiu a aten\u00e7\u00e3o no controle de peso e a\u00e7\u00facar no sangue. A est\u00e9via \u00e9 est\u00e1vel, portanto, h\u00e1 v\u00e1rias maneiras de manuse\u00e1-la e armazen\u00e1-la para uso em alimentos.<\/li>\n<li>Temperos: em condimentos como molho de soja e vinagre, a est\u00e9via pode estender a vida \u00fatil dos produtos e melhorar o sabor do produto. Tamb\u00e9m pode ser usada para conservar picles, tornando o sabor do produto puro e delicioso, estimulando o apetite, encurtando o tempo de conserva, melhorando a taxa de qualifica\u00e7\u00e3o do produto e evitando a desidrata\u00e7\u00e3o.<\/li>\n<li>Produtos de sa\u00fade e medicamentos: Devido \u00e0 alta do\u00e7ura e \u00e0s caracter\u00edsticas de baixa caloria da est\u00e9via, ela tamb\u00e9m \u00e9 transformada em v\u00e1rios produtos de sa\u00fade, como produtos para perda de peso e alimentos especiais para diab\u00e9ticos. Al\u00e9m disso, tamb\u00e9m \u00e9 usada para fazer v\u00e1rios medicamentos, como produtos para cuidados orais, xaropes para tosse, etc. A naturalidade e a alta do\u00e7ura da est\u00e9via a tornam cada vez mais amplamente usada nesses campos.<\/li>\n<li>Produtos de cuidados pessoais: Em alguns produtos de cuidados pessoais, como pasta de dente, xampu, etc., a est\u00e9via tamb\u00e9m \u00e9 usada como ado\u00e7ante e conservante. \u00c9 apropriada para a fabrica\u00e7\u00e3o e armazenamento desses itens devido \u00e0 sua estabilidade.<\/li>\n<li>Outras aplica\u00e7\u00f5es: A est\u00e9via tamb\u00e9m pode ser usada em vinho de frutas para melhorar o sabor do vinho de frutas, tornando-o doce e azedo, e alterando a viscosidade do vinho de frutas. Em frutas cristalizadas, frutas em conserva, bolo de frutas, frutas frias e outros produtos, ela substitui parte da sacarose e reduz o teor de a\u00e7\u00facar, tornando-a baixa em a\u00e7\u00facar e baixa em valor cal\u00f3rico, atendendo \u00e0 demanda por alimentos saud\u00e1veis \u200b\u200bentre as pessoas modernas.<\/li>\n<\/ol>\n<h2><span class=\"ez-toc-section\" id=\"O_usuario_fez_a_seguinte_pergunta\"><\/span>O usu\u00e1rio fez a seguinte pergunta:<span class=\"ez-toc-section-end\"><\/span><\/h2>\n<p>Pergunta: Por que usar est\u00e9via em vez de a\u00e7\u00facar?<\/p>\n<p>Resposta: De uma perspectiva de sa\u00fade:<\/p>\n<ol>\n<li>A est\u00e9via quase n\u00e3o cont\u00e9m calorias, o que \u00e9 muito adequado para pessoas que precisam controlar seu peso ou ingest\u00e3o de calorias.<\/li>\n<li>\u00c9 seguro para diab\u00e9ticos e n\u00e3o aumenta os n\u00edveis de a\u00e7\u00facar no sangue de forma percept\u00edvel.<\/li>\n<li>A est\u00e9via n\u00e3o \u00e9 facilmente fermentada por bact\u00e9rias orais e n\u00e3o causa c\u00e1ries.<\/li>\n<\/ol>\n<p>De uma perspectiva nutricional:<\/p>\n<ol>\n<li>A est\u00e9via \u00e9 derivada da planta natural est\u00e9via e \u00e9 considerada uma op\u00e7\u00e3o de ado\u00e7ante mais saud\u00e1vel.<\/li>\n<li>Estudos mostraram que a est\u00e9via n\u00e3o tem efeitos colaterais t\u00f3xicos no corpo humano e \u00e9 relativamente segura para consumo a longo prazo.<\/li>\n<\/ol>\n<p>De uma perspectiva de processamento de alimentos:<\/p>\n<ol>\n<li>A do\u00e7ura da est\u00e9via \u00e9 de 200 a 300 vezes maior que a da sacarose, e apenas uma pequena quantidade \u00e9 necess\u00e1ria para atingir o efeito ado\u00e7ante ideal, reduzindo a quantidade usada.<\/li>\n<li>A est\u00e9via \u00e9 resistente a altas temperaturas e \u00e9 adequada para assar e alimentos processados \u200b\u200bem alta temperatura.<\/li>\n<li>A est\u00e9via \u00e9 est\u00e1vel em ambientes \u00e1cidos e alcalinos e n\u00e3o perde sua do\u00e7ura devido a mudan\u00e7as no pH.<\/li>\n<\/ol>\n","protected":false},"excerpt":{"rendered":"<ul>\n<li>CAS: 57817-89-7<\/li>\n<li>F\u00f3rmula qu\u00edmica: C<sub>38<\/sub>H<sub>60<\/sub>O<sub>18<\/sub><\/li>\n<li>Certifica\u00e7\u00f5es: KOSHER, ISO, HALAL, FSSC22000, BRC, etc.<\/li>\n<li>Quantidade m\u00ednima do pedido: 1000KG<\/li>\n<li>Vida \u00fatil: 3 anos<\/li>\n<\/ul>\n","protected":false},"featured_media":8433,"template":"","meta":{"site-sidebar-layout":"default","site-content-layout":"","ast-site-content-layout":"default","site-content-style":"default","site-sidebar-style":"default","ast-global-header-display":"","ast-banner-title-visibility":"","ast-main-header-display":"","ast-hfb-above-header-display":"","ast-hfb-below-header-display":"","ast-hfb-mobile-header-display":"","site-post-title":"","ast-breadcrumbs-content":"","ast-featured-img":"","footer-sml-layout":"","theme-transparent-header-meta":"default","adv-header-id-meta":"","stick-header-meta":"","header-above-stick-meta":"","header-main-stick-meta":"","header-below-stick-meta":"","astra-migrate-meta-layouts":"set","ast-page-background-enabled":"default","ast-page-background-meta":{"desktop":{"background-color":"var(--ast-global-color-4)","background-image":"","background-repeat":"repeat","background-position":"center center","background-size":"auto","background-attachment":"scroll","background-type":"","background-media":"","overlay-type":"","overlay-color":"","overlay-opacity":"","overlay-gradient":""},"tablet":{"background-color":"","background-image":"","background-repeat":"repeat","background-position":"center center","background-size":"auto","background-attachment":"scroll","background-type":"","background-media":"","overlay-type":"","overlay-color":"","overlay-opacity":"","overlay-gradient":""},"mobile":{"background-color":"","background-image":"","background-repeat":"repeat","background-position":"center center","background-size":"auto","background-attachment":"scroll","background-type":"","background-media":"","overlay-type":"","overlay-color":"","overlay-opacity":"","overlay-gradient":""}},"ast-content-background-meta":{"desktop":{"background-color":"var(--ast-global-color-5)","background-image":"","background-repeat":"repeat","background-position":"center center","background-size":"auto","background-attachment":"scroll","background-type":"","background-media":"","overlay-type":"","overlay-color":"","overlay-opacity":"","overlay-gradient":""},"tablet":{"background-color":"var(--ast-global-color-5)","background-image":"","background-repeat":"repeat","background-position":"center center","background-size":"auto","background-attachment":"scroll","background-type":"","background-media":"","overlay-type":"","overlay-color":"","overlay-opacity":"","overlay-gradient":""},"mobile":{"background-color":"var(--ast-global-color-5)","background-image":"","background-repeat":"repeat","background-position":"center center","background-size":"auto","background-attachment":"scroll","background-type":"","background-media":"","overlay-type":"","overlay-color":"","overlay-opacity":"","overlay-gradient":""}}},"product_brand":[],"product_cat":[77],"product_tag":[],"class_list":{"0":"post-8432","1":"product","2":"type-product","3":"status-publish","4":"has-post-thumbnail","6":"product_cat-produto-adocante","7":"desktop-align-center","8":"tablet-align-left","9":"mobile-align-left","11":"first","12":"instock","13":"shipping-taxable","14":"product-type-simple"},"yoast_head":"<!-- This site is optimized with the Yoast SEO plugin v26.5 - https:\/\/yoast.com\/wordpress\/plugins\/seo\/ -->\n<title>Ado\u00e7ante Stevia Organico, Fornecedor A Granel E960 | Niranbio Chemical<\/title>\n<meta name=\"description\" content=\"A est\u00e9via, um p\u00f3 cristalino incolor, \u00e9 300 vezes mais doce que a sacarose, com 1\/300 das calorias, amplamente utilizada na ind\u00fastria aliment\u00edcia.\" \/>\n<meta name=\"robots\" content=\"noindex, follow, max-snippet:-1, max-image-preview:large, max-video-preview:-1\" \/>\n<meta name=\"twitter:label1\" content=\"Est. tempo de leitura\" \/>\n\t<meta name=\"twitter:data1\" content=\"4 minutos\" \/>\n<script type=\"application\/ld+json\" class=\"yoast-schema-graph\">{\"@context\":\"https:\/\/schema.org\",\"@graph\":[{\"@type\":\"WebPage\",\"@id\":\"https:\/\/theo.niranbio.com\/pt-br\/stevia-organica.html\",\"url\":\"https:\/\/theo.niranbio.com\/pt-br\/stevia-organica.html\",\"name\":\"Ado\u00e7ante Stevia Organico, Fornecedor A Granel E960 | Niranbio Chemical\",\"isPartOf\":{\"@id\":\"https:\/\/theo.niranbio.com\/pt-br\/#website\"},\"primaryImageOfPage\":{\"@id\":\"https:\/\/theo.niranbio.com\/pt-br\/stevia-organica.html#primaryimage\"},\"image\":{\"@id\":\"https:\/\/theo.niranbio.com\/pt-br\/stevia-organica.html#primaryimage\"},\"thumbnailUrl\":\"https:\/\/theo.niranbio.com\/wp-content\/uploads\/2024\/06\/Stevia.webp\",\"datePublished\":\"2024-06-20T01:29:02+00:00\",\"dateModified\":\"2024-08-16T08:51:16+00:00\",\"description\":\"A est\u00e9via, um p\u00f3 cristalino incolor, \u00e9 300 vezes mais doce que a sacarose, com 1\/300 das calorias, amplamente utilizada na ind\u00fastria aliment\u00edcia.\",\"breadcrumb\":{\"@id\":\"https:\/\/theo.niranbio.com\/pt-br\/stevia-organica.html#breadcrumb\"},\"inLanguage\":\"pt-BR\",\"potentialAction\":[{\"@type\":\"ReadAction\",\"target\":[\"https:\/\/theo.niranbio.com\/pt-br\/stevia-organica.html\"]}]},{\"@type\":\"ImageObject\",\"inLanguage\":\"pt-BR\",\"@id\":\"https:\/\/theo.niranbio.com\/pt-br\/stevia-organica.html#primaryimage\",\"url\":\"https:\/\/theo.niranbio.com\/wp-content\/uploads\/2024\/06\/Stevia.webp\",\"contentUrl\":\"https:\/\/theo.niranbio.com\/wp-content\/uploads\/2024\/06\/Stevia.webp\",\"width\":600,\"height\":600,\"caption\":\"Est\u00e9via\"},{\"@type\":\"BreadcrumbList\",\"@id\":\"https:\/\/theo.niranbio.com\/pt-br\/stevia-organica.html#breadcrumb\",\"itemListElement\":[{\"@type\":\"ListItem\",\"position\":1,\"name\":\"Home\",\"item\":\"https:\/\/theo.niranbio.com\/pt-br\/\"},{\"@type\":\"ListItem\",\"position\":2,\"name\":\"Produtos\",\"item\":\"https:\/\/theo.niranbio.com\/pt-br\/produtos.html\"},{\"@type\":\"ListItem\",\"position\":3,\"name\":\"Ado\u00e7antes\",\"item\":\"https:\/\/theo.niranbio.com\/pt-br\/produto-adocante\/\"},{\"@type\":\"ListItem\",\"position\":4,\"name\":\"Stevia org\u00e2nica\"}]},{\"@type\":\"WebSite\",\"@id\":\"https:\/\/theo.niranbio.com\/pt-br\/#website\",\"url\":\"https:\/\/theo.niranbio.com\/pt-br\/\",\"name\":\"Niranbio Chemical\",\"description\":\"\",\"publisher\":{\"@id\":\"https:\/\/theo.niranbio.com\/pt-br\/#organization\"},\"potentialAction\":[{\"@type\":\"SearchAction\",\"target\":{\"@type\":\"EntryPoint\",\"urlTemplate\":\"https:\/\/theo.niranbio.com\/pt-br\/?s={search_term_string}\"},\"query-input\":{\"@type\":\"PropertyValueSpecification\",\"valueRequired\":true,\"valueName\":\"search_term_string\"}}],\"inLanguage\":\"pt-BR\"},{\"@type\":\"Organization\",\"@id\":\"https:\/\/theo.niranbio.com\/pt-br\/#organization\",\"name\":\"Niranbio Chemical\",\"url\":\"https:\/\/theo.niranbio.com\/pt-br\/\",\"logo\":{\"@type\":\"ImageObject\",\"inLanguage\":\"pt-BR\",\"@id\":\"https:\/\/theo.niranbio.com\/pt-br\/#\/schema\/logo\/image\/\",\"url\":\"https:\/\/theo.niranbio.com\/wp-content\/uploads\/2024\/06\/Niranbio.png\",\"contentUrl\":\"https:\/\/theo.niranbio.com\/wp-content\/uploads\/2024\/06\/Niranbio.png\",\"width\":270,\"height\":100,\"caption\":\"Niranbio Chemical\"},\"image\":{\"@id\":\"https:\/\/theo.niranbio.com\/pt-br\/#\/schema\/logo\/image\/\"}}]}<\/script>\n<!-- \/ Yoast SEO plugin. -->","yoast_head_json":{"title":"Ado\u00e7ante Stevia Organico, Fornecedor A Granel E960 | Niranbio Chemical","description":"A est\u00e9via, um p\u00f3 cristalino incolor, \u00e9 300 vezes mais doce que a sacarose, com 1\/300 das calorias, amplamente utilizada na ind\u00fastria aliment\u00edcia.","robots":{"index":"noindex","follow":"follow","max-snippet":"max-snippet:-1","max-image-preview":"max-image-preview:large","max-video-preview":"max-video-preview:-1"},"twitter_misc":{"Est. tempo de leitura":"4 minutos"},"schema":{"@context":"https:\/\/schema.org","@graph":[{"@type":"WebPage","@id":"https:\/\/theo.niranbio.com\/pt-br\/stevia-organica.html","url":"https:\/\/theo.niranbio.com\/pt-br\/stevia-organica.html","name":"Ado\u00e7ante Stevia Organico, Fornecedor A Granel E960 | Niranbio Chemical","isPartOf":{"@id":"https:\/\/theo.niranbio.com\/pt-br\/#website"},"primaryImageOfPage":{"@id":"https:\/\/theo.niranbio.com\/pt-br\/stevia-organica.html#primaryimage"},"image":{"@id":"https:\/\/theo.niranbio.com\/pt-br\/stevia-organica.html#primaryimage"},"thumbnailUrl":"https:\/\/theo.niranbio.com\/wp-content\/uploads\/2024\/06\/Stevia.webp","datePublished":"2024-06-20T01:29:02+00:00","dateModified":"2024-08-16T08:51:16+00:00","description":"A est\u00e9via, um p\u00f3 cristalino incolor, \u00e9 300 vezes mais doce que a sacarose, com 1\/300 das calorias, amplamente utilizada na ind\u00fastria aliment\u00edcia.","breadcrumb":{"@id":"https:\/\/theo.niranbio.com\/pt-br\/stevia-organica.html#breadcrumb"},"inLanguage":"pt-BR","potentialAction":[{"@type":"ReadAction","target":["https:\/\/theo.niranbio.com\/pt-br\/stevia-organica.html"]}]},{"@type":"ImageObject","inLanguage":"pt-BR","@id":"https:\/\/theo.niranbio.com\/pt-br\/stevia-organica.html#primaryimage","url":"https:\/\/theo.niranbio.com\/wp-content\/uploads\/2024\/06\/Stevia.webp","contentUrl":"https:\/\/theo.niranbio.com\/wp-content\/uploads\/2024\/06\/Stevia.webp","width":600,"height":600,"caption":"Est\u00e9via"},{"@type":"BreadcrumbList","@id":"https:\/\/theo.niranbio.com\/pt-br\/stevia-organica.html#breadcrumb","itemListElement":[{"@type":"ListItem","position":1,"name":"Home","item":"https:\/\/theo.niranbio.com\/pt-br\/"},{"@type":"ListItem","position":2,"name":"Produtos","item":"https:\/\/theo.niranbio.com\/pt-br\/produtos.html"},{"@type":"ListItem","position":3,"name":"Ado\u00e7antes","item":"https:\/\/theo.niranbio.com\/pt-br\/produto-adocante\/"},{"@type":"ListItem","position":4,"name":"Stevia org\u00e2nica"}]},{"@type":"WebSite","@id":"https:\/\/theo.niranbio.com\/pt-br\/#website","url":"https:\/\/theo.niranbio.com\/pt-br\/","name":"Niranbio Chemical","description":"","publisher":{"@id":"https:\/\/theo.niranbio.com\/pt-br\/#organization"},"potentialAction":[{"@type":"SearchAction","target":{"@type":"EntryPoint","urlTemplate":"https:\/\/theo.niranbio.com\/pt-br\/?s={search_term_string}"},"query-input":{"@type":"PropertyValueSpecification","valueRequired":true,"valueName":"search_term_string"}}],"inLanguage":"pt-BR"},{"@type":"Organization","@id":"https:\/\/theo.niranbio.com\/pt-br\/#organization","name":"Niranbio Chemical","url":"https:\/\/theo.niranbio.com\/pt-br\/","logo":{"@type":"ImageObject","inLanguage":"pt-BR","@id":"https:\/\/theo.niranbio.com\/pt-br\/#\/schema\/logo\/image\/","url":"https:\/\/theo.niranbio.com\/wp-content\/uploads\/2024\/06\/Niranbio.png","contentUrl":"https:\/\/theo.niranbio.com\/wp-content\/uploads\/2024\/06\/Niranbio.png","width":270,"height":100,"caption":"Niranbio Chemical"},"image":{"@id":"https:\/\/theo.niranbio.com\/pt-br\/#\/schema\/logo\/image\/"}}]}},"_links":{"self":[{"href":"https:\/\/theo.niranbio.com\/pt-br\/wp-json\/wp\/v2\/product\/8432","targetHints":{"allow":["GET"]}}],"collection":[{"href":"https:\/\/theo.niranbio.com\/pt-br\/wp-json\/wp\/v2\/product"}],"about":[{"href":"https:\/\/theo.niranbio.com\/pt-br\/wp-json\/wp\/v2\/types\/product"}],"version-history":[{"count":0,"href":"https:\/\/theo.niranbio.com\/pt-br\/wp-json\/wp\/v2\/product\/8432\/revisions"}],"wp:featuredmedia":[{"embeddable":true,"href":"https:\/\/theo.niranbio.com\/pt-br\/wp-json\/wp\/v2\/media\/8433"}],"wp:attachment":[{"href":"https:\/\/theo.niranbio.com\/pt-br\/wp-json\/wp\/v2\/media?parent=8432"}],"wp:term":[{"taxonomy":"product_brand","embeddable":true,"href":"https:\/\/theo.niranbio.com\/pt-br\/wp-json\/wp\/v2\/product_brand?post=8432"},{"taxonomy":"product_cat","embeddable":true,"href":"https:\/\/theo.niranbio.com\/pt-br\/wp-json\/wp\/v2\/product_cat?post=8432"},{"taxonomy":"product_tag","embeddable":true,"href":"https:\/\/theo.niranbio.com\/pt-br\/wp-json\/wp\/v2\/product_tag?post=8432"}],"curies":[{"name":"wp","href":"https:\/\/api.w.org\/{rel}","templated":true}]}}