{"id":8430,"date":"2024-06-20T10:26:44","date_gmt":"2024-06-20T02:26:44","guid":{"rendered":"https:\/\/theo.niranbio.com\/alginato-de-sodio\/"},"modified":"2024-08-13T14:26:27","modified_gmt":"2024-08-13T06:26:27","slug":"alginato-de-sodio","status":"publish","type":"product","link":"https:\/\/theo.niranbio.com\/pt-br\/alginato-de-sodio.html","title":{"rendered":"Alginato de s\u00f3dio"},"content":{"rendered":"<h2><span class=\"ez-toc-section\" id=\"O_que_e_alginato_de_sodio\"><\/span>O que \u00e9 alginato de s\u00f3dio?<span class=\"ez-toc-section-end\"><\/span><\/h2>\n<p>Um subproduto da remo\u00e7\u00e3o de manitol e iodo de algas marrons sargassum ou kelp \u00e9 o alginato de s\u00f3dio. Parece um p\u00f3 amarelo claro, praticamente n\u00e3o tem sabor ou odor e se dissolve facilmente em \u00e1gua para criar um l\u00edquido espesso. Possui a seguran\u00e7a, viscosidade, estabilidade e solubilidade necess\u00e1rias como excipientes em prepara\u00e7\u00f5es medicinais.<\/p>\n<p>Tanto o setor aliment\u00edcio quanto a ind\u00fastria farmac\u00eautica fizeram uso extensivo dele. Uma solu\u00e7\u00e3o bruta de alginato conhecida como alginato de s\u00f3dio \u00e9 feita esmagando algas marinhas secas ou \u00famidas, ou algas, enxaguando-as em \u00e1gua para se livrar de quaisquer contaminantes, extraindo-as com \u00e1gua alcalina forte e, em seguida, clarificando-as.<\/p>\n<p>Para criar alginato de c\u00e1lcio colorido, ele \u00e9 precipitado com cloreto de c\u00e1lcio. Ap\u00f3s os processos de descolora\u00e7\u00e3o e desodoriza\u00e7\u00e3o, as impurezas sol\u00faveis s\u00e3o removidas usando \u00e1cido para produzir precipitado de alginato, que subsequentemente se combina com carbonato de s\u00f3dio para produzir alginato de s\u00f3dio. O p\u00f3 resultante \u00e9 subsequentemente seco, triturado e peneirado.<\/p>\n<h2><span class=\"ez-toc-section\" id=\"Dosagem_recomendada\"><\/span>Dosagem recomendada:<span class=\"ez-toc-section-end\"><\/span><\/h2>\n<table>\n<tbody>\n<tr>\n<td><strong>Nome do alimento<\/strong><\/td>\n<td><strong>Uso m\u00e1ximo (g\/kg)<\/strong><\/td>\n<\/tr>\n<tr>\n<td>Sorvete<\/td>\n<td>3-8 g\/kg<\/td>\n<\/tr>\n<tr>\n<td>Iogurte<\/td>\n<td>2-5 g\/kg<\/td>\n<\/tr>\n<tr>\n<td>Geleia<\/td>\n<td>2-7 g\/kg<\/td>\n<\/tr>\n<tr>\n<td>Geleia<\/td>\n<td>2-6 g\/kg<\/td>\n<\/tr>\n<tr>\n<td>Bolos assados<\/td>\n<td>1-5 g\/kg<\/td>\n<\/tr>\n<tr>\n<td>Molho<\/td>\n<td>2-6 g\/kg<\/td>\n<\/tr>\n<tr>\n<td>Queijo<\/td>\n<td>2-6 g\/kg<\/td>\n<\/tr>\n<tr>\n<td>Doces macios<\/td>\n<td>3-10 g\/kg<\/td>\n<\/tr>\n<tr>\n<td>Condimentos<\/td>\n<td>3-10 g\/kg<\/td>\n<\/tr>\n<tr>\n<td>Manteiga de amendoim<\/td>\n<td>2-5 g\/kg<\/td>\n<\/tr>\n<tr>\n<td>Creme<\/td>\n<td>1-3 g\/kg<\/td>\n<\/tr>\n<tr>\n<td>Biscoitos<\/td>\n<td>3-7 g\/kg<\/td>\n<\/tr>\n<tr>\n<td>Molho para salada<\/td>\n<td>2-5 g\/kg<\/td>\n<\/tr>\n<\/tbody>\n<\/table>\n<h2><span class=\"ez-toc-section\" id=\"O_alginato_de_sodio_tem_uma_ampla_gama_de_usos\"><\/span>O alginato de s\u00f3dio tem uma ampla gama de usos<span class=\"ez-toc-section-end\"><\/span><\/h2>\n<ol>\n<li>Agente gelificante e estabilizador: O alginato de s\u00f3dio \u00e9 um polissacar\u00eddeo natural com boas propriedades gelificantes e estabilidade. As aplica\u00e7\u00f5es de gelifica\u00e7\u00e3o e estabiliza\u00e7\u00e3o de alimentos incluem seu uso. Por exemplo, ao fazer geleia, pudim e alimentos gelatinosos, o alginato de s\u00f3dio pode solidificar rapidamente o l\u00edquido em um s\u00f3lido e manter sua forma e sabor.<\/li>\n<li>Emulsificante: O alginato de s\u00f3dio pode ajudar a emulsionar \u00f3leo e \u00e1gua, melhorando a textura e o sabor dos alimentos. Em produtos como queijo, sorvete e molhos, ele pode estabilizar a emuls\u00e3o, evitar a estratifica\u00e7\u00e3o e melhorar o sabor.<\/li>\n<li>Espessante: Como espessante, o alginato de s\u00f3dio pode aumentar a viscosidade e a espessura dos alimentos e melhorar o sabor. Produtos como molhos, molhos para salada e sopas espessas se beneficiam muito disso.<\/li>\n<li>Produ\u00e7\u00e3o de filmes e agentes de embalagem: O alginato de s\u00f3dio pode formar um filme que pode ser usado para envolver a superf\u00edcie dos alimentos, como em embalagens de alimentos, esferas de suco e suplementos alimentares.<\/li>\n<li>Conservante: Certas caracter\u00edsticas do alginato de s\u00f3dio podem ajudar a preservar o frescor e a qualidade dos alimentos, ao mesmo tempo em que estendem sua vida \u00fatil, mesmo n\u00e3o sendo um conservante importante.<\/li>\n<\/ol>\n<h2><span class=\"ez-toc-section\" id=\"O_usuario_fez_a_seguinte_pergunta\"><\/span>O usu\u00e1rio fez a seguinte pergunta:<span class=\"ez-toc-section-end\"><\/span><\/h2>\n<p>Pergunta: Quais s\u00e3o as alternativas ao alginato de s\u00f3dio em aplica\u00e7\u00f5es aliment\u00edcias?<\/p>\n<p>Resposta: o alginato de s\u00f3dio \u00e9 comumente usado como um agente gelificante, estabilizador e espessante em aplica\u00e7\u00f5es aliment\u00edcias, mas tamb\u00e9m h\u00e1 uma variedade de alternativas, como \u00e1gar, carragenina, goma guar e goma xantana, cada uma das quais tem diferentes propriedades de gel, estabilidade e \u00e1reas de aplica\u00e7\u00e3o, e pode ser selecionada e aplicada de acordo com as necessidades espec\u00edficas de fabrica\u00e7\u00e3o de alimentos.<\/p>\n<p>Pergunta: a ingest\u00e3o moderada de alginato de s\u00f3dio ter\u00e1 impacto na sa\u00fade f\u00edsica?<\/p>\n<p>Resposta: na maioria dos casos, n\u00e3o afetar\u00e1 significativamente a sa\u00fade f\u00edsica. Como um aditivo alimentar natural, o alginato de s\u00f3dio \u00e9 amplamente considerado seguro, e sua ingest\u00e3o em alimentos \u00e9 geralmente controlada dentro de uma faixa segura. No entanto, a ingest\u00e3o excessiva a longo prazo pode causar desconforto digestivo, por isso \u00e9 recomendado us\u00e1-lo em h\u00e1bitos alimentares normais e seguir a dosagem recomendada de aditivos alimentares.<\/p>\n","protected":false},"excerpt":{"rendered":"<ul>\n<li>CAS: 9005-38-3<\/li>\n<li>F\u00f3rmula qu\u00edmica: C<sub>5<\/sub>H<sub>7<\/sub>O<sub>4<\/sub>COONa<\/li>\n<li>Certifica\u00e7\u00f5es: KOSHER, ISO, HALAL, FSSC22000, BRC, etc.<\/li>\n<li>Quantidade m\u00ednima do pedido: 1000KG<\/li>\n<li>Prazo de validade: 2 anos<\/li>\n<\/ul>\n<div id=\"gtx-trans\" style=\"position: absolute; left: 3px; top: 134.109px;\">\n<div class=\"gtx-trans-icon\"><\/div>\n<\/div>\n","protected":false},"featured_media":7968,"template":"","meta":{"site-sidebar-layout":"default","site-content-layout":"","ast-site-content-layout":"default","site-content-style":"default","site-sidebar-style":"default","ast-global-header-display":"","ast-banner-title-visibility":"","ast-main-header-display":"","ast-hfb-above-header-display":"","ast-hfb-below-header-display":"","ast-hfb-mobile-header-display":"","site-post-title":"","ast-breadcrumbs-content":"","ast-featured-img":"","footer-sml-layout":"","theme-transparent-header-meta":"default","adv-header-id-meta":"","stick-header-meta":"","header-above-stick-meta":"","header-main-stick-meta":"","header-below-stick-meta":"","astra-migrate-meta-layouts":"set","ast-page-background-enabled":"default","ast-page-background-meta":{"desktop":{"background-color":"var(--ast-global-color-4)","background-image":"","background-repeat":"repeat","background-position":"center center","background-size":"auto","background-attachment":"scroll","background-type":"","background-media":"","overlay-type":"","overlay-color":"","overlay-opacity":"","overlay-gradient":""},"tablet":{"background-color":"","background-image":"","background-repeat":"repeat","background-position":"center center","background-size":"auto","background-attachment":"scroll","background-type":"","background-media":"","overlay-type":"","overlay-color":"","overlay-opacity":"","overlay-gradient":""},"mobile":{"background-color":"","background-image":"","background-repeat":"repeat","background-position":"center center","background-size":"auto","background-attachment":"scroll","background-type":"","background-media":"","overlay-type":"","overlay-color":"","overlay-opacity":"","overlay-gradient":""}},"ast-content-background-meta":{"desktop":{"background-color":"var(--ast-global-color-5)","background-image":"","background-repeat":"repeat","background-position":"center center","background-size":"auto","background-attachment":"scroll","background-type":"","background-media":"","overlay-type":"","overlay-color":"","overlay-opacity":"","overlay-gradient":""},"tablet":{"background-color":"var(--ast-global-color-5)","background-image":"","background-repeat":"repeat","background-position":"center center","background-size":"auto","background-attachment":"scroll","background-type":"","background-media":"","overlay-type":"","overlay-color":"","overlay-opacity":"","overlay-gradient":""},"mobile":{"background-color":"var(--ast-global-color-5)","background-image":"","background-repeat":"repeat","background-position":"center center","background-size":"auto","background-attachment":"scroll","background-type":"","background-media":"","overlay-type":"","overlay-color":"","overlay-opacity":"","overlay-gradient":""}}},"product_brand":[],"product_cat":[79],"product_tag":[],"class_list":{"0":"post-8430","1":"product","2":"type-product","3":"status-publish","4":"has-post-thumbnail","6":"product_cat-produto-espessantes","7":"desktop-align-center","8":"tablet-align-left","9":"mobile-align-left","11":"first","12":"instock","13":"shipping-taxable","14":"product-type-simple"},"yoast_head":"<!-- This site is optimized with the Yoast SEO plugin v26.5 - https:\/\/yoast.com\/wordpress\/plugins\/seo\/ -->\n<title>Fornecedor de p\u00f3 de alginato de s\u00f3dio, fabricante E401 Pre\u00e7o a granel | Niranbio Chemical<\/title>\n<meta name=\"description\" content=\"Nosso p\u00f3 de alginato de s\u00f3dio parece um p\u00f3 amarelo claro, praticamente n\u00e3o tem sabor ou odor e se dissolve facilmente em \u00e1gua para criar um l\u00edquido espesso.\" \/>\n<meta name=\"robots\" content=\"noindex, follow, max-snippet:-1, max-image-preview:large, max-video-preview:-1\" \/>\n<meta name=\"twitter:label1\" content=\"Est. tempo de leitura\" \/>\n\t<meta name=\"twitter:data1\" content=\"3 minutos\" \/>\n<script type=\"application\/ld+json\" class=\"yoast-schema-graph\">{\"@context\":\"https:\/\/schema.org\",\"@graph\":[{\"@type\":\"WebPage\",\"@id\":\"https:\/\/theo.niranbio.com\/pt-br\/alginato-de-sodio.html\",\"url\":\"https:\/\/theo.niranbio.com\/pt-br\/alginato-de-sodio.html\",\"name\":\"Fornecedor de p\u00f3 de alginato de s\u00f3dio, fabricante E401 Pre\u00e7o a granel | Niranbio Chemical\",\"isPartOf\":{\"@id\":\"https:\/\/theo.niranbio.com\/pt-br\/#website\"},\"primaryImageOfPage\":{\"@id\":\"https:\/\/theo.niranbio.com\/pt-br\/alginato-de-sodio.html#primaryimage\"},\"image\":{\"@id\":\"https:\/\/theo.niranbio.com\/pt-br\/alginato-de-sodio.html#primaryimage\"},\"thumbnailUrl\":\"https:\/\/theo.niranbio.com\/wp-content\/uploads\/2024\/06\/Sodium-Alginate.webp\",\"datePublished\":\"2024-06-20T02:26:44+00:00\",\"dateModified\":\"2024-08-13T06:26:27+00:00\",\"description\":\"Nosso p\u00f3 de alginato de s\u00f3dio parece um p\u00f3 amarelo claro, praticamente n\u00e3o tem sabor ou odor e se dissolve facilmente em \u00e1gua para criar um l\u00edquido espesso.\",\"breadcrumb\":{\"@id\":\"https:\/\/theo.niranbio.com\/pt-br\/alginato-de-sodio.html#breadcrumb\"},\"inLanguage\":\"pt-BR\",\"potentialAction\":[{\"@type\":\"ReadAction\",\"target\":[\"https:\/\/theo.niranbio.com\/pt-br\/alginato-de-sodio.html\"]}]},{\"@type\":\"ImageObject\",\"inLanguage\":\"pt-BR\",\"@id\":\"https:\/\/theo.niranbio.com\/pt-br\/alginato-de-sodio.html#primaryimage\",\"url\":\"https:\/\/theo.niranbio.com\/wp-content\/uploads\/2024\/06\/Sodium-Alginate.webp\",\"contentUrl\":\"https:\/\/theo.niranbio.com\/wp-content\/uploads\/2024\/06\/Sodium-Alginate.webp\",\"width\":600,\"height\":600,\"caption\":\"Alginato de S\u00f3dio\"},{\"@type\":\"BreadcrumbList\",\"@id\":\"https:\/\/theo.niranbio.com\/pt-br\/alginato-de-sodio.html#breadcrumb\",\"itemListElement\":[{\"@type\":\"ListItem\",\"position\":1,\"name\":\"Home\",\"item\":\"https:\/\/theo.niranbio.com\/pt-br\/\"},{\"@type\":\"ListItem\",\"position\":2,\"name\":\"Produtos\",\"item\":\"https:\/\/theo.niranbio.com\/pt-br\/produtos.html\"},{\"@type\":\"ListItem\",\"position\":3,\"name\":\"Espessantes\",\"item\":\"https:\/\/theo.niranbio.com\/pt-br\/produto-espessantes\/\"},{\"@type\":\"ListItem\",\"position\":4,\"name\":\"Alginato de s\u00f3dio\"}]},{\"@type\":\"WebSite\",\"@id\":\"https:\/\/theo.niranbio.com\/pt-br\/#website\",\"url\":\"https:\/\/theo.niranbio.com\/pt-br\/\",\"name\":\"Niranbio Chemical\",\"description\":\"\",\"publisher\":{\"@id\":\"https:\/\/theo.niranbio.com\/pt-br\/#organization\"},\"potentialAction\":[{\"@type\":\"SearchAction\",\"target\":{\"@type\":\"EntryPoint\",\"urlTemplate\":\"https:\/\/theo.niranbio.com\/pt-br\/?s={search_term_string}\"},\"query-input\":{\"@type\":\"PropertyValueSpecification\",\"valueRequired\":true,\"valueName\":\"search_term_string\"}}],\"inLanguage\":\"pt-BR\"},{\"@type\":\"Organization\",\"@id\":\"https:\/\/theo.niranbio.com\/pt-br\/#organization\",\"name\":\"Niranbio Chemical\",\"url\":\"https:\/\/theo.niranbio.com\/pt-br\/\",\"logo\":{\"@type\":\"ImageObject\",\"inLanguage\":\"pt-BR\",\"@id\":\"https:\/\/theo.niranbio.com\/pt-br\/#\/schema\/logo\/image\/\",\"url\":\"https:\/\/theo.niranbio.com\/wp-content\/uploads\/2024\/06\/Niranbio.png\",\"contentUrl\":\"https:\/\/theo.niranbio.com\/wp-content\/uploads\/2024\/06\/Niranbio.png\",\"width\":270,\"height\":100,\"caption\":\"Niranbio Chemical\"},\"image\":{\"@id\":\"https:\/\/theo.niranbio.com\/pt-br\/#\/schema\/logo\/image\/\"}}]}<\/script>\n<!-- \/ Yoast SEO plugin. -->","yoast_head_json":{"title":"Fornecedor de p\u00f3 de alginato de s\u00f3dio, fabricante E401 Pre\u00e7o a granel | Niranbio Chemical","description":"Nosso p\u00f3 de alginato de s\u00f3dio parece um p\u00f3 amarelo claro, praticamente n\u00e3o tem sabor ou odor e se dissolve facilmente em \u00e1gua para criar um l\u00edquido espesso.","robots":{"index":"noindex","follow":"follow","max-snippet":"max-snippet:-1","max-image-preview":"max-image-preview:large","max-video-preview":"max-video-preview:-1"},"twitter_misc":{"Est. tempo de leitura":"3 minutos"},"schema":{"@context":"https:\/\/schema.org","@graph":[{"@type":"WebPage","@id":"https:\/\/theo.niranbio.com\/pt-br\/alginato-de-sodio.html","url":"https:\/\/theo.niranbio.com\/pt-br\/alginato-de-sodio.html","name":"Fornecedor de p\u00f3 de alginato de s\u00f3dio, fabricante E401 Pre\u00e7o a granel | Niranbio Chemical","isPartOf":{"@id":"https:\/\/theo.niranbio.com\/pt-br\/#website"},"primaryImageOfPage":{"@id":"https:\/\/theo.niranbio.com\/pt-br\/alginato-de-sodio.html#primaryimage"},"image":{"@id":"https:\/\/theo.niranbio.com\/pt-br\/alginato-de-sodio.html#primaryimage"},"thumbnailUrl":"https:\/\/theo.niranbio.com\/wp-content\/uploads\/2024\/06\/Sodium-Alginate.webp","datePublished":"2024-06-20T02:26:44+00:00","dateModified":"2024-08-13T06:26:27+00:00","description":"Nosso p\u00f3 de alginato de s\u00f3dio parece um p\u00f3 amarelo claro, praticamente n\u00e3o tem sabor ou odor e se dissolve facilmente em \u00e1gua para criar um l\u00edquido espesso.","breadcrumb":{"@id":"https:\/\/theo.niranbio.com\/pt-br\/alginato-de-sodio.html#breadcrumb"},"inLanguage":"pt-BR","potentialAction":[{"@type":"ReadAction","target":["https:\/\/theo.niranbio.com\/pt-br\/alginato-de-sodio.html"]}]},{"@type":"ImageObject","inLanguage":"pt-BR","@id":"https:\/\/theo.niranbio.com\/pt-br\/alginato-de-sodio.html#primaryimage","url":"https:\/\/theo.niranbio.com\/wp-content\/uploads\/2024\/06\/Sodium-Alginate.webp","contentUrl":"https:\/\/theo.niranbio.com\/wp-content\/uploads\/2024\/06\/Sodium-Alginate.webp","width":600,"height":600,"caption":"Alginato de S\u00f3dio"},{"@type":"BreadcrumbList","@id":"https:\/\/theo.niranbio.com\/pt-br\/alginato-de-sodio.html#breadcrumb","itemListElement":[{"@type":"ListItem","position":1,"name":"Home","item":"https:\/\/theo.niranbio.com\/pt-br\/"},{"@type":"ListItem","position":2,"name":"Produtos","item":"https:\/\/theo.niranbio.com\/pt-br\/produtos.html"},{"@type":"ListItem","position":3,"name":"Espessantes","item":"https:\/\/theo.niranbio.com\/pt-br\/produto-espessantes\/"},{"@type":"ListItem","position":4,"name":"Alginato de s\u00f3dio"}]},{"@type":"WebSite","@id":"https:\/\/theo.niranbio.com\/pt-br\/#website","url":"https:\/\/theo.niranbio.com\/pt-br\/","name":"Niranbio Chemical","description":"","publisher":{"@id":"https:\/\/theo.niranbio.com\/pt-br\/#organization"},"potentialAction":[{"@type":"SearchAction","target":{"@type":"EntryPoint","urlTemplate":"https:\/\/theo.niranbio.com\/pt-br\/?s={search_term_string}"},"query-input":{"@type":"PropertyValueSpecification","valueRequired":true,"valueName":"search_term_string"}}],"inLanguage":"pt-BR"},{"@type":"Organization","@id":"https:\/\/theo.niranbio.com\/pt-br\/#organization","name":"Niranbio Chemical","url":"https:\/\/theo.niranbio.com\/pt-br\/","logo":{"@type":"ImageObject","inLanguage":"pt-BR","@id":"https:\/\/theo.niranbio.com\/pt-br\/#\/schema\/logo\/image\/","url":"https:\/\/theo.niranbio.com\/wp-content\/uploads\/2024\/06\/Niranbio.png","contentUrl":"https:\/\/theo.niranbio.com\/wp-content\/uploads\/2024\/06\/Niranbio.png","width":270,"height":100,"caption":"Niranbio Chemical"},"image":{"@id":"https:\/\/theo.niranbio.com\/pt-br\/#\/schema\/logo\/image\/"}}]}},"_links":{"self":[{"href":"https:\/\/theo.niranbio.com\/pt-br\/wp-json\/wp\/v2\/product\/8430","targetHints":{"allow":["GET"]}}],"collection":[{"href":"https:\/\/theo.niranbio.com\/pt-br\/wp-json\/wp\/v2\/product"}],"about":[{"href":"https:\/\/theo.niranbio.com\/pt-br\/wp-json\/wp\/v2\/types\/product"}],"version-history":[{"count":0,"href":"https:\/\/theo.niranbio.com\/pt-br\/wp-json\/wp\/v2\/product\/8430\/revisions"}],"wp:featuredmedia":[{"embeddable":true,"href":"https:\/\/theo.niranbio.com\/pt-br\/wp-json\/wp\/v2\/media\/7968"}],"wp:attachment":[{"href":"https:\/\/theo.niranbio.com\/pt-br\/wp-json\/wp\/v2\/media?parent=8430"}],"wp:term":[{"taxonomy":"product_brand","embeddable":true,"href":"https:\/\/theo.niranbio.com\/pt-br\/wp-json\/wp\/v2\/product_brand?post=8430"},{"taxonomy":"product_cat","embeddable":true,"href":"https:\/\/theo.niranbio.com\/pt-br\/wp-json\/wp\/v2\/product_cat?post=8430"},{"taxonomy":"product_tag","embeddable":true,"href":"https:\/\/theo.niranbio.com\/pt-br\/wp-json\/wp\/v2\/product_tag?post=8430"}],"curies":[{"name":"wp","href":"https:\/\/api.w.org\/{rel}","templated":true}]}}