{"id":8428,"date":"2024-06-20T09:29:39","date_gmt":"2024-06-20T01:29:39","guid":{"rendered":"https:\/\/theo.niranbio.com\/extrato-de-malte-liquido\/"},"modified":"2024-08-16T16:47:05","modified_gmt":"2024-08-16T08:47:05","slug":"extrato-de-malte-liquido","status":"publish","type":"product","link":"https:\/\/theo.niranbio.com\/pt-br\/extrato-de-malte-liquido.html","title":{"rendered":"Extrato de malte &#8211; l\u00edquido"},"content":{"rendered":"<h2><span class=\"ez-toc-section\" id=\"O_que_e_extrato_liquido_de_malte\"><\/span>O que \u00e9 extrato l\u00edquido de malte?<span class=\"ez-toc-section-end\"><\/span><\/h2>\n<p>O extrato de malte l\u00edquido \u00e9 um alimento natural que vem inteiramente de gr\u00e3os. \u00c9 feito de malte de cevada, cevada, \u00e1gua e enzimas e, em seguida, \u00e9 obtido por meio de triagem, descascamento, tritura\u00e7\u00e3o, sacarifica\u00e7\u00e3o, filtragem, evapora\u00e7\u00e3o, embalagem e outros m\u00e9todos de processo.<\/p>\n<p>Ele aparece como um l\u00edquido viscoso marrom, rico em maltose, frutose, glicose, amino\u00e1cidos essenciais para o corpo humano, m\u00faltiplas vitaminas, etc. Em v\u00e1rias facetas da ind\u00fastria aliment\u00edcia, \u00e9 comumente utilizado. O extrato de malte l\u00edquido \u00e9 feito de malte de cevada (cevada) de alta qualidade selecionado como mat\u00e9ria-prima, que \u00e9 triturado e hidrolisado enzimaticamente em mosto e, em seguida, filtrado e concentrado a v\u00e1cuo para obter extrato de malte l\u00edquido.<\/p>\n<h2><span class=\"ez-toc-section\" id=\"Parametros_relacionados\"><\/span>Par\u00e2metros relacionados:<span class=\"ez-toc-section-end\"><\/span><\/h2>\n<table>\n<tbody>\n<tr>\n<td><strong>Teste<\/strong><\/td>\n<td><strong>Resultado<\/strong><\/td>\n<\/tr>\n<tr>\n<td>Apar\u00eancia<\/td>\n<td>L\u00edquido viscoso de cor marrom<\/td>\n<\/tr>\n<tr>\n<td>Odor e sabor<\/td>\n<td>Sabor agrad\u00e1vel e caracter\u00edstico de malte, levemente adocicado<\/td>\n<\/tr>\n<tr>\n<td>S\u00f3lido seco, %<\/td>\n<td>75-85<\/td>\n<\/tr>\n<tr>\n<td>Prote\u00edna (base seca),%<\/td>\n<td>\u22654.2<\/td>\n<\/tr>\n<tr>\n<td>Valor DE,%<\/td>\n<td>30-60<\/td>\n<\/tr>\n<tr>\n<td>Cor quando fresco, EBC<\/td>\n<td>5-15<\/td>\n<\/tr>\n<tr>\n<td>Valor de pH (solu\u00e7\u00e3o a 10%)<\/td>\n<td>5.0-6.0<\/td>\n<\/tr>\n<tr>\n<td>Acidez, ml\/10g<\/td>\n<td>\u226418.0<\/td>\n<\/tr>\n<tr>\n<td>Cinza de sulfato,%<\/td>\n<td>\u22642.7<\/td>\n<\/tr>\n<tr>\n<td>Res\u00edduos de SO2, g\/kg<\/td>\n<td>\u22640.04<\/td>\n<\/tr>\n<tr>\n<td>Chumbo (como Pb), mg\/kg<\/td>\n<td>\u22640.5<\/td>\n<\/tr>\n<tr>\n<td>Ars\u00eanio total (como As), mg\/kg<\/td>\n<td>\u22641.0<\/td>\n<\/tr>\n<tr>\n<td>Cobre (como Cu), mg\/kg<\/td>\n<td>\u22645.0<\/td>\n<\/tr>\n<tr>\n<td>Contagem de placas aer\u00f3bicas, cfu\/g<\/td>\n<td>\u22643000<\/td>\n<\/tr>\n<tr>\n<td>Coliformes, MPN\/g<\/td>\n<td>M\u00e1ximo 0,3 Dosagem recomendada<\/td>\n<\/tr>\n<\/tbody>\n<\/table>\n<h2><span class=\"ez-toc-section\" id=\"Dosagem_recomendada\"><\/span>Dosagem recomendada<span class=\"ez-toc-section-end\"><\/span><\/h2>\n<table>\n<tbody>\n<tr>\n<td><strong>Nome do alimento<\/strong><\/td>\n<td><strong>Uso m\u00e1ximo (g\/kg)<\/strong><\/td>\n<\/tr>\n<tr>\n<td>Bebidas carbonatadas<\/td>\n<td>3 g\/kg<\/td>\n<\/tr>\n<tr>\n<td>Bebidas \u00e0 base de ch\u00e1<\/td>\n<td>4 g\/kg<\/td>\n<\/tr>\n<tr>\n<td>Bebidas de frutas<\/td>\n<td>5 g\/kg<\/td>\n<\/tr>\n<tr>\n<td>P\u00e3o<\/td>\n<td>15 g\/kg<\/td>\n<\/tr>\n<tr>\n<td>Bolo<\/td>\n<td>20 g\/kg<\/td>\n<\/tr>\n<tr>\n<td>Iogurte<\/td>\n<td>10 g\/kg<\/td>\n<\/tr>\n<tr>\n<td>Leite<\/td>\n<td>4 g\/kg<\/td>\n<\/tr>\n<tr>\n<td>Balas macias<\/td>\n<td>30 g\/kg<\/td>\n<\/tr>\n<tr>\n<td>Balas duras<\/td>\n<td>25 g\/kg<\/td>\n<\/tr>\n<tr>\n<td>Molho de soja<\/td>\n<td>5 g\/kg<\/td>\n<\/tr>\n<tr>\n<td>Vinagre<\/td>\n<td>4 g\/kg<\/td>\n<\/tr>\n<tr>\n<td>Ketchup<\/td>\n<td>8 g\/kg<\/td>\n<\/tr>\n<tr>\n<td>Presunto<\/td>\n<td>10 g\/kg<\/td>\n<\/tr>\n<\/tbody>\n<\/table>\n<h2><span class=\"ez-toc-section\" id=\"O_extrato_liquido_de_malte_tem_uma_ampla_variedade_de_usos\"><\/span>O extrato l\u00edquido de malte tem uma ampla variedade de usos<span class=\"ez-toc-section-end\"><\/span><\/h2>\n<ol>\n<li>Ind\u00fastria aliment\u00edcia: Viscoso No setor aliment\u00edcio, o extrato de malte l\u00edquido \u00e9 utilizado principalmente como antioxidante e conservante natural. Os alimentos podem ser mantidos frescos por mais tempo e evitados de estragar com sua vida \u00fatil estendida. Al\u00e9m disso, o extrato de malte l\u00edquido tamb\u00e9m tem efeitos antibacterianos, antivirais e anti-inflamat\u00f3rios, o que pode melhorar a fun\u00e7\u00e3o de sa\u00fade dos alimentos. Como o extrato de malte \u00e9 um ingrediente natural, ele \u00e9 cada vez mais favorecido pelos consumidores.<\/li>\n<li>Ind\u00fastria de bebidas: O extrato de malte l\u00edquido \u00e9 usado principalmente na ind\u00fastria de bebidas para produzir bebidas como cerveja, ch\u00e1 de malte e caf\u00e9 de malte. Na produ\u00e7\u00e3o de cerveja, o extrato de malte pode fornecer o sabor e o aroma \u00fanicos da cerveja, ao mesmo tempo em que melhora a fun\u00e7\u00e3o de sa\u00fade da cerveja. Na produ\u00e7\u00e3o de ch\u00e1 de malte e caf\u00e9 de malte, o extrato de malte pode aumentar o sabor e a qualidade da bebida, tornando-a mais deliciosa.<\/li>\n<li>Campo farmac\u00eautico: O extrato de malte-l\u00edquido tem uma variedade de efeitos farmacol\u00f3gicos no campo farmac\u00eautico, como anti-inflamat\u00f3rio, antioxidante, antibacteriano e antiviral. Consequentemente, uma ampla gama de medicamentos, incluindo aqueles para o cora\u00e7\u00e3o, c\u00e2ncer e inflama\u00e7\u00e3o, podem ser feitos com extrato de malte.<\/li>\n<li>Outros campos: Al\u00e9m dos campos acima, o extrato de malte-l\u00edquido tamb\u00e9m pode ser usado em alimentos para animais de estima\u00e7\u00e3o, ra\u00e7\u00f5es, cosm\u00e9ticos e pesticidas biol\u00f3gicos.<\/li>\n<\/ol>\n<h2><span class=\"ez-toc-section\" id=\"O_usuario_fez_a_seguinte_pergunta\"><\/span>O usu\u00e1rio fez a seguinte pergunta:<span class=\"ez-toc-section-end\"><\/span><\/h2>\n<p>Pergunta: Quais s\u00e3o as vantagens do extrato de malte l\u00edquido sobre o extrato de malte seco?<\/p>\n<p>Resposta: O extrato de malte l\u00edquido \u00e9 mais f\u00e1cil de misturar com outros ingredientes l\u00edquidos, especialmente em bebidas e alimentos l\u00edquidos; e n\u00e3o requer etapas adicionais de dissolu\u00e7\u00e3o durante o processo de produ\u00e7\u00e3o e pode ser usado diretamente; em algumas aplica\u00e7\u00f5es, a forma l\u00edquida pode fornecer uma textura mais suave e melhor sabor.<\/p>\n","protected":false},"excerpt":{"rendered":"<ul>\n<li>CAS: 8002-48-0<\/li>\n<li>Certifica\u00e7\u00f5es: KOSHER, ISO, HALAL, FSSC22000, BRC, etc.<\/li>\n<li>Quantidade m\u00ednima do pedido: 1000KG<\/li>\n<li>Prazo de validade: 2 anos<\/li>\n<\/ul>\n<div id=\"gtx-trans\" style=\"position: absolute; left: -18px; top: 56.4062px;\">\n<div class=\"gtx-trans-icon\"><\/div>\n<\/div>\n","protected":false},"featured_media":8053,"template":"","meta":{"site-sidebar-layout":"default","site-content-layout":"","ast-site-content-layout":"default","site-content-style":"default","site-sidebar-style":"default","ast-global-header-display":"","ast-banner-title-visibility":"","ast-main-header-display":"","ast-hfb-above-header-display":"","ast-hfb-below-header-display":"","ast-hfb-mobile-header-display":"","site-post-title":"","ast-breadcrumbs-content":"","ast-featured-img":"","footer-sml-layout":"","theme-transparent-header-meta":"default","adv-header-id-meta":"","stick-header-meta":"","header-above-stick-meta":"","header-main-stick-meta":"","header-below-stick-meta":"","astra-migrate-meta-layouts":"set","ast-page-background-enabled":"default","ast-page-background-meta":{"desktop":{"background-color":"var(--ast-global-color-4)","background-image":"","background-repeat":"repeat","background-position":"center center","background-size":"auto","background-attachment":"scroll","background-type":"","background-media":"","overlay-type":"","overlay-color":"","overlay-opacity":"","overlay-gradient":""},"tablet":{"background-color":"","background-image":"","background-repeat":"repeat","background-position":"center center","background-size":"auto","background-attachment":"scroll","background-type":"","background-media":"","overlay-type":"","overlay-color":"","overlay-opacity":"","overlay-gradient":""},"mobile":{"background-color":"","background-image":"","background-repeat":"repeat","background-position":"center center","background-size":"auto","background-attachment":"scroll","background-type":"","background-media":"","overlay-type":"","overlay-color":"","overlay-opacity":"","overlay-gradient":""}},"ast-content-background-meta":{"desktop":{"background-color":"var(--ast-global-color-5)","background-image":"","background-repeat":"repeat","background-position":"center center","background-size":"auto","background-attachment":"scroll","background-type":"","background-media":"","overlay-type":"","overlay-color":"","overlay-opacity":"","overlay-gradient":""},"tablet":{"background-color":"var(--ast-global-color-5)","background-image":"","background-repeat":"repeat","background-position":"center center","background-size":"auto","background-attachment":"scroll","background-type":"","background-media":"","overlay-type":"","overlay-color":"","overlay-opacity":"","overlay-gradient":""},"mobile":{"background-color":"var(--ast-global-color-5)","background-image":"","background-repeat":"repeat","background-position":"center center","background-size":"auto","background-attachment":"scroll","background-type":"","background-media":"","overlay-type":"","overlay-color":"","overlay-opacity":"","overlay-gradient":""}}},"product_brand":[],"product_cat":[77],"product_tag":[],"class_list":{"0":"post-8428","1":"product","2":"type-product","3":"status-publish","4":"has-post-thumbnail","6":"product_cat-produto-adocante","7":"desktop-align-center","8":"tablet-align-left","9":"mobile-align-left","11":"first","12":"instock","13":"shipping-taxable","14":"product-type-simple"},"yoast_head":"<!-- This site is optimized with the Yoast SEO plugin v26.5 - https:\/\/yoast.com\/wordpress\/plugins\/seo\/ -->\n<title>Comprar Extrato De Malte, Extrato De Malte Liquido Pre\u00e7o | Niranbio Chemical<\/title>\n<meta name=\"description\" content=\"Nosso extrato de malte rico em nutrientes oferece um sabor doce e maltado, ideal para fermenta\u00e7\u00e3o e panifica\u00e7\u00e3o, melhorando a fermenta\u00e7\u00e3o, a cor, o sabor e os benef\u00edcios nutricionais.\" \/>\n<meta name=\"robots\" content=\"noindex, follow, max-snippet:-1, max-image-preview:large, max-video-preview:-1\" \/>\n<meta name=\"twitter:label1\" content=\"Est. tempo de leitura\" \/>\n\t<meta name=\"twitter:data1\" content=\"3 minutos\" \/>\n<script type=\"application\/ld+json\" class=\"yoast-schema-graph\">{\"@context\":\"https:\/\/schema.org\",\"@graph\":[{\"@type\":\"WebPage\",\"@id\":\"https:\/\/theo.niranbio.com\/pt-br\/extrato-de-malte-liquido.html\",\"url\":\"https:\/\/theo.niranbio.com\/pt-br\/extrato-de-malte-liquido.html\",\"name\":\"Comprar Extrato De Malte, Extrato De Malte Liquido Pre\u00e7o | Niranbio Chemical\",\"isPartOf\":{\"@id\":\"https:\/\/theo.niranbio.com\/pt-br\/#website\"},\"primaryImageOfPage\":{\"@id\":\"https:\/\/theo.niranbio.com\/pt-br\/extrato-de-malte-liquido.html#primaryimage\"},\"image\":{\"@id\":\"https:\/\/theo.niranbio.com\/pt-br\/extrato-de-malte-liquido.html#primaryimage\"},\"thumbnailUrl\":\"https:\/\/theo.niranbio.com\/wp-content\/uploads\/2024\/06\/Liquid-Malt-Extract.webp\",\"datePublished\":\"2024-06-20T01:29:39+00:00\",\"dateModified\":\"2024-08-16T08:47:05+00:00\",\"description\":\"Nosso extrato de malte rico em nutrientes oferece um sabor doce e maltado, ideal para fermenta\u00e7\u00e3o e panifica\u00e7\u00e3o, melhorando a fermenta\u00e7\u00e3o, a cor, o sabor e os benef\u00edcios nutricionais.\",\"breadcrumb\":{\"@id\":\"https:\/\/theo.niranbio.com\/pt-br\/extrato-de-malte-liquido.html#breadcrumb\"},\"inLanguage\":\"pt-BR\",\"potentialAction\":[{\"@type\":\"ReadAction\",\"target\":[\"https:\/\/theo.niranbio.com\/pt-br\/extrato-de-malte-liquido.html\"]}]},{\"@type\":\"ImageObject\",\"inLanguage\":\"pt-BR\",\"@id\":\"https:\/\/theo.niranbio.com\/pt-br\/extrato-de-malte-liquido.html#primaryimage\",\"url\":\"https:\/\/theo.niranbio.com\/wp-content\/uploads\/2024\/06\/Liquid-Malt-Extract.webp\",\"contentUrl\":\"https:\/\/theo.niranbio.com\/wp-content\/uploads\/2024\/06\/Liquid-Malt-Extract.webp\",\"width\":600,\"height\":600,\"caption\":\"Extrato de Malte L\u00edquido\"},{\"@type\":\"BreadcrumbList\",\"@id\":\"https:\/\/theo.niranbio.com\/pt-br\/extrato-de-malte-liquido.html#breadcrumb\",\"itemListElement\":[{\"@type\":\"ListItem\",\"position\":1,\"name\":\"Home\",\"item\":\"https:\/\/theo.niranbio.com\/pt-br\/\"},{\"@type\":\"ListItem\",\"position\":2,\"name\":\"Produtos\",\"item\":\"https:\/\/theo.niranbio.com\/pt-br\/produtos.html\"},{\"@type\":\"ListItem\",\"position\":3,\"name\":\"Ado\u00e7antes\",\"item\":\"https:\/\/theo.niranbio.com\/pt-br\/produto-adocante\/\"},{\"@type\":\"ListItem\",\"position\":4,\"name\":\"Extrato de malte &#8211; l\u00edquido\"}]},{\"@type\":\"WebSite\",\"@id\":\"https:\/\/theo.niranbio.com\/pt-br\/#website\",\"url\":\"https:\/\/theo.niranbio.com\/pt-br\/\",\"name\":\"Niranbio Chemical\",\"description\":\"\",\"publisher\":{\"@id\":\"https:\/\/theo.niranbio.com\/pt-br\/#organization\"},\"potentialAction\":[{\"@type\":\"SearchAction\",\"target\":{\"@type\":\"EntryPoint\",\"urlTemplate\":\"https:\/\/theo.niranbio.com\/pt-br\/?s={search_term_string}\"},\"query-input\":{\"@type\":\"PropertyValueSpecification\",\"valueRequired\":true,\"valueName\":\"search_term_string\"}}],\"inLanguage\":\"pt-BR\"},{\"@type\":\"Organization\",\"@id\":\"https:\/\/theo.niranbio.com\/pt-br\/#organization\",\"name\":\"Niranbio Chemical\",\"url\":\"https:\/\/theo.niranbio.com\/pt-br\/\",\"logo\":{\"@type\":\"ImageObject\",\"inLanguage\":\"pt-BR\",\"@id\":\"https:\/\/theo.niranbio.com\/pt-br\/#\/schema\/logo\/image\/\",\"url\":\"https:\/\/theo.niranbio.com\/wp-content\/uploads\/2024\/06\/Niranbio.png\",\"contentUrl\":\"https:\/\/theo.niranbio.com\/wp-content\/uploads\/2024\/06\/Niranbio.png\",\"width\":270,\"height\":100,\"caption\":\"Niranbio Chemical\"},\"image\":{\"@id\":\"https:\/\/theo.niranbio.com\/pt-br\/#\/schema\/logo\/image\/\"}}]}<\/script>\n<!-- \/ Yoast SEO plugin. -->","yoast_head_json":{"title":"Comprar Extrato De Malte, Extrato De Malte Liquido Pre\u00e7o | Niranbio Chemical","description":"Nosso extrato de malte rico em nutrientes oferece um sabor doce e maltado, ideal para fermenta\u00e7\u00e3o e panifica\u00e7\u00e3o, melhorando a fermenta\u00e7\u00e3o, a cor, o sabor e os benef\u00edcios nutricionais.","robots":{"index":"noindex","follow":"follow","max-snippet":"max-snippet:-1","max-image-preview":"max-image-preview:large","max-video-preview":"max-video-preview:-1"},"twitter_misc":{"Est. tempo de leitura":"3 minutos"},"schema":{"@context":"https:\/\/schema.org","@graph":[{"@type":"WebPage","@id":"https:\/\/theo.niranbio.com\/pt-br\/extrato-de-malte-liquido.html","url":"https:\/\/theo.niranbio.com\/pt-br\/extrato-de-malte-liquido.html","name":"Comprar Extrato De Malte, Extrato De Malte Liquido Pre\u00e7o | Niranbio Chemical","isPartOf":{"@id":"https:\/\/theo.niranbio.com\/pt-br\/#website"},"primaryImageOfPage":{"@id":"https:\/\/theo.niranbio.com\/pt-br\/extrato-de-malte-liquido.html#primaryimage"},"image":{"@id":"https:\/\/theo.niranbio.com\/pt-br\/extrato-de-malte-liquido.html#primaryimage"},"thumbnailUrl":"https:\/\/theo.niranbio.com\/wp-content\/uploads\/2024\/06\/Liquid-Malt-Extract.webp","datePublished":"2024-06-20T01:29:39+00:00","dateModified":"2024-08-16T08:47:05+00:00","description":"Nosso extrato de malte rico em nutrientes oferece um sabor doce e maltado, ideal para fermenta\u00e7\u00e3o e panifica\u00e7\u00e3o, melhorando a fermenta\u00e7\u00e3o, a cor, o sabor e os benef\u00edcios nutricionais.","breadcrumb":{"@id":"https:\/\/theo.niranbio.com\/pt-br\/extrato-de-malte-liquido.html#breadcrumb"},"inLanguage":"pt-BR","potentialAction":[{"@type":"ReadAction","target":["https:\/\/theo.niranbio.com\/pt-br\/extrato-de-malte-liquido.html"]}]},{"@type":"ImageObject","inLanguage":"pt-BR","@id":"https:\/\/theo.niranbio.com\/pt-br\/extrato-de-malte-liquido.html#primaryimage","url":"https:\/\/theo.niranbio.com\/wp-content\/uploads\/2024\/06\/Liquid-Malt-Extract.webp","contentUrl":"https:\/\/theo.niranbio.com\/wp-content\/uploads\/2024\/06\/Liquid-Malt-Extract.webp","width":600,"height":600,"caption":"Extrato de Malte L\u00edquido"},{"@type":"BreadcrumbList","@id":"https:\/\/theo.niranbio.com\/pt-br\/extrato-de-malte-liquido.html#breadcrumb","itemListElement":[{"@type":"ListItem","position":1,"name":"Home","item":"https:\/\/theo.niranbio.com\/pt-br\/"},{"@type":"ListItem","position":2,"name":"Produtos","item":"https:\/\/theo.niranbio.com\/pt-br\/produtos.html"},{"@type":"ListItem","position":3,"name":"Ado\u00e7antes","item":"https:\/\/theo.niranbio.com\/pt-br\/produto-adocante\/"},{"@type":"ListItem","position":4,"name":"Extrato de malte &#8211; l\u00edquido"}]},{"@type":"WebSite","@id":"https:\/\/theo.niranbio.com\/pt-br\/#website","url":"https:\/\/theo.niranbio.com\/pt-br\/","name":"Niranbio Chemical","description":"","publisher":{"@id":"https:\/\/theo.niranbio.com\/pt-br\/#organization"},"potentialAction":[{"@type":"SearchAction","target":{"@type":"EntryPoint","urlTemplate":"https:\/\/theo.niranbio.com\/pt-br\/?s={search_term_string}"},"query-input":{"@type":"PropertyValueSpecification","valueRequired":true,"valueName":"search_term_string"}}],"inLanguage":"pt-BR"},{"@type":"Organization","@id":"https:\/\/theo.niranbio.com\/pt-br\/#organization","name":"Niranbio Chemical","url":"https:\/\/theo.niranbio.com\/pt-br\/","logo":{"@type":"ImageObject","inLanguage":"pt-BR","@id":"https:\/\/theo.niranbio.com\/pt-br\/#\/schema\/logo\/image\/","url":"https:\/\/theo.niranbio.com\/wp-content\/uploads\/2024\/06\/Niranbio.png","contentUrl":"https:\/\/theo.niranbio.com\/wp-content\/uploads\/2024\/06\/Niranbio.png","width":270,"height":100,"caption":"Niranbio Chemical"},"image":{"@id":"https:\/\/theo.niranbio.com\/pt-br\/#\/schema\/logo\/image\/"}}]}},"_links":{"self":[{"href":"https:\/\/theo.niranbio.com\/pt-br\/wp-json\/wp\/v2\/product\/8428","targetHints":{"allow":["GET"]}}],"collection":[{"href":"https:\/\/theo.niranbio.com\/pt-br\/wp-json\/wp\/v2\/product"}],"about":[{"href":"https:\/\/theo.niranbio.com\/pt-br\/wp-json\/wp\/v2\/types\/product"}],"version-history":[{"count":0,"href":"https:\/\/theo.niranbio.com\/pt-br\/wp-json\/wp\/v2\/product\/8428\/revisions"}],"wp:featuredmedia":[{"embeddable":true,"href":"https:\/\/theo.niranbio.com\/pt-br\/wp-json\/wp\/v2\/media\/8053"}],"wp:attachment":[{"href":"https:\/\/theo.niranbio.com\/pt-br\/wp-json\/wp\/v2\/media?parent=8428"}],"wp:term":[{"taxonomy":"product_brand","embeddable":true,"href":"https:\/\/theo.niranbio.com\/pt-br\/wp-json\/wp\/v2\/product_brand?post=8428"},{"taxonomy":"product_cat","embeddable":true,"href":"https:\/\/theo.niranbio.com\/pt-br\/wp-json\/wp\/v2\/product_cat?post=8428"},{"taxonomy":"product_tag","embeddable":true,"href":"https:\/\/theo.niranbio.com\/pt-br\/wp-json\/wp\/v2\/product_tag?post=8428"}],"curies":[{"name":"wp","href":"https:\/\/api.w.org\/{rel}","templated":true}]}}