{"id":8427,"date":"2024-06-20T09:30:17","date_gmt":"2024-06-20T01:30:17","guid":{"rendered":"https:\/\/theo.niranbio.com\/alluloso\/"},"modified":"2024-08-16T16:41:36","modified_gmt":"2024-08-16T08:41:36","slug":"alluloso","status":"publish","type":"product","link":"https:\/\/theo.niranbio.com\/pt-br\/alluloso.html","title":{"rendered":"Alulose"},"content":{"rendered":"<h2><span class=\"ez-toc-section\" id=\"O_que_e_alulose\"><\/span>O que \u00e9 alulose?<span class=\"ez-toc-section-end\"><\/span><\/h2>\n<p>Uma cetose incomum de seis carbonos conhecida como celulose \u00e9 de cor branca granulada ou em p\u00f3. \u00c9 quase totalmente livre de calorias e tem vantagens \u00fanicas para a sa\u00fade, como regula\u00e7\u00e3o do a\u00e7\u00facar no sangue. \u00c9 avaliada pela American Food Navigation Network como o substituto de sacarose mais promissor e \u00e9 amplamente utilizada nas ind\u00fastrias aliment\u00edcia e farmac\u00eautica.<\/p>\n<p>A produ\u00e7\u00e3o de allulose era originalmente principalmente carboidratos, geralmente amido, pectina, glicose, etc. Essas mat\u00e9rias-primas s\u00e3o convertidas em glicose ou frutose por meio de hidr\u00f3lise enzim\u00e1tica ou hidr\u00f3lise \u00e1cida em temperatura e valor de pH apropriados e, em seguida, filtradas, cristalizadas, secas, etc. para finalmente obter o produto final.<\/p>\n<h2><span class=\"ez-toc-section\" id=\"Parametros_relacionados\"><\/span>Par\u00e2metros relacionados:<span class=\"ez-toc-section-end\"><\/span><\/h2>\n<table>\n<tbody>\n<tr>\n<td><strong>ITENS<\/strong><\/td>\n<td><strong>\u00cdndice<\/strong><\/td>\n<\/tr>\n<tr>\n<td>Teor de D-alulose (base seca)\uff0c% \u2265<\/td>\n<td>98<\/td>\n<\/tr>\n<tr>\n<td>Res\u00edduo de igni\u00e7\u00e3o\uff0c% \u2264<\/td>\n<td>0.1<\/td>\n<\/tr>\n<tr>\n<td>Perda na secagem\uff0c% \u2264<\/td>\n<td>1.0<\/td>\n<\/tr>\n<tr>\n<td>Chumbo\uff08Pb\uff09mg\/kg<\/td>\n<td>\u2264 0.5<\/td>\n<\/tr>\n<tr>\n<td>Ars\u00eanio (AS) mg\/kg<\/td>\n<td>\u2264 0.5<\/td>\n<\/tr>\n<tr>\n<td>pH<\/td>\n<td>3.0\uff5e7.0<\/td>\n<\/tr>\n<tr>\n<td>Contagem total de placas \uff0cCFU\/g<\/td>\n<td>\u2264 100<\/td>\n<\/tr>\n<tr>\n<td>Bolor e levedura, CFU\/g<\/td>\n<td>\u2264 50<\/td>\n<\/tr>\n<\/tbody>\n<\/table>\n<h2><span class=\"ez-toc-section\" id=\"Dosagem_recomendada\"><\/span>Dosagem recomendada<span class=\"ez-toc-section-end\"><\/span><\/h2>\n<table>\n<tbody>\n<tr>\n<td><strong>Nome do alimento<\/strong><\/td>\n<td><strong>Uso m\u00e1ximo (g\/kg)<\/strong><\/td>\n<\/tr>\n<tr>\n<td>Bebidas<\/td>\n<td>1 g\/kg<\/td>\n<\/tr>\n<tr>\n<td>Panifica\u00e7\u00e3o<\/td>\n<td>5 g\/kg<\/td>\n<\/tr>\n<tr>\n<td>Geleia<\/td>\n<td>5 g\/kg<\/td>\n<\/tr>\n<tr>\n<td>Produtos l\u00e1cteos<\/td>\n<td>5 g\/kg<\/td>\n<\/tr>\n<tr>\n<td>Molho para salada<\/td>\n<td>5 g\/kg<\/td>\n<\/tr>\n<tr>\n<td>Molho<\/td>\n<td>5 g\/kg<\/td>\n<\/tr>\n<tr>\n<td>Alimentos com baixo teor de energia<\/td>\n<td>5 g\/kg<\/td>\n<\/tr>\n<tr>\n<td>Alimentos ultracongelados<\/td>\n<td>5 g\/kg<\/td>\n<\/tr>\n<tr>\n<td>Frutas enlatadas<\/td>\n<td>5 g\/kg<\/td>\n<\/tr>\n<tr>\n<td>Produtos de chocolate<\/td>\n<td>5 g\/kg<\/td>\n<\/tr>\n<tr>\n<td>Iogurte<\/td>\n<td>5 g\/kg<\/td>\n<\/tr>\n<\/tbody>\n<\/table>\n<h2><span class=\"ez-toc-section\" id=\"A_alulose_tem_uma_ampla_gama_de_utilizacoes\"><\/span>A alulose tem uma ampla gama de utiliza\u00e7\u00f5es<span class=\"ez-toc-section-end\"><\/span><\/h2>\n<ol>\n<li>Baixa caloria: A alulose tem cerca de 70% da do\u00e7ura da sacarose, mas significativamente menos calorias, apenas um d\u00e9cimo da sacarose. De acordo com os regulamentos da FDA, a alulose fornece 0,4 kcal\/g. Ao contr\u00e1rio dos \u00e1lcoois de a\u00e7\u00facar, a celulose n\u00e3o perturba o est\u00f4mago, pois n\u00e3o \u00e9 digerida pelo corpo e n\u00e3o fermenta rapidamente nos intestinos.<\/li>\n<li>Sabor pr\u00f3ximo \u00e0 sacarose: A alulose tem um sabor pr\u00f3ximo \u00e0 sacarose, oferecendo uma do\u00e7ura suave, delicada e pura semelhante \u00e0 sacarose de alta pureza. Ela estimula as papilas gustativas mais rapidamente do que a sacarose e n\u00e3o deixa nenhum gosto residual desagrad\u00e1vel. Sua do\u00e7ura permanece consistente em diferentes temperaturas, proporcionando uma do\u00e7ura pura em qualquer condi\u00e7\u00e3o.<\/li>\n<li>Melhora a qualidade do produto: Por meio da rea\u00e7\u00e3o de Maillard, a celulose e a prote\u00edna da clara do ovo podem criar uma estrutura de reticula\u00e7\u00e3o superior que melhora a textura dos alimentos e produz compostos com potentes propriedades antioxidantes. Ao reduzir as perdas por oxida\u00e7\u00e3o durante o processamento e armazenamento dos alimentos, esses antioxidantes auxiliam. Substituir parte da sacarose por alulose em bolos pode gerar uma quantidade significativa de componentes antioxidantes por meio da rea\u00e7\u00e3o de Maillard, melhorando assim a qualidade geral do bolo.<\/li>\n<\/ol>\n<h2><span class=\"ez-toc-section\" id=\"O_usuario_fez_a_seguinte_pergunta\"><\/span>O usu\u00e1rio fez a seguinte pergunta:<span class=\"ez-toc-section-end\"><\/span><\/h2>\n<p>Pergunta: Quais s\u00e3o as vantagens da alulose sobre o eritritol?<\/p>\n<p>Resposta: A alulose e o eritritol s\u00e3o ambos ado\u00e7antes de baixa caloria comumente usados, mas eles t\u00eam algumas vantagens diferentes em fun\u00e7\u00e3o e aplica\u00e7\u00e3o.<\/p>\n<p>Primeiro: A alulose \u00e9 cerca de 70% t\u00e3o doce quanto a sacarose, enquanto o eritritol \u00e9 cerca de 60-70% t\u00e3o doce quanto a sacarose. Portanto, a alulose pode ser usada em menor quantidade para fornecer um sabor doce semelhante \u00e0 sacarose.<\/p>\n<p>Segundo, o sabor da alulose \u00e9 mais pr\u00f3ximo da sacarose, sem o efeito refrescante (sensa\u00e7\u00e3o de resfriamento) comum no eritritol. Isso torna a alulose mais capaz de simular o sabor da sacarose em muitas aplica\u00e7\u00f5es, especialmente aquelas sem requisitos de efeito refrescante. Al\u00e9m disso, a alulose tem impacto m\u00ednimo nos n\u00edveis de a\u00e7\u00facar no sangue e insulina, tornando-a uma excelente escolha para diab\u00e9ticos e indiv\u00edduos que precisam controlar seus n\u00edveis de a\u00e7\u00facar no sangue. Embora o eritritol tamb\u00e9m tenha um baixo efeito no a\u00e7\u00facar no sangue, a alulose tem uma resposta mais est\u00e1vel.<\/p>\n<p>Finalmente, a alulose \u00e9 excretada principalmente pela urina e n\u00e3o \u00e9 absorvida principalmente pelo corpo humano durante o metabolismo, por isso tem calorias extremamente baixas. O eritritol \u00e9 parcialmente absorvido pelos intestinos e excretado pela urina, e h\u00e1 algumas diferen\u00e7as nas vias metab\u00f3licas entre os dois. Comparado com o doce c\u00edtrico, a alulose pode ser usada em uma gama mais ampla de alimentos e bebidas, incluindo bebidas, latic\u00ednios, assados, sobremesas congeladas e doces. Sua do\u00e7ura e sabor agrad\u00e1veis \u200b\u200bo tornam um ingrediente vers\u00e1til que tem bom desempenho em uma variedade de produtos.<\/p>\n","protected":false},"excerpt":{"rendered":"<ul>\n<li>CAS: 551-68-8<\/li>\n<li>F\u00f3rmula qu\u00edmica: C<sub>6<\/sub>H<sub>12<\/sub>O<sub>6<\/sub><\/li>\n<li>Certifica\u00e7\u00f5es: KOSHER, ISO, HALAL, FSSC22000, BRC, etc.<\/li>\n<li>Padr\u00e3o: USP<\/li>\n<li>Quantidade m\u00ednima do pedido: 1000KG<\/li>\n<li>Prazo de validade: 2 anos<\/li>\n<\/ul>\n","protected":false},"featured_media":8055,"template":"","meta":{"site-sidebar-layout":"default","site-content-layout":"","ast-site-content-layout":"default","site-content-style":"default","site-sidebar-style":"default","ast-global-header-display":"","ast-banner-title-visibility":"","ast-main-header-display":"","ast-hfb-above-header-display":"","ast-hfb-below-header-display":"","ast-hfb-mobile-header-display":"","site-post-title":"","ast-breadcrumbs-content":"","ast-featured-img":"","footer-sml-layout":"","theme-transparent-header-meta":"default","adv-header-id-meta":"","stick-header-meta":"","header-above-stick-meta":"","header-main-stick-meta":"","header-below-stick-meta":"","astra-migrate-meta-layouts":"set","ast-page-background-enabled":"default","ast-page-background-meta":{"desktop":{"background-color":"var(--ast-global-color-4)","background-image":"","background-repeat":"repeat","background-position":"center center","background-size":"auto","background-attachment":"scroll","background-type":"","background-media":"","overlay-type":"","overlay-color":"","overlay-opacity":"","overlay-gradient":""},"tablet":{"background-color":"","background-image":"","background-repeat":"repeat","background-position":"center center","background-size":"auto","background-attachment":"scroll","background-type":"","background-media":"","overlay-type":"","overlay-color":"","overlay-opacity":"","overlay-gradient":""},"mobile":{"background-color":"","background-image":"","background-repeat":"repeat","background-position":"center center","background-size":"auto","background-attachment":"scroll","background-type":"","background-media":"","overlay-type":"","overlay-color":"","overlay-opacity":"","overlay-gradient":""}},"ast-content-background-meta":{"desktop":{"background-color":"var(--ast-global-color-5)","background-image":"","background-repeat":"repeat","background-position":"center center","background-size":"auto","background-attachment":"scroll","background-type":"","background-media":"","overlay-type":"","overlay-color":"","overlay-opacity":"","overlay-gradient":""},"tablet":{"background-color":"var(--ast-global-color-5)","background-image":"","background-repeat":"repeat","background-position":"center center","background-size":"auto","background-attachment":"scroll","background-type":"","background-media":"","overlay-type":"","overlay-color":"","overlay-opacity":"","overlay-gradient":""},"mobile":{"background-color":"var(--ast-global-color-5)","background-image":"","background-repeat":"repeat","background-position":"center center","background-size":"auto","background-attachment":"scroll","background-type":"","background-media":"","overlay-type":"","overlay-color":"","overlay-opacity":"","overlay-gradient":""}}},"product_brand":[],"product_cat":[77],"product_tag":[],"class_list":{"0":"post-8427","1":"product","2":"type-product","3":"status-publish","4":"has-post-thumbnail","6":"product_cat-produto-adocante","7":"desktop-align-center","8":"tablet-align-left","9":"mobile-align-left","11":"first","12":"instock","13":"shipping-taxable","14":"product-type-simple"},"yoast_head":"<!-- This site is optimized with the Yoast SEO plugin v26.5 - https:\/\/yoast.com\/wordpress\/plugins\/seo\/ -->\n<title>Fabricante de alulose comprar | Niranbio Chemical<\/title>\n<meta name=\"description\" content=\"1,395 \/ 5,000 Fabricante de atacado de alulose a granel, p\u00f3 de alulose org\u00e2nica Nossa alulose tem gosto de a\u00e7\u00facar, mas tem 90% menos calorias, excelente solubilidade, baixo \u00edndice glic\u00eamico e auxilia no controle de peso.\" \/>\n<meta name=\"robots\" content=\"noindex, follow, max-snippet:-1, max-image-preview:large, max-video-preview:-1\" \/>\n<meta name=\"twitter:label1\" content=\"Est. tempo de leitura\" \/>\n\t<meta name=\"twitter:data1\" content=\"4 minutos\" \/>\n<script type=\"application\/ld+json\" class=\"yoast-schema-graph\">{\"@context\":\"https:\/\/schema.org\",\"@graph\":[{\"@type\":\"WebPage\",\"@id\":\"https:\/\/theo.niranbio.com\/pt-br\/alluloso.html\",\"url\":\"https:\/\/theo.niranbio.com\/pt-br\/alluloso.html\",\"name\":\"Fabricante de alulose comprar | Niranbio Chemical\",\"isPartOf\":{\"@id\":\"https:\/\/theo.niranbio.com\/pt-br\/#website\"},\"primaryImageOfPage\":{\"@id\":\"https:\/\/theo.niranbio.com\/pt-br\/alluloso.html#primaryimage\"},\"image\":{\"@id\":\"https:\/\/theo.niranbio.com\/pt-br\/alluloso.html#primaryimage\"},\"thumbnailUrl\":\"https:\/\/theo.niranbio.com\/wp-content\/uploads\/2024\/06\/allulose.webp\",\"datePublished\":\"2024-06-20T01:30:17+00:00\",\"dateModified\":\"2024-08-16T08:41:36+00:00\",\"description\":\"1,395 \/ 5,000 Fabricante de atacado de alulose a granel, p\u00f3 de alulose org\u00e2nica Nossa alulose tem gosto de a\u00e7\u00facar, mas tem 90% menos calorias, excelente solubilidade, baixo \u00edndice glic\u00eamico e auxilia no controle de peso.\",\"breadcrumb\":{\"@id\":\"https:\/\/theo.niranbio.com\/pt-br\/alluloso.html#breadcrumb\"},\"inLanguage\":\"pt-BR\",\"potentialAction\":[{\"@type\":\"ReadAction\",\"target\":[\"https:\/\/theo.niranbio.com\/pt-br\/alluloso.html\"]}]},{\"@type\":\"ImageObject\",\"inLanguage\":\"pt-BR\",\"@id\":\"https:\/\/theo.niranbio.com\/pt-br\/alluloso.html#primaryimage\",\"url\":\"https:\/\/theo.niranbio.com\/wp-content\/uploads\/2024\/06\/allulose.webp\",\"contentUrl\":\"https:\/\/theo.niranbio.com\/wp-content\/uploads\/2024\/06\/allulose.webp\",\"width\":600,\"height\":600,\"caption\":\"Alulose\"},{\"@type\":\"BreadcrumbList\",\"@id\":\"https:\/\/theo.niranbio.com\/pt-br\/alluloso.html#breadcrumb\",\"itemListElement\":[{\"@type\":\"ListItem\",\"position\":1,\"name\":\"Home\",\"item\":\"https:\/\/theo.niranbio.com\/pt-br\/\"},{\"@type\":\"ListItem\",\"position\":2,\"name\":\"Produtos\",\"item\":\"https:\/\/theo.niranbio.com\/pt-br\/produtos.html\"},{\"@type\":\"ListItem\",\"position\":3,\"name\":\"Ado\u00e7antes\",\"item\":\"https:\/\/theo.niranbio.com\/pt-br\/produto-adocante\/\"},{\"@type\":\"ListItem\",\"position\":4,\"name\":\"Alulose\"}]},{\"@type\":\"WebSite\",\"@id\":\"https:\/\/theo.niranbio.com\/pt-br\/#website\",\"url\":\"https:\/\/theo.niranbio.com\/pt-br\/\",\"name\":\"Niranbio Chemical\",\"description\":\"\",\"publisher\":{\"@id\":\"https:\/\/theo.niranbio.com\/pt-br\/#organization\"},\"potentialAction\":[{\"@type\":\"SearchAction\",\"target\":{\"@type\":\"EntryPoint\",\"urlTemplate\":\"https:\/\/theo.niranbio.com\/pt-br\/?s={search_term_string}\"},\"query-input\":{\"@type\":\"PropertyValueSpecification\",\"valueRequired\":true,\"valueName\":\"search_term_string\"}}],\"inLanguage\":\"pt-BR\"},{\"@type\":\"Organization\",\"@id\":\"https:\/\/theo.niranbio.com\/pt-br\/#organization\",\"name\":\"Niranbio Chemical\",\"url\":\"https:\/\/theo.niranbio.com\/pt-br\/\",\"logo\":{\"@type\":\"ImageObject\",\"inLanguage\":\"pt-BR\",\"@id\":\"https:\/\/theo.niranbio.com\/pt-br\/#\/schema\/logo\/image\/\",\"url\":\"https:\/\/theo.niranbio.com\/wp-content\/uploads\/2024\/06\/Niranbio.png\",\"contentUrl\":\"https:\/\/theo.niranbio.com\/wp-content\/uploads\/2024\/06\/Niranbio.png\",\"width\":270,\"height\":100,\"caption\":\"Niranbio Chemical\"},\"image\":{\"@id\":\"https:\/\/theo.niranbio.com\/pt-br\/#\/schema\/logo\/image\/\"}}]}<\/script>\n<!-- \/ Yoast SEO plugin. -->","yoast_head_json":{"title":"Fabricante de alulose comprar | Niranbio Chemical","description":"1,395 \/ 5,000 Fabricante de atacado de alulose a granel, p\u00f3 de alulose org\u00e2nica Nossa alulose tem gosto de a\u00e7\u00facar, mas tem 90% menos calorias, excelente solubilidade, baixo \u00edndice glic\u00eamico e auxilia no controle de peso.","robots":{"index":"noindex","follow":"follow","max-snippet":"max-snippet:-1","max-image-preview":"max-image-preview:large","max-video-preview":"max-video-preview:-1"},"twitter_misc":{"Est. tempo de leitura":"4 minutos"},"schema":{"@context":"https:\/\/schema.org","@graph":[{"@type":"WebPage","@id":"https:\/\/theo.niranbio.com\/pt-br\/alluloso.html","url":"https:\/\/theo.niranbio.com\/pt-br\/alluloso.html","name":"Fabricante de alulose comprar | Niranbio Chemical","isPartOf":{"@id":"https:\/\/theo.niranbio.com\/pt-br\/#website"},"primaryImageOfPage":{"@id":"https:\/\/theo.niranbio.com\/pt-br\/alluloso.html#primaryimage"},"image":{"@id":"https:\/\/theo.niranbio.com\/pt-br\/alluloso.html#primaryimage"},"thumbnailUrl":"https:\/\/theo.niranbio.com\/wp-content\/uploads\/2024\/06\/allulose.webp","datePublished":"2024-06-20T01:30:17+00:00","dateModified":"2024-08-16T08:41:36+00:00","description":"1,395 \/ 5,000 Fabricante de atacado de alulose a granel, p\u00f3 de alulose org\u00e2nica Nossa alulose tem gosto de a\u00e7\u00facar, mas tem 90% menos calorias, excelente solubilidade, baixo \u00edndice glic\u00eamico e auxilia no controle de peso.","breadcrumb":{"@id":"https:\/\/theo.niranbio.com\/pt-br\/alluloso.html#breadcrumb"},"inLanguage":"pt-BR","potentialAction":[{"@type":"ReadAction","target":["https:\/\/theo.niranbio.com\/pt-br\/alluloso.html"]}]},{"@type":"ImageObject","inLanguage":"pt-BR","@id":"https:\/\/theo.niranbio.com\/pt-br\/alluloso.html#primaryimage","url":"https:\/\/theo.niranbio.com\/wp-content\/uploads\/2024\/06\/allulose.webp","contentUrl":"https:\/\/theo.niranbio.com\/wp-content\/uploads\/2024\/06\/allulose.webp","width":600,"height":600,"caption":"Alulose"},{"@type":"BreadcrumbList","@id":"https:\/\/theo.niranbio.com\/pt-br\/alluloso.html#breadcrumb","itemListElement":[{"@type":"ListItem","position":1,"name":"Home","item":"https:\/\/theo.niranbio.com\/pt-br\/"},{"@type":"ListItem","position":2,"name":"Produtos","item":"https:\/\/theo.niranbio.com\/pt-br\/produtos.html"},{"@type":"ListItem","position":3,"name":"Ado\u00e7antes","item":"https:\/\/theo.niranbio.com\/pt-br\/produto-adocante\/"},{"@type":"ListItem","position":4,"name":"Alulose"}]},{"@type":"WebSite","@id":"https:\/\/theo.niranbio.com\/pt-br\/#website","url":"https:\/\/theo.niranbio.com\/pt-br\/","name":"Niranbio Chemical","description":"","publisher":{"@id":"https:\/\/theo.niranbio.com\/pt-br\/#organization"},"potentialAction":[{"@type":"SearchAction","target":{"@type":"EntryPoint","urlTemplate":"https:\/\/theo.niranbio.com\/pt-br\/?s={search_term_string}"},"query-input":{"@type":"PropertyValueSpecification","valueRequired":true,"valueName":"search_term_string"}}],"inLanguage":"pt-BR"},{"@type":"Organization","@id":"https:\/\/theo.niranbio.com\/pt-br\/#organization","name":"Niranbio Chemical","url":"https:\/\/theo.niranbio.com\/pt-br\/","logo":{"@type":"ImageObject","inLanguage":"pt-BR","@id":"https:\/\/theo.niranbio.com\/pt-br\/#\/schema\/logo\/image\/","url":"https:\/\/theo.niranbio.com\/wp-content\/uploads\/2024\/06\/Niranbio.png","contentUrl":"https:\/\/theo.niranbio.com\/wp-content\/uploads\/2024\/06\/Niranbio.png","width":270,"height":100,"caption":"Niranbio Chemical"},"image":{"@id":"https:\/\/theo.niranbio.com\/pt-br\/#\/schema\/logo\/image\/"}}]}},"_links":{"self":[{"href":"https:\/\/theo.niranbio.com\/pt-br\/wp-json\/wp\/v2\/product\/8427","targetHints":{"allow":["GET"]}}],"collection":[{"href":"https:\/\/theo.niranbio.com\/pt-br\/wp-json\/wp\/v2\/product"}],"about":[{"href":"https:\/\/theo.niranbio.com\/pt-br\/wp-json\/wp\/v2\/types\/product"}],"version-history":[{"count":0,"href":"https:\/\/theo.niranbio.com\/pt-br\/wp-json\/wp\/v2\/product\/8427\/revisions"}],"wp:featuredmedia":[{"embeddable":true,"href":"https:\/\/theo.niranbio.com\/pt-br\/wp-json\/wp\/v2\/media\/8055"}],"wp:attachment":[{"href":"https:\/\/theo.niranbio.com\/pt-br\/wp-json\/wp\/v2\/media?parent=8427"}],"wp:term":[{"taxonomy":"product_brand","embeddable":true,"href":"https:\/\/theo.niranbio.com\/pt-br\/wp-json\/wp\/v2\/product_brand?post=8427"},{"taxonomy":"product_cat","embeddable":true,"href":"https:\/\/theo.niranbio.com\/pt-br\/wp-json\/wp\/v2\/product_cat?post=8427"},{"taxonomy":"product_tag","embeddable":true,"href":"https:\/\/theo.niranbio.com\/pt-br\/wp-json\/wp\/v2\/product_tag?post=8427"}],"curies":[{"name":"wp","href":"https:\/\/api.w.org\/{rel}","templated":true}]}}