{"id":8424,"date":"2024-06-20T10:28:06","date_gmt":"2024-06-20T02:28:06","guid":{"rendered":"https:\/\/theo.niranbio.com\/carboximetilcelulose-de-sodio\/"},"modified":"2024-08-13T14:20:23","modified_gmt":"2024-08-13T06:20:23","slug":"carboximetilcelulose-de-sodio","status":"publish","type":"product","link":"https:\/\/theo.niranbio.com\/pt-br\/carboximetilcelulose-de-sodio.html","title":{"rendered":"Carboximetilcelulose de s\u00f3dio"},"content":{"rendered":"<h2><span class=\"ez-toc-section\" id=\"O_que_e_Sodium_Carboxymethyl_Cellulose\"><\/span>O que \u00e9 Sodium Carboxymethyl Cellulose?<span class=\"ez-toc-section-end\"><\/span><\/h2>\n<p>A principal goma de celulose i\u00f4nica \u00e9 a carboximetilcelulose de s\u00f3dio. \u00c9 uma subst\u00e2ncia org\u00e2nica usada como espessante e estabilizante na ind\u00fastria aliment\u00edcia, mas tamb\u00e9m \u00e9 amplamente usada nas ind\u00fastrias t\u00eaxtil, cosm\u00e9tica e farmac\u00eautica. \u00c9 inodoro, ins\u00edpido e higrosc\u00f3pico. Dissolve-se facilmente em \u00e1gua para formar uma solu\u00e7\u00e3o coloidal transparente.<\/p>\n<p>As principais etapas na produ\u00e7\u00e3o de carboximetilcelulose de s\u00f3dio s\u00e3o amassar o material com algod\u00e3o refinado, soda c\u00e1ustica, combina\u00e7\u00e3o de \u00e1lcool e solu\u00e7\u00e3o de \u00e1lcool contendo \u00e1cido cloroac\u00e9tico para eterific\u00e1-lo e alcaliniz\u00e1-lo. Para obter o produto, ele \u00e9 ent\u00e3o seco e triturado ap\u00f3s ser neutralizado com \u00e1cido clor\u00eddrico e limpo com \u00e1lcool.<\/p>\n<h2><span class=\"ez-toc-section\" id=\"Parametros_relacionados\"><\/span>Par\u00e2metros relacionados:<span class=\"ez-toc-section-end\"><\/span><\/h2>\n<table>\n<tbody>\n<tr>\n<td><strong>ITENS<\/strong><\/td>\n<td><strong>Padr\u00e3o<\/strong><\/td>\n<\/tr>\n<tr>\n<td>Viscosidade (1% mPa.S )<\/td>\n<td>25-6000<\/td>\n<\/tr>\n<tr>\n<td>D.S<\/td>\n<td>0.65-0.85<\/td>\n<\/tr>\n<tr>\n<td>Pureza, %<\/td>\n<td>99,5 min<\/td>\n<\/tr>\n<tr>\n<td>Valor de pH 1%<\/td>\n<td>6.5-8.5<\/td>\n<\/tr>\n<tr>\n<td>Perda na secagem, %<\/td>\n<td>8,0 m\u00e1ximo<\/td>\n<\/tr>\n<tr>\n<td>Tamanho da part\u00edcula,<\/td>\n<td>80% min a 200mush<\/td>\n<\/tr>\n<tr>\n<td>Conte\u00fado de s\u00f3dio, %<\/td>\n<td>9,5 m\u00e1ximo<\/td>\n<\/tr>\n<tr>\n<td>Cloreto, %<\/td>\n<td>0,4 m\u00e1ximo<\/td>\n<\/tr>\n<tr>\n<td>Glicolato de s\u00f3dio, %<\/td>\n<td>0,4 m\u00e1ximo<\/td>\n<\/tr>\n<tr>\n<td>Metais pesados (como Pb), ppm<\/td>\n<td>10 m\u00e1ximo<\/td>\n<\/tr>\n<tr>\n<td>Chumbo, ppm<\/td>\n<td>2 m\u00e1ximo<\/td>\n<\/tr>\n<tr>\n<td>Ars\u00eanico, ppm<\/td>\n<td>3 m\u00e1ximo<\/td>\n<\/tr>\n<tr>\n<td>Contagem total de placas<\/td>\n<td>500g\/kg no m\u00e1ximo<\/td>\n<\/tr>\n<tr>\n<td>Levedura e bolores<\/td>\n<td>100g\/kg no m\u00e1ximo<\/td>\n<\/tr>\n<tr>\n<td>E.Coli<\/td>\n<td>Nulo\/g<\/td>\n<\/tr>\n<tr>\n<td>Bact\u00e9rias coliformes<\/td>\n<td>Nulo\/g<\/td>\n<\/tr>\n<tr>\n<td>Salmonela<\/td>\n<td>Nulo\/25g<\/td>\n<\/tr>\n<\/tbody>\n<\/table>\n<h2><span class=\"ez-toc-section\" id=\"Dosagem_recomendada\"><\/span>Dosagem recomendada:<span class=\"ez-toc-section-end\"><\/span><\/h2>\n<table>\n<tbody>\n<tr>\n<td><strong>Nome do alimento<\/strong><\/td>\n<td><strong>Uso m\u00e1ximo (g\/kg)<\/strong><\/td>\n<\/tr>\n<tr>\n<td>Molhos e temperos<\/td>\n<td>5-10 g\/kg<\/td>\n<\/tr>\n<tr>\n<td>Sorvete<\/td>\n<td>3-6 g\/kg<\/td>\n<\/tr>\n<tr>\n<td>Iogurte<\/td>\n<td>2-5 g\/kg<\/td>\n<\/tr>\n<tr>\n<td>Doces e gel\u00e9ias<\/td>\n<td>5-8 g\/kg<\/td>\n<\/tr>\n<tr>\n<td>Produtos de panifica\u00e7\u00e3o<\/td>\n<td>2-5 g\/kg<\/td>\n<\/tr>\n<tr>\n<td>Carnes processadas<\/td>\n<td>1-3 g\/kg<\/td>\n<\/tr>\n<tr>\n<td>Sobremesas l\u00e1cteas<\/td>\n<td>3-6 g\/kg<\/td>\n<\/tr>\n<tr>\n<td>Xaropes<\/td>\n<td>3-8 g\/kg<\/td>\n<\/tr>\n<tr>\n<td>Alimentos enlatados<\/td>\n<td>2-6 g\/kg<\/td>\n<\/tr>\n<tr>\n<td>Molhos para massas<\/td>\n<td>4-8 g\/kg<\/td>\n<\/tr>\n<tr>\n<td>Mergulhos<\/td>\n<td>4-7 g\/kg<\/td>\n<\/tr>\n<tr>\n<td>Condicionadores de massa<\/td>\n<td>1-3 g\/kg<\/td>\n<\/tr>\n<tr>\n<td>Cremes e pudins<\/td>\n<td>4-7 g\/kg<\/td>\n<\/tr>\n<\/tbody>\n<\/table>\n<h2><span class=\"ez-toc-section\" id=\"A_carboximetilcelulose_de_sodio_tem_uma_ampla_gama_de_usos\"><\/span>A carboximetilcelulose de s\u00f3dio tem uma ampla gama de usos<span class=\"ez-toc-section-end\"><\/span><\/h2>\n<ol>\n<li>Estabilizador e espessante: CMC-Na pode ser usado como estabilizador e espessante no processamento de alimentos, especialmente em produtos l\u00edquidos, como molhos, geleias, compotas e molhos para salada. Pode aumentar a viscosidade e a consist\u00eancia dos alimentos, melhorar o sabor, evitar a separa\u00e7\u00e3o e precipita\u00e7\u00e3o de ingredientes e manter os alimentos est\u00e1veis \u200b\u200bdurante o armazenamento e uso.<\/li>\n<li>Umectante e hidratante: Devido \u00e0 sua solubilidade em \u00e1gua e alta absor\u00e7\u00e3o de \u00e1gua, a carboximetilcelulose de s\u00f3dio pode ser usada como umectante e hidratante em alimentos. Pode absorver e reter umidade, prolongar o per\u00edodo de umidade dos alimentos, mantendo o frescor e a qualidade dos alimentos.<\/li>\n<li>Emulsificante: No ramo aliment\u00edcio, a carboximetilcelulose de s\u00f3dio tamb\u00e9m \u00e9 utilizada como emulsificante. Ela ajuda a combinar as fases de \u00f3leo e \u00e1gua para formar uma emuls\u00e3o est\u00e1vel, como queijo, sorvete, creme e outros produtos.<\/li>\n<li>Agente antiaglomerante: A carboximetilcelulose de s\u00f3dio \u00e9 usada como um agente antiaglomerante em alguns processos de processamento de alimentos. Ela pode reduzir a aglomera\u00e7\u00e3o de part\u00edculas ou materiais granulares em alimentos, mantendo a uniformidade e a qualidade do produto.<\/li>\n<li>Melhorar a textura e o sabor dos alimentos: Devido \u00e0 sua capacidade de formar uma estrutura de gel est\u00e1vel, o CMC-Na pode ser usado para melhorar a textura e o sabor dos alimentos, tornando o produto mais suave e uniforme, aumentando sua comestibilidade geral e a satisfa\u00e7\u00e3o do consumidor.<\/li>\n<\/ol>\n<h2><span class=\"ez-toc-section\" id=\"O_usuario_fez_a_seguinte_pergunta\"><\/span>O usu\u00e1rio fez a seguinte pergunta:<span class=\"ez-toc-section-end\"><\/span><\/h2>\n<p>Pergunta: Existe algum ingrediente diet\u00e9tico que possa substituir a carboximetilcelulose de s\u00f3dio?<\/p>\n<p>Resposta: Na ind\u00fastria aliment\u00edcia, embora n\u00e3o haja um \u00fanico substituto que possa substituir completamente todas as fun\u00e7\u00f5es, aditivos alimentares comuns, como alginato, goma guar e amido de tapioca, podem substituir parcialmente as fun\u00e7\u00f5es de espessamento, estabiliza\u00e7\u00e3o e emulsifica\u00e7\u00e3o da carboximetilcelulose de s\u00f3dio. A sele\u00e7\u00e3o de substitutos adequados deve levar em considera\u00e7\u00e3o as necessidades do produto e a sa\u00fade do consumidor, e a otimiza\u00e7\u00e3o da formula\u00e7\u00e3o e os testes devem ser realizados para garantir o efeito esperado.<\/p>\n","protected":false},"excerpt":{"rendered":"<ul>\n<li>CAS: 9004-32-4<\/li>\n<li>F\u00f3rmula qu\u00edmica: C<sub>6<\/sub>H<sub>7<\/sub>O<sub>2<\/sub>(OH)<sub>2<\/sub>CH<sub>2<\/sub>COONa<\/li>\n<li>Certifica\u00e7\u00f5es: KOSHER, ISO, HALAL, FSSC22000, BRC, etc.<\/li>\n<li>Padr\u00e3o:<\/li>\n<li>Quantidade m\u00ednima do pedido: 1000KG<\/li>\n<li>Prazo de validade: 2 anos<\/li>\n<\/ul>\n","protected":false},"featured_media":7971,"template":"","meta":{"site-sidebar-layout":"default","site-content-layout":"","ast-site-content-layout":"default","site-content-style":"default","site-sidebar-style":"default","ast-global-header-display":"","ast-banner-title-visibility":"","ast-main-header-display":"","ast-hfb-above-header-display":"","ast-hfb-below-header-display":"","ast-hfb-mobile-header-display":"","site-post-title":"","ast-breadcrumbs-content":"","ast-featured-img":"","footer-sml-layout":"","theme-transparent-header-meta":"default","adv-header-id-meta":"","stick-header-meta":"","header-above-stick-meta":"","header-main-stick-meta":"","header-below-stick-meta":"","astra-migrate-meta-layouts":"set","ast-page-background-enabled":"default","ast-page-background-meta":{"desktop":{"background-color":"var(--ast-global-color-4)","background-image":"","background-repeat":"repeat","background-position":"center center","background-size":"auto","background-attachment":"scroll","background-type":"","background-media":"","overlay-type":"","overlay-color":"","overlay-opacity":"","overlay-gradient":""},"tablet":{"background-color":"","background-image":"","background-repeat":"repeat","background-position":"center center","background-size":"auto","background-attachment":"scroll","background-type":"","background-media":"","overlay-type":"","overlay-color":"","overlay-opacity":"","overlay-gradient":""},"mobile":{"background-color":"","background-image":"","background-repeat":"repeat","background-position":"center center","background-size":"auto","background-attachment":"scroll","background-type":"","background-media":"","overlay-type":"","overlay-color":"","overlay-opacity":"","overlay-gradient":""}},"ast-content-background-meta":{"desktop":{"background-color":"var(--ast-global-color-5)","background-image":"","background-repeat":"repeat","background-position":"center center","background-size":"auto","background-attachment":"scroll","background-type":"","background-media":"","overlay-type":"","overlay-color":"","overlay-opacity":"","overlay-gradient":""},"tablet":{"background-color":"var(--ast-global-color-5)","background-image":"","background-repeat":"repeat","background-position":"center center","background-size":"auto","background-attachment":"scroll","background-type":"","background-media":"","overlay-type":"","overlay-color":"","overlay-opacity":"","overlay-gradient":""},"mobile":{"background-color":"var(--ast-global-color-5)","background-image":"","background-repeat":"repeat","background-position":"center center","background-size":"auto","background-attachment":"scroll","background-type":"","background-media":"","overlay-type":"","overlay-color":"","overlay-opacity":"","overlay-gradient":""}}},"product_brand":[],"product_cat":[79],"product_tag":[],"class_list":{"0":"post-8424","1":"product","2":"type-product","3":"status-publish","4":"has-post-thumbnail","6":"product_cat-produto-espessantes","7":"desktop-align-center","8":"tablet-align-left","9":"mobile-align-left","11":"first","12":"instock","13":"shipping-taxable","14":"product-type-simple"},"yoast_head":"<!-- This site is optimized with the Yoast SEO plugin v26.5 - https:\/\/yoast.com\/wordpress\/plugins\/seo\/ -->\n<title>Fornecedor de p\u00f3 de carboximetilcelulose de s\u00f3dio, fabricante de E466 | Niranbio Chemical<\/title>\n<meta name=\"description\" content=\"Nosso p\u00f3 de carboximetilcelulose de s\u00f3dio \u00e9 inodoro, ins\u00edpido e higrosc\u00f3pico. Ele se dissolve facilmente em \u00e1gua para formar uma solu\u00e7\u00e3o coloidal transparente.\" \/>\n<meta name=\"robots\" content=\"noindex, follow, max-snippet:-1, max-image-preview:large, max-video-preview:-1\" \/>\n<meta name=\"twitter:label1\" content=\"Est. tempo de leitura\" \/>\n\t<meta name=\"twitter:data1\" content=\"3 minutos\" \/>\n<script type=\"application\/ld+json\" class=\"yoast-schema-graph\">{\"@context\":\"https:\/\/schema.org\",\"@graph\":[{\"@type\":\"WebPage\",\"@id\":\"https:\/\/theo.niranbio.com\/pt-br\/carboximetilcelulose-de-sodio.html\",\"url\":\"https:\/\/theo.niranbio.com\/pt-br\/carboximetilcelulose-de-sodio.html\",\"name\":\"Fornecedor de p\u00f3 de carboximetilcelulose de s\u00f3dio, fabricante de E466 | Niranbio Chemical\",\"isPartOf\":{\"@id\":\"https:\/\/theo.niranbio.com\/pt-br\/#website\"},\"primaryImageOfPage\":{\"@id\":\"https:\/\/theo.niranbio.com\/pt-br\/carboximetilcelulose-de-sodio.html#primaryimage\"},\"image\":{\"@id\":\"https:\/\/theo.niranbio.com\/pt-br\/carboximetilcelulose-de-sodio.html#primaryimage\"},\"thumbnailUrl\":\"https:\/\/theo.niranbio.com\/wp-content\/uploads\/2024\/06\/Sodium-Carboxymethyl-Cellulose.webp\",\"datePublished\":\"2024-06-20T02:28:06+00:00\",\"dateModified\":\"2024-08-13T06:20:23+00:00\",\"description\":\"Nosso p\u00f3 de carboximetilcelulose de s\u00f3dio \u00e9 inodoro, ins\u00edpido e higrosc\u00f3pico. Ele se dissolve facilmente em \u00e1gua para formar uma solu\u00e7\u00e3o coloidal transparente.\",\"breadcrumb\":{\"@id\":\"https:\/\/theo.niranbio.com\/pt-br\/carboximetilcelulose-de-sodio.html#breadcrumb\"},\"inLanguage\":\"pt-BR\",\"potentialAction\":[{\"@type\":\"ReadAction\",\"target\":[\"https:\/\/theo.niranbio.com\/pt-br\/carboximetilcelulose-de-sodio.html\"]}]},{\"@type\":\"ImageObject\",\"inLanguage\":\"pt-BR\",\"@id\":\"https:\/\/theo.niranbio.com\/pt-br\/carboximetilcelulose-de-sodio.html#primaryimage\",\"url\":\"https:\/\/theo.niranbio.com\/wp-content\/uploads\/2024\/06\/Sodium-Carboxymethyl-Cellulose.webp\",\"contentUrl\":\"https:\/\/theo.niranbio.com\/wp-content\/uploads\/2024\/06\/Sodium-Carboxymethyl-Cellulose.webp\",\"width\":600,\"height\":600,\"caption\":\"Carboximetilcelulose de S\u00f3dio\"},{\"@type\":\"BreadcrumbList\",\"@id\":\"https:\/\/theo.niranbio.com\/pt-br\/carboximetilcelulose-de-sodio.html#breadcrumb\",\"itemListElement\":[{\"@type\":\"ListItem\",\"position\":1,\"name\":\"Home\",\"item\":\"https:\/\/theo.niranbio.com\/pt-br\/\"},{\"@type\":\"ListItem\",\"position\":2,\"name\":\"Produtos\",\"item\":\"https:\/\/theo.niranbio.com\/pt-br\/produtos.html\"},{\"@type\":\"ListItem\",\"position\":3,\"name\":\"Espessantes\",\"item\":\"https:\/\/theo.niranbio.com\/pt-br\/produto-espessantes\/\"},{\"@type\":\"ListItem\",\"position\":4,\"name\":\"Carboximetilcelulose de s\u00f3dio\"}]},{\"@type\":\"WebSite\",\"@id\":\"https:\/\/theo.niranbio.com\/pt-br\/#website\",\"url\":\"https:\/\/theo.niranbio.com\/pt-br\/\",\"name\":\"Niranbio Chemical\",\"description\":\"\",\"publisher\":{\"@id\":\"https:\/\/theo.niranbio.com\/pt-br\/#organization\"},\"potentialAction\":[{\"@type\":\"SearchAction\",\"target\":{\"@type\":\"EntryPoint\",\"urlTemplate\":\"https:\/\/theo.niranbio.com\/pt-br\/?s={search_term_string}\"},\"query-input\":{\"@type\":\"PropertyValueSpecification\",\"valueRequired\":true,\"valueName\":\"search_term_string\"}}],\"inLanguage\":\"pt-BR\"},{\"@type\":\"Organization\",\"@id\":\"https:\/\/theo.niranbio.com\/pt-br\/#organization\",\"name\":\"Niranbio Chemical\",\"url\":\"https:\/\/theo.niranbio.com\/pt-br\/\",\"logo\":{\"@type\":\"ImageObject\",\"inLanguage\":\"pt-BR\",\"@id\":\"https:\/\/theo.niranbio.com\/pt-br\/#\/schema\/logo\/image\/\",\"url\":\"https:\/\/theo.niranbio.com\/wp-content\/uploads\/2024\/06\/Niranbio.png\",\"contentUrl\":\"https:\/\/theo.niranbio.com\/wp-content\/uploads\/2024\/06\/Niranbio.png\",\"width\":270,\"height\":100,\"caption\":\"Niranbio Chemical\"},\"image\":{\"@id\":\"https:\/\/theo.niranbio.com\/pt-br\/#\/schema\/logo\/image\/\"}}]}<\/script>\n<!-- \/ Yoast SEO plugin. -->","yoast_head_json":{"title":"Fornecedor de p\u00f3 de carboximetilcelulose de s\u00f3dio, fabricante de E466 | Niranbio Chemical","description":"Nosso p\u00f3 de carboximetilcelulose de s\u00f3dio \u00e9 inodoro, ins\u00edpido e higrosc\u00f3pico. Ele se dissolve facilmente em \u00e1gua para formar uma solu\u00e7\u00e3o coloidal transparente.","robots":{"index":"noindex","follow":"follow","max-snippet":"max-snippet:-1","max-image-preview":"max-image-preview:large","max-video-preview":"max-video-preview:-1"},"twitter_misc":{"Est. tempo de leitura":"3 minutos"},"schema":{"@context":"https:\/\/schema.org","@graph":[{"@type":"WebPage","@id":"https:\/\/theo.niranbio.com\/pt-br\/carboximetilcelulose-de-sodio.html","url":"https:\/\/theo.niranbio.com\/pt-br\/carboximetilcelulose-de-sodio.html","name":"Fornecedor de p\u00f3 de carboximetilcelulose de s\u00f3dio, fabricante de E466 | Niranbio Chemical","isPartOf":{"@id":"https:\/\/theo.niranbio.com\/pt-br\/#website"},"primaryImageOfPage":{"@id":"https:\/\/theo.niranbio.com\/pt-br\/carboximetilcelulose-de-sodio.html#primaryimage"},"image":{"@id":"https:\/\/theo.niranbio.com\/pt-br\/carboximetilcelulose-de-sodio.html#primaryimage"},"thumbnailUrl":"https:\/\/theo.niranbio.com\/wp-content\/uploads\/2024\/06\/Sodium-Carboxymethyl-Cellulose.webp","datePublished":"2024-06-20T02:28:06+00:00","dateModified":"2024-08-13T06:20:23+00:00","description":"Nosso p\u00f3 de carboximetilcelulose de s\u00f3dio \u00e9 inodoro, ins\u00edpido e higrosc\u00f3pico. Ele se dissolve facilmente em \u00e1gua para formar uma solu\u00e7\u00e3o coloidal transparente.","breadcrumb":{"@id":"https:\/\/theo.niranbio.com\/pt-br\/carboximetilcelulose-de-sodio.html#breadcrumb"},"inLanguage":"pt-BR","potentialAction":[{"@type":"ReadAction","target":["https:\/\/theo.niranbio.com\/pt-br\/carboximetilcelulose-de-sodio.html"]}]},{"@type":"ImageObject","inLanguage":"pt-BR","@id":"https:\/\/theo.niranbio.com\/pt-br\/carboximetilcelulose-de-sodio.html#primaryimage","url":"https:\/\/theo.niranbio.com\/wp-content\/uploads\/2024\/06\/Sodium-Carboxymethyl-Cellulose.webp","contentUrl":"https:\/\/theo.niranbio.com\/wp-content\/uploads\/2024\/06\/Sodium-Carboxymethyl-Cellulose.webp","width":600,"height":600,"caption":"Carboximetilcelulose de S\u00f3dio"},{"@type":"BreadcrumbList","@id":"https:\/\/theo.niranbio.com\/pt-br\/carboximetilcelulose-de-sodio.html#breadcrumb","itemListElement":[{"@type":"ListItem","position":1,"name":"Home","item":"https:\/\/theo.niranbio.com\/pt-br\/"},{"@type":"ListItem","position":2,"name":"Produtos","item":"https:\/\/theo.niranbio.com\/pt-br\/produtos.html"},{"@type":"ListItem","position":3,"name":"Espessantes","item":"https:\/\/theo.niranbio.com\/pt-br\/produto-espessantes\/"},{"@type":"ListItem","position":4,"name":"Carboximetilcelulose de s\u00f3dio"}]},{"@type":"WebSite","@id":"https:\/\/theo.niranbio.com\/pt-br\/#website","url":"https:\/\/theo.niranbio.com\/pt-br\/","name":"Niranbio Chemical","description":"","publisher":{"@id":"https:\/\/theo.niranbio.com\/pt-br\/#organization"},"potentialAction":[{"@type":"SearchAction","target":{"@type":"EntryPoint","urlTemplate":"https:\/\/theo.niranbio.com\/pt-br\/?s={search_term_string}"},"query-input":{"@type":"PropertyValueSpecification","valueRequired":true,"valueName":"search_term_string"}}],"inLanguage":"pt-BR"},{"@type":"Organization","@id":"https:\/\/theo.niranbio.com\/pt-br\/#organization","name":"Niranbio Chemical","url":"https:\/\/theo.niranbio.com\/pt-br\/","logo":{"@type":"ImageObject","inLanguage":"pt-BR","@id":"https:\/\/theo.niranbio.com\/pt-br\/#\/schema\/logo\/image\/","url":"https:\/\/theo.niranbio.com\/wp-content\/uploads\/2024\/06\/Niranbio.png","contentUrl":"https:\/\/theo.niranbio.com\/wp-content\/uploads\/2024\/06\/Niranbio.png","width":270,"height":100,"caption":"Niranbio Chemical"},"image":{"@id":"https:\/\/theo.niranbio.com\/pt-br\/#\/schema\/logo\/image\/"}}]}},"_links":{"self":[{"href":"https:\/\/theo.niranbio.com\/pt-br\/wp-json\/wp\/v2\/product\/8424","targetHints":{"allow":["GET"]}}],"collection":[{"href":"https:\/\/theo.niranbio.com\/pt-br\/wp-json\/wp\/v2\/product"}],"about":[{"href":"https:\/\/theo.niranbio.com\/pt-br\/wp-json\/wp\/v2\/types\/product"}],"version-history":[{"count":0,"href":"https:\/\/theo.niranbio.com\/pt-br\/wp-json\/wp\/v2\/product\/8424\/revisions"}],"wp:featuredmedia":[{"embeddable":true,"href":"https:\/\/theo.niranbio.com\/pt-br\/wp-json\/wp\/v2\/media\/7971"}],"wp:attachment":[{"href":"https:\/\/theo.niranbio.com\/pt-br\/wp-json\/wp\/v2\/media?parent=8424"}],"wp:term":[{"taxonomy":"product_brand","embeddable":true,"href":"https:\/\/theo.niranbio.com\/pt-br\/wp-json\/wp\/v2\/product_brand?post=8424"},{"taxonomy":"product_cat","embeddable":true,"href":"https:\/\/theo.niranbio.com\/pt-br\/wp-json\/wp\/v2\/product_cat?post=8424"},{"taxonomy":"product_tag","embeddable":true,"href":"https:\/\/theo.niranbio.com\/pt-br\/wp-json\/wp\/v2\/product_tag?post=8424"}],"curies":[{"name":"wp","href":"https:\/\/api.w.org\/{rel}","templated":true}]}}