{"id":8422,"date":"2024-06-20T09:30:55","date_gmt":"2024-06-20T01:30:55","guid":{"rendered":"https:\/\/theo.niranbio.com\/sacarina-sodica\/"},"modified":"2024-08-16T16:33:19","modified_gmt":"2024-08-16T08:33:19","slug":"sacarina-sodica","status":"publish","type":"product","link":"https:\/\/theo.niranbio.com\/pt-br\/sacarina-sodica.html","title":{"rendered":"Sacarina s\u00f3dica"},"content":{"rendered":"<h2><span class=\"ez-toc-section\" id=\"O_que_e_sacarina_sodica\"><\/span>O que \u00e9 sacarina s\u00f3dica?<span class=\"ez-toc-section-end\"><\/span><\/h2>\n<p>Cristais brancos ou p\u00f3 cristalino s\u00e3o um material org\u00e2nico conhecido como sacarina s\u00f3dica. Embora se dissolva em \u00e1gua, o corpo n\u00e3o obt\u00e9m muito dela nutricionalmente. Sua do\u00e7ura em solu\u00e7\u00e3o dilu\u00edda \u00e9 de 200-500 vezes a da sacarose. Tem um gosto forte quando a concentra\u00e7\u00e3o \u00e9 muito alta.<\/p>\n<p>\u00c9 seguro para diab\u00e9ticos e aqueles que tentam manter o peso porque n\u00e3o aumenta os n\u00edveis de a\u00e7\u00facar no sangue. O m\u00e9todo de prepara\u00e7\u00e3o da sacarina s\u00f3dica \u00e9 principalmente por meio da rea\u00e7\u00e3o de p-nitroanilina com monotiotiocarbamida, depois condensa\u00e7\u00e3o com formalde\u00eddo e, finalmente, rea\u00e7\u00e3o com soda c\u00e1ustica.<\/p>\n<h2><span class=\"ez-toc-section\" id=\"Parametros_relacionados\"><\/span>Par\u00e2metros relacionados:<span class=\"ez-toc-section-end\"><\/span><\/h2>\n<table>\n<tbody>\n<tr>\n<td><strong>Itens<\/strong><\/td>\n<td><strong>Padr\u00f5es<\/strong><\/td>\n<\/tr>\n<tr>\n<td>Ensaio<\/td>\n<td>98.0-101%-101.0%<\/td>\n<\/tr>\n<tr>\n<td>Ponto de encontro<\/td>\n<td>226\u2103~230\u2103<\/td>\n<\/tr>\n<tr>\n<td>Umidade<\/td>\n<td>\u226415%<\/td>\n<\/tr>\n<tr>\n<td>Sais de am\u00f4nio<\/td>\n<td>\u226425 ppm<\/td>\n<\/tr>\n<tr>\n<td>Ars\u00eanico<\/td>\n<td>\u22642 ppm<\/td>\n<\/tr>\n<tr>\n<td>Chumbo<\/td>\n<td>\u22641 ppm<\/td>\n<\/tr>\n<tr>\n<td>Fe<\/td>\n<td>\u226450 ppm<\/td>\n<\/tr>\n<tr>\n<td>Cu<\/td>\n<td>\u226450 ppm<\/td>\n<\/tr>\n<tr>\n<td>Zn<\/td>\n<td>\u226450 ppm<\/td>\n<\/tr>\n<tr>\n<td>Cr<\/td>\n<td>\u22642 ppm<\/td>\n<\/tr>\n<tr>\n<td>Metais pesados<\/td>\n<td>\u226410 ppm<\/td>\n<\/tr>\n<tr>\n<td>P-tolueno sulfonamida<\/td>\n<td>\u226410 ppm<\/td>\n<\/tr>\n<tr>\n<td>O-tolueno sulfonamida<\/td>\n<td>\u226410 ppm<\/td>\n<\/tr>\n<tr>\n<td>Sel\u00eanio<\/td>\n<td>\u226430 ppm<\/td>\n<\/tr>\n<tr>\n<td>\u00c1cido benzoico-sulfonamida<\/td>\n<td>\u226425 ppm<\/td>\n<\/tr>\n<\/tbody>\n<\/table>\n<h2><span class=\"ez-toc-section\" id=\"Dosagem_recomendada\"><\/span>Dosagem recomendada<span class=\"ez-toc-section-end\"><\/span><\/h2>\n<table>\n<tbody>\n<tr>\n<td><strong>Nome do alimento<\/strong><\/td>\n<td><strong>Uso m\u00e1ximo (g\/kg)<\/strong><\/td>\n<\/tr>\n<tr>\n<td>Refrigerantes<\/td>\n<td>0,5 g\/kg<\/td>\n<\/tr>\n<tr>\n<td>Bebidas de frutas<\/td>\n<td>0,3 g\/kg<\/td>\n<\/tr>\n<tr>\n<td>Iogurte<\/td>\n<td>0,3 g\/kg<\/td>\n<\/tr>\n<tr>\n<td>Bebidas l\u00e1cteas<\/td>\n<td>0,5 g\/kg<\/td>\n<\/tr>\n<tr>\n<td>Sorvete<\/td>\n<td>0,3 g\/kg<\/td>\n<\/tr>\n<tr>\n<td>Balas macias<\/td>\n<td>0,5 g\/kg<\/td>\n<\/tr>\n<tr>\n<td>Goma de mascar<\/td>\n<td>0,5 g\/kg<\/td>\n<\/tr>\n<tr>\n<td>Chocolate e produtos de chocolate<\/td>\n<td>0,5 g\/kg<\/td>\n<\/tr>\n<tr>\n<td>Biscoitos<\/td>\n<td>0,3 g\/kg<\/td>\n<\/tr>\n<tr>\n<td>P\u00e3o<\/td>\n<td>0,3 g\/kg<\/td>\n<\/tr>\n<tr>\n<td>Bolos<\/td>\n<td>0,3 g\/kg<\/td>\n<\/tr>\n<tr>\n<td>Molho de soja<\/td>\n<td>0,3 g\/kg<\/td>\n<\/tr>\n<tr>\n<td>Molhos<\/td>\n<td>0,3 g\/kg<\/td>\n<\/tr>\n<tr>\n<td>Frutas enlatadas<\/td>\n<td>0,5 g\/kg<\/td>\n<\/tr>\n<\/tbody>\n<\/table>\n<h2><span class=\"ez-toc-section\" id=\"A_sacarina_sodica_tem_uma_ampla_gama_de_usos\"><\/span>A sacarina s\u00f3dica tem uma ampla gama de usos<span class=\"ez-toc-section-end\"><\/span><\/h2>\n<ol>\n<li>Na ind\u00fastria aliment\u00edcia, a sacarina s\u00f3dica \u00e9 usada como ado\u00e7ante e \u00e9 amplamente usada em bebidas geladas, bebidas, geleias, picol\u00e9s, picles, frutas cristalizadas, bolos, frutas em conserva, balas proteicas e outros produtos. Est\u00e1 entre os ado\u00e7antes para alimentos mais frequentemente usados. Embora a sacarina s\u00f3dica seja menos usada como ado\u00e7ante na ind\u00fastria aliment\u00edcia atualmente, ela \u00e9 mais barata do que outros ado\u00e7antes mais seguros, ent\u00e3o ainda h\u00e1 uma certa demanda de mercado.<\/li>\n<li>Em termos de aditivos para ra\u00e7\u00e3o, a sacarina s\u00f3dica \u00e9 usada em ra\u00e7\u00e3o para su\u00ednos, ra\u00e7\u00e3o para peixes, etc. como ado\u00e7ante para aumentar a palatabilidade da ra\u00e7\u00e3o e promover o crescimento animal.<\/li>\n<li>Na ind\u00fastria qu\u00edmica di\u00e1ria, a sacarina s\u00f3dica \u00e9 usada em pasta de dente, enxaguante bucal, col\u00edrio e outros produtos para melhorar o sabor e o aroma do produto e torn\u00e1-lo mais aceit\u00e1vel.<\/li>\n<li>A ind\u00fastria de galvanoplastia \u00e9 uma das ind\u00fastrias com maior consumo de sacarina s\u00f3dica. A sacarina s\u00f3dica de grau de galvanoplastia \u00e9 usada principalmente como abrilhantador. \u00c9 aplicado em procedimentos como galvanoplastia de n\u00edquel para aumentar o brilho e a flexibilidade do material. A sacarina s\u00f3dica do grau de galvanoplastia \u00e9 usada extensivamente; o setor de galvanoplastia responde por mais de 40% de seu uso.<\/li>\n<\/ol>\n<p>Al\u00e9m disso, a sacarina s\u00f3dica tamb\u00e9m \u00e9 usada na ind\u00fastria farmac\u00eautica como um medicamento de diagn\u00f3stico, agente aromatizante farmac\u00eautico, excipiente para comprimidos revestidos de a\u00e7\u00facar, etc. Embora a seguran\u00e7a da sacarina s\u00f3dica sempre tenha sido controversa, ela ainda \u00e9 amplamente usada em muitos campos de aplica\u00e7\u00e3o.<\/p>\n<h2><span class=\"ez-toc-section\" id=\"O_usuario_fez_a_seguinte_pergunta\"><\/span>O usu\u00e1rio fez a seguinte pergunta:<span class=\"ez-toc-section-end\"><\/span><\/h2>\n<p>Pergunta: Qual \u00e9 a diferen\u00e7a entre sacarina s\u00f3dica e sacarina?<\/p>\n<p>Resposta: 1. Ingredientes diferentes: A sacarina \u00e9 um aditivo alimentar, o ingrediente principal \u00e9 a sacarina s\u00f3dica, e \u00e9 um p\u00f3 cristalino branco ou esbranqui\u00e7ado. A sacarina s\u00f3dica \u00e9 um composto org\u00e2nico, o ingrediente principal \u00e9 a sacarina s\u00f3dica.<\/p>\n<p>2. Fun\u00e7\u00f5es diferentes: A sacarina \u00e9 um aditivo alimentar que pode aumentar a do\u00e7ura dos alimentos e torn\u00e1-los mais deliciosos. A sacarina s\u00f3dica pode ser usada em alimentos, bebidas, doces, etc., o que pode aumentar a do\u00e7ura dos alimentos, tornar a cor dos alimentos mais viva e melhorar o sabor dos alimentos.<\/p>\n<p>3. Diferentes m\u00e9todos de uso: A sacarina \u00e9 um aditivo alimentar n\u00e3o nutricional e n\u00e3o pode ser usada como suplemento nutricional. Geralmente \u00e9 usada para melhorar a vida \u00fatil dos alimentos e tamb\u00e9m pode ser usada para preserva\u00e7\u00e3o de alimentos. A sacarina s\u00f3dica pode ser usada em doces, bolos, doces, bebidas, etc. Pode ser usada como aditivo alimentar dentro da vida \u00fatil e tamb\u00e9m pode ser usada para preserva\u00e7\u00e3o de alimentos.<\/p>\n","protected":false},"excerpt":{"rendered":"<ul>\n<li>CAS: C<sub>7<\/sub>H<sub>4<\/sub>NNaO<sub>3<\/sub>S<\/li>\n<li>F\u00f3rmula qu\u00edmica: 128-44-9<\/li>\n<li>Certifica\u00e7\u00f5es: KOSHER, ISO, HALAL, FSSC22000, BRC, etc.<\/li>\n<li>Padr\u00e3o: USP39\/FCC9\/NF34<\/li>\n<li>Quantidade m\u00ednima do pedido: 1000KG<\/li>\n<li>Prazo de validade: 2 anos<\/li>\n<\/ul>\n","protected":false},"featured_media":8060,"template":"","meta":{"site-sidebar-layout":"default","site-content-layout":"","ast-site-content-layout":"default","site-content-style":"default","site-sidebar-style":"default","ast-global-header-display":"","ast-banner-title-visibility":"","ast-main-header-display":"","ast-hfb-above-header-display":"","ast-hfb-below-header-display":"","ast-hfb-mobile-header-display":"","site-post-title":"","ast-breadcrumbs-content":"","ast-featured-img":"","footer-sml-layout":"","theme-transparent-header-meta":"default","adv-header-id-meta":"","stick-header-meta":"","header-above-stick-meta":"","header-main-stick-meta":"","header-below-stick-meta":"","astra-migrate-meta-layouts":"set","ast-page-background-enabled":"default","ast-page-background-meta":{"desktop":{"background-color":"var(--ast-global-color-4)","background-image":"","background-repeat":"repeat","background-position":"center center","background-size":"auto","background-attachment":"scroll","background-type":"","background-media":"","overlay-type":"","overlay-color":"","overlay-opacity":"","overlay-gradient":""},"tablet":{"background-color":"","background-image":"","background-repeat":"repeat","background-position":"center center","background-size":"auto","background-attachment":"scroll","background-type":"","background-media":"","overlay-type":"","overlay-color":"","overlay-opacity":"","overlay-gradient":""},"mobile":{"background-color":"","background-image":"","background-repeat":"repeat","background-position":"center center","background-size":"auto","background-attachment":"scroll","background-type":"","background-media":"","overlay-type":"","overlay-color":"","overlay-opacity":"","overlay-gradient":""}},"ast-content-background-meta":{"desktop":{"background-color":"var(--ast-global-color-5)","background-image":"","background-repeat":"repeat","background-position":"center center","background-size":"auto","background-attachment":"scroll","background-type":"","background-media":"","overlay-type":"","overlay-color":"","overlay-opacity":"","overlay-gradient":""},"tablet":{"background-color":"var(--ast-global-color-5)","background-image":"","background-repeat":"repeat","background-position":"center center","background-size":"auto","background-attachment":"scroll","background-type":"","background-media":"","overlay-type":"","overlay-color":"","overlay-opacity":"","overlay-gradient":""},"mobile":{"background-color":"var(--ast-global-color-5)","background-image":"","background-repeat":"repeat","background-position":"center center","background-size":"auto","background-attachment":"scroll","background-type":"","background-media":"","overlay-type":"","overlay-color":"","overlay-opacity":"","overlay-gradient":""}}},"product_brand":[],"product_cat":[77],"product_tag":[],"class_list":{"0":"post-8422","1":"product","2":"type-product","3":"status-publish","4":"has-post-thumbnail","6":"product_cat-produto-adocante","7":"desktop-align-center","8":"tablet-align-left","9":"mobile-align-left","11":"first","12":"instock","13":"shipping-taxable","14":"product-type-simple"},"yoast_head":"<!-- This site is optimized with the Yoast SEO plugin v26.5 - https:\/\/yoast.com\/wordpress\/plugins\/seo\/ -->\n<title>Fornecedor De Sacarina S\u00f3dica, P\u00f3 E954 Puro Da China | Niranbio Chemical<\/title>\n<meta name=\"description\" content=\"Oferecemos sacarina s\u00f3dica, um ado\u00e7ante 300-700 vezes mais doce que o a\u00e7\u00facar, est\u00e1vel ao calor, com longa vida \u00fatil, usado em alimentos, bebidas e produtos farmac\u00eauticos.\" \/>\n<meta name=\"robots\" content=\"noindex, follow, max-snippet:-1, max-image-preview:large, max-video-preview:-1\" \/>\n<meta name=\"twitter:label1\" content=\"Est. tempo de leitura\" \/>\n\t<meta name=\"twitter:data1\" content=\"4 minutos\" \/>\n<script type=\"application\/ld+json\" class=\"yoast-schema-graph\">{\"@context\":\"https:\/\/schema.org\",\"@graph\":[{\"@type\":\"WebPage\",\"@id\":\"https:\/\/theo.niranbio.com\/pt-br\/sacarina-sodica.html\",\"url\":\"https:\/\/theo.niranbio.com\/pt-br\/sacarina-sodica.html\",\"name\":\"Fornecedor De Sacarina S\u00f3dica, P\u00f3 E954 Puro Da China | Niranbio Chemical\",\"isPartOf\":{\"@id\":\"https:\/\/theo.niranbio.com\/pt-br\/#website\"},\"primaryImageOfPage\":{\"@id\":\"https:\/\/theo.niranbio.com\/pt-br\/sacarina-sodica.html#primaryimage\"},\"image\":{\"@id\":\"https:\/\/theo.niranbio.com\/pt-br\/sacarina-sodica.html#primaryimage\"},\"thumbnailUrl\":\"https:\/\/theo.niranbio.com\/wp-content\/uploads\/2024\/06\/Sodium-Saccharin.webp\",\"datePublished\":\"2024-06-20T01:30:55+00:00\",\"dateModified\":\"2024-08-16T08:33:19+00:00\",\"description\":\"Oferecemos sacarina s\u00f3dica, um ado\u00e7ante 300-700 vezes mais doce que o a\u00e7\u00facar, est\u00e1vel ao calor, com longa vida \u00fatil, usado em alimentos, bebidas e produtos farmac\u00eauticos.\",\"breadcrumb\":{\"@id\":\"https:\/\/theo.niranbio.com\/pt-br\/sacarina-sodica.html#breadcrumb\"},\"inLanguage\":\"pt-BR\",\"potentialAction\":[{\"@type\":\"ReadAction\",\"target\":[\"https:\/\/theo.niranbio.com\/pt-br\/sacarina-sodica.html\"]}]},{\"@type\":\"ImageObject\",\"inLanguage\":\"pt-BR\",\"@id\":\"https:\/\/theo.niranbio.com\/pt-br\/sacarina-sodica.html#primaryimage\",\"url\":\"https:\/\/theo.niranbio.com\/wp-content\/uploads\/2024\/06\/Sodium-Saccharin.webp\",\"contentUrl\":\"https:\/\/theo.niranbio.com\/wp-content\/uploads\/2024\/06\/Sodium-Saccharin.webp\",\"width\":600,\"height\":600,\"caption\":\"Sacarina S\u00f3dica\"},{\"@type\":\"BreadcrumbList\",\"@id\":\"https:\/\/theo.niranbio.com\/pt-br\/sacarina-sodica.html#breadcrumb\",\"itemListElement\":[{\"@type\":\"ListItem\",\"position\":1,\"name\":\"Home\",\"item\":\"https:\/\/theo.niranbio.com\/pt-br\/\"},{\"@type\":\"ListItem\",\"position\":2,\"name\":\"Produtos\",\"item\":\"https:\/\/theo.niranbio.com\/pt-br\/produtos.html\"},{\"@type\":\"ListItem\",\"position\":3,\"name\":\"Ado\u00e7antes\",\"item\":\"https:\/\/theo.niranbio.com\/pt-br\/produto-adocante\/\"},{\"@type\":\"ListItem\",\"position\":4,\"name\":\"Sacarina s\u00f3dica\"}]},{\"@type\":\"WebSite\",\"@id\":\"https:\/\/theo.niranbio.com\/pt-br\/#website\",\"url\":\"https:\/\/theo.niranbio.com\/pt-br\/\",\"name\":\"Niranbio Chemical\",\"description\":\"\",\"publisher\":{\"@id\":\"https:\/\/theo.niranbio.com\/pt-br\/#organization\"},\"potentialAction\":[{\"@type\":\"SearchAction\",\"target\":{\"@type\":\"EntryPoint\",\"urlTemplate\":\"https:\/\/theo.niranbio.com\/pt-br\/?s={search_term_string}\"},\"query-input\":{\"@type\":\"PropertyValueSpecification\",\"valueRequired\":true,\"valueName\":\"search_term_string\"}}],\"inLanguage\":\"pt-BR\"},{\"@type\":\"Organization\",\"@id\":\"https:\/\/theo.niranbio.com\/pt-br\/#organization\",\"name\":\"Niranbio Chemical\",\"url\":\"https:\/\/theo.niranbio.com\/pt-br\/\",\"logo\":{\"@type\":\"ImageObject\",\"inLanguage\":\"pt-BR\",\"@id\":\"https:\/\/theo.niranbio.com\/pt-br\/#\/schema\/logo\/image\/\",\"url\":\"https:\/\/theo.niranbio.com\/wp-content\/uploads\/2024\/06\/Niranbio.png\",\"contentUrl\":\"https:\/\/theo.niranbio.com\/wp-content\/uploads\/2024\/06\/Niranbio.png\",\"width\":270,\"height\":100,\"caption\":\"Niranbio Chemical\"},\"image\":{\"@id\":\"https:\/\/theo.niranbio.com\/pt-br\/#\/schema\/logo\/image\/\"}}]}<\/script>\n<!-- \/ Yoast SEO plugin. -->","yoast_head_json":{"title":"Fornecedor De Sacarina S\u00f3dica, P\u00f3 E954 Puro Da China | Niranbio Chemical","description":"Oferecemos sacarina s\u00f3dica, um ado\u00e7ante 300-700 vezes mais doce que o a\u00e7\u00facar, est\u00e1vel ao calor, com longa vida \u00fatil, usado em alimentos, bebidas e produtos farmac\u00eauticos.","robots":{"index":"noindex","follow":"follow","max-snippet":"max-snippet:-1","max-image-preview":"max-image-preview:large","max-video-preview":"max-video-preview:-1"},"twitter_misc":{"Est. tempo de leitura":"4 minutos"},"schema":{"@context":"https:\/\/schema.org","@graph":[{"@type":"WebPage","@id":"https:\/\/theo.niranbio.com\/pt-br\/sacarina-sodica.html","url":"https:\/\/theo.niranbio.com\/pt-br\/sacarina-sodica.html","name":"Fornecedor De Sacarina S\u00f3dica, P\u00f3 E954 Puro Da China | Niranbio Chemical","isPartOf":{"@id":"https:\/\/theo.niranbio.com\/pt-br\/#website"},"primaryImageOfPage":{"@id":"https:\/\/theo.niranbio.com\/pt-br\/sacarina-sodica.html#primaryimage"},"image":{"@id":"https:\/\/theo.niranbio.com\/pt-br\/sacarina-sodica.html#primaryimage"},"thumbnailUrl":"https:\/\/theo.niranbio.com\/wp-content\/uploads\/2024\/06\/Sodium-Saccharin.webp","datePublished":"2024-06-20T01:30:55+00:00","dateModified":"2024-08-16T08:33:19+00:00","description":"Oferecemos sacarina s\u00f3dica, um ado\u00e7ante 300-700 vezes mais doce que o a\u00e7\u00facar, est\u00e1vel ao calor, com longa vida \u00fatil, usado em alimentos, bebidas e produtos farmac\u00eauticos.","breadcrumb":{"@id":"https:\/\/theo.niranbio.com\/pt-br\/sacarina-sodica.html#breadcrumb"},"inLanguage":"pt-BR","potentialAction":[{"@type":"ReadAction","target":["https:\/\/theo.niranbio.com\/pt-br\/sacarina-sodica.html"]}]},{"@type":"ImageObject","inLanguage":"pt-BR","@id":"https:\/\/theo.niranbio.com\/pt-br\/sacarina-sodica.html#primaryimage","url":"https:\/\/theo.niranbio.com\/wp-content\/uploads\/2024\/06\/Sodium-Saccharin.webp","contentUrl":"https:\/\/theo.niranbio.com\/wp-content\/uploads\/2024\/06\/Sodium-Saccharin.webp","width":600,"height":600,"caption":"Sacarina S\u00f3dica"},{"@type":"BreadcrumbList","@id":"https:\/\/theo.niranbio.com\/pt-br\/sacarina-sodica.html#breadcrumb","itemListElement":[{"@type":"ListItem","position":1,"name":"Home","item":"https:\/\/theo.niranbio.com\/pt-br\/"},{"@type":"ListItem","position":2,"name":"Produtos","item":"https:\/\/theo.niranbio.com\/pt-br\/produtos.html"},{"@type":"ListItem","position":3,"name":"Ado\u00e7antes","item":"https:\/\/theo.niranbio.com\/pt-br\/produto-adocante\/"},{"@type":"ListItem","position":4,"name":"Sacarina s\u00f3dica"}]},{"@type":"WebSite","@id":"https:\/\/theo.niranbio.com\/pt-br\/#website","url":"https:\/\/theo.niranbio.com\/pt-br\/","name":"Niranbio Chemical","description":"","publisher":{"@id":"https:\/\/theo.niranbio.com\/pt-br\/#organization"},"potentialAction":[{"@type":"SearchAction","target":{"@type":"EntryPoint","urlTemplate":"https:\/\/theo.niranbio.com\/pt-br\/?s={search_term_string}"},"query-input":{"@type":"PropertyValueSpecification","valueRequired":true,"valueName":"search_term_string"}}],"inLanguage":"pt-BR"},{"@type":"Organization","@id":"https:\/\/theo.niranbio.com\/pt-br\/#organization","name":"Niranbio Chemical","url":"https:\/\/theo.niranbio.com\/pt-br\/","logo":{"@type":"ImageObject","inLanguage":"pt-BR","@id":"https:\/\/theo.niranbio.com\/pt-br\/#\/schema\/logo\/image\/","url":"https:\/\/theo.niranbio.com\/wp-content\/uploads\/2024\/06\/Niranbio.png","contentUrl":"https:\/\/theo.niranbio.com\/wp-content\/uploads\/2024\/06\/Niranbio.png","width":270,"height":100,"caption":"Niranbio Chemical"},"image":{"@id":"https:\/\/theo.niranbio.com\/pt-br\/#\/schema\/logo\/image\/"}}]}},"_links":{"self":[{"href":"https:\/\/theo.niranbio.com\/pt-br\/wp-json\/wp\/v2\/product\/8422","targetHints":{"allow":["GET"]}}],"collection":[{"href":"https:\/\/theo.niranbio.com\/pt-br\/wp-json\/wp\/v2\/product"}],"about":[{"href":"https:\/\/theo.niranbio.com\/pt-br\/wp-json\/wp\/v2\/types\/product"}],"version-history":[{"count":0,"href":"https:\/\/theo.niranbio.com\/pt-br\/wp-json\/wp\/v2\/product\/8422\/revisions"}],"wp:featuredmedia":[{"embeddable":true,"href":"https:\/\/theo.niranbio.com\/pt-br\/wp-json\/wp\/v2\/media\/8060"}],"wp:attachment":[{"href":"https:\/\/theo.niranbio.com\/pt-br\/wp-json\/wp\/v2\/media?parent=8422"}],"wp:term":[{"taxonomy":"product_brand","embeddable":true,"href":"https:\/\/theo.niranbio.com\/pt-br\/wp-json\/wp\/v2\/product_brand?post=8422"},{"taxonomy":"product_cat","embeddable":true,"href":"https:\/\/theo.niranbio.com\/pt-br\/wp-json\/wp\/v2\/product_cat?post=8422"},{"taxonomy":"product_tag","embeddable":true,"href":"https:\/\/theo.niranbio.com\/pt-br\/wp-json\/wp\/v2\/product_tag?post=8422"}],"curies":[{"name":"wp","href":"https:\/\/api.w.org\/{rel}","templated":true}]}}