{"id":8415,"date":"2024-06-20T09:32:31","date_gmt":"2024-06-20T01:32:31","guid":{"rendered":"https:\/\/theo.niranbio.com\/sorbitol\/"},"modified":"2024-08-16T15:58:35","modified_gmt":"2024-08-16T07:58:35","slug":"sorbitol","status":"publish","type":"product","link":"https:\/\/theo.niranbio.com\/pt-br\/sorbitol.html","title":{"rendered":"Sorbitol"},"content":{"rendered":"<h2><span class=\"ez-toc-section\" id=\"O_que_e_sorbitol\"><\/span>O que \u00e9 sorbitol?<span class=\"ez-toc-section-end\"><\/span><\/h2>\n<p>O sorbitol \u00e9 um p\u00f3 cristalino branco, inodoro, com um sabor doce refrescante. Sua do\u00e7ura \u00e9 de cerca de 50%-70% da sacarose. \u00c9 amplamente distribu\u00eddo em frutas vegetais naturais e \u00e9 frequentemente usado em alimentos como ado\u00e7ante, agente de volume e hidratante.<\/p>\n<p>O sorbitol \u00e9 atualmente produzido principalmente por dois m\u00e9todos: s\u00edntese qu\u00edmica e fermenta\u00e7\u00e3o biol\u00f3gica. O m\u00e9todo de s\u00edntese qu\u00edmica usa glicose como mat\u00e9ria-prima e sintetiza sorbitol por meio de uma s\u00e9rie de rea\u00e7\u00f5es qu\u00edmicas. A rela\u00e7\u00e3o custo-benef\u00edcio desse m\u00e9todo \u00e9 compensada pela possibilidade de compostos perigosos serem produzidos pela rea\u00e7\u00e3o. O m\u00e9todo de fermenta\u00e7\u00e3o biol\u00f3gica usa glicose como mat\u00e9ria-prima e produz sorbitol por meio de fermenta\u00e7\u00e3o microbiana. As vantagens desse m\u00e9todo s\u00e3o a prote\u00e7\u00e3o ambiental e a alta pureza do produto, mas o custo \u00e9 relativamente alto.<\/p>\n<h2><span class=\"ez-toc-section\" id=\"Parametros_relacionados\"><\/span>Par\u00e2metros relacionados:<span class=\"ez-toc-section-end\"><\/span><\/h2>\n<table>\n<tbody>\n<tr>\n<td><strong>ITENS<\/strong><\/td>\n<td><strong>ESPECIFICA\u00c7\u00c3O<\/strong><\/td>\n<\/tr>\n<tr>\n<td>Teor de sorbitol\uff0cw\/%<\/td>\n<td>\u226598.0<\/td>\n<\/tr>\n<tr>\n<td>\u00c1gua\uff0cw\/%<\/td>\n<td>\u22641.0<\/td>\n<\/tr>\n<tr>\n<td>Redu\u00e7\u00e3o de a\u00e7\u00facar\uff0cw\/%<\/td>\n<td>\u22640.15<\/td>\n<\/tr>\n<tr>\n<td>A\u00e7\u00facar total\uff0cw\/%<\/td>\n<td>\u22641.0<\/td>\n<\/tr>\n<tr>\n<td>Res\u00edduo na igni\u00e7\u00e3o, p\/%<\/td>\n<td>\u22640.1<\/td>\n<\/tr>\n<tr>\n<td>Sulfato\uff08como SO42- \uff09\/\uff08ppm\uff09<\/td>\n<td>\u2264100<\/td>\n<\/tr>\n<tr>\n<td>Cloreto\uff08como Cl-\uff09\/\uff08ppm\uff09<\/td>\n<td>\u226450<\/td>\n<\/tr>\n<\/tbody>\n<\/table>\n<h2><span class=\"ez-toc-section\" id=\"Dosagem_recomendada\"><\/span>Dosagem recomendada<span class=\"ez-toc-section-end\"><\/span><\/h2>\n<table>\n<tbody>\n<tr>\n<td><strong>Nome do alimento<\/strong><\/td>\n<td><strong>Uso m\u00e1ximo (g\/kg)<\/strong><\/td>\n<\/tr>\n<tr>\n<td>Produtos l\u00e1cteos<\/td>\n<td>0,5 g\/kg<\/td>\n<\/tr>\n<tr>\n<td>Queijo<\/td>\n<td>0,3 g\/kg<\/td>\n<\/tr>\n<tr>\n<td>Iogurte<\/td>\n<td>0,5 g\/kg<\/td>\n<\/tr>\n<tr>\n<td>Bebidas de frutas<\/td>\n<td>0,5 g\/kg<\/td>\n<\/tr>\n<tr>\n<td>Bebidas carbonatadas<\/td>\n<td>0,3 g\/kg<\/td>\n<\/tr>\n<tr>\n<td>Alimentos enlatados<\/td>\n<td>0,5 g\/kg<\/td>\n<\/tr>\n<tr>\n<td>Doces<\/td>\n<td>1,0 g\/kg<\/td>\n<\/tr>\n<tr>\n<td>P\u00e3o<\/td>\n<td>0,5 g\/kg<\/td>\n<\/tr>\n<tr>\n<td>Produtos de panifica\u00e7\u00e3o<\/td>\n<td>0,5 g\/kg<\/td>\n<\/tr>\n<tr>\n<td>Molhos<\/td>\n<td>0,3 g\/kg<\/td>\n<\/tr>\n<tr>\n<td>Produtos c\u00e1rneos<\/td>\n<td>0,5 g\/kg<\/td>\n<\/tr>\n<tr>\n<td>Produtos de peixe<\/td>\n<td>0,4 g\/kg<\/td>\n<\/tr>\n<tr>\n<td>Chocolate e produtos de chocolate<\/td>\n<td>0,4 g\/kg<\/td>\n<\/tr>\n<\/tbody>\n<\/table>\n<h2><span class=\"ez-toc-section\" id=\"O_sorbitol_tem_uma_ampla_gama_de_usos\"><\/span>O sorbitol tem uma ampla gama de usos<span class=\"ez-toc-section-end\"><\/span><\/h2>\n<ol>\n<li>Ind\u00fastria aliment\u00edcia: o sorbitol \u00e9 usado principalmente como ado\u00e7ante, umectante, excipiente e conservante na ind\u00fastria aliment\u00edcia. Sua higroscopicidade ajuda a manter os alimentos \u00famidos e frescos, evitando que sequem. Usar sorbitol em p\u00e3es e bolos tem efeitos \u00f3bvios. Al\u00e9m disso, o sorbitol \u00e9 um ingrediente cru essencial para fazer doces com baixo teor de a\u00e7\u00facar, salgadinhos e balas sem a\u00e7\u00facar porque \u00e9 menos doce que a sacarose e n\u00e3o \u00e9 utilizado por algumas bact\u00e9rias. Al\u00e9m disso, pode prolongar a vida \u00fatil dos alimentos, processar uma variedade de refei\u00e7\u00f5es anti-carry e estabilizar e preservar significativamente a pasta de peixe ao longo do tempo.<\/li>\n<li>Ind\u00fastria farmac\u00eautica: O sorbitol \u00e9 usado como ado\u00e7ante nutricional na ind\u00fastria farmac\u00eautica, com efeitos de desidrata\u00e7\u00e3o e diurese, aumento do apetite, controle de peso e efeitos laxantes. Pode aumentar o volume sangu\u00edneo, reduzir a press\u00e3o intracraniana e reduzir o edema intersticial. \u00c9 frequentemente usado para tratar dis\u00faria causada por doen\u00e7a card\u00edaca ou renal, bem como edema cerebral, glaucoma e outras doen\u00e7as. O processo metab\u00f3lico do sorbitol n\u00e3o requer a participa\u00e7\u00e3o da insulina e tem pouco efeito no a\u00e7\u00facar no sangue. Os diab\u00e9ticos podem us\u00e1-lo como ado\u00e7ante alimentar e suplemento nutricional.<\/li>\n<li>Ind\u00fastria qu\u00edmica di\u00e1ria: O sorbitol \u00e9 usado principalmente como um agente absorvente de umidade e retentor de \u00e1gua na ind\u00fastria qu\u00edmica di\u00e1ria. Pode ser usado em necessidades di\u00e1rias, como pasta de dente e cosm\u00e9ticos, para faz\u00ea-los conter uma certa quantidade de umidade e manter a consist\u00eancia e o conforto do produto.<\/li>\n<li>Processamento de produtos aqu\u00e1ticos: O sorbitol \u00e9 amplamente usado em produtos aqu\u00e1ticos e seus produtos como um redutor de atividade de \u00e1gua, conservante biol\u00f3gico e agente anticongelante. Ao reduzir a atividade de \u00e1gua, o per\u00edodo de armazenamento de produtos aqu\u00e1ticos pode ser efetivamente estendido para manter sua qualidade.<\/li>\n<\/ol>\n<h2><span class=\"ez-toc-section\" id=\"O_usuario_fez_a_seguinte_pergunta\"><\/span>O usu\u00e1rio fez a seguinte pergunta:<span class=\"ez-toc-section-end\"><\/span><\/h2>\n<p>Pergunta: O sorbitol tem algum efeito na sa\u00fade?<\/p>\n<p>Resposta: O sorbitol \u00e9 um ado\u00e7ante de baixa caloria amplamente utilizado em alimentos, medicamentos e cosm\u00e9ticos e \u00e9 geralmente considerado seguro. N\u00e3o causa c\u00e1ries e tem baixo impacto no a\u00e7\u00facar no sangue, o que o torna uma escolha ideal para pessoas com diabetes. No entanto, a ingest\u00e3o excessiva de sorbitol pode causar diarreia, incha\u00e7o e desconforto gastrointestinal porque \u00e9 fermentado por bact\u00e9rias no intestino grosso para produzir g\u00e1s e \u00e1gua.<\/p>\n<p>As alergias ao sorbitol s\u00e3o extremamente raras, mas podem acontecer com algumas pessoas. No geral, o sorbitol \u00e9 seguro para a maioria das pessoas, mas pessoas com est\u00f4magos sens\u00edveis devem consumi-lo com modera\u00e7\u00e3o para evitar rea\u00e7\u00f5es adversas. Pergunta: O sorbitol \u00e9 um a\u00e7\u00facar ou um ado\u00e7ante? Resposta: O sorbitol \u00e9 um ado\u00e7ante de \u00e1lcool de a\u00e7\u00facar. Embora tenha a palavra &#8220;a\u00e7\u00facar&#8221; em seu nome, na verdade \u00e9 um \u00e1lcool de a\u00e7\u00facar e pertence \u00e0 categoria de ado\u00e7antes. Os ado\u00e7antes de \u00e1lcool de a\u00e7\u00facar s\u00e3o semelhantes aos a\u00e7\u00facares na estrutura molecular, mas como cont\u00eam um ou mais grupos hidroxila, s\u00e3o chamados de &#8220;\u00e1lcoois de a\u00e7\u00facar&#8221;.<\/p>\n","protected":false},"excerpt":{"rendered":"<ul>\n<li>CAS: 50-70-4; 98201-93-5<\/li>\n<li>F\u00f3rmula qu\u00edmica: C<sub>6<\/sub>H<sub>14<\/sub>O<sub>6<\/sub><\/li>\n<li>Certifica\u00e7\u00f5es: KOSHER, ISO, HALAL, FSSC22000, BRC, etc.<\/li>\n<li>Padr\u00e3o:<\/li>\n<li>Quantidade m\u00ednima do pedido: 1000KG<\/li>\n<li>Prazo de validade: 2 anos<\/li>\n<\/ul>\n","protected":false},"featured_media":8513,"template":"","meta":{"site-sidebar-layout":"default","site-content-layout":"","ast-site-content-layout":"default","site-content-style":"default","site-sidebar-style":"default","ast-global-header-display":"","ast-banner-title-visibility":"","ast-main-header-display":"","ast-hfb-above-header-display":"","ast-hfb-below-header-display":"","ast-hfb-mobile-header-display":"","site-post-title":"","ast-breadcrumbs-content":"","ast-featured-img":"","footer-sml-layout":"","theme-transparent-header-meta":"default","adv-header-id-meta":"","stick-header-meta":"","header-above-stick-meta":"","header-main-stick-meta":"","header-below-stick-meta":"","astra-migrate-meta-layouts":"set","ast-page-background-enabled":"default","ast-page-background-meta":{"desktop":{"background-color":"var(--ast-global-color-4)","background-image":"","background-repeat":"repeat","background-position":"center center","background-size":"auto","background-attachment":"scroll","background-type":"","background-media":"","overlay-type":"","overlay-color":"","overlay-opacity":"","overlay-gradient":""},"tablet":{"background-color":"","background-image":"","background-repeat":"repeat","background-position":"center center","background-size":"auto","background-attachment":"scroll","background-type":"","background-media":"","overlay-type":"","overlay-color":"","overlay-opacity":"","overlay-gradient":""},"mobile":{"background-color":"","background-image":"","background-repeat":"repeat","background-position":"center center","background-size":"auto","background-attachment":"scroll","background-type":"","background-media":"","overlay-type":"","overlay-color":"","overlay-opacity":"","overlay-gradient":""}},"ast-content-background-meta":{"desktop":{"background-color":"var(--ast-global-color-5)","background-image":"","background-repeat":"repeat","background-position":"center center","background-size":"auto","background-attachment":"scroll","background-type":"","background-media":"","overlay-type":"","overlay-color":"","overlay-opacity":"","overlay-gradient":""},"tablet":{"background-color":"var(--ast-global-color-5)","background-image":"","background-repeat":"repeat","background-position":"center center","background-size":"auto","background-attachment":"scroll","background-type":"","background-media":"","overlay-type":"","overlay-color":"","overlay-opacity":"","overlay-gradient":""},"mobile":{"background-color":"var(--ast-global-color-5)","background-image":"","background-repeat":"repeat","background-position":"center center","background-size":"auto","background-attachment":"scroll","background-type":"","background-media":"","overlay-type":"","overlay-color":"","overlay-opacity":"","overlay-gradient":""}}},"product_brand":[],"product_cat":[77],"product_tag":[],"class_list":{"0":"post-8415","1":"product","2":"type-product","3":"status-publish","4":"has-post-thumbnail","6":"product_cat-produto-adocante","7":"desktop-align-center","8":"tablet-align-left","9":"mobile-align-left","11":"first","12":"instock","13":"shipping-taxable","14":"product-type-simple"},"yoast_head":"<!-- This site is optimized with the Yoast SEO plugin v26.5 - https:\/\/yoast.com\/wordpress\/plugins\/seo\/ -->\n<title>Sorbitol Liquido Pre\u00e7o, E420 na China Comprar| Niranbio Chemical<\/title>\n<meta name=\"description\" content=\"O sorbitol, um p\u00f3 branco, ret\u00e9m umidade, n\u00e3o \u00e9 cariog\u00eanico e \u00e9 doce, amplamente utilizado em alimentos e produtos farmac\u00eauticos por sua estabilidade e baixas calorias.\" \/>\n<meta name=\"robots\" content=\"noindex, follow, max-snippet:-1, max-image-preview:large, max-video-preview:-1\" \/>\n<meta name=\"twitter:label1\" content=\"Est. tempo de leitura\" \/>\n\t<meta name=\"twitter:data1\" content=\"4 minutos\" \/>\n<script type=\"application\/ld+json\" class=\"yoast-schema-graph\">{\"@context\":\"https:\/\/schema.org\",\"@graph\":[{\"@type\":\"WebPage\",\"@id\":\"https:\/\/theo.niranbio.com\/pt-br\/sorbitol.html\",\"url\":\"https:\/\/theo.niranbio.com\/pt-br\/sorbitol.html\",\"name\":\"Sorbitol Liquido Pre\u00e7o, E420 na China Comprar| Niranbio Chemical\",\"isPartOf\":{\"@id\":\"https:\/\/theo.niranbio.com\/pt-br\/#website\"},\"primaryImageOfPage\":{\"@id\":\"https:\/\/theo.niranbio.com\/pt-br\/sorbitol.html#primaryimage\"},\"image\":{\"@id\":\"https:\/\/theo.niranbio.com\/pt-br\/sorbitol.html#primaryimage\"},\"thumbnailUrl\":\"https:\/\/theo.niranbio.com\/wp-content\/uploads\/2024\/06\/Sorbitol.webp\",\"datePublished\":\"2024-06-20T01:32:31+00:00\",\"dateModified\":\"2024-08-16T07:58:35+00:00\",\"description\":\"O sorbitol, um p\u00f3 branco, ret\u00e9m umidade, n\u00e3o \u00e9 cariog\u00eanico e \u00e9 doce, amplamente utilizado em alimentos e produtos farmac\u00eauticos por sua estabilidade e baixas calorias.\",\"breadcrumb\":{\"@id\":\"https:\/\/theo.niranbio.com\/pt-br\/sorbitol.html#breadcrumb\"},\"inLanguage\":\"pt-BR\",\"potentialAction\":[{\"@type\":\"ReadAction\",\"target\":[\"https:\/\/theo.niranbio.com\/pt-br\/sorbitol.html\"]}]},{\"@type\":\"ImageObject\",\"inLanguage\":\"pt-BR\",\"@id\":\"https:\/\/theo.niranbio.com\/pt-br\/sorbitol.html#primaryimage\",\"url\":\"https:\/\/theo.niranbio.com\/wp-content\/uploads\/2024\/06\/Sorbitol.webp\",\"contentUrl\":\"https:\/\/theo.niranbio.com\/wp-content\/uploads\/2024\/06\/Sorbitol.webp\",\"width\":600,\"height\":600,\"caption\":\"Sorbitol\"},{\"@type\":\"BreadcrumbList\",\"@id\":\"https:\/\/theo.niranbio.com\/pt-br\/sorbitol.html#breadcrumb\",\"itemListElement\":[{\"@type\":\"ListItem\",\"position\":1,\"name\":\"Home\",\"item\":\"https:\/\/theo.niranbio.com\/pt-br\/\"},{\"@type\":\"ListItem\",\"position\":2,\"name\":\"Produtos\",\"item\":\"https:\/\/theo.niranbio.com\/pt-br\/produtos.html\"},{\"@type\":\"ListItem\",\"position\":3,\"name\":\"Ado\u00e7antes\",\"item\":\"https:\/\/theo.niranbio.com\/pt-br\/produto-adocante\/\"},{\"@type\":\"ListItem\",\"position\":4,\"name\":\"Sorbitol\"}]},{\"@type\":\"WebSite\",\"@id\":\"https:\/\/theo.niranbio.com\/pt-br\/#website\",\"url\":\"https:\/\/theo.niranbio.com\/pt-br\/\",\"name\":\"Niranbio Chemical\",\"description\":\"\",\"publisher\":{\"@id\":\"https:\/\/theo.niranbio.com\/pt-br\/#organization\"},\"potentialAction\":[{\"@type\":\"SearchAction\",\"target\":{\"@type\":\"EntryPoint\",\"urlTemplate\":\"https:\/\/theo.niranbio.com\/pt-br\/?s={search_term_string}\"},\"query-input\":{\"@type\":\"PropertyValueSpecification\",\"valueRequired\":true,\"valueName\":\"search_term_string\"}}],\"inLanguage\":\"pt-BR\"},{\"@type\":\"Organization\",\"@id\":\"https:\/\/theo.niranbio.com\/pt-br\/#organization\",\"name\":\"Niranbio Chemical\",\"url\":\"https:\/\/theo.niranbio.com\/pt-br\/\",\"logo\":{\"@type\":\"ImageObject\",\"inLanguage\":\"pt-BR\",\"@id\":\"https:\/\/theo.niranbio.com\/pt-br\/#\/schema\/logo\/image\/\",\"url\":\"https:\/\/theo.niranbio.com\/wp-content\/uploads\/2024\/06\/Niranbio.png\",\"contentUrl\":\"https:\/\/theo.niranbio.com\/wp-content\/uploads\/2024\/06\/Niranbio.png\",\"width\":270,\"height\":100,\"caption\":\"Niranbio Chemical\"},\"image\":{\"@id\":\"https:\/\/theo.niranbio.com\/pt-br\/#\/schema\/logo\/image\/\"}}]}<\/script>\n<!-- \/ Yoast SEO plugin. -->","yoast_head_json":{"title":"Sorbitol Liquido Pre\u00e7o, E420 na China Comprar| Niranbio Chemical","description":"O sorbitol, um p\u00f3 branco, ret\u00e9m umidade, n\u00e3o \u00e9 cariog\u00eanico e \u00e9 doce, amplamente utilizado em alimentos e produtos farmac\u00eauticos por sua estabilidade e baixas calorias.","robots":{"index":"noindex","follow":"follow","max-snippet":"max-snippet:-1","max-image-preview":"max-image-preview:large","max-video-preview":"max-video-preview:-1"},"twitter_misc":{"Est. tempo de leitura":"4 minutos"},"schema":{"@context":"https:\/\/schema.org","@graph":[{"@type":"WebPage","@id":"https:\/\/theo.niranbio.com\/pt-br\/sorbitol.html","url":"https:\/\/theo.niranbio.com\/pt-br\/sorbitol.html","name":"Sorbitol Liquido Pre\u00e7o, E420 na China Comprar| Niranbio Chemical","isPartOf":{"@id":"https:\/\/theo.niranbio.com\/pt-br\/#website"},"primaryImageOfPage":{"@id":"https:\/\/theo.niranbio.com\/pt-br\/sorbitol.html#primaryimage"},"image":{"@id":"https:\/\/theo.niranbio.com\/pt-br\/sorbitol.html#primaryimage"},"thumbnailUrl":"https:\/\/theo.niranbio.com\/wp-content\/uploads\/2024\/06\/Sorbitol.webp","datePublished":"2024-06-20T01:32:31+00:00","dateModified":"2024-08-16T07:58:35+00:00","description":"O sorbitol, um p\u00f3 branco, ret\u00e9m umidade, n\u00e3o \u00e9 cariog\u00eanico e \u00e9 doce, amplamente utilizado em alimentos e produtos farmac\u00eauticos por sua estabilidade e baixas calorias.","breadcrumb":{"@id":"https:\/\/theo.niranbio.com\/pt-br\/sorbitol.html#breadcrumb"},"inLanguage":"pt-BR","potentialAction":[{"@type":"ReadAction","target":["https:\/\/theo.niranbio.com\/pt-br\/sorbitol.html"]}]},{"@type":"ImageObject","inLanguage":"pt-BR","@id":"https:\/\/theo.niranbio.com\/pt-br\/sorbitol.html#primaryimage","url":"https:\/\/theo.niranbio.com\/wp-content\/uploads\/2024\/06\/Sorbitol.webp","contentUrl":"https:\/\/theo.niranbio.com\/wp-content\/uploads\/2024\/06\/Sorbitol.webp","width":600,"height":600,"caption":"Sorbitol"},{"@type":"BreadcrumbList","@id":"https:\/\/theo.niranbio.com\/pt-br\/sorbitol.html#breadcrumb","itemListElement":[{"@type":"ListItem","position":1,"name":"Home","item":"https:\/\/theo.niranbio.com\/pt-br\/"},{"@type":"ListItem","position":2,"name":"Produtos","item":"https:\/\/theo.niranbio.com\/pt-br\/produtos.html"},{"@type":"ListItem","position":3,"name":"Ado\u00e7antes","item":"https:\/\/theo.niranbio.com\/pt-br\/produto-adocante\/"},{"@type":"ListItem","position":4,"name":"Sorbitol"}]},{"@type":"WebSite","@id":"https:\/\/theo.niranbio.com\/pt-br\/#website","url":"https:\/\/theo.niranbio.com\/pt-br\/","name":"Niranbio Chemical","description":"","publisher":{"@id":"https:\/\/theo.niranbio.com\/pt-br\/#organization"},"potentialAction":[{"@type":"SearchAction","target":{"@type":"EntryPoint","urlTemplate":"https:\/\/theo.niranbio.com\/pt-br\/?s={search_term_string}"},"query-input":{"@type":"PropertyValueSpecification","valueRequired":true,"valueName":"search_term_string"}}],"inLanguage":"pt-BR"},{"@type":"Organization","@id":"https:\/\/theo.niranbio.com\/pt-br\/#organization","name":"Niranbio Chemical","url":"https:\/\/theo.niranbio.com\/pt-br\/","logo":{"@type":"ImageObject","inLanguage":"pt-BR","@id":"https:\/\/theo.niranbio.com\/pt-br\/#\/schema\/logo\/image\/","url":"https:\/\/theo.niranbio.com\/wp-content\/uploads\/2024\/06\/Niranbio.png","contentUrl":"https:\/\/theo.niranbio.com\/wp-content\/uploads\/2024\/06\/Niranbio.png","width":270,"height":100,"caption":"Niranbio Chemical"},"image":{"@id":"https:\/\/theo.niranbio.com\/pt-br\/#\/schema\/logo\/image\/"}}]}},"_links":{"self":[{"href":"https:\/\/theo.niranbio.com\/pt-br\/wp-json\/wp\/v2\/product\/8415","targetHints":{"allow":["GET"]}}],"collection":[{"href":"https:\/\/theo.niranbio.com\/pt-br\/wp-json\/wp\/v2\/product"}],"about":[{"href":"https:\/\/theo.niranbio.com\/pt-br\/wp-json\/wp\/v2\/types\/product"}],"version-history":[{"count":0,"href":"https:\/\/theo.niranbio.com\/pt-br\/wp-json\/wp\/v2\/product\/8415\/revisions"}],"wp:featuredmedia":[{"embeddable":true,"href":"https:\/\/theo.niranbio.com\/pt-br\/wp-json\/wp\/v2\/media\/8513"}],"wp:attachment":[{"href":"https:\/\/theo.niranbio.com\/pt-br\/wp-json\/wp\/v2\/media?parent=8415"}],"wp:term":[{"taxonomy":"product_brand","embeddable":true,"href":"https:\/\/theo.niranbio.com\/pt-br\/wp-json\/wp\/v2\/product_brand?post=8415"},{"taxonomy":"product_cat","embeddable":true,"href":"https:\/\/theo.niranbio.com\/pt-br\/wp-json\/wp\/v2\/product_cat?post=8415"},{"taxonomy":"product_tag","embeddable":true,"href":"https:\/\/theo.niranbio.com\/pt-br\/wp-json\/wp\/v2\/product_tag?post=8415"}],"curies":[{"name":"wp","href":"https:\/\/api.w.org\/{rel}","templated":true}]}}