{"id":8411,"date":"2024-06-20T10:19:37","date_gmt":"2024-06-20T02:19:37","guid":{"rendered":"https:\/\/theo.niranbio.com\/carragenina\/"},"modified":"2024-08-13T16:24:31","modified_gmt":"2024-08-13T08:24:31","slug":"carragenina","status":"publish","type":"product","link":"https:\/\/theo.niranbio.com\/pt-br\/carragenina.html","title":{"rendered":"Carragenina"},"content":{"rendered":"<h2><span class=\"ez-toc-section\" id=\"O_que_e_carragenina\"><\/span>O que \u00e9 carragenina?<span class=\"ez-toc-section-end\"><\/span><\/h2>\n<p>A alga vermelha \u00e9 a fonte do col\u00f3ide hidrof\u00edlico conhecido como carragenina. Ela tem a apar\u00eancia de p\u00f3 ou gr\u00e2nulos brancos ou marrom-claros, inodoros ou levemente perfumados. Pode ser amplamente utilizada no setor aliment\u00edcio como coagulante, espessante ou estabilizador.<\/p>\n<p>A prepara\u00e7\u00e3o da carragenina envolve principalmente lavar e secar a alga, coloc\u00e1-la em um recipiente de extra\u00e7\u00e3o, adicionar 30 a 50 vezes \u00e1gua (ou uma quantidade apropriada de solu\u00e7\u00e3o alcalina), aquec\u00ea-la com vapor (cerca de 100 \u00b0C) por 40 a 60 minutos, filtrar, adicionar solventes alco\u00f3licos ao extrato filtrado enquanto mexe, centrifugar e precipit\u00e1-lo por meio de secagem em tambor e tritura\u00e7\u00e3o para obter o produto. Ao secar em tambor, mono- ou di-glicer\u00eddeos ou polissorbatos precisam ser adicionados como agentes de libera\u00e7\u00e3o de tambor.<\/p>\n<h2><span class=\"ez-toc-section\" id=\"Dosagem_recomendada\"><\/span>Dosagem recomendada:<span class=\"ez-toc-section-end\"><\/span><\/h2>\n<table>\n<tbody>\n<tr>\n<td><strong>Nome do alimento<\/strong><\/td>\n<td><strong>Uso m\u00e1ximo (g\/kg)<\/strong><\/td>\n<\/tr>\n<tr>\n<td>Produtos l\u00e1cteos<\/td>\n<td>0,3-1,0 g\/kg<\/td>\n<\/tr>\n<tr>\n<td>Produtos c\u00e1rneos<\/td>\n<td>0,5-1,5 g\/kg<\/td>\n<\/tr>\n<tr>\n<td>Geleia e pudim<\/td>\n<td>3,0-10,0 g\/kg<\/td>\n<\/tr>\n<tr>\n<td>Doces<\/td>\n<td>1,0-3,0 g\/kg<\/td>\n<\/tr>\n<tr>\n<td>Alimentos enlatados<\/td>\n<td>0,5-1,0 g\/kg<\/td>\n<\/tr>\n<tr>\n<td>Bebidas<\/td>\n<td>0,1-0,5 g\/kg<\/td>\n<\/tr>\n<tr>\n<td>Produtos de panifica\u00e7\u00e3o<\/td>\n<td>0,1-0,5 g\/kg<\/td>\n<\/tr>\n<tr>\n<td>Molhos e condimentos<\/td>\n<td>0,2-0,5 g\/kg<\/td>\n<\/tr>\n<tr>\n<td>Sorvete e sobremesas congeladas<\/td>\n<td>0,1-0,4 g\/kg<\/td>\n<\/tr>\n<tr>\n<td>Leite vegetal<\/td>\n<td>0,1-0,3 g\/kg<\/td>\n<\/tr>\n<tr>\n<td>Bebidas com prote\u00edna de soro de leite<\/td>\n<td>0,1-0,3 g\/kg<\/td>\n<\/tr>\n<tr>\n<td>Produtos l\u00e1cteos fermentados<\/td>\n<td>0,2-0,4 g\/kg<\/td>\n<\/tr>\n<\/tbody>\n<\/table>\n<h2><span class=\"ez-toc-section\" id=\"A_carragenina_tem_uma_ampla_gama_de_usos\"><\/span>A carragenina tem uma ampla gama de usos<span class=\"ez-toc-section-end\"><\/span><\/h2>\n<p>1. Efeito espessante: A carragenina pode aumentar significativamente a viscosidade dos l\u00edquidos, dando aos produtos uma textura mais espessa e um sabor mais rico. Este efeito espessante \u00e9 particularmente adequado para produtos l\u00e1cteos, bebidas e condimentos, como leite achocolatado, molho para salada, etc., para garantir que o produto mantenha uma viscosidade e textura consistentes durante o processamento e o consumo.<\/p>\n<p>2 Efeito gelificante: A carragenina pode formar g\u00e9is firmes ou moles sob condi\u00e7\u00f5es apropriadas, proporcionando diferentes efeitos de textura de acordo com diferentes necessidades. A carragenina lambda \u00e9 empregada principalmente como espessante, enquanto a carragenina kappa forma um gel duro e a carragenina irlandesa forma um gel mole. \u00c9 amplamente utilizada em sobremesas como geleia, pudim e balas macias para fornecer uma textura e apar\u00eancia de gel ideais.<\/p>\n<p>3. Efeito de suspens\u00e3o: A carragenina pode efetivamente suspender part\u00edculas s\u00f3lidas em bebidas para evitar que elas se assentem, garantindo distribui\u00e7\u00e3o uniforme e estabilidade das bebidas durante a vida \u00fatil. Esta caracter\u00edstica a torna particularmente adequada para bebidas de suco de frutas, bebidas l\u00e1cteas, etc., para manter o apelo visual e a consist\u00eancia do sabor do produto.<\/p>\n<p>4. Efeito estabilizador: A carragenina tem excelente estabilidade em ambientes \u00e1cidos e de alta temperatura, e pode manter seus efeitos de espessamento e gelifica\u00e7\u00e3o durante o processamento e armazenamento. Seja em alimentos \u00e1cidos, como iogurte, ou em produtos enlatados e assados \u200b\u200bprocessados \u200b\u200bem altas temperaturas, a carragenina pode fornecer estabiliza\u00e7\u00e3o duradoura para garantir a qualidade e a consist\u00eancia do produto.<\/p>\n<p>5. Efeito emulsificante: A carragenina ajuda a dispersar e estabilizar uniformemente as gorduras, evitar a separa\u00e7\u00e3o do \u00f3leo e manter a uniformidade e a textura do produto. Isso o torna um aditivo ideal para alimentos emulsionados, como margarina, sorvete e molhos, garantindo que o produto final tenha um bom sabor e efeito visual.<\/p>\n<p>6. Efeito de reten\u00e7\u00e3o de \u00e1gua: A carragenina pode efetivamente reter a umidade nos alimentos, evitar a secagem e o envelhecimento e, assim, estender a vida \u00fatil do produto. Esse recurso \u00e9 amplamente utilizado em produtos de carne, produtos de pasta de peixe e produtos de farinha para garantir que o produto mantenha boa textura e frescor durante o armazenamento e o processamento.<\/p>\n<h2><span class=\"ez-toc-section\" id=\"O_usuario_fez_a_seguinte_pergunta\"><\/span>O usu\u00e1rio fez a seguinte pergunta:<span class=\"ez-toc-section-end\"><\/span><\/h2>\n<p>Pergunta: Por que a carragenina causa inflama\u00e7\u00e3o?<\/p>\n<p>Resposta: A carragenina pode causar inflama\u00e7\u00e3o em altas doses ou ingest\u00e3o de longo prazo, o que est\u00e1 relacionado ao seu impacto potencial no intestino. Alguns estudos mostraram que a carragenina pode alterar a microbiota intestinal, estimular diretamente as c\u00e9lulas epiteliais intestinais, ativar o sistema imunol\u00f3gico, desencadear a libera\u00e7\u00e3o de mediadores inflamat\u00f3rios e levar a respostas inflamat\u00f3rias. Al\u00e9m disso, a carragenina que n\u00e3o foi totalmente processada pode aumentar o risco de inflama\u00e7\u00e3o quando consumida em altas doses.<\/p>\n","protected":false},"excerpt":{"rendered":"<ul>\n<li>CAS: 11114-20-8<\/li>\n<li>F\u00f3rmula qu\u00edmica: C<sub>24<\/sub>H<sub>36<\/sub>O<sub>25<\/sub>S<sub>2<\/sub><\/li>\n<li>Certifica\u00e7\u00f5es: KOSHER, ISO, HALAL, FSSC22000, BRC, etc.<\/li>\n<li>Padr\u00e3o:<\/li>\n<li>Quantidade m\u00ednima do pedido: 1000KG<\/li>\n<li>Prazo de validade: 2 anos<\/li>\n<\/ul>\n","protected":false},"featured_media":8412,"template":"","meta":{"site-sidebar-layout":"default","site-content-layout":"","ast-site-content-layout":"default","site-content-style":"default","site-sidebar-style":"default","ast-global-header-display":"","ast-banner-title-visibility":"","ast-main-header-display":"","ast-hfb-above-header-display":"","ast-hfb-below-header-display":"","ast-hfb-mobile-header-display":"","site-post-title":"","ast-breadcrumbs-content":"","ast-featured-img":"","footer-sml-layout":"","theme-transparent-header-meta":"default","adv-header-id-meta":"","stick-header-meta":"","header-above-stick-meta":"","header-main-stick-meta":"","header-below-stick-meta":"","astra-migrate-meta-layouts":"set","ast-page-background-enabled":"default","ast-page-background-meta":{"desktop":{"background-color":"var(--ast-global-color-4)","background-image":"","background-repeat":"repeat","background-position":"center center","background-size":"auto","background-attachment":"scroll","background-type":"","background-media":"","overlay-type":"","overlay-color":"","overlay-opacity":"","overlay-gradient":""},"tablet":{"background-color":"","background-image":"","background-repeat":"repeat","background-position":"center center","background-size":"auto","background-attachment":"scroll","background-type":"","background-media":"","overlay-type":"","overlay-color":"","overlay-opacity":"","overlay-gradient":""},"mobile":{"background-color":"","background-image":"","background-repeat":"repeat","background-position":"center center","background-size":"auto","background-attachment":"scroll","background-type":"","background-media":"","overlay-type":"","overlay-color":"","overlay-opacity":"","overlay-gradient":""}},"ast-content-background-meta":{"desktop":{"background-color":"var(--ast-global-color-5)","background-image":"","background-repeat":"repeat","background-position":"center center","background-size":"auto","background-attachment":"scroll","background-type":"","background-media":"","overlay-type":"","overlay-color":"","overlay-opacity":"","overlay-gradient":""},"tablet":{"background-color":"var(--ast-global-color-5)","background-image":"","background-repeat":"repeat","background-position":"center center","background-size":"auto","background-attachment":"scroll","background-type":"","background-media":"","overlay-type":"","overlay-color":"","overlay-opacity":"","overlay-gradient":""},"mobile":{"background-color":"var(--ast-global-color-5)","background-image":"","background-repeat":"repeat","background-position":"center center","background-size":"auto","background-attachment":"scroll","background-type":"","background-media":"","overlay-type":"","overlay-color":"","overlay-opacity":"","overlay-gradient":""}}},"product_brand":[],"product_cat":[79],"product_tag":[],"class_list":{"0":"post-8411","1":"product","2":"type-product","3":"status-publish","4":"has-post-thumbnail","6":"product_cat-produto-espessantes","7":"desktop-align-center","8":"tablet-align-left","9":"mobile-align-left","11":"first","12":"instock","13":"shipping-taxable","14":"product-type-simple"},"yoast_head":"<!-- This site is optimized with the Yoast SEO plugin v26.5 - https:\/\/yoast.com\/wordpress\/plugins\/seo\/ -->\n<title>Fabricante de Carragenina China, E407 Carragenina em P\u00f3 a Granel Atacado | Niranbio Chemical<\/title>\n<meta name=\"description\" content=\"Nossa Carragenina \u00e9 um p\u00f3 ou gr\u00e2nulos branco ou marrom claro, pode ser amplamente utilizada no setor aliment\u00edcio como coagulante, espessante ou estabilizador.\" \/>\n<meta name=\"robots\" content=\"noindex, follow, max-snippet:-1, max-image-preview:large, max-video-preview:-1\" \/>\n<meta name=\"twitter:label1\" content=\"Est. tempo de leitura\" \/>\n\t<meta name=\"twitter:data1\" content=\"4 minutos\" \/>\n<script type=\"application\/ld+json\" class=\"yoast-schema-graph\">{\"@context\":\"https:\/\/schema.org\",\"@graph\":[{\"@type\":\"WebPage\",\"@id\":\"https:\/\/theo.niranbio.com\/pt-br\/carragenina.html\",\"url\":\"https:\/\/theo.niranbio.com\/pt-br\/carragenina.html\",\"name\":\"Fabricante de Carragenina China, E407 Carragenina em P\u00f3 a Granel Atacado | Niranbio Chemical\",\"isPartOf\":{\"@id\":\"https:\/\/theo.niranbio.com\/pt-br\/#website\"},\"primaryImageOfPage\":{\"@id\":\"https:\/\/theo.niranbio.com\/pt-br\/carragenina.html#primaryimage\"},\"image\":{\"@id\":\"https:\/\/theo.niranbio.com\/pt-br\/carragenina.html#primaryimage\"},\"thumbnailUrl\":\"https:\/\/theo.niranbio.com\/wp-content\/uploads\/2024\/06\/Carrageenan.webp\",\"datePublished\":\"2024-06-20T02:19:37+00:00\",\"dateModified\":\"2024-08-13T08:24:31+00:00\",\"description\":\"Nossa Carragenina \u00e9 um p\u00f3 ou gr\u00e2nulos branco ou marrom claro, pode ser amplamente utilizada no setor aliment\u00edcio como coagulante, espessante ou estabilizador.\",\"breadcrumb\":{\"@id\":\"https:\/\/theo.niranbio.com\/pt-br\/carragenina.html#breadcrumb\"},\"inLanguage\":\"pt-BR\",\"potentialAction\":[{\"@type\":\"ReadAction\",\"target\":[\"https:\/\/theo.niranbio.com\/pt-br\/carragenina.html\"]}]},{\"@type\":\"ImageObject\",\"inLanguage\":\"pt-BR\",\"@id\":\"https:\/\/theo.niranbio.com\/pt-br\/carragenina.html#primaryimage\",\"url\":\"https:\/\/theo.niranbio.com\/wp-content\/uploads\/2024\/06\/Carrageenan.webp\",\"contentUrl\":\"https:\/\/theo.niranbio.com\/wp-content\/uploads\/2024\/06\/Carrageenan.webp\",\"width\":600,\"height\":600,\"caption\":\"Carragenina\"},{\"@type\":\"BreadcrumbList\",\"@id\":\"https:\/\/theo.niranbio.com\/pt-br\/carragenina.html#breadcrumb\",\"itemListElement\":[{\"@type\":\"ListItem\",\"position\":1,\"name\":\"Home\",\"item\":\"https:\/\/theo.niranbio.com\/pt-br\/\"},{\"@type\":\"ListItem\",\"position\":2,\"name\":\"Produtos\",\"item\":\"https:\/\/theo.niranbio.com\/pt-br\/produtos.html\"},{\"@type\":\"ListItem\",\"position\":3,\"name\":\"Espessantes\",\"item\":\"https:\/\/theo.niranbio.com\/pt-br\/produto-espessantes\/\"},{\"@type\":\"ListItem\",\"position\":4,\"name\":\"Carragenina\"}]},{\"@type\":\"WebSite\",\"@id\":\"https:\/\/theo.niranbio.com\/pt-br\/#website\",\"url\":\"https:\/\/theo.niranbio.com\/pt-br\/\",\"name\":\"Niranbio Chemical\",\"description\":\"\",\"publisher\":{\"@id\":\"https:\/\/theo.niranbio.com\/pt-br\/#organization\"},\"potentialAction\":[{\"@type\":\"SearchAction\",\"target\":{\"@type\":\"EntryPoint\",\"urlTemplate\":\"https:\/\/theo.niranbio.com\/pt-br\/?s={search_term_string}\"},\"query-input\":{\"@type\":\"PropertyValueSpecification\",\"valueRequired\":true,\"valueName\":\"search_term_string\"}}],\"inLanguage\":\"pt-BR\"},{\"@type\":\"Organization\",\"@id\":\"https:\/\/theo.niranbio.com\/pt-br\/#organization\",\"name\":\"Niranbio Chemical\",\"url\":\"https:\/\/theo.niranbio.com\/pt-br\/\",\"logo\":{\"@type\":\"ImageObject\",\"inLanguage\":\"pt-BR\",\"@id\":\"https:\/\/theo.niranbio.com\/pt-br\/#\/schema\/logo\/image\/\",\"url\":\"https:\/\/theo.niranbio.com\/wp-content\/uploads\/2024\/06\/Niranbio.png\",\"contentUrl\":\"https:\/\/theo.niranbio.com\/wp-content\/uploads\/2024\/06\/Niranbio.png\",\"width\":270,\"height\":100,\"caption\":\"Niranbio Chemical\"},\"image\":{\"@id\":\"https:\/\/theo.niranbio.com\/pt-br\/#\/schema\/logo\/image\/\"}}]}<\/script>\n<!-- \/ Yoast SEO plugin. -->","yoast_head_json":{"title":"Fabricante de Carragenina China, E407 Carragenina em P\u00f3 a Granel Atacado | Niranbio Chemical","description":"Nossa Carragenina \u00e9 um p\u00f3 ou gr\u00e2nulos branco ou marrom claro, pode ser amplamente utilizada no setor aliment\u00edcio como coagulante, espessante ou estabilizador.","robots":{"index":"noindex","follow":"follow","max-snippet":"max-snippet:-1","max-image-preview":"max-image-preview:large","max-video-preview":"max-video-preview:-1"},"twitter_misc":{"Est. tempo de leitura":"4 minutos"},"schema":{"@context":"https:\/\/schema.org","@graph":[{"@type":"WebPage","@id":"https:\/\/theo.niranbio.com\/pt-br\/carragenina.html","url":"https:\/\/theo.niranbio.com\/pt-br\/carragenina.html","name":"Fabricante de Carragenina China, E407 Carragenina em P\u00f3 a Granel Atacado | Niranbio Chemical","isPartOf":{"@id":"https:\/\/theo.niranbio.com\/pt-br\/#website"},"primaryImageOfPage":{"@id":"https:\/\/theo.niranbio.com\/pt-br\/carragenina.html#primaryimage"},"image":{"@id":"https:\/\/theo.niranbio.com\/pt-br\/carragenina.html#primaryimage"},"thumbnailUrl":"https:\/\/theo.niranbio.com\/wp-content\/uploads\/2024\/06\/Carrageenan.webp","datePublished":"2024-06-20T02:19:37+00:00","dateModified":"2024-08-13T08:24:31+00:00","description":"Nossa Carragenina \u00e9 um p\u00f3 ou gr\u00e2nulos branco ou marrom claro, pode ser amplamente utilizada no setor aliment\u00edcio como coagulante, espessante ou estabilizador.","breadcrumb":{"@id":"https:\/\/theo.niranbio.com\/pt-br\/carragenina.html#breadcrumb"},"inLanguage":"pt-BR","potentialAction":[{"@type":"ReadAction","target":["https:\/\/theo.niranbio.com\/pt-br\/carragenina.html"]}]},{"@type":"ImageObject","inLanguage":"pt-BR","@id":"https:\/\/theo.niranbio.com\/pt-br\/carragenina.html#primaryimage","url":"https:\/\/theo.niranbio.com\/wp-content\/uploads\/2024\/06\/Carrageenan.webp","contentUrl":"https:\/\/theo.niranbio.com\/wp-content\/uploads\/2024\/06\/Carrageenan.webp","width":600,"height":600,"caption":"Carragenina"},{"@type":"BreadcrumbList","@id":"https:\/\/theo.niranbio.com\/pt-br\/carragenina.html#breadcrumb","itemListElement":[{"@type":"ListItem","position":1,"name":"Home","item":"https:\/\/theo.niranbio.com\/pt-br\/"},{"@type":"ListItem","position":2,"name":"Produtos","item":"https:\/\/theo.niranbio.com\/pt-br\/produtos.html"},{"@type":"ListItem","position":3,"name":"Espessantes","item":"https:\/\/theo.niranbio.com\/pt-br\/produto-espessantes\/"},{"@type":"ListItem","position":4,"name":"Carragenina"}]},{"@type":"WebSite","@id":"https:\/\/theo.niranbio.com\/pt-br\/#website","url":"https:\/\/theo.niranbio.com\/pt-br\/","name":"Niranbio Chemical","description":"","publisher":{"@id":"https:\/\/theo.niranbio.com\/pt-br\/#organization"},"potentialAction":[{"@type":"SearchAction","target":{"@type":"EntryPoint","urlTemplate":"https:\/\/theo.niranbio.com\/pt-br\/?s={search_term_string}"},"query-input":{"@type":"PropertyValueSpecification","valueRequired":true,"valueName":"search_term_string"}}],"inLanguage":"pt-BR"},{"@type":"Organization","@id":"https:\/\/theo.niranbio.com\/pt-br\/#organization","name":"Niranbio Chemical","url":"https:\/\/theo.niranbio.com\/pt-br\/","logo":{"@type":"ImageObject","inLanguage":"pt-BR","@id":"https:\/\/theo.niranbio.com\/pt-br\/#\/schema\/logo\/image\/","url":"https:\/\/theo.niranbio.com\/wp-content\/uploads\/2024\/06\/Niranbio.png","contentUrl":"https:\/\/theo.niranbio.com\/wp-content\/uploads\/2024\/06\/Niranbio.png","width":270,"height":100,"caption":"Niranbio Chemical"},"image":{"@id":"https:\/\/theo.niranbio.com\/pt-br\/#\/schema\/logo\/image\/"}}]}},"_links":{"self":[{"href":"https:\/\/theo.niranbio.com\/pt-br\/wp-json\/wp\/v2\/product\/8411","targetHints":{"allow":["GET"]}}],"collection":[{"href":"https:\/\/theo.niranbio.com\/pt-br\/wp-json\/wp\/v2\/product"}],"about":[{"href":"https:\/\/theo.niranbio.com\/pt-br\/wp-json\/wp\/v2\/types\/product"}],"version-history":[{"count":0,"href":"https:\/\/theo.niranbio.com\/pt-br\/wp-json\/wp\/v2\/product\/8411\/revisions"}],"wp:featuredmedia":[{"embeddable":true,"href":"https:\/\/theo.niranbio.com\/pt-br\/wp-json\/wp\/v2\/media\/8412"}],"wp:attachment":[{"href":"https:\/\/theo.niranbio.com\/pt-br\/wp-json\/wp\/v2\/media?parent=8411"}],"wp:term":[{"taxonomy":"product_brand","embeddable":true,"href":"https:\/\/theo.niranbio.com\/pt-br\/wp-json\/wp\/v2\/product_brand?post=8411"},{"taxonomy":"product_cat","embeddable":true,"href":"https:\/\/theo.niranbio.com\/pt-br\/wp-json\/wp\/v2\/product_cat?post=8411"},{"taxonomy":"product_tag","embeddable":true,"href":"https:\/\/theo.niranbio.com\/pt-br\/wp-json\/wp\/v2\/product_tag?post=8411"}],"curies":[{"name":"wp","href":"https:\/\/api.w.org\/{rel}","templated":true}]}}