{"id":8410,"date":"2024-06-20T09:33:21","date_gmt":"2024-06-20T01:33:21","guid":{"rendered":"https:\/\/theo.niranbio.com\/acessulfame-de-potassio\/"},"modified":"2024-08-16T15:49:57","modified_gmt":"2024-08-16T07:49:57","slug":"acessulfame-de-potassio","status":"publish","type":"product","link":"https:\/\/theo.niranbio.com\/pt-br\/acessulfame-de-potassio.html","title":{"rendered":"Acessulfame de pot\u00e1ssio"},"content":{"rendered":"<h2><span class=\"ez-toc-section\" id=\"O_que_e_acessulfame_de_potassio\"><\/span>O que \u00e9 acessulfame de pot\u00e1ssio?<span class=\"ez-toc-section-end\"><\/span><\/h2>\n<p>O acessulfame de pot\u00e1ssio, ou a\u00e7\u00facar AK, \u00e9 um sal sint\u00e9tico org\u00e2nico. Parece um p\u00f3 branco cristalino e tem gosto de cana-de-a\u00e7\u00facar. Ele se dissolve facilmente em \u00e1gua e exibe leve solubilidade em \u00e1lcool. Esta subst\u00e2ncia n\u00e3o sofre metabolismo no corpo e n\u00e3o contribui com energia. \u00c9 barato no mercado e tem alto teor de a\u00e7\u00facar. No setor aliment\u00edcio, \u00e9 comumente usado.<\/p>\n<p>Existem tr\u00eas m\u00e9todos para fazer acessulfame de pot\u00e1ssio. O primeiro m\u00e9todo \u00e9 usar acetoacetamida, tri\u00f3xido de enxofre e KOH como mat\u00e9rias-primas. No entanto, a desvantagem deste m\u00e9todo \u00e9 que a rea\u00e7\u00e3o deve ser realizada a uma temperatura extremamente baixa e o rendimento n\u00e3o \u00e9 alto.<\/p>\n<p>O segundo m\u00e9todo \u00e9 usar \u00e1cido aminossulf\u00f4nico, trietilamina, dieno cetona, SO3 e KOH como mat\u00e9rias-primas para fazer acessulfame de pot\u00e1ssio. Embora as mat\u00e9rias-primas para esse m\u00e9todo sejam f\u00e1ceis de obter e ofere\u00e7am um rendimento de 69% em condi\u00e7\u00f5es de processo suaves, o procedimento em si \u00e9 relativamente complexo.<\/p>\n<p>O m\u00e9todo comumente usado na China \u00e9 a rea\u00e7\u00e3o de dietileno cetona com fluoreto de aminossulfonila e carbonato de pot\u00e1ssio em solu\u00e7\u00e3o de acetona para gerar sal de pot\u00e1ssio de fluoreto de acetilamino-N-sulfonila e, em seguida, reagir com solu\u00e7\u00e3o de metanol-hidr\u00f3xido de pot\u00e1ssio para obter acessulfame de pot\u00e1ssio, com um rendimento de 93% da quantidade te\u00f3rica.<\/p>\n<h2><span class=\"ez-toc-section\" id=\"Parametros_relacionados\"><\/span>Par\u00e2metros relacionados:<span class=\"ez-toc-section-end\"><\/span><\/h2>\n<table>\n<tbody>\n<tr>\n<td><strong>Teste<\/strong><\/td>\n<td><strong>Requisito<\/strong><\/td>\n<\/tr>\n<tr>\n<td>Conte\u00fado do ensaio %<\/td>\n<td>99.0\uff5e101.0%<\/td>\n<\/tr>\n<tr>\n<td>Perda na secagem(105\u2103,2h)%<\/td>\n<td>\u22641<\/td>\n<\/tr>\n<tr>\n<td>Impurezas org\u00e2nicas \u03bcg\/g<\/td>\n<td>\u226420<\/td>\n<\/tr>\n<tr>\n<td>Impureza A %<\/td>\n<td>\u22640.125<\/td>\n<\/tr>\n<tr>\n<td>Impureza B mg\/kg<\/td>\n<td>\u226420<\/td>\n<\/tr>\n<tr>\n<td>Fluoreto mg\/kg<\/td>\n<td>\u22643<\/td>\n<\/tr>\n<tr>\n<td>Pot\u00e1ssio %<\/td>\n<td>17.0-21<\/td>\n<\/tr>\n<tr>\n<td>Metais pesados mg\/kg<\/td>\n<td>\u22641<\/td>\n<\/tr>\n<tr>\n<td>Ars\u00eanico mg\/kg<\/td>\n<td>\u22643<\/td>\n<\/tr>\n<tr>\n<td>Chumbo mg\/kg<\/td>\n<td>\u22641<\/td>\n<\/tr>\n<tr>\n<td>Sel\u00eanio mg\/kg<\/td>\n<td>\u226410<\/td>\n<\/tr>\n<tr>\n<td>% de sulfato<\/td>\n<td>\u22640.1<\/td>\n<\/tr>\n<tr>\n<td>PH (solu\u00e7\u00e3o 1 em 100)<\/td>\n<td>5.5-7.5<\/td>\n<\/tr>\n<\/tbody>\n<\/table>\n<h2><span class=\"ez-toc-section\" id=\"Dosagem_recomendada\"><\/span>Dosagem recomendada<span class=\"ez-toc-section-end\"><\/span><\/h2>\n<table>\n<tbody>\n<tr>\n<td>Nome do alimento<\/td>\n<td>Uso m\u00e1ximo (g\/kg)<\/td>\n<\/tr>\n<tr>\n<td>Produtos de panifica\u00e7\u00e3o<\/td>\n<td>0,3 g\/kg<\/td>\n<\/tr>\n<tr>\n<td>Geleia<\/td>\n<td>0,3 g\/kg<\/td>\n<\/tr>\n<tr>\n<td>Bebidas (exceto \u00e1gua pot\u00e1vel embalada)<\/td>\n<td>0,3 g\/kg<\/td>\n<\/tr>\n<tr>\n<td>Molho de soja<\/td>\n<td>1,0 g\/kg<\/td>\n<\/tr>\n<tr>\n<td>Temperos<\/td>\n<td>0,5 g\/kg<\/td>\n<\/tr>\n<tr>\n<td>Ado\u00e7antes de mesa<\/td>\n<td>0,04 g\/kg\uff08Cada\uff09<\/td>\n<\/tr>\n<tr>\n<td>Bolos<\/td>\n<td>0,3 g\/kg<\/td>\n<\/tr>\n<tr>\n<td>P\u00e3o<\/td>\n<td>0,3 g\/kg<\/td>\n<\/tr>\n<tr>\n<td>Balas de goma sem a\u00e7\u00facar<\/td>\n<td>4,0 g\/kg<\/td>\n<\/tr>\n<tr>\n<td>Doces<\/td>\n<td>2,0 g\/kg<\/td>\n<\/tr>\n<tr>\n<td>Nozes e sementes assadas\/torradas<\/td>\n<td>3,0 g\/kg<\/td>\n<\/tr>\n<tr>\n<td>Fungos e algas comest\u00edveis processados<\/td>\n<td>0,3 g\/kg<\/td>\n<\/tr>\n<tr>\n<td>Vegetais salgados<\/td>\n<td>0,3 g\/kg<\/td>\n<\/tr>\n<tr>\n<td>Vegetais em conserva<\/td>\n<td>0,3 g\/kg<\/td>\n<\/tr>\n<tr>\n<td>Frutas em conserva<\/td>\n<td>0,3 g\/kg<\/td>\n<\/tr>\n<tr>\n<td>Geleia<\/td>\n<td>0,3 g\/kg<\/td>\n<\/tr>\n<tr>\n<td>Frutas enlatadas<\/td>\n<td>0,3 g\/kg<\/td>\n<\/tr>\n<tr>\n<td>Bebidas congeladas (exceto gelo comest\u00edvel)<\/td>\n<td>0,3 g\/kg<\/td>\n<\/tr>\n<tr>\n<td>Leite aromatizado e fermentado com frutas<\/td>\n<td>0,35 g\/kg<\/td>\n<\/tr>\n<\/tbody>\n<\/table>\n<h2><span class=\"ez-toc-section\" id=\"O_acessulfame_de_potassio_tem_uma_ampla_variedade_de_usos\"><\/span>O acessulfame de pot\u00e1ssio tem uma ampla variedade de usos<span class=\"ez-toc-section-end\"><\/span><\/h2>\n<ol>\n<li>Melhore o sabor dos alimentos: o acessulfame de pot\u00e1ssio tem uma alta do\u00e7ura, o que pode efetivamente melhorar o sabor dos alimentos e torn\u00e1-los mais f\u00e1ceis de comer.<\/li>\n<li>Aja como um ado\u00e7ante: o acessulfame de pot\u00e1ssio geralmente n\u00e3o cont\u00e9m calorias, o que ajuda a atender \u00e0s necessidades dos consumidores por dietas saud\u00e1veis \u200b\u200be \u00e9 adequado para pessoas que precisam controlar seu peso.<\/li>\n<li>Auxiliar na dieta de pacientes diab\u00e9ticos: o acessulfame de pot\u00e1ssio geralmente n\u00e3o aumenta significativamente os n\u00edveis de a\u00e7\u00facar no sangue e \u00e9 um ado\u00e7ante ideal para pacientes diab\u00e9ticos.<\/li>\n<li>Mantenha a textura dos alimentos est\u00e1vel: ao assar alimentos, adicionar acessulfame de pot\u00e1ssio adequadamente ajuda a manter a estabilidade da textura dos alimentos e n\u00e3o \u00e9 f\u00e1cil decompor ou perder a efic\u00e1cia.<\/li>\n<li>Mascarar o gosto ruim: O acessulfame de pot\u00e1ssio tamb\u00e9m pode mascarar o gosto ruim trazido por outros ado\u00e7antes, como amargor, odor, etc., para melhorar o sabor.<\/li>\n<\/ol>\n<h2><span class=\"ez-toc-section\" id=\"O_usuario_fez_a_seguinte_pergunta\"><\/span>O usu\u00e1rio fez a seguinte pergunta:<span class=\"ez-toc-section-end\"><\/span><\/h2>\n<p>Pergunta: Qual \u00e9 a diferen\u00e7a entre acessulfame de pot\u00e1ssio e aspartame, sacarose e sucralose?<\/p>\n<p>Resposta: O acessulfame de pot\u00e1ssio e o aspartame s\u00e3o dois ado\u00e7antes artificiais diferentes, mas a do\u00e7ura do acessulfame de pot\u00e1ssio \u00e9 cerca de 200 vezes maior que a da sacarose, enquanto a do\u00e7ura do aspartame \u00e9 de 200 a 300 vezes maior que a da sacarose. Al\u00e9m disso, o acessulfame de pot\u00e1ssio \u00e9 mais est\u00e1vel e n\u00e3o \u00e9 f\u00e1cil de decompor, enquanto o aspartame tende a perder sua do\u00e7ura em altas temperaturas.<\/p>\n<p>Acesulfame de pot\u00e1ssio e sucralose s\u00e3o ambos ado\u00e7antes artificiais, mas diferem em seu n\u00edvel de do\u00e7ura e alcance de aplica\u00e7\u00f5es. A do\u00e7ura do acessulfame de pot\u00e1ssio \u00e9 ligeiramente menor do que a da sucralose, e o acessulfame de pot\u00e1ssio pode ser usado para fazer uma variedade de alimentos e bebidas, enquanto a sucralose \u00e9 mais adequada para fazer alimentos \u00fanicos, como doces.<\/p>\n","protected":false},"excerpt":{"rendered":"<ul>\n<li>CAS: 55589-62-3<\/li>\n<li>F\u00f3rmula qu\u00edmica: C<sub>4<\/sub>H<sub>4<\/sub>KNO<sub>4<\/sub>S<\/li>\n<li>Certifica\u00e7\u00f5es: KOSHER, ISO, HALAL, FSSC22000, BRC, etc.<\/li>\n<li>Padr\u00e3o: FCCVI, E950<\/li>\n<li>Quantidade m\u00ednima do pedido: 1000KG<\/li>\n<li>Validade: 2 anos<\/li>\n<\/ul>\n","protected":false},"featured_media":8076,"template":"","meta":{"site-sidebar-layout":"default","site-content-layout":"","ast-site-content-layout":"default","site-content-style":"default","site-sidebar-style":"default","ast-global-header-display":"","ast-banner-title-visibility":"","ast-main-header-display":"","ast-hfb-above-header-display":"","ast-hfb-below-header-display":"","ast-hfb-mobile-header-display":"","site-post-title":"","ast-breadcrumbs-content":"","ast-featured-img":"","footer-sml-layout":"","theme-transparent-header-meta":"default","adv-header-id-meta":"","stick-header-meta":"","header-above-stick-meta":"","header-main-stick-meta":"","header-below-stick-meta":"","astra-migrate-meta-layouts":"set","ast-page-background-enabled":"default","ast-page-background-meta":{"desktop":{"background-color":"var(--ast-global-color-4)","background-image":"","background-repeat":"repeat","background-position":"center center","background-size":"auto","background-attachment":"scroll","background-type":"","background-media":"","overlay-type":"","overlay-color":"","overlay-opacity":"","overlay-gradient":""},"tablet":{"background-color":"","background-image":"","background-repeat":"repeat","background-position":"center center","background-size":"auto","background-attachment":"scroll","background-type":"","background-media":"","overlay-type":"","overlay-color":"","overlay-opacity":"","overlay-gradient":""},"mobile":{"background-color":"","background-image":"","background-repeat":"repeat","background-position":"center center","background-size":"auto","background-attachment":"scroll","background-type":"","background-media":"","overlay-type":"","overlay-color":"","overlay-opacity":"","overlay-gradient":""}},"ast-content-background-meta":{"desktop":{"background-color":"var(--ast-global-color-5)","background-image":"","background-repeat":"repeat","background-position":"center center","background-size":"auto","background-attachment":"scroll","background-type":"","background-media":"","overlay-type":"","overlay-color":"","overlay-opacity":"","overlay-gradient":""},"tablet":{"background-color":"var(--ast-global-color-5)","background-image":"","background-repeat":"repeat","background-position":"center center","background-size":"auto","background-attachment":"scroll","background-type":"","background-media":"","overlay-type":"","overlay-color":"","overlay-opacity":"","overlay-gradient":""},"mobile":{"background-color":"var(--ast-global-color-5)","background-image":"","background-repeat":"repeat","background-position":"center center","background-size":"auto","background-attachment":"scroll","background-type":"","background-media":"","overlay-type":"","overlay-color":"","overlay-opacity":"","overlay-gradient":""}}},"product_brand":[],"product_cat":[77],"product_tag":[],"class_list":{"0":"post-8410","1":"product","2":"type-product","3":"status-publish","4":"has-post-thumbnail","6":"product_cat-produto-adocante","7":"desktop-align-center","8":"tablet-align-left","9":"mobile-align-left","11":"first","12":"instock","13":"shipping-taxable","14":"product-type-simple"},"yoast_head":"<!-- This site is optimized with the Yoast SEO plugin v26.5 - https:\/\/yoast.com\/wordpress\/plugins\/seo\/ -->\n<title>Fornecedor De P\u00f3 De Acessulfame De Pot\u00e1ssio, E950 Pre\u00e7o | Niranbio Chemical<\/title>\n<meta name=\"description\" content=\"Nosso acessulfame de pot\u00e1ssio \u00e9 um p\u00f3 cristalino branco com sabor de cana-de-a\u00e7\u00facar, sol\u00favel em \u00e1gua, levemente em \u00e1lcool e sem energia.\" \/>\n<meta name=\"robots\" content=\"noindex, follow, max-snippet:-1, max-image-preview:large, max-video-preview:-1\" \/>\n<meta name=\"twitter:label1\" content=\"Est. tempo de leitura\" \/>\n\t<meta name=\"twitter:data1\" content=\"4 minutos\" \/>\n<script type=\"application\/ld+json\" class=\"yoast-schema-graph\">{\"@context\":\"https:\/\/schema.org\",\"@graph\":[{\"@type\":\"WebPage\",\"@id\":\"https:\/\/theo.niranbio.com\/pt-br\/acessulfame-de-potassio.html\",\"url\":\"https:\/\/theo.niranbio.com\/pt-br\/acessulfame-de-potassio.html\",\"name\":\"Fornecedor De P\u00f3 De Acessulfame De Pot\u00e1ssio, E950 Pre\u00e7o | Niranbio Chemical\",\"isPartOf\":{\"@id\":\"https:\/\/theo.niranbio.com\/pt-br\/#website\"},\"primaryImageOfPage\":{\"@id\":\"https:\/\/theo.niranbio.com\/pt-br\/acessulfame-de-potassio.html#primaryimage\"},\"image\":{\"@id\":\"https:\/\/theo.niranbio.com\/pt-br\/acessulfame-de-potassio.html#primaryimage\"},\"thumbnailUrl\":\"https:\/\/theo.niranbio.com\/wp-content\/uploads\/2024\/06\/Acesulfame-k.webp\",\"datePublished\":\"2024-06-20T01:33:21+00:00\",\"dateModified\":\"2024-08-16T07:49:57+00:00\",\"description\":\"Nosso acessulfame de pot\u00e1ssio \u00e9 um p\u00f3 cristalino branco com sabor de cana-de-a\u00e7\u00facar, sol\u00favel em \u00e1gua, levemente em \u00e1lcool e sem energia.\",\"breadcrumb\":{\"@id\":\"https:\/\/theo.niranbio.com\/pt-br\/acessulfame-de-potassio.html#breadcrumb\"},\"inLanguage\":\"pt-BR\",\"potentialAction\":[{\"@type\":\"ReadAction\",\"target\":[\"https:\/\/theo.niranbio.com\/pt-br\/acessulfame-de-potassio.html\"]}]},{\"@type\":\"ImageObject\",\"inLanguage\":\"pt-BR\",\"@id\":\"https:\/\/theo.niranbio.com\/pt-br\/acessulfame-de-potassio.html#primaryimage\",\"url\":\"https:\/\/theo.niranbio.com\/wp-content\/uploads\/2024\/06\/Acesulfame-k.webp\",\"contentUrl\":\"https:\/\/theo.niranbio.com\/wp-content\/uploads\/2024\/06\/Acesulfame-k.webp\",\"width\":600,\"height\":600,\"caption\":\"Acesulfame k\"},{\"@type\":\"BreadcrumbList\",\"@id\":\"https:\/\/theo.niranbio.com\/pt-br\/acessulfame-de-potassio.html#breadcrumb\",\"itemListElement\":[{\"@type\":\"ListItem\",\"position\":1,\"name\":\"Home\",\"item\":\"https:\/\/theo.niranbio.com\/pt-br\/\"},{\"@type\":\"ListItem\",\"position\":2,\"name\":\"Produtos\",\"item\":\"https:\/\/theo.niranbio.com\/pt-br\/produtos.html\"},{\"@type\":\"ListItem\",\"position\":3,\"name\":\"Ado\u00e7antes\",\"item\":\"https:\/\/theo.niranbio.com\/pt-br\/produto-adocante\/\"},{\"@type\":\"ListItem\",\"position\":4,\"name\":\"Acessulfame de pot\u00e1ssio\"}]},{\"@type\":\"WebSite\",\"@id\":\"https:\/\/theo.niranbio.com\/pt-br\/#website\",\"url\":\"https:\/\/theo.niranbio.com\/pt-br\/\",\"name\":\"Niranbio Chemical\",\"description\":\"\",\"publisher\":{\"@id\":\"https:\/\/theo.niranbio.com\/pt-br\/#organization\"},\"potentialAction\":[{\"@type\":\"SearchAction\",\"target\":{\"@type\":\"EntryPoint\",\"urlTemplate\":\"https:\/\/theo.niranbio.com\/pt-br\/?s={search_term_string}\"},\"query-input\":{\"@type\":\"PropertyValueSpecification\",\"valueRequired\":true,\"valueName\":\"search_term_string\"}}],\"inLanguage\":\"pt-BR\"},{\"@type\":\"Organization\",\"@id\":\"https:\/\/theo.niranbio.com\/pt-br\/#organization\",\"name\":\"Niranbio Chemical\",\"url\":\"https:\/\/theo.niranbio.com\/pt-br\/\",\"logo\":{\"@type\":\"ImageObject\",\"inLanguage\":\"pt-BR\",\"@id\":\"https:\/\/theo.niranbio.com\/pt-br\/#\/schema\/logo\/image\/\",\"url\":\"https:\/\/theo.niranbio.com\/wp-content\/uploads\/2024\/06\/Niranbio.png\",\"contentUrl\":\"https:\/\/theo.niranbio.com\/wp-content\/uploads\/2024\/06\/Niranbio.png\",\"width\":270,\"height\":100,\"caption\":\"Niranbio Chemical\"},\"image\":{\"@id\":\"https:\/\/theo.niranbio.com\/pt-br\/#\/schema\/logo\/image\/\"}}]}<\/script>\n<!-- \/ Yoast SEO plugin. -->","yoast_head_json":{"title":"Fornecedor De P\u00f3 De Acessulfame De Pot\u00e1ssio, E950 Pre\u00e7o | Niranbio Chemical","description":"Nosso acessulfame de pot\u00e1ssio \u00e9 um p\u00f3 cristalino branco com sabor de cana-de-a\u00e7\u00facar, sol\u00favel em \u00e1gua, levemente em \u00e1lcool e sem energia.","robots":{"index":"noindex","follow":"follow","max-snippet":"max-snippet:-1","max-image-preview":"max-image-preview:large","max-video-preview":"max-video-preview:-1"},"twitter_misc":{"Est. tempo de leitura":"4 minutos"},"schema":{"@context":"https:\/\/schema.org","@graph":[{"@type":"WebPage","@id":"https:\/\/theo.niranbio.com\/pt-br\/acessulfame-de-potassio.html","url":"https:\/\/theo.niranbio.com\/pt-br\/acessulfame-de-potassio.html","name":"Fornecedor De P\u00f3 De Acessulfame De Pot\u00e1ssio, E950 Pre\u00e7o | Niranbio Chemical","isPartOf":{"@id":"https:\/\/theo.niranbio.com\/pt-br\/#website"},"primaryImageOfPage":{"@id":"https:\/\/theo.niranbio.com\/pt-br\/acessulfame-de-potassio.html#primaryimage"},"image":{"@id":"https:\/\/theo.niranbio.com\/pt-br\/acessulfame-de-potassio.html#primaryimage"},"thumbnailUrl":"https:\/\/theo.niranbio.com\/wp-content\/uploads\/2024\/06\/Acesulfame-k.webp","datePublished":"2024-06-20T01:33:21+00:00","dateModified":"2024-08-16T07:49:57+00:00","description":"Nosso acessulfame de pot\u00e1ssio \u00e9 um p\u00f3 cristalino branco com sabor de cana-de-a\u00e7\u00facar, sol\u00favel em \u00e1gua, levemente em \u00e1lcool e sem energia.","breadcrumb":{"@id":"https:\/\/theo.niranbio.com\/pt-br\/acessulfame-de-potassio.html#breadcrumb"},"inLanguage":"pt-BR","potentialAction":[{"@type":"ReadAction","target":["https:\/\/theo.niranbio.com\/pt-br\/acessulfame-de-potassio.html"]}]},{"@type":"ImageObject","inLanguage":"pt-BR","@id":"https:\/\/theo.niranbio.com\/pt-br\/acessulfame-de-potassio.html#primaryimage","url":"https:\/\/theo.niranbio.com\/wp-content\/uploads\/2024\/06\/Acesulfame-k.webp","contentUrl":"https:\/\/theo.niranbio.com\/wp-content\/uploads\/2024\/06\/Acesulfame-k.webp","width":600,"height":600,"caption":"Acesulfame k"},{"@type":"BreadcrumbList","@id":"https:\/\/theo.niranbio.com\/pt-br\/acessulfame-de-potassio.html#breadcrumb","itemListElement":[{"@type":"ListItem","position":1,"name":"Home","item":"https:\/\/theo.niranbio.com\/pt-br\/"},{"@type":"ListItem","position":2,"name":"Produtos","item":"https:\/\/theo.niranbio.com\/pt-br\/produtos.html"},{"@type":"ListItem","position":3,"name":"Ado\u00e7antes","item":"https:\/\/theo.niranbio.com\/pt-br\/produto-adocante\/"},{"@type":"ListItem","position":4,"name":"Acessulfame de pot\u00e1ssio"}]},{"@type":"WebSite","@id":"https:\/\/theo.niranbio.com\/pt-br\/#website","url":"https:\/\/theo.niranbio.com\/pt-br\/","name":"Niranbio Chemical","description":"","publisher":{"@id":"https:\/\/theo.niranbio.com\/pt-br\/#organization"},"potentialAction":[{"@type":"SearchAction","target":{"@type":"EntryPoint","urlTemplate":"https:\/\/theo.niranbio.com\/pt-br\/?s={search_term_string}"},"query-input":{"@type":"PropertyValueSpecification","valueRequired":true,"valueName":"search_term_string"}}],"inLanguage":"pt-BR"},{"@type":"Organization","@id":"https:\/\/theo.niranbio.com\/pt-br\/#organization","name":"Niranbio Chemical","url":"https:\/\/theo.niranbio.com\/pt-br\/","logo":{"@type":"ImageObject","inLanguage":"pt-BR","@id":"https:\/\/theo.niranbio.com\/pt-br\/#\/schema\/logo\/image\/","url":"https:\/\/theo.niranbio.com\/wp-content\/uploads\/2024\/06\/Niranbio.png","contentUrl":"https:\/\/theo.niranbio.com\/wp-content\/uploads\/2024\/06\/Niranbio.png","width":270,"height":100,"caption":"Niranbio Chemical"},"image":{"@id":"https:\/\/theo.niranbio.com\/pt-br\/#\/schema\/logo\/image\/"}}]}},"_links":{"self":[{"href":"https:\/\/theo.niranbio.com\/pt-br\/wp-json\/wp\/v2\/product\/8410","targetHints":{"allow":["GET"]}}],"collection":[{"href":"https:\/\/theo.niranbio.com\/pt-br\/wp-json\/wp\/v2\/product"}],"about":[{"href":"https:\/\/theo.niranbio.com\/pt-br\/wp-json\/wp\/v2\/types\/product"}],"version-history":[{"count":0,"href":"https:\/\/theo.niranbio.com\/pt-br\/wp-json\/wp\/v2\/product\/8410\/revisions"}],"wp:featuredmedia":[{"embeddable":true,"href":"https:\/\/theo.niranbio.com\/pt-br\/wp-json\/wp\/v2\/media\/8076"}],"wp:attachment":[{"href":"https:\/\/theo.niranbio.com\/pt-br\/wp-json\/wp\/v2\/media?parent=8410"}],"wp:term":[{"taxonomy":"product_brand","embeddable":true,"href":"https:\/\/theo.niranbio.com\/pt-br\/wp-json\/wp\/v2\/product_brand?post=8410"},{"taxonomy":"product_cat","embeddable":true,"href":"https:\/\/theo.niranbio.com\/pt-br\/wp-json\/wp\/v2\/product_cat?post=8410"},{"taxonomy":"product_tag","embeddable":true,"href":"https:\/\/theo.niranbio.com\/pt-br\/wp-json\/wp\/v2\/product_tag?post=8410"}],"curies":[{"name":"wp","href":"https:\/\/api.w.org\/{rel}","templated":true}]}}