{"id":8407,"date":"2024-06-20T10:21:54","date_gmt":"2024-06-20T02:21:54","guid":{"rendered":"https:\/\/theo.niranbio.com\/goma-gelana\/"},"modified":"2024-08-13T16:24:25","modified_gmt":"2024-08-13T08:24:25","slug":"goma-gelana","status":"publish","type":"product","link":"https:\/\/theo.niranbio.com\/pt-br\/goma-gelana.html","title":{"rendered":"Goma gelana"},"content":{"rendered":"<h2><span class=\"ez-toc-section\" id=\"O_que_e_goma_gelana\"><\/span>O que \u00e9 goma gelana?<span class=\"ez-toc-section-end\"><\/span><\/h2>\n<p>A goma gelana \u00e9 um polissacar\u00eddeo linear composto de ramnose, glicose e \u00e1cido glucur\u00f4nico em uma propor\u00e7\u00e3o de 2:1:1, bem como quatro monossacar\u00eddeos repetidos que servem como unidades estruturais. \u00c9 um p\u00f3 bege na apar\u00eancia, n\u00e3o tem sabor e cheiro especiais, tem boa resist\u00eancia ao calor e ao \u00e1cido e tamb\u00e9m \u00e9 altamente est\u00e1vel a enzimas. Pode ser amplamente utilizado na ind\u00fastria aliment\u00edcia como espessante e \u00e9 frequentemente adicionado a produtos l\u00e1cteos, como geleias, bebidas e iogurte. Existem duas principais prepara\u00e7\u00f5es e suprimentos de goma gelana na China:<\/p>\n<p>1. Prepara\u00e7\u00e3o da goma gelana pelo m\u00e9todo quente No processo tradicional de prepara\u00e7\u00e3o da goma gelana, a prepara\u00e7\u00e3o a quente \u00e9 o m\u00e9todo mais comumente usado. Este m\u00e9todo requer muito suporte de energia. A goma gelana \u00e9 formada por rea\u00e7\u00e3o e mistura em alta temperatura. Sua viscosidade inicial pode ser ajustada de acordo com diferentes necessidades, mas h\u00e1 certos problemas no consumo de energia, e tamb\u00e9m \u00e9 f\u00e1cil produzir problemas ambientais, como g\u00e1s residual e \u00e1guas residuais.<\/p>\n<p>2. Prepara\u00e7\u00e3o de goma gelana pelo m\u00e9todo a frio Com a melhoria cont\u00ednua da conscientiza\u00e7\u00e3o ambiental, a goma gelana preparada pelo m\u00e9todo a frio tem atra\u00eddo gradualmente a aten\u00e7\u00e3o e a pesquisa das pessoas. O m\u00e9todo a frio usa rea\u00e7\u00f5es qu\u00edmicas e efeitos f\u00edsicos para formar goma gelana em temperaturas muito baixas. O processo de prepara\u00e7\u00e3o n\u00e3o requer muito suporte de energia e n\u00e3o produz problemas ambientais, como g\u00e1s residual e \u00e1guas residuais. Portanto, em compara\u00e7\u00e3o com o m\u00e9todo tradicional a quente, o m\u00e9todo a frio tem maiores vantagens na prote\u00e7\u00e3o ambiental e no consumo de energia.<\/p>\n<h2><span class=\"ez-toc-section\" id=\"Dosagem_recomendada\"><\/span>Dosagem recomendada:<span class=\"ez-toc-section-end\"><\/span><\/h2>\n<table>\n<tbody>\n<tr>\n<td><strong>Nome do alimento<\/strong><\/td>\n<td><strong>Uso m\u00e1ximo (g\/kg)<\/strong><\/td>\n<\/tr>\n<tr>\n<td>Bebidas (sucos, bebidas l\u00e1cteas, etc.)<\/td>\n<td>0,1-0,3 g\/kg<\/td>\n<\/tr>\n<tr>\n<td>Geleia e pudim<\/td>\n<td>2,0-5,0 g\/kg<\/td>\n<\/tr>\n<tr>\n<td>Produtos l\u00e1cteos (iogurte, queijo, etc.)<\/td>\n<td>0,1-0,5 g\/kg<\/td>\n<\/tr>\n<tr>\n<td>Doces<\/td>\n<td>0,5-1,0 g\/kg<\/td>\n<\/tr>\n<tr>\n<td>Alimentos enlatados (geleia, gelatina enlatada, etc.)<\/td>\n<td>0,3-1,0 g\/kg<\/td>\n<\/tr>\n<tr>\n<td>Temperos e molhos<\/td>\n<td>0,1-0,8 g\/kg<\/td>\n<\/tr>\n<tr>\n<td>Produtos de panifica\u00e7\u00e3o<\/td>\n<td>0,05-0,3 g\/kg<\/td>\n<\/tr>\n<tr>\n<td>Bebidas com prote\u00edna vegetal<\/td>\n<td>0,1-0,3 g\/kg<\/td>\n<\/tr>\n<\/tbody>\n<\/table>\n<h2><span class=\"ez-toc-section\" id=\"A_goma_gelana_tem_uma_ampla_gama_de_usos\"><\/span>A goma gelana tem uma ampla gama de usos<span class=\"ez-toc-section-end\"><\/span><\/h2>\n<p>1. Efeito espessante: a goma gelana pode aumentar significativamente a viscosidade de l\u00edquidos em baixas concentra\u00e7\u00f5es, tornando-os mais espessos. \u00c9 particularmente adequada para bebidas, condimentos e molhos, e pode melhorar o sabor e a fluidez do produto.<\/p>\n<p>2. Efeito gelificante: a goma gelana pode formar um gel transparente e est\u00e1vel com uma textura flex\u00edvel e n\u00e3o \u00e9 f\u00e1cil de quebrar. Mesmo sob condi\u00e7\u00f5es de aquecimento ou \u00e1cidas, o gel formado pela goma gelana ainda pode manter sua estrutura e fun\u00e7\u00e3o. \u00c9 amplamente usada em alimentos como geleia, pudim e compota para fornecer uma textura e apar\u00eancia de gel ideais.<\/p>\n<p>3. Efeito de suspens\u00e3o: a goma gelana pode efetivamente suspender ingredientes s\u00f3lidos como polpa e fibra em bebidas para evitar que se depositem no fundo. \u00c9 particularmente adequado para sucos, bebidas l\u00e1cteas e bebidas de prote\u00edna vegetal para garantir a uniformidade das bebidas durante o prazo de validade.<\/p>\n<p>4. Efeito de estabiliza\u00e7\u00e3o: a goma gelana pode manter suas fun\u00e7\u00f5es de espessamento e gelifica\u00e7\u00e3o sob v\u00e1rias condi\u00e7\u00f5es de temperatura sem decomposi\u00e7\u00e3o ou falha. Mesmo sob condi\u00e7\u00f5es \u00e1cidas, a goma gelana pode manter sua estabilidade sem desintegra\u00e7\u00e3o do gel. \u00c9 amplamente utilizado em alimentos que exigem estabilidade, como iogurte e molho para salada, para estender o prazo de validade do produto e manter um sabor de alta qualidade.<\/p>\n<h2><span class=\"ez-toc-section\" id=\"O_usuario_fez_a_seguinte_pergunta\"><\/span>O usu\u00e1rio fez a seguinte pergunta:<span class=\"ez-toc-section-end\"><\/span><\/h2>\n<p>Pergunta: A goma gelana \u00e9 carragenina?<\/p>\n<p>Resposta: A goma gelana e a carragenina s\u00e3o aditivos alimentares distintos com diferentes origens e propriedades. A goma gelana, derivada da fermenta\u00e7\u00e3o bacteriana, forma g\u00e9is transparentes est\u00e1veis \u200b\u200bao calor e \u00e9 usada em uma variedade de produtos aliment\u00edcios por suas vers\u00e1teis capacidades de modifica\u00e7\u00e3o de textura.<\/p>\n<p>Em contraste, a carragenina, extra\u00edda de algas vermelhas, \u00e9 um polissacar\u00eddeo sulfatado dispon\u00edvel em diferentes tipos (kappa, iota, lambda), cada um fornecendo propriedades \u00fanicas de gelifica\u00e7\u00e3o ou espessamento. Embora ambos sejam usados \u200b\u200bpara aplica\u00e7\u00f5es semelhantes, suas diferen\u00e7as estruturais e efeitos texturais os tornam adequados para formula\u00e7\u00f5es alimentares espec\u00edficas.<\/p>\n","protected":false},"excerpt":{"rendered":"<ul>\n<li>CAS: 71010-52-1<\/li>\n<li>F\u00f3rmula qu\u00edmica: \/<\/li>\n<li>Certifica\u00e7\u00f5es: KOSHER, ISO, HALAL, FSSC22000, BRC, etc.<\/li>\n<li>Padr\u00e3o:<\/li>\n<li>Quantidade m\u00ednima do pedido: 1000KG<\/li>\n<li>Prazo de validade: 2 anos<\/li>\n<\/ul>\n","protected":false},"featured_media":7947,"template":"","meta":{"site-sidebar-layout":"default","site-content-layout":"","ast-site-content-layout":"default","site-content-style":"default","site-sidebar-style":"default","ast-global-header-display":"","ast-banner-title-visibility":"","ast-main-header-display":"","ast-hfb-above-header-display":"","ast-hfb-below-header-display":"","ast-hfb-mobile-header-display":"","site-post-title":"","ast-breadcrumbs-content":"","ast-featured-img":"","footer-sml-layout":"","theme-transparent-header-meta":"default","adv-header-id-meta":"","stick-header-meta":"","header-above-stick-meta":"","header-main-stick-meta":"","header-below-stick-meta":"","astra-migrate-meta-layouts":"set","ast-page-background-enabled":"default","ast-page-background-meta":{"desktop":{"background-color":"var(--ast-global-color-4)","background-image":"","background-repeat":"repeat","background-position":"center center","background-size":"auto","background-attachment":"scroll","background-type":"","background-media":"","overlay-type":"","overlay-color":"","overlay-opacity":"","overlay-gradient":""},"tablet":{"background-color":"","background-image":"","background-repeat":"repeat","background-position":"center center","background-size":"auto","background-attachment":"scroll","background-type":"","background-media":"","overlay-type":"","overlay-color":"","overlay-opacity":"","overlay-gradient":""},"mobile":{"background-color":"","background-image":"","background-repeat":"repeat","background-position":"center center","background-size":"auto","background-attachment":"scroll","background-type":"","background-media":"","overlay-type":"","overlay-color":"","overlay-opacity":"","overlay-gradient":""}},"ast-content-background-meta":{"desktop":{"background-color":"var(--ast-global-color-5)","background-image":"","background-repeat":"repeat","background-position":"center center","background-size":"auto","background-attachment":"scroll","background-type":"","background-media":"","overlay-type":"","overlay-color":"","overlay-opacity":"","overlay-gradient":""},"tablet":{"background-color":"var(--ast-global-color-5)","background-image":"","background-repeat":"repeat","background-position":"center center","background-size":"auto","background-attachment":"scroll","background-type":"","background-media":"","overlay-type":"","overlay-color":"","overlay-opacity":"","overlay-gradient":""},"mobile":{"background-color":"var(--ast-global-color-5)","background-image":"","background-repeat":"repeat","background-position":"center center","background-size":"auto","background-attachment":"scroll","background-type":"","background-media":"","overlay-type":"","overlay-color":"","overlay-opacity":"","overlay-gradient":""}}},"product_brand":[],"product_cat":[79],"product_tag":[],"class_list":{"0":"post-8407","1":"product","2":"type-product","3":"status-publish","4":"has-post-thumbnail","6":"product_cat-produto-espessantes","7":"desktop-align-center","8":"tablet-align-left","9":"mobile-align-left","11":"first","12":"instock","13":"shipping-taxable","14":"product-type-simple"},"yoast_head":"<!-- This site is optimized with the Yoast SEO plugin v26.5 - https:\/\/yoast.com\/wordpress\/plugins\/seo\/ -->\n<title>Fabricante de goma gelana, pre\u00e7o do p\u00f3 de goma gelana E418 | Niranbio Chemical<\/title>\n<meta name=\"description\" content=\"Nossa goma gelana E418 tem apar\u00eancia de p\u00f3 bege, amplamente usada como espessante adicionado a latic\u00ednios como geleias, bebidas e iogurte.\" \/>\n<meta name=\"robots\" content=\"noindex, follow, max-snippet:-1, max-image-preview:large, max-video-preview:-1\" \/>\n<meta name=\"twitter:label1\" content=\"Est. tempo de leitura\" \/>\n\t<meta name=\"twitter:data1\" content=\"4 minutos\" \/>\n<script type=\"application\/ld+json\" class=\"yoast-schema-graph\">{\"@context\":\"https:\/\/schema.org\",\"@graph\":[{\"@type\":\"WebPage\",\"@id\":\"https:\/\/theo.niranbio.com\/pt-br\/goma-gelana.html\",\"url\":\"https:\/\/theo.niranbio.com\/pt-br\/goma-gelana.html\",\"name\":\"Fabricante de goma gelana, pre\u00e7o do p\u00f3 de goma gelana E418 | Niranbio Chemical\",\"isPartOf\":{\"@id\":\"https:\/\/theo.niranbio.com\/pt-br\/#website\"},\"primaryImageOfPage\":{\"@id\":\"https:\/\/theo.niranbio.com\/pt-br\/goma-gelana.html#primaryimage\"},\"image\":{\"@id\":\"https:\/\/theo.niranbio.com\/pt-br\/goma-gelana.html#primaryimage\"},\"thumbnailUrl\":\"https:\/\/theo.niranbio.com\/wp-content\/uploads\/2024\/06\/Gellan-Gum.webp\",\"datePublished\":\"2024-06-20T02:21:54+00:00\",\"dateModified\":\"2024-08-13T08:24:25+00:00\",\"description\":\"Nossa goma gelana E418 tem apar\u00eancia de p\u00f3 bege, amplamente usada como espessante adicionado a latic\u00ednios como geleias, bebidas e iogurte.\",\"breadcrumb\":{\"@id\":\"https:\/\/theo.niranbio.com\/pt-br\/goma-gelana.html#breadcrumb\"},\"inLanguage\":\"pt-BR\",\"potentialAction\":[{\"@type\":\"ReadAction\",\"target\":[\"https:\/\/theo.niranbio.com\/pt-br\/goma-gelana.html\"]}]},{\"@type\":\"ImageObject\",\"inLanguage\":\"pt-BR\",\"@id\":\"https:\/\/theo.niranbio.com\/pt-br\/goma-gelana.html#primaryimage\",\"url\":\"https:\/\/theo.niranbio.com\/wp-content\/uploads\/2024\/06\/Gellan-Gum.webp\",\"contentUrl\":\"https:\/\/theo.niranbio.com\/wp-content\/uploads\/2024\/06\/Gellan-Gum.webp\",\"width\":800,\"height\":800,\"caption\":\"Goma Gelana\"},{\"@type\":\"BreadcrumbList\",\"@id\":\"https:\/\/theo.niranbio.com\/pt-br\/goma-gelana.html#breadcrumb\",\"itemListElement\":[{\"@type\":\"ListItem\",\"position\":1,\"name\":\"Home\",\"item\":\"https:\/\/theo.niranbio.com\/pt-br\/\"},{\"@type\":\"ListItem\",\"position\":2,\"name\":\"Produtos\",\"item\":\"https:\/\/theo.niranbio.com\/pt-br\/produtos.html\"},{\"@type\":\"ListItem\",\"position\":3,\"name\":\"Espessantes\",\"item\":\"https:\/\/theo.niranbio.com\/pt-br\/produto-espessantes\/\"},{\"@type\":\"ListItem\",\"position\":4,\"name\":\"Goma gelana\"}]},{\"@type\":\"WebSite\",\"@id\":\"https:\/\/theo.niranbio.com\/pt-br\/#website\",\"url\":\"https:\/\/theo.niranbio.com\/pt-br\/\",\"name\":\"Niranbio Chemical\",\"description\":\"\",\"publisher\":{\"@id\":\"https:\/\/theo.niranbio.com\/pt-br\/#organization\"},\"potentialAction\":[{\"@type\":\"SearchAction\",\"target\":{\"@type\":\"EntryPoint\",\"urlTemplate\":\"https:\/\/theo.niranbio.com\/pt-br\/?s={search_term_string}\"},\"query-input\":{\"@type\":\"PropertyValueSpecification\",\"valueRequired\":true,\"valueName\":\"search_term_string\"}}],\"inLanguage\":\"pt-BR\"},{\"@type\":\"Organization\",\"@id\":\"https:\/\/theo.niranbio.com\/pt-br\/#organization\",\"name\":\"Niranbio Chemical\",\"url\":\"https:\/\/theo.niranbio.com\/pt-br\/\",\"logo\":{\"@type\":\"ImageObject\",\"inLanguage\":\"pt-BR\",\"@id\":\"https:\/\/theo.niranbio.com\/pt-br\/#\/schema\/logo\/image\/\",\"url\":\"https:\/\/theo.niranbio.com\/wp-content\/uploads\/2024\/06\/Niranbio.png\",\"contentUrl\":\"https:\/\/theo.niranbio.com\/wp-content\/uploads\/2024\/06\/Niranbio.png\",\"width\":270,\"height\":100,\"caption\":\"Niranbio Chemical\"},\"image\":{\"@id\":\"https:\/\/theo.niranbio.com\/pt-br\/#\/schema\/logo\/image\/\"}}]}<\/script>\n<!-- \/ Yoast SEO plugin. -->","yoast_head_json":{"title":"Fabricante de goma gelana, pre\u00e7o do p\u00f3 de goma gelana E418 | Niranbio Chemical","description":"Nossa goma gelana E418 tem apar\u00eancia de p\u00f3 bege, amplamente usada como espessante adicionado a latic\u00ednios como geleias, bebidas e iogurte.","robots":{"index":"noindex","follow":"follow","max-snippet":"max-snippet:-1","max-image-preview":"max-image-preview:large","max-video-preview":"max-video-preview:-1"},"twitter_misc":{"Est. tempo de leitura":"4 minutos"},"schema":{"@context":"https:\/\/schema.org","@graph":[{"@type":"WebPage","@id":"https:\/\/theo.niranbio.com\/pt-br\/goma-gelana.html","url":"https:\/\/theo.niranbio.com\/pt-br\/goma-gelana.html","name":"Fabricante de goma gelana, pre\u00e7o do p\u00f3 de goma gelana E418 | Niranbio Chemical","isPartOf":{"@id":"https:\/\/theo.niranbio.com\/pt-br\/#website"},"primaryImageOfPage":{"@id":"https:\/\/theo.niranbio.com\/pt-br\/goma-gelana.html#primaryimage"},"image":{"@id":"https:\/\/theo.niranbio.com\/pt-br\/goma-gelana.html#primaryimage"},"thumbnailUrl":"https:\/\/theo.niranbio.com\/wp-content\/uploads\/2024\/06\/Gellan-Gum.webp","datePublished":"2024-06-20T02:21:54+00:00","dateModified":"2024-08-13T08:24:25+00:00","description":"Nossa goma gelana E418 tem apar\u00eancia de p\u00f3 bege, amplamente usada como espessante adicionado a latic\u00ednios como geleias, bebidas e iogurte.","breadcrumb":{"@id":"https:\/\/theo.niranbio.com\/pt-br\/goma-gelana.html#breadcrumb"},"inLanguage":"pt-BR","potentialAction":[{"@type":"ReadAction","target":["https:\/\/theo.niranbio.com\/pt-br\/goma-gelana.html"]}]},{"@type":"ImageObject","inLanguage":"pt-BR","@id":"https:\/\/theo.niranbio.com\/pt-br\/goma-gelana.html#primaryimage","url":"https:\/\/theo.niranbio.com\/wp-content\/uploads\/2024\/06\/Gellan-Gum.webp","contentUrl":"https:\/\/theo.niranbio.com\/wp-content\/uploads\/2024\/06\/Gellan-Gum.webp","width":800,"height":800,"caption":"Goma Gelana"},{"@type":"BreadcrumbList","@id":"https:\/\/theo.niranbio.com\/pt-br\/goma-gelana.html#breadcrumb","itemListElement":[{"@type":"ListItem","position":1,"name":"Home","item":"https:\/\/theo.niranbio.com\/pt-br\/"},{"@type":"ListItem","position":2,"name":"Produtos","item":"https:\/\/theo.niranbio.com\/pt-br\/produtos.html"},{"@type":"ListItem","position":3,"name":"Espessantes","item":"https:\/\/theo.niranbio.com\/pt-br\/produto-espessantes\/"},{"@type":"ListItem","position":4,"name":"Goma gelana"}]},{"@type":"WebSite","@id":"https:\/\/theo.niranbio.com\/pt-br\/#website","url":"https:\/\/theo.niranbio.com\/pt-br\/","name":"Niranbio Chemical","description":"","publisher":{"@id":"https:\/\/theo.niranbio.com\/pt-br\/#organization"},"potentialAction":[{"@type":"SearchAction","target":{"@type":"EntryPoint","urlTemplate":"https:\/\/theo.niranbio.com\/pt-br\/?s={search_term_string}"},"query-input":{"@type":"PropertyValueSpecification","valueRequired":true,"valueName":"search_term_string"}}],"inLanguage":"pt-BR"},{"@type":"Organization","@id":"https:\/\/theo.niranbio.com\/pt-br\/#organization","name":"Niranbio Chemical","url":"https:\/\/theo.niranbio.com\/pt-br\/","logo":{"@type":"ImageObject","inLanguage":"pt-BR","@id":"https:\/\/theo.niranbio.com\/pt-br\/#\/schema\/logo\/image\/","url":"https:\/\/theo.niranbio.com\/wp-content\/uploads\/2024\/06\/Niranbio.png","contentUrl":"https:\/\/theo.niranbio.com\/wp-content\/uploads\/2024\/06\/Niranbio.png","width":270,"height":100,"caption":"Niranbio Chemical"},"image":{"@id":"https:\/\/theo.niranbio.com\/pt-br\/#\/schema\/logo\/image\/"}}]}},"_links":{"self":[{"href":"https:\/\/theo.niranbio.com\/pt-br\/wp-json\/wp\/v2\/product\/8407","targetHints":{"allow":["GET"]}}],"collection":[{"href":"https:\/\/theo.niranbio.com\/pt-br\/wp-json\/wp\/v2\/product"}],"about":[{"href":"https:\/\/theo.niranbio.com\/pt-br\/wp-json\/wp\/v2\/types\/product"}],"version-history":[{"count":0,"href":"https:\/\/theo.niranbio.com\/pt-br\/wp-json\/wp\/v2\/product\/8407\/revisions"}],"wp:featuredmedia":[{"embeddable":true,"href":"https:\/\/theo.niranbio.com\/pt-br\/wp-json\/wp\/v2\/media\/7947"}],"wp:attachment":[{"href":"https:\/\/theo.niranbio.com\/pt-br\/wp-json\/wp\/v2\/media?parent=8407"}],"wp:term":[{"taxonomy":"product_brand","embeddable":true,"href":"https:\/\/theo.niranbio.com\/pt-br\/wp-json\/wp\/v2\/product_brand?post=8407"},{"taxonomy":"product_cat","embeddable":true,"href":"https:\/\/theo.niranbio.com\/pt-br\/wp-json\/wp\/v2\/product_cat?post=8407"},{"taxonomy":"product_tag","embeddable":true,"href":"https:\/\/theo.niranbio.com\/pt-br\/wp-json\/wp\/v2\/product_tag?post=8407"}],"curies":[{"name":"wp","href":"https:\/\/api.w.org\/{rel}","templated":true}]}}