{"id":8403,"date":"2024-06-20T10:23:05","date_gmt":"2024-06-20T02:23:05","guid":{"rendered":"https:\/\/theo.niranbio.com\/estearato-de-magnesio\/"},"modified":"2024-08-13T16:23:24","modified_gmt":"2024-08-13T08:23:24","slug":"estearato-de-magnesio","status":"publish","type":"product","link":"https:\/\/theo.niranbio.com\/pt-br\/estearato-de-magnesio.html","title":{"rendered":"Estearato de magn\u00e9sio de qualidade alimentar"},"content":{"rendered":"<h2><span class=\"ez-toc-section\" id=\"O_que_e_estearato_de_magnesio\"><\/span>O que \u00e9 estearato de magn\u00e9sio?<span class=\"ez-toc-section-end\"><\/span><\/h2>\n<p>O estearato de magn\u00e9sio \u00e9 um composto org\u00e2nico que aparece como um p\u00f3 fino branco e sem areia. Principalmente empregado como espessante no setor aliment\u00edcio, \u00e9 oleoso ao entrar em contato com a pele e insol\u00favel em \u00e1gua, etanol ou \u00e9ter. O estearato de magn\u00e9sio \u00e9 produzido principalmente na China pela neutraliza\u00e7\u00e3o de \u00e1cidos graxos com sais de magn\u00e9sio sob condi\u00e7\u00f5es apropriadas, separando e purificando o estearato de magn\u00e9sio resultante, que tamb\u00e9m inclui etapas de filtragem, lavagem e secagem para remover mat\u00e9rias-primas n\u00e3o reagidas e outras impurezas, e ent\u00e3o triturando o estearato de magn\u00e9sio purificado para obter o p\u00f3 de estearato de magn\u00e9sio acabado.<\/p>\n<h2><span class=\"ez-toc-section\" id=\"Parametros_relacionados\"><\/span>Par\u00e2metros relacionados:<span class=\"ez-toc-section-end\"><\/span><\/h2>\n<table>\n<tbody>\n<tr>\n<td><strong>ITENS<\/strong><\/td>\n<td><strong>ESPECIFICA\u00c7\u00c3O<\/strong><\/td>\n<\/tr>\n<tr>\n<td>Identifica\u00e7\u00e3o A<\/td>\n<td>Testes para magn\u00e9sio<\/td>\n<\/tr>\n<tr>\n<td>Identifica\u00e7\u00e3o B<\/td>\n<td>conforme<\/td>\n<\/tr>\n<tr>\n<td>Acidez ou alcalinidade<\/td>\n<td>Conformidade<\/td>\n<\/tr>\n<tr>\n<td>Perda na secagem<\/td>\n<td>\u22646.0%<\/td>\n<\/tr>\n<tr>\n<td>Cloreto<\/td>\n<td>\u22640.1%<\/td>\n<\/tr>\n<tr>\n<td>Sulfatos<\/td>\n<td>\u22641.0%<\/td>\n<\/tr>\n<tr>\n<td>Chumbo<\/td>\n<td>\u226410ppm<\/td>\n<\/tr>\n<tr>\n<td>C\u00e1dmio<\/td>\n<td>\u22643ppm<\/td>\n<\/tr>\n<tr>\n<td>N\u00edquel<\/td>\n<td>\u22645ppm<\/td>\n<\/tr>\n<tr>\n<td>\u00c1cido este\u00e1rico<\/td>\n<td>\u226540.0%<\/td>\n<\/tr>\n<tr>\n<td>\u00c1cido este\u00e1rico e \u00e1cido palmitico<\/td>\n<td>\u226590.0%<\/td>\n<\/tr>\n<tr>\n<td>Ensaio (Mg)<\/td>\n<td>4.0-5%-5.0%<\/td>\n<\/tr>\n<tr>\n<td>TAMC<\/td>\n<td>\u22641000CFU\/g<\/td>\n<\/tr>\n<tr>\n<td>TYMC<\/td>\n<td>\u2264500CFU\/g<\/td>\n<\/tr>\n<tr>\n<td>Escherichia coli<\/td>\n<td>Ausente<\/td>\n<\/tr>\n<tr>\n<td>Esp\u00e9cies de Salmonella<\/td>\n<td>Ausente<\/td>\n<\/tr>\n<\/tbody>\n<\/table>\n<h2><span class=\"ez-toc-section\" id=\"Dosagem_recomendada\"><\/span>Dosagem recomendada:<span class=\"ez-toc-section-end\"><\/span><\/h2>\n<table>\n<tbody>\n<tr>\n<td><strong>Nome do alimento<\/strong><\/td>\n<td><strong>Uso m\u00e1ximo (g\/kg)<\/strong><\/td>\n<\/tr>\n<tr>\n<td>Creme<\/td>\n<td>1-5 g\/kg<\/td>\n<\/tr>\n<tr>\n<td>Sorvete<\/td>\n<td>1-3 g\/kg<\/td>\n<\/tr>\n<tr>\n<td>Queijo<\/td>\n<td>2-5<\/td>\n<\/tr>\n<tr>\n<td>P\u00e3o<\/td>\n<td>1-3<\/td>\n<\/tr>\n<tr>\n<td>Biscoitos e bolos<\/td>\n<td>2-5<\/td>\n<\/tr>\n<tr>\n<td>Produtos de chocolate<\/td>\n<td>2-6<\/td>\n<\/tr>\n<tr>\n<td>Doces duros e macios<\/td>\n<td>1-3<\/td>\n<\/tr>\n<tr>\n<td>Coberturas de chocolate<\/td>\n<td>3-5<\/td>\n<\/tr>\n<tr>\n<td>Molhos para salada e picles<\/td>\n<td>2-5<\/td>\n<\/tr>\n<tr>\n<td>Molhos<\/td>\n<td>1-3<\/td>\n<\/tr>\n<tr>\n<td>Alimentos enlatados<\/td>\n<td>1-4<\/td>\n<\/tr>\n<tr>\n<td>Salsichas e presunto<\/td>\n<td>1-3<\/td>\n<\/tr>\n<tr>\n<td>Produtos de carne processada<\/td>\n<td>2-4<\/td>\n<\/tr>\n<tr>\n<td>Bebidas l\u00e1cteas<\/td>\n<td>1-4<\/td>\n<\/tr>\n<tr>\n<td>Bebidas carbonatadas<\/td>\n<td>1-3<\/td>\n<\/tr>\n<tr>\n<td>Bebidas \u00e0 base de suco<\/td>\n<td>1-3<\/td>\n<\/tr>\n<\/tbody>\n<\/table>\n<h2><span class=\"ez-toc-section\" id=\"O_estearato_de_magnesio_tem_uma_ampla_gama_de_usos\"><\/span>O estearato de magn\u00e9sio tem uma ampla gama de usos<span class=\"ez-toc-section-end\"><\/span><\/h2>\n<p>1. Lubrificante: o estearato de magn\u00e9sio \u00e9 frequentemente usado no processamento de alimentos devido \u00e0s suas excelentes propriedades lubrificantes, especialmente para evitar que os alimentos grudem e melhorar a efici\u00eancia da produ\u00e7\u00e3o.<\/p>\n<p>2. Agente antiaderente: na produ\u00e7\u00e3o de doces como balas e chocolates, o estearato de magn\u00e9sio como um agente antiaderente pode efetivamente impedir a ades\u00e3o entre alimentos e moldes ou embalagens, e manter a integridade e a apar\u00eancia dos alimentos.<\/p>\n<p>3. Estabilizador: o estearato de magn\u00e9sio pode ser usado como um estabilizador para ajudar a melhorar a textura e o sabor dos alimentos e, em produtos como latic\u00ednios, p\u00e3es e biscoitos, ajuda a estender a vida \u00fatil e manter a boa qualidade.<\/p>\n<p>4. Agente de libera\u00e7\u00e3o: Na fabrica\u00e7\u00e3o de produtos assados, como bolos e biscoitos, o estearato de magn\u00e9sio \u00e9 usado como um agente de libera\u00e7\u00e3o para ajudar a remover facilmente o produto acabado do molde e manter a integridade e a apar\u00eancia do produto.<\/p>\n<p>5. Agente antiaglomerante: O estearato de magn\u00e9sio tamb\u00e9m pode ser usado como um agente antiaglomerante para evitar que part\u00edculas nos alimentos se aglomerem durante o processamento e armazenamento, e manter a textura e o sabor uniformes dos alimentos.<\/p>\n<p>6. Espessante: O estearato de magn\u00e9sio tamb\u00e9m atua como um espessante em alguns alimentos, especialmente em alimentos oleosos, como chocolate, molhos e sopas condensadas, o que pode aumentar sua viscosidade e sabor e melhorar a textura dos alimentos.<\/p>\n<h2><span class=\"ez-toc-section\" id=\"O_usuario_fez_a_seguinte_pergunta\"><\/span>O usu\u00e1rio fez a seguinte pergunta:<span class=\"ez-toc-section-end\"><\/span><\/h2>\n<p>Pergunta: A ingest\u00e3o de estearato de magn\u00e9sio causar\u00e1 efeitos negativos \u00e0 sa\u00fade?<\/p>\n<p>Resposta: O estearato de magn\u00e9sio \u00e9 um aditivo alimentar comumente usado, usado principalmente para melhorar as caracter\u00edsticas de processamento e a qualidade dos alimentos, como melhorar a lubricidade, prevenir a ades\u00e3o e aumentar a estabilidade. Em geral, o estearato de magn\u00e9sio \u00e9 seguro para uso de acordo com a dosagem recomendada e n\u00e3o ter\u00e1 efeitos adversos na maioria dos corpos humanos. O consumo excessivo, no entanto, pode levar a queixas gastrointestinais desagrad\u00e1veis, como dor de est\u00f4mago ou diarreia.<\/p>\n<p>Pergunta: Posso tomar estearato de magn\u00e9sio com glicinato de magn\u00e9sio?<\/p>\n<p>Resposta: Tanto o estearato de magn\u00e9sio quanto o glicinato de magn\u00e9sio s\u00e3o suplementos comuns de magn\u00e9sio que s\u00e3o frequentemente usados \u200b\u200bpara tratar defici\u00eancia de magn\u00e9sio ou aumentar a ingest\u00e3o de magn\u00e9sio. Eles s\u00e3o geralmente seguros e podem ser usados \u200b\u200bjuntos. Mas \u00e9 melhor consultar um m\u00e9dico ou farmac\u00eautico antes de usar para garantir sua adequa\u00e7\u00e3o e seguran\u00e7a em sua situa\u00e7\u00e3o pessoal. Eles podem ajudar voc\u00ea a determinar a dosagem apropriada e poss\u00edveis intera\u00e7\u00f5es.<\/p>\n","protected":false},"excerpt":{"rendered":"<ul>\n<li>CAS: 557-04-0<\/li>\n<li>F\u00f3rmula qu\u00edmica: C<sub>36<\/sub>H<sub>70<\/sub>MgO<sub>4<\/sub><\/li>\n<li>Certifica\u00e7\u00f5es: KOSHER, ISO, HALAL, FSSC22000, BRC, etc.<\/li>\n<li>Padr\u00e3o: USP<\/li>\n<li>Quantidade m\u00ednima do pedido: 1000KG<\/li>\n<li>Prazo de validade: 2 anos<\/li>\n<\/ul>\n","protected":false},"featured_media":7954,"template":"","meta":{"site-sidebar-layout":"default","site-content-layout":"","ast-site-content-layout":"default","site-content-style":"default","site-sidebar-style":"default","ast-global-header-display":"","ast-banner-title-visibility":"","ast-main-header-display":"","ast-hfb-above-header-display":"","ast-hfb-below-header-display":"","ast-hfb-mobile-header-display":"","site-post-title":"","ast-breadcrumbs-content":"","ast-featured-img":"","footer-sml-layout":"","theme-transparent-header-meta":"default","adv-header-id-meta":"","stick-header-meta":"","header-above-stick-meta":"","header-main-stick-meta":"","header-below-stick-meta":"","astra-migrate-meta-layouts":"set","ast-page-background-enabled":"default","ast-page-background-meta":{"desktop":{"background-color":"var(--ast-global-color-4)","background-image":"","background-repeat":"repeat","background-position":"center center","background-size":"auto","background-attachment":"scroll","background-type":"","background-media":"","overlay-type":"","overlay-color":"","overlay-opacity":"","overlay-gradient":""},"tablet":{"background-color":"","background-image":"","background-repeat":"repeat","background-position":"center center","background-size":"auto","background-attachment":"scroll","background-type":"","background-media":"","overlay-type":"","overlay-color":"","overlay-opacity":"","overlay-gradient":""},"mobile":{"background-color":"","background-image":"","background-repeat":"repeat","background-position":"center center","background-size":"auto","background-attachment":"scroll","background-type":"","background-media":"","overlay-type":"","overlay-color":"","overlay-opacity":"","overlay-gradient":""}},"ast-content-background-meta":{"desktop":{"background-color":"var(--ast-global-color-5)","background-image":"","background-repeat":"repeat","background-position":"center center","background-size":"auto","background-attachment":"scroll","background-type":"","background-media":"","overlay-type":"","overlay-color":"","overlay-opacity":"","overlay-gradient":""},"tablet":{"background-color":"var(--ast-global-color-5)","background-image":"","background-repeat":"repeat","background-position":"center center","background-size":"auto","background-attachment":"scroll","background-type":"","background-media":"","overlay-type":"","overlay-color":"","overlay-opacity":"","overlay-gradient":""},"mobile":{"background-color":"var(--ast-global-color-5)","background-image":"","background-repeat":"repeat","background-position":"center center","background-size":"auto","background-attachment":"scroll","background-type":"","background-media":"","overlay-type":"","overlay-color":"","overlay-opacity":"","overlay-gradient":""}}},"product_brand":[],"product_cat":[79],"product_tag":[],"class_list":{"0":"post-8403","1":"product","2":"type-product","3":"status-publish","4":"has-post-thumbnail","6":"product_cat-produto-espessantes","7":"desktop-align-center","8":"tablet-align-left","9":"mobile-align-left","11":"first","12":"instock","13":"shipping-taxable","14":"product-type-simple"},"yoast_head":"<!-- This site is optimized with the Yoast SEO plugin v26.5 - https:\/\/yoast.com\/wordpress\/plugins\/seo\/ -->\n<title>Fabricante de estearato de magn\u00e9sio, pre\u00e7o do p\u00f3 de estearato de magn\u00e9sio E470b | Niranbio Chemical<\/title>\n<meta name=\"description\" content=\"Compre estearato de magn\u00e9sio de qualidade alimentar da Niran, nosso estearato de magn\u00e9sio E470b \u00e9 um composto org\u00e2nico que aparece como um p\u00f3 fino branco e sem areia.\" \/>\n<meta name=\"robots\" content=\"noindex, follow, max-snippet:-1, max-image-preview:large, max-video-preview:-1\" \/>\n<meta name=\"twitter:label1\" content=\"Est. tempo de leitura\" \/>\n\t<meta name=\"twitter:data1\" content=\"4 minutos\" \/>\n<script type=\"application\/ld+json\" class=\"yoast-schema-graph\">{\"@context\":\"https:\/\/schema.org\",\"@graph\":[{\"@type\":\"WebPage\",\"@id\":\"https:\/\/theo.niranbio.com\/pt-br\/estearato-de-magnesio.html\",\"url\":\"https:\/\/theo.niranbio.com\/pt-br\/estearato-de-magnesio.html\",\"name\":\"Fabricante de estearato de magn\u00e9sio, pre\u00e7o do p\u00f3 de estearato de magn\u00e9sio E470b | Niranbio Chemical\",\"isPartOf\":{\"@id\":\"https:\/\/theo.niranbio.com\/pt-br\/#website\"},\"primaryImageOfPage\":{\"@id\":\"https:\/\/theo.niranbio.com\/pt-br\/estearato-de-magnesio.html#primaryimage\"},\"image\":{\"@id\":\"https:\/\/theo.niranbio.com\/pt-br\/estearato-de-magnesio.html#primaryimage\"},\"thumbnailUrl\":\"https:\/\/theo.niranbio.com\/wp-content\/uploads\/2024\/06\/Magnesium-stearate-food-grade.webp\",\"datePublished\":\"2024-06-20T02:23:05+00:00\",\"dateModified\":\"2024-08-13T08:23:24+00:00\",\"description\":\"Compre estearato de magn\u00e9sio de qualidade alimentar da Niran, nosso estearato de magn\u00e9sio E470b \u00e9 um composto org\u00e2nico que aparece como um p\u00f3 fino branco e sem areia.\",\"breadcrumb\":{\"@id\":\"https:\/\/theo.niranbio.com\/pt-br\/estearato-de-magnesio.html#breadcrumb\"},\"inLanguage\":\"pt-BR\",\"potentialAction\":[{\"@type\":\"ReadAction\",\"target\":[\"https:\/\/theo.niranbio.com\/pt-br\/estearato-de-magnesio.html\"]}]},{\"@type\":\"ImageObject\",\"inLanguage\":\"pt-BR\",\"@id\":\"https:\/\/theo.niranbio.com\/pt-br\/estearato-de-magnesio.html#primaryimage\",\"url\":\"https:\/\/theo.niranbio.com\/wp-content\/uploads\/2024\/06\/Magnesium-stearate-food-grade.webp\",\"contentUrl\":\"https:\/\/theo.niranbio.com\/wp-content\/uploads\/2024\/06\/Magnesium-stearate-food-grade.webp\",\"width\":600,\"height\":600,\"caption\":\"Estearato de magn\u00e9sio de qualidade alimentar\"},{\"@type\":\"BreadcrumbList\",\"@id\":\"https:\/\/theo.niranbio.com\/pt-br\/estearato-de-magnesio.html#breadcrumb\",\"itemListElement\":[{\"@type\":\"ListItem\",\"position\":1,\"name\":\"Home\",\"item\":\"https:\/\/theo.niranbio.com\/pt-br\/\"},{\"@type\":\"ListItem\",\"position\":2,\"name\":\"Produtos\",\"item\":\"https:\/\/theo.niranbio.com\/pt-br\/produtos.html\"},{\"@type\":\"ListItem\",\"position\":3,\"name\":\"Espessantes\",\"item\":\"https:\/\/theo.niranbio.com\/pt-br\/produto-espessantes\/\"},{\"@type\":\"ListItem\",\"position\":4,\"name\":\"Estearato de magn\u00e9sio de qualidade alimentar\"}]},{\"@type\":\"WebSite\",\"@id\":\"https:\/\/theo.niranbio.com\/pt-br\/#website\",\"url\":\"https:\/\/theo.niranbio.com\/pt-br\/\",\"name\":\"Niranbio Chemical\",\"description\":\"\",\"publisher\":{\"@id\":\"https:\/\/theo.niranbio.com\/pt-br\/#organization\"},\"potentialAction\":[{\"@type\":\"SearchAction\",\"target\":{\"@type\":\"EntryPoint\",\"urlTemplate\":\"https:\/\/theo.niranbio.com\/pt-br\/?s={search_term_string}\"},\"query-input\":{\"@type\":\"PropertyValueSpecification\",\"valueRequired\":true,\"valueName\":\"search_term_string\"}}],\"inLanguage\":\"pt-BR\"},{\"@type\":\"Organization\",\"@id\":\"https:\/\/theo.niranbio.com\/pt-br\/#organization\",\"name\":\"Niranbio Chemical\",\"url\":\"https:\/\/theo.niranbio.com\/pt-br\/\",\"logo\":{\"@type\":\"ImageObject\",\"inLanguage\":\"pt-BR\",\"@id\":\"https:\/\/theo.niranbio.com\/pt-br\/#\/schema\/logo\/image\/\",\"url\":\"https:\/\/theo.niranbio.com\/wp-content\/uploads\/2024\/06\/Niranbio.png\",\"contentUrl\":\"https:\/\/theo.niranbio.com\/wp-content\/uploads\/2024\/06\/Niranbio.png\",\"width\":270,\"height\":100,\"caption\":\"Niranbio Chemical\"},\"image\":{\"@id\":\"https:\/\/theo.niranbio.com\/pt-br\/#\/schema\/logo\/image\/\"}}]}<\/script>\n<!-- \/ Yoast SEO plugin. -->","yoast_head_json":{"title":"Fabricante de estearato de magn\u00e9sio, pre\u00e7o do p\u00f3 de estearato de magn\u00e9sio E470b | Niranbio Chemical","description":"Compre estearato de magn\u00e9sio de qualidade alimentar da Niran, nosso estearato de magn\u00e9sio E470b \u00e9 um composto org\u00e2nico que aparece como um p\u00f3 fino branco e sem areia.","robots":{"index":"noindex","follow":"follow","max-snippet":"max-snippet:-1","max-image-preview":"max-image-preview:large","max-video-preview":"max-video-preview:-1"},"twitter_misc":{"Est. tempo de leitura":"4 minutos"},"schema":{"@context":"https:\/\/schema.org","@graph":[{"@type":"WebPage","@id":"https:\/\/theo.niranbio.com\/pt-br\/estearato-de-magnesio.html","url":"https:\/\/theo.niranbio.com\/pt-br\/estearato-de-magnesio.html","name":"Fabricante de estearato de magn\u00e9sio, pre\u00e7o do p\u00f3 de estearato de magn\u00e9sio E470b | Niranbio Chemical","isPartOf":{"@id":"https:\/\/theo.niranbio.com\/pt-br\/#website"},"primaryImageOfPage":{"@id":"https:\/\/theo.niranbio.com\/pt-br\/estearato-de-magnesio.html#primaryimage"},"image":{"@id":"https:\/\/theo.niranbio.com\/pt-br\/estearato-de-magnesio.html#primaryimage"},"thumbnailUrl":"https:\/\/theo.niranbio.com\/wp-content\/uploads\/2024\/06\/Magnesium-stearate-food-grade.webp","datePublished":"2024-06-20T02:23:05+00:00","dateModified":"2024-08-13T08:23:24+00:00","description":"Compre estearato de magn\u00e9sio de qualidade alimentar da Niran, nosso estearato de magn\u00e9sio E470b \u00e9 um composto org\u00e2nico que aparece como um p\u00f3 fino branco e sem areia.","breadcrumb":{"@id":"https:\/\/theo.niranbio.com\/pt-br\/estearato-de-magnesio.html#breadcrumb"},"inLanguage":"pt-BR","potentialAction":[{"@type":"ReadAction","target":["https:\/\/theo.niranbio.com\/pt-br\/estearato-de-magnesio.html"]}]},{"@type":"ImageObject","inLanguage":"pt-BR","@id":"https:\/\/theo.niranbio.com\/pt-br\/estearato-de-magnesio.html#primaryimage","url":"https:\/\/theo.niranbio.com\/wp-content\/uploads\/2024\/06\/Magnesium-stearate-food-grade.webp","contentUrl":"https:\/\/theo.niranbio.com\/wp-content\/uploads\/2024\/06\/Magnesium-stearate-food-grade.webp","width":600,"height":600,"caption":"Estearato de magn\u00e9sio de qualidade alimentar"},{"@type":"BreadcrumbList","@id":"https:\/\/theo.niranbio.com\/pt-br\/estearato-de-magnesio.html#breadcrumb","itemListElement":[{"@type":"ListItem","position":1,"name":"Home","item":"https:\/\/theo.niranbio.com\/pt-br\/"},{"@type":"ListItem","position":2,"name":"Produtos","item":"https:\/\/theo.niranbio.com\/pt-br\/produtos.html"},{"@type":"ListItem","position":3,"name":"Espessantes","item":"https:\/\/theo.niranbio.com\/pt-br\/produto-espessantes\/"},{"@type":"ListItem","position":4,"name":"Estearato de magn\u00e9sio de qualidade alimentar"}]},{"@type":"WebSite","@id":"https:\/\/theo.niranbio.com\/pt-br\/#website","url":"https:\/\/theo.niranbio.com\/pt-br\/","name":"Niranbio Chemical","description":"","publisher":{"@id":"https:\/\/theo.niranbio.com\/pt-br\/#organization"},"potentialAction":[{"@type":"SearchAction","target":{"@type":"EntryPoint","urlTemplate":"https:\/\/theo.niranbio.com\/pt-br\/?s={search_term_string}"},"query-input":{"@type":"PropertyValueSpecification","valueRequired":true,"valueName":"search_term_string"}}],"inLanguage":"pt-BR"},{"@type":"Organization","@id":"https:\/\/theo.niranbio.com\/pt-br\/#organization","name":"Niranbio Chemical","url":"https:\/\/theo.niranbio.com\/pt-br\/","logo":{"@type":"ImageObject","inLanguage":"pt-BR","@id":"https:\/\/theo.niranbio.com\/pt-br\/#\/schema\/logo\/image\/","url":"https:\/\/theo.niranbio.com\/wp-content\/uploads\/2024\/06\/Niranbio.png","contentUrl":"https:\/\/theo.niranbio.com\/wp-content\/uploads\/2024\/06\/Niranbio.png","width":270,"height":100,"caption":"Niranbio Chemical"},"image":{"@id":"https:\/\/theo.niranbio.com\/pt-br\/#\/schema\/logo\/image\/"}}]}},"_links":{"self":[{"href":"https:\/\/theo.niranbio.com\/pt-br\/wp-json\/wp\/v2\/product\/8403","targetHints":{"allow":["GET"]}}],"collection":[{"href":"https:\/\/theo.niranbio.com\/pt-br\/wp-json\/wp\/v2\/product"}],"about":[{"href":"https:\/\/theo.niranbio.com\/pt-br\/wp-json\/wp\/v2\/types\/product"}],"version-history":[{"count":0,"href":"https:\/\/theo.niranbio.com\/pt-br\/wp-json\/wp\/v2\/product\/8403\/revisions"}],"wp:featuredmedia":[{"embeddable":true,"href":"https:\/\/theo.niranbio.com\/pt-br\/wp-json\/wp\/v2\/media\/7954"}],"wp:attachment":[{"href":"https:\/\/theo.niranbio.com\/pt-br\/wp-json\/wp\/v2\/media?parent=8403"}],"wp:term":[{"taxonomy":"product_brand","embeddable":true,"href":"https:\/\/theo.niranbio.com\/pt-br\/wp-json\/wp\/v2\/product_brand?post=8403"},{"taxonomy":"product_cat","embeddable":true,"href":"https:\/\/theo.niranbio.com\/pt-br\/wp-json\/wp\/v2\/product_cat?post=8403"},{"taxonomy":"product_tag","embeddable":true,"href":"https:\/\/theo.niranbio.com\/pt-br\/wp-json\/wp\/v2\/product_tag?post=8403"}],"curies":[{"name":"wp","href":"https:\/\/api.w.org\/{rel}","templated":true}]}}