{"id":8401,"date":"2024-06-20T09:34:49","date_gmt":"2024-06-20T01:34:49","guid":{"rendered":"https:\/\/theo.niranbio.com\/eritritol-de-grau-alimenticio\/"},"modified":"2024-08-16T15:44:23","modified_gmt":"2024-08-16T07:44:23","slug":"eritritol-de-grau-alimenticio","status":"publish","type":"product","link":"https:\/\/theo.niranbio.com\/pt-br\/eritritol-de-grau-alimenticio.html","title":{"rendered":"Eritritol-Grau aliment\u00edcio"},"content":{"rendered":"<h2><span class=\"ez-toc-section\" id=\"O_que_e_eritritol\"><\/span>O que \u00e9 eritritol?<span class=\"ez-toc-section-end\"><\/span><\/h2>\n<p>O eritritol \u00e9 um ado\u00e7ante de enchimento amplamente encontrado na natureza. Ele pode ser feito pela fermenta\u00e7\u00e3o da glicose para produzir p\u00f3 cristalino branco ou gr\u00e2nulos que s\u00e3o usados \u200b\u200bcomo ado\u00e7ante em uma variedade de alimentos. A fermenta\u00e7\u00e3o microbiana e a s\u00edntese qu\u00edmica s\u00e3o as duas principais formas de produ\u00e7\u00e3o do eritritol, mas a fermenta\u00e7\u00e3o \u00e9 o m\u00e9todo mais comum.<\/p>\n<p>Ele tem uma sensa\u00e7\u00e3o refrescante, um baixo valor cal\u00f3rico \u2014 aproximadamente um d\u00e9cimo do da sacarose \u2014 e \u00e9 levemente doce \u2014 uma do\u00e7ura relativa de 0,65. Normalmente, mat\u00e9rias-primas ricas em amido, como trigo ou milho, s\u00e3o degradadas por enzimas para produzir glicose e, ent\u00e3o, fermentadas por cepas de produ\u00e7\u00e3o, filtradas, separadas por cromatografia, purificadas, concentradas, cristalizadas, separadas e secas para finalmente produzir eritritol.<\/p>\n<h2><span class=\"ez-toc-section\" id=\"Parametros_relacionados\"><\/span>Par\u00e2metros relacionados:<span class=\"ez-toc-section-end\"><\/span><\/h2>\n<table>\n<tbody>\n<tr>\n<td><strong>Itens<\/strong><\/td>\n<td><strong>Padr\u00f5es<\/strong><\/td>\n<\/tr>\n<tr>\n<td>Ensaio (em base seca)<\/td>\n<td>99.5-100%-100.5%<\/td>\n<\/tr>\n<tr>\n<td>Valor do pH<\/td>\n<td>5.0~7.0<\/td>\n<\/tr>\n<tr>\n<td>Cinza<\/td>\n<td>0,1% M\u00e1ximo<\/td>\n<\/tr>\n<tr>\n<td>Perda na secagem<\/td>\n<td>0,2% M\u00e1ximo<\/td>\n<\/tr>\n<tr>\n<td>A\u00e7\u00facar redutor<\/td>\n<td>0,3% no m\u00e1ximo<\/td>\n<\/tr>\n<tr>\n<td>Ribitol e glicerol<\/td>\n<td>0,1% no m\u00e1ximo<\/td>\n<\/tr>\n<tr>\n<td>Faixa de fus\u00e3o<\/td>\n<td>119\u2103 a 123\u2103<\/td>\n<\/tr>\n<tr>\n<td>Chumbo (Pb)<\/td>\n<td>0,5 ppm M\u00e1ximo<\/td>\n<\/tr>\n<tr>\n<td>Metais pesados (Pb)<\/td>\n<td>1 ppm M\u00e1ximo<\/td>\n<\/tr>\n<tr>\n<td>Como<\/td>\n<td>0,3 ppm M\u00e1ximo<\/td>\n<\/tr>\n<tr>\n<td>Conte\u00fado de bact\u00e9rias<\/td>\n<td>300 cfu\/g M\u00e1x.<\/td>\n<\/tr>\n<tr>\n<td>Bolores e leveduras Coliformes m\u00e1ximos<\/td>\n<td>100 ufc\/g<\/td>\n<\/tr>\n<tr>\n<td>Dosagem m\u00e1xima recomendada<\/td>\n<td>0,3MPN\/g<\/td>\n<\/tr>\n<\/tbody>\n<\/table>\n<h2><span class=\"ez-toc-section\" id=\"Dosagem_recomendada\"><\/span>Dosagem recomendada<span class=\"ez-toc-section-end\"><\/span><\/h2>\n<table>\n<tbody>\n<tr>\n<td><strong>Nome do alimento<\/strong><\/td>\n<td><strong>Uso m\u00e1ximo (g\/kg)<\/strong><\/td>\n<\/tr>\n<tr>\n<td>Ind\u00fastria de bebidas<\/td>\n<td>2-5 g\/kg<\/td>\n<\/tr>\n<tr>\n<td>Ind\u00fastria de sucos<\/td>\n<td>3-7 g\/kg<\/td>\n<\/tr>\n<tr>\n<td>Ind\u00fastria de \u00f3leo comest\u00edvel<\/td>\n<td>4-8 g\/kg<\/td>\n<\/tr>\n<tr>\n<td>Ind\u00fastria de picles<\/td>\n<td>5-10 g\/kg<\/td>\n<\/tr>\n<tr>\n<td>Ind\u00fastria de processamento de peixes<\/td>\n<td>4-8 g\/kg<\/td>\n<\/tr>\n<tr>\n<td>Ind\u00fastria de processamento de carnes<\/td>\n<td>5-10 g\/kg<\/td>\n<\/tr>\n<tr>\n<td>Ind\u00fastria de confeitaria<\/td>\n<td>3-7 g\/kg<\/td>\n<\/tr>\n<tr>\n<td>Ind\u00fastria de panifica\u00e7\u00e3o<\/td>\n<td>4-8 g\/kg<\/td>\n<\/tr>\n<tr>\n<td>Ind\u00fastria de temperos<\/td>\n<td>4-8 g\/kg<\/td>\n<\/tr>\n<tr>\n<td>Ind\u00fastria de amido e seus produtos<\/td>\n<td>4-8 g\/kg<\/td>\n<\/tr>\n<tr>\n<td>Ind\u00fastria de alimentos inchados<\/td>\n<td>4-8 g\/kg<\/td>\n<\/tr>\n<\/tbody>\n<\/table>\n<h2><span class=\"ez-toc-section\" id=\"O_eritritol_tem_uma_ampla_gama_de_usos\"><\/span>O eritritol tem uma ampla gama de usos<span class=\"ez-toc-section-end\"><\/span><\/h2>\n<ol>\n<li>O eritritol tem calorias extremamente baixas e \u00e9 adequado para produtos que exigem do\u00e7ura de baixa caloria, como lanches saud\u00e1veis \u200b\u200be alimentos diet\u00e9ticos.<\/li>\n<li>Pode real\u00e7ar o sabor dos produtos e dar aos alimentos um sabor e solubilidade semelhantes \u00e0 sacarose, especialmente em doces, sorvetes e sobremesas.<\/li>\n<li>O eritritol \u00e9 relativamente est\u00e1vel em condi\u00e7\u00f5es de alta temperatura e \u00e9 adequado para alimentos que exigem processamento ou cozimento em alta temperatura, como produtos assados \u200b\u200be enlatados.<\/li>\n<li>O eritritol n\u00e3o \u00e9 facilmente metabolizado por bact\u00e9rias orais e n\u00e3o causa eros\u00e3o \u00e1cida nos dentes. \u00c9 um ado\u00e7ante amigo dos dentes.<\/li>\n<li>O eritritol tem um baixo \u00edndice glic\u00eamico e \u00e9 amigo dos diab\u00e9ticos e pode ser usado como um substituto do a\u00e7\u00facar.<\/li>\n<\/ol>\n<h2><span class=\"ez-toc-section\" id=\"O_usuario_fez_a_seguinte_pergunta\"><\/span>O usu\u00e1rio fez a seguinte pergunta:<span class=\"ez-toc-section-end\"><\/span><\/h2>\n<p>Pergunta: Qual \u00e9 mais aceit\u00e1vel para o corpo humano, est\u00e9via ou eritritol?<\/p>\n<p>Resposta: A est\u00e9via \u00e9 considerada mais pr\u00f3xima da do\u00e7ura natural devido \u00e0 sua origem natural e zero calorias, e \u00e9 adequada para consumidores com uma forte consci\u00eancia de sa\u00fade. No entanto, algumas pessoas podem n\u00e3o estar acostumadas com seu sabor ligeiramente amargo. O eritritol tem um sabor mais pr\u00f3ximo da sacarose e n\u00e3o tem gosto residual \u00f3bvio, que \u00e9 mais pr\u00f3ximo do sabor do a\u00e7\u00facar tradicional e \u00e9 mais aceit\u00e1vel para a maioria das pessoas. Ele tamb\u00e9m n\u00e3o tem efeitos adversos na sa\u00fade bucal ou no a\u00e7\u00facar no sangue.<\/p>\n<p>Pergunta: Existe alguma diferen\u00e7a entre aspartame e eritritol?<\/p>\n<p>Resposta: Embora eritritol e aspartame sejam ambos ado\u00e7antes, suas propriedades qu\u00edmicas e caracter\u00edsticas de uso s\u00e3o diferentes. O eritritol \u00e9 mais semelhante \u00e0 estrutura do a\u00e7\u00facar, enquanto o aspartame \u00e9 semelhante aos amino\u00e1cidos. O eritritol \u00e9 um ado\u00e7ante de volume e um \u00e1lcool de a\u00e7\u00facar de quatro carbonos que pode ser amplamente utilizado em alimentos e bebidas. O eritritol tem um sabor doce e n\u00e3o \u00e9 digerido e absorvido.<\/p>\n<p>Comparado com outros \u00e1lcoois de a\u00e7\u00facar, o eritritol tem pouco efeito sobre os n\u00edveis de a\u00e7\u00facar no sangue e insulina e n\u00e3o \u00e9 propenso a desconforto gastrointestinal. Adicionado a bebidas, medicamentos ou goma de mascar sem a\u00e7\u00facar como um substituto do a\u00e7\u00facar, o aspartame \u00e9 um oligossacar\u00eddeo funcional natural, rico em a\u00e7\u00facar e de baixa caloria.<\/p>\n","protected":false},"excerpt":{"rendered":"<ul>\n<li>CAS: 149-32-6<\/li>\n<li>F\u00f3rmula qu\u00edmica:C<sub>4<\/sub>H<sub>10<\/sub>O<sub>4<\/sub><\/li>\n<li>Certifica\u00e7\u00f5es: KOSHER, ISO, HALAL, FSSC22000, BRC, etc.<\/li>\n<li>Padr\u00e3o: USP<\/li>\n<li>Quantidade m\u00ednima do pedido: 1000KG<\/li>\n<li>Vida \u00fatil: 3 anos<\/li>\n<\/ul>\n","protected":false},"featured_media":8402,"template":"","meta":{"site-sidebar-layout":"default","site-content-layout":"","ast-site-content-layout":"default","site-content-style":"default","site-sidebar-style":"default","ast-global-header-display":"","ast-banner-title-visibility":"","ast-main-header-display":"","ast-hfb-above-header-display":"","ast-hfb-below-header-display":"","ast-hfb-mobile-header-display":"","site-post-title":"","ast-breadcrumbs-content":"","ast-featured-img":"","footer-sml-layout":"","theme-transparent-header-meta":"default","adv-header-id-meta":"","stick-header-meta":"","header-above-stick-meta":"","header-main-stick-meta":"","header-below-stick-meta":"","astra-migrate-meta-layouts":"set","ast-page-background-enabled":"default","ast-page-background-meta":{"desktop":{"background-color":"var(--ast-global-color-4)","background-image":"","background-repeat":"repeat","background-position":"center center","background-size":"auto","background-attachment":"scroll","background-type":"","background-media":"","overlay-type":"","overlay-color":"","overlay-opacity":"","overlay-gradient":""},"tablet":{"background-color":"","background-image":"","background-repeat":"repeat","background-position":"center center","background-size":"auto","background-attachment":"scroll","background-type":"","background-media":"","overlay-type":"","overlay-color":"","overlay-opacity":"","overlay-gradient":""},"mobile":{"background-color":"","background-image":"","background-repeat":"repeat","background-position":"center center","background-size":"auto","background-attachment":"scroll","background-type":"","background-media":"","overlay-type":"","overlay-color":"","overlay-opacity":"","overlay-gradient":""}},"ast-content-background-meta":{"desktop":{"background-color":"var(--ast-global-color-5)","background-image":"","background-repeat":"repeat","background-position":"center center","background-size":"auto","background-attachment":"scroll","background-type":"","background-media":"","overlay-type":"","overlay-color":"","overlay-opacity":"","overlay-gradient":""},"tablet":{"background-color":"var(--ast-global-color-5)","background-image":"","background-repeat":"repeat","background-position":"center center","background-size":"auto","background-attachment":"scroll","background-type":"","background-media":"","overlay-type":"","overlay-color":"","overlay-opacity":"","overlay-gradient":""},"mobile":{"background-color":"var(--ast-global-color-5)","background-image":"","background-repeat":"repeat","background-position":"center center","background-size":"auto","background-attachment":"scroll","background-type":"","background-media":"","overlay-type":"","overlay-color":"","overlay-opacity":"","overlay-gradient":""}}},"product_brand":[],"product_cat":[77],"product_tag":[],"class_list":{"0":"post-8401","1":"product","2":"type-product","3":"status-publish","4":"has-post-thumbnail","6":"product_cat-produto-adocante","7":"desktop-align-center","8":"tablet-align-left","9":"mobile-align-left","11":"first","12":"instock","13":"shipping-taxable","14":"product-type-simple"},"yoast_head":"<!-- This site is optimized with the Yoast SEO plugin v26.5 - https:\/\/yoast.com\/wordpress\/plugins\/seo\/ -->\n<title>Fornecedor De P\u00f3 De Eritritol Org\u00e2nico A Granel, E968 Comprar Pre\u00e7o | Niranbio Chemical<\/title>\n<meta name=\"description\" content=\"Oferecemos eritritol de grau aliment\u00edcio, um ado\u00e7ante natural de zero caloria com alta toler\u00e2ncia digestiva, solubilidade e estabilidade t\u00e9rmica, ideal para produtos sem a\u00e7\u00facar.\" \/>\n<meta name=\"robots\" content=\"noindex, follow, max-snippet:-1, max-image-preview:large, max-video-preview:-1\" \/>\n<meta name=\"twitter:label1\" content=\"Est. tempo de leitura\" \/>\n\t<meta name=\"twitter:data1\" content=\"3 minutos\" \/>\n<script type=\"application\/ld+json\" class=\"yoast-schema-graph\">{\"@context\":\"https:\/\/schema.org\",\"@graph\":[{\"@type\":\"WebPage\",\"@id\":\"https:\/\/theo.niranbio.com\/pt-br\/eritritol-de-grau-alimenticio.html\",\"url\":\"https:\/\/theo.niranbio.com\/pt-br\/eritritol-de-grau-alimenticio.html\",\"name\":\"Fornecedor De P\u00f3 De Eritritol Org\u00e2nico A Granel, E968 Comprar Pre\u00e7o | Niranbio Chemical\",\"isPartOf\":{\"@id\":\"https:\/\/theo.niranbio.com\/pt-br\/#website\"},\"primaryImageOfPage\":{\"@id\":\"https:\/\/theo.niranbio.com\/pt-br\/eritritol-de-grau-alimenticio.html#primaryimage\"},\"image\":{\"@id\":\"https:\/\/theo.niranbio.com\/pt-br\/eritritol-de-grau-alimenticio.html#primaryimage\"},\"thumbnailUrl\":\"https:\/\/theo.niranbio.com\/wp-content\/uploads\/2024\/06\/Erythritol.webp\",\"datePublished\":\"2024-06-20T01:34:49+00:00\",\"dateModified\":\"2024-08-16T07:44:23+00:00\",\"description\":\"Oferecemos eritritol de grau aliment\u00edcio, um ado\u00e7ante natural de zero caloria com alta toler\u00e2ncia digestiva, solubilidade e estabilidade t\u00e9rmica, ideal para produtos sem a\u00e7\u00facar.\",\"breadcrumb\":{\"@id\":\"https:\/\/theo.niranbio.com\/pt-br\/eritritol-de-grau-alimenticio.html#breadcrumb\"},\"inLanguage\":\"pt-BR\",\"potentialAction\":[{\"@type\":\"ReadAction\",\"target\":[\"https:\/\/theo.niranbio.com\/pt-br\/eritritol-de-grau-alimenticio.html\"]}]},{\"@type\":\"ImageObject\",\"inLanguage\":\"pt-BR\",\"@id\":\"https:\/\/theo.niranbio.com\/pt-br\/eritritol-de-grau-alimenticio.html#primaryimage\",\"url\":\"https:\/\/theo.niranbio.com\/wp-content\/uploads\/2024\/06\/Erythritol.webp\",\"contentUrl\":\"https:\/\/theo.niranbio.com\/wp-content\/uploads\/2024\/06\/Erythritol.webp\",\"width\":600,\"height\":600,\"caption\":\"Eritritol\"},{\"@type\":\"BreadcrumbList\",\"@id\":\"https:\/\/theo.niranbio.com\/pt-br\/eritritol-de-grau-alimenticio.html#breadcrumb\",\"itemListElement\":[{\"@type\":\"ListItem\",\"position\":1,\"name\":\"Home\",\"item\":\"https:\/\/theo.niranbio.com\/pt-br\/\"},{\"@type\":\"ListItem\",\"position\":2,\"name\":\"Produtos\",\"item\":\"https:\/\/theo.niranbio.com\/pt-br\/produtos.html\"},{\"@type\":\"ListItem\",\"position\":3,\"name\":\"Ado\u00e7antes\",\"item\":\"https:\/\/theo.niranbio.com\/pt-br\/produto-adocante\/\"},{\"@type\":\"ListItem\",\"position\":4,\"name\":\"Eritritol-Grau aliment\u00edcio\"}]},{\"@type\":\"WebSite\",\"@id\":\"https:\/\/theo.niranbio.com\/pt-br\/#website\",\"url\":\"https:\/\/theo.niranbio.com\/pt-br\/\",\"name\":\"Niranbio Chemical\",\"description\":\"\",\"publisher\":{\"@id\":\"https:\/\/theo.niranbio.com\/pt-br\/#organization\"},\"potentialAction\":[{\"@type\":\"SearchAction\",\"target\":{\"@type\":\"EntryPoint\",\"urlTemplate\":\"https:\/\/theo.niranbio.com\/pt-br\/?s={search_term_string}\"},\"query-input\":{\"@type\":\"PropertyValueSpecification\",\"valueRequired\":true,\"valueName\":\"search_term_string\"}}],\"inLanguage\":\"pt-BR\"},{\"@type\":\"Organization\",\"@id\":\"https:\/\/theo.niranbio.com\/pt-br\/#organization\",\"name\":\"Niranbio Chemical\",\"url\":\"https:\/\/theo.niranbio.com\/pt-br\/\",\"logo\":{\"@type\":\"ImageObject\",\"inLanguage\":\"pt-BR\",\"@id\":\"https:\/\/theo.niranbio.com\/pt-br\/#\/schema\/logo\/image\/\",\"url\":\"https:\/\/theo.niranbio.com\/wp-content\/uploads\/2024\/06\/Niranbio.png\",\"contentUrl\":\"https:\/\/theo.niranbio.com\/wp-content\/uploads\/2024\/06\/Niranbio.png\",\"width\":270,\"height\":100,\"caption\":\"Niranbio Chemical\"},\"image\":{\"@id\":\"https:\/\/theo.niranbio.com\/pt-br\/#\/schema\/logo\/image\/\"}}]}<\/script>\n<!-- \/ Yoast SEO plugin. -->","yoast_head_json":{"title":"Fornecedor De P\u00f3 De Eritritol Org\u00e2nico A Granel, E968 Comprar Pre\u00e7o | Niranbio Chemical","description":"Oferecemos eritritol de grau aliment\u00edcio, um ado\u00e7ante natural de zero caloria com alta toler\u00e2ncia digestiva, solubilidade e estabilidade t\u00e9rmica, ideal para produtos sem a\u00e7\u00facar.","robots":{"index":"noindex","follow":"follow","max-snippet":"max-snippet:-1","max-image-preview":"max-image-preview:large","max-video-preview":"max-video-preview:-1"},"twitter_misc":{"Est. tempo de leitura":"3 minutos"},"schema":{"@context":"https:\/\/schema.org","@graph":[{"@type":"WebPage","@id":"https:\/\/theo.niranbio.com\/pt-br\/eritritol-de-grau-alimenticio.html","url":"https:\/\/theo.niranbio.com\/pt-br\/eritritol-de-grau-alimenticio.html","name":"Fornecedor De P\u00f3 De Eritritol Org\u00e2nico A Granel, E968 Comprar Pre\u00e7o | Niranbio Chemical","isPartOf":{"@id":"https:\/\/theo.niranbio.com\/pt-br\/#website"},"primaryImageOfPage":{"@id":"https:\/\/theo.niranbio.com\/pt-br\/eritritol-de-grau-alimenticio.html#primaryimage"},"image":{"@id":"https:\/\/theo.niranbio.com\/pt-br\/eritritol-de-grau-alimenticio.html#primaryimage"},"thumbnailUrl":"https:\/\/theo.niranbio.com\/wp-content\/uploads\/2024\/06\/Erythritol.webp","datePublished":"2024-06-20T01:34:49+00:00","dateModified":"2024-08-16T07:44:23+00:00","description":"Oferecemos eritritol de grau aliment\u00edcio, um ado\u00e7ante natural de zero caloria com alta toler\u00e2ncia digestiva, solubilidade e estabilidade t\u00e9rmica, ideal para produtos sem a\u00e7\u00facar.","breadcrumb":{"@id":"https:\/\/theo.niranbio.com\/pt-br\/eritritol-de-grau-alimenticio.html#breadcrumb"},"inLanguage":"pt-BR","potentialAction":[{"@type":"ReadAction","target":["https:\/\/theo.niranbio.com\/pt-br\/eritritol-de-grau-alimenticio.html"]}]},{"@type":"ImageObject","inLanguage":"pt-BR","@id":"https:\/\/theo.niranbio.com\/pt-br\/eritritol-de-grau-alimenticio.html#primaryimage","url":"https:\/\/theo.niranbio.com\/wp-content\/uploads\/2024\/06\/Erythritol.webp","contentUrl":"https:\/\/theo.niranbio.com\/wp-content\/uploads\/2024\/06\/Erythritol.webp","width":600,"height":600,"caption":"Eritritol"},{"@type":"BreadcrumbList","@id":"https:\/\/theo.niranbio.com\/pt-br\/eritritol-de-grau-alimenticio.html#breadcrumb","itemListElement":[{"@type":"ListItem","position":1,"name":"Home","item":"https:\/\/theo.niranbio.com\/pt-br\/"},{"@type":"ListItem","position":2,"name":"Produtos","item":"https:\/\/theo.niranbio.com\/pt-br\/produtos.html"},{"@type":"ListItem","position":3,"name":"Ado\u00e7antes","item":"https:\/\/theo.niranbio.com\/pt-br\/produto-adocante\/"},{"@type":"ListItem","position":4,"name":"Eritritol-Grau aliment\u00edcio"}]},{"@type":"WebSite","@id":"https:\/\/theo.niranbio.com\/pt-br\/#website","url":"https:\/\/theo.niranbio.com\/pt-br\/","name":"Niranbio Chemical","description":"","publisher":{"@id":"https:\/\/theo.niranbio.com\/pt-br\/#organization"},"potentialAction":[{"@type":"SearchAction","target":{"@type":"EntryPoint","urlTemplate":"https:\/\/theo.niranbio.com\/pt-br\/?s={search_term_string}"},"query-input":{"@type":"PropertyValueSpecification","valueRequired":true,"valueName":"search_term_string"}}],"inLanguage":"pt-BR"},{"@type":"Organization","@id":"https:\/\/theo.niranbio.com\/pt-br\/#organization","name":"Niranbio Chemical","url":"https:\/\/theo.niranbio.com\/pt-br\/","logo":{"@type":"ImageObject","inLanguage":"pt-BR","@id":"https:\/\/theo.niranbio.com\/pt-br\/#\/schema\/logo\/image\/","url":"https:\/\/theo.niranbio.com\/wp-content\/uploads\/2024\/06\/Niranbio.png","contentUrl":"https:\/\/theo.niranbio.com\/wp-content\/uploads\/2024\/06\/Niranbio.png","width":270,"height":100,"caption":"Niranbio Chemical"},"image":{"@id":"https:\/\/theo.niranbio.com\/pt-br\/#\/schema\/logo\/image\/"}}]}},"_links":{"self":[{"href":"https:\/\/theo.niranbio.com\/pt-br\/wp-json\/wp\/v2\/product\/8401","targetHints":{"allow":["GET"]}}],"collection":[{"href":"https:\/\/theo.niranbio.com\/pt-br\/wp-json\/wp\/v2\/product"}],"about":[{"href":"https:\/\/theo.niranbio.com\/pt-br\/wp-json\/wp\/v2\/types\/product"}],"version-history":[{"count":0,"href":"https:\/\/theo.niranbio.com\/pt-br\/wp-json\/wp\/v2\/product\/8401\/revisions"}],"wp:featuredmedia":[{"embeddable":true,"href":"https:\/\/theo.niranbio.com\/pt-br\/wp-json\/wp\/v2\/media\/8402"}],"wp:attachment":[{"href":"https:\/\/theo.niranbio.com\/pt-br\/wp-json\/wp\/v2\/media?parent=8401"}],"wp:term":[{"taxonomy":"product_brand","embeddable":true,"href":"https:\/\/theo.niranbio.com\/pt-br\/wp-json\/wp\/v2\/product_brand?post=8401"},{"taxonomy":"product_cat","embeddable":true,"href":"https:\/\/theo.niranbio.com\/pt-br\/wp-json\/wp\/v2\/product_cat?post=8401"},{"taxonomy":"product_tag","embeddable":true,"href":"https:\/\/theo.niranbio.com\/pt-br\/wp-json\/wp\/v2\/product_tag?post=8401"}],"curies":[{"name":"wp","href":"https:\/\/api.w.org\/{rel}","templated":true}]}}