{"id":8398,"date":"2024-06-20T10:23:59","date_gmt":"2024-06-20T02:23:59","guid":{"rendered":"https:\/\/theo.niranbio.com\/goma-konjac\/"},"modified":"2024-08-13T16:22:37","modified_gmt":"2024-08-13T08:22:37","slug":"goma-konjac","status":"publish","type":"product","link":"https:\/\/theo.niranbio.com\/pt-br\/goma-konjac.html","title":{"rendered":"Goma konjac"},"content":{"rendered":"<h2><span class=\"ez-toc-section\" id=\"O_que_e_goma_konjac\"><\/span>O que \u00e9 goma konjac?<span class=\"ez-toc-section-end\"><\/span><\/h2>\n<p>A goma konjac \u00e9 um polissacar\u00eddeo vegetal neutro e altamente sol\u00favel com uma apar\u00eancia de p\u00f3 branco ou creme a marrom claro. \u00c9 basicamente inodoro e ins\u00edpido. \u00c9 um alimento de baixa caloria, baixa prote\u00edna e alto teor de fibras alimentares que desempenha um papel importante n\u00e3o apenas na ind\u00fastria aliment\u00edcia, mas tamb\u00e9m na agricultura, medicina e outras ind\u00fastrias. O processo de prepara\u00e7\u00e3o da goma konjac inclui selecionar a raiz konjac, lav\u00e1-la e descasc\u00e1-la, cort\u00e1-la e tritur\u00e1-la, extrair a solu\u00e7\u00e3o de fibra alimentar e filtr\u00e1-la e purific\u00e1-la e, finalmente, concentr\u00e1-la e sec\u00e1-la em um p\u00f3 ou produto em bloco. Este processo garante que a goma konjac mantenha seu alto teor de fibras e qualidade est\u00e1vel, tornando-a adequada para uso como aditivo alimentar.<\/p>\n<h2><span class=\"ez-toc-section\" id=\"Parametros_relacionados\"><\/span>Par\u00e2metros relacionados:<span class=\"ez-toc-section-end\"><\/span><\/h2>\n<table>\n<tbody>\n<tr>\n<td><strong>ITENS<\/strong><\/td>\n<td><strong>ESPECIFICA\u00c7\u00c3O<\/strong><\/td>\n<\/tr>\n<tr>\n<td colspan=\"2\">Qualidade anal\u00edtica:<\/td>\n<\/tr>\n<tr>\n<td>Umidade<\/td>\n<td>\u2264 12 %<\/td>\n<\/tr>\n<tr>\n<td>Viscosidade (solu\u00e7\u00e3o aq. a 1%, 60 \u00b0C)<\/td>\n<td>\u2265 32.000 mPa.s<\/td>\n<\/tr>\n<tr>\n<td>pH (solu\u00e7\u00e3o a 1%)<\/td>\n<td>4 &#8211; 7<\/td>\n<\/tr>\n<tr>\n<td>Teor de cinzas<\/td>\n<td>\u2264 3 %<\/td>\n<\/tr>\n<tr>\n<td>Amido<\/td>\n<td>\u2264 3 %<\/td>\n<\/tr>\n<tr>\n<td>Prote\u00ednas<\/td>\n<td>\u2264 3 %<\/td>\n<\/tr>\n<tr>\n<td>Mat\u00e9rias sol\u00faveis em \u00e9ter<\/td>\n<td>\u2264 0.1 %<\/td>\n<\/tr>\n<tr>\n<td>Sulfito (SO2)<\/td>\n<td>\u2264 10 ppm*<\/td>\n<\/tr>\n<tr>\n<td>Glucomanano de konjac<\/td>\n<td>\u2265 95 %<\/td>\n<\/tr>\n<tr>\n<td colspan=\"2\">Microbiologia:<\/td>\n<\/tr>\n<tr>\n<td>Contagem total de placas<\/td>\n<td>&lt; 100 ufc\/g<\/td>\n<\/tr>\n<tr>\n<td>Leveduras e bolores<\/td>\n<td>&lt; 100 ufc\/g<\/td>\n<\/tr>\n<tr>\n<td>Clostridia<\/td>\n<td>ausente em 1g<\/td>\n<\/tr>\n<tr>\n<td>E. Coli<\/td>\n<td>ausente em 5g<\/td>\n<\/tr>\n<tr>\n<td>Enterobacteriacae<\/td>\n<td>ausente em 10g<\/td>\n<\/tr>\n<tr>\n<td>Salmonela<\/td>\n<td>ausente em 10g<\/td>\n<\/tr>\n<tr>\n<td>S. aureus<\/td>\n<td>aus\u00eancia<\/td>\n<\/tr>\n<tr>\n<td colspan=\"2\">Contaminantes:<\/td>\n<\/tr>\n<tr>\n<td>Aflatoxina B1<\/td>\n<td>0,3 ppb<\/td>\n<\/tr>\n<tr>\n<td>Aflatoxina B2<\/td>\n<td>0,2 ppb<\/td>\n<\/tr>\n<tr>\n<td>Aflatoxina G1<\/td>\n<td>0,3 ppb<\/td>\n<\/tr>\n<tr>\n<td>Aflatoxina G2<\/td>\n<td>0,2 ppb<\/td>\n<\/tr>\n<tr>\n<td colspan=\"2\">Metais pesados\uff1a<\/td>\n<\/tr>\n<tr>\n<td>Chumbo<\/td>\n<td>\u2264 2 ppm<\/td>\n<\/tr>\n<tr>\n<td>C\u00e1dmio<\/td>\n<td>\u2264 1 ppm<\/td>\n<\/tr>\n<tr>\n<td>Merc\u00fario<\/td>\n<td>\u2264 0,1 ppm<\/td>\n<\/tr>\n<tr>\n<td>Ars\u00eanico<\/td>\n<td>\u2264 2 ppm<\/td>\n<\/tr>\n<\/tbody>\n<\/table>\n<h2><span class=\"ez-toc-section\" id=\"Dosagem_recomendada\"><\/span>Dosagem recomendada:<span class=\"ez-toc-section-end\"><\/span><\/h2>\n<table>\n<tbody>\n<tr>\n<td><strong>Nome do alimento<\/strong><\/td>\n<td><strong>Uso m\u00e1ximo (g\/kg)<\/strong><\/td>\n<\/tr>\n<tr>\n<td>Iogurte e produtos l\u00e1cteos<\/td>\n<td>3-5 g\/kg<\/td>\n<\/tr>\n<tr>\n<td>Sorvete e sorvete<\/td>\n<td>5-8 g\/kg<\/td>\n<\/tr>\n<tr>\n<td>Molhos e condimentos<\/td>\n<td>3-6 g\/kg<\/td>\n<\/tr>\n<tr>\n<td>Biscoitos e bolos<\/td>\n<td>5-10 g\/kg<\/td>\n<\/tr>\n<tr>\n<td>Produtos c\u00e1rneos temperados<\/td>\n<td>5-8 g\/kg<\/td>\n<\/tr>\n<tr>\n<td>Bebidas e sucos<\/td>\n<td>3-5 g\/kg<\/td>\n<\/tr>\n<tr>\n<td>Alimentos enlatados<\/td>\n<td>3-6 g\/kg<\/td>\n<\/tr>\n<tr>\n<td>Biscoitos e salgadinhos crocantes<\/td>\n<td>5-8 g\/kg<\/td>\n<\/tr>\n<tr>\n<td>Macarr\u00e3o instant\u00e2neo e macarr\u00e3o instant\u00e2neo<\/td>\n<td>3-6 g\/kg<\/td>\n<\/tr>\n<tr>\n<td>Molho de salada temperado<\/td>\n<td>3-6 g\/kg<\/td>\n<\/tr>\n<tr>\n<td>Produtos de queijo<\/td>\n<td>3-5 g\/kg<\/td>\n<\/tr>\n<tr>\n<td>Alimentos refogados e produtos \u00e0 base de carne<\/td>\n<td>5-8 g\/kg<\/td>\n<\/tr>\n<tr>\n<td>Bebidas com \u00e1cido l\u00e1ctico e bebidas com enzimas<\/td>\n<td>3-5 g\/kg<\/td>\n<\/tr>\n<\/tbody>\n<\/table>\n<h2><span class=\"ez-toc-section\" id=\"A_goma_konjac_tem_uma_ampla_gama_de_usos\"><\/span>A goma konjac tem uma ampla gama de usos<span class=\"ez-toc-section-end\"><\/span><\/h2>\n<p>1. Espessante e gelificante: a goma konjac tem boa capacidade de espessamento e forma\u00e7\u00e3o de gel, por isso \u00e9 frequentemente usada para fazer produtos de gel e semi-gel em v\u00e1rios alimentos, como geleia, pudim, bebidas solidificadas, etc.<\/p>\n<p>2. Estabilizador emulsificante: a goma konjac pode efetivamente aumentar a estabilidade da emulsifica\u00e7\u00e3o em alimentos, especialmente para melhorar a estabilidade de produtos emulsionados, como creme, molho para salada, molho, etc.<\/p>\n<p>3. Melhora o sabor e a textura: adicionar goma konjac a sorvetes, iogurtes, sucos, etc. pode melhorar o sabor, aumentar a sensa\u00e7\u00e3o oral e a textura do sabor dos alimentos.<\/p>\n<p>4. Suplemento de fibra alimentar: como uma fibra alimentar natural sol\u00favel em \u00e1gua, a goma konjac pode aumentar o teor de fibras dos alimentos, ajudar a promover a sa\u00fade digestiva e regular os n\u00edveis de a\u00e7\u00facar no sangue.<\/p>\n<p>5. Substitui\u00e7\u00e3o de produtos de baixa caloria e baixo teor de gordura: Em produtos aliment\u00edcios de baixa caloria e baixo teor de gordura, a goma konjac pode ser usada como um ingrediente alternativo para ajudar a manter o sabor e a textura dos alimentos.<\/p>\n<p>6. Umectante e conservante: A goma konjac tem boa reten\u00e7\u00e3o de \u00e1gua e propriedades conservantes, e pode ser usada para manter a umidade dos alimentos e estender sua vida \u00fatil.<\/p>\n<h2><span class=\"ez-toc-section\" id=\"O_usuario_fez_a_seguinte_pergunta\"><\/span>O usu\u00e1rio fez a seguinte pergunta:<span class=\"ez-toc-section-end\"><\/span><\/h2>\n<p>Pergunta: A goma xantana e a goma konjac s\u00e3o fundamentalmente diferentes uma da outra?<\/p>\n<p>Resposta: A goma konjac e a goma xantana diferem significativamente em suas propriedades essenciais. A goma konjac \u00e9 um glucano extra\u00eddo da raiz da planta konjac, que \u00e9 usada principalmente na ind\u00fastria aliment\u00edcia e em produtos de sa\u00fade para aumentar a saciedade e melhorar a digest\u00e3o.<\/p>\n<p>A goma xantana \u00e9 um polissacar\u00eddeo produzido pela fermenta\u00e7\u00e3o de fungos xantofilas, que tem excelente espessamento, emulsifica\u00e7\u00e3o e estabilidade, e \u00e9 amplamente usada em alimentos, medicamentos e cosm\u00e9ticos para melhorar a textura e a estabilidade do produto.<\/p>\n","protected":false},"excerpt":{"rendered":"<ul>\n<li>CAS: 37220-17-0<\/li>\n<li>F\u00f3rmula qu\u00edmica: C<sub>6<\/sub>H<sub>10<\/sub>O<sub>5<\/sub><\/li>\n<li>Certifica\u00e7\u00f5es: KOSHER, ISO, HALAL, FSSC22000, BRC, etc.<\/li>\n<li>Padr\u00e3o:<\/li>\n<li>Quantidade m\u00ednima do pedido: 1000KG<\/li>\n<li>Prazo de validade: 2 anos<\/li>\n<\/ul>\n","protected":false},"featured_media":7961,"template":"","meta":{"site-sidebar-layout":"default","site-content-layout":"","ast-site-content-layout":"default","site-content-style":"default","site-sidebar-style":"default","ast-global-header-display":"","ast-banner-title-visibility":"","ast-main-header-display":"","ast-hfb-above-header-display":"","ast-hfb-below-header-display":"","ast-hfb-mobile-header-display":"","site-post-title":"","ast-breadcrumbs-content":"","ast-featured-img":"","footer-sml-layout":"","theme-transparent-header-meta":"default","adv-header-id-meta":"","stick-header-meta":"","header-above-stick-meta":"","header-main-stick-meta":"","header-below-stick-meta":"","astra-migrate-meta-layouts":"set","ast-page-background-enabled":"default","ast-page-background-meta":{"desktop":{"background-color":"var(--ast-global-color-4)","background-image":"","background-repeat":"repeat","background-position":"center center","background-size":"auto","background-attachment":"scroll","background-type":"","background-media":"","overlay-type":"","overlay-color":"","overlay-opacity":"","overlay-gradient":""},"tablet":{"background-color":"","background-image":"","background-repeat":"repeat","background-position":"center center","background-size":"auto","background-attachment":"scroll","background-type":"","background-media":"","overlay-type":"","overlay-color":"","overlay-opacity":"","overlay-gradient":""},"mobile":{"background-color":"","background-image":"","background-repeat":"repeat","background-position":"center center","background-size":"auto","background-attachment":"scroll","background-type":"","background-media":"","overlay-type":"","overlay-color":"","overlay-opacity":"","overlay-gradient":""}},"ast-content-background-meta":{"desktop":{"background-color":"var(--ast-global-color-5)","background-image":"","background-repeat":"repeat","background-position":"center center","background-size":"auto","background-attachment":"scroll","background-type":"","background-media":"","overlay-type":"","overlay-color":"","overlay-opacity":"","overlay-gradient":""},"tablet":{"background-color":"var(--ast-global-color-5)","background-image":"","background-repeat":"repeat","background-position":"center center","background-size":"auto","background-attachment":"scroll","background-type":"","background-media":"","overlay-type":"","overlay-color":"","overlay-opacity":"","overlay-gradient":""},"mobile":{"background-color":"var(--ast-global-color-5)","background-image":"","background-repeat":"repeat","background-position":"center center","background-size":"auto","background-attachment":"scroll","background-type":"","background-media":"","overlay-type":"","overlay-color":"","overlay-opacity":"","overlay-gradient":""}}},"product_brand":[],"product_cat":[79],"product_tag":[],"class_list":{"0":"post-8398","1":"product","2":"type-product","3":"status-publish","4":"has-post-thumbnail","6":"product_cat-produto-espessantes","7":"desktop-align-center","8":"tablet-align-left","9":"mobile-align-left","11":"first","12":"instock","13":"shipping-taxable","14":"product-type-simple"},"yoast_head":"<!-- This site is optimized with the Yoast SEO plugin v26.5 - https:\/\/yoast.com\/wordpress\/plugins\/seo\/ -->\n<title>Fabricante de goma konjac China, pre\u00e7o do p\u00f3 de goma konjac E425 | Niranbio Chemical<\/title>\n<meta name=\"description\" content=\"Nossa goma konjac E425 tem uma apar\u00eancia de p\u00f3 branco ou creme a marrom claro. Ela desempenha um papel importante nas ind\u00fastrias aliment\u00edcia, agr\u00edcola, m\u00e9dica e outras.\" \/>\n<meta name=\"robots\" content=\"noindex, follow, max-snippet:-1, max-image-preview:large, max-video-preview:-1\" \/>\n<meta name=\"twitter:label1\" content=\"Est. tempo de leitura\" \/>\n\t<meta name=\"twitter:data1\" content=\"4 minutos\" \/>\n<script type=\"application\/ld+json\" class=\"yoast-schema-graph\">{\"@context\":\"https:\/\/schema.org\",\"@graph\":[{\"@type\":\"WebPage\",\"@id\":\"https:\/\/theo.niranbio.com\/pt-br\/goma-konjac.html\",\"url\":\"https:\/\/theo.niranbio.com\/pt-br\/goma-konjac.html\",\"name\":\"Fabricante de goma konjac China, pre\u00e7o do p\u00f3 de goma konjac E425 | Niranbio Chemical\",\"isPartOf\":{\"@id\":\"https:\/\/theo.niranbio.com\/pt-br\/#website\"},\"primaryImageOfPage\":{\"@id\":\"https:\/\/theo.niranbio.com\/pt-br\/goma-konjac.html#primaryimage\"},\"image\":{\"@id\":\"https:\/\/theo.niranbio.com\/pt-br\/goma-konjac.html#primaryimage\"},\"thumbnailUrl\":\"https:\/\/theo.niranbio.com\/wp-content\/uploads\/2024\/06\/Konjac-Gum.webp\",\"datePublished\":\"2024-06-20T02:23:59+00:00\",\"dateModified\":\"2024-08-13T08:22:37+00:00\",\"description\":\"Nossa goma konjac E425 tem uma apar\u00eancia de p\u00f3 branco ou creme a marrom claro. Ela desempenha um papel importante nas ind\u00fastrias aliment\u00edcia, agr\u00edcola, m\u00e9dica e outras.\",\"breadcrumb\":{\"@id\":\"https:\/\/theo.niranbio.com\/pt-br\/goma-konjac.html#breadcrumb\"},\"inLanguage\":\"pt-BR\",\"potentialAction\":[{\"@type\":\"ReadAction\",\"target\":[\"https:\/\/theo.niranbio.com\/pt-br\/goma-konjac.html\"]}]},{\"@type\":\"ImageObject\",\"inLanguage\":\"pt-BR\",\"@id\":\"https:\/\/theo.niranbio.com\/pt-br\/goma-konjac.html#primaryimage\",\"url\":\"https:\/\/theo.niranbio.com\/wp-content\/uploads\/2024\/06\/Konjac-Gum.webp\",\"contentUrl\":\"https:\/\/theo.niranbio.com\/wp-content\/uploads\/2024\/06\/Konjac-Gum.webp\",\"width\":600,\"height\":600,\"caption\":\"Goma Konjac\"},{\"@type\":\"BreadcrumbList\",\"@id\":\"https:\/\/theo.niranbio.com\/pt-br\/goma-konjac.html#breadcrumb\",\"itemListElement\":[{\"@type\":\"ListItem\",\"position\":1,\"name\":\"Home\",\"item\":\"https:\/\/theo.niranbio.com\/pt-br\/\"},{\"@type\":\"ListItem\",\"position\":2,\"name\":\"Produtos\",\"item\":\"https:\/\/theo.niranbio.com\/pt-br\/produtos.html\"},{\"@type\":\"ListItem\",\"position\":3,\"name\":\"Espessantes\",\"item\":\"https:\/\/theo.niranbio.com\/pt-br\/produto-espessantes\/\"},{\"@type\":\"ListItem\",\"position\":4,\"name\":\"Goma konjac\"}]},{\"@type\":\"WebSite\",\"@id\":\"https:\/\/theo.niranbio.com\/pt-br\/#website\",\"url\":\"https:\/\/theo.niranbio.com\/pt-br\/\",\"name\":\"Niranbio Chemical\",\"description\":\"\",\"publisher\":{\"@id\":\"https:\/\/theo.niranbio.com\/pt-br\/#organization\"},\"potentialAction\":[{\"@type\":\"SearchAction\",\"target\":{\"@type\":\"EntryPoint\",\"urlTemplate\":\"https:\/\/theo.niranbio.com\/pt-br\/?s={search_term_string}\"},\"query-input\":{\"@type\":\"PropertyValueSpecification\",\"valueRequired\":true,\"valueName\":\"search_term_string\"}}],\"inLanguage\":\"pt-BR\"},{\"@type\":\"Organization\",\"@id\":\"https:\/\/theo.niranbio.com\/pt-br\/#organization\",\"name\":\"Niranbio Chemical\",\"url\":\"https:\/\/theo.niranbio.com\/pt-br\/\",\"logo\":{\"@type\":\"ImageObject\",\"inLanguage\":\"pt-BR\",\"@id\":\"https:\/\/theo.niranbio.com\/pt-br\/#\/schema\/logo\/image\/\",\"url\":\"https:\/\/theo.niranbio.com\/wp-content\/uploads\/2024\/06\/Niranbio.png\",\"contentUrl\":\"https:\/\/theo.niranbio.com\/wp-content\/uploads\/2024\/06\/Niranbio.png\",\"width\":270,\"height\":100,\"caption\":\"Niranbio Chemical\"},\"image\":{\"@id\":\"https:\/\/theo.niranbio.com\/pt-br\/#\/schema\/logo\/image\/\"}}]}<\/script>\n<!-- \/ Yoast SEO plugin. -->","yoast_head_json":{"title":"Fabricante de goma konjac China, pre\u00e7o do p\u00f3 de goma konjac E425 | Niranbio Chemical","description":"Nossa goma konjac E425 tem uma apar\u00eancia de p\u00f3 branco ou creme a marrom claro. Ela desempenha um papel importante nas ind\u00fastrias aliment\u00edcia, agr\u00edcola, m\u00e9dica e outras.","robots":{"index":"noindex","follow":"follow","max-snippet":"max-snippet:-1","max-image-preview":"max-image-preview:large","max-video-preview":"max-video-preview:-1"},"twitter_misc":{"Est. tempo de leitura":"4 minutos"},"schema":{"@context":"https:\/\/schema.org","@graph":[{"@type":"WebPage","@id":"https:\/\/theo.niranbio.com\/pt-br\/goma-konjac.html","url":"https:\/\/theo.niranbio.com\/pt-br\/goma-konjac.html","name":"Fabricante de goma konjac China, pre\u00e7o do p\u00f3 de goma konjac E425 | Niranbio Chemical","isPartOf":{"@id":"https:\/\/theo.niranbio.com\/pt-br\/#website"},"primaryImageOfPage":{"@id":"https:\/\/theo.niranbio.com\/pt-br\/goma-konjac.html#primaryimage"},"image":{"@id":"https:\/\/theo.niranbio.com\/pt-br\/goma-konjac.html#primaryimage"},"thumbnailUrl":"https:\/\/theo.niranbio.com\/wp-content\/uploads\/2024\/06\/Konjac-Gum.webp","datePublished":"2024-06-20T02:23:59+00:00","dateModified":"2024-08-13T08:22:37+00:00","description":"Nossa goma konjac E425 tem uma apar\u00eancia de p\u00f3 branco ou creme a marrom claro. Ela desempenha um papel importante nas ind\u00fastrias aliment\u00edcia, agr\u00edcola, m\u00e9dica e outras.","breadcrumb":{"@id":"https:\/\/theo.niranbio.com\/pt-br\/goma-konjac.html#breadcrumb"},"inLanguage":"pt-BR","potentialAction":[{"@type":"ReadAction","target":["https:\/\/theo.niranbio.com\/pt-br\/goma-konjac.html"]}]},{"@type":"ImageObject","inLanguage":"pt-BR","@id":"https:\/\/theo.niranbio.com\/pt-br\/goma-konjac.html#primaryimage","url":"https:\/\/theo.niranbio.com\/wp-content\/uploads\/2024\/06\/Konjac-Gum.webp","contentUrl":"https:\/\/theo.niranbio.com\/wp-content\/uploads\/2024\/06\/Konjac-Gum.webp","width":600,"height":600,"caption":"Goma Konjac"},{"@type":"BreadcrumbList","@id":"https:\/\/theo.niranbio.com\/pt-br\/goma-konjac.html#breadcrumb","itemListElement":[{"@type":"ListItem","position":1,"name":"Home","item":"https:\/\/theo.niranbio.com\/pt-br\/"},{"@type":"ListItem","position":2,"name":"Produtos","item":"https:\/\/theo.niranbio.com\/pt-br\/produtos.html"},{"@type":"ListItem","position":3,"name":"Espessantes","item":"https:\/\/theo.niranbio.com\/pt-br\/produto-espessantes\/"},{"@type":"ListItem","position":4,"name":"Goma konjac"}]},{"@type":"WebSite","@id":"https:\/\/theo.niranbio.com\/pt-br\/#website","url":"https:\/\/theo.niranbio.com\/pt-br\/","name":"Niranbio Chemical","description":"","publisher":{"@id":"https:\/\/theo.niranbio.com\/pt-br\/#organization"},"potentialAction":[{"@type":"SearchAction","target":{"@type":"EntryPoint","urlTemplate":"https:\/\/theo.niranbio.com\/pt-br\/?s={search_term_string}"},"query-input":{"@type":"PropertyValueSpecification","valueRequired":true,"valueName":"search_term_string"}}],"inLanguage":"pt-BR"},{"@type":"Organization","@id":"https:\/\/theo.niranbio.com\/pt-br\/#organization","name":"Niranbio Chemical","url":"https:\/\/theo.niranbio.com\/pt-br\/","logo":{"@type":"ImageObject","inLanguage":"pt-BR","@id":"https:\/\/theo.niranbio.com\/pt-br\/#\/schema\/logo\/image\/","url":"https:\/\/theo.niranbio.com\/wp-content\/uploads\/2024\/06\/Niranbio.png","contentUrl":"https:\/\/theo.niranbio.com\/wp-content\/uploads\/2024\/06\/Niranbio.png","width":270,"height":100,"caption":"Niranbio Chemical"},"image":{"@id":"https:\/\/theo.niranbio.com\/pt-br\/#\/schema\/logo\/image\/"}}]}},"_links":{"self":[{"href":"https:\/\/theo.niranbio.com\/pt-br\/wp-json\/wp\/v2\/product\/8398","targetHints":{"allow":["GET"]}}],"collection":[{"href":"https:\/\/theo.niranbio.com\/pt-br\/wp-json\/wp\/v2\/product"}],"about":[{"href":"https:\/\/theo.niranbio.com\/pt-br\/wp-json\/wp\/v2\/types\/product"}],"version-history":[{"count":0,"href":"https:\/\/theo.niranbio.com\/pt-br\/wp-json\/wp\/v2\/product\/8398\/revisions"}],"wp:featuredmedia":[{"embeddable":true,"href":"https:\/\/theo.niranbio.com\/pt-br\/wp-json\/wp\/v2\/media\/7961"}],"wp:attachment":[{"href":"https:\/\/theo.niranbio.com\/pt-br\/wp-json\/wp\/v2\/media?parent=8398"}],"wp:term":[{"taxonomy":"product_brand","embeddable":true,"href":"https:\/\/theo.niranbio.com\/pt-br\/wp-json\/wp\/v2\/product_brand?post=8398"},{"taxonomy":"product_cat","embeddable":true,"href":"https:\/\/theo.niranbio.com\/pt-br\/wp-json\/wp\/v2\/product_cat?post=8398"},{"taxonomy":"product_tag","embeddable":true,"href":"https:\/\/theo.niranbio.com\/pt-br\/wp-json\/wp\/v2\/product_tag?post=8398"}],"curies":[{"name":"wp","href":"https:\/\/api.w.org\/{rel}","templated":true}]}}