{"id":8395,"date":"2024-06-20T09:35:25","date_gmt":"2024-06-20T01:35:25","guid":{"rendered":"https:\/\/theo.niranbio.com\/dextrose-monoidratada\/"},"modified":"2024-08-16T15:31:53","modified_gmt":"2024-08-16T07:31:53","slug":"dextrose-monoidratada","status":"publish","type":"product","link":"https:\/\/theo.niranbio.com\/pt-br\/dextrose-monoidratada.html","title":{"rendered":"Dextrose monoidratada"},"content":{"rendered":"<h2><span class=\"ez-toc-section\" id=\"O_que_e_Dextrose_Monohidratada\"><\/span>O que \u00e9 Dextrose Monohidratada?<span class=\"ez-toc-section-end\"><\/span><\/h2>\n<p>O material org\u00e2nico conhecido como dextrose monohidratada tem uma superf\u00edcie branca em p\u00f3. \u00c9 est\u00e1vel \u00e0 temperatura e press\u00e3o ambiente, tem um sabor doce, \u00e9 sol\u00favel em \u00e1gua e solventes alco\u00f3licos e \u00e9 insol\u00favel em solventes \u00e9ter. Ela fornece nutri\u00e7\u00e3o, do\u00e7ura e enchimento nos setores de alimentos e bebidas. Os setores de couro e farmac\u00eautico tamb\u00e9m a utilizam. A dextrose monohidratada \u00e9 preparada misturando glicose com uma quantidade apropriada de \u00e1gua e, em seguida, obtendo cristais de glicose monohidratada por meio da cristaliza\u00e7\u00e3o da solu\u00e7\u00e3o.<\/p>\n<h2><span class=\"ez-toc-section\" id=\"Parametros_relacionados\"><\/span>Par\u00e2metros relacionados:<span class=\"ez-toc-section-end\"><\/span><\/h2>\n<table>\n<tbody>\n<tr>\n<td><strong>Itens<\/strong><\/td>\n<td><strong>Padr\u00f5es<\/strong><\/td>\n<\/tr>\n<tr>\n<td>pureza %<\/td>\n<td>\u226599.0<\/td>\n<\/tr>\n<tr>\n<td>umidade %<\/td>\n<td>\u226410.0<\/td>\n<\/tr>\n<tr>\n<td>[ \u03b1 ]D 20 rota\u00e7\u00e3o espec\u00edfica<\/td>\n<td>52.00\u223d53.50<\/td>\n<\/tr>\n<tr>\n<td>Cinza sulfatada %<\/td>\n<td>\u22640.25<\/td>\n<\/tr>\n<tr>\n<td>Valor de ph<\/td>\n<td>4.0-6.5<\/td>\n<\/tr>\n<tr>\n<td>cloreto (cl-) %<\/td>\n<td>\u22640.01<\/td>\n<\/tr>\n<tr>\n<td>chumbo (mg\/kg)<\/td>\n<td>\u22640.5<\/td>\n<\/tr>\n<tr>\n<td>ars\u00eanico (mg\/kg)<\/td>\n<td>\u22641<\/td>\n<\/tr>\n<tr>\n<td>cobre (mg\/kg)<\/td>\n<td>\u22645<\/td>\n<\/tr>\n<tr>\n<td>contagem total de placas (ufc\/g)<\/td>\n<td>\u22643000<\/td>\n<\/tr>\n<tr>\n<td>Contagem de grupos de coliformes (MPN\/100g)<\/td>\n<td>\u226430<\/td>\n<\/tr>\n<tr>\n<td>Contagem de leveduras e bolores (ufc\/g)<\/td>\n<td>\u226460<\/td>\n<\/tr>\n<tr>\n<td>salmonela<\/td>\n<td>NENHUM<\/td>\n<\/tr>\n<tr>\n<td>shigella<\/td>\n<td>NENHUM<\/td>\n<\/tr>\n<tr>\n<td>Staphylococcus aureus<\/td>\n<td>NENHUM<\/td>\n<\/tr>\n<\/tbody>\n<\/table>\n<h2><span class=\"ez-toc-section\" id=\"Dosagem_recomendada\"><\/span>Dosagem recomendada:<span class=\"ez-toc-section-end\"><\/span><\/h2>\n<table>\n<tbody>\n<tr>\n<td><strong>Nome do alimento<\/strong><\/td>\n<td><strong>Uso m\u00e1ximo (g\/kg)<\/strong><\/td>\n<\/tr>\n<tr>\n<td>Bebidas<\/td>\n<td>5 g\/kg<\/td>\n<\/tr>\n<tr>\n<td>Suco<\/td>\n<td>7 g\/kg<\/td>\n<\/tr>\n<tr>\n<td>\u00d3leo comest\u00edvel<\/td>\n<td>8 g\/kg<\/td>\n<\/tr>\n<tr>\n<td>Picles<\/td>\n<td>10 g\/kg<\/td>\n<\/tr>\n<tr>\n<td>Processamento de peixes<\/td>\n<td>8 g\/kg<\/td>\n<\/tr>\n<tr>\n<td>Processamento de carne<\/td>\n<td>10 g\/kg<\/td>\n<\/tr>\n<tr>\n<td>Alimentos enlatados<\/td>\n<td>8 g\/kg<\/td>\n<\/tr>\n<tr>\n<td>Doces<\/td>\n<td>7 g\/kg<\/td>\n<\/tr>\n<tr>\n<td>Panifica\u00e7\u00e3o<\/td>\n<td>8 g\/kg<\/td>\n<\/tr>\n<tr>\n<td>L\u00e1cteos<\/td>\n<td>7 g\/kg<\/td>\n<\/tr>\n<tr>\n<td>Alimentos congelados<\/td>\n<td>8 g\/kg<\/td>\n<\/tr>\n<tr>\n<td>Tempero<\/td>\n<td>8 g\/kg<\/td>\n<\/tr>\n<tr>\n<td>Amido e seus produtos<\/td>\n<td>8 g\/kg<\/td>\n<\/tr>\n<\/tbody>\n<\/table>\n<h2><span class=\"ez-toc-section\" id=\"A_dextrose_monoidratada_tem_uma_ampla_gama_de_usos\"><\/span>A dextrose monoidratada tem uma ampla gama de usos<span class=\"ez-toc-section-end\"><\/span><\/h2>\n<ol>\n<li>O monohidrato de dextrose \u00e9 uma forma de glicose que fornece um r\u00e1pido aumento de energia. \u00c9 rapidamente absorvido e metabolizado no corpo, fornecendo \u00e0s c\u00e9lulas a energia de que precisam.<\/li>\n<li>O monohidrato de dextrose tem uma alta intensidade de do\u00e7ura, mas geralmente \u00e9 menor que a sacarose. Pode ser usado como um substituto do a\u00e7\u00facar para aumentar a do\u00e7ura de alimentos e bebidas.<\/li>\n<li>Tem boas propriedades higrosc\u00f3picas e pode absorver e reter umidade, o que ajuda a melhorar a textura dos alimentos e prolongar a vida \u00fatil.<\/li>\n<li>O monohidrato de dextrose pode ser usado como uma fonte de fermenta\u00e7\u00e3o de levedura para promover o processo de fermenta\u00e7\u00e3o.<\/li>\n<li>Em alguns alimentos, o monohidrato de dextrose pode ser usado em conjunto com outros espessantes para melhorar a consist\u00eancia e a textura dos alimentos.<\/li>\n<li>Ajuda a manter a estabilidade de alimentos e bebidas e evita a estratifica\u00e7\u00e3o ou separa\u00e7\u00e3o de ingredientes.<\/li>\n<\/ol>\n<h2><span class=\"ez-toc-section\" id=\"Pergunta_feita_pelo_usuario\"><\/span>Pergunta feita pelo usu\u00e1rio:<span class=\"ez-toc-section-end\"><\/span><\/h2>\n<p>Pergunta: Qual \u00e9 a diferen\u00e7a entre dextrose monohidratada e glicose anidra?<\/p>\n<p>Resposta: Dextrose monohidratada e glicose anidra, como duas formas diferentes de glicose, t\u00eam diferen\u00e7as \u00f3bvias na estrutura qu\u00edmica, propriedades f\u00edsicas, campos de aplica\u00e7\u00e3o e processos de produ\u00e7\u00e3o.<\/p>\n<ol>\n<li>Estrutura qu\u00edmica e f\u00f3rmula molecular dextrose monohidratada cont\u00e9m uma mol\u00e9cula de glicose e uma mol\u00e9cula de \u00e1gua cristalina, enquanto glicose anidra cont\u00e9m apenas uma mol\u00e9cula de glicose<\/li>\n<li>Propriedades f\u00edsicas dextrose monohidratada aparece como um p\u00f3 granular branco com uma superf\u00edcie brilhante, enquanto glicose anidra \u00e9 um cristal incolor ou p\u00f3 cristalino branco com um brilho menor. Em segundo lugar, dextrose monohidratada \u00e9 ligeiramente sol\u00favel em etanol, enquanto glicose anidra \u00e9 menos sol\u00favel em etanol. Finalmente, dextrose monohidratada tem uma do\u00e7ura maior e um sabor mais frio; enquanto glicose anidra tem uma do\u00e7ura relativamente baixa e um sabor mais suave.<\/li>\n<li>Campos de aplica\u00e7\u00e3o dextrose monohidratada pode ser usada como ado\u00e7ante e nutriente na ind\u00fastria aliment\u00edcia devido \u00e0 sua alta do\u00e7ura e boa solubilidade. Tamb\u00e9m pode ser utilizada como mat\u00e9ria-prima adicional para medicamentos orais na profiss\u00e3o m\u00e9dica. A glicose anidra \u00e9 usada principalmente para produzir inje\u00e7\u00f5es e infus\u00f5es m\u00e9dicas como um suplemento nutricional e m\u00e9todo de tratamento.<\/li>\n<\/ol>\n","protected":false},"excerpt":{"rendered":"<ul>\n<li>CAS: 5996-10-1<\/li>\n<li>F\u00f3rmula qu\u00edmica: C<sub>6<\/sub>H<sub>14<\/sub>O<sub>7<\/sub><\/li>\n<li>Certifica\u00e7\u00f5es: KOSHER, ISO, HALAL, FSSC22000, BRC, etc.<\/li>\n<li>Padr\u00e3o: USP\/EB<\/li>\n<li>Quantidade m\u00ednima do pedido: 1000KG<\/li>\n<li>Prazo de validade: 2 anos<\/li>\n<\/ul>\n","protected":false},"featured_media":8397,"template":"","meta":{"site-sidebar-layout":"default","site-content-layout":"","ast-site-content-layout":"default","site-content-style":"default","site-sidebar-style":"default","ast-global-header-display":"","ast-banner-title-visibility":"","ast-main-header-display":"","ast-hfb-above-header-display":"","ast-hfb-below-header-display":"","ast-hfb-mobile-header-display":"","site-post-title":"","ast-breadcrumbs-content":"","ast-featured-img":"","footer-sml-layout":"","theme-transparent-header-meta":"default","adv-header-id-meta":"","stick-header-meta":"","header-above-stick-meta":"","header-main-stick-meta":"","header-below-stick-meta":"","astra-migrate-meta-layouts":"set","ast-page-background-enabled":"default","ast-page-background-meta":{"desktop":{"background-color":"var(--ast-global-color-4)","background-image":"","background-repeat":"repeat","background-position":"center center","background-size":"auto","background-attachment":"scroll","background-type":"","background-media":"","overlay-type":"","overlay-color":"","overlay-opacity":"","overlay-gradient":""},"tablet":{"background-color":"","background-image":"","background-repeat":"repeat","background-position":"center center","background-size":"auto","background-attachment":"scroll","background-type":"","background-media":"","overlay-type":"","overlay-color":"","overlay-opacity":"","overlay-gradient":""},"mobile":{"background-color":"","background-image":"","background-repeat":"repeat","background-position":"center center","background-size":"auto","background-attachment":"scroll","background-type":"","background-media":"","overlay-type":"","overlay-color":"","overlay-opacity":"","overlay-gradient":""}},"ast-content-background-meta":{"desktop":{"background-color":"var(--ast-global-color-5)","background-image":"","background-repeat":"repeat","background-position":"center center","background-size":"auto","background-attachment":"scroll","background-type":"","background-media":"","overlay-type":"","overlay-color":"","overlay-opacity":"","overlay-gradient":""},"tablet":{"background-color":"var(--ast-global-color-5)","background-image":"","background-repeat":"repeat","background-position":"center center","background-size":"auto","background-attachment":"scroll","background-type":"","background-media":"","overlay-type":"","overlay-color":"","overlay-opacity":"","overlay-gradient":""},"mobile":{"background-color":"var(--ast-global-color-5)","background-image":"","background-repeat":"repeat","background-position":"center center","background-size":"auto","background-attachment":"scroll","background-type":"","background-media":"","overlay-type":"","overlay-color":"","overlay-opacity":"","overlay-gradient":""}}},"product_brand":[],"product_cat":[77],"product_tag":[],"class_list":{"0":"post-8395","1":"product","2":"type-product","3":"status-publish","4":"has-post-thumbnail","6":"product_cat-produto-adocante","7":"desktop-align-center","8":"tablet-align-left","9":"mobile-align-left","11":"first","12":"instock","13":"shipping-taxable","14":"product-type-simple"},"yoast_head":"<!-- This site is optimized with the Yoast SEO plugin v26.5 - https:\/\/yoast.com\/wordpress\/plugins\/seo\/ -->\n<title>Fornecedor De P\u00f3 Monohidrato De Dextrose Org\u00e2nica | Niranbio Chemical<\/title>\n<meta name=\"description\" content=\"Nosso monohidrato de glicose tem uma superf\u00edcie branca em p\u00f3, alta pureza, excelente solubilidade e sabor doce, tornando-o ideal para aplica\u00e7\u00f5es aliment\u00edcias e farmac\u00eauticas.\" \/>\n<meta name=\"robots\" content=\"noindex, follow, max-snippet:-1, max-image-preview:large, max-video-preview:-1\" \/>\n<meta name=\"twitter:label1\" content=\"Est. tempo de leitura\" \/>\n\t<meta name=\"twitter:data1\" content=\"3 minutos\" \/>\n<script type=\"application\/ld+json\" class=\"yoast-schema-graph\">{\"@context\":\"https:\/\/schema.org\",\"@graph\":[{\"@type\":\"WebPage\",\"@id\":\"https:\/\/theo.niranbio.com\/pt-br\/dextrose-monoidratada.html\",\"url\":\"https:\/\/theo.niranbio.com\/pt-br\/dextrose-monoidratada.html\",\"name\":\"Fornecedor De P\u00f3 Monohidrato De Dextrose Org\u00e2nica | Niranbio Chemical\",\"isPartOf\":{\"@id\":\"https:\/\/theo.niranbio.com\/pt-br\/#website\"},\"primaryImageOfPage\":{\"@id\":\"https:\/\/theo.niranbio.com\/pt-br\/dextrose-monoidratada.html#primaryimage\"},\"image\":{\"@id\":\"https:\/\/theo.niranbio.com\/pt-br\/dextrose-monoidratada.html#primaryimage\"},\"thumbnailUrl\":\"https:\/\/theo.niranbio.com\/wp-content\/uploads\/2024\/06\/Dextrose-Mononydrate-powder.webp\",\"datePublished\":\"2024-06-20T01:35:25+00:00\",\"dateModified\":\"2024-08-16T07:31:53+00:00\",\"description\":\"Nosso monohidrato de glicose tem uma superf\u00edcie branca em p\u00f3, alta pureza, excelente solubilidade e sabor doce, tornando-o ideal para aplica\u00e7\u00f5es aliment\u00edcias e farmac\u00eauticas.\",\"breadcrumb\":{\"@id\":\"https:\/\/theo.niranbio.com\/pt-br\/dextrose-monoidratada.html#breadcrumb\"},\"inLanguage\":\"pt-BR\",\"potentialAction\":[{\"@type\":\"ReadAction\",\"target\":[\"https:\/\/theo.niranbio.com\/pt-br\/dextrose-monoidratada.html\"]}]},{\"@type\":\"ImageObject\",\"inLanguage\":\"pt-BR\",\"@id\":\"https:\/\/theo.niranbio.com\/pt-br\/dextrose-monoidratada.html#primaryimage\",\"url\":\"https:\/\/theo.niranbio.com\/wp-content\/uploads\/2024\/06\/Dextrose-Mononydrate-powder.webp\",\"contentUrl\":\"https:\/\/theo.niranbio.com\/wp-content\/uploads\/2024\/06\/Dextrose-Mononydrate-powder.webp\",\"width\":600,\"height\":600,\"caption\":\"Dextrose Monohidratada em P\u00f3\"},{\"@type\":\"BreadcrumbList\",\"@id\":\"https:\/\/theo.niranbio.com\/pt-br\/dextrose-monoidratada.html#breadcrumb\",\"itemListElement\":[{\"@type\":\"ListItem\",\"position\":1,\"name\":\"Home\",\"item\":\"https:\/\/theo.niranbio.com\/pt-br\/\"},{\"@type\":\"ListItem\",\"position\":2,\"name\":\"Produtos\",\"item\":\"https:\/\/theo.niranbio.com\/pt-br\/produtos.html\"},{\"@type\":\"ListItem\",\"position\":3,\"name\":\"Ado\u00e7antes\",\"item\":\"https:\/\/theo.niranbio.com\/pt-br\/produto-adocante\/\"},{\"@type\":\"ListItem\",\"position\":4,\"name\":\"Dextrose monoidratada\"}]},{\"@type\":\"WebSite\",\"@id\":\"https:\/\/theo.niranbio.com\/pt-br\/#website\",\"url\":\"https:\/\/theo.niranbio.com\/pt-br\/\",\"name\":\"Niranbio Chemical\",\"description\":\"\",\"publisher\":{\"@id\":\"https:\/\/theo.niranbio.com\/pt-br\/#organization\"},\"potentialAction\":[{\"@type\":\"SearchAction\",\"target\":{\"@type\":\"EntryPoint\",\"urlTemplate\":\"https:\/\/theo.niranbio.com\/pt-br\/?s={search_term_string}\"},\"query-input\":{\"@type\":\"PropertyValueSpecification\",\"valueRequired\":true,\"valueName\":\"search_term_string\"}}],\"inLanguage\":\"pt-BR\"},{\"@type\":\"Organization\",\"@id\":\"https:\/\/theo.niranbio.com\/pt-br\/#organization\",\"name\":\"Niranbio Chemical\",\"url\":\"https:\/\/theo.niranbio.com\/pt-br\/\",\"logo\":{\"@type\":\"ImageObject\",\"inLanguage\":\"pt-BR\",\"@id\":\"https:\/\/theo.niranbio.com\/pt-br\/#\/schema\/logo\/image\/\",\"url\":\"https:\/\/theo.niranbio.com\/wp-content\/uploads\/2024\/06\/Niranbio.png\",\"contentUrl\":\"https:\/\/theo.niranbio.com\/wp-content\/uploads\/2024\/06\/Niranbio.png\",\"width\":270,\"height\":100,\"caption\":\"Niranbio Chemical\"},\"image\":{\"@id\":\"https:\/\/theo.niranbio.com\/pt-br\/#\/schema\/logo\/image\/\"}}]}<\/script>\n<!-- \/ Yoast SEO plugin. -->","yoast_head_json":{"title":"Fornecedor De P\u00f3 Monohidrato De Dextrose Org\u00e2nica | Niranbio Chemical","description":"Nosso monohidrato de glicose tem uma superf\u00edcie branca em p\u00f3, alta pureza, excelente solubilidade e sabor doce, tornando-o ideal para aplica\u00e7\u00f5es aliment\u00edcias e farmac\u00eauticas.","robots":{"index":"noindex","follow":"follow","max-snippet":"max-snippet:-1","max-image-preview":"max-image-preview:large","max-video-preview":"max-video-preview:-1"},"twitter_misc":{"Est. tempo de leitura":"3 minutos"},"schema":{"@context":"https:\/\/schema.org","@graph":[{"@type":"WebPage","@id":"https:\/\/theo.niranbio.com\/pt-br\/dextrose-monoidratada.html","url":"https:\/\/theo.niranbio.com\/pt-br\/dextrose-monoidratada.html","name":"Fornecedor De P\u00f3 Monohidrato De Dextrose Org\u00e2nica | Niranbio Chemical","isPartOf":{"@id":"https:\/\/theo.niranbio.com\/pt-br\/#website"},"primaryImageOfPage":{"@id":"https:\/\/theo.niranbio.com\/pt-br\/dextrose-monoidratada.html#primaryimage"},"image":{"@id":"https:\/\/theo.niranbio.com\/pt-br\/dextrose-monoidratada.html#primaryimage"},"thumbnailUrl":"https:\/\/theo.niranbio.com\/wp-content\/uploads\/2024\/06\/Dextrose-Mononydrate-powder.webp","datePublished":"2024-06-20T01:35:25+00:00","dateModified":"2024-08-16T07:31:53+00:00","description":"Nosso monohidrato de glicose tem uma superf\u00edcie branca em p\u00f3, alta pureza, excelente solubilidade e sabor doce, tornando-o ideal para aplica\u00e7\u00f5es aliment\u00edcias e farmac\u00eauticas.","breadcrumb":{"@id":"https:\/\/theo.niranbio.com\/pt-br\/dextrose-monoidratada.html#breadcrumb"},"inLanguage":"pt-BR","potentialAction":[{"@type":"ReadAction","target":["https:\/\/theo.niranbio.com\/pt-br\/dextrose-monoidratada.html"]}]},{"@type":"ImageObject","inLanguage":"pt-BR","@id":"https:\/\/theo.niranbio.com\/pt-br\/dextrose-monoidratada.html#primaryimage","url":"https:\/\/theo.niranbio.com\/wp-content\/uploads\/2024\/06\/Dextrose-Mononydrate-powder.webp","contentUrl":"https:\/\/theo.niranbio.com\/wp-content\/uploads\/2024\/06\/Dextrose-Mononydrate-powder.webp","width":600,"height":600,"caption":"Dextrose Monohidratada em P\u00f3"},{"@type":"BreadcrumbList","@id":"https:\/\/theo.niranbio.com\/pt-br\/dextrose-monoidratada.html#breadcrumb","itemListElement":[{"@type":"ListItem","position":1,"name":"Home","item":"https:\/\/theo.niranbio.com\/pt-br\/"},{"@type":"ListItem","position":2,"name":"Produtos","item":"https:\/\/theo.niranbio.com\/pt-br\/produtos.html"},{"@type":"ListItem","position":3,"name":"Ado\u00e7antes","item":"https:\/\/theo.niranbio.com\/pt-br\/produto-adocante\/"},{"@type":"ListItem","position":4,"name":"Dextrose monoidratada"}]},{"@type":"WebSite","@id":"https:\/\/theo.niranbio.com\/pt-br\/#website","url":"https:\/\/theo.niranbio.com\/pt-br\/","name":"Niranbio Chemical","description":"","publisher":{"@id":"https:\/\/theo.niranbio.com\/pt-br\/#organization"},"potentialAction":[{"@type":"SearchAction","target":{"@type":"EntryPoint","urlTemplate":"https:\/\/theo.niranbio.com\/pt-br\/?s={search_term_string}"},"query-input":{"@type":"PropertyValueSpecification","valueRequired":true,"valueName":"search_term_string"}}],"inLanguage":"pt-BR"},{"@type":"Organization","@id":"https:\/\/theo.niranbio.com\/pt-br\/#organization","name":"Niranbio Chemical","url":"https:\/\/theo.niranbio.com\/pt-br\/","logo":{"@type":"ImageObject","inLanguage":"pt-BR","@id":"https:\/\/theo.niranbio.com\/pt-br\/#\/schema\/logo\/image\/","url":"https:\/\/theo.niranbio.com\/wp-content\/uploads\/2024\/06\/Niranbio.png","contentUrl":"https:\/\/theo.niranbio.com\/wp-content\/uploads\/2024\/06\/Niranbio.png","width":270,"height":100,"caption":"Niranbio Chemical"},"image":{"@id":"https:\/\/theo.niranbio.com\/pt-br\/#\/schema\/logo\/image\/"}}]}},"_links":{"self":[{"href":"https:\/\/theo.niranbio.com\/pt-br\/wp-json\/wp\/v2\/product\/8395","targetHints":{"allow":["GET"]}}],"collection":[{"href":"https:\/\/theo.niranbio.com\/pt-br\/wp-json\/wp\/v2\/product"}],"about":[{"href":"https:\/\/theo.niranbio.com\/pt-br\/wp-json\/wp\/v2\/types\/product"}],"version-history":[{"count":0,"href":"https:\/\/theo.niranbio.com\/pt-br\/wp-json\/wp\/v2\/product\/8395\/revisions"}],"wp:featuredmedia":[{"embeddable":true,"href":"https:\/\/theo.niranbio.com\/pt-br\/wp-json\/wp\/v2\/media\/8397"}],"wp:attachment":[{"href":"https:\/\/theo.niranbio.com\/pt-br\/wp-json\/wp\/v2\/media?parent=8395"}],"wp:term":[{"taxonomy":"product_brand","embeddable":true,"href":"https:\/\/theo.niranbio.com\/pt-br\/wp-json\/wp\/v2\/product_brand?post=8395"},{"taxonomy":"product_cat","embeddable":true,"href":"https:\/\/theo.niranbio.com\/pt-br\/wp-json\/wp\/v2\/product_cat?post=8395"},{"taxonomy":"product_tag","embeddable":true,"href":"https:\/\/theo.niranbio.com\/pt-br\/wp-json\/wp\/v2\/product_tag?post=8395"}],"curies":[{"name":"wp","href":"https:\/\/api.w.org\/{rel}","templated":true}]}}