{"id":8393,"date":"2024-06-20T10:25:01","date_gmt":"2024-06-20T02:25:01","guid":{"rendered":"https:\/\/theo.niranbio.com\/pectina-citrica\/"},"modified":"2024-08-19T11:47:09","modified_gmt":"2024-08-19T03:47:09","slug":"pectina-citrica","status":"publish","type":"product","link":"https:\/\/theo.niranbio.com\/pt-br\/pectina-citrica.html","title":{"rendered":"Pectina c\u00edtrica"},"content":{"rendered":"<h2><span class=\"ez-toc-section\" id=\"O_que_e_pectina_citrica\"><\/span>O que \u00e9 pectina c\u00edtrica?<span class=\"ez-toc-section-end\"><\/span><\/h2>\n<p>A pectina c\u00edtrica \u00e9 um p\u00f3 branco sem odor pungente. \u00c9 encontrada em grandes quantidades nas paredes celulares de plantas, incluindo frutas e vegetais (cenouras e nabos), e \u00e9 quase insol\u00favel em etanol e outros solventes org\u00e2nicos. \u00c9 encontrada em altas concentra\u00e7\u00f5es em cascas c\u00edtricas e pode ser usada como emulsificante, estabilizador e espessante na ind\u00fastria aliment\u00edcia.<\/p>\n<p>Existem quatro processos principais de prepara\u00e7\u00e3o para a pectina c\u00edtrica:<\/p>\n<ol>\n<li>Extra\u00e7\u00e3o \u00e1cida: use \u00e1cido (geralmente \u00e1cido sulf\u00farico ou \u00e1cido clor\u00eddrico) para separar a pectina das cascas c\u00edtricas. Este \u00e9 um m\u00e9todo mais tradicional e comum com opera\u00e7\u00e3o simples, mas pode causar certa polui\u00e7\u00e3o ao meio ambiente.<\/li>\n<li>Extra\u00e7\u00e3o enzim\u00e1tica: use certas enzimas espec\u00edficas, como a pectinase, para separar a pectina das cascas c\u00edtricas por meio da hidr\u00f3lise enzim\u00e1tica. Este m\u00e9todo \u00e9 mais suave e mais ecol\u00f3gico do que o m\u00e9todo \u00e1cido, mas \u00e9 mais caro.<\/li>\n<li>Extra\u00e7\u00e3o de fluido supercr\u00edtico: Na press\u00e3o e temperatura certas, extraia a pectina das cascas c\u00edtricas usando as propriedades de fluidos supercr\u00edticos, como o di\u00f3xido de carbono. Este m\u00e9todo \u00e9 complicado de operar, mas tem alta efici\u00eancia de extra\u00e7\u00e3o e n\u00e3o requer solventes prejudiciais.<\/li>\n<li>Extra\u00e7\u00e3o assistida por micro-ondas: Utilize as caracter\u00edsticas do aquecimento por micro-ondas para melhorar a efici\u00eancia de extra\u00e7\u00e3o da pectina da casca c\u00edtrica e acelerar o processo de extra\u00e7\u00e3o.<\/li>\n<\/ol>\n<p>Os principais processos de produ\u00e7\u00e3o de pectina c\u00edtrica s\u00e3o geralmente extra\u00e7\u00e3o \u00e1cida e extra\u00e7\u00e3o enzim\u00e1tica. A extra\u00e7\u00e3o \u00e1cida \u00e9 amplamente utilizada devido ao seu baixo custo e opera\u00e7\u00e3o simples, mas devido ao seu impacto no meio ambiente e poss\u00edveis problemas de tratamento de \u00e1guas residuais, a extra\u00e7\u00e3o enzim\u00e1tica tem gradualmente ganhado aten\u00e7\u00e3o nos \u00faltimos anos. Embora a extra\u00e7\u00e3o enzim\u00e1tica seja mais cara, ela pode extrair a pectina de forma mais suave e manter sua melhor qualidade e atividade biol\u00f3gica, por isso tamb\u00e9m \u00e9 amplamente utilizada na produ\u00e7\u00e3o de produtos de alta qualidade e produtos org\u00e2nicos.<\/p>\n<h2><span class=\"ez-toc-section\" id=\"Dosagem_recomendada\"><\/span>Dosagem recomendada:<span class=\"ez-toc-section-end\"><\/span><\/h2>\n<table>\n<tbody>\n<tr>\n<td><strong>Nome do alimento<\/strong><\/td>\n<td><strong>Uso m\u00e1ximo (g\/kg)<\/strong><\/td>\n<\/tr>\n<tr>\n<td>Geleia e compota<\/td>\n<td>5-10 g\/kg<\/td>\n<\/tr>\n<tr>\n<td>Iogurte e produtos l\u00e1cteos<\/td>\n<td>2-5 g\/kg<\/td>\n<\/tr>\n<tr>\n<td>Sorvete<\/td>\n<td>3-8 g\/kg<\/td>\n<\/tr>\n<tr>\n<td>Produtos de panifica\u00e7\u00e3o (por exemplo, p\u00e3es, bolos)<\/td>\n<td>2-5 g\/kg<\/td>\n<\/tr>\n<tr>\n<td>Sucos e bebidas<\/td>\n<td>1-3 g\/kg<\/td>\n<\/tr>\n<tr>\n<td>Molhos (por exemplo, ketchup, molho para salada)<\/td>\n<td>3-6 g\/kg<\/td>\n<\/tr>\n<tr>\n<td>Biscoitos e doces<\/td>\n<td>1-4 g\/kg<\/td>\n<\/tr>\n<tr>\n<td>Produtos de carne (por exemplo, salsichas, alm\u00f4ndegas)<\/td>\n<td>1-3 g\/kg<\/td>\n<\/tr>\n<tr>\n<td>Queijo e derivados do leite<\/td>\n<td>2-5 g\/kg<\/td>\n<\/tr>\n<tr>\n<td>Geleias e doces macios<\/td>\n<td>1-3 g\/kg<\/td>\n<\/tr>\n<tr>\n<td>Doces e produtos de chocolate<\/td>\n<td>1-5 g\/kg<\/td>\n<\/tr>\n<tr>\n<td>Peixes e frutos do mar<\/td>\n<td>1-3 g\/kg<\/td>\n<\/tr>\n<tr>\n<td>Misturas de temperos e especiarias<\/td>\n<td>1-4 g\/kg<\/td>\n<\/tr>\n<tr>\n<td>Vinagre e molho de soja<\/td>\n<td>2-5 g\/kg<\/td>\n<\/tr>\n<\/tbody>\n<\/table>\n<h2><span class=\"ez-toc-section\" id=\"A_pectina_citrica_tem_uma_ampla_gama_de_usos\"><\/span>A pectina c\u00edtrica tem uma ampla gama de usos<span class=\"ez-toc-section-end\"><\/span><\/h2>\n<ol>\n<li>Espessantes e estabilizantes: A pectina c\u00edtrica \u00e9 frequentemente usada como espessante e estabilizante para alimentos devido ao seu excelente espessamento e estabilidade. Por exemplo, em produtos como geleias, compotas, sucos, sorvetes e iogurtes, a pectina c\u00edtrica pode aumentar seu sabor e consist\u00eancia e melhorar a textura e o sabor do produto.<\/li>\n<li>Emulsificantes e estabilizadores de emulsificantes: A pectina c\u00edtrica tamb\u00e9m tem boas propriedades emulsificantes, que podem ajudar a suspender e dispersar \u00f3leos durante o processamento de alimentos, tornando o sabor dos alimentos mais uniforme e delicado. Isso \u00e9 especialmente importante em alimentos como cremes, molhos para salada, sobremesas e doces.<\/li>\n<li>Agente anticristaliza\u00e7\u00e3o: Em doces, sorvetes e alimentos congelados, a pectina c\u00edtrica pode efetivamente prevenir a cristaliza\u00e7\u00e3o do produto e manter a estabilidade de seu sabor e textura.<\/li>\n<li>Retentor de umidade: A pectina c\u00edtrica tem uma forte capacidade de reten\u00e7\u00e3o de \u00e1gua, o que pode manter sua maciez e umidade em massas como p\u00e3es e doces, e estender a vida \u00fatil do produto.<\/li>\n<li>Potencializador nutricional: A pectina c\u00edtrica cont\u00e9m uma certa quantidade de fibra alimentar, por isso pode ser usada como um meio de aumentar o teor de fibra alimentar em alimentos funcionais e alimentos nutricionalmente fortificados, o que ajuda a melhorar a digest\u00e3o e promover a sa\u00fade.<\/li>\n<\/ol>\n<h2><span class=\"ez-toc-section\" id=\"O_usuario_fez_a_seguinte_pergunta\"><\/span>O usu\u00e1rio fez a seguinte pergunta:<span class=\"ez-toc-section-end\"><\/span><\/h2>\n<p>Pergunta: A pectina c\u00edtrica afeta os intestinos?<\/p>\n<p>Resposta: A principal fun\u00e7\u00e3o da pectina c\u00edtrica \u00e9 aumentar a viscosidade e a espessura dos alimentos. Como um tipo de fibra sol\u00favel, a pectina c\u00edtrica ajuda a regular a fun\u00e7\u00e3o intestinal, promove a preven\u00e7\u00e3o da constipa\u00e7\u00e3o, apoia o crescimento de bact\u00e9rias ben\u00e9ficas e pode ter um efeito regulador no a\u00e7\u00facar no sangue e nos lip\u00eddios do sangue. Embora geralmente segura, os indiv\u00edduos podem sentir um leve desconforto e \u00e9 recomendado aumentar gradualmente a ingest\u00e3o.<\/p>\n","protected":false},"excerpt":{"rendered":"<ul>\n<li>CAS: 9000-69-5<\/li>\n<li>F\u00f3rmula qu\u00edmica: C<sub>6<\/sub>H<sub>12<\/sub>O<sub>6<\/sub><\/li>\n<li>Certifica\u00e7\u00f5es: KOSHER, ISO, HALAL, FSSC22000, BRC, etc.<\/li>\n<li>Padr\u00e3o: GB25533\/FCC\/EU\/FAO<\/li>\n<li>Quantidade m\u00ednima do pedido: 1000KG<\/li>\n<li>Prazo de validade: 2 anos<\/li>\n<\/ul>\n","protected":false},"featured_media":7965,"template":"","meta":{"site-sidebar-layout":"default","site-content-layout":"","ast-site-content-layout":"default","site-content-style":"default","site-sidebar-style":"default","ast-global-header-display":"","ast-banner-title-visibility":"","ast-main-header-display":"","ast-hfb-above-header-display":"","ast-hfb-below-header-display":"","ast-hfb-mobile-header-display":"","site-post-title":"","ast-breadcrumbs-content":"","ast-featured-img":"","footer-sml-layout":"","theme-transparent-header-meta":"default","adv-header-id-meta":"","stick-header-meta":"","header-above-stick-meta":"","header-main-stick-meta":"","header-below-stick-meta":"","astra-migrate-meta-layouts":"set","ast-page-background-enabled":"default","ast-page-background-meta":{"desktop":{"background-color":"var(--ast-global-color-4)","background-image":"","background-repeat":"repeat","background-position":"center center","background-size":"auto","background-attachment":"scroll","background-type":"","background-media":"","overlay-type":"","overlay-color":"","overlay-opacity":"","overlay-gradient":""},"tablet":{"background-color":"","background-image":"","background-repeat":"repeat","background-position":"center center","background-size":"auto","background-attachment":"scroll","background-type":"","background-media":"","overlay-type":"","overlay-color":"","overlay-opacity":"","overlay-gradient":""},"mobile":{"background-color":"","background-image":"","background-repeat":"repeat","background-position":"center center","background-size":"auto","background-attachment":"scroll","background-type":"","background-media":"","overlay-type":"","overlay-color":"","overlay-opacity":"","overlay-gradient":""}},"ast-content-background-meta":{"desktop":{"background-color":"var(--ast-global-color-5)","background-image":"","background-repeat":"repeat","background-position":"center center","background-size":"auto","background-attachment":"scroll","background-type":"","background-media":"","overlay-type":"","overlay-color":"","overlay-opacity":"","overlay-gradient":""},"tablet":{"background-color":"var(--ast-global-color-5)","background-image":"","background-repeat":"repeat","background-position":"center center","background-size":"auto","background-attachment":"scroll","background-type":"","background-media":"","overlay-type":"","overlay-color":"","overlay-opacity":"","overlay-gradient":""},"mobile":{"background-color":"var(--ast-global-color-5)","background-image":"","background-repeat":"repeat","background-position":"center center","background-size":"auto","background-attachment":"scroll","background-type":"","background-media":"","overlay-type":"","overlay-color":"","overlay-opacity":"","overlay-gradient":""}}},"product_brand":[],"product_cat":[79],"product_tag":[],"class_list":{"0":"post-8393","1":"product","2":"type-product","3":"status-publish","4":"has-post-thumbnail","6":"product_cat-produto-espessantes","7":"desktop-align-center","8":"tablet-align-left","9":"mobile-align-left","11":"first","12":"instock","13":"shipping-taxable","14":"product-type-simple"},"yoast_head":"<!-- This site is optimized with the Yoast SEO plugin v26.5 - https:\/\/yoast.com\/wordpress\/plugins\/seo\/ -->\n<title>Fornecedor de pectina c\u00edtrica, comprar p\u00f3 de pectina c\u00edtrica org\u00e2nica | Niranbio Chemical<\/title>\n<meta name=\"description\" content=\"Nossa pectina c\u00edtrica \u00e9 um p\u00f3 branco sem odor pungente e pode ser usada como emulsificante, estabilizador e espessante na ind\u00fastria aliment\u00edcia.\" \/>\n<meta name=\"robots\" content=\"noindex, follow, max-snippet:-1, max-image-preview:large, max-video-preview:-1\" \/>\n<meta name=\"twitter:label1\" content=\"Est. tempo de leitura\" \/>\n\t<meta name=\"twitter:data1\" content=\"4 minutos\" \/>\n<script type=\"application\/ld+json\" class=\"yoast-schema-graph\">{\"@context\":\"https:\/\/schema.org\",\"@graph\":[{\"@type\":\"WebPage\",\"@id\":\"https:\/\/theo.niranbio.com\/pt-br\/pectina-citrica.html\",\"url\":\"https:\/\/theo.niranbio.com\/pt-br\/pectina-citrica.html\",\"name\":\"Fornecedor de pectina c\u00edtrica, comprar p\u00f3 de pectina c\u00edtrica org\u00e2nica | Niranbio Chemical\",\"isPartOf\":{\"@id\":\"https:\/\/theo.niranbio.com\/pt-br\/#website\"},\"primaryImageOfPage\":{\"@id\":\"https:\/\/theo.niranbio.com\/pt-br\/pectina-citrica.html#primaryimage\"},\"image\":{\"@id\":\"https:\/\/theo.niranbio.com\/pt-br\/pectina-citrica.html#primaryimage\"},\"thumbnailUrl\":\"https:\/\/theo.niranbio.com\/wp-content\/uploads\/2024\/06\/Citrus-Pectin.webp\",\"datePublished\":\"2024-06-20T02:25:01+00:00\",\"dateModified\":\"2024-08-19T03:47:09+00:00\",\"description\":\"Nossa pectina c\u00edtrica \u00e9 um p\u00f3 branco sem odor pungente e pode ser usada como emulsificante, estabilizador e espessante na ind\u00fastria aliment\u00edcia.\",\"breadcrumb\":{\"@id\":\"https:\/\/theo.niranbio.com\/pt-br\/pectina-citrica.html#breadcrumb\"},\"inLanguage\":\"pt-BR\",\"potentialAction\":[{\"@type\":\"ReadAction\",\"target\":[\"https:\/\/theo.niranbio.com\/pt-br\/pectina-citrica.html\"]}]},{\"@type\":\"ImageObject\",\"inLanguage\":\"pt-BR\",\"@id\":\"https:\/\/theo.niranbio.com\/pt-br\/pectina-citrica.html#primaryimage\",\"url\":\"https:\/\/theo.niranbio.com\/wp-content\/uploads\/2024\/06\/Citrus-Pectin.webp\",\"contentUrl\":\"https:\/\/theo.niranbio.com\/wp-content\/uploads\/2024\/06\/Citrus-Pectin.webp\",\"width\":600,\"height\":600,\"caption\":\"Pectina C\u00edtrica\"},{\"@type\":\"BreadcrumbList\",\"@id\":\"https:\/\/theo.niranbio.com\/pt-br\/pectina-citrica.html#breadcrumb\",\"itemListElement\":[{\"@type\":\"ListItem\",\"position\":1,\"name\":\"Home\",\"item\":\"https:\/\/theo.niranbio.com\/pt-br\/\"},{\"@type\":\"ListItem\",\"position\":2,\"name\":\"Produtos\",\"item\":\"https:\/\/theo.niranbio.com\/pt-br\/produtos.html\"},{\"@type\":\"ListItem\",\"position\":3,\"name\":\"Espessantes\",\"item\":\"https:\/\/theo.niranbio.com\/pt-br\/produto-espessantes\/\"},{\"@type\":\"ListItem\",\"position\":4,\"name\":\"Pectina c\u00edtrica\"}]},{\"@type\":\"WebSite\",\"@id\":\"https:\/\/theo.niranbio.com\/pt-br\/#website\",\"url\":\"https:\/\/theo.niranbio.com\/pt-br\/\",\"name\":\"Niranbio Chemical\",\"description\":\"\",\"publisher\":{\"@id\":\"https:\/\/theo.niranbio.com\/pt-br\/#organization\"},\"potentialAction\":[{\"@type\":\"SearchAction\",\"target\":{\"@type\":\"EntryPoint\",\"urlTemplate\":\"https:\/\/theo.niranbio.com\/pt-br\/?s={search_term_string}\"},\"query-input\":{\"@type\":\"PropertyValueSpecification\",\"valueRequired\":true,\"valueName\":\"search_term_string\"}}],\"inLanguage\":\"pt-BR\"},{\"@type\":\"Organization\",\"@id\":\"https:\/\/theo.niranbio.com\/pt-br\/#organization\",\"name\":\"Niranbio Chemical\",\"url\":\"https:\/\/theo.niranbio.com\/pt-br\/\",\"logo\":{\"@type\":\"ImageObject\",\"inLanguage\":\"pt-BR\",\"@id\":\"https:\/\/theo.niranbio.com\/pt-br\/#\/schema\/logo\/image\/\",\"url\":\"https:\/\/theo.niranbio.com\/wp-content\/uploads\/2024\/06\/Niranbio.png\",\"contentUrl\":\"https:\/\/theo.niranbio.com\/wp-content\/uploads\/2024\/06\/Niranbio.png\",\"width\":270,\"height\":100,\"caption\":\"Niranbio Chemical\"},\"image\":{\"@id\":\"https:\/\/theo.niranbio.com\/pt-br\/#\/schema\/logo\/image\/\"}}]}<\/script>\n<!-- \/ Yoast SEO plugin. -->","yoast_head_json":{"title":"Fornecedor de pectina c\u00edtrica, comprar p\u00f3 de pectina c\u00edtrica org\u00e2nica | Niranbio Chemical","description":"Nossa pectina c\u00edtrica \u00e9 um p\u00f3 branco sem odor pungente e pode ser usada como emulsificante, estabilizador e espessante na ind\u00fastria aliment\u00edcia.","robots":{"index":"noindex","follow":"follow","max-snippet":"max-snippet:-1","max-image-preview":"max-image-preview:large","max-video-preview":"max-video-preview:-1"},"twitter_misc":{"Est. tempo de leitura":"4 minutos"},"schema":{"@context":"https:\/\/schema.org","@graph":[{"@type":"WebPage","@id":"https:\/\/theo.niranbio.com\/pt-br\/pectina-citrica.html","url":"https:\/\/theo.niranbio.com\/pt-br\/pectina-citrica.html","name":"Fornecedor de pectina c\u00edtrica, comprar p\u00f3 de pectina c\u00edtrica org\u00e2nica | Niranbio Chemical","isPartOf":{"@id":"https:\/\/theo.niranbio.com\/pt-br\/#website"},"primaryImageOfPage":{"@id":"https:\/\/theo.niranbio.com\/pt-br\/pectina-citrica.html#primaryimage"},"image":{"@id":"https:\/\/theo.niranbio.com\/pt-br\/pectina-citrica.html#primaryimage"},"thumbnailUrl":"https:\/\/theo.niranbio.com\/wp-content\/uploads\/2024\/06\/Citrus-Pectin.webp","datePublished":"2024-06-20T02:25:01+00:00","dateModified":"2024-08-19T03:47:09+00:00","description":"Nossa pectina c\u00edtrica \u00e9 um p\u00f3 branco sem odor pungente e pode ser usada como emulsificante, estabilizador e espessante na ind\u00fastria aliment\u00edcia.","breadcrumb":{"@id":"https:\/\/theo.niranbio.com\/pt-br\/pectina-citrica.html#breadcrumb"},"inLanguage":"pt-BR","potentialAction":[{"@type":"ReadAction","target":["https:\/\/theo.niranbio.com\/pt-br\/pectina-citrica.html"]}]},{"@type":"ImageObject","inLanguage":"pt-BR","@id":"https:\/\/theo.niranbio.com\/pt-br\/pectina-citrica.html#primaryimage","url":"https:\/\/theo.niranbio.com\/wp-content\/uploads\/2024\/06\/Citrus-Pectin.webp","contentUrl":"https:\/\/theo.niranbio.com\/wp-content\/uploads\/2024\/06\/Citrus-Pectin.webp","width":600,"height":600,"caption":"Pectina C\u00edtrica"},{"@type":"BreadcrumbList","@id":"https:\/\/theo.niranbio.com\/pt-br\/pectina-citrica.html#breadcrumb","itemListElement":[{"@type":"ListItem","position":1,"name":"Home","item":"https:\/\/theo.niranbio.com\/pt-br\/"},{"@type":"ListItem","position":2,"name":"Produtos","item":"https:\/\/theo.niranbio.com\/pt-br\/produtos.html"},{"@type":"ListItem","position":3,"name":"Espessantes","item":"https:\/\/theo.niranbio.com\/pt-br\/produto-espessantes\/"},{"@type":"ListItem","position":4,"name":"Pectina c\u00edtrica"}]},{"@type":"WebSite","@id":"https:\/\/theo.niranbio.com\/pt-br\/#website","url":"https:\/\/theo.niranbio.com\/pt-br\/","name":"Niranbio Chemical","description":"","publisher":{"@id":"https:\/\/theo.niranbio.com\/pt-br\/#organization"},"potentialAction":[{"@type":"SearchAction","target":{"@type":"EntryPoint","urlTemplate":"https:\/\/theo.niranbio.com\/pt-br\/?s={search_term_string}"},"query-input":{"@type":"PropertyValueSpecification","valueRequired":true,"valueName":"search_term_string"}}],"inLanguage":"pt-BR"},{"@type":"Organization","@id":"https:\/\/theo.niranbio.com\/pt-br\/#organization","name":"Niranbio Chemical","url":"https:\/\/theo.niranbio.com\/pt-br\/","logo":{"@type":"ImageObject","inLanguage":"pt-BR","@id":"https:\/\/theo.niranbio.com\/pt-br\/#\/schema\/logo\/image\/","url":"https:\/\/theo.niranbio.com\/wp-content\/uploads\/2024\/06\/Niranbio.png","contentUrl":"https:\/\/theo.niranbio.com\/wp-content\/uploads\/2024\/06\/Niranbio.png","width":270,"height":100,"caption":"Niranbio Chemical"},"image":{"@id":"https:\/\/theo.niranbio.com\/pt-br\/#\/schema\/logo\/image\/"}}]}},"_links":{"self":[{"href":"https:\/\/theo.niranbio.com\/pt-br\/wp-json\/wp\/v2\/product\/8393","targetHints":{"allow":["GET"]}}],"collection":[{"href":"https:\/\/theo.niranbio.com\/pt-br\/wp-json\/wp\/v2\/product"}],"about":[{"href":"https:\/\/theo.niranbio.com\/pt-br\/wp-json\/wp\/v2\/types\/product"}],"version-history":[{"count":0,"href":"https:\/\/theo.niranbio.com\/pt-br\/wp-json\/wp\/v2\/product\/8393\/revisions"}],"wp:featuredmedia":[{"embeddable":true,"href":"https:\/\/theo.niranbio.com\/pt-br\/wp-json\/wp\/v2\/media\/7965"}],"wp:attachment":[{"href":"https:\/\/theo.niranbio.com\/pt-br\/wp-json\/wp\/v2\/media?parent=8393"}],"wp:term":[{"taxonomy":"product_brand","embeddable":true,"href":"https:\/\/theo.niranbio.com\/pt-br\/wp-json\/wp\/v2\/product_brand?post=8393"},{"taxonomy":"product_cat","embeddable":true,"href":"https:\/\/theo.niranbio.com\/pt-br\/wp-json\/wp\/v2\/product_cat?post=8393"},{"taxonomy":"product_tag","embeddable":true,"href":"https:\/\/theo.niranbio.com\/pt-br\/wp-json\/wp\/v2\/product_tag?post=8393"}],"curies":[{"name":"wp","href":"https:\/\/api.w.org\/{rel}","templated":true}]}}