{"id":8385,"date":"2024-06-20T10:33:47","date_gmt":"2024-06-20T02:33:47","guid":{"rendered":"https:\/\/theo.niranbio.com\/goma-guar\/"},"modified":"2024-08-19T10:51:17","modified_gmt":"2024-08-19T02:51:17","slug":"goma-guar","status":"publish","type":"product","link":"https:\/\/theo.niranbio.com\/pt-br\/goma-guar.html","title":{"rendered":"Goma guar"},"content":{"rendered":"<h2><span class=\"ez-toc-section\" id=\"O_que_e_goma_guar\"><\/span>O que \u00e9 goma guar?<span class=\"ez-toc-section-end\"><\/span><\/h2>\n<p>Um extrato do feij\u00e3o guar \u00e9 conhecido como goma guar. \u00c9 uma galactomanana com apar\u00eancia de p\u00f3 branco a ligeiramente amarelo e fluido. Ela engrossa rapidamente porque se dissolve na \u00e1gua e se transforma em uma subst\u00e2ncia gelatinosa quando entra em contato com ela. \u00c9 frequentemente usada como espessante em aditivos alimentares.<\/p>\n<p>A goma guar \u00e9 extra\u00edda principalmente das sementes da leguminosa do feij\u00e3o guar. As sementes s\u00e3o secas, mo\u00eddas e hidrolisadas sob press\u00e3o. A mistura hidrolisada pressurizada \u00e9 ent\u00e3o precipitada com 20% de etanol. Ela \u00e9 ent\u00e3o centrifugada para remover impurezas desnecess\u00e1rias e extrair componentes puros da goma guar. A goma guar obtida ap\u00f3s a centrifuga\u00e7\u00e3o \u00e9 ent\u00e3o seca e triturada novamente para formar o produto final de goma guar de qualidade alimentar.<\/p>\n<h2><span class=\"ez-toc-section\" id=\"Parametros_relacionados\"><\/span>Par\u00e2metros relacionados:<span class=\"ez-toc-section-end\"><\/span><\/h2>\n<table>\n<tbody>\n<tr>\n<td><strong>Itens<\/strong><\/td>\n<td><strong>Padr\u00f5es<\/strong><\/td>\n<\/tr>\n<tr>\n<td>Odor<\/td>\n<td>Inodoro ou com leve odor de feij\u00e3o<\/td>\n<\/tr>\n<tr>\n<td>Viscosidade\/mPa.s 1% Sol.<br \/>\n25 \u2103, 2 horas,<\/td>\n<td>6000 min<\/td>\n<\/tr>\n<tr>\n<td>Perda de secagem, w\/%<\/td>\n<td>\u2264 15.0<\/td>\n<\/tr>\n<tr>\n<td>Cinzas, w\/%<\/td>\n<td>\u2264 1.5<\/td>\n<\/tr>\n<tr>\n<td>N\u00e3o sol\u00favel em \u00e1cido, p\/%<\/td>\n<td>\u2264 7.0<\/td>\n<\/tr>\n<tr>\n<td>Teste de \u00e1cido b\u00f3rico<\/td>\n<td>Passe<\/td>\n<\/tr>\n<tr>\n<td>Prote\u00edna, p\/%<\/td>\n<td>\u22647.0<\/td>\n<\/tr>\n<tr>\n<td>Teste de amido<\/td>\n<td>Aprovado<\/td>\n<\/tr>\n<tr>\n<td>Total de As\uff08as As\uff09\/\uff08mg\u2215kg\uff09<\/td>\n<td>\u2264 3.0<\/td>\n<\/tr>\n<tr>\n<td>Pb\/\uff08mg\u2215kg\uff09<\/td>\n<td>\u2264 2.0<\/td>\n<\/tr>\n<tr>\n<td>Contagem total de placas\/\uff08CFU\u2215g\uff09<\/td>\n<td>\u2264 5000<\/td>\n<\/tr>\n<tr>\n<td>Grupo Coli\/\uff08MPN\u2215g\uff09<\/td>\n<td>\uff1c30<\/td>\n<\/tr>\n<\/tbody>\n<\/table>\n<h2><span class=\"ez-toc-section\" id=\"Dosagem_recomendada\"><\/span>Dosagem recomendada:<span class=\"ez-toc-section-end\"><\/span><\/h2>\n<table>\n<tbody>\n<tr>\n<td><strong>Nome do alimento<\/strong><\/td>\n<td><strong>Uso m\u00e1ximo (g\/kg)<\/strong><\/td>\n<\/tr>\n<tr>\n<td>Bebidas<\/td>\n<td>1-5 g\/kg<\/td>\n<\/tr>\n<tr>\n<td>Produtos l\u00e1cteos<\/td>\n<td>1-5 g\/kg<\/td>\n<\/tr>\n<tr>\n<td>Molhos e temperos<\/td>\n<td>2-8 g\/kg<\/td>\n<\/tr>\n<tr>\n<td>Tempero para massa e p\u00e3o<\/td>\n<td>2-10 g\/kg<\/td>\n<\/tr>\n<tr>\n<td>Alimentos enlatados<\/td>\n<td>2-8 g\/kg<\/td>\n<\/tr>\n<tr>\n<td>Produtos c\u00e1rneos (presunto, salsicha, etc.)<\/td>\n<td>2-8 g\/kg<\/td>\n<\/tr>\n<tr>\n<td>Condimentos<\/td>\n<td>2-8 g\/kg<\/td>\n<\/tr>\n<tr>\n<td>Iogurte e produtos l\u00e1cteos fermentados<\/td>\n<td>1-5 g\/kg<\/td>\n<\/tr>\n<tr>\n<td>Molhos para salada<\/td>\n<td>2-8 g\/kg<\/td>\n<\/tr>\n<tr>\n<td>Confeitaria e chocolate<\/td>\n<td>2-8 g\/kg<\/td>\n<\/tr>\n<tr>\n<td>Aditivos para ra\u00e7\u00f5es (alimentos para animais de estima\u00e7\u00e3o, etc.)<\/td>\n<td>1-5 g\/kg<\/td>\n<\/tr>\n<tr>\n<td>Temperos e aromas em p\u00f3<\/td>\n<td>2-8 g\/kg<\/td>\n<\/tr>\n<\/tbody>\n<\/table>\n<h2><span class=\"ez-toc-section\" id=\"A_goma_guar_tem_uma_ampla_gama_de_usos\"><\/span>A goma guar tem uma ampla gama de usos<span class=\"ez-toc-section-end\"><\/span><\/h2>\n<ol>\n<li>Espessante: como uma goma vegetal natural, \u00e9 extra\u00edda principalmente de gr\u00e3os de guar. Tem boa solubilidade em \u00e1gua e pode aumentar significativamente a viscosidade dos alimentos, melhorar a textura e o sabor dos alimentos. \u200c\u00c9 amplamente utilizado na ind\u00fastria aliment\u00edcia, como sorvetes, doces congelados, p\u00e3es, bolos e outros alimentos assados, bem como geleia, molho para salada, iogurte, carne enlatada, cerveja, bebidas sem a\u00e7\u00facar e outros alimentos. Al\u00e9m de ajudar os alimentos a durarem mais na prateleira, pode melhorar o sabor e o gosto dos alimentos.<\/li>\n<li>Estabilizador: em sucos e bebidas, a goma guar pode ser usada como espessante para tornar o sabor dos sucos e bebidas mais rico e suave. \u200c Ao mesmo tempo, tamb\u00e9m pode estabilizar as part\u00edculas suspensas no suco para evitar precipita\u00e7\u00e3o e estratifica\u00e7\u00e3o. Adicionar goma guar aos produtos de chocolate pode melhorar a textura do chocolate, tornando-o mais delicado e suave, e evitar que o chocolate cristalize e se separe quando a temperatura muda.<\/li>\n<li>Melhorar a textura e estabilidade dos alimentos: Em sorvetes e sobremesas congeladas, a goma guar atua como um estabilizador para melhorar a resist\u00eancia ao derretimento e a estabilidade de sorvetes e sobremesas congeladas, para que possam manter melhor textura e sabor durante o armazenamento e transporte. Adicionar goma guar a doces e bolos pode melhorar a textura da massa e tornar os doces mais macios e delicados. Ao mesmo tempo, a goma guar tamb\u00e9m pode melhorar a reten\u00e7\u00e3o de umidade dos bolos e estender a vida \u00fatil.<\/li>\n<li>Benef\u00edcios nutricionais e de sa\u00fade: A goma guar, como um aditivo alimentar natural, \u00e9 amplamente encontrada em v\u00e1rios alimentos, como frutas, vegetais, gr\u00e3os, etc. Pode suplementar os nutrientes necess\u00e1rios ao corpo humano, promover a digest\u00e3o, melhorar a imunidade, auxiliar na melhora da constipa\u00e7\u00e3o, proteger doen\u00e7as cardiovasculares e cerebrovasculares, etc.<\/li>\n<\/ol>\n<h2><span class=\"ez-toc-section\" id=\"O_usuario_fez_a_seguinte_pergunta\"><\/span>O usu\u00e1rio fez a seguinte pergunta:<span class=\"ez-toc-section-end\"><\/span><\/h2>\n<p>Pergunta: Como a goma guar e a goma xantana diferem uma da outra?<\/p>\n<p>Resposta: A goma guar e a goma xantana s\u00e3o dois espessantes e estabilizadores alimentares comumente usados, que t\u00eam diferen\u00e7as significativas em suas fontes, estruturas e caracter\u00edsticas de uso. O ingrediente principal da goma guar s\u00e3o os polissacar\u00eddeos lineares, que s\u00e3o derivados das sementes da planta guar. Embora sua solubilidade seja um pouco pior do que a goma xantana, ela pode ser efetivamente dissolvida em \u00e1gua morna e \u00e9 adequada para produtos como latic\u00ednios, sorvetes e p\u00e3es que exigem alta viscosidade e boas propriedades reol\u00f3gicas.<\/p>\n<p>A goma xantana vem da fermenta\u00e7\u00e3o bacteriana e tem excelente solubilidade em \u00e1gua fria e estabilidade sob uma ampla gama de condi\u00e7\u00f5es de pH. Muitos produtos culin\u00e1rios, incluindo bebidas e molhos para salada, frequentemente a cont\u00eam. Devido \u00e0 sua fonte natural e boas propriedades reol\u00f3gicas, a goma guar \u00e9 particularmente proeminente na ind\u00fastria aliment\u00edcia e pode melhorar a textura e a estabilidade do produto.<\/p>\n","protected":false},"excerpt":{"rendered":"<ul>\n<li>CAS: 9000-30-0<\/li>\n<li>F\u00f3rmula qu\u00edmica: C<sub>10<\/sub>H<sub>14<\/sub>N<sub>5<\/sub>Na<sub>2<\/sub>O<sub>12<\/sub>P<sub>3<\/sub><\/li>\n<li>Certifica\u00e7\u00f5es: KOSHER, ISO, HALAL, FSSC22000, BRC, etc.<\/li>\n<li>Quantidade m\u00ednima do pedido: 1000KG<\/li>\n<li>Prazo de validade: 2 anos<\/li>\n<\/ul>\n<div id=\"gtx-trans\" style=\"position: absolute; left: -47px; top: 134.109px;\">\n<div class=\"gtx-trans-icon\"><\/div>\n<\/div>\n","protected":false},"featured_media":7986,"template":"","meta":{"site-sidebar-layout":"default","site-content-layout":"","ast-site-content-layout":"default","site-content-style":"default","site-sidebar-style":"default","ast-global-header-display":"","ast-banner-title-visibility":"","ast-main-header-display":"","ast-hfb-above-header-display":"","ast-hfb-below-header-display":"","ast-hfb-mobile-header-display":"","site-post-title":"","ast-breadcrumbs-content":"","ast-featured-img":"","footer-sml-layout":"","theme-transparent-header-meta":"default","adv-header-id-meta":"","stick-header-meta":"","header-above-stick-meta":"","header-main-stick-meta":"","header-below-stick-meta":"","astra-migrate-meta-layouts":"set","ast-page-background-enabled":"default","ast-page-background-meta":{"desktop":{"background-color":"var(--ast-global-color-4)","background-image":"","background-repeat":"repeat","background-position":"center center","background-size":"auto","background-attachment":"scroll","background-type":"","background-media":"","overlay-type":"","overlay-color":"","overlay-opacity":"","overlay-gradient":""},"tablet":{"background-color":"","background-image":"","background-repeat":"repeat","background-position":"center center","background-size":"auto","background-attachment":"scroll","background-type":"","background-media":"","overlay-type":"","overlay-color":"","overlay-opacity":"","overlay-gradient":""},"mobile":{"background-color":"","background-image":"","background-repeat":"repeat","background-position":"center center","background-size":"auto","background-attachment":"scroll","background-type":"","background-media":"","overlay-type":"","overlay-color":"","overlay-opacity":"","overlay-gradient":""}},"ast-content-background-meta":{"desktop":{"background-color":"var(--ast-global-color-5)","background-image":"","background-repeat":"repeat","background-position":"center center","background-size":"auto","background-attachment":"scroll","background-type":"","background-media":"","overlay-type":"","overlay-color":"","overlay-opacity":"","overlay-gradient":""},"tablet":{"background-color":"var(--ast-global-color-5)","background-image":"","background-repeat":"repeat","background-position":"center center","background-size":"auto","background-attachment":"scroll","background-type":"","background-media":"","overlay-type":"","overlay-color":"","overlay-opacity":"","overlay-gradient":""},"mobile":{"background-color":"var(--ast-global-color-5)","background-image":"","background-repeat":"repeat","background-position":"center center","background-size":"auto","background-attachment":"scroll","background-type":"","background-media":"","overlay-type":"","overlay-color":"","overlay-opacity":"","overlay-gradient":""}}},"product_brand":[],"product_cat":[79],"product_tag":[],"class_list":{"0":"post-8385","1":"product","2":"type-product","3":"status-publish","4":"has-post-thumbnail","6":"product_cat-produto-espessantes","7":"desktop-align-center","8":"tablet-align-left","9":"mobile-align-left","11":"first","12":"instock","13":"shipping-taxable","14":"product-type-simple"},"yoast_head":"<!-- This site is optimized with the Yoast SEO plugin v26.5 - https:\/\/yoast.com\/wordpress\/plugins\/seo\/ -->\n<title>Goma guar fornecedor, goma guar p\u00f3 pre\u00e7o E412 na China | Niranbio Chemical<\/title>\n<meta name=\"description\" content=\"Nosso p\u00f3 de goma guar \u00e9 uma galactomanana com apar\u00eancia de p\u00f3 branco a levemente amarelo, que flui livremente, dissolvendo-se em \u00e1gua e se transformando em uma subst\u00e2ncia gelatinosa quando entra em contato com ela.\" \/>\n<meta name=\"robots\" content=\"noindex, follow, max-snippet:-1, max-image-preview:large, max-video-preview:-1\" \/>\n<meta name=\"twitter:label1\" content=\"Est. tempo de leitura\" \/>\n\t<meta name=\"twitter:data1\" content=\"4 minutos\" \/>\n<script type=\"application\/ld+json\" class=\"yoast-schema-graph\">{\"@context\":\"https:\/\/schema.org\",\"@graph\":[{\"@type\":\"WebPage\",\"@id\":\"https:\/\/theo.niranbio.com\/pt-br\/goma-guar.html\",\"url\":\"https:\/\/theo.niranbio.com\/pt-br\/goma-guar.html\",\"name\":\"Goma guar fornecedor, goma guar p\u00f3 pre\u00e7o E412 na China | Niranbio Chemical\",\"isPartOf\":{\"@id\":\"https:\/\/theo.niranbio.com\/pt-br\/#website\"},\"primaryImageOfPage\":{\"@id\":\"https:\/\/theo.niranbio.com\/pt-br\/goma-guar.html#primaryimage\"},\"image\":{\"@id\":\"https:\/\/theo.niranbio.com\/pt-br\/goma-guar.html#primaryimage\"},\"thumbnailUrl\":\"https:\/\/theo.niranbio.com\/wp-content\/uploads\/2024\/06\/Guar-gum.webp\",\"datePublished\":\"2024-06-20T02:33:47+00:00\",\"dateModified\":\"2024-08-19T02:51:17+00:00\",\"description\":\"Nosso p\u00f3 de goma guar \u00e9 uma galactomanana com apar\u00eancia de p\u00f3 branco a levemente amarelo, que flui livremente, dissolvendo-se em \u00e1gua e se transformando em uma subst\u00e2ncia gelatinosa quando entra em contato com ela.\",\"breadcrumb\":{\"@id\":\"https:\/\/theo.niranbio.com\/pt-br\/goma-guar.html#breadcrumb\"},\"inLanguage\":\"pt-BR\",\"potentialAction\":[{\"@type\":\"ReadAction\",\"target\":[\"https:\/\/theo.niranbio.com\/pt-br\/goma-guar.html\"]}]},{\"@type\":\"ImageObject\",\"inLanguage\":\"pt-BR\",\"@id\":\"https:\/\/theo.niranbio.com\/pt-br\/goma-guar.html#primaryimage\",\"url\":\"https:\/\/theo.niranbio.com\/wp-content\/uploads\/2024\/06\/Guar-gum.webp\",\"contentUrl\":\"https:\/\/theo.niranbio.com\/wp-content\/uploads\/2024\/06\/Guar-gum.webp\",\"width\":600,\"height\":600,\"caption\":\"Guar Gum\"},{\"@type\":\"BreadcrumbList\",\"@id\":\"https:\/\/theo.niranbio.com\/pt-br\/goma-guar.html#breadcrumb\",\"itemListElement\":[{\"@type\":\"ListItem\",\"position\":1,\"name\":\"Home\",\"item\":\"https:\/\/theo.niranbio.com\/pt-br\/\"},{\"@type\":\"ListItem\",\"position\":2,\"name\":\"Produtos\",\"item\":\"https:\/\/theo.niranbio.com\/pt-br\/produtos.html\"},{\"@type\":\"ListItem\",\"position\":3,\"name\":\"Espessantes\",\"item\":\"https:\/\/theo.niranbio.com\/pt-br\/produto-espessantes\/\"},{\"@type\":\"ListItem\",\"position\":4,\"name\":\"Goma guar\"}]},{\"@type\":\"WebSite\",\"@id\":\"https:\/\/theo.niranbio.com\/pt-br\/#website\",\"url\":\"https:\/\/theo.niranbio.com\/pt-br\/\",\"name\":\"Niranbio Chemical\",\"description\":\"\",\"publisher\":{\"@id\":\"https:\/\/theo.niranbio.com\/pt-br\/#organization\"},\"potentialAction\":[{\"@type\":\"SearchAction\",\"target\":{\"@type\":\"EntryPoint\",\"urlTemplate\":\"https:\/\/theo.niranbio.com\/pt-br\/?s={search_term_string}\"},\"query-input\":{\"@type\":\"PropertyValueSpecification\",\"valueRequired\":true,\"valueName\":\"search_term_string\"}}],\"inLanguage\":\"pt-BR\"},{\"@type\":\"Organization\",\"@id\":\"https:\/\/theo.niranbio.com\/pt-br\/#organization\",\"name\":\"Niranbio Chemical\",\"url\":\"https:\/\/theo.niranbio.com\/pt-br\/\",\"logo\":{\"@type\":\"ImageObject\",\"inLanguage\":\"pt-BR\",\"@id\":\"https:\/\/theo.niranbio.com\/pt-br\/#\/schema\/logo\/image\/\",\"url\":\"https:\/\/theo.niranbio.com\/wp-content\/uploads\/2024\/06\/Niranbio.png\",\"contentUrl\":\"https:\/\/theo.niranbio.com\/wp-content\/uploads\/2024\/06\/Niranbio.png\",\"width\":270,\"height\":100,\"caption\":\"Niranbio Chemical\"},\"image\":{\"@id\":\"https:\/\/theo.niranbio.com\/pt-br\/#\/schema\/logo\/image\/\"}}]}<\/script>\n<!-- \/ Yoast SEO plugin. -->","yoast_head_json":{"title":"Goma guar fornecedor, goma guar p\u00f3 pre\u00e7o E412 na China | Niranbio Chemical","description":"Nosso p\u00f3 de goma guar \u00e9 uma galactomanana com apar\u00eancia de p\u00f3 branco a levemente amarelo, que flui livremente, dissolvendo-se em \u00e1gua e se transformando em uma subst\u00e2ncia gelatinosa quando entra em contato com ela.","robots":{"index":"noindex","follow":"follow","max-snippet":"max-snippet:-1","max-image-preview":"max-image-preview:large","max-video-preview":"max-video-preview:-1"},"twitter_misc":{"Est. tempo de leitura":"4 minutos"},"schema":{"@context":"https:\/\/schema.org","@graph":[{"@type":"WebPage","@id":"https:\/\/theo.niranbio.com\/pt-br\/goma-guar.html","url":"https:\/\/theo.niranbio.com\/pt-br\/goma-guar.html","name":"Goma guar fornecedor, goma guar p\u00f3 pre\u00e7o E412 na China | Niranbio Chemical","isPartOf":{"@id":"https:\/\/theo.niranbio.com\/pt-br\/#website"},"primaryImageOfPage":{"@id":"https:\/\/theo.niranbio.com\/pt-br\/goma-guar.html#primaryimage"},"image":{"@id":"https:\/\/theo.niranbio.com\/pt-br\/goma-guar.html#primaryimage"},"thumbnailUrl":"https:\/\/theo.niranbio.com\/wp-content\/uploads\/2024\/06\/Guar-gum.webp","datePublished":"2024-06-20T02:33:47+00:00","dateModified":"2024-08-19T02:51:17+00:00","description":"Nosso p\u00f3 de goma guar \u00e9 uma galactomanana com apar\u00eancia de p\u00f3 branco a levemente amarelo, que flui livremente, dissolvendo-se em \u00e1gua e se transformando em uma subst\u00e2ncia gelatinosa quando entra em contato com ela.","breadcrumb":{"@id":"https:\/\/theo.niranbio.com\/pt-br\/goma-guar.html#breadcrumb"},"inLanguage":"pt-BR","potentialAction":[{"@type":"ReadAction","target":["https:\/\/theo.niranbio.com\/pt-br\/goma-guar.html"]}]},{"@type":"ImageObject","inLanguage":"pt-BR","@id":"https:\/\/theo.niranbio.com\/pt-br\/goma-guar.html#primaryimage","url":"https:\/\/theo.niranbio.com\/wp-content\/uploads\/2024\/06\/Guar-gum.webp","contentUrl":"https:\/\/theo.niranbio.com\/wp-content\/uploads\/2024\/06\/Guar-gum.webp","width":600,"height":600,"caption":"Guar Gum"},{"@type":"BreadcrumbList","@id":"https:\/\/theo.niranbio.com\/pt-br\/goma-guar.html#breadcrumb","itemListElement":[{"@type":"ListItem","position":1,"name":"Home","item":"https:\/\/theo.niranbio.com\/pt-br\/"},{"@type":"ListItem","position":2,"name":"Produtos","item":"https:\/\/theo.niranbio.com\/pt-br\/produtos.html"},{"@type":"ListItem","position":3,"name":"Espessantes","item":"https:\/\/theo.niranbio.com\/pt-br\/produto-espessantes\/"},{"@type":"ListItem","position":4,"name":"Goma guar"}]},{"@type":"WebSite","@id":"https:\/\/theo.niranbio.com\/pt-br\/#website","url":"https:\/\/theo.niranbio.com\/pt-br\/","name":"Niranbio Chemical","description":"","publisher":{"@id":"https:\/\/theo.niranbio.com\/pt-br\/#organization"},"potentialAction":[{"@type":"SearchAction","target":{"@type":"EntryPoint","urlTemplate":"https:\/\/theo.niranbio.com\/pt-br\/?s={search_term_string}"},"query-input":{"@type":"PropertyValueSpecification","valueRequired":true,"valueName":"search_term_string"}}],"inLanguage":"pt-BR"},{"@type":"Organization","@id":"https:\/\/theo.niranbio.com\/pt-br\/#organization","name":"Niranbio Chemical","url":"https:\/\/theo.niranbio.com\/pt-br\/","logo":{"@type":"ImageObject","inLanguage":"pt-BR","@id":"https:\/\/theo.niranbio.com\/pt-br\/#\/schema\/logo\/image\/","url":"https:\/\/theo.niranbio.com\/wp-content\/uploads\/2024\/06\/Niranbio.png","contentUrl":"https:\/\/theo.niranbio.com\/wp-content\/uploads\/2024\/06\/Niranbio.png","width":270,"height":100,"caption":"Niranbio Chemical"},"image":{"@id":"https:\/\/theo.niranbio.com\/pt-br\/#\/schema\/logo\/image\/"}}]}},"_links":{"self":[{"href":"https:\/\/theo.niranbio.com\/pt-br\/wp-json\/wp\/v2\/product\/8385","targetHints":{"allow":["GET"]}}],"collection":[{"href":"https:\/\/theo.niranbio.com\/pt-br\/wp-json\/wp\/v2\/product"}],"about":[{"href":"https:\/\/theo.niranbio.com\/pt-br\/wp-json\/wp\/v2\/types\/product"}],"version-history":[{"count":0,"href":"https:\/\/theo.niranbio.com\/pt-br\/wp-json\/wp\/v2\/product\/8385\/revisions"}],"wp:featuredmedia":[{"embeddable":true,"href":"https:\/\/theo.niranbio.com\/pt-br\/wp-json\/wp\/v2\/media\/7986"}],"wp:attachment":[{"href":"https:\/\/theo.niranbio.com\/pt-br\/wp-json\/wp\/v2\/media?parent=8385"}],"wp:term":[{"taxonomy":"product_brand","embeddable":true,"href":"https:\/\/theo.niranbio.com\/pt-br\/wp-json\/wp\/v2\/product_brand?post=8385"},{"taxonomy":"product_cat","embeddable":true,"href":"https:\/\/theo.niranbio.com\/pt-br\/wp-json\/wp\/v2\/product_cat?post=8385"},{"taxonomy":"product_tag","embeddable":true,"href":"https:\/\/theo.niranbio.com\/pt-br\/wp-json\/wp\/v2\/product_tag?post=8385"}],"curies":[{"name":"wp","href":"https:\/\/api.w.org\/{rel}","templated":true}]}}