{"id":8382,"date":"2024-06-20T09:40:52","date_gmt":"2024-06-20T01:40:52","guid":{"rendered":"https:\/\/theo.niranbio.com\/carbonato-de-magnesio-leve\/"},"modified":"2024-08-16T15:29:02","modified_gmt":"2024-08-16T07:29:02","slug":"carbonato-de-magnesio-leve","status":"publish","type":"product","link":"https:\/\/theo.niranbio.com\/pt-br\/carbonato-de-magnesio-leve.html","title":{"rendered":"Carbonato de magn\u00e9sio leve"},"content":{"rendered":"<h2><span class=\"ez-toc-section\" id=\"O_que_e_o_Magnesium_Carbonate_Light\"><\/span>O que \u00e9 o Magnesium Carbonate Light?<span class=\"ez-toc-section-end\"><\/span><\/h2>\n<p>A luz de carbonato de magn\u00e9sio \u00e9 uma subst\u00e2ncia qu\u00edmica que aparece como blocos brancos e fr\u00e1geis ou p\u00f3 branco solto. N\u00e3o tem odor \u00f3bvio, n\u00e3o \u00e9 facilmente sol\u00favel em \u00e1gua e etanol e n\u00e3o reage com a maioria dos \u00e1cidos e bases em temperatura ambiente. \u00c9 amplamente usado como aditivo alimentar e tamb\u00e9m \u00e9 usado nas ind\u00fastrias farmac\u00eautica, qu\u00edmica fina e cosm\u00e9tica.<\/p>\n<p>A luz de carbonato de magn\u00e9sio pode reagir a solu\u00e7\u00e3o de carbonato com solu\u00e7\u00e3o de sal de magn\u00e9sio para gerar um precipitado que pode ser seco para obter carbonato de magn\u00e9sio. Outro m\u00e9todo \u00e9 reagir o sal de magn\u00e9sio com carbonato alcalino, como hidr\u00f3xido de magn\u00e9sio e di\u00f3xido de carbono para gerar carbonato de magn\u00e9sio.<\/p>\n<h2><span class=\"ez-toc-section\" id=\"Parametros_relacionados\"><\/span>Par\u00e2metros relacionados:<span class=\"ez-toc-section-end\"><\/span><\/h2>\n<table>\n<tbody>\n<tr>\n<td><strong>TESTES<\/strong><\/td>\n<td><strong>ESPECIFICA\u00c7\u00c3O<\/strong><\/td>\n<td><strong>RESULTADO<\/strong><\/td>\n<\/tr>\n<tr>\n<td>Identifica\u00e7\u00e3o<\/td>\n<td>Atende aos requisitos<\/td>\n<td>Est\u00e1 em conformidade<\/td>\n<\/tr>\n<tr>\n<td>Sais sol\u00faveis<\/td>\n<td>NMT 1,0%<\/td>\n<td>0.4%<\/td>\n<\/tr>\n<tr>\n<td>Subst\u00e2ncias insol\u00faveis em \u00e1cido<\/td>\n<td>NMT 0,05%<\/td>\n<td>0.01%<\/td>\n<\/tr>\n<tr>\n<td>C\u00e1lcio<\/td>\n<td>NMT 0,45%<\/td>\n<td>0.06%<\/td>\n<\/tr>\n<tr>\n<td>Ferro<\/td>\n<td>NMT 200 ppm<\/td>\n<td>30 ppm<\/td>\n<\/tr>\n<tr>\n<td>Metais pesados<\/td>\n<td>NMT 30 ppm<\/td>\n<td>\uff1c20 ppm<\/td>\n<\/tr>\n<tr>\n<td>Ars\u00eanico<\/td>\n<td>NMT 4 ppm<\/td>\n<td>\uff1c2 ppm<\/td>\n<\/tr>\n<tr>\n<td>Ensaio (MgO\uff09<\/td>\n<td>40.0-43.5%<\/td>\n<td>42%<\/td>\n<\/tr>\n<tr>\n<td>Densidade aparente, (g\/ml)<\/td>\n<td>\u22640,20g\/ml<\/td>\n<td>0,09g\/ml<\/td>\n<\/tr>\n<tr>\n<td>Conclus\u00e3o:<\/td>\n<td colspan=\"2\">Este lote est\u00e1 em conformidade com os requisitos da USP41<\/td>\n<\/tr>\n<\/tbody>\n<\/table>\n<h2><span class=\"ez-toc-section\" id=\"Dosagem_recomendada\"><\/span>Dosagem recomendada<span class=\"ez-toc-section-end\"><\/span><\/h2>\n<table>\n<tbody>\n<tr>\n<td><strong>Nome do alimento<\/strong><\/td>\n<td><strong>Uso m\u00e1ximo (g\/kg)<\/strong><\/td>\n<\/tr>\n<tr>\n<td>Ind\u00fastria de bebidas<\/td>\n<td>2 g\/kg<\/td>\n<\/tr>\n<tr>\n<td>Ind\u00fastria de bebidas alco\u00f3licas<\/td>\n<td>5 g\/kg<\/td>\n<\/tr>\n<tr>\n<td>Ind\u00fastria de \u00f3leo comest\u00edvel<\/td>\n<td>4 g\/kg<\/td>\n<\/tr>\n<tr>\n<td>Ind\u00fastria de picles<\/td>\n<td>5 g\/kg<\/td>\n<\/tr>\n<tr>\n<td>Ind\u00fastria de processamento de peixes<\/td>\n<td>4 g\/kg<\/td>\n<\/tr>\n<tr>\n<td>Ind\u00fastria de processamento de carnes<\/td>\n<td>5 g\/kg<\/td>\n<\/tr>\n<tr>\n<td>Ind\u00fastria de alimentos enlatados<\/td>\n<td>4 g\/kg<\/td>\n<\/tr>\n<tr>\n<td>Ind\u00fastria de confeitaria<\/td>\n<td>3 g\/kg<\/td>\n<\/tr>\n<tr>\n<td>Ind\u00fastria de panifica\u00e7\u00e3o<\/td>\n<td>4 g\/kg<\/td>\n<\/tr>\n<tr>\n<td>Ind\u00fastria de amido e seus produtos<\/td>\n<td>4 g\/kg<\/td>\n<\/tr>\n<tr>\n<td>Ind\u00fastria de alimentos inchados<\/td>\n<td>4 g\/kg<\/td>\n<\/tr>\n<tr>\n<td>Ind\u00fastria de aditivos alimentares<\/td>\n<td>4 g\/kg<\/td>\n<\/tr>\n<\/tbody>\n<\/table>\n<h2><span class=\"ez-toc-section\" id=\"O_Magnesium_Carbonate_Light_tem_uma_ampla_gama_de_usos\"><\/span>O Magnesium Carbonate Light tem uma ampla gama de usos<span class=\"ez-toc-section-end\"><\/span><\/h2>\n<p>Pode ser empregado como isolamento t\u00e9rmico, materiais \u00e0 prova de fogo e resistentes ao calor em altas temperaturas. Tamb\u00e9m \u00e9 usado como enchimento e refor\u00e7o em borracha, bem como aditivo e compensador de magn\u00e9sio em alimentos e s\u00edntese qu\u00edmica fina. \u00c9 uma mat\u00e9ria-prima qu\u00edmica crucial usada na produ\u00e7\u00e3o de fios e cabos, produtos de vidro premium, tintas, pigmentos, tintas para carros, sais de magn\u00e9sio, cosm\u00e9ticos de uso di\u00e1rio, constru\u00e7\u00e3o naval, fabrica\u00e7\u00e3o de caldeiras e len\u00e7os umedecidos para atletas durante competi\u00e7\u00f5es.<\/p>\n<h2><span class=\"ez-toc-section\" id=\"O_usuario_fez_a_seguinte_pergunta\"><\/span>O usu\u00e1rio fez a seguinte pergunta:<span class=\"ez-toc-section-end\"><\/span><\/h2>\n<p>Pergunta: A diferen\u00e7a entre carbonato de magn\u00e9sio pesado e leve importa?<\/p>\n<p>Resposta: Com uma densidade de 3,58 g\/cm3, o carbonato de magn\u00e9sio leve \u00e9 \u200b\u200bum p\u00f3 grande, branco e amorfo que n\u00e3o tem sabor ou odor e n\u00e3o \u00e9 venenoso. \u00c1gua pura e solventes org\u00e2nicos o tornam insol\u00favel, mas solu\u00e7\u00f5es que combinam \u00e1cido e sais de am\u00f4nio o tornam sol\u00favel. Sua solubilidade em \u00e1gua aumenta devido \u00e0 presen\u00e7a de di\u00f3xido de carbono.<\/p>\n<p>Ap\u00f3s a queima em alta temperatura, ele se transforma em cristais e, quando encontra di\u00f3xido de carbono no ar, formar\u00e1 sal complexo de carbonato de magn\u00e9sio. O p\u00f3 compacto branco ou bege conhecido como carbonato de magn\u00e9sio pesado absorve rapidamente a umidade e o di\u00f3xido de carbono do ar quando misturado com uma solu\u00e7\u00e3o de cloreto de magn\u00e9sio. Ele tamb\u00e9m gelifica e endurece prontamente.<\/p>\n<p>Com uma densidade aparente de 0,5 gramas por mililitro, o carbonato de magn\u00e9sio pesado \u00e9 frequentemente imediatamente calcinado pelo min\u00e9rio de brucita e magnesita. Geralmente, o sulfato de magn\u00e9sio, o cloreto de magn\u00e9sio ou o bicarbonato de magn\u00e9sio s\u00e3o primeiro transformados em um produto sol\u00favel em \u00e1gua, que \u00e9 posteriormente quimicamente transformado em um produto insol\u00favel em \u00e1gua e, finalmente, \u00e9 calcinado para produzir carbonato de magn\u00e9sio leve.<\/p>\n<p>O produto resultante tem uma densidade aparente muito pequena, normalmente 0,2 g\/ml. Al\u00e9m disso, o carbonato de magn\u00e9sio leve \u00e9 \u200b\u200butilizado principalmente como mat\u00e9ria-prima para cer\u00e2mica, esmalte, tijolos refrat\u00e1rios e cadinhos refrat\u00e1rios, enquanto o carbonato de magn\u00e9sio pesado \u00e9 geralmente empregado em a\u00e7o de fibra de vidro, cimento e outros produtos. Ele tamb\u00e9m pode ser usado como adesivo, agente de polimento, papel e enchimento de tinta, ou um ativador e promotor para borracha de fl\u00faor e cloropreno.<\/p>\n","protected":false},"excerpt":{"rendered":"<ul>\n<li>CAS: 546-93-0<\/li>\n<li>F\u00f3rmula qu\u00edmica: MgCO<sub>3<\/sub><\/li>\n<li>Certifica\u00e7\u00f5es: KOSHER, ISO, HALAL, FSSC22000, BRC, etc.<\/li>\n<li>Padr\u00e3o: USP<\/li>\n<li>Quantidade m\u00ednima do pedido: 1000KG<\/li>\n<li>Prazo de validade: 2 anos<\/li>\n<\/ul>\n","protected":false},"featured_media":8383,"template":"","meta":{"site-sidebar-layout":"default","site-content-layout":"","ast-site-content-layout":"default","site-content-style":"default","site-sidebar-style":"default","ast-global-header-display":"","ast-banner-title-visibility":"","ast-main-header-display":"","ast-hfb-above-header-display":"","ast-hfb-below-header-display":"","ast-hfb-mobile-header-display":"","site-post-title":"","ast-breadcrumbs-content":"","ast-featured-img":"","footer-sml-layout":"","theme-transparent-header-meta":"default","adv-header-id-meta":"","stick-header-meta":"","header-above-stick-meta":"","header-main-stick-meta":"","header-below-stick-meta":"","astra-migrate-meta-layouts":"set","ast-page-background-enabled":"default","ast-page-background-meta":{"desktop":{"background-color":"var(--ast-global-color-4)","background-image":"","background-repeat":"repeat","background-position":"center center","background-size":"auto","background-attachment":"scroll","background-type":"","background-media":"","overlay-type":"","overlay-color":"","overlay-opacity":"","overlay-gradient":""},"tablet":{"background-color":"","background-image":"","background-repeat":"repeat","background-position":"center center","background-size":"auto","background-attachment":"scroll","background-type":"","background-media":"","overlay-type":"","overlay-color":"","overlay-opacity":"","overlay-gradient":""},"mobile":{"background-color":"","background-image":"","background-repeat":"repeat","background-position":"center center","background-size":"auto","background-attachment":"scroll","background-type":"","background-media":"","overlay-type":"","overlay-color":"","overlay-opacity":"","overlay-gradient":""}},"ast-content-background-meta":{"desktop":{"background-color":"var(--ast-global-color-5)","background-image":"","background-repeat":"repeat","background-position":"center center","background-size":"auto","background-attachment":"scroll","background-type":"","background-media":"","overlay-type":"","overlay-color":"","overlay-opacity":"","overlay-gradient":""},"tablet":{"background-color":"var(--ast-global-color-5)","background-image":"","background-repeat":"repeat","background-position":"center center","background-size":"auto","background-attachment":"scroll","background-type":"","background-media":"","overlay-type":"","overlay-color":"","overlay-opacity":"","overlay-gradient":""},"mobile":{"background-color":"var(--ast-global-color-5)","background-image":"","background-repeat":"repeat","background-position":"center center","background-size":"auto","background-attachment":"scroll","background-type":"","background-media":"","overlay-type":"","overlay-color":"","overlay-opacity":"","overlay-gradient":""}}},"product_brand":[],"product_cat":[89,19,25],"product_tag":[],"class_list":{"0":"post-8382","1":"product","2":"type-product","3":"status-publish","4":"has-post-thumbnail","6":"product_cat-produto-intensificador-de-nutricao","7":"product_cat-acidulants-product","8":"product_cat-nutrition-enhancers-product","9":"desktop-align-center","10":"tablet-align-left","11":"mobile-align-left","13":"first","14":"instock","15":"shipping-taxable","16":"product-type-simple"},"yoast_head":"<!-- This site is optimized with the Yoast SEO plugin v26.5 - https:\/\/yoast.com\/wordpress\/plugins\/seo\/ -->\n<title>P\u00f3 Leve De Carbonato Magn\u00e9sio, Fornecedor De Grau Aliment\u00edcio E504| Niranbio Chemical<\/title>\n<meta name=\"description\" content=\"Nosso carbonato de magn\u00e9sio leve \u00e9 \u200b\u200bum p\u00f3 branco e inodoro com excelente absor\u00e7\u00e3o de umidade e alta estabilidade t\u00e9rmica, comumente usado como um agente de secagem.\" \/>\n<meta name=\"robots\" content=\"noindex, follow, max-snippet:-1, max-image-preview:large, max-video-preview:-1\" \/>\n<meta name=\"twitter:label1\" content=\"Est. tempo de leitura\" \/>\n\t<meta name=\"twitter:data1\" content=\"4 minutos\" \/>\n<script type=\"application\/ld+json\" class=\"yoast-schema-graph\">{\"@context\":\"https:\/\/schema.org\",\"@graph\":[{\"@type\":\"WebPage\",\"@id\":\"https:\/\/theo.niranbio.com\/pt-br\/carbonato-de-magnesio-leve.html\",\"url\":\"https:\/\/theo.niranbio.com\/pt-br\/carbonato-de-magnesio-leve.html\",\"name\":\"P\u00f3 Leve De Carbonato Magn\u00e9sio, Fornecedor De Grau Aliment\u00edcio E504| Niranbio Chemical\",\"isPartOf\":{\"@id\":\"https:\/\/theo.niranbio.com\/pt-br\/#website\"},\"primaryImageOfPage\":{\"@id\":\"https:\/\/theo.niranbio.com\/pt-br\/carbonato-de-magnesio-leve.html#primaryimage\"},\"image\":{\"@id\":\"https:\/\/theo.niranbio.com\/pt-br\/carbonato-de-magnesio-leve.html#primaryimage\"},\"thumbnailUrl\":\"https:\/\/theo.niranbio.com\/wp-content\/uploads\/2024\/06\/Magnesium-Carbonate-Light.webp\",\"datePublished\":\"2024-06-20T01:40:52+00:00\",\"dateModified\":\"2024-08-16T07:29:02+00:00\",\"description\":\"Nosso carbonato de magn\u00e9sio leve \u00e9 \u200b\u200bum p\u00f3 branco e inodoro com excelente absor\u00e7\u00e3o de umidade e alta estabilidade t\u00e9rmica, comumente usado como um agente de secagem.\",\"breadcrumb\":{\"@id\":\"https:\/\/theo.niranbio.com\/pt-br\/carbonato-de-magnesio-leve.html#breadcrumb\"},\"inLanguage\":\"pt-BR\",\"potentialAction\":[{\"@type\":\"ReadAction\",\"target\":[\"https:\/\/theo.niranbio.com\/pt-br\/carbonato-de-magnesio-leve.html\"]}]},{\"@type\":\"ImageObject\",\"inLanguage\":\"pt-BR\",\"@id\":\"https:\/\/theo.niranbio.com\/pt-br\/carbonato-de-magnesio-leve.html#primaryimage\",\"url\":\"https:\/\/theo.niranbio.com\/wp-content\/uploads\/2024\/06\/Magnesium-Carbonate-Light.webp\",\"contentUrl\":\"https:\/\/theo.niranbio.com\/wp-content\/uploads\/2024\/06\/Magnesium-Carbonate-Light.webp\",\"width\":600,\"height\":600,\"caption\":\"Carbonato de Magn\u00e9sio Leve\"},{\"@type\":\"BreadcrumbList\",\"@id\":\"https:\/\/theo.niranbio.com\/pt-br\/carbonato-de-magnesio-leve.html#breadcrumb\",\"itemListElement\":[{\"@type\":\"ListItem\",\"position\":1,\"name\":\"Home\",\"item\":\"https:\/\/theo.niranbio.com\/pt-br\/\"},{\"@type\":\"ListItem\",\"position\":2,\"name\":\"Produtos\",\"item\":\"https:\/\/theo.niranbio.com\/pt-br\/produtos.html\"},{\"@type\":\"ListItem\",\"position\":3,\"name\":\"Acidulante\",\"item\":\"https:\/\/theo.niranbio.com\/pt-br\/produto-acidulante\/\"},{\"@type\":\"ListItem\",\"position\":4,\"name\":\"Carbonato de magn\u00e9sio leve\"}]},{\"@type\":\"WebSite\",\"@id\":\"https:\/\/theo.niranbio.com\/pt-br\/#website\",\"url\":\"https:\/\/theo.niranbio.com\/pt-br\/\",\"name\":\"Niranbio Chemical\",\"description\":\"\",\"publisher\":{\"@id\":\"https:\/\/theo.niranbio.com\/pt-br\/#organization\"},\"potentialAction\":[{\"@type\":\"SearchAction\",\"target\":{\"@type\":\"EntryPoint\",\"urlTemplate\":\"https:\/\/theo.niranbio.com\/pt-br\/?s={search_term_string}\"},\"query-input\":{\"@type\":\"PropertyValueSpecification\",\"valueRequired\":true,\"valueName\":\"search_term_string\"}}],\"inLanguage\":\"pt-BR\"},{\"@type\":\"Organization\",\"@id\":\"https:\/\/theo.niranbio.com\/pt-br\/#organization\",\"name\":\"Niranbio Chemical\",\"url\":\"https:\/\/theo.niranbio.com\/pt-br\/\",\"logo\":{\"@type\":\"ImageObject\",\"inLanguage\":\"pt-BR\",\"@id\":\"https:\/\/theo.niranbio.com\/pt-br\/#\/schema\/logo\/image\/\",\"url\":\"https:\/\/theo.niranbio.com\/wp-content\/uploads\/2024\/06\/Niranbio.png\",\"contentUrl\":\"https:\/\/theo.niranbio.com\/wp-content\/uploads\/2024\/06\/Niranbio.png\",\"width\":270,\"height\":100,\"caption\":\"Niranbio Chemical\"},\"image\":{\"@id\":\"https:\/\/theo.niranbio.com\/pt-br\/#\/schema\/logo\/image\/\"}}]}<\/script>\n<!-- \/ Yoast SEO plugin. -->","yoast_head_json":{"title":"P\u00f3 Leve De Carbonato Magn\u00e9sio, Fornecedor De Grau Aliment\u00edcio E504| Niranbio Chemical","description":"Nosso carbonato de magn\u00e9sio leve \u00e9 \u200b\u200bum p\u00f3 branco e inodoro com excelente absor\u00e7\u00e3o de umidade e alta estabilidade t\u00e9rmica, comumente usado como um agente de secagem.","robots":{"index":"noindex","follow":"follow","max-snippet":"max-snippet:-1","max-image-preview":"max-image-preview:large","max-video-preview":"max-video-preview:-1"},"twitter_misc":{"Est. tempo de leitura":"4 minutos"},"schema":{"@context":"https:\/\/schema.org","@graph":[{"@type":"WebPage","@id":"https:\/\/theo.niranbio.com\/pt-br\/carbonato-de-magnesio-leve.html","url":"https:\/\/theo.niranbio.com\/pt-br\/carbonato-de-magnesio-leve.html","name":"P\u00f3 Leve De Carbonato Magn\u00e9sio, Fornecedor De Grau Aliment\u00edcio E504| Niranbio Chemical","isPartOf":{"@id":"https:\/\/theo.niranbio.com\/pt-br\/#website"},"primaryImageOfPage":{"@id":"https:\/\/theo.niranbio.com\/pt-br\/carbonato-de-magnesio-leve.html#primaryimage"},"image":{"@id":"https:\/\/theo.niranbio.com\/pt-br\/carbonato-de-magnesio-leve.html#primaryimage"},"thumbnailUrl":"https:\/\/theo.niranbio.com\/wp-content\/uploads\/2024\/06\/Magnesium-Carbonate-Light.webp","datePublished":"2024-06-20T01:40:52+00:00","dateModified":"2024-08-16T07:29:02+00:00","description":"Nosso carbonato de magn\u00e9sio leve \u00e9 \u200b\u200bum p\u00f3 branco e inodoro com excelente absor\u00e7\u00e3o de umidade e alta estabilidade t\u00e9rmica, comumente usado como um agente de secagem.","breadcrumb":{"@id":"https:\/\/theo.niranbio.com\/pt-br\/carbonato-de-magnesio-leve.html#breadcrumb"},"inLanguage":"pt-BR","potentialAction":[{"@type":"ReadAction","target":["https:\/\/theo.niranbio.com\/pt-br\/carbonato-de-magnesio-leve.html"]}]},{"@type":"ImageObject","inLanguage":"pt-BR","@id":"https:\/\/theo.niranbio.com\/pt-br\/carbonato-de-magnesio-leve.html#primaryimage","url":"https:\/\/theo.niranbio.com\/wp-content\/uploads\/2024\/06\/Magnesium-Carbonate-Light.webp","contentUrl":"https:\/\/theo.niranbio.com\/wp-content\/uploads\/2024\/06\/Magnesium-Carbonate-Light.webp","width":600,"height":600,"caption":"Carbonato de Magn\u00e9sio Leve"},{"@type":"BreadcrumbList","@id":"https:\/\/theo.niranbio.com\/pt-br\/carbonato-de-magnesio-leve.html#breadcrumb","itemListElement":[{"@type":"ListItem","position":1,"name":"Home","item":"https:\/\/theo.niranbio.com\/pt-br\/"},{"@type":"ListItem","position":2,"name":"Produtos","item":"https:\/\/theo.niranbio.com\/pt-br\/produtos.html"},{"@type":"ListItem","position":3,"name":"Acidulante","item":"https:\/\/theo.niranbio.com\/pt-br\/produto-acidulante\/"},{"@type":"ListItem","position":4,"name":"Carbonato de magn\u00e9sio leve"}]},{"@type":"WebSite","@id":"https:\/\/theo.niranbio.com\/pt-br\/#website","url":"https:\/\/theo.niranbio.com\/pt-br\/","name":"Niranbio Chemical","description":"","publisher":{"@id":"https:\/\/theo.niranbio.com\/pt-br\/#organization"},"potentialAction":[{"@type":"SearchAction","target":{"@type":"EntryPoint","urlTemplate":"https:\/\/theo.niranbio.com\/pt-br\/?s={search_term_string}"},"query-input":{"@type":"PropertyValueSpecification","valueRequired":true,"valueName":"search_term_string"}}],"inLanguage":"pt-BR"},{"@type":"Organization","@id":"https:\/\/theo.niranbio.com\/pt-br\/#organization","name":"Niranbio Chemical","url":"https:\/\/theo.niranbio.com\/pt-br\/","logo":{"@type":"ImageObject","inLanguage":"pt-BR","@id":"https:\/\/theo.niranbio.com\/pt-br\/#\/schema\/logo\/image\/","url":"https:\/\/theo.niranbio.com\/wp-content\/uploads\/2024\/06\/Niranbio.png","contentUrl":"https:\/\/theo.niranbio.com\/wp-content\/uploads\/2024\/06\/Niranbio.png","width":270,"height":100,"caption":"Niranbio Chemical"},"image":{"@id":"https:\/\/theo.niranbio.com\/pt-br\/#\/schema\/logo\/image\/"}}]}},"_links":{"self":[{"href":"https:\/\/theo.niranbio.com\/pt-br\/wp-json\/wp\/v2\/product\/8382","targetHints":{"allow":["GET"]}}],"collection":[{"href":"https:\/\/theo.niranbio.com\/pt-br\/wp-json\/wp\/v2\/product"}],"about":[{"href":"https:\/\/theo.niranbio.com\/pt-br\/wp-json\/wp\/v2\/types\/product"}],"version-history":[{"count":0,"href":"https:\/\/theo.niranbio.com\/pt-br\/wp-json\/wp\/v2\/product\/8382\/revisions"}],"wp:featuredmedia":[{"embeddable":true,"href":"https:\/\/theo.niranbio.com\/pt-br\/wp-json\/wp\/v2\/media\/8383"}],"wp:attachment":[{"href":"https:\/\/theo.niranbio.com\/pt-br\/wp-json\/wp\/v2\/media?parent=8382"}],"wp:term":[{"taxonomy":"product_brand","embeddable":true,"href":"https:\/\/theo.niranbio.com\/pt-br\/wp-json\/wp\/v2\/product_brand?post=8382"},{"taxonomy":"product_cat","embeddable":true,"href":"https:\/\/theo.niranbio.com\/pt-br\/wp-json\/wp\/v2\/product_cat?post=8382"},{"taxonomy":"product_tag","embeddable":true,"href":"https:\/\/theo.niranbio.com\/pt-br\/wp-json\/wp\/v2\/product_tag?post=8382"}],"curies":[{"name":"wp","href":"https:\/\/api.w.org\/{rel}","templated":true}]}}