{"id":8378,"date":"2024-06-19T16:33:20","date_gmt":"2024-06-19T08:33:20","guid":{"rendered":"https:\/\/theo.niranbio.com\/dap-fosfato-diamonico\/"},"modified":"2024-08-13T16:16:21","modified_gmt":"2024-08-13T08:16:21","slug":"dap-fosfato-diamonico","status":"publish","type":"product","link":"https:\/\/theo.niranbio.com\/pt-br\/dap-fosfato-diamonico.html","title":{"rendered":"DAP &#8211; fosfato diam\u00f4nico"},"content":{"rendered":"<h2><span class=\"ez-toc-section\" id=\"O_que_e_fosfato_de_diamonio\"><\/span>O que \u00e9 fosfato de diam\u00f4nio?<span class=\"ez-toc-section-end\"><\/span><\/h2>\n<p>Um sal inorg\u00e2nico que se assemelha a p\u00f3 branco ou cristal \u00e9 chamado de fosfato de diam\u00f4nio. Ele n\u00e3o \u00e9 facilmente exposto ao ar, \u00e9 sol\u00favel em \u00e1gua com facilidade e insol\u00favel em \u00e1lcool. Ele encontra amplo uso no setor de processamento de alimentos e tamb\u00e9m encontra algum uso nos setores qu\u00edmico, agr\u00edcola e de cria\u00e7\u00e3o de animais. Existem dois processos de prepara\u00e7\u00e3o para fosfato de diam\u00f4nio na China.<\/p>\n<p>O primeiro \u00e9 o m\u00e9todo de neutraliza\u00e7\u00e3o, que usa \u00e1cido fosf\u00f3rico e \u00e1gua de am\u00f4nia para reagir e produzir fosfato de diam\u00f4nio. Reatores s\u00e3o normalmente usados \u200b\u200bpara realizar a rea\u00e7\u00e3o. As condi\u00e7\u00f5es de rea\u00e7\u00e3o, como temperatura, valor de pH e tempo de rea\u00e7\u00e3o, s\u00e3o controladas para garantir que a pureza e a qualidade do produto atendam aos padr\u00f5es de qualidade alimentar. \u00c9 tamb\u00e9m o processo de prepara\u00e7\u00e3o mais amplamente utilizado na China.<\/p>\n<p>A outra \u00e9 a rea\u00e7\u00e3o de neutraliza\u00e7\u00e3o do \u00e1cido fosf\u00f3rico \u00famido e da am\u00f4nia l\u00edquida. Este m\u00e9todo primeiro adiciona uma certa quantidade de per\u00f3xido de hidrog\u00eanio ao \u00e1cido fosf\u00f3rico de extra\u00e7\u00e3o \u00famida para oxidar o ferro divalente no \u00e1cido fosf\u00f3rico e, em seguida, reage com g\u00e1s de am\u00f4nia. Ap\u00f3s a prensagem do filtro, concentra\u00e7\u00e3o, cristaliza\u00e7\u00e3o por resfriamento, separa\u00e7\u00e3o centr\u00edfuga e secagem, o fosfato de hidrog\u00eanio diam\u00f4nio \u00e9 obtido.<\/p>\n<h2><span class=\"ez-toc-section\" id=\"Parametros_relacionados\"><\/span>Par\u00e2metros relacionados:<span class=\"ez-toc-section-end\"><\/span><\/h2>\n<table>\n<tbody>\n<tr>\n<td><strong>ITEM DE INSPE\u00c7\u00c3O<\/strong><\/td>\n<td><strong>PADR\u00c3O<\/strong><\/td>\n<\/tr>\n<tr>\n<td>CONTE\u00daDO PRINCIPAL (COMO (NH4)2HPO4) W\/% \u2265<\/td>\n<td>99.0<\/td>\n<\/tr>\n<tr>\n<td>PENT\u00d3XIDO DE F\u00d3SFORO (COMO P2O5) W\/% \u2265<\/td>\n<td>53.0<\/td>\n<\/tr>\n<tr>\n<td>NITROG\u00caNIO TOTAL (N) W\/% \u2265<\/td>\n<td>21.0<\/td>\n<\/tr>\n<tr>\n<td>UMIDADE W\/% \u2264<\/td>\n<td>0.2<\/td>\n<\/tr>\n<tr>\n<td>INSOL\u00daVEL EM \u00c1GUA W\/% \u2264<\/td>\n<td>0.1<\/td>\n<\/tr>\n<tr>\n<td>FLUORETO (COMO F) MG\/KG \u2264<\/td>\n<td>10<\/td>\n<\/tr>\n<tr>\n<td>ARS\u00caNICO (COMO) MG\/KG \u2264<\/td>\n<td>3<\/td>\n<\/tr>\n<tr>\n<td>METAL PESADO (COMO PB) MG\/KG \u2264<\/td>\n<td>10<\/td>\n<\/tr>\n<tr>\n<td>CHUMBO (COMO PB) MG\/KG \u2264<\/td>\n<td>4<\/td>\n<\/tr>\n<tr>\n<td>VALOR DE PH DA SOLU\u00c7\u00c3O DE 10 G\/L<\/td>\n<td>7.6-8.2<\/td>\n<\/tr>\n<tr>\n<td>CLORO (COMO CL) MG\/KG \u2264<\/td>\n<td>10<\/td>\n<\/tr>\n<tr>\n<td>SULFATO (COMO SO4) MG\/KG \u2264<\/td>\n<td>50<\/td>\n<\/tr>\n<tr>\n<td>FERRUM (COMO FE) MG\/KG \u2264<\/td>\n<td>10<\/td>\n<\/tr>\n<tr>\n<td>TAMANHO DA PART\u00cdCULA (20-60 MESH) C\/% \u2265<\/td>\n<td>75<\/td>\n<\/tr>\n<\/tbody>\n<\/table>\n<h2><span class=\"ez-toc-section\" id=\"Dosagem_recomendada\"><\/span>Dosagem recomendada:<span class=\"ez-toc-section-end\"><\/span><\/h2>\n<table>\n<tbody>\n<tr>\n<td><strong>Nome do alimento<\/strong><\/td>\n<td><strong>Uso m\u00e1ximo (g\/kg)<\/strong><\/td>\n<\/tr>\n<tr>\n<td>P\u00e3o<\/td>\n<td>2-5 g\/kg<\/td>\n<\/tr>\n<tr>\n<td>Biscoitos<\/td>\n<td>2-4 g\/kg<\/td>\n<\/tr>\n<tr>\n<td>Produtos fermentados por levedura<\/td>\n<td>1-3 g\/kg<\/td>\n<\/tr>\n<tr>\n<td>Bebidas carbonatadas<\/td>\n<td>0,5-1 g\/kg<\/td>\n<\/tr>\n<tr>\n<td>Queijo<\/td>\n<td>0,5-1 g\/kg<\/td>\n<\/tr>\n<tr>\n<td>Iogurte<\/td>\n<td>0,5-1 g\/kg<\/td>\n<\/tr>\n<tr>\n<td>Frutas enlatadas<\/td>\n<td>0,5-1 g\/kg<\/td>\n<\/tr>\n<tr>\n<td>Produtos c\u00e1rneos<\/td>\n<td>2-4 g\/kg<\/td>\n<\/tr>\n<tr>\n<td>Salsichas<\/td>\n<td>2-4 g\/kg<\/td>\n<\/tr>\n<tr>\n<td>Peixe enlatado<\/td>\n<td>0,5-1 g\/kg<\/td>\n<\/tr>\n<tr>\n<td>Produtos de soja<\/td>\n<td>1-2 g\/kg<\/td>\n<\/tr>\n<tr>\n<td>Temperos<\/td>\n<td>0,5-1 g\/kg<\/td>\n<\/tr>\n<tr>\n<td>Molho para salada<\/td>\n<td>1-2 g\/kg<\/td>\n<\/tr>\n<tr>\n<td>Chocolate<\/td>\n<td>1-2 g\/kg<\/td>\n<\/tr>\n<tr>\n<td>Doces<\/td>\n<td>1-2 g\/kg<\/td>\n<\/tr>\n<tr>\n<td>Molho de soja<\/td>\n<td>1-2 g\/kg<\/td>\n<\/tr>\n<tr>\n<td>Vinagre<\/td>\n<td>0,5-1 g\/kg<\/td>\n<\/tr>\n<tr>\n<td>Geleia<\/td>\n<td>1-2 g\/kg<\/td>\n<\/tr>\n<\/tbody>\n<\/table>\n<h2><span class=\"ez-toc-section\" id=\"O_fosfato_de_diamonio_tem_uma_ampla_gama_de_usos\"><\/span>O fosfato de diam\u00f4nio tem uma ampla gama de usos<span class=\"ez-toc-section-end\"><\/span><\/h2>\n<p>1. Regulador \u00e1cido-base: usado para ajustar o valor de pH dos alimentos, melhorar o sabor e o efeito de preserva\u00e7\u00e3o.<\/p>\n<p>2. Agente de fermenta\u00e7\u00e3o: desempenha um papel no efeito fofo de produtos assados, tornando p\u00e3es, bolos, etc. mais macios.<\/p>\n<p>3. Agente antiescurecimento: pode evitar o escurecimento de frutas e vegetais ap\u00f3s o corte e manter a cor dos ingredientes.<\/p>\n<p>4. Agente antiaglomerante: pode evitar que subst\u00e2ncias em p\u00f3 se aglomerem durante o processamento dos alimentos e ajudar a manter um estado seco.<\/p>\n<p>5. Antioxidante: pode estender a vida \u00fatil dos alimentos e retardar a deteriora\u00e7\u00e3o dos alimentos. 6. Tamp\u00e3o de pH: ajustando o pH dos alimentos, estabiliza o valor de pH dos alimentos e mant\u00e9m a estabilidade dos alimentos.<\/p>\n<h2><span class=\"ez-toc-section\" id=\"O_usuario_fez_a_seguinte_pergunta\"><\/span>O usu\u00e1rio fez a seguinte pergunta:<span class=\"ez-toc-section-end\"><\/span><\/h2>\n<p><strong>Pergunta: Qual efeito o fosfato diam\u00f4nico tem na levedura?<\/strong><\/p>\n<p>Resposta: A ind\u00fastria aliment\u00edcia usa principalmente o fosfato diam\u00f4nico de grau aliment\u00edcio como um agente de fermenta\u00e7\u00e3o, regulador de massa, alimento para fermento e auxiliar de fermenta\u00e7\u00e3o de cerveja. Ele desempenha um papel importante no processo de fermenta\u00e7\u00e3o, promovendo o crescimento do fermento, ajustando o valor do pH, melhorando a textura e o sabor da massa e aumentando a capacidade de reten\u00e7\u00e3o de \u00e1gua da massa, melhorando assim a qualidade e o sabor dos alimentos.<\/p>\n<p>Especialmente ao fazer alimentos fermentados, como p\u00e3o e doces, adicionar uma quantidade adequada de fosfato diam\u00f4nico de grau aliment\u00edcio pode melhorar a qualidade e o sabor dos alimentos. \u200c Al\u00e9m disso, o fosfato diam\u00f4nico tamb\u00e9m pode aumentar o valor nutricional dos alimentos porque fornece \u00e0s c\u00e9lulas de fermento dois nutrientes importantes, f\u00f3sforo e nitrog\u00eanio, ajuda o fermento a absorver outros nutrientes residuais, acelera as rea\u00e7\u00f5es de fermenta\u00e7\u00e3o, controla o valor do pH da massa e fortalece e condiciona a mistura da massa.<\/p>\n<p><strong>Pergunta: Qual \u00e9 a utiliza\u00e7\u00e3o do fosfato diam\u00f4nico na produ\u00e7\u00e3o de vinho?<\/strong><\/p>\n<p>Resposta: O fosfato diam\u00f4nico \u00e9 geralmente usado como um sal nutriente e regulador na vinifica\u00e7\u00e3o. Ele pode fornecer as fontes de nitrog\u00eanio e f\u00f3sforo necess\u00e1rias para as c\u00e9lulas de levedura, promover o crescimento da levedura e o processo de fermenta\u00e7\u00e3o. Al\u00e9m disso, o fosfato diam\u00f4nico tamb\u00e9m pode ajustar o valor do pH do vinho, ajudar a manter a acidez e a alcalinidade adequadas e ajudar a finalmente fermentar o sabor e o aroma ideais.\u200c<\/p>\n","protected":false},"excerpt":{"rendered":"<ul>\n<li>CAS: 7783-28-0<\/li>\n<li>F\u00f3rmula qu\u00edmica: (NH<sub>4<\/sub>)<sub>2<\/sub>HPO<sub>4<\/sub><\/li>\n<li>Certifica\u00e7\u00f5es: KOSHER, ISO, HALAL, FSSC22000, BRC, etc.<\/li>\n<li>Padr\u00e3o:<\/li>\n<li>Quantidade m\u00ednima do pedido: 1000KG<\/li>\n<li>Prazo de validade: 2 anos<\/li>\n<\/ul>\n","protected":false},"featured_media":8379,"template":"","meta":{"site-sidebar-layout":"default","site-content-layout":"","ast-site-content-layout":"default","site-content-style":"default","site-sidebar-style":"default","ast-global-header-display":"","ast-banner-title-visibility":"","ast-main-header-display":"","ast-hfb-above-header-display":"","ast-hfb-below-header-display":"","ast-hfb-mobile-header-display":"","site-post-title":"","ast-breadcrumbs-content":"","ast-featured-img":"","footer-sml-layout":"","theme-transparent-header-meta":"default","adv-header-id-meta":"","stick-header-meta":"","header-above-stick-meta":"","header-main-stick-meta":"","header-below-stick-meta":"","astra-migrate-meta-layouts":"set","ast-page-background-enabled":"default","ast-page-background-meta":{"desktop":{"background-color":"var(--ast-global-color-4)","background-image":"","background-repeat":"repeat","background-position":"center center","background-size":"auto","background-attachment":"scroll","background-type":"","background-media":"","overlay-type":"","overlay-color":"","overlay-opacity":"","overlay-gradient":""},"tablet":{"background-color":"","background-image":"","background-repeat":"repeat","background-position":"center center","background-size":"auto","background-attachment":"scroll","background-type":"","background-media":"","overlay-type":"","overlay-color":"","overlay-opacity":"","overlay-gradient":""},"mobile":{"background-color":"","background-image":"","background-repeat":"repeat","background-position":"center center","background-size":"auto","background-attachment":"scroll","background-type":"","background-media":"","overlay-type":"","overlay-color":"","overlay-opacity":"","overlay-gradient":""}},"ast-content-background-meta":{"desktop":{"background-color":"var(--ast-global-color-5)","background-image":"","background-repeat":"repeat","background-position":"center center","background-size":"auto","background-attachment":"scroll","background-type":"","background-media":"","overlay-type":"","overlay-color":"","overlay-opacity":"","overlay-gradient":""},"tablet":{"background-color":"var(--ast-global-color-5)","background-image":"","background-repeat":"repeat","background-position":"center center","background-size":"auto","background-attachment":"scroll","background-type":"","background-media":"","overlay-type":"","overlay-color":"","overlay-opacity":"","overlay-gradient":""},"mobile":{"background-color":"var(--ast-global-color-5)","background-image":"","background-repeat":"repeat","background-position":"center center","background-size":"auto","background-attachment":"scroll","background-type":"","background-media":"","overlay-type":"","overlay-color":"","overlay-opacity":"","overlay-gradient":""}}},"product_brand":[],"product_cat":[73],"product_tag":[],"class_list":{"0":"post-8378","1":"product","2":"type-product","3":"status-publish","4":"has-post-thumbnail","6":"product_cat-produto-de-fosfatos","7":"desktop-align-center","8":"tablet-align-left","9":"mobile-align-left","11":"first","12":"instock","13":"shipping-taxable","14":"product-type-simple"},"yoast_head":"<!-- This site is optimized with the Yoast SEO plugin v26.5 - https:\/\/yoast.com\/wordpress\/plugins\/seo\/ -->\n<title>Fabricante de fosfato de diam\u00f4nio, mas p\u00f3 DAP a pre\u00e7o baixo | Niranbio Chemical<\/title>\n<meta name=\"description\" content=\"Nosso fosfato de diam\u00f4nio (DAP) \u00e9 um nutriente de qualidade alimentar e agr\u00edcola com consist\u00eancia de p\u00f3 fino, dispon\u00edvel em caixas de 25 kg ou op\u00e7\u00f5es de embalagem personaliz\u00e1veis.\" \/>\n<meta name=\"robots\" content=\"noindex, follow, max-snippet:-1, max-image-preview:large, max-video-preview:-1\" \/>\n<meta name=\"twitter:label1\" content=\"Est. tempo de leitura\" \/>\n\t<meta name=\"twitter:data1\" content=\"4 minutos\" \/>\n<script type=\"application\/ld+json\" class=\"yoast-schema-graph\">{\"@context\":\"https:\/\/schema.org\",\"@graph\":[{\"@type\":\"WebPage\",\"@id\":\"https:\/\/theo.niranbio.com\/pt-br\/dap-fosfato-diamonico.html\",\"url\":\"https:\/\/theo.niranbio.com\/pt-br\/dap-fosfato-diamonico.html\",\"name\":\"Fabricante de fosfato de diam\u00f4nio, mas p\u00f3 DAP a pre\u00e7o baixo | Niranbio Chemical\",\"isPartOf\":{\"@id\":\"https:\/\/theo.niranbio.com\/pt-br\/#website\"},\"primaryImageOfPage\":{\"@id\":\"https:\/\/theo.niranbio.com\/pt-br\/dap-fosfato-diamonico.html#primaryimage\"},\"image\":{\"@id\":\"https:\/\/theo.niranbio.com\/pt-br\/dap-fosfato-diamonico.html#primaryimage\"},\"thumbnailUrl\":\"https:\/\/theo.niranbio.com\/wp-content\/uploads\/2024\/06\/DAP-Diammonium-Phosphate-gengxin.webp\",\"datePublished\":\"2024-06-19T08:33:20+00:00\",\"dateModified\":\"2024-08-13T08:16:21+00:00\",\"description\":\"Nosso fosfato de diam\u00f4nio (DAP) \u00e9 um nutriente de qualidade alimentar e agr\u00edcola com consist\u00eancia de p\u00f3 fino, dispon\u00edvel em caixas de 25 kg ou op\u00e7\u00f5es de embalagem personaliz\u00e1veis.\",\"breadcrumb\":{\"@id\":\"https:\/\/theo.niranbio.com\/pt-br\/dap-fosfato-diamonico.html#breadcrumb\"},\"inLanguage\":\"pt-BR\",\"potentialAction\":[{\"@type\":\"ReadAction\",\"target\":[\"https:\/\/theo.niranbio.com\/pt-br\/dap-fosfato-diamonico.html\"]}]},{\"@type\":\"ImageObject\",\"inLanguage\":\"pt-BR\",\"@id\":\"https:\/\/theo.niranbio.com\/pt-br\/dap-fosfato-diamonico.html#primaryimage\",\"url\":\"https:\/\/theo.niranbio.com\/wp-content\/uploads\/2024\/06\/DAP-Diammonium-Phosphate-gengxin.webp\",\"contentUrl\":\"https:\/\/theo.niranbio.com\/wp-content\/uploads\/2024\/06\/DAP-Diammonium-Phosphate-gengxin.webp\",\"width\":600,\"height\":600,\"caption\":\"Fosfato de diam\u00f4nio\"},{\"@type\":\"BreadcrumbList\",\"@id\":\"https:\/\/theo.niranbio.com\/pt-br\/dap-fosfato-diamonico.html#breadcrumb\",\"itemListElement\":[{\"@type\":\"ListItem\",\"position\":1,\"name\":\"Home\",\"item\":\"https:\/\/theo.niranbio.com\/pt-br\/\"},{\"@type\":\"ListItem\",\"position\":2,\"name\":\"Produtos\",\"item\":\"https:\/\/theo.niranbio.com\/pt-br\/produtos.html\"},{\"@type\":\"ListItem\",\"position\":3,\"name\":\"Fosfatos\",\"item\":\"https:\/\/theo.niranbio.com\/pt-br\/produto-de-fosfatos\/\"},{\"@type\":\"ListItem\",\"position\":4,\"name\":\"DAP &#8211; fosfato diam\u00f4nico\"}]},{\"@type\":\"WebSite\",\"@id\":\"https:\/\/theo.niranbio.com\/pt-br\/#website\",\"url\":\"https:\/\/theo.niranbio.com\/pt-br\/\",\"name\":\"Niranbio Chemical\",\"description\":\"\",\"publisher\":{\"@id\":\"https:\/\/theo.niranbio.com\/pt-br\/#organization\"},\"potentialAction\":[{\"@type\":\"SearchAction\",\"target\":{\"@type\":\"EntryPoint\",\"urlTemplate\":\"https:\/\/theo.niranbio.com\/pt-br\/?s={search_term_string}\"},\"query-input\":{\"@type\":\"PropertyValueSpecification\",\"valueRequired\":true,\"valueName\":\"search_term_string\"}}],\"inLanguage\":\"pt-BR\"},{\"@type\":\"Organization\",\"@id\":\"https:\/\/theo.niranbio.com\/pt-br\/#organization\",\"name\":\"Niranbio Chemical\",\"url\":\"https:\/\/theo.niranbio.com\/pt-br\/\",\"logo\":{\"@type\":\"ImageObject\",\"inLanguage\":\"pt-BR\",\"@id\":\"https:\/\/theo.niranbio.com\/pt-br\/#\/schema\/logo\/image\/\",\"url\":\"https:\/\/theo.niranbio.com\/wp-content\/uploads\/2024\/06\/Niranbio.png\",\"contentUrl\":\"https:\/\/theo.niranbio.com\/wp-content\/uploads\/2024\/06\/Niranbio.png\",\"width\":270,\"height\":100,\"caption\":\"Niranbio Chemical\"},\"image\":{\"@id\":\"https:\/\/theo.niranbio.com\/pt-br\/#\/schema\/logo\/image\/\"}}]}<\/script>\n<!-- \/ Yoast SEO plugin. -->","yoast_head_json":{"title":"Fabricante de fosfato de diam\u00f4nio, mas p\u00f3 DAP a pre\u00e7o baixo | Niranbio Chemical","description":"Nosso fosfato de diam\u00f4nio (DAP) \u00e9 um nutriente de qualidade alimentar e agr\u00edcola com consist\u00eancia de p\u00f3 fino, dispon\u00edvel em caixas de 25 kg ou op\u00e7\u00f5es de embalagem personaliz\u00e1veis.","robots":{"index":"noindex","follow":"follow","max-snippet":"max-snippet:-1","max-image-preview":"max-image-preview:large","max-video-preview":"max-video-preview:-1"},"twitter_misc":{"Est. tempo de leitura":"4 minutos"},"schema":{"@context":"https:\/\/schema.org","@graph":[{"@type":"WebPage","@id":"https:\/\/theo.niranbio.com\/pt-br\/dap-fosfato-diamonico.html","url":"https:\/\/theo.niranbio.com\/pt-br\/dap-fosfato-diamonico.html","name":"Fabricante de fosfato de diam\u00f4nio, mas p\u00f3 DAP a pre\u00e7o baixo | Niranbio Chemical","isPartOf":{"@id":"https:\/\/theo.niranbio.com\/pt-br\/#website"},"primaryImageOfPage":{"@id":"https:\/\/theo.niranbio.com\/pt-br\/dap-fosfato-diamonico.html#primaryimage"},"image":{"@id":"https:\/\/theo.niranbio.com\/pt-br\/dap-fosfato-diamonico.html#primaryimage"},"thumbnailUrl":"https:\/\/theo.niranbio.com\/wp-content\/uploads\/2024\/06\/DAP-Diammonium-Phosphate-gengxin.webp","datePublished":"2024-06-19T08:33:20+00:00","dateModified":"2024-08-13T08:16:21+00:00","description":"Nosso fosfato de diam\u00f4nio (DAP) \u00e9 um nutriente de qualidade alimentar e agr\u00edcola com consist\u00eancia de p\u00f3 fino, dispon\u00edvel em caixas de 25 kg ou op\u00e7\u00f5es de embalagem personaliz\u00e1veis.","breadcrumb":{"@id":"https:\/\/theo.niranbio.com\/pt-br\/dap-fosfato-diamonico.html#breadcrumb"},"inLanguage":"pt-BR","potentialAction":[{"@type":"ReadAction","target":["https:\/\/theo.niranbio.com\/pt-br\/dap-fosfato-diamonico.html"]}]},{"@type":"ImageObject","inLanguage":"pt-BR","@id":"https:\/\/theo.niranbio.com\/pt-br\/dap-fosfato-diamonico.html#primaryimage","url":"https:\/\/theo.niranbio.com\/wp-content\/uploads\/2024\/06\/DAP-Diammonium-Phosphate-gengxin.webp","contentUrl":"https:\/\/theo.niranbio.com\/wp-content\/uploads\/2024\/06\/DAP-Diammonium-Phosphate-gengxin.webp","width":600,"height":600,"caption":"Fosfato de diam\u00f4nio"},{"@type":"BreadcrumbList","@id":"https:\/\/theo.niranbio.com\/pt-br\/dap-fosfato-diamonico.html#breadcrumb","itemListElement":[{"@type":"ListItem","position":1,"name":"Home","item":"https:\/\/theo.niranbio.com\/pt-br\/"},{"@type":"ListItem","position":2,"name":"Produtos","item":"https:\/\/theo.niranbio.com\/pt-br\/produtos.html"},{"@type":"ListItem","position":3,"name":"Fosfatos","item":"https:\/\/theo.niranbio.com\/pt-br\/produto-de-fosfatos\/"},{"@type":"ListItem","position":4,"name":"DAP &#8211; fosfato diam\u00f4nico"}]},{"@type":"WebSite","@id":"https:\/\/theo.niranbio.com\/pt-br\/#website","url":"https:\/\/theo.niranbio.com\/pt-br\/","name":"Niranbio Chemical","description":"","publisher":{"@id":"https:\/\/theo.niranbio.com\/pt-br\/#organization"},"potentialAction":[{"@type":"SearchAction","target":{"@type":"EntryPoint","urlTemplate":"https:\/\/theo.niranbio.com\/pt-br\/?s={search_term_string}"},"query-input":{"@type":"PropertyValueSpecification","valueRequired":true,"valueName":"search_term_string"}}],"inLanguage":"pt-BR"},{"@type":"Organization","@id":"https:\/\/theo.niranbio.com\/pt-br\/#organization","name":"Niranbio Chemical","url":"https:\/\/theo.niranbio.com\/pt-br\/","logo":{"@type":"ImageObject","inLanguage":"pt-BR","@id":"https:\/\/theo.niranbio.com\/pt-br\/#\/schema\/logo\/image\/","url":"https:\/\/theo.niranbio.com\/wp-content\/uploads\/2024\/06\/Niranbio.png","contentUrl":"https:\/\/theo.niranbio.com\/wp-content\/uploads\/2024\/06\/Niranbio.png","width":270,"height":100,"caption":"Niranbio Chemical"},"image":{"@id":"https:\/\/theo.niranbio.com\/pt-br\/#\/schema\/logo\/image\/"}}]}},"_links":{"self":[{"href":"https:\/\/theo.niranbio.com\/pt-br\/wp-json\/wp\/v2\/product\/8378","targetHints":{"allow":["GET"]}}],"collection":[{"href":"https:\/\/theo.niranbio.com\/pt-br\/wp-json\/wp\/v2\/product"}],"about":[{"href":"https:\/\/theo.niranbio.com\/pt-br\/wp-json\/wp\/v2\/types\/product"}],"version-history":[{"count":0,"href":"https:\/\/theo.niranbio.com\/pt-br\/wp-json\/wp\/v2\/product\/8378\/revisions"}],"wp:featuredmedia":[{"embeddable":true,"href":"https:\/\/theo.niranbio.com\/pt-br\/wp-json\/wp\/v2\/media\/8379"}],"wp:attachment":[{"href":"https:\/\/theo.niranbio.com\/pt-br\/wp-json\/wp\/v2\/media?parent=8378"}],"wp:term":[{"taxonomy":"product_brand","embeddable":true,"href":"https:\/\/theo.niranbio.com\/pt-br\/wp-json\/wp\/v2\/product_brand?post=8378"},{"taxonomy":"product_cat","embeddable":true,"href":"https:\/\/theo.niranbio.com\/pt-br\/wp-json\/wp\/v2\/product_cat?post=8378"},{"taxonomy":"product_tag","embeddable":true,"href":"https:\/\/theo.niranbio.com\/pt-br\/wp-json\/wp\/v2\/product_tag?post=8378"}],"curies":[{"name":"wp","href":"https:\/\/api.w.org\/{rel}","templated":true}]}}