{"id":8376,"date":"2024-06-19T16:42:53","date_gmt":"2024-06-19T08:42:53","guid":{"rendered":"https:\/\/theo.niranbio.com\/fosfato-de-sodio-e-aluminio\/"},"modified":"2024-08-13T16:16:30","modified_gmt":"2024-08-13T08:16:30","slug":"fosfato-de-sodio-e-aluminio","status":"publish","type":"product","link":"https:\/\/theo.niranbio.com\/pt-br\/fosfato-de-sodio-e-aluminio.html","title":{"rendered":"Fosfato de s\u00f3dio e alum\u00ednio"},"content":{"rendered":"<h2><span class=\"ez-toc-section\" id=\"O_que_e_fosfato_de_sodio_e_aluminio\"><\/span>O que \u00e9 fosfato de s\u00f3dio e alum\u00ednio?<span class=\"ez-toc-section-end\"><\/span><\/h2>\n<p>O fosfato de alum\u00ednio e s\u00f3dio \u00e9 um p\u00f3 branco sol\u00favel em \u00e1gua e se decomp\u00f5e em altas temperaturas para liberar g\u00e1s fosfina. Geralmente \u00e9 usado no processamento de alimentos, como condimentos, p\u00e3o, alimentos cozidos, produtos de carne e latic\u00ednios. O m\u00e9todo de prepara\u00e7\u00e3o do fosfato de alum\u00ednio e s\u00f3dio na China \u00e9 principalmente reagir \u00e1cido fosf\u00f3rico com hidr\u00f3xido de alum\u00ednio para produzir fosfato de alum\u00ednio e s\u00f3dio, que \u00e9 ent\u00e3o cristalizado e seco para obter o produto final.<\/p>\n<h2><span class=\"ez-toc-section\" id=\"Dosagem_recomendada\"><\/span>Dosagem recomendada:<span class=\"ez-toc-section-end\"><\/span><\/h2>\n<table>\n<tbody>\n<tr>\n<td><strong>Nome do alimento<\/strong><\/td>\n<td><strong>Uso m\u00e1ximo (g\/kg)<\/strong><\/td>\n<\/tr>\n<tr>\n<td>P\u00e3o<\/td>\n<td>1-3 g\/kg<\/td>\n<\/tr>\n<tr>\n<td>Bolo<\/td>\n<td>2-5 g\/kg<\/td>\n<\/tr>\n<tr>\n<td>Panquecas<\/td>\n<td>1-2 g\/kg<\/td>\n<\/tr>\n<tr>\n<td>Muffins<\/td>\n<td>2-4 g\/kg<\/td>\n<\/tr>\n<tr>\n<td>Waffles<\/td>\n<td>2-4 g\/kg<\/td>\n<\/tr>\n<tr>\n<td>Rosquinhas<\/td>\n<td>2-4 g\/kg<\/td>\n<\/tr>\n<tr>\n<td>Biscoitos<\/td>\n<td>1-3 g\/kg<\/td>\n<\/tr>\n<tr>\n<td>Brownies<\/td>\n<td>2-4 g\/kg<\/td>\n<\/tr>\n<tr>\n<td>Salsichas<\/td>\n<td>1-3 g\/kg<\/td>\n<\/tr>\n<tr>\n<td>Doces<\/td>\n<td>2-5 g\/kg<\/td>\n<\/tr>\n<tr>\n<td>Crackers<\/td>\n<td>1-2 g\/kg<\/td>\n<\/tr>\n<tr>\n<td>P\u00e3ozinho<\/td>\n<td>1-3 g\/kg<\/td>\n<\/tr>\n<\/tbody>\n<\/table>\n<h2><span class=\"ez-toc-section\" id=\"O_fosfato_de_sodio_e_aluminio_tem_uma_ampla_gama_de_utilizacoes\"><\/span>O fosfato de s\u00f3dio e alum\u00ednio tem uma ampla gama de utiliza\u00e7\u00f5es<span class=\"ez-toc-section-end\"><\/span><\/h2>\n<ol>\n<li>Agente de fermenta\u00e7\u00e3o: O fosfato de alum\u00ednio e s\u00f3dio atua como um agente de fermenta\u00e7\u00e3o, reagindo com bicarbonato de s\u00f3dio (bicarbonato de s\u00f3dio) para liberar g\u00e1s di\u00f3xido de carbono, o que faz a massa e a massa crescerem, aumentarem o volume e melhorarem a textura.<\/li>\n<li>Regulador de acidez: Ele pode ajustar o valor do pH dos alimentos para garantir que o produto tenha um pH ideal, melhorando assim o sabor, a textura e o prazo de validade.<\/li>\n<li>Estabilizador: Em latic\u00ednios, molhos e outros alimentos, o fosfato de alum\u00ednio e s\u00f3dio pode estabilizar a estrutura do produto e evitar estratifica\u00e7\u00e3o e precipita\u00e7\u00e3o.<\/li>\n<li>Coagulante: \u00c9 usado no processamento de alimentos para ajudar a coagular os alimentos e formar uma textura e apar\u00eancia uniformes.<\/li>\n<li>Agente antiaglomerante: Em alimentos em p\u00f3 e condimentos, o fosfato de alum\u00ednio e s\u00f3dio pode evitar a aglomera\u00e7\u00e3o e manter o produto fluido e f\u00e1cil de usar.<\/li>\n<li>Emulsificante: Ajuda a \u00e1gua e o \u00f3leo a se misturarem nos alimentos para formar um sistema emulsionado uniforme. \u00c9 frequentemente usado em molhos, produtos l\u00e1cteos e sorvetes.<\/li>\n<\/ol>\n<h2><span class=\"ez-toc-section\" id=\"O_usuario_fez_a_seguinte_pergunta\"><\/span>O usu\u00e1rio fez a seguinte pergunta:<span class=\"ez-toc-section-end\"><\/span><\/h2>\n<p><strong>Pergunta: Quais s\u00e3o as vantagens do fosfato de alum\u00ednio e s\u00f3dio sobre o bicarbonato de s\u00f3dio?<\/strong><\/p>\n<p>Resposta: O fosfato de alum\u00ednio e s\u00f3dio tem as vantagens de rea\u00e7\u00e3o mais est\u00e1vel, regula\u00e7\u00e3o da acidez e versatilidade. Ele pode liberar di\u00f3xido de carbono continuamente durante o cozimento, fornecer efeito de fermenta\u00e7\u00e3o uniforme e ajustar o valor do pH dos alimentos para melhorar a textura e o sabor. O bicarbonato de s\u00f3dio reage rapidamente, precisa ser usado com subst\u00e2ncias \u00e1cidas, \u00e9 sens\u00edvel \u00e0 temperatura e tem fun\u00e7\u00f5es de aplica\u00e7\u00e3o relativamente limitadas.<\/p>\n","protected":false},"excerpt":{"rendered":"<ul>\n<li>CAS: 7785-88-8<\/li>\n<li>F\u00f3rmula qu\u00edmica: AlNa<sub>3<\/sub>(PO<sub>4<\/sub>)<sub>2<\/sub><\/li>\n<li>Certifica\u00e7\u00f5es: KOSHER, ISO, HALAL, FSSC22000, BRC, etc.<\/li>\n<li>Padr\u00e3o: E541\/GB 2760<\/li>\n<li>Quantidade m\u00ednima do pedido: 1000KG<\/li>\n<li>Prazo de validade: 2 anos<\/li>\n<\/ul>\n","protected":false},"featured_media":8219,"template":"","meta":{"site-sidebar-layout":"default","site-content-layout":"","ast-site-content-layout":"default","site-content-style":"default","site-sidebar-style":"default","ast-global-header-display":"","ast-banner-title-visibility":"","ast-main-header-display":"","ast-hfb-above-header-display":"","ast-hfb-below-header-display":"","ast-hfb-mobile-header-display":"","site-post-title":"","ast-breadcrumbs-content":"","ast-featured-img":"","footer-sml-layout":"","theme-transparent-header-meta":"default","adv-header-id-meta":"","stick-header-meta":"","header-above-stick-meta":"","header-main-stick-meta":"","header-below-stick-meta":"","astra-migrate-meta-layouts":"set","ast-page-background-enabled":"default","ast-page-background-meta":{"desktop":{"background-color":"var(--ast-global-color-4)","background-image":"","background-repeat":"repeat","background-position":"center center","background-size":"auto","background-attachment":"scroll","background-type":"","background-media":"","overlay-type":"","overlay-color":"","overlay-opacity":"","overlay-gradient":""},"tablet":{"background-color":"","background-image":"","background-repeat":"repeat","background-position":"center center","background-size":"auto","background-attachment":"scroll","background-type":"","background-media":"","overlay-type":"","overlay-color":"","overlay-opacity":"","overlay-gradient":""},"mobile":{"background-color":"","background-image":"","background-repeat":"repeat","background-position":"center center","background-size":"auto","background-attachment":"scroll","background-type":"","background-media":"","overlay-type":"","overlay-color":"","overlay-opacity":"","overlay-gradient":""}},"ast-content-background-meta":{"desktop":{"background-color":"var(--ast-global-color-5)","background-image":"","background-repeat":"repeat","background-position":"center center","background-size":"auto","background-attachment":"scroll","background-type":"","background-media":"","overlay-type":"","overlay-color":"","overlay-opacity":"","overlay-gradient":""},"tablet":{"background-color":"var(--ast-global-color-5)","background-image":"","background-repeat":"repeat","background-position":"center center","background-size":"auto","background-attachment":"scroll","background-type":"","background-media":"","overlay-type":"","overlay-color":"","overlay-opacity":"","overlay-gradient":""},"mobile":{"background-color":"var(--ast-global-color-5)","background-image":"","background-repeat":"repeat","background-position":"center center","background-size":"auto","background-attachment":"scroll","background-type":"","background-media":"","overlay-type":"","overlay-color":"","overlay-opacity":"","overlay-gradient":""}}},"product_brand":[],"product_cat":[73],"product_tag":[],"class_list":{"0":"post-8376","1":"product","2":"type-product","3":"status-publish","4":"has-post-thumbnail","6":"product_cat-produto-de-fosfatos","7":"desktop-align-center","8":"tablet-align-left","9":"mobile-align-left","11":"first","12":"instock","13":"shipping-taxable","14":"product-type-simple"},"yoast_head":"<!-- This site is optimized with the Yoast SEO plugin v26.5 - https:\/\/yoast.com\/wordpress\/plugins\/seo\/ -->\n<title>Fabricante de fosfato de alum\u00ednio e s\u00f3dio, aditivo alimentar E541 | Niranbio Chemical<\/title>\n<meta name=\"description\" content=\"Nosso Fosfato de S\u00f3dio e Alum\u00ednio (SALP) \u00e9 um ingrediente vers\u00e1til de qualidade alimentar, est\u00e1 em conformidade com os padr\u00f5es de seguran\u00e7a alimentar e \u00e9 certificado para uso em aplica\u00e7\u00f5es aliment\u00edcias.\" \/>\n<meta name=\"robots\" content=\"noindex, follow, max-snippet:-1, max-image-preview:large, max-video-preview:-1\" \/>\n<meta name=\"twitter:label1\" content=\"Est. tempo de leitura\" \/>\n\t<meta name=\"twitter:data1\" content=\"3 minutos\" \/>\n<script type=\"application\/ld+json\" class=\"yoast-schema-graph\">{\"@context\":\"https:\/\/schema.org\",\"@graph\":[{\"@type\":\"WebPage\",\"@id\":\"https:\/\/theo.niranbio.com\/pt-br\/fosfato-de-sodio-e-aluminio.html\",\"url\":\"https:\/\/theo.niranbio.com\/pt-br\/fosfato-de-sodio-e-aluminio.html\",\"name\":\"Fabricante de fosfato de alum\u00ednio e s\u00f3dio, aditivo alimentar E541 | Niranbio Chemical\",\"isPartOf\":{\"@id\":\"https:\/\/theo.niranbio.com\/pt-br\/#website\"},\"primaryImageOfPage\":{\"@id\":\"https:\/\/theo.niranbio.com\/pt-br\/fosfato-de-sodio-e-aluminio.html#primaryimage\"},\"image\":{\"@id\":\"https:\/\/theo.niranbio.com\/pt-br\/fosfato-de-sodio-e-aluminio.html#primaryimage\"},\"thumbnailUrl\":\"https:\/\/theo.niranbio.com\/wp-content\/uploads\/2024\/06\/Sodium-Aluminium-Phosphate.webp\",\"datePublished\":\"2024-06-19T08:42:53+00:00\",\"dateModified\":\"2024-08-13T08:16:30+00:00\",\"description\":\"Nosso Fosfato de S\u00f3dio e Alum\u00ednio (SALP) \u00e9 um ingrediente vers\u00e1til de qualidade alimentar, est\u00e1 em conformidade com os padr\u00f5es de seguran\u00e7a alimentar e \u00e9 certificado para uso em aplica\u00e7\u00f5es aliment\u00edcias.\",\"breadcrumb\":{\"@id\":\"https:\/\/theo.niranbio.com\/pt-br\/fosfato-de-sodio-e-aluminio.html#breadcrumb\"},\"inLanguage\":\"pt-BR\",\"potentialAction\":[{\"@type\":\"ReadAction\",\"target\":[\"https:\/\/theo.niranbio.com\/pt-br\/fosfato-de-sodio-e-aluminio.html\"]}]},{\"@type\":\"ImageObject\",\"inLanguage\":\"pt-BR\",\"@id\":\"https:\/\/theo.niranbio.com\/pt-br\/fosfato-de-sodio-e-aluminio.html#primaryimage\",\"url\":\"https:\/\/theo.niranbio.com\/wp-content\/uploads\/2024\/06\/Sodium-Aluminium-Phosphate.webp\",\"contentUrl\":\"https:\/\/theo.niranbio.com\/wp-content\/uploads\/2024\/06\/Sodium-Aluminium-Phosphate.webp\",\"width\":600,\"height\":600,\"caption\":\"Fosfato de S\u00f3dio e Alum\u00ednio\"},{\"@type\":\"BreadcrumbList\",\"@id\":\"https:\/\/theo.niranbio.com\/pt-br\/fosfato-de-sodio-e-aluminio.html#breadcrumb\",\"itemListElement\":[{\"@type\":\"ListItem\",\"position\":1,\"name\":\"Home\",\"item\":\"https:\/\/theo.niranbio.com\/pt-br\/\"},{\"@type\":\"ListItem\",\"position\":2,\"name\":\"Produtos\",\"item\":\"https:\/\/theo.niranbio.com\/pt-br\/produtos.html\"},{\"@type\":\"ListItem\",\"position\":3,\"name\":\"Fosfatos\",\"item\":\"https:\/\/theo.niranbio.com\/pt-br\/produto-de-fosfatos\/\"},{\"@type\":\"ListItem\",\"position\":4,\"name\":\"Fosfato de s\u00f3dio e alum\u00ednio\"}]},{\"@type\":\"WebSite\",\"@id\":\"https:\/\/theo.niranbio.com\/pt-br\/#website\",\"url\":\"https:\/\/theo.niranbio.com\/pt-br\/\",\"name\":\"Niranbio Chemical\",\"description\":\"\",\"publisher\":{\"@id\":\"https:\/\/theo.niranbio.com\/pt-br\/#organization\"},\"potentialAction\":[{\"@type\":\"SearchAction\",\"target\":{\"@type\":\"EntryPoint\",\"urlTemplate\":\"https:\/\/theo.niranbio.com\/pt-br\/?s={search_term_string}\"},\"query-input\":{\"@type\":\"PropertyValueSpecification\",\"valueRequired\":true,\"valueName\":\"search_term_string\"}}],\"inLanguage\":\"pt-BR\"},{\"@type\":\"Organization\",\"@id\":\"https:\/\/theo.niranbio.com\/pt-br\/#organization\",\"name\":\"Niranbio Chemical\",\"url\":\"https:\/\/theo.niranbio.com\/pt-br\/\",\"logo\":{\"@type\":\"ImageObject\",\"inLanguage\":\"pt-BR\",\"@id\":\"https:\/\/theo.niranbio.com\/pt-br\/#\/schema\/logo\/image\/\",\"url\":\"https:\/\/theo.niranbio.com\/wp-content\/uploads\/2024\/06\/Niranbio.png\",\"contentUrl\":\"https:\/\/theo.niranbio.com\/wp-content\/uploads\/2024\/06\/Niranbio.png\",\"width\":270,\"height\":100,\"caption\":\"Niranbio Chemical\"},\"image\":{\"@id\":\"https:\/\/theo.niranbio.com\/pt-br\/#\/schema\/logo\/image\/\"}}]}<\/script>\n<!-- \/ Yoast SEO plugin. -->","yoast_head_json":{"title":"Fabricante de fosfato de alum\u00ednio e s\u00f3dio, aditivo alimentar E541 | Niranbio Chemical","description":"Nosso Fosfato de S\u00f3dio e Alum\u00ednio (SALP) \u00e9 um ingrediente vers\u00e1til de qualidade alimentar, est\u00e1 em conformidade com os padr\u00f5es de seguran\u00e7a alimentar e \u00e9 certificado para uso em aplica\u00e7\u00f5es aliment\u00edcias.","robots":{"index":"noindex","follow":"follow","max-snippet":"max-snippet:-1","max-image-preview":"max-image-preview:large","max-video-preview":"max-video-preview:-1"},"twitter_misc":{"Est. tempo de leitura":"3 minutos"},"schema":{"@context":"https:\/\/schema.org","@graph":[{"@type":"WebPage","@id":"https:\/\/theo.niranbio.com\/pt-br\/fosfato-de-sodio-e-aluminio.html","url":"https:\/\/theo.niranbio.com\/pt-br\/fosfato-de-sodio-e-aluminio.html","name":"Fabricante de fosfato de alum\u00ednio e s\u00f3dio, aditivo alimentar E541 | Niranbio Chemical","isPartOf":{"@id":"https:\/\/theo.niranbio.com\/pt-br\/#website"},"primaryImageOfPage":{"@id":"https:\/\/theo.niranbio.com\/pt-br\/fosfato-de-sodio-e-aluminio.html#primaryimage"},"image":{"@id":"https:\/\/theo.niranbio.com\/pt-br\/fosfato-de-sodio-e-aluminio.html#primaryimage"},"thumbnailUrl":"https:\/\/theo.niranbio.com\/wp-content\/uploads\/2024\/06\/Sodium-Aluminium-Phosphate.webp","datePublished":"2024-06-19T08:42:53+00:00","dateModified":"2024-08-13T08:16:30+00:00","description":"Nosso Fosfato de S\u00f3dio e Alum\u00ednio (SALP) \u00e9 um ingrediente vers\u00e1til de qualidade alimentar, est\u00e1 em conformidade com os padr\u00f5es de seguran\u00e7a alimentar e \u00e9 certificado para uso em aplica\u00e7\u00f5es aliment\u00edcias.","breadcrumb":{"@id":"https:\/\/theo.niranbio.com\/pt-br\/fosfato-de-sodio-e-aluminio.html#breadcrumb"},"inLanguage":"pt-BR","potentialAction":[{"@type":"ReadAction","target":["https:\/\/theo.niranbio.com\/pt-br\/fosfato-de-sodio-e-aluminio.html"]}]},{"@type":"ImageObject","inLanguage":"pt-BR","@id":"https:\/\/theo.niranbio.com\/pt-br\/fosfato-de-sodio-e-aluminio.html#primaryimage","url":"https:\/\/theo.niranbio.com\/wp-content\/uploads\/2024\/06\/Sodium-Aluminium-Phosphate.webp","contentUrl":"https:\/\/theo.niranbio.com\/wp-content\/uploads\/2024\/06\/Sodium-Aluminium-Phosphate.webp","width":600,"height":600,"caption":"Fosfato de S\u00f3dio e Alum\u00ednio"},{"@type":"BreadcrumbList","@id":"https:\/\/theo.niranbio.com\/pt-br\/fosfato-de-sodio-e-aluminio.html#breadcrumb","itemListElement":[{"@type":"ListItem","position":1,"name":"Home","item":"https:\/\/theo.niranbio.com\/pt-br\/"},{"@type":"ListItem","position":2,"name":"Produtos","item":"https:\/\/theo.niranbio.com\/pt-br\/produtos.html"},{"@type":"ListItem","position":3,"name":"Fosfatos","item":"https:\/\/theo.niranbio.com\/pt-br\/produto-de-fosfatos\/"},{"@type":"ListItem","position":4,"name":"Fosfato de s\u00f3dio e alum\u00ednio"}]},{"@type":"WebSite","@id":"https:\/\/theo.niranbio.com\/pt-br\/#website","url":"https:\/\/theo.niranbio.com\/pt-br\/","name":"Niranbio Chemical","description":"","publisher":{"@id":"https:\/\/theo.niranbio.com\/pt-br\/#organization"},"potentialAction":[{"@type":"SearchAction","target":{"@type":"EntryPoint","urlTemplate":"https:\/\/theo.niranbio.com\/pt-br\/?s={search_term_string}"},"query-input":{"@type":"PropertyValueSpecification","valueRequired":true,"valueName":"search_term_string"}}],"inLanguage":"pt-BR"},{"@type":"Organization","@id":"https:\/\/theo.niranbio.com\/pt-br\/#organization","name":"Niranbio Chemical","url":"https:\/\/theo.niranbio.com\/pt-br\/","logo":{"@type":"ImageObject","inLanguage":"pt-BR","@id":"https:\/\/theo.niranbio.com\/pt-br\/#\/schema\/logo\/image\/","url":"https:\/\/theo.niranbio.com\/wp-content\/uploads\/2024\/06\/Niranbio.png","contentUrl":"https:\/\/theo.niranbio.com\/wp-content\/uploads\/2024\/06\/Niranbio.png","width":270,"height":100,"caption":"Niranbio Chemical"},"image":{"@id":"https:\/\/theo.niranbio.com\/pt-br\/#\/schema\/logo\/image\/"}}]}},"_links":{"self":[{"href":"https:\/\/theo.niranbio.com\/pt-br\/wp-json\/wp\/v2\/product\/8376","targetHints":{"allow":["GET"]}}],"collection":[{"href":"https:\/\/theo.niranbio.com\/pt-br\/wp-json\/wp\/v2\/product"}],"about":[{"href":"https:\/\/theo.niranbio.com\/pt-br\/wp-json\/wp\/v2\/types\/product"}],"version-history":[{"count":0,"href":"https:\/\/theo.niranbio.com\/pt-br\/wp-json\/wp\/v2\/product\/8376\/revisions"}],"wp:featuredmedia":[{"embeddable":true,"href":"https:\/\/theo.niranbio.com\/pt-br\/wp-json\/wp\/v2\/media\/8219"}],"wp:attachment":[{"href":"https:\/\/theo.niranbio.com\/pt-br\/wp-json\/wp\/v2\/media?parent=8376"}],"wp:term":[{"taxonomy":"product_brand","embeddable":true,"href":"https:\/\/theo.niranbio.com\/pt-br\/wp-json\/wp\/v2\/product_brand?post=8376"},{"taxonomy":"product_cat","embeddable":true,"href":"https:\/\/theo.niranbio.com\/pt-br\/wp-json\/wp\/v2\/product_cat?post=8376"},{"taxonomy":"product_tag","embeddable":true,"href":"https:\/\/theo.niranbio.com\/pt-br\/wp-json\/wp\/v2\/product_tag?post=8376"}],"curies":[{"name":"wp","href":"https:\/\/api.w.org\/{rel}","templated":true}]}}