{"id":8373,"date":"2024-06-19T16:47:15","date_gmt":"2024-06-19T08:47:15","guid":{"rendered":"https:\/\/theo.niranbio.com\/tspp-pirofosfato-tetrassodico\/"},"modified":"2024-08-13T16:16:35","modified_gmt":"2024-08-13T08:16:35","slug":"tspp-pirofosfato-tetrassodico","status":"publish","type":"product","link":"https:\/\/theo.niranbio.com\/pt-br\/tspp-pirofosfato-tetrassodico.html","title":{"rendered":"TSPP-Tetrasodium Pyrophosphate"},"content":{"rendered":"<h2><span class=\"ez-toc-section\" id=\"O_que_e_pirofosfato_tetrassodico\"><\/span>O que \u00e9 pirofosfato tetrass\u00f3dico?<span class=\"ez-toc-section-end\"><\/span><\/h2>\n<p>Nosso pirofosfato tetrass\u00f3dico vem em cristalino branco, \u00e9 uma subst\u00e2ncia qu\u00edmica, tamb\u00e9m conhecida como pirofosfato de s\u00f3dio. O pirofosfato tetrass\u00f3dico \u00e9 usado como tamp\u00e3o, agente quelante e surfactante na ind\u00fastria. Na ind\u00fastria aliment\u00edcia, \u00e9 frequentemente usado como emulsificante e estabilizador, e tamb\u00e9m pode ser usado para ajustar a acidez dos alimentos. Al\u00e9m disso, o pirofosfato tetrass\u00f3dico tamb\u00e9m \u00e9 usado para fazer detergentes, agentes de limpeza e inibidores de ferrugem. O pirofosfato tetrass\u00f3dico \u00e9 obtido pela secagem de uma solu\u00e7\u00e3o aquosa de hidrogenofosfato diss\u00f3dico para obter hidrogenofosfato diss\u00f3dico anidro e, em seguida, desidrata\u00e7\u00e3o e polimeriza\u00e7\u00e3o em alta temperatura. Existem dois tipos: m\u00e9todo de uma etapa e m\u00e9todo de duas etapas.<\/p>\n<p>A secagem e a polimeriza\u00e7\u00e3o s\u00e3o conclu\u00eddas em um dispositivo, que \u00e9 chamado de m\u00e9todo de uma etapa, e a secagem e a polimeriza\u00e7\u00e3o s\u00e3o conclu\u00eddas em dois dispositivos, que \u00e9 chamado de m\u00e9todo de duas etapas. O m\u00e9todo de uma etapa tem equipamento simples e um processo curto, mas a qualidade n\u00e3o \u00e9 muito est\u00e1vel. O m\u00e9todo de duas etapas tem equipamento mais complexo, um processo mais longo e qualidade de produto mais est\u00e1vel. O pirofosfato de s\u00f3dio usado na ind\u00fastria aliment\u00edcia adota principalmente o m\u00e9todo de duas etapas. A f\u00f3rmula da rea\u00e7\u00e3o \u00e9: Na2HP04\u00b712H20\u2192Na2HP04+12H20 2Na2HP04\u2192Na4P207+H20<\/p>\n<h2><span class=\"ez-toc-section\" id=\"Parametros_relacionados\"><\/span>Par\u00e2metros relacionados:<span class=\"ez-toc-section-end\"><\/span><\/h2>\n<table>\n<tbody>\n<tr>\n<td><strong>Itens<\/strong><\/td>\n<td><strong>Unidades<\/strong><\/td>\n<td><strong>Especifica\u00e7\u00f5es<\/strong><\/td>\n<\/tr>\n<tr>\n<td>Ensaio, (como Na4P2O7)<\/td>\n<td>%<\/td>\n<td>96,5 Min.<\/td>\n<\/tr>\n<tr>\n<td>pH\uff08Solu\u00e7\u00e3o a 1%\uff09<\/td>\n<td><\/td>\n<td>9.8~10.8<\/td>\n<\/tr>\n<tr>\n<td>Insol\u00favel em \u00e1gua, \u03c9<\/td>\n<td>%<\/td>\n<td>0,2 M\u00e1x.<\/td>\n<\/tr>\n<tr>\n<td>Ars\u00eanio (As)<\/td>\n<td>mg\/kg<\/td>\n<td>1 M\u00e1x.<\/td>\n<\/tr>\n<tr>\n<td>Metal pesado<\/td>\n<td>mg\/kg<\/td>\n<td>10 M\u00e1x.<\/td>\n<\/tr>\n<tr>\n<td>Chumbo (Pb)<\/td>\n<td>mg\/kg<\/td>\n<td>1 M\u00e1x.<\/td>\n<\/tr>\n<tr>\n<td>Fluoreto(F)<\/td>\n<td>mg\/kg<\/td>\n<td>10 M\u00e1x.<\/td>\n<\/tr>\n<tr>\n<td>Brancura<\/td>\n<td>%<\/td>\n<td>88 Min.<\/td>\n<\/tr>\n<tr>\n<td>Densidade a granel<\/td>\n<td>g\/cm3<\/td>\n<td>0.60~0.8<\/td>\n<\/tr>\n<tr>\n<td>Perda na igni\u00e7\u00e3o<\/td>\n<td>%<\/td>\n<td>0,5 M\u00e1x.<\/td>\n<\/tr>\n<tr>\n<td>Ortofosfato<\/td>\n<td><\/td>\n<td>Passar no teste<\/td>\n<\/tr>\n<\/tbody>\n<\/table>\n<h2><span class=\"ez-toc-section\" id=\"Dosagem_recomendada\"><\/span>Dosagem recomendada:<span class=\"ez-toc-section-end\"><\/span><\/h2>\n<table>\n<tbody>\n<tr>\n<td><strong>Nome do alimento<\/strong><\/td>\n<td><strong>Uso m\u00e1ximo (g\/kg)<\/strong><\/td>\n<\/tr>\n<tr>\n<td>Produtos c\u00e1rneos<\/td>\n<td>2-5 g\/kg<\/td>\n<\/tr>\n<tr>\n<td>Frutos do mar<\/td>\n<td>1-3 g\/kg<\/td>\n<\/tr>\n<tr>\n<td>Produtos l\u00e1cteos<\/td>\n<td>2-4 g\/kg<\/td>\n<\/tr>\n<tr>\n<td>Bebidas carbonatadas<\/td>\n<td>0,5-1 g\/kg<\/td>\n<\/tr>\n<tr>\n<td>P\u00e3o<\/td>\n<td>1-2 g\/kg<\/td>\n<\/tr>\n<tr>\n<td>Carnes curadas<\/td>\n<td>2-3 g\/kg<\/td>\n<\/tr>\n<tr>\n<td>Frutas enlatadas<\/td>\n<td>0,5-1,5 g\/kg<\/td>\n<\/tr>\n<tr>\n<td>\u00d3leos de tempero<\/td>\n<td>0,5-1 g\/kg<\/td>\n<\/tr>\n<tr>\n<td>Molhos para salada<\/td>\n<td>1-2 g\/kg<\/td>\n<\/tr>\n<tr>\n<td>Bebidas de frutas<\/td>\n<td>0,5-1,5 g\/kg<\/td>\n<\/tr>\n<\/tbody>\n<\/table>\n<h2><span class=\"ez-toc-section\" id=\"O_pirofosfato_tetrassodico_tem_uma_ampla_gama_de_usos\"><\/span>O pirofosfato tetrass\u00f3dico tem uma ampla gama de usos<span class=\"ez-toc-section-end\"><\/span><\/h2>\n<h3><span class=\"ez-toc-section\" id=\"1_Preservacao_de_alimentos\"><\/span>1. Preserva\u00e7\u00e3o de alimentos<span class=\"ez-toc-section-end\"><\/span><\/h3>\n<p>O pirofosfato tetrass\u00f3dico pode reduzir a tens\u00e3o superficial de solu\u00e7\u00f5es aquosas e inibir o crescimento e a reprodu\u00e7\u00e3o de microrganismos, desempenhando assim um papel na preserva\u00e7\u00e3o.<\/p>\n<h3><span class=\"ez-toc-section\" id=\"2_Aumentar_o_valor_do_pH_dos_alimentos\"><\/span>2. Aumentar o valor do pH dos alimentos<span class=\"ez-toc-section-end\"><\/span><\/h3>\n<p>Esta subst\u00e2ncia pode neutralizar subst\u00e2ncias \u00e1cidas e aumentar o valor do pH dos alimentos, tornando-os mais adequados para armazenamento e consumo.<\/p>\n<h3><span class=\"ez-toc-section\" id=\"3_Quelato_de_ions_metalicos\"><\/span>3. Quelato de \u00edons met\u00e1licos<span class=\"ez-toc-section-end\"><\/span><\/h3>\n<p>O pirofosfato tetrass\u00f3dico pode formar complexos est\u00e1veis \u200b\u200bcom \u00edons met\u00e1licos em alimentos para evitar que oxidem ou se deteriorem.<\/p>\n<h3><span class=\"ez-toc-section\" id=\"4_Melhorar_o_sabor_dos_alimentos\"><\/span>4. Melhorar o sabor dos alimentos<span class=\"ez-toc-section-end\"><\/span><\/h3>\n<p>O pirofosfato tetrass\u00f3dico pode reagir com macromol\u00e9culas como prote\u00ednas para alterar sua estrutura e propriedades, afetando assim o sabor e o aroma dos alimentos.<\/p>\n<h3><span class=\"ez-toc-section\" id=\"5_Promove_a_absorcao_de_minerais\"><\/span>5. Promove a absor\u00e7\u00e3o de minerais<span class=\"ez-toc-section-end\"><\/span><\/h3>\n<p>O pirofosfato tetrass\u00f3dico libera f\u00f3sforo durante a digest\u00e3o, o que ajuda o corpo a absorver o f\u00f3sforo.<\/p>\n<h2><span class=\"ez-toc-section\" id=\"Perguntas_feitas_pelo_usuario\"><\/span>Perguntas feitas pelo usu\u00e1rio:<span class=\"ez-toc-section-end\"><\/span><\/h2>\n<p><strong>Pergunta: Quais s\u00e3o os substitutos para o pirofosfato tetrass\u00f3dico na ind\u00fastria aliment\u00edcia?<\/strong><\/p>\n<p>Resposta: Os substitutos para o pirofosfato tetrass\u00f3dico na ind\u00fastria aliment\u00edcia incluem tripolifosfato de s\u00f3dio, hexametafosfato de s\u00f3dio, di-hidrogenofosfato de s\u00f3dio, etc. Esses substitutos t\u00eam suas pr\u00f3prias vantagens em reten\u00e7\u00e3o de \u00e1gua, emulsifica\u00e7\u00e3o, quela\u00e7\u00e3o e tamponamento, e s\u00e3o amplamente utilizados em produtos c\u00e1rneos, latic\u00ednios, bebidas, alimentos enlatados e produtos assados. Ao escolher um substituto espec\u00edfico, ainda \u00e9 necess\u00e1rio considerar a f\u00f3rmula do alimento e os requisitos funcionais.<\/p>\n<p><strong>Pergunta: O uso de pirofosfato tetrass\u00f3dico afeta o sabor dos alimentos?<\/strong><\/p>\n<p>Resposta: O uso de pirofosfato tetrass\u00f3dico com modera\u00e7\u00e3o geralmente n\u00e3o afeta significativamente o sabor dos alimentos, mas o uso excessivo pode causar amargor ou outros sabores desagrad\u00e1veis.<\/p>\n<p><strong>Pergunta: Qual \u00e9 a situa\u00e7\u00e3o do mercado para Pirofosfato Tetrass\u00f3dico de grau aliment\u00edcio?<\/strong><\/p>\n<p>Resposta: Em 2024, o mercado para Pirofosfato Tetrass\u00f3dico de grau aliment\u00edcio (TSPP) mostra uma perspectiva geralmente positiva tanto nacional quanto internacionalmente.<\/p>\n<h2><span class=\"ez-toc-section\" id=\"Mercado_Domestico_China\"><\/span>Mercado Dom\u00e9stico (China):<span class=\"ez-toc-section-end\"><\/span><\/h2>\n<p>A demanda por TSPP de grau aliment\u00edcio continua forte, impulsionada por suas aplica\u00e7\u00f5es alimentares vers\u00e1teis. Os pre\u00e7os tiveram um aumento moderado devido ao aumento dos custos da mat\u00e9ria-prima e \u00e0 crescente demanda, principalmente do setor de alimentos processados.<\/p>\n<h2><span class=\"ez-toc-section\" id=\"Mercado_internacional\"><\/span>Mercado internacional:<span class=\"ez-toc-section-end\"><\/span><\/h2>\n<p>Globalmente, o mercado de TSPP deve crescer a um CAGR de 4,8% de 2020 a 2026, indicando uma demanda robusta em todas as regi\u00f5es. Os mercados norte-americano e europeu s\u00e3o significativos, com consumo est\u00e1vel em aplica\u00e7\u00f5es alimentares e industriais. A \u00c1sia-Pac\u00edfico, especialmente pa\u00edses como \u00cdndia, Jap\u00e3o e Coreia do Sul, mostra a maior taxa de crescimento devido \u00e0 expans\u00e3o das ind\u00fastrias de processamento de alimentos e \u00e0 crescente urbaniza\u00e7\u00e3o.<\/p>\n","protected":false},"excerpt":{"rendered":"<ul>\n<li>CAS: 7722-88-5<\/li>\n<li>F\u00f3rmula qu\u00edmica: Na<sub>4<\/sub>P<sub>2<\/sub>O<sub>7<\/sub><\/li>\n<li>Certifica\u00e7\u00f5es: KOSHER, ISO, HALAL, FSSC 22000, BRC, etc.<\/li>\n<li>Padr\u00e3o:<\/li>\n<li>Quantidade m\u00ednima do pedido: 1000KG<\/li>\n<li>Prazo de validade: 2 anos<\/li>\n<\/ul>\n","protected":false},"featured_media":8374,"template":"","meta":{"site-sidebar-layout":"default","site-content-layout":"","ast-site-content-layout":"default","site-content-style":"default","site-sidebar-style":"default","ast-global-header-display":"","ast-banner-title-visibility":"","ast-main-header-display":"","ast-hfb-above-header-display":"","ast-hfb-below-header-display":"","ast-hfb-mobile-header-display":"","site-post-title":"","ast-breadcrumbs-content":"","ast-featured-img":"","footer-sml-layout":"","theme-transparent-header-meta":"default","adv-header-id-meta":"","stick-header-meta":"","header-above-stick-meta":"","header-main-stick-meta":"","header-below-stick-meta":"","astra-migrate-meta-layouts":"set","ast-page-background-enabled":"default","ast-page-background-meta":{"desktop":{"background-color":"var(--ast-global-color-4)","background-image":"","background-repeat":"repeat","background-position":"center center","background-size":"auto","background-attachment":"scroll","background-type":"","background-media":"","overlay-type":"","overlay-color":"","overlay-opacity":"","overlay-gradient":""},"tablet":{"background-color":"","background-image":"","background-repeat":"repeat","background-position":"center center","background-size":"auto","background-attachment":"scroll","background-type":"","background-media":"","overlay-type":"","overlay-color":"","overlay-opacity":"","overlay-gradient":""},"mobile":{"background-color":"","background-image":"","background-repeat":"repeat","background-position":"center center","background-size":"auto","background-attachment":"scroll","background-type":"","background-media":"","overlay-type":"","overlay-color":"","overlay-opacity":"","overlay-gradient":""}},"ast-content-background-meta":{"desktop":{"background-color":"var(--ast-global-color-5)","background-image":"","background-repeat":"repeat","background-position":"center center","background-size":"auto","background-attachment":"scroll","background-type":"","background-media":"","overlay-type":"","overlay-color":"","overlay-opacity":"","overlay-gradient":""},"tablet":{"background-color":"var(--ast-global-color-5)","background-image":"","background-repeat":"repeat","background-position":"center center","background-size":"auto","background-attachment":"scroll","background-type":"","background-media":"","overlay-type":"","overlay-color":"","overlay-opacity":"","overlay-gradient":""},"mobile":{"background-color":"var(--ast-global-color-5)","background-image":"","background-repeat":"repeat","background-position":"center center","background-size":"auto","background-attachment":"scroll","background-type":"","background-media":"","overlay-type":"","overlay-color":"","overlay-opacity":"","overlay-gradient":""}}},"product_brand":[],"product_cat":[73],"product_tag":[],"class_list":{"0":"post-8373","1":"product","2":"type-product","3":"status-publish","4":"has-post-thumbnail","6":"product_cat-produto-de-fosfatos","7":"desktop-align-center","8":"tablet-align-left","9":"mobile-align-left","11":"first","12":"instock","13":"shipping-taxable","14":"product-type-simple"},"yoast_head":"<!-- This site is optimized with the Yoast SEO plugin v26.5 - https:\/\/yoast.com\/wordpress\/plugins\/seo\/ -->\n<title>Fornecedor de pirofosfato tetrass\u00f3dico, pre\u00e7o de atacado de p\u00f3 TSPP | Niranbio Chemical<\/title>\n<meta name=\"description\" content=\"Nosso E450 Tetrasodium Pyrophosphate (TSP) \u00e9 um p\u00f3 fino e branco usado como um regulador de acidez de grau aliment\u00edcio e agente de fermenta\u00e7\u00e3o.\" \/>\n<meta name=\"robots\" content=\"noindex, follow, max-snippet:-1, max-image-preview:large, max-video-preview:-1\" \/>\n<meta name=\"twitter:label1\" content=\"Est. tempo de leitura\" \/>\n\t<meta name=\"twitter:data1\" content=\"4 minutos\" \/>\n<script type=\"application\/ld+json\" class=\"yoast-schema-graph\">{\"@context\":\"https:\/\/schema.org\",\"@graph\":[{\"@type\":\"WebPage\",\"@id\":\"https:\/\/theo.niranbio.com\/pt-br\/tspp-pirofosfato-tetrassodico.html\",\"url\":\"https:\/\/theo.niranbio.com\/pt-br\/tspp-pirofosfato-tetrassodico.html\",\"name\":\"Fornecedor de pirofosfato tetrass\u00f3dico, pre\u00e7o de atacado de p\u00f3 TSPP | Niranbio Chemical\",\"isPartOf\":{\"@id\":\"https:\/\/theo.niranbio.com\/pt-br\/#website\"},\"primaryImageOfPage\":{\"@id\":\"https:\/\/theo.niranbio.com\/pt-br\/tspp-pirofosfato-tetrassodico.html#primaryimage\"},\"image\":{\"@id\":\"https:\/\/theo.niranbio.com\/pt-br\/tspp-pirofosfato-tetrassodico.html#primaryimage\"},\"thumbnailUrl\":\"https:\/\/theo.niranbio.com\/wp-content\/uploads\/2024\/06\/Tetrasodium-Pyrophosphate-TSPP-Food-Grade-gengxin.webp\",\"datePublished\":\"2024-06-19T08:47:15+00:00\",\"dateModified\":\"2024-08-13T08:16:35+00:00\",\"description\":\"Nosso E450 Tetrasodium Pyrophosphate (TSP) \u00e9 um p\u00f3 fino e branco usado como um regulador de acidez de grau aliment\u00edcio e agente de fermenta\u00e7\u00e3o.\",\"breadcrumb\":{\"@id\":\"https:\/\/theo.niranbio.com\/pt-br\/tspp-pirofosfato-tetrassodico.html#breadcrumb\"},\"inLanguage\":\"pt-BR\",\"potentialAction\":[{\"@type\":\"ReadAction\",\"target\":[\"https:\/\/theo.niranbio.com\/pt-br\/tspp-pirofosfato-tetrassodico.html\"]}]},{\"@type\":\"ImageObject\",\"inLanguage\":\"pt-BR\",\"@id\":\"https:\/\/theo.niranbio.com\/pt-br\/tspp-pirofosfato-tetrassodico.html#primaryimage\",\"url\":\"https:\/\/theo.niranbio.com\/wp-content\/uploads\/2024\/06\/Tetrasodium-Pyrophosphate-TSPP-Food-Grade-gengxin.webp\",\"contentUrl\":\"https:\/\/theo.niranbio.com\/wp-content\/uploads\/2024\/06\/Tetrasodium-Pyrophosphate-TSPP-Food-Grade-gengxin.webp\",\"width\":600,\"height\":600,\"caption\":\"Pirofosfato tetrass\u00f3dico (TSPP)\"},{\"@type\":\"BreadcrumbList\",\"@id\":\"https:\/\/theo.niranbio.com\/pt-br\/tspp-pirofosfato-tetrassodico.html#breadcrumb\",\"itemListElement\":[{\"@type\":\"ListItem\",\"position\":1,\"name\":\"Home\",\"item\":\"https:\/\/theo.niranbio.com\/pt-br\/\"},{\"@type\":\"ListItem\",\"position\":2,\"name\":\"Produtos\",\"item\":\"https:\/\/theo.niranbio.com\/pt-br\/produtos.html\"},{\"@type\":\"ListItem\",\"position\":3,\"name\":\"Fosfatos\",\"item\":\"https:\/\/theo.niranbio.com\/pt-br\/produto-de-fosfatos\/\"},{\"@type\":\"ListItem\",\"position\":4,\"name\":\"TSPP-Tetrasodium Pyrophosphate\"}]},{\"@type\":\"WebSite\",\"@id\":\"https:\/\/theo.niranbio.com\/pt-br\/#website\",\"url\":\"https:\/\/theo.niranbio.com\/pt-br\/\",\"name\":\"Niranbio Chemical\",\"description\":\"\",\"publisher\":{\"@id\":\"https:\/\/theo.niranbio.com\/pt-br\/#organization\"},\"potentialAction\":[{\"@type\":\"SearchAction\",\"target\":{\"@type\":\"EntryPoint\",\"urlTemplate\":\"https:\/\/theo.niranbio.com\/pt-br\/?s={search_term_string}\"},\"query-input\":{\"@type\":\"PropertyValueSpecification\",\"valueRequired\":true,\"valueName\":\"search_term_string\"}}],\"inLanguage\":\"pt-BR\"},{\"@type\":\"Organization\",\"@id\":\"https:\/\/theo.niranbio.com\/pt-br\/#organization\",\"name\":\"Niranbio Chemical\",\"url\":\"https:\/\/theo.niranbio.com\/pt-br\/\",\"logo\":{\"@type\":\"ImageObject\",\"inLanguage\":\"pt-BR\",\"@id\":\"https:\/\/theo.niranbio.com\/pt-br\/#\/schema\/logo\/image\/\",\"url\":\"https:\/\/theo.niranbio.com\/wp-content\/uploads\/2024\/06\/Niranbio.png\",\"contentUrl\":\"https:\/\/theo.niranbio.com\/wp-content\/uploads\/2024\/06\/Niranbio.png\",\"width\":270,\"height\":100,\"caption\":\"Niranbio Chemical\"},\"image\":{\"@id\":\"https:\/\/theo.niranbio.com\/pt-br\/#\/schema\/logo\/image\/\"}}]}<\/script>\n<!-- \/ Yoast SEO plugin. -->","yoast_head_json":{"title":"Fornecedor de pirofosfato tetrass\u00f3dico, pre\u00e7o de atacado de p\u00f3 TSPP | Niranbio Chemical","description":"Nosso E450 Tetrasodium Pyrophosphate (TSP) \u00e9 um p\u00f3 fino e branco usado como um regulador de acidez de grau aliment\u00edcio e agente de fermenta\u00e7\u00e3o.","robots":{"index":"noindex","follow":"follow","max-snippet":"max-snippet:-1","max-image-preview":"max-image-preview:large","max-video-preview":"max-video-preview:-1"},"twitter_misc":{"Est. tempo de leitura":"4 minutos"},"schema":{"@context":"https:\/\/schema.org","@graph":[{"@type":"WebPage","@id":"https:\/\/theo.niranbio.com\/pt-br\/tspp-pirofosfato-tetrassodico.html","url":"https:\/\/theo.niranbio.com\/pt-br\/tspp-pirofosfato-tetrassodico.html","name":"Fornecedor de pirofosfato tetrass\u00f3dico, pre\u00e7o de atacado de p\u00f3 TSPP | Niranbio Chemical","isPartOf":{"@id":"https:\/\/theo.niranbio.com\/pt-br\/#website"},"primaryImageOfPage":{"@id":"https:\/\/theo.niranbio.com\/pt-br\/tspp-pirofosfato-tetrassodico.html#primaryimage"},"image":{"@id":"https:\/\/theo.niranbio.com\/pt-br\/tspp-pirofosfato-tetrassodico.html#primaryimage"},"thumbnailUrl":"https:\/\/theo.niranbio.com\/wp-content\/uploads\/2024\/06\/Tetrasodium-Pyrophosphate-TSPP-Food-Grade-gengxin.webp","datePublished":"2024-06-19T08:47:15+00:00","dateModified":"2024-08-13T08:16:35+00:00","description":"Nosso E450 Tetrasodium Pyrophosphate (TSP) \u00e9 um p\u00f3 fino e branco usado como um regulador de acidez de grau aliment\u00edcio e agente de fermenta\u00e7\u00e3o.","breadcrumb":{"@id":"https:\/\/theo.niranbio.com\/pt-br\/tspp-pirofosfato-tetrassodico.html#breadcrumb"},"inLanguage":"pt-BR","potentialAction":[{"@type":"ReadAction","target":["https:\/\/theo.niranbio.com\/pt-br\/tspp-pirofosfato-tetrassodico.html"]}]},{"@type":"ImageObject","inLanguage":"pt-BR","@id":"https:\/\/theo.niranbio.com\/pt-br\/tspp-pirofosfato-tetrassodico.html#primaryimage","url":"https:\/\/theo.niranbio.com\/wp-content\/uploads\/2024\/06\/Tetrasodium-Pyrophosphate-TSPP-Food-Grade-gengxin.webp","contentUrl":"https:\/\/theo.niranbio.com\/wp-content\/uploads\/2024\/06\/Tetrasodium-Pyrophosphate-TSPP-Food-Grade-gengxin.webp","width":600,"height":600,"caption":"Pirofosfato tetrass\u00f3dico (TSPP)"},{"@type":"BreadcrumbList","@id":"https:\/\/theo.niranbio.com\/pt-br\/tspp-pirofosfato-tetrassodico.html#breadcrumb","itemListElement":[{"@type":"ListItem","position":1,"name":"Home","item":"https:\/\/theo.niranbio.com\/pt-br\/"},{"@type":"ListItem","position":2,"name":"Produtos","item":"https:\/\/theo.niranbio.com\/pt-br\/produtos.html"},{"@type":"ListItem","position":3,"name":"Fosfatos","item":"https:\/\/theo.niranbio.com\/pt-br\/produto-de-fosfatos\/"},{"@type":"ListItem","position":4,"name":"TSPP-Tetrasodium Pyrophosphate"}]},{"@type":"WebSite","@id":"https:\/\/theo.niranbio.com\/pt-br\/#website","url":"https:\/\/theo.niranbio.com\/pt-br\/","name":"Niranbio Chemical","description":"","publisher":{"@id":"https:\/\/theo.niranbio.com\/pt-br\/#organization"},"potentialAction":[{"@type":"SearchAction","target":{"@type":"EntryPoint","urlTemplate":"https:\/\/theo.niranbio.com\/pt-br\/?s={search_term_string}"},"query-input":{"@type":"PropertyValueSpecification","valueRequired":true,"valueName":"search_term_string"}}],"inLanguage":"pt-BR"},{"@type":"Organization","@id":"https:\/\/theo.niranbio.com\/pt-br\/#organization","name":"Niranbio Chemical","url":"https:\/\/theo.niranbio.com\/pt-br\/","logo":{"@type":"ImageObject","inLanguage":"pt-BR","@id":"https:\/\/theo.niranbio.com\/pt-br\/#\/schema\/logo\/image\/","url":"https:\/\/theo.niranbio.com\/wp-content\/uploads\/2024\/06\/Niranbio.png","contentUrl":"https:\/\/theo.niranbio.com\/wp-content\/uploads\/2024\/06\/Niranbio.png","width":270,"height":100,"caption":"Niranbio Chemical"},"image":{"@id":"https:\/\/theo.niranbio.com\/pt-br\/#\/schema\/logo\/image\/"}}]}},"_links":{"self":[{"href":"https:\/\/theo.niranbio.com\/pt-br\/wp-json\/wp\/v2\/product\/8373","targetHints":{"allow":["GET"]}}],"collection":[{"href":"https:\/\/theo.niranbio.com\/pt-br\/wp-json\/wp\/v2\/product"}],"about":[{"href":"https:\/\/theo.niranbio.com\/pt-br\/wp-json\/wp\/v2\/types\/product"}],"version-history":[{"count":0,"href":"https:\/\/theo.niranbio.com\/pt-br\/wp-json\/wp\/v2\/product\/8373\/revisions"}],"wp:featuredmedia":[{"embeddable":true,"href":"https:\/\/theo.niranbio.com\/pt-br\/wp-json\/wp\/v2\/media\/8374"}],"wp:attachment":[{"href":"https:\/\/theo.niranbio.com\/pt-br\/wp-json\/wp\/v2\/media?parent=8373"}],"wp:term":[{"taxonomy":"product_brand","embeddable":true,"href":"https:\/\/theo.niranbio.com\/pt-br\/wp-json\/wp\/v2\/product_brand?post=8373"},{"taxonomy":"product_cat","embeddable":true,"href":"https:\/\/theo.niranbio.com\/pt-br\/wp-json\/wp\/v2\/product_cat?post=8373"},{"taxonomy":"product_tag","embeddable":true,"href":"https:\/\/theo.niranbio.com\/pt-br\/wp-json\/wp\/v2\/product_tag?post=8373"}],"curies":[{"name":"wp","href":"https:\/\/api.w.org\/{rel}","templated":true}]}}