{"id":8371,"date":"2024-06-19T16:59:11","date_gmt":"2024-06-19T08:59:11","guid":{"rendered":"https:\/\/theo.niranbio.com\/shmp-hexametafosfato-de-sodio\/"},"modified":"2024-08-13T16:16:41","modified_gmt":"2024-08-13T08:16:41","slug":"shmp-hexametafosfato-de-sodio","status":"publish","type":"product","link":"https:\/\/theo.niranbio.com\/pt-br\/shmp-hexametafosfato-de-sodio.html","title":{"rendered":"SHMP &#8211; Hexametafosfato de s\u00f3dio"},"content":{"rendered":"<h2><span class=\"ez-toc-section\" id=\"Metodos_de_preparacao_de_hexametafosfato_de_sodio\"><\/span>M\u00e9todos de prepara\u00e7\u00e3o de hexametafosfato de s\u00f3dio<span class=\"ez-toc-section-end\"><\/span><\/h2>\n<p>Os principais m\u00e9todos de prepara\u00e7\u00e3o de hexametafosfato de s\u00f3dio na China incluem polimeriza\u00e7\u00e3o t\u00e9rmica e m\u00e9todo de \u00e1cido fosf\u00f3rico. O m\u00e9todo de polimeriza\u00e7\u00e3o t\u00e9rmica gera hexametafosfato de s\u00f3dio misturando di-hidrogenofosfato de s\u00f3dio e hidrogenofosfato diss\u00f3dico em propor\u00e7\u00e3o e aquecendo-os a 300-500\u2103 para rea\u00e7\u00e3o de polimeriza\u00e7\u00e3o; o m\u00e9todo de \u00e1cido fosf\u00f3rico gera hexametafosfato de s\u00f3dio neutralizando \u00e1cido fosf\u00f3rico e carbonato de s\u00f3dio para gerar uma mistura de sal de fosfato de s\u00f3dio e, em seguida, aquecendo e polimerizando para obter hexametafosfato de s\u00f3dio. Atualmente, a polimeriza\u00e7\u00e3o t\u00e9rmica \u00e9 o m\u00e9todo principal para preparar hexametafosfato de s\u00f3dio na China. Este m\u00e9todo tem tecnologia madura, alta efici\u00eancia de produ\u00e7\u00e3o e alta pureza do produto.<\/p>\n<h2><span class=\"ez-toc-section\" id=\"Parametros_relacionados\"><\/span>Par\u00e2metros relacionados:<span class=\"ez-toc-section-end\"><\/span><\/h2>\n<table>\n<tbody>\n<tr>\n<td><strong>Itens<\/strong><\/td>\n<td><strong>Padr\u00f5es<\/strong><\/td>\n<\/tr>\n<tr>\n<td>Solubilidade<\/td>\n<td>Muito sol\u00favel em \u00e1gua<\/td>\n<\/tr>\n<tr>\n<td>Teste para s\u00f3dio \/fosfato<\/td>\n<td>Passa no teste<\/td>\n<\/tr>\n<tr>\n<td>PH (solu\u00e7\u00e3o a 1%)<\/td>\n<td>5.8-6.5<\/td>\n<\/tr>\n<tr>\n<td>Ensaio (como conte\u00fado de P2O5)<\/td>\n<td>68% M\u00ednimo<\/td>\n<\/tr>\n<tr>\n<td>Flouride (expresso como fl\u00faor)<\/td>\n<td>10 ppm M\u00e1ximo<\/td>\n<\/tr>\n<tr>\n<td>As\u00eanico<\/td>\n<td>1 ppm M\u00e1ximo<\/td>\n<\/tr>\n<tr>\n<td>Mat\u00e9ria insol\u00favel em \u00e1gua<\/td>\n<td>0,05% M\u00e1ximo<\/td>\n<\/tr>\n<tr>\n<td>Metais pesados (como Pb)<\/td>\n<td>10 ppm M\u00e1ximo<\/td>\n<\/tr>\n<tr>\n<td>Chumbo<\/td>\n<td>1 ppm M\u00e1ximo<\/td>\n<\/tr>\n<tr>\n<td>Merc\u00fario (Hg)<\/td>\n<td>0,2 ppm M\u00e1ximo<\/td>\n<\/tr>\n<tr>\n<td>C\u00e1dmio (Cd)<\/td>\n<td>1 ppm M\u00e1ximo<\/td>\n<\/tr>\n<tr>\n<td>Fe<\/td>\n<td>90 ppm M\u00e1ximo<\/td>\n<\/tr>\n<tr>\n<td>Perda na igni\u00e7\u00e3o<\/td>\n<td>1% M\u00e1ximo<\/td>\n<\/tr>\n<tr>\n<td>Densidade a granel<\/td>\n<td>900g\/l~1200g\/l<\/td>\n<\/tr>\n<\/tbody>\n<\/table>\n<h2><span class=\"ez-toc-section\" id=\"Dosagem_recomendada\"><\/span>Dosagem recomendada:<span class=\"ez-toc-section-end\"><\/span><\/h2>\n<table>\n<tbody>\n<tr>\n<td><strong>Nome do alimento<\/strong><\/td>\n<td><strong>Uso m\u00e1ximo (g\/kg)<\/strong><\/td>\n<\/tr>\n<tr>\n<td>P\u00e3o<\/td>\n<td>2 g\/kg<\/td>\n<\/tr>\n<tr>\n<td>Bolo<\/td>\n<td>1,5 g\/kg<\/td>\n<\/tr>\n<tr>\n<td>Iogurte<\/td>\n<td>0,7 g\/kg<\/td>\n<\/tr>\n<tr>\n<td>Queijo<\/td>\n<td>1 g\/kg<\/td>\n<\/tr>\n<tr>\n<td>Bebidas l\u00e1cteas<\/td>\n<td>1 g\/kg<\/td>\n<\/tr>\n<tr>\n<td>Bebidas de frutas<\/td>\n<td>0,5 g\/kg<\/td>\n<\/tr>\n<tr>\n<td>Bebidas esportivas<\/td>\n<td>0,7 g\/kg<\/td>\n<\/tr>\n<tr>\n<td>Alimentos enlatados<\/td>\n<td>1 g\/kg<\/td>\n<\/tr>\n<tr>\n<td>Molhos e condimentos<\/td>\n<td>1 g\/kg<\/td>\n<\/tr>\n<tr>\n<td>Doces<\/td>\n<td>1,5 g\/kg<\/td>\n<\/tr>\n<tr>\n<td>Chocolate<\/td>\n<td>1 g\/kg<\/td>\n<\/tr>\n<tr>\n<td>Produtos c\u00e1rneos (como salsichas, presunto)<\/td>\n<td>1,5 g\/kg<\/td>\n<\/tr>\n<tr>\n<td>Suplementos nutricionais<\/td>\n<td>1 g\/kg<\/td>\n<\/tr>\n<\/tbody>\n<\/table>\n<h2><span class=\"ez-toc-section\" id=\"O_hexametafosfato_de_sodio_tem_uma_ampla_gama_de_usos\"><\/span>O hexametafosfato de s\u00f3dio tem uma ampla gama de usos<span class=\"ez-toc-section-end\"><\/span><\/h2>\n<h3><span class=\"ez-toc-section\" id=\"1_Melhora_a_cor_o_sabor_e_o_aroma\"><\/span>1. Melhora a cor, o sabor e o aroma<span class=\"ez-toc-section-end\"><\/span><\/h3>\n<p>O hexametafosfato de s\u00f3dio \u00e9 usado principalmente para melhorar a cor, o sabor e o aroma dos alimentos. Em alimentos como produtos de carne, salsichas de peixe e presunto, o hexametafosfato de s\u00f3dio pode melhorar as propriedades de reten\u00e7\u00e3o e liga\u00e7\u00e3o de \u00e1gua do produto, ajudando assim a manter a cor, o sabor e o aroma do alimento.<\/p>\n<h3><span class=\"ez-toc-section\" id=\"2_Evitar_a_oxidacao_de_gordura\"><\/span>2. Evitar a oxida\u00e7\u00e3o de gordura<span class=\"ez-toc-section-end\"><\/span><\/h3>\n<p>A oxida\u00e7\u00e3o da gordura pode fazer com que os alimentos se deteriorem, afetando o sabor e a vida \u00fatil. O mecanismo de a\u00e7\u00e3o do hexametafosfato de s\u00f3dio \u00e9 estabilizar as mol\u00e9culas de gordura por meio de suas propriedades antioxidantes, estendendo assim a vida \u00fatil do produto.<\/p>\n<h3><span class=\"ez-toc-section\" id=\"3_Melhorar_a_capacidade_de_retencao_de_agua\"><\/span>3. Melhorar a capacidade de reten\u00e7\u00e3o de \u00e1gua<span class=\"ez-toc-section-end\"><\/span><\/h3>\n<p>O hexametafosfato de s\u00f3dio \u00e9 usado principalmente na ind\u00fastria aliment\u00edcia para melhorar a capacidade de reten\u00e7\u00e3o de \u00e1gua dos alimentos. Essa propriedade \u00e9 particularmente adequada para produtos de carne, como salsichas de peixe e presunto, porque ajuda a evitar a perda de \u00e1gua, mantendo assim o sabor e a textura do alimento.<\/p>\n<h3><span class=\"ez-toc-section\" id=\"4_Estabilizador\"><\/span>4. Estabilizador<span class=\"ez-toc-section-end\"><\/span><\/h3>\n<p>O hexametafosfato de s\u00f3dio \u00e9 usado principalmente como um estabilizador de alimentos. Esta subst\u00e2ncia \u00e9 usada em alimentos enlatados, sucos de frutas, latic\u00ednios e produtos de soja para prevenir a perda de \u00e1gua e manter a estabilidade da estrutura dos alimentos.<\/p>\n<h2><span class=\"ez-toc-section\" id=\"O_usuario_fez_a_seguinte_pergunta\"><\/span>O usu\u00e1rio fez a seguinte pergunta:<span class=\"ez-toc-section-end\"><\/span><\/h2>\n<p><strong>Pergunta: Qual \u00e9 o papel do hexametafosfato de s\u00f3dio no detergente para roupas?<\/strong><\/p>\n<p>Resposta: O hexametafosfato de s\u00f3dio atua principalmente como um amaciante de \u00e1gua e dispersante em detergente para roupas. Ele previne a forma\u00e7\u00e3o de precipitados por quela\u00e7\u00e3o de \u00edons de c\u00e1lcio e magn\u00e9sio na \u00e1gua, amacia a qualidade da \u00e1gua e dispersa a sujeira para evitar sua redeposi\u00e7\u00e3o, melhorando assim o efeito de descontamina\u00e7\u00e3o e o desempenho geral do detergente, especialmente em condi\u00e7\u00f5es de \u00e1gua dura.<\/p>\n<p><strong>Pergunta: Qual \u00e9 o pre\u00e7o de mercado do hexametafosfato de s\u00f3dio de grau aliment\u00edcio no pa\u00eds e no exterior?<\/strong><\/p>\n<p>Resposta: Na China, o pre\u00e7o \u00e9 de aproximadamente RMB 10.000-13.000 por tonelada. Essa faixa reflete os custos de produ\u00e7\u00e3o dom\u00e9stica e a demanda de muitas ind\u00fastrias. A demanda \u00e9 impulsionada pelo crescimento do consumo de alimentos processados \u200b\u200be aplica\u00e7\u00f5es industriais. Em mercados internacionais, os pre\u00e7os podem ser mais altos devido aos custos de transporte e taxas de importa\u00e7\u00e3o. Nos Estados Unidos e na Europa, os pre\u00e7os variam de US$ 1.800 a US$ 2.400 por tonelada.<\/p>\n<p>A Am\u00e9rica do Norte continua sendo um mercado significativo devido \u00e0 forte presen\u00e7a de ind\u00fastrias de uso final, como processamento de alimentos e tratamento de \u00e1gua. A regi\u00e3o da \u00c1sia-Pac\u00edfico est\u00e1 vendo o crescimento mais r\u00e1pido, com pa\u00edses como \u00cdndia, China e na\u00e7\u00f5es do Sudeste Asi\u00e1tico experimentando aumento da demanda devido ao aumento da renda dispon\u00edvel e urbaniza\u00e7\u00e3o, o que aumenta a necessidade de alimentos e bebidas embalados.<\/p>\n","protected":false},"excerpt":{"rendered":"<ul>\n<li>CAS: 10124-56-8<\/li>\n<li>F\u00f3rmula qu\u00edmica: (NaPO<sub>3<\/sub>)<sub>6<\/sub><\/li>\n<li>Certifica\u00e7\u00f5es: KOSHER, ISO, HALAL, FSSC 22000, BRC, etc.<\/li>\n<li>Padr\u00e3o: BP\/USP\/FCC<\/li>\n<li>Quantidade m\u00ednima do pedido: 1000KG<\/li>\n<li>Prazo de validade: 2 anos<\/li>\n<\/ul>\n","protected":false},"featured_media":8372,"template":"","meta":{"site-sidebar-layout":"default","site-content-layout":"","ast-site-content-layout":"default","site-content-style":"default","site-sidebar-style":"default","ast-global-header-display":"","ast-banner-title-visibility":"","ast-main-header-display":"","ast-hfb-above-header-display":"","ast-hfb-below-header-display":"","ast-hfb-mobile-header-display":"","site-post-title":"","ast-breadcrumbs-content":"","ast-featured-img":"","footer-sml-layout":"","theme-transparent-header-meta":"default","adv-header-id-meta":"","stick-header-meta":"","header-above-stick-meta":"","header-main-stick-meta":"","header-below-stick-meta":"","astra-migrate-meta-layouts":"set","ast-page-background-enabled":"default","ast-page-background-meta":{"desktop":{"background-color":"var(--ast-global-color-4)","background-image":"","background-repeat":"repeat","background-position":"center center","background-size":"auto","background-attachment":"scroll","background-type":"","background-media":"","overlay-type":"","overlay-color":"","overlay-opacity":"","overlay-gradient":""},"tablet":{"background-color":"","background-image":"","background-repeat":"repeat","background-position":"center center","background-size":"auto","background-attachment":"scroll","background-type":"","background-media":"","overlay-type":"","overlay-color":"","overlay-opacity":"","overlay-gradient":""},"mobile":{"background-color":"","background-image":"","background-repeat":"repeat","background-position":"center center","background-size":"auto","background-attachment":"scroll","background-type":"","background-media":"","overlay-type":"","overlay-color":"","overlay-opacity":"","overlay-gradient":""}},"ast-content-background-meta":{"desktop":{"background-color":"var(--ast-global-color-5)","background-image":"","background-repeat":"repeat","background-position":"center center","background-size":"auto","background-attachment":"scroll","background-type":"","background-media":"","overlay-type":"","overlay-color":"","overlay-opacity":"","overlay-gradient":""},"tablet":{"background-color":"var(--ast-global-color-5)","background-image":"","background-repeat":"repeat","background-position":"center center","background-size":"auto","background-attachment":"scroll","background-type":"","background-media":"","overlay-type":"","overlay-color":"","overlay-opacity":"","overlay-gradient":""},"mobile":{"background-color":"var(--ast-global-color-5)","background-image":"","background-repeat":"repeat","background-position":"center center","background-size":"auto","background-attachment":"scroll","background-type":"","background-media":"","overlay-type":"","overlay-color":"","overlay-opacity":"","overlay-gradient":""}}},"product_brand":[],"product_cat":[73],"product_tag":[],"class_list":{"0":"post-8371","1":"product","2":"type-product","3":"status-publish","4":"has-post-thumbnail","6":"product_cat-produto-de-fosfatos","7":"desktop-align-center","8":"tablet-align-left","9":"mobile-align-left","11":"first","12":"instock","13":"shipping-taxable","14":"product-type-simple"},"yoast_head":"<!-- This site is optimized with the Yoast SEO plugin v26.5 - https:\/\/yoast.com\/wordpress\/plugins\/seo\/ -->\n<title>Fabricante de Hexametafosfato de S\u00f3dio, Pre\u00e7o de F\u00e1brica de P\u00f3 SHMP | Niranbio Chemical<\/title>\n<meta name=\"description\" content=\"N\u00f3s fornecemos p\u00f3 fino de Hexametafosfato de S\u00f3dio E452i (SHMP) de alta qualidade e grau aliment\u00edcio, que est\u00e1 em conformidade com padr\u00f5es rigorosos de seguran\u00e7a alimentar.\" \/>\n<meta name=\"robots\" content=\"noindex, follow, max-snippet:-1, max-image-preview:large, max-video-preview:-1\" \/>\n<meta name=\"twitter:label1\" content=\"Est. tempo de leitura\" \/>\n\t<meta name=\"twitter:data1\" content=\"4 minutos\" \/>\n<script type=\"application\/ld+json\" class=\"yoast-schema-graph\">{\"@context\":\"https:\/\/schema.org\",\"@graph\":[{\"@type\":\"WebPage\",\"@id\":\"https:\/\/theo.niranbio.com\/pt-br\/shmp-hexametafosfato-de-sodio.html\",\"url\":\"https:\/\/theo.niranbio.com\/pt-br\/shmp-hexametafosfato-de-sodio.html\",\"name\":\"Fabricante de Hexametafosfato de S\u00f3dio, Pre\u00e7o de F\u00e1brica de P\u00f3 SHMP | Niranbio Chemical\",\"isPartOf\":{\"@id\":\"https:\/\/theo.niranbio.com\/pt-br\/#website\"},\"primaryImageOfPage\":{\"@id\":\"https:\/\/theo.niranbio.com\/pt-br\/shmp-hexametafosfato-de-sodio.html#primaryimage\"},\"image\":{\"@id\":\"https:\/\/theo.niranbio.com\/pt-br\/shmp-hexametafosfato-de-sodio.html#primaryimage\"},\"thumbnailUrl\":\"https:\/\/theo.niranbio.com\/wp-content\/uploads\/2024\/06\/Sodium-Hexametaphosphate.webp\",\"datePublished\":\"2024-06-19T08:59:11+00:00\",\"dateModified\":\"2024-08-13T08:16:41+00:00\",\"description\":\"N\u00f3s fornecemos p\u00f3 fino de Hexametafosfato de S\u00f3dio E452i (SHMP) de alta qualidade e grau aliment\u00edcio, que est\u00e1 em conformidade com padr\u00f5es rigorosos de seguran\u00e7a alimentar.\",\"breadcrumb\":{\"@id\":\"https:\/\/theo.niranbio.com\/pt-br\/shmp-hexametafosfato-de-sodio.html#breadcrumb\"},\"inLanguage\":\"pt-BR\",\"potentialAction\":[{\"@type\":\"ReadAction\",\"target\":[\"https:\/\/theo.niranbio.com\/pt-br\/shmp-hexametafosfato-de-sodio.html\"]}]},{\"@type\":\"ImageObject\",\"inLanguage\":\"pt-BR\",\"@id\":\"https:\/\/theo.niranbio.com\/pt-br\/shmp-hexametafosfato-de-sodio.html#primaryimage\",\"url\":\"https:\/\/theo.niranbio.com\/wp-content\/uploads\/2024\/06\/Sodium-Hexametaphosphate.webp\",\"contentUrl\":\"https:\/\/theo.niranbio.com\/wp-content\/uploads\/2024\/06\/Sodium-Hexametaphosphate.webp\",\"width\":600,\"height\":600,\"caption\":\"Hexametafosfato de s\u00f3dio (SHMP)\"},{\"@type\":\"BreadcrumbList\",\"@id\":\"https:\/\/theo.niranbio.com\/pt-br\/shmp-hexametafosfato-de-sodio.html#breadcrumb\",\"itemListElement\":[{\"@type\":\"ListItem\",\"position\":1,\"name\":\"Home\",\"item\":\"https:\/\/theo.niranbio.com\/pt-br\/\"},{\"@type\":\"ListItem\",\"position\":2,\"name\":\"Produtos\",\"item\":\"https:\/\/theo.niranbio.com\/pt-br\/produtos.html\"},{\"@type\":\"ListItem\",\"position\":3,\"name\":\"Fosfatos\",\"item\":\"https:\/\/theo.niranbio.com\/pt-br\/produto-de-fosfatos\/\"},{\"@type\":\"ListItem\",\"position\":4,\"name\":\"SHMP &#8211; Hexametafosfato de s\u00f3dio\"}]},{\"@type\":\"WebSite\",\"@id\":\"https:\/\/theo.niranbio.com\/pt-br\/#website\",\"url\":\"https:\/\/theo.niranbio.com\/pt-br\/\",\"name\":\"Niranbio Chemical\",\"description\":\"\",\"publisher\":{\"@id\":\"https:\/\/theo.niranbio.com\/pt-br\/#organization\"},\"potentialAction\":[{\"@type\":\"SearchAction\",\"target\":{\"@type\":\"EntryPoint\",\"urlTemplate\":\"https:\/\/theo.niranbio.com\/pt-br\/?s={search_term_string}\"},\"query-input\":{\"@type\":\"PropertyValueSpecification\",\"valueRequired\":true,\"valueName\":\"search_term_string\"}}],\"inLanguage\":\"pt-BR\"},{\"@type\":\"Organization\",\"@id\":\"https:\/\/theo.niranbio.com\/pt-br\/#organization\",\"name\":\"Niranbio Chemical\",\"url\":\"https:\/\/theo.niranbio.com\/pt-br\/\",\"logo\":{\"@type\":\"ImageObject\",\"inLanguage\":\"pt-BR\",\"@id\":\"https:\/\/theo.niranbio.com\/pt-br\/#\/schema\/logo\/image\/\",\"url\":\"https:\/\/theo.niranbio.com\/wp-content\/uploads\/2024\/06\/Niranbio.png\",\"contentUrl\":\"https:\/\/theo.niranbio.com\/wp-content\/uploads\/2024\/06\/Niranbio.png\",\"width\":270,\"height\":100,\"caption\":\"Niranbio Chemical\"},\"image\":{\"@id\":\"https:\/\/theo.niranbio.com\/pt-br\/#\/schema\/logo\/image\/\"}}]}<\/script>\n<!-- \/ Yoast SEO plugin. -->","yoast_head_json":{"title":"Fabricante de Hexametafosfato de S\u00f3dio, Pre\u00e7o de F\u00e1brica de P\u00f3 SHMP | Niranbio Chemical","description":"N\u00f3s fornecemos p\u00f3 fino de Hexametafosfato de S\u00f3dio E452i (SHMP) de alta qualidade e grau aliment\u00edcio, que est\u00e1 em conformidade com padr\u00f5es rigorosos de seguran\u00e7a alimentar.","robots":{"index":"noindex","follow":"follow","max-snippet":"max-snippet:-1","max-image-preview":"max-image-preview:large","max-video-preview":"max-video-preview:-1"},"twitter_misc":{"Est. tempo de leitura":"4 minutos"},"schema":{"@context":"https:\/\/schema.org","@graph":[{"@type":"WebPage","@id":"https:\/\/theo.niranbio.com\/pt-br\/shmp-hexametafosfato-de-sodio.html","url":"https:\/\/theo.niranbio.com\/pt-br\/shmp-hexametafosfato-de-sodio.html","name":"Fabricante de Hexametafosfato de S\u00f3dio, Pre\u00e7o de F\u00e1brica de P\u00f3 SHMP | Niranbio Chemical","isPartOf":{"@id":"https:\/\/theo.niranbio.com\/pt-br\/#website"},"primaryImageOfPage":{"@id":"https:\/\/theo.niranbio.com\/pt-br\/shmp-hexametafosfato-de-sodio.html#primaryimage"},"image":{"@id":"https:\/\/theo.niranbio.com\/pt-br\/shmp-hexametafosfato-de-sodio.html#primaryimage"},"thumbnailUrl":"https:\/\/theo.niranbio.com\/wp-content\/uploads\/2024\/06\/Sodium-Hexametaphosphate.webp","datePublished":"2024-06-19T08:59:11+00:00","dateModified":"2024-08-13T08:16:41+00:00","description":"N\u00f3s fornecemos p\u00f3 fino de Hexametafosfato de S\u00f3dio E452i (SHMP) de alta qualidade e grau aliment\u00edcio, que est\u00e1 em conformidade com padr\u00f5es rigorosos de seguran\u00e7a alimentar.","breadcrumb":{"@id":"https:\/\/theo.niranbio.com\/pt-br\/shmp-hexametafosfato-de-sodio.html#breadcrumb"},"inLanguage":"pt-BR","potentialAction":[{"@type":"ReadAction","target":["https:\/\/theo.niranbio.com\/pt-br\/shmp-hexametafosfato-de-sodio.html"]}]},{"@type":"ImageObject","inLanguage":"pt-BR","@id":"https:\/\/theo.niranbio.com\/pt-br\/shmp-hexametafosfato-de-sodio.html#primaryimage","url":"https:\/\/theo.niranbio.com\/wp-content\/uploads\/2024\/06\/Sodium-Hexametaphosphate.webp","contentUrl":"https:\/\/theo.niranbio.com\/wp-content\/uploads\/2024\/06\/Sodium-Hexametaphosphate.webp","width":600,"height":600,"caption":"Hexametafosfato de s\u00f3dio (SHMP)"},{"@type":"BreadcrumbList","@id":"https:\/\/theo.niranbio.com\/pt-br\/shmp-hexametafosfato-de-sodio.html#breadcrumb","itemListElement":[{"@type":"ListItem","position":1,"name":"Home","item":"https:\/\/theo.niranbio.com\/pt-br\/"},{"@type":"ListItem","position":2,"name":"Produtos","item":"https:\/\/theo.niranbio.com\/pt-br\/produtos.html"},{"@type":"ListItem","position":3,"name":"Fosfatos","item":"https:\/\/theo.niranbio.com\/pt-br\/produto-de-fosfatos\/"},{"@type":"ListItem","position":4,"name":"SHMP &#8211; Hexametafosfato de s\u00f3dio"}]},{"@type":"WebSite","@id":"https:\/\/theo.niranbio.com\/pt-br\/#website","url":"https:\/\/theo.niranbio.com\/pt-br\/","name":"Niranbio Chemical","description":"","publisher":{"@id":"https:\/\/theo.niranbio.com\/pt-br\/#organization"},"potentialAction":[{"@type":"SearchAction","target":{"@type":"EntryPoint","urlTemplate":"https:\/\/theo.niranbio.com\/pt-br\/?s={search_term_string}"},"query-input":{"@type":"PropertyValueSpecification","valueRequired":true,"valueName":"search_term_string"}}],"inLanguage":"pt-BR"},{"@type":"Organization","@id":"https:\/\/theo.niranbio.com\/pt-br\/#organization","name":"Niranbio Chemical","url":"https:\/\/theo.niranbio.com\/pt-br\/","logo":{"@type":"ImageObject","inLanguage":"pt-BR","@id":"https:\/\/theo.niranbio.com\/pt-br\/#\/schema\/logo\/image\/","url":"https:\/\/theo.niranbio.com\/wp-content\/uploads\/2024\/06\/Niranbio.png","contentUrl":"https:\/\/theo.niranbio.com\/wp-content\/uploads\/2024\/06\/Niranbio.png","width":270,"height":100,"caption":"Niranbio Chemical"},"image":{"@id":"https:\/\/theo.niranbio.com\/pt-br\/#\/schema\/logo\/image\/"}}]}},"_links":{"self":[{"href":"https:\/\/theo.niranbio.com\/pt-br\/wp-json\/wp\/v2\/product\/8371","targetHints":{"allow":["GET"]}}],"collection":[{"href":"https:\/\/theo.niranbio.com\/pt-br\/wp-json\/wp\/v2\/product"}],"about":[{"href":"https:\/\/theo.niranbio.com\/pt-br\/wp-json\/wp\/v2\/types\/product"}],"version-history":[{"count":0,"href":"https:\/\/theo.niranbio.com\/pt-br\/wp-json\/wp\/v2\/product\/8371\/revisions"}],"wp:featuredmedia":[{"embeddable":true,"href":"https:\/\/theo.niranbio.com\/pt-br\/wp-json\/wp\/v2\/media\/8372"}],"wp:attachment":[{"href":"https:\/\/theo.niranbio.com\/pt-br\/wp-json\/wp\/v2\/media?parent=8371"}],"wp:term":[{"taxonomy":"product_brand","embeddable":true,"href":"https:\/\/theo.niranbio.com\/pt-br\/wp-json\/wp\/v2\/product_brand?post=8371"},{"taxonomy":"product_cat","embeddable":true,"href":"https:\/\/theo.niranbio.com\/pt-br\/wp-json\/wp\/v2\/product_cat?post=8371"},{"taxonomy":"product_tag","embeddable":true,"href":"https:\/\/theo.niranbio.com\/pt-br\/wp-json\/wp\/v2\/product_tag?post=8371"}],"curies":[{"name":"wp","href":"https:\/\/api.w.org\/{rel}","templated":true}]}}