{"id":8367,"date":"2024-06-19T17:15:32","date_gmt":"2024-06-19T09:15:32","guid":{"rendered":"https:\/\/theo.niranbio.com\/fosfato-trissodico\/"},"modified":"2024-08-13T16:16:42","modified_gmt":"2024-08-13T08:16:42","slug":"fosfato-trissodico","status":"publish","type":"product","link":"https:\/\/theo.niranbio.com\/pt-br\/fosfato-trissodico.html","title":{"rendered":"Fosfato Triss\u00f3dico"},"content":{"rendered":"<h2><span class=\"ez-toc-section\" id=\"O_que_e_Fosfato_Trissodico\"><\/span>O que \u00e9 Fosfato Triss\u00f3dico?<span class=\"ez-toc-section-end\"><\/span><\/h2>\n<p>O fosfato triss\u00f3dico \u00e9 um composto inorg\u00e2nico com apar\u00eancia de p\u00f3 cristalino ou cristalino incolor a branco. \u00c9 sol\u00favel em \u00e1gua e facilmente deliquesce e resiste ao ar seco. Os m\u00e9todos de prepara\u00e7\u00e3o de fosfato triss\u00f3dico na China incluem principalmente o m\u00e9todo de neutraliza\u00e7\u00e3o e o m\u00e9todo de carbonato de s\u00f3dio. O m\u00e9todo de neutraliza\u00e7\u00e3o gera fosfato triss\u00f3dico pela rea\u00e7\u00e3o de \u00e1cido fosf\u00f3rico com hidr\u00f3xido de s\u00f3dio, e o produto \u00e9 obtido ap\u00f3s concentra\u00e7\u00e3o, cristaliza\u00e7\u00e3o e secagem; o m\u00e9todo de carbonato de s\u00f3dio gera fosfato triss\u00f3dico pela rea\u00e7\u00e3o de \u00e1cido fosf\u00f3rico com carbonato de s\u00f3dio, e tamb\u00e9m passa por etapas de concentra\u00e7\u00e3o, cristaliza\u00e7\u00e3o e secagem. Atualmente, o m\u00e9todo de neutraliza\u00e7\u00e3o \u00e9 o m\u00e9todo principal para preparar fosfato triss\u00f3dico na China. Este m\u00e9todo tem um processo simples, condi\u00e7\u00f5es de rea\u00e7\u00e3o f\u00e1ceis de controlar e baixo custo de produ\u00e7\u00e3o. \u00c9 adequado para produ\u00e7\u00e3o industrial em larga escala e, portanto, \u00e9 amplamente utilizado no processo de fabrica\u00e7\u00e3o de fosfato triss\u00f3dico.<\/p>\n<h2><span class=\"ez-toc-section\" id=\"Parametros_relacionados\"><\/span>Par\u00e2metros relacionados:<span class=\"ez-toc-section-end\"><\/span><\/h2>\n<table>\n<tbody>\n<tr>\n<td><strong>ITEM DE AN\u00c1LISE<\/strong><\/td>\n<td><strong>\u00cdNDICES DE QUALIDADE<\/strong><\/td>\n<\/tr>\n<tr>\n<td>Ensaio (como Ca) %<\/td>\n<td>34.0-40.0<\/td>\n<\/tr>\n<tr>\n<td>Identifica\u00e7\u00e3o<\/td>\n<td>Passar no teste<\/td>\n<\/tr>\n<tr>\n<td>Subst\u00e2ncia sol\u00favel em \u00e1gua \u2264%<\/td>\n<td>0.5<\/td>\n<\/tr>\n<tr>\n<td>Subst\u00e2ncia insol\u00favel em \u00e1cido \u2264%<\/td>\n<td>0.2<\/td>\n<\/tr>\n<tr>\n<td>Carbonato<\/td>\n<td>Passar no teste<\/td>\n<\/tr>\n<tr>\n<td>Cloretos \u2264%<\/td>\n<td>0.14<\/td>\n<\/tr>\n<tr>\n<td>Sulfato \u2264%<\/td>\n<td>0.8<\/td>\n<\/tr>\n<tr>\n<td>Sal dib\u00e1sico e \u00f3xido de c\u00e1lcio<\/td>\n<td>Teste de aprova\u00e7\u00e3o<\/td>\n<\/tr>\n<tr>\n<td>Ars\u00eanico \u2264mg\/kg<\/td>\n<td>3<\/td>\n<\/tr>\n<tr>\n<td>B\u00e1rio<\/td>\n<td>Passar no teste<\/td>\n<\/tr>\n<tr>\n<td>Fluoretos %<\/td>\n<td>75<\/td>\n<\/tr>\n<tr>\n<td>Nitrato<\/td>\n<td>Passar no teste<\/td>\n<\/tr>\n<tr>\n<td>Metais pesados \u2264mg\/kg<\/td>\n<td>30<\/td>\n<\/tr>\n<tr>\n<td>Chumbo \u2264mg\/kg<\/td>\n<td>2<\/td>\n<\/tr>\n<tr>\n<td>C\u00e1dmio \u2264mg\/kg<\/td>\n<td>1<\/td>\n<\/tr>\n<tr>\n<td>Merc\u00fario \u2264mg\/kg<\/td>\n<td>1<\/td>\n<\/tr>\n<tr>\n<td>Perda na igni\u00e7\u00e3o \u2264%<\/td>\n<td>\u2264% 8.0<\/td>\n<\/tr>\n<\/tbody>\n<\/table>\n<h2><span class=\"ez-toc-section\" id=\"Dosagem_recomendada\"><\/span>Dosagem recomendada:<span class=\"ez-toc-section-end\"><\/span><\/h2>\n<table>\n<tbody>\n<tr>\n<td><strong>Nome do alimento<\/strong><\/td>\n<td><strong>Uso m\u00e1ximo (g\/kg)<\/strong><\/td>\n<\/tr>\n<tr>\n<td>P\u00e3o com alto teor de c\u00e1lcio<\/td>\n<td>6 g\/kg<\/td>\n<\/tr>\n<tr>\n<td>Bebidas esportivas<\/td>\n<td>1,5 g\/kg<\/td>\n<\/tr>\n<tr>\n<td>Produtos l\u00e1cteos (como iogurte, leite)<\/td>\n<td>3 g\/kg<\/td>\n<\/tr>\n<tr>\n<td>Queijo<\/td>\n<td>5 g\/kg<\/td>\n<\/tr>\n<tr>\n<td>Produtos de chocolate<\/td>\n<td>3 g\/kg<\/td>\n<\/tr>\n<tr>\n<td>Doces<\/td>\n<td>2 g\/kg<\/td>\n<\/tr>\n<tr>\n<td>Sorvete<\/td>\n<td>2 g\/kg<\/td>\n<\/tr>\n<tr>\n<td>Bolos<\/td>\n<td>5 g\/kg<\/td>\n<\/tr>\n<tr>\n<td>Caf\u00e9 instant\u00e2neo<\/td>\n<td>2 g\/kg<\/td>\n<\/tr>\n<tr>\n<td>Ch\u00e1 com leite<\/td>\n<td>3 g\/kg<\/td>\n<\/tr>\n<tr>\n<td>Bebidas \u00e0 base de suco<\/td>\n<td>1,5 g\/kg<\/td>\n<\/tr>\n<tr>\n<td>Alimentos assados (como bolos e biscoitos)<\/td>\n<td>5 g\/kg<\/td>\n<\/tr>\n<\/tbody>\n<\/table>\n<h2><span class=\"ez-toc-section\" id=\"O_fosfato_trissodico_tem_uma_ampla_gama_de_usos\"><\/span>O fosfato triss\u00f3dico tem uma ampla gama de usos<span class=\"ez-toc-section-end\"><\/span><\/h2>\n<p>1. Retentor de umidade: O fosfato triss\u00f3dico tem uma boa capacidade de reten\u00e7\u00e3o de umidade, o que pode evitar que os alimentos sequem e manter sua maciez. Portanto, \u00e9 amplamente utilizado em alimentos assados, como p\u00e3es e doces.<\/p>\n<p>2. Regulador de acidez: O fosfato triss\u00f3dico pode neutralizar subst\u00e2ncias \u00e1cidas nos alimentos e ajustar o pH dos alimentos para melhorar o sabor e estender a vida \u00fatil. \u00c9 comumente usado em latic\u00ednios, bebidas e outros produtos.<\/p>\n<p>3. Estabilizador: O fosfato triss\u00f3dico pode estabilizar as propriedades f\u00edsicas e qu\u00edmicas dos alimentos. \u00c9 comumente usado em produtos como geleias e molhos para salada.<\/p>\n<p>4. Espessante: O fosfato triss\u00f3dico tem um bom efeito espessante, o que pode aumentar a viscosidade dos alimentos e alterar sua textura e sabor. \u00c9 comumente usado em produtos como geleia e sorvete.<\/p>\n<h2><span class=\"ez-toc-section\" id=\"O_usuario_fez_a_seguinte_pergunta\"><\/span>O usu\u00e1rio fez a seguinte pergunta:<span class=\"ez-toc-section-end\"><\/span><\/h2>\n<p><strong>Pergunta: O que deve ser observado ao usar fosfato triss\u00f3dico?<\/strong><\/p>\n<p>Resposta: Ao usar fosfato triss\u00f3dico, deve-se usar equipamento de prote\u00e7\u00e3o apropriado para evitar contato direto com a pele e os olhos, e evitar a inala\u00e7\u00e3o de poeira. Quando usado em alimentos, regulamentos e padr\u00f5es relevantes devem ser seguidos para evitar adi\u00e7\u00e3o excessiva.<\/p>\n<p><strong>Pergunta: Quais s\u00e3o as vantagens do fosfato triss\u00f3dico em compara\u00e7\u00e3o a outros produtos de fosfato de s\u00f3dio?<\/strong><\/p>\n<p>Resposta: 1. O fosfato triss\u00f3dico tem uma forte alcalinidade, e o valor de pH da solu\u00e7\u00e3o aquosa a 1% \u00e9 de cerca de 11,5-12,5, o que tem um bom desempenho na regula\u00e7\u00e3o do pH dos alimentos.<\/p>\n<p>2. O fosfato triss\u00f3dico pode efetivamente melhorar a textura e o sabor dos alimentos e aumentar a estabilidade e a vida \u00fatil dos alimentos. Por exemplo, em produtos de carne, o fosfato triss\u00f3dico ajuda a manter a umidade e a maciez.<\/p>\n<p>3. Em alimentos em p\u00f3, o fosfato triss\u00f3dico pode evitar a aglomera\u00e7\u00e3o e manter a fluidez e a facilidade de uso do produto.<\/p>\n<p>4. O fosfato triss\u00f3dico \u00e9 facilmente sol\u00favel em \u00e1gua e pode se dissolver rapidamente para formar uma solu\u00e7\u00e3o uniforme.<\/p>\n","protected":false},"excerpt":{"rendered":"<ul>\n<li>CAS: 7601-54-9<\/li>\n<li>F\u00f3rmula Qu\u00edmica: Na<sub>3<\/sub>PO<sub>4<\/sub><\/li>\n<li>Certifica\u00e7\u00f5es: KOSHER, ISO, HALAL, FSSC 22000, BRC, etc.<\/li>\n<li>Padr\u00e3o: GB 25565-2010\/FCC V<\/li>\n<li>Quantidade m\u00ednima do pedido: 1000KG<\/li>\n<li>Prazo de validade: 2 anos<\/li>\n<\/ul>\n","protected":false},"featured_media":8368,"template":"","meta":{"site-sidebar-layout":"default","site-content-layout":"","ast-site-content-layout":"default","site-content-style":"default","site-sidebar-style":"default","ast-global-header-display":"","ast-banner-title-visibility":"","ast-main-header-display":"","ast-hfb-above-header-display":"","ast-hfb-below-header-display":"","ast-hfb-mobile-header-display":"","site-post-title":"","ast-breadcrumbs-content":"","ast-featured-img":"","footer-sml-layout":"","theme-transparent-header-meta":"default","adv-header-id-meta":"","stick-header-meta":"","header-above-stick-meta":"","header-main-stick-meta":"","header-below-stick-meta":"","astra-migrate-meta-layouts":"set","ast-page-background-enabled":"default","ast-page-background-meta":{"desktop":{"background-color":"var(--ast-global-color-4)","background-image":"","background-repeat":"repeat","background-position":"center center","background-size":"auto","background-attachment":"scroll","background-type":"","background-media":"","overlay-type":"","overlay-color":"","overlay-opacity":"","overlay-gradient":""},"tablet":{"background-color":"","background-image":"","background-repeat":"repeat","background-position":"center center","background-size":"auto","background-attachment":"scroll","background-type":"","background-media":"","overlay-type":"","overlay-color":"","overlay-opacity":"","overlay-gradient":""},"mobile":{"background-color":"","background-image":"","background-repeat":"repeat","background-position":"center center","background-size":"auto","background-attachment":"scroll","background-type":"","background-media":"","overlay-type":"","overlay-color":"","overlay-opacity":"","overlay-gradient":""}},"ast-content-background-meta":{"desktop":{"background-color":"var(--ast-global-color-5)","background-image":"","background-repeat":"repeat","background-position":"center center","background-size":"auto","background-attachment":"scroll","background-type":"","background-media":"","overlay-type":"","overlay-color":"","overlay-opacity":"","overlay-gradient":""},"tablet":{"background-color":"var(--ast-global-color-5)","background-image":"","background-repeat":"repeat","background-position":"center center","background-size":"auto","background-attachment":"scroll","background-type":"","background-media":"","overlay-type":"","overlay-color":"","overlay-opacity":"","overlay-gradient":""},"mobile":{"background-color":"var(--ast-global-color-5)","background-image":"","background-repeat":"repeat","background-position":"center center","background-size":"auto","background-attachment":"scroll","background-type":"","background-media":"","overlay-type":"","overlay-color":"","overlay-opacity":"","overlay-gradient":""}}},"product_brand":[],"product_cat":[73],"product_tag":[],"class_list":{"0":"post-8367","1":"product","2":"type-product","3":"status-publish","4":"has-post-thumbnail","6":"product_cat-produto-de-fosfatos","7":"desktop-align-center","8":"tablet-align-left","9":"mobile-align-left","11":"first","12":"instock","13":"shipping-taxable","14":"product-type-simple"},"yoast_head":"<!-- This site is optimized with the Yoast SEO plugin v26.5 - https:\/\/yoast.com\/wordpress\/plugins\/seo\/ -->\n<title>Fabricante de Fosfato Triss\u00f3dico (TSP), Fosfato Triss\u00f3dico em P\u00f3 a Granel | Niranbio Chemical<\/title>\n<meta name=\"description\" content=\"Nosso Fosfato Triss\u00f3dico (TSP) \u00e9 um p\u00f3 de alta qualidade, de grau aliment\u00edcio, que est\u00e1 em conformidade com os padr\u00f5es de seguran\u00e7a alimentar.\" \/>\n<meta name=\"robots\" content=\"noindex, follow, max-snippet:-1, max-image-preview:large, max-video-preview:-1\" \/>\n<meta name=\"twitter:label1\" content=\"Est. tempo de leitura\" \/>\n\t<meta name=\"twitter:data1\" content=\"4 minutos\" \/>\n<script type=\"application\/ld+json\" class=\"yoast-schema-graph\">{\"@context\":\"https:\/\/schema.org\",\"@graph\":[{\"@type\":\"WebPage\",\"@id\":\"https:\/\/theo.niranbio.com\/pt-br\/fosfato-trissodico.html\",\"url\":\"https:\/\/theo.niranbio.com\/pt-br\/fosfato-trissodico.html\",\"name\":\"Fabricante de Fosfato Triss\u00f3dico (TSP), Fosfato Triss\u00f3dico em P\u00f3 a Granel | Niranbio Chemical\",\"isPartOf\":{\"@id\":\"https:\/\/theo.niranbio.com\/pt-br\/#website\"},\"primaryImageOfPage\":{\"@id\":\"https:\/\/theo.niranbio.com\/pt-br\/fosfato-trissodico.html#primaryimage\"},\"image\":{\"@id\":\"https:\/\/theo.niranbio.com\/pt-br\/fosfato-trissodico.html#primaryimage\"},\"thumbnailUrl\":\"https:\/\/theo.niranbio.com\/wp-content\/uploads\/2024\/06\/TSP-Trisodium-Phosphate.webp\",\"datePublished\":\"2024-06-19T09:15:32+00:00\",\"dateModified\":\"2024-08-13T08:16:42+00:00\",\"description\":\"Nosso Fosfato Triss\u00f3dico (TSP) \u00e9 um p\u00f3 de alta qualidade, de grau aliment\u00edcio, que est\u00e1 em conformidade com os padr\u00f5es de seguran\u00e7a alimentar.\",\"breadcrumb\":{\"@id\":\"https:\/\/theo.niranbio.com\/pt-br\/fosfato-trissodico.html#breadcrumb\"},\"inLanguage\":\"pt-BR\",\"potentialAction\":[{\"@type\":\"ReadAction\",\"target\":[\"https:\/\/theo.niranbio.com\/pt-br\/fosfato-trissodico.html\"]}]},{\"@type\":\"ImageObject\",\"inLanguage\":\"pt-BR\",\"@id\":\"https:\/\/theo.niranbio.com\/pt-br\/fosfato-trissodico.html#primaryimage\",\"url\":\"https:\/\/theo.niranbio.com\/wp-content\/uploads\/2024\/06\/TSP-Trisodium-Phosphate.webp\",\"contentUrl\":\"https:\/\/theo.niranbio.com\/wp-content\/uploads\/2024\/06\/TSP-Trisodium-Phosphate.webp\",\"width\":600,\"height\":600,\"caption\":\"Fosfato Triss\u00f3dico\"},{\"@type\":\"BreadcrumbList\",\"@id\":\"https:\/\/theo.niranbio.com\/pt-br\/fosfato-trissodico.html#breadcrumb\",\"itemListElement\":[{\"@type\":\"ListItem\",\"position\":1,\"name\":\"Home\",\"item\":\"https:\/\/theo.niranbio.com\/pt-br\/\"},{\"@type\":\"ListItem\",\"position\":2,\"name\":\"Produtos\",\"item\":\"https:\/\/theo.niranbio.com\/pt-br\/produtos.html\"},{\"@type\":\"ListItem\",\"position\":3,\"name\":\"Fosfatos\",\"item\":\"https:\/\/theo.niranbio.com\/pt-br\/produto-de-fosfatos\/\"},{\"@type\":\"ListItem\",\"position\":4,\"name\":\"Fosfato Triss\u00f3dico\"}]},{\"@type\":\"WebSite\",\"@id\":\"https:\/\/theo.niranbio.com\/pt-br\/#website\",\"url\":\"https:\/\/theo.niranbio.com\/pt-br\/\",\"name\":\"Niranbio Chemical\",\"description\":\"\",\"publisher\":{\"@id\":\"https:\/\/theo.niranbio.com\/pt-br\/#organization\"},\"potentialAction\":[{\"@type\":\"SearchAction\",\"target\":{\"@type\":\"EntryPoint\",\"urlTemplate\":\"https:\/\/theo.niranbio.com\/pt-br\/?s={search_term_string}\"},\"query-input\":{\"@type\":\"PropertyValueSpecification\",\"valueRequired\":true,\"valueName\":\"search_term_string\"}}],\"inLanguage\":\"pt-BR\"},{\"@type\":\"Organization\",\"@id\":\"https:\/\/theo.niranbio.com\/pt-br\/#organization\",\"name\":\"Niranbio Chemical\",\"url\":\"https:\/\/theo.niranbio.com\/pt-br\/\",\"logo\":{\"@type\":\"ImageObject\",\"inLanguage\":\"pt-BR\",\"@id\":\"https:\/\/theo.niranbio.com\/pt-br\/#\/schema\/logo\/image\/\",\"url\":\"https:\/\/theo.niranbio.com\/wp-content\/uploads\/2024\/06\/Niranbio.png\",\"contentUrl\":\"https:\/\/theo.niranbio.com\/wp-content\/uploads\/2024\/06\/Niranbio.png\",\"width\":270,\"height\":100,\"caption\":\"Niranbio Chemical\"},\"image\":{\"@id\":\"https:\/\/theo.niranbio.com\/pt-br\/#\/schema\/logo\/image\/\"}}]}<\/script>\n<!-- \/ Yoast SEO plugin. -->","yoast_head_json":{"title":"Fabricante de Fosfato Triss\u00f3dico (TSP), Fosfato Triss\u00f3dico em P\u00f3 a Granel | Niranbio Chemical","description":"Nosso Fosfato Triss\u00f3dico (TSP) \u00e9 um p\u00f3 de alta qualidade, de grau aliment\u00edcio, que est\u00e1 em conformidade com os padr\u00f5es de seguran\u00e7a alimentar.","robots":{"index":"noindex","follow":"follow","max-snippet":"max-snippet:-1","max-image-preview":"max-image-preview:large","max-video-preview":"max-video-preview:-1"},"twitter_misc":{"Est. tempo de leitura":"4 minutos"},"schema":{"@context":"https:\/\/schema.org","@graph":[{"@type":"WebPage","@id":"https:\/\/theo.niranbio.com\/pt-br\/fosfato-trissodico.html","url":"https:\/\/theo.niranbio.com\/pt-br\/fosfato-trissodico.html","name":"Fabricante de Fosfato Triss\u00f3dico (TSP), Fosfato Triss\u00f3dico em P\u00f3 a Granel | Niranbio Chemical","isPartOf":{"@id":"https:\/\/theo.niranbio.com\/pt-br\/#website"},"primaryImageOfPage":{"@id":"https:\/\/theo.niranbio.com\/pt-br\/fosfato-trissodico.html#primaryimage"},"image":{"@id":"https:\/\/theo.niranbio.com\/pt-br\/fosfato-trissodico.html#primaryimage"},"thumbnailUrl":"https:\/\/theo.niranbio.com\/wp-content\/uploads\/2024\/06\/TSP-Trisodium-Phosphate.webp","datePublished":"2024-06-19T09:15:32+00:00","dateModified":"2024-08-13T08:16:42+00:00","description":"Nosso Fosfato Triss\u00f3dico (TSP) \u00e9 um p\u00f3 de alta qualidade, de grau aliment\u00edcio, que est\u00e1 em conformidade com os padr\u00f5es de seguran\u00e7a alimentar.","breadcrumb":{"@id":"https:\/\/theo.niranbio.com\/pt-br\/fosfato-trissodico.html#breadcrumb"},"inLanguage":"pt-BR","potentialAction":[{"@type":"ReadAction","target":["https:\/\/theo.niranbio.com\/pt-br\/fosfato-trissodico.html"]}]},{"@type":"ImageObject","inLanguage":"pt-BR","@id":"https:\/\/theo.niranbio.com\/pt-br\/fosfato-trissodico.html#primaryimage","url":"https:\/\/theo.niranbio.com\/wp-content\/uploads\/2024\/06\/TSP-Trisodium-Phosphate.webp","contentUrl":"https:\/\/theo.niranbio.com\/wp-content\/uploads\/2024\/06\/TSP-Trisodium-Phosphate.webp","width":600,"height":600,"caption":"Fosfato Triss\u00f3dico"},{"@type":"BreadcrumbList","@id":"https:\/\/theo.niranbio.com\/pt-br\/fosfato-trissodico.html#breadcrumb","itemListElement":[{"@type":"ListItem","position":1,"name":"Home","item":"https:\/\/theo.niranbio.com\/pt-br\/"},{"@type":"ListItem","position":2,"name":"Produtos","item":"https:\/\/theo.niranbio.com\/pt-br\/produtos.html"},{"@type":"ListItem","position":3,"name":"Fosfatos","item":"https:\/\/theo.niranbio.com\/pt-br\/produto-de-fosfatos\/"},{"@type":"ListItem","position":4,"name":"Fosfato Triss\u00f3dico"}]},{"@type":"WebSite","@id":"https:\/\/theo.niranbio.com\/pt-br\/#website","url":"https:\/\/theo.niranbio.com\/pt-br\/","name":"Niranbio Chemical","description":"","publisher":{"@id":"https:\/\/theo.niranbio.com\/pt-br\/#organization"},"potentialAction":[{"@type":"SearchAction","target":{"@type":"EntryPoint","urlTemplate":"https:\/\/theo.niranbio.com\/pt-br\/?s={search_term_string}"},"query-input":{"@type":"PropertyValueSpecification","valueRequired":true,"valueName":"search_term_string"}}],"inLanguage":"pt-BR"},{"@type":"Organization","@id":"https:\/\/theo.niranbio.com\/pt-br\/#organization","name":"Niranbio Chemical","url":"https:\/\/theo.niranbio.com\/pt-br\/","logo":{"@type":"ImageObject","inLanguage":"pt-BR","@id":"https:\/\/theo.niranbio.com\/pt-br\/#\/schema\/logo\/image\/","url":"https:\/\/theo.niranbio.com\/wp-content\/uploads\/2024\/06\/Niranbio.png","contentUrl":"https:\/\/theo.niranbio.com\/wp-content\/uploads\/2024\/06\/Niranbio.png","width":270,"height":100,"caption":"Niranbio Chemical"},"image":{"@id":"https:\/\/theo.niranbio.com\/pt-br\/#\/schema\/logo\/image\/"}}]}},"_links":{"self":[{"href":"https:\/\/theo.niranbio.com\/pt-br\/wp-json\/wp\/v2\/product\/8367","targetHints":{"allow":["GET"]}}],"collection":[{"href":"https:\/\/theo.niranbio.com\/pt-br\/wp-json\/wp\/v2\/product"}],"about":[{"href":"https:\/\/theo.niranbio.com\/pt-br\/wp-json\/wp\/v2\/types\/product"}],"version-history":[{"count":0,"href":"https:\/\/theo.niranbio.com\/pt-br\/wp-json\/wp\/v2\/product\/8367\/revisions"}],"wp:featuredmedia":[{"embeddable":true,"href":"https:\/\/theo.niranbio.com\/pt-br\/wp-json\/wp\/v2\/media\/8368"}],"wp:attachment":[{"href":"https:\/\/theo.niranbio.com\/pt-br\/wp-json\/wp\/v2\/media?parent=8367"}],"wp:term":[{"taxonomy":"product_brand","embeddable":true,"href":"https:\/\/theo.niranbio.com\/pt-br\/wp-json\/wp\/v2\/product_brand?post=8367"},{"taxonomy":"product_cat","embeddable":true,"href":"https:\/\/theo.niranbio.com\/pt-br\/wp-json\/wp\/v2\/product_cat?post=8367"},{"taxonomy":"product_tag","embeddable":true,"href":"https:\/\/theo.niranbio.com\/pt-br\/wp-json\/wp\/v2\/product_tag?post=8367"}],"curies":[{"name":"wp","href":"https:\/\/api.w.org\/{rel}","templated":true}]}}