{"id":8363,"date":"2024-06-19T17:20:46","date_gmt":"2024-06-19T09:20:46","guid":{"rendered":"https:\/\/theo.niranbio.com\/dsp-fosfato-dissodico-anidro\/"},"modified":"2024-08-13T16:16:48","modified_gmt":"2024-08-13T08:16:48","slug":"dsp-fosfato-dissodico-anidro","status":"publish","type":"product","link":"https:\/\/theo.niranbio.com\/pt-br\/dsp-fosfato-dissodico-anidro.html","title":{"rendered":"DSP &#8211; Fosfato Diss\u00f3dico Anidro"},"content":{"rendered":"<h2><span class=\"ez-toc-section\" id=\"O_que_e_DSP_%E2%80%93_Fosfato_Dissodico_Anidro\"><\/span>O que \u00e9 DSP &#8211; Fosfato Diss\u00f3dico Anidro?<span class=\"ez-toc-section-end\"><\/span><\/h2>\n<p>O fosfato diss\u00f3dico anidro \u00e9 um composto que n\u00e3o cont\u00e9m mol\u00e9culas de \u00e1gua cristalina. Ele aparece como um p\u00f3 cristalino branco, \u00e9 facilmente sol\u00favel e sua solu\u00e7\u00e3o aquosa \u00e9 alcalina. \u00c9 amplamente utilizado em alimentos como um regulador de acidez, emulsificante, estabilizador e retentor de umidade. Uma subst\u00e2ncia que n\u00e3o cont\u00e9m mol\u00e9culas de \u00e1gua cristalina \u00e9 o fosfato diss\u00f3dico anidro. Ele \u00e9 livremente sol\u00favel, tem uma solu\u00e7\u00e3o aquosa alcalina e assume a forma de um p\u00f3 cristalino branco. \u00c9 frequentemente usado em alimentos como um emulsificante, retentor de umidade, estabilizador e regulador de acidez.<\/p>\n<p>O fosfato diss\u00f3dico anidro \u00e9 preparado principalmente na China por meio de neutraliza\u00e7\u00e3o e desidrata\u00e7\u00e3o. O m\u00e9todo de neutraliza\u00e7\u00e3o \u00e9 reagir \u00e1cido fosf\u00f3rico com carbonato de s\u00f3dio ou hidr\u00f3xido de s\u00f3dio para produzir hidrogenofosfato diss\u00f3dico, que \u00e9 ent\u00e3o evaporado, concentrado e seco para obter um produto anidro. O m\u00e9todo de desidrata\u00e7\u00e3o \u00e9 aquecer e desidratar o hidrogenofosfato diss\u00f3dico monohidratado ou dihidratado em alta temperatura para obter diretamente o fosfato diss\u00f3dico anidro.<\/p>\n<p>Atualmente, o m\u00e9todo de desidrata\u00e7\u00e3o \u00e9 o m\u00e9todo principal para preparar hidrogenofosfato diss\u00f3dico anidro na China. Como o m\u00e9todo de desidrata\u00e7\u00e3o \u00e9 simples no processo e de baixo custo, as mat\u00e9rias-primas aquosas de hidrogenofosfato diss\u00f3dico existentes podem ser usadas para obter um produto anidro por aquecimento e desidrata\u00e7\u00e3o, por isso \u00e9 muito adequado para produ\u00e7\u00e3o em larga escala.<\/p>\n<h2><span class=\"ez-toc-section\" id=\"Parametros_relacionados\"><\/span>Par\u00e2metros relacionados:<span class=\"ez-toc-section-end\"><\/span><\/h2>\n<table>\n<tbody>\n<tr>\n<td><strong>Item<\/strong><\/td>\n<td><strong>Unidade<\/strong><\/td>\n<td><strong>Especifica\u00e7\u00e3o<\/strong><\/td>\n<\/tr>\n<tr>\n<td>Solubilidade<\/td>\n<td><\/td>\n<td>Livremente sol\u00favel em \u00e1gua.<br \/>\nInsol\u00favel em etanol<\/td>\n<\/tr>\n<tr>\n<td>PH (solu\u00e7\u00e3o a 1%):<\/td>\n<td><\/td>\n<td>8.5-10.0<\/td>\n<\/tr>\n<tr>\n<td>Ensaio (como Na2HPO4)<\/td>\n<td>%<\/td>\n<td>98% M\u00ednimo<\/td>\n<\/tr>\n<tr>\n<td>P2O5 (em base anidra)<\/td>\n<td>%<\/td>\n<td>Entre 49% e 51%<\/td>\n<\/tr>\n<tr>\n<td>Flouride<\/td>\n<td>mg\/kg<\/td>\n<td>N\u00e3o mais que 10<\/td>\n<\/tr>\n<tr>\n<td>Metal pesado como (Pb)<\/td>\n<td>mg\/kg<\/td>\n<td>N\u00e3o mais do que 10<\/td>\n<\/tr>\n<tr>\n<td>Ars\u00eanio (As)<\/td>\n<td>mg\/kg<\/td>\n<td>N\u00e3o superior a 3<\/td>\n<\/tr>\n<tr>\n<td>Mat\u00e9ria insol\u00favel em \u00e1gua<\/td>\n<td>%<\/td>\n<td>0,2 % (em base anidra)<\/td>\n<\/tr>\n<tr>\n<td>Chumbo<\/td>\n<td>mg\/kg<\/td>\n<td>N\u00e3o mais do que 2<\/td>\n<\/tr>\n<tr>\n<td>densidade aparente<\/td>\n<td>g\/l<\/td>\n<td>650-750<\/td>\n<\/tr>\n<tr>\n<td>Merc\u00fario (Hg)<\/td>\n<td>mg\/kg<\/td>\n<td>N\u00e3o mais que 1<\/td>\n<\/tr>\n<tr>\n<td>C\u00e1dmio (Cd)<\/td>\n<td>mg\/kg<\/td>\n<td>N\u00e3o mais do que 1<\/td>\n<\/tr>\n<tr>\n<td>Perda na secagem (umidade)<\/td>\n<td>%<\/td>\n<td>N\u00e3o mais que 5%.<\/td>\n<\/tr>\n<tr>\n<td>Distribui\u00e7\u00e3o do tamanho das part\u00edculas<\/td>\n<td>%<\/td>\n<td>Atrav\u00e9s de100mesh 80% Min<\/td>\n<\/tr>\n<\/tbody>\n<\/table>\n<h2><span class=\"ez-toc-section\" id=\"Dosagem_recomendada\"><\/span>Dosagem recomendada:<span class=\"ez-toc-section-end\"><\/span><\/h2>\n<table>\n<tbody>\n<tr>\n<td><strong>Nome do alimento<\/strong><\/td>\n<td><strong>Uso m\u00e1ximo (g\/kg)<\/strong><\/td>\n<\/tr>\n<tr>\n<td>P\u00e3o<\/td>\n<td>1 g\/kg<\/td>\n<\/tr>\n<tr>\n<td>Bolo<\/td>\n<td>1 g\/kg<\/td>\n<\/tr>\n<tr>\n<td>Sorvete<\/td>\n<td>1 g\/kg<\/td>\n<\/tr>\n<tr>\n<td>Iogurte<\/td>\n<td>0,7 g\/kg<\/td>\n<\/tr>\n<tr>\n<td>Queijo<\/td>\n<td>1 g\/kg<\/td>\n<\/tr>\n<tr>\n<td>Bebidas l\u00e1cteas<\/td>\n<td>1 g\/kg<\/td>\n<\/tr>\n<tr>\n<td>Bebidas de frutas<\/td>\n<td>0,5 g\/kg<\/td>\n<\/tr>\n<tr>\n<td>Bebidas esportivas<\/td>\n<td>0,7 g\/kg<\/td>\n<\/tr>\n<tr>\n<td>Alimentos enlatados<\/td>\n<td>0,6 g\/kg<\/td>\n<\/tr>\n<tr>\n<td>Molhos e condimentos<\/td>\n<td>0,6 g\/kg<\/td>\n<\/tr>\n<tr>\n<td>Doces<\/td>\n<td>1 g\/kg<\/td>\n<\/tr>\n<tr>\n<td>Chocolate<\/td>\n<td>1 g\/kg<\/td>\n<\/tr>\n<tr>\n<td>Geleia<\/td>\n<td>0,7 g\/kg<\/td>\n<\/tr>\n<tr>\n<td>Produtos c\u00e1rneos (como salsichas e presunto)<\/td>\n<td>1 g\/kg<\/td>\n<\/tr>\n<tr>\n<td>Ch\u00e1 de leite<\/td>\n<td>0,7 g\/kg<\/td>\n<\/tr>\n<\/tbody>\n<\/table>\n<h2><span class=\"ez-toc-section\" id=\"O_fosfato_dissodico_anidro_tem_uma_ampla_variedade_de_usos\"><\/span>O fosfato diss\u00f3dico anidro tem uma ampla variedade de usos<span class=\"ez-toc-section-end\"><\/span><\/h2>\n<p>1. Regulador de acidez: ajusta e estabiliza o valor de pH dos alimentos para evitar que a acidez ou alcalinidade afetem o sabor e a vida \u00fatil dos alimentos.<\/p>\n<p>2. Emulsificante: ajuda a misturar \u00f3leo e \u00e1gua uniformemente, evita a separa\u00e7\u00e3o e melhora a textura e a apar\u00eancia dos alimentos.<\/p>\n<p>3. Estabilizador: aumenta a estabilidade dos alimentos, evita a separa\u00e7\u00e3o e a cristaliza\u00e7\u00e3o dos ingredientes.<\/p>\n<p>4. Agente antiaglomerante: evita que alimentos em p\u00f3 ou granulados se aglomerem durante o armazenamento e mant\u00e9m sua fluidez.<\/p>\n<p>5. Intensificador nutricional: fornece elementos de s\u00f3dio e f\u00f3sforo para aumentar o valor nutricional dos alimentos.<\/p>\n<h2><span class=\"ez-toc-section\" id=\"O_usuario_fez_a_seguinte_pergunta\"><\/span>O usu\u00e1rio fez a seguinte pergunta:<span class=\"ez-toc-section-end\"><\/span><\/h2>\n<p><strong>Pergunta: Qual \u00e9 a diferen\u00e7a entre fosfato diss\u00f3dico anidro e fosfato de s\u00f3dio di-hidratado?<\/strong><\/p>\n<p>Resposta: O fosfato diss\u00f3dico anidro n\u00e3o cont\u00e9m \u00e1gua de cristaliza\u00e7\u00e3o, enquanto o fosfato de s\u00f3dio di-hidratado (como mono-hidrato ou di-hidrato) cont\u00e9m \u00e1gua de cristaliza\u00e7\u00e3o. O fosfato diss\u00f3dico anidro \u00e9 adequado para aplica\u00e7\u00f5es sens\u00edveis \u00e0 umidade e tem maior pureza e estabilidade.<\/p>\n<p><strong>Pergunta: Como armazenar fosfato diss\u00f3dico anidro?<\/strong><\/p>\n<p>Resposta: O fosfato diss\u00f3dico anidro deve ser armazenado em local fresco, seco e bem ventilado, evitando contato com ambiente \u00famido para evitar absor\u00e7\u00e3o de umidade e aglomera\u00e7\u00e3o.<\/p>\n","protected":false},"excerpt":{"rendered":"<ul>\n<li>CAS: 7558-79-4<\/li>\n<li>F\u00f3rmula qu\u00edmica: Na<sub>2<\/sub>HPO<sub>4<\/sub><\/li>\n<li>Certifica\u00e7\u00f5es: KOSHER, ISO, HALAL, FSSC 22000, BRC, etc.<\/li>\n<li>Padr\u00e3o:<\/li>\n<li>Quantidade m\u00ednima do pedido: 1000KG<\/li>\n<li>Prazo de validade: 2 anos<\/li>\n<\/ul>\n","protected":false},"featured_media":8364,"template":"","meta":{"site-sidebar-layout":"default","site-content-layout":"","ast-site-content-layout":"default","site-content-style":"default","site-sidebar-style":"default","ast-global-header-display":"","ast-banner-title-visibility":"","ast-main-header-display":"","ast-hfb-above-header-display":"","ast-hfb-below-header-display":"","ast-hfb-mobile-header-display":"","site-post-title":"","ast-breadcrumbs-content":"","ast-featured-img":"","footer-sml-layout":"","theme-transparent-header-meta":"default","adv-header-id-meta":"","stick-header-meta":"","header-above-stick-meta":"","header-main-stick-meta":"","header-below-stick-meta":"","astra-migrate-meta-layouts":"set","ast-page-background-enabled":"default","ast-page-background-meta":{"desktop":{"background-color":"var(--ast-global-color-4)","background-image":"","background-repeat":"repeat","background-position":"center center","background-size":"auto","background-attachment":"scroll","background-type":"","background-media":"","overlay-type":"","overlay-color":"","overlay-opacity":"","overlay-gradient":""},"tablet":{"background-color":"","background-image":"","background-repeat":"repeat","background-position":"center center","background-size":"auto","background-attachment":"scroll","background-type":"","background-media":"","overlay-type":"","overlay-color":"","overlay-opacity":"","overlay-gradient":""},"mobile":{"background-color":"","background-image":"","background-repeat":"repeat","background-position":"center center","background-size":"auto","background-attachment":"scroll","background-type":"","background-media":"","overlay-type":"","overlay-color":"","overlay-opacity":"","overlay-gradient":""}},"ast-content-background-meta":{"desktop":{"background-color":"var(--ast-global-color-5)","background-image":"","background-repeat":"repeat","background-position":"center center","background-size":"auto","background-attachment":"scroll","background-type":"","background-media":"","overlay-type":"","overlay-color":"","overlay-opacity":"","overlay-gradient":""},"tablet":{"background-color":"var(--ast-global-color-5)","background-image":"","background-repeat":"repeat","background-position":"center center","background-size":"auto","background-attachment":"scroll","background-type":"","background-media":"","overlay-type":"","overlay-color":"","overlay-opacity":"","overlay-gradient":""},"mobile":{"background-color":"var(--ast-global-color-5)","background-image":"","background-repeat":"repeat","background-position":"center center","background-size":"auto","background-attachment":"scroll","background-type":"","background-media":"","overlay-type":"","overlay-color":"","overlay-opacity":"","overlay-gradient":""}}},"product_brand":[],"product_cat":[73],"product_tag":[],"class_list":{"0":"post-8363","1":"product","2":"type-product","3":"status-publish","4":"has-post-thumbnail","6":"product_cat-produto-de-fosfatos","7":"desktop-align-center","8":"tablet-align-left","9":"mobile-align-left","11":"first","12":"instock","13":"shipping-taxable","14":"product-type-simple"},"yoast_head":"<!-- This site is optimized with the Yoast SEO plugin v26.5 - https:\/\/yoast.com\/wordpress\/plugins\/seo\/ -->\n<title>Fornecedor de Fosfato Diss\u00f3dico Anidro (DSP), Atacado de Fosfato de S\u00f3dio Dib\u00e1sico Anidro | Niranbio Chemical<\/title>\n<meta name=\"description\" content=\"Nosso Fosfato Diss\u00f3dico Anidro (DSP) \u00e9 certificado pelos padr\u00f5es KOSHER, HALAL, ISO, FSSC22000 e BRC, o DSP garante qualidade e seguran\u00e7a em aplica\u00e7\u00f5es aliment\u00edcias.\" \/>\n<meta name=\"robots\" content=\"noindex, follow, max-snippet:-1, max-image-preview:large, max-video-preview:-1\" \/>\n<meta name=\"twitter:label1\" content=\"Est. tempo de leitura\" \/>\n\t<meta name=\"twitter:data1\" content=\"3 minutos\" \/>\n<script type=\"application\/ld+json\" class=\"yoast-schema-graph\">{\"@context\":\"https:\/\/schema.org\",\"@graph\":[{\"@type\":\"WebPage\",\"@id\":\"https:\/\/theo.niranbio.com\/pt-br\/dsp-fosfato-dissodico-anidro.html\",\"url\":\"https:\/\/theo.niranbio.com\/pt-br\/dsp-fosfato-dissodico-anidro.html\",\"name\":\"Fornecedor de Fosfato Diss\u00f3dico Anidro (DSP), Atacado de Fosfato de S\u00f3dio Dib\u00e1sico Anidro | Niranbio Chemical\",\"isPartOf\":{\"@id\":\"https:\/\/theo.niranbio.com\/pt-br\/#website\"},\"primaryImageOfPage\":{\"@id\":\"https:\/\/theo.niranbio.com\/pt-br\/dsp-fosfato-dissodico-anidro.html#primaryimage\"},\"image\":{\"@id\":\"https:\/\/theo.niranbio.com\/pt-br\/dsp-fosfato-dissodico-anidro.html#primaryimage\"},\"thumbnailUrl\":\"https:\/\/theo.niranbio.com\/wp-content\/uploads\/2024\/06\/DSP-Disodium-Phosphate-anhydrous.webp\",\"datePublished\":\"2024-06-19T09:20:46+00:00\",\"dateModified\":\"2024-08-13T08:16:48+00:00\",\"description\":\"Nosso Fosfato Diss\u00f3dico Anidro (DSP) \u00e9 certificado pelos padr\u00f5es KOSHER, HALAL, ISO, FSSC22000 e BRC, o DSP garante qualidade e seguran\u00e7a em aplica\u00e7\u00f5es aliment\u00edcias.\",\"breadcrumb\":{\"@id\":\"https:\/\/theo.niranbio.com\/pt-br\/dsp-fosfato-dissodico-anidro.html#breadcrumb\"},\"inLanguage\":\"pt-BR\",\"potentialAction\":[{\"@type\":\"ReadAction\",\"target\":[\"https:\/\/theo.niranbio.com\/pt-br\/dsp-fosfato-dissodico-anidro.html\"]}]},{\"@type\":\"ImageObject\",\"inLanguage\":\"pt-BR\",\"@id\":\"https:\/\/theo.niranbio.com\/pt-br\/dsp-fosfato-dissodico-anidro.html#primaryimage\",\"url\":\"https:\/\/theo.niranbio.com\/wp-content\/uploads\/2024\/06\/DSP-Disodium-Phosphate-anhydrous.webp\",\"contentUrl\":\"https:\/\/theo.niranbio.com\/wp-content\/uploads\/2024\/06\/DSP-Disodium-Phosphate-anhydrous.webp\",\"width\":600,\"height\":600,\"caption\":\"Fosfato Diss\u00f3dico Anidro\"},{\"@type\":\"BreadcrumbList\",\"@id\":\"https:\/\/theo.niranbio.com\/pt-br\/dsp-fosfato-dissodico-anidro.html#breadcrumb\",\"itemListElement\":[{\"@type\":\"ListItem\",\"position\":1,\"name\":\"Home\",\"item\":\"https:\/\/theo.niranbio.com\/pt-br\/\"},{\"@type\":\"ListItem\",\"position\":2,\"name\":\"Produtos\",\"item\":\"https:\/\/theo.niranbio.com\/pt-br\/produtos.html\"},{\"@type\":\"ListItem\",\"position\":3,\"name\":\"Fosfatos\",\"item\":\"https:\/\/theo.niranbio.com\/pt-br\/produto-de-fosfatos\/\"},{\"@type\":\"ListItem\",\"position\":4,\"name\":\"DSP &#8211; Fosfato Diss\u00f3dico Anidro\"}]},{\"@type\":\"WebSite\",\"@id\":\"https:\/\/theo.niranbio.com\/pt-br\/#website\",\"url\":\"https:\/\/theo.niranbio.com\/pt-br\/\",\"name\":\"Niranbio Chemical\",\"description\":\"\",\"publisher\":{\"@id\":\"https:\/\/theo.niranbio.com\/pt-br\/#organization\"},\"potentialAction\":[{\"@type\":\"SearchAction\",\"target\":{\"@type\":\"EntryPoint\",\"urlTemplate\":\"https:\/\/theo.niranbio.com\/pt-br\/?s={search_term_string}\"},\"query-input\":{\"@type\":\"PropertyValueSpecification\",\"valueRequired\":true,\"valueName\":\"search_term_string\"}}],\"inLanguage\":\"pt-BR\"},{\"@type\":\"Organization\",\"@id\":\"https:\/\/theo.niranbio.com\/pt-br\/#organization\",\"name\":\"Niranbio Chemical\",\"url\":\"https:\/\/theo.niranbio.com\/pt-br\/\",\"logo\":{\"@type\":\"ImageObject\",\"inLanguage\":\"pt-BR\",\"@id\":\"https:\/\/theo.niranbio.com\/pt-br\/#\/schema\/logo\/image\/\",\"url\":\"https:\/\/theo.niranbio.com\/wp-content\/uploads\/2024\/06\/Niranbio.png\",\"contentUrl\":\"https:\/\/theo.niranbio.com\/wp-content\/uploads\/2024\/06\/Niranbio.png\",\"width\":270,\"height\":100,\"caption\":\"Niranbio Chemical\"},\"image\":{\"@id\":\"https:\/\/theo.niranbio.com\/pt-br\/#\/schema\/logo\/image\/\"}}]}<\/script>\n<!-- \/ Yoast SEO plugin. -->","yoast_head_json":{"title":"Fornecedor de Fosfato Diss\u00f3dico Anidro (DSP), Atacado de Fosfato de S\u00f3dio Dib\u00e1sico Anidro | Niranbio Chemical","description":"Nosso Fosfato Diss\u00f3dico Anidro (DSP) \u00e9 certificado pelos padr\u00f5es KOSHER, HALAL, ISO, FSSC22000 e BRC, o DSP garante qualidade e seguran\u00e7a em aplica\u00e7\u00f5es aliment\u00edcias.","robots":{"index":"noindex","follow":"follow","max-snippet":"max-snippet:-1","max-image-preview":"max-image-preview:large","max-video-preview":"max-video-preview:-1"},"twitter_misc":{"Est. tempo de leitura":"3 minutos"},"schema":{"@context":"https:\/\/schema.org","@graph":[{"@type":"WebPage","@id":"https:\/\/theo.niranbio.com\/pt-br\/dsp-fosfato-dissodico-anidro.html","url":"https:\/\/theo.niranbio.com\/pt-br\/dsp-fosfato-dissodico-anidro.html","name":"Fornecedor de Fosfato Diss\u00f3dico Anidro (DSP), Atacado de Fosfato de S\u00f3dio Dib\u00e1sico Anidro | Niranbio Chemical","isPartOf":{"@id":"https:\/\/theo.niranbio.com\/pt-br\/#website"},"primaryImageOfPage":{"@id":"https:\/\/theo.niranbio.com\/pt-br\/dsp-fosfato-dissodico-anidro.html#primaryimage"},"image":{"@id":"https:\/\/theo.niranbio.com\/pt-br\/dsp-fosfato-dissodico-anidro.html#primaryimage"},"thumbnailUrl":"https:\/\/theo.niranbio.com\/wp-content\/uploads\/2024\/06\/DSP-Disodium-Phosphate-anhydrous.webp","datePublished":"2024-06-19T09:20:46+00:00","dateModified":"2024-08-13T08:16:48+00:00","description":"Nosso Fosfato Diss\u00f3dico Anidro (DSP) \u00e9 certificado pelos padr\u00f5es KOSHER, HALAL, ISO, FSSC22000 e BRC, o DSP garante qualidade e seguran\u00e7a em aplica\u00e7\u00f5es aliment\u00edcias.","breadcrumb":{"@id":"https:\/\/theo.niranbio.com\/pt-br\/dsp-fosfato-dissodico-anidro.html#breadcrumb"},"inLanguage":"pt-BR","potentialAction":[{"@type":"ReadAction","target":["https:\/\/theo.niranbio.com\/pt-br\/dsp-fosfato-dissodico-anidro.html"]}]},{"@type":"ImageObject","inLanguage":"pt-BR","@id":"https:\/\/theo.niranbio.com\/pt-br\/dsp-fosfato-dissodico-anidro.html#primaryimage","url":"https:\/\/theo.niranbio.com\/wp-content\/uploads\/2024\/06\/DSP-Disodium-Phosphate-anhydrous.webp","contentUrl":"https:\/\/theo.niranbio.com\/wp-content\/uploads\/2024\/06\/DSP-Disodium-Phosphate-anhydrous.webp","width":600,"height":600,"caption":"Fosfato Diss\u00f3dico Anidro"},{"@type":"BreadcrumbList","@id":"https:\/\/theo.niranbio.com\/pt-br\/dsp-fosfato-dissodico-anidro.html#breadcrumb","itemListElement":[{"@type":"ListItem","position":1,"name":"Home","item":"https:\/\/theo.niranbio.com\/pt-br\/"},{"@type":"ListItem","position":2,"name":"Produtos","item":"https:\/\/theo.niranbio.com\/pt-br\/produtos.html"},{"@type":"ListItem","position":3,"name":"Fosfatos","item":"https:\/\/theo.niranbio.com\/pt-br\/produto-de-fosfatos\/"},{"@type":"ListItem","position":4,"name":"DSP &#8211; Fosfato Diss\u00f3dico Anidro"}]},{"@type":"WebSite","@id":"https:\/\/theo.niranbio.com\/pt-br\/#website","url":"https:\/\/theo.niranbio.com\/pt-br\/","name":"Niranbio Chemical","description":"","publisher":{"@id":"https:\/\/theo.niranbio.com\/pt-br\/#organization"},"potentialAction":[{"@type":"SearchAction","target":{"@type":"EntryPoint","urlTemplate":"https:\/\/theo.niranbio.com\/pt-br\/?s={search_term_string}"},"query-input":{"@type":"PropertyValueSpecification","valueRequired":true,"valueName":"search_term_string"}}],"inLanguage":"pt-BR"},{"@type":"Organization","@id":"https:\/\/theo.niranbio.com\/pt-br\/#organization","name":"Niranbio Chemical","url":"https:\/\/theo.niranbio.com\/pt-br\/","logo":{"@type":"ImageObject","inLanguage":"pt-BR","@id":"https:\/\/theo.niranbio.com\/pt-br\/#\/schema\/logo\/image\/","url":"https:\/\/theo.niranbio.com\/wp-content\/uploads\/2024\/06\/Niranbio.png","contentUrl":"https:\/\/theo.niranbio.com\/wp-content\/uploads\/2024\/06\/Niranbio.png","width":270,"height":100,"caption":"Niranbio Chemical"},"image":{"@id":"https:\/\/theo.niranbio.com\/pt-br\/#\/schema\/logo\/image\/"}}]}},"_links":{"self":[{"href":"https:\/\/theo.niranbio.com\/pt-br\/wp-json\/wp\/v2\/product\/8363","targetHints":{"allow":["GET"]}}],"collection":[{"href":"https:\/\/theo.niranbio.com\/pt-br\/wp-json\/wp\/v2\/product"}],"about":[{"href":"https:\/\/theo.niranbio.com\/pt-br\/wp-json\/wp\/v2\/types\/product"}],"version-history":[{"count":0,"href":"https:\/\/theo.niranbio.com\/pt-br\/wp-json\/wp\/v2\/product\/8363\/revisions"}],"wp:featuredmedia":[{"embeddable":true,"href":"https:\/\/theo.niranbio.com\/pt-br\/wp-json\/wp\/v2\/media\/8364"}],"wp:attachment":[{"href":"https:\/\/theo.niranbio.com\/pt-br\/wp-json\/wp\/v2\/media?parent=8363"}],"wp:term":[{"taxonomy":"product_brand","embeddable":true,"href":"https:\/\/theo.niranbio.com\/pt-br\/wp-json\/wp\/v2\/product_brand?post=8363"},{"taxonomy":"product_cat","embeddable":true,"href":"https:\/\/theo.niranbio.com\/pt-br\/wp-json\/wp\/v2\/product_cat?post=8363"},{"taxonomy":"product_tag","embeddable":true,"href":"https:\/\/theo.niranbio.com\/pt-br\/wp-json\/wp\/v2\/product_tag?post=8363"}],"curies":[{"name":"wp","href":"https:\/\/api.w.org\/{rel}","templated":true}]}}