{"id":8360,"date":"2024-06-19T17:24:03","date_gmt":"2024-06-19T09:24:03","guid":{"rendered":"https:\/\/theo.niranbio.com\/fosfato-tricalcico\/"},"modified":"2024-08-12T19:00:36","modified_gmt":"2024-08-12T11:00:36","slug":"fosfato-tricalcico","status":"publish","type":"product","link":"https:\/\/theo.niranbio.com\/pt-br\/fosfato-tricalcico.html","title":{"rendered":"Fosfato tric\u00e1lcico"},"content":{"rendered":"<h2><span class=\"ez-toc-section\" id=\"O_que_e_o_fosfato_tricalcico\"><\/span>O que \u00e9 o fosfato tric\u00e1lcico?<span class=\"ez-toc-section-end\"><\/span><\/h2>\n<p> O fosfato tric\u00e1lcico \u00e9 um composto inorg\u00e2nico comum com apar\u00eancia de p\u00f3 amorfo branco. \u00c9 relativamente est\u00e1vel no ar, quase insol\u00favel em \u00e1gua, sol\u00favel em \u00e1cido e geralmente \u00e9 usado como um agente antiaglomerante, intensificador nutricional e agente de fermenta\u00e7\u00e3o na ind\u00fastria aliment\u00edcia. Os principais m\u00e9todos para preparar fosfato tric\u00e1lcico incluem processo \u00famido e processo seco. O processo \u00famido gera fosfato dic\u00e1lcico reagindo \u00e1cido fosf\u00f3rico com leite de cal e, em seguida, reage para gerar fosfato tric\u00e1lcico. \u00c9 simples de operar, tem baixo investimento em equipamentos e alta pureza do produto. O processo seco gera fosfato dic\u00e1lcico e sulfato de c\u00e1lcio reagindo min\u00e9rio de fosfato com \u00e1cido sulf\u00farico e, em seguida, gera fosfato tric\u00e1lcico por calcina\u00e7\u00e3o em alta temperatura. Atualmente, o processo \u00famido se tornou o principal processo de prepara\u00e7\u00e3o devido ao seu baixo custo e alta pureza do produto.       <\/p>\n<h2><span class=\"ez-toc-section\" id=\"Parametros_relacionados\"><\/span>Par\u00e2metros relacionados:<span class=\"ez-toc-section-end\"><\/span><\/h2>\n<table>\n<tbody>\n<tr>\n<td><strong>ITEM DE AN\u00c1LISE<\/strong><\/td>\n<td><strong>\u00cdNDICES DE QUALIDADE<\/strong><\/td>\n<\/tr>\n<tr>\n<td>Ensaio (como Ca) %<\/td>\n<td>34.0-40.0<\/td>\n<\/tr>\n<tr>\n<td>Identifica\u00e7\u00e3o<\/td>\n<td>Passar no teste<\/td>\n<\/tr>\n<tr>\n<td>Subst\u00e2ncia sol\u00favel em \u00e1gua \u2264%<\/td>\n<td>0.5<\/td>\n<\/tr>\n<tr>\n<td>Subst\u00e2ncia insol\u00favel em \u00e1cido \u2264%<\/td>\n<td>0.2<\/td>\n<\/tr>\n<tr>\n<td>Carbonato<\/td>\n<td>Passar no teste<\/td>\n<\/tr>\n<tr>\n<td>Cloretos \u2264%<\/td>\n<td>0.14<\/td>\n<\/tr>\n<tr>\n<td>Sulfato \u2264%<\/td>\n<td>0.8<\/td>\n<\/tr>\n<tr>\n<td>Sal dib\u00e1sico e \u00f3xido de c\u00e1lcio<\/td>\n<td>Teste de aprova\u00e7\u00e3o<\/td>\n<\/tr>\n<tr>\n<td>Ars\u00eanico \u2264mg\/kg<\/td>\n<td>3<\/td>\n<\/tr>\n<tr>\n<td>B\u00e1rio<\/td>\n<td>Passar no teste<\/td>\n<\/tr>\n<tr>\n<td>Fluoretos %<\/td>\n<td>75<\/td>\n<\/tr>\n<tr>\n<td>Nitrato<\/td>\n<td>Passar no teste<\/td>\n<\/tr>\n<tr>\n<td>Metais pesados \u2264mg\/kg<\/td>\n<td>30<\/td>\n<\/tr>\n<tr>\n<td>Chumbo \u2264mg\/kg<\/td>\n<td>2<\/td>\n<\/tr>\n<tr>\n<td>C\u00e1dmio \u2264mg\/kg<\/td>\n<td>1<\/td>\n<\/tr>\n<tr>\n<td>Merc\u00fario \u2264mg\/kg<\/td>\n<td>1<\/td>\n<\/tr>\n<tr>\n<td>Perda na igni\u00e7\u00e3o \u2264%<\/td>\n<td>\u2264% 8.0<\/td>\n<\/tr>\n<\/tbody>\n<\/table>\n<h2><span class=\"ez-toc-section\" id=\"Dosagem_recomendada\"><\/span>Dosagem recomendada:<span class=\"ez-toc-section-end\"><\/span><\/h2>\n<table>\n<tbody>\n<tr>\n<td><strong>Nome do alimento<\/strong><\/td>\n<td><strong>Uso m\u00e1ximo (g\/kg)<\/strong><\/td>\n<\/tr>\n<tr>\n<td>P\u00e3o com alto teor de c\u00e1lcio<\/td>\n<td>6 g\/kg<\/td>\n<\/tr>\n<tr>\n<td>Bebidas esportivas<\/td>\n<td>1,5 g\/kg<\/td>\n<\/tr>\n<tr>\n<td>Produtos l\u00e1cteos (como iogurte, leite)<\/td>\n<td>3 g\/kg<\/td>\n<\/tr>\n<tr>\n<td>Queijo<\/td>\n<td>5 g\/kg<\/td>\n<\/tr>\n<tr>\n<td>Produtos de chocolate<\/td>\n<td>3 g\/kg<\/td>\n<\/tr>\n<tr>\n<td>Doces<\/td>\n<td>2 g\/kg<\/td>\n<\/tr>\n<tr>\n<td>Sorvete<\/td>\n<td>2 g\/kg<\/td>\n<\/tr>\n<tr>\n<td>Bolos<\/td>\n<td>5 g\/kg<\/td>\n<\/tr>\n<tr>\n<td>Caf\u00e9 instant\u00e2neo<\/td>\n<td>2 g\/kg<\/td>\n<\/tr>\n<tr>\n<td>Ch\u00e1 com leite<\/td>\n<td>3 g\/kg<\/td>\n<\/tr>\n<tr>\n<td>Bebidas \u00e0 base de suco<\/td>\n<td>1,5 g\/kg<\/td>\n<\/tr>\n<tr>\n<td>Alimentos assados (como bolos e biscoitos)<\/td>\n<td>5 g\/kg<\/td>\n<\/tr>\n<\/tbody>\n<\/table>\n<h2><span class=\"ez-toc-section\" id=\"Uso_do_fosfato_tricalcico\"><\/span>Uso do fosfato tric\u00e1lcico<span class=\"ez-toc-section-end\"><\/span><\/h2>\n<ol>\n<li>Agente antiaglomerante: evita que alimentos em p\u00f3 ou granulados se aglomerem durante o armazenamento, mantendo sua fluidez e facilidade de manuseio.<\/li>\n<li>Melhoradores nutricionais: fornecem c\u00e1lcio e f\u00f3sforo, suplementam os elementos de c\u00e1lcio e f\u00f3sforo exigidos pelo corpo humano e s\u00e3o particularmente adequados para alimentos que exigem suplementa\u00e7\u00e3o adicional de c\u00e1lcio.<\/li>\n<li>Agente de fermenta\u00e7\u00e3o: em alimentos assados, ajuda a massa a crescer e melhora o volume e a textura do alimento.<\/li>\n<li>Ajustador de pH: ajusta o valor de pH em certos alimentos para manter a estabilidade e o sabor do alimento.<\/li>\n<li>Melhorador de fluxo: melhora a fluidez de alimentos em p\u00f3 e granulados para f\u00e1cil processamento e embalagem.<\/li>\n<li>Estabilizadores e emulsificantes: em latic\u00ednios e outros alimentos emulsionados, ajuda a manter a distribui\u00e7\u00e3o uniforme dos ingredientes e evita a separa\u00e7\u00e3o.<\/li>\n<\/ol>\n","protected":false},"excerpt":{"rendered":"<ul>\n<li>CAS: 7758-87-4<\/li>\n<li>F\u00f3rmula qu\u00edmica: Ca<sub>3<\/sub>(PO<sub>4<\/sub>)<sub>2<\/sub><\/li>\n<li>Certifica\u00e7\u00f5es: KOSHER, ISO, HALAL, FSSC 22000, BRC, etc.<\/li>\n<li>Padr\u00e3o:<\/li>\n<li>Quantidade m\u00ednima do pedido: 1000KG<\/li>\n<li>Prazo de validade: 2 anos<\/li>\n<\/ul>\n","protected":false},"featured_media":8361,"template":"","meta":{"site-sidebar-layout":"default","site-content-layout":"","ast-site-content-layout":"default","site-content-style":"default","site-sidebar-style":"default","ast-global-header-display":"","ast-banner-title-visibility":"","ast-main-header-display":"","ast-hfb-above-header-display":"","ast-hfb-below-header-display":"","ast-hfb-mobile-header-display":"","site-post-title":"","ast-breadcrumbs-content":"","ast-featured-img":"","footer-sml-layout":"","theme-transparent-header-meta":"default","adv-header-id-meta":"","stick-header-meta":"","header-above-stick-meta":"","header-main-stick-meta":"","header-below-stick-meta":"","astra-migrate-meta-layouts":"set","ast-page-background-enabled":"default","ast-page-background-meta":{"desktop":{"background-color":"var(--ast-global-color-4)","background-image":"","background-repeat":"repeat","background-position":"center center","background-size":"auto","background-attachment":"scroll","background-type":"","background-media":"","overlay-type":"","overlay-color":"","overlay-opacity":"","overlay-gradient":""},"tablet":{"background-color":"","background-image":"","background-repeat":"repeat","background-position":"center center","background-size":"auto","background-attachment":"scroll","background-type":"","background-media":"","overlay-type":"","overlay-color":"","overlay-opacity":"","overlay-gradient":""},"mobile":{"background-color":"","background-image":"","background-repeat":"repeat","background-position":"center center","background-size":"auto","background-attachment":"scroll","background-type":"","background-media":"","overlay-type":"","overlay-color":"","overlay-opacity":"","overlay-gradient":""}},"ast-content-background-meta":{"desktop":{"background-color":"var(--ast-global-color-5)","background-image":"","background-repeat":"repeat","background-position":"center center","background-size":"auto","background-attachment":"scroll","background-type":"","background-media":"","overlay-type":"","overlay-color":"","overlay-opacity":"","overlay-gradient":""},"tablet":{"background-color":"var(--ast-global-color-5)","background-image":"","background-repeat":"repeat","background-position":"center center","background-size":"auto","background-attachment":"scroll","background-type":"","background-media":"","overlay-type":"","overlay-color":"","overlay-opacity":"","overlay-gradient":""},"mobile":{"background-color":"var(--ast-global-color-5)","background-image":"","background-repeat":"repeat","background-position":"center center","background-size":"auto","background-attachment":"scroll","background-type":"","background-media":"","overlay-type":"","overlay-color":"","overlay-opacity":"","overlay-gradient":""}}},"product_brand":[],"product_cat":[73],"product_tag":[],"class_list":{"0":"post-8360","1":"product","2":"type-product","3":"status-publish","4":"has-post-thumbnail","6":"product_cat-produto-de-fosfatos","7":"desktop-align-center","8":"tablet-align-left","9":"mobile-align-left","11":"first","12":"instock","13":"shipping-taxable","14":"product-type-simple"},"yoast_head":"<!-- This site is optimized with the Yoast SEO plugin v26.5 - https:\/\/yoast.com\/wordpress\/plugins\/seo\/ -->\n<title>Fabricante de fosfato tric\u00e1lcico, p\u00f3 TCP de grau aliment\u00edcio | Niranbio Chemical<\/title>\n<meta name=\"description\" content=\"Nosso p\u00f3 de fosfato tric\u00e1lcico (TCP) \u00e9 certificado para seguran\u00e7a e qualidade, um aditivo de alta pureza e grau aliment\u00edcio.\" \/>\n<meta name=\"robots\" content=\"noindex, follow, max-snippet:-1, max-image-preview:large, max-video-preview:-1\" \/>\n<meta name=\"twitter:label1\" content=\"Est. tempo de leitura\" \/>\n\t<meta name=\"twitter:data1\" content=\"3 minutos\" \/>\n<script type=\"application\/ld+json\" class=\"yoast-schema-graph\">{\"@context\":\"https:\/\/schema.org\",\"@graph\":[{\"@type\":\"WebPage\",\"@id\":\"https:\/\/theo.niranbio.com\/pt-br\/fosfato-tricalcico.html\",\"url\":\"https:\/\/theo.niranbio.com\/pt-br\/fosfato-tricalcico.html\",\"name\":\"Fabricante de fosfato tric\u00e1lcico, p\u00f3 TCP de grau aliment\u00edcio | Niranbio Chemical\",\"isPartOf\":{\"@id\":\"https:\/\/theo.niranbio.com\/pt-br\/#website\"},\"primaryImageOfPage\":{\"@id\":\"https:\/\/theo.niranbio.com\/pt-br\/fosfato-tricalcico.html#primaryimage\"},\"image\":{\"@id\":\"https:\/\/theo.niranbio.com\/pt-br\/fosfato-tricalcico.html#primaryimage\"},\"thumbnailUrl\":\"https:\/\/theo.niranbio.com\/wp-content\/uploads\/2024\/06\/Tricalcium-Phosphate.webp\",\"datePublished\":\"2024-06-19T09:24:03+00:00\",\"dateModified\":\"2024-08-12T11:00:36+00:00\",\"description\":\"Nosso p\u00f3 de fosfato tric\u00e1lcico (TCP) \u00e9 certificado para seguran\u00e7a e qualidade, um aditivo de alta pureza e grau aliment\u00edcio.\",\"breadcrumb\":{\"@id\":\"https:\/\/theo.niranbio.com\/pt-br\/fosfato-tricalcico.html#breadcrumb\"},\"inLanguage\":\"pt-BR\",\"potentialAction\":[{\"@type\":\"ReadAction\",\"target\":[\"https:\/\/theo.niranbio.com\/pt-br\/fosfato-tricalcico.html\"]}]},{\"@type\":\"ImageObject\",\"inLanguage\":\"pt-BR\",\"@id\":\"https:\/\/theo.niranbio.com\/pt-br\/fosfato-tricalcico.html#primaryimage\",\"url\":\"https:\/\/theo.niranbio.com\/wp-content\/uploads\/2024\/06\/Tricalcium-Phosphate.webp\",\"contentUrl\":\"https:\/\/theo.niranbio.com\/wp-content\/uploads\/2024\/06\/Tricalcium-Phosphate.webp\",\"width\":600,\"height\":600,\"caption\":\"Fosfato Tric\u00e1lcico\"},{\"@type\":\"BreadcrumbList\",\"@id\":\"https:\/\/theo.niranbio.com\/pt-br\/fosfato-tricalcico.html#breadcrumb\",\"itemListElement\":[{\"@type\":\"ListItem\",\"position\":1,\"name\":\"Home\",\"item\":\"https:\/\/theo.niranbio.com\/pt-br\/\"},{\"@type\":\"ListItem\",\"position\":2,\"name\":\"Produtos\",\"item\":\"https:\/\/theo.niranbio.com\/pt-br\/produtos.html\"},{\"@type\":\"ListItem\",\"position\":3,\"name\":\"Fosfatos\",\"item\":\"https:\/\/theo.niranbio.com\/pt-br\/produto-de-fosfatos\/\"},{\"@type\":\"ListItem\",\"position\":4,\"name\":\"Fosfato tric\u00e1lcico\"}]},{\"@type\":\"WebSite\",\"@id\":\"https:\/\/theo.niranbio.com\/pt-br\/#website\",\"url\":\"https:\/\/theo.niranbio.com\/pt-br\/\",\"name\":\"Niranbio Chemical\",\"description\":\"\",\"publisher\":{\"@id\":\"https:\/\/theo.niranbio.com\/pt-br\/#organization\"},\"potentialAction\":[{\"@type\":\"SearchAction\",\"target\":{\"@type\":\"EntryPoint\",\"urlTemplate\":\"https:\/\/theo.niranbio.com\/pt-br\/?s={search_term_string}\"},\"query-input\":{\"@type\":\"PropertyValueSpecification\",\"valueRequired\":true,\"valueName\":\"search_term_string\"}}],\"inLanguage\":\"pt-BR\"},{\"@type\":\"Organization\",\"@id\":\"https:\/\/theo.niranbio.com\/pt-br\/#organization\",\"name\":\"Niranbio Chemical\",\"url\":\"https:\/\/theo.niranbio.com\/pt-br\/\",\"logo\":{\"@type\":\"ImageObject\",\"inLanguage\":\"pt-BR\",\"@id\":\"https:\/\/theo.niranbio.com\/pt-br\/#\/schema\/logo\/image\/\",\"url\":\"https:\/\/theo.niranbio.com\/wp-content\/uploads\/2024\/06\/Niranbio.png\",\"contentUrl\":\"https:\/\/theo.niranbio.com\/wp-content\/uploads\/2024\/06\/Niranbio.png\",\"width\":270,\"height\":100,\"caption\":\"Niranbio Chemical\"},\"image\":{\"@id\":\"https:\/\/theo.niranbio.com\/pt-br\/#\/schema\/logo\/image\/\"}}]}<\/script>\n<!-- \/ Yoast SEO plugin. -->","yoast_head_json":{"title":"Fabricante de fosfato tric\u00e1lcico, p\u00f3 TCP de grau aliment\u00edcio | Niranbio Chemical","description":"Nosso p\u00f3 de fosfato tric\u00e1lcico (TCP) \u00e9 certificado para seguran\u00e7a e qualidade, um aditivo de alta pureza e grau aliment\u00edcio.","robots":{"index":"noindex","follow":"follow","max-snippet":"max-snippet:-1","max-image-preview":"max-image-preview:large","max-video-preview":"max-video-preview:-1"},"twitter_misc":{"Est. tempo de leitura":"3 minutos"},"schema":{"@context":"https:\/\/schema.org","@graph":[{"@type":"WebPage","@id":"https:\/\/theo.niranbio.com\/pt-br\/fosfato-tricalcico.html","url":"https:\/\/theo.niranbio.com\/pt-br\/fosfato-tricalcico.html","name":"Fabricante de fosfato tric\u00e1lcico, p\u00f3 TCP de grau aliment\u00edcio | Niranbio Chemical","isPartOf":{"@id":"https:\/\/theo.niranbio.com\/pt-br\/#website"},"primaryImageOfPage":{"@id":"https:\/\/theo.niranbio.com\/pt-br\/fosfato-tricalcico.html#primaryimage"},"image":{"@id":"https:\/\/theo.niranbio.com\/pt-br\/fosfato-tricalcico.html#primaryimage"},"thumbnailUrl":"https:\/\/theo.niranbio.com\/wp-content\/uploads\/2024\/06\/Tricalcium-Phosphate.webp","datePublished":"2024-06-19T09:24:03+00:00","dateModified":"2024-08-12T11:00:36+00:00","description":"Nosso p\u00f3 de fosfato tric\u00e1lcico (TCP) \u00e9 certificado para seguran\u00e7a e qualidade, um aditivo de alta pureza e grau aliment\u00edcio.","breadcrumb":{"@id":"https:\/\/theo.niranbio.com\/pt-br\/fosfato-tricalcico.html#breadcrumb"},"inLanguage":"pt-BR","potentialAction":[{"@type":"ReadAction","target":["https:\/\/theo.niranbio.com\/pt-br\/fosfato-tricalcico.html"]}]},{"@type":"ImageObject","inLanguage":"pt-BR","@id":"https:\/\/theo.niranbio.com\/pt-br\/fosfato-tricalcico.html#primaryimage","url":"https:\/\/theo.niranbio.com\/wp-content\/uploads\/2024\/06\/Tricalcium-Phosphate.webp","contentUrl":"https:\/\/theo.niranbio.com\/wp-content\/uploads\/2024\/06\/Tricalcium-Phosphate.webp","width":600,"height":600,"caption":"Fosfato Tric\u00e1lcico"},{"@type":"BreadcrumbList","@id":"https:\/\/theo.niranbio.com\/pt-br\/fosfato-tricalcico.html#breadcrumb","itemListElement":[{"@type":"ListItem","position":1,"name":"Home","item":"https:\/\/theo.niranbio.com\/pt-br\/"},{"@type":"ListItem","position":2,"name":"Produtos","item":"https:\/\/theo.niranbio.com\/pt-br\/produtos.html"},{"@type":"ListItem","position":3,"name":"Fosfatos","item":"https:\/\/theo.niranbio.com\/pt-br\/produto-de-fosfatos\/"},{"@type":"ListItem","position":4,"name":"Fosfato tric\u00e1lcico"}]},{"@type":"WebSite","@id":"https:\/\/theo.niranbio.com\/pt-br\/#website","url":"https:\/\/theo.niranbio.com\/pt-br\/","name":"Niranbio Chemical","description":"","publisher":{"@id":"https:\/\/theo.niranbio.com\/pt-br\/#organization"},"potentialAction":[{"@type":"SearchAction","target":{"@type":"EntryPoint","urlTemplate":"https:\/\/theo.niranbio.com\/pt-br\/?s={search_term_string}"},"query-input":{"@type":"PropertyValueSpecification","valueRequired":true,"valueName":"search_term_string"}}],"inLanguage":"pt-BR"},{"@type":"Organization","@id":"https:\/\/theo.niranbio.com\/pt-br\/#organization","name":"Niranbio Chemical","url":"https:\/\/theo.niranbio.com\/pt-br\/","logo":{"@type":"ImageObject","inLanguage":"pt-BR","@id":"https:\/\/theo.niranbio.com\/pt-br\/#\/schema\/logo\/image\/","url":"https:\/\/theo.niranbio.com\/wp-content\/uploads\/2024\/06\/Niranbio.png","contentUrl":"https:\/\/theo.niranbio.com\/wp-content\/uploads\/2024\/06\/Niranbio.png","width":270,"height":100,"caption":"Niranbio Chemical"},"image":{"@id":"https:\/\/theo.niranbio.com\/pt-br\/#\/schema\/logo\/image\/"}}]}},"_links":{"self":[{"href":"https:\/\/theo.niranbio.com\/pt-br\/wp-json\/wp\/v2\/product\/8360","targetHints":{"allow":["GET"]}}],"collection":[{"href":"https:\/\/theo.niranbio.com\/pt-br\/wp-json\/wp\/v2\/product"}],"about":[{"href":"https:\/\/theo.niranbio.com\/pt-br\/wp-json\/wp\/v2\/types\/product"}],"version-history":[{"count":0,"href":"https:\/\/theo.niranbio.com\/pt-br\/wp-json\/wp\/v2\/product\/8360\/revisions"}],"wp:featuredmedia":[{"embeddable":true,"href":"https:\/\/theo.niranbio.com\/pt-br\/wp-json\/wp\/v2\/media\/8361"}],"wp:attachment":[{"href":"https:\/\/theo.niranbio.com\/pt-br\/wp-json\/wp\/v2\/media?parent=8360"}],"wp:term":[{"taxonomy":"product_brand","embeddable":true,"href":"https:\/\/theo.niranbio.com\/pt-br\/wp-json\/wp\/v2\/product_brand?post=8360"},{"taxonomy":"product_cat","embeddable":true,"href":"https:\/\/theo.niranbio.com\/pt-br\/wp-json\/wp\/v2\/product_cat?post=8360"},{"taxonomy":"product_tag","embeddable":true,"href":"https:\/\/theo.niranbio.com\/pt-br\/wp-json\/wp\/v2\/product_tag?post=8360"}],"curies":[{"name":"wp","href":"https:\/\/api.w.org\/{rel}","templated":true}]}}