{"id":8356,"date":"2024-06-19T17:25:06","date_gmt":"2024-06-19T09:25:06","guid":{"rendered":"https:\/\/theo.niranbio.com\/mcp-fosfato-monocalcico\/"},"modified":"2024-08-13T16:10:05","modified_gmt":"2024-08-13T08:10:05","slug":"mcp-fosfato-monocalcico","status":"publish","type":"product","link":"https:\/\/theo.niranbio.com\/pt-br\/mcp-fosfato-monocalcico.html","title":{"rendered":"MCP &#8211; fosfato monoc\u00e1lcico"},"content":{"rendered":"<h2><span class=\"ez-toc-section\" id=\"O_que_e_MCP_%E2%80%93_fosfato_monocalcico\"><\/span>O que \u00e9 MCP &#8211; fosfato monoc\u00e1lcico?<span class=\"ez-toc-section-end\"><\/span><\/h2>\n<p>Semelhante a um p\u00f3 branco e cristalino, o fosfato monoc\u00e1lcico \u00e9 uma subst\u00e2ncia inorg\u00e2nica. Ele se dissolve prontamente em \u00e1cidos n\u00edtrico e clor\u00eddrico e apenas esporadicamente em \u00e1gua. Suas principais aplica\u00e7\u00f5es incluem aromatizantes de vinho, promo\u00e7\u00e3o de fermenta\u00e7\u00e3o, fermenta\u00e7\u00e3o de alimentos e fortifica\u00e7\u00e3o de c\u00e1lcio.<\/p>\n<h2><span class=\"ez-toc-section\" id=\"Fabricacao_de_fosfato_monocalcico_MCP\"><\/span>Fabrica\u00e7\u00e3o de fosfato monoc\u00e1lcico MCP<span class=\"ez-toc-section-end\"><\/span><\/h2>\n<p>H\u00e1 tr\u00eas m\u00e9todos principais para preparar o fosfato monoc\u00e1lcico:<\/p>\n<h3><span class=\"ez-toc-section\" id=\"1_Processo_umido_processo_de_fabricacao_convencional\"><\/span>1. Processo \u00famido (processo de fabrica\u00e7\u00e3o convencional):<span class=\"ez-toc-section-end\"><\/span><\/h3>\n<p>O processo \u00famido \u00e9 o m\u00e9todo principal para preparar fosfato monoc\u00e1lcico. O processo inclui sele\u00e7\u00e3o de mat\u00e9ria-prima, rea\u00e7\u00e3o de hidr\u00f3lise \u00e1cida, filtragem e lavagem e secagem. Primeiro, \u00e1cido fosf\u00f3rico de alta pureza e carbonato de c\u00e1lcio ou hidr\u00f3xido de c\u00e1lcio s\u00e3o selecionados como mat\u00e9rias-primas. Em seguida, \u00e1cido fosf\u00f3rico e carbonato de c\u00e1lcio ou hidr\u00f3xido de c\u00e1lcio s\u00e3o submetidos \u00e0 rea\u00e7\u00e3o de hidr\u00f3lise \u00e1cida em uma temperatura apropriada para gerar fosfato monoc\u00e1lcico. Finalmente, ap\u00f3s as etapas de filtragem, lavagem e secagem, cristais ou p\u00f3 de fosfato monoc\u00e1lcico puro s\u00e3o obtidos.<\/p>\n<h3><span class=\"ez-toc-section\" id=\"2_Processo_termico%EF%BC%9A\"><\/span>2. Processo t\u00e9rmico\uff1a<span class=\"ez-toc-section-end\"><\/span><\/h3>\n<p>O processo t\u00e9rmico \u00e9 usado principalmente para produ\u00e7\u00e3o em larga escala de fosfato monoc\u00e1lcico. Suas etapas incluem sele\u00e7\u00e3o de mat\u00e9ria-prima, rea\u00e7\u00e3o de hidr\u00f3lise \u00e1cida, rea\u00e7\u00e3o de \u00e1cido fosf\u00f3rico e hidr\u00f3xido de c\u00e1lcio, concentra\u00e7\u00e3o e cristaliza\u00e7\u00e3o. Primeiro, rocha fosf\u00e1tica de alta pureza e \u00e1cido sulf\u00farico ou \u00e1cido n\u00edtrico s\u00e3o selecionados como mat\u00e9rias-primas. Ent\u00e3o, a rocha fosf\u00e1tica \u00e9 submetida a uma rea\u00e7\u00e3o de hidr\u00f3lise \u00e1cida com \u00e1cido sulf\u00farico ou \u00e1cido n\u00edtrico para gerar \u00e1cido fosf\u00f3rico. Em seguida, o \u00e1cido fosf\u00f3rico reage com hidr\u00f3xido de c\u00e1lcio para gerar fosfato monoc\u00e1lcico. Finalmente, o produto da rea\u00e7\u00e3o \u00e9 concentrado e resfriado para cristalizar e obter fosfato monoc\u00e1lcico.<\/p>\n<h3><span class=\"ez-toc-section\" id=\"3_Metodo_de_sintese_direta\"><\/span>3. M\u00e9todo de s\u00edntese direta:<span class=\"ez-toc-section-end\"><\/span><\/h3>\n<p>O m\u00e9todo de s\u00edntese direta \u00e9 usado principalmente para produ\u00e7\u00e3o em laborat\u00f3rio ou em pequena escala de fosfato monoc\u00e1lcico. O processo inclui sele\u00e7\u00e3o de mat\u00e9ria-prima, rea\u00e7\u00e3o direta, cristaliza\u00e7\u00e3o e secagem. Primeiro, \u00e1cido fosf\u00f3rico de alta pureza e \u00f3xido de c\u00e1lcio ou hidr\u00f3xido de c\u00e1lcio s\u00e3o selecionados como mat\u00e9rias-primas. Ent\u00e3o, o \u00e1cido fosf\u00f3rico \u00e9 misturado diretamente com \u00f3xido de c\u00e1lcio ou hidr\u00f3xido de c\u00e1lcio para reagir e gerar fosfato monoc\u00e1lcico. Finalmente, por meio das etapas de cristaliza\u00e7\u00e3o e secagem, o fosfato monoc\u00e1lcico puro \u00e9 obtido. Este m\u00e9todo \u00e9 adequado para pesquisa laboratorial e prepara\u00e7\u00e3o em pequena escala.<\/p>\n<h3><span class=\"ez-toc-section\" id=\"Parametros_relacionados\"><\/span>Par\u00e2metros relacionados:<span class=\"ez-toc-section-end\"><\/span><\/h3>\n<table>\n<tbody>\n<tr>\n<td><strong>Item<\/strong><\/td>\n<td><strong>ESPECIFICA\u00c7\u00c3O<\/strong><\/td>\n<\/tr>\n<tr>\n<td>Cor<\/td>\n<td>Cor branca<\/td>\n<\/tr>\n<tr>\n<td>Conte\u00fado total de P (unidade de P)%<\/td>\n<td>\u226521.00<\/td>\n<\/tr>\n<tr>\n<td>P(sol\u00favel em \u00e1gua) %<\/td>\n<td>\u226550.00<\/td>\n<\/tr>\n<tr>\n<td>Conte\u00fado de c\u00e1lcio (unidade de Ca) %<\/td>\n<td>\u226514.00<\/td>\n<\/tr>\n<tr>\n<td>Teor de fl\u00faor (unidade F) %<\/td>\n<td>\u22660.10<\/td>\n<\/tr>\n<tr>\n<td>Conte\u00fado de ars\u00eanico (unidade As) ppm<\/td>\n<td>\u226625<\/td>\n<\/tr>\n<tr>\n<td>Teor de chumbo (unidade Pb) ppm<\/td>\n<td>\u226630<\/td>\n<\/tr>\n<tr>\n<td>Umidade %<\/td>\n<td>\u22664.0<\/td>\n<\/tr>\n<\/tbody>\n<\/table>\n<h3><span class=\"ez-toc-section\" id=\"Dosagem_recomendada\"><\/span>Dosagem recomendada:<span class=\"ez-toc-section-end\"><\/span><\/h3>\n<table>\n<tbody>\n<tr>\n<td><strong>Nome do alimento<\/strong><\/td>\n<td><strong>Uso m\u00e1ximo (g\/kg)<\/strong><\/td>\n<\/tr>\n<tr>\n<td>P\u00e3o<\/td>\n<td>6 g\/kg<\/td>\n<\/tr>\n<tr>\n<td>Bolo<\/td>\n<td>5 g\/kg<\/td>\n<\/tr>\n<tr>\n<td>Alimentos congelados<\/td>\n<td>2 g\/kg<\/td>\n<\/tr>\n<tr>\n<td>Produtos c\u00e1rneos<\/td>\n<td>4 g\/kg<\/td>\n<\/tr>\n<tr>\n<td>Salsichas<\/td>\n<td>5 g\/kg<\/td>\n<\/tr>\n<tr>\n<td>Alimentos enlatados<\/td>\n<td>2 g\/kg<\/td>\n<\/tr>\n<tr>\n<td>Queijo<\/td>\n<td>3 g\/kg<\/td>\n<\/tr>\n<tr>\n<td>Produtos l\u00e1cteos<\/td>\n<td>2 g\/kg<\/td>\n<\/tr>\n<tr>\n<td>Bebidas<\/td>\n<td>2 g\/kg<\/td>\n<\/tr>\n<tr>\n<td>Suco<\/td>\n<td>2 g\/kg<\/td>\n<\/tr>\n<tr>\n<td>Geleia<\/td>\n<td>3 g\/kg<\/td>\n<\/tr>\n<tr>\n<td>Molho<\/td>\n<td>4 g\/kg<\/td>\n<\/tr>\n<tr>\n<td>Molho para salada<\/td>\n<td>3 g\/kg<\/td>\n<\/tr>\n<\/tbody>\n<\/table>\n<h2><span class=\"ez-toc-section\" id=\"O_fosfato_monocalcico_tem_uma_ampla_gama_de_usos\"><\/span>O fosfato monoc\u00e1lcico tem uma ampla gama de usos<span class=\"ez-toc-section-end\"><\/span><\/h2>\n<h3><span class=\"ez-toc-section\" id=\"1_Regulador_de_acidez\"><\/span>1. Regulador de acidez:<span class=\"ez-toc-section-end\"><\/span><\/h3>\n<p>O fosfato monoc\u00e1lcico pode ajustar a acidez dos alimentos para manter um valor de pH adequado, melhorando assim a estabilidade e o sabor dos alimentos. \u00c9 amplamente utilizado em bebidas, condimentos e alimentos enlatados.<\/p>\n<h3><span class=\"ez-toc-section\" id=\"2_Agente_de_fermentacao\"><\/span>2. Agente de fermenta\u00e7\u00e3o:<span class=\"ez-toc-section-end\"><\/span><\/h3>\n<p>Em alimentos assados, o fosfato monoc\u00e1lcico, como um importante agente de fermenta\u00e7\u00e3o, pode reagir com bicarbonato de s\u00f3dio para produzir g\u00e1s di\u00f3xido de carbono, fazendo com que a massa se expanda durante o cozimento, tornando o produto mais fofo e macio. \u00c9 frequentemente usado em produtos assados, como p\u00e3o, bolos e muffins, para aumentar o volume e a textura do produto.<\/p>\n<h3><span class=\"ez-toc-section\" id=\"3_Suplementos_de_calcio_e_fosforo\"><\/span>3. Suplementos de c\u00e1lcio e f\u00f3sforo:<span class=\"ez-toc-section-end\"><\/span><\/h3>\n<p>O fosfato monoc\u00e1lcico \u00e9 rico em c\u00e1lcio e f\u00f3sforo e \u00e9 um intensificador nutricional eficaz. F\u00f3sforo e c\u00e1lcio s\u00e3o elementos cruciais para dentes e ossos. A adi\u00e7\u00e3o de fosfato monoc\u00e1lcico ajuda a prevenir problemas de sa\u00fade como osteoporose e doen\u00e7as dent\u00e1rias, e melhora o valor nutricional dos alimentos. Latic\u00ednios, bebidas e alimentos que foram fortificados frequentemente o cont\u00eam.<\/p>\n<h3><span class=\"ez-toc-section\" id=\"4_Agente_antiaglomerante\"><\/span>4. Agente antiaglomerante:<span class=\"ez-toc-section-end\"><\/span><\/h3>\n<p>Em alimentos em p\u00f3 e condimentos, o fosfato monoc\u00e1lcico pode prevenir a ades\u00e3o e aglomera\u00e7\u00e3o entre part\u00edculas, mantendo a soltura e boa fluidez do produto. Isso \u00e9 muito importante para aumentar a facilidade de uso dos itens e prolongar sua vida \u00fatil. \u00c9 frequentemente usado em leite em p\u00f3, acompanhamento de caf\u00e9, temperos e outros produtos.<\/p>\n<h3><span class=\"ez-toc-section\" id=\"5_Aprimorador\"><\/span>5. Aprimorador:<span class=\"ez-toc-section-end\"><\/span><\/h3>\n<p>O fosfato monoc\u00e1lcico pode melhorar a textura e o sabor dos alimentos, aumentar a estabilidade e a reten\u00e7\u00e3o de \u00e1gua dos produtos. Por exemplo, em produtos de carne, pode melhorar a maciez e a sucul\u00eancia do produto; em alimentos prontos para consumo, pode melhorar o sabor dos alimentos e torn\u00e1-los mais atraentes. \u00c9 amplamente utilizado em v\u00e1rios alimentos processados \u200b\u200be prontos para consumo, melhorando significativamente a qualidade geral do produto.<\/p>\n<h2><span class=\"ez-toc-section\" id=\"O_usuario_fez_a_seguinte_pergunta\"><\/span>O usu\u00e1rio fez a seguinte pergunta:<span class=\"ez-toc-section-end\"><\/span><\/h2>\n<p>Pergunta: Fosfato monoc\u00e1lcico e fosfato de c\u00e1lcio s\u00e3o a mesma subst\u00e2ncia? Se n\u00e3o, h\u00e1 alguma diferen\u00e7a?<\/p>\n<p>Resposta: Fosfato monoc\u00e1lcico e fosfato de c\u00e1lcio n\u00e3o s\u00e3o a mesma subst\u00e2ncia. Fosfato monoc\u00e1lcico (Ca(H\u2082PO\u2084)\u2082) \u00e9 usado principalmente como um agente de fermenta\u00e7\u00e3o e regulador de acidez na ind\u00fastria aliment\u00edcia, bem como um aditivo agr\u00edcola e de ra\u00e7\u00e3o; enquanto o fosfato de c\u00e1lcio inclui fosfato dic\u00e1lcico (CaHPO\u2084) e fosfato tric\u00e1lcico (Ca\u2083(PO\u2084)\u2082), que s\u00e3o usados \u200b\u200bcomo um intensificador nutricional e agente antiaglomerante em alimentos e um suplemento de c\u00e1lcio-f\u00f3sforo na medicina, respectivamente. Os dois s\u00e3o diferentes em estrutura qu\u00edmica, solubilidade e usos espec\u00edficos.<\/p>\n","protected":false},"excerpt":{"rendered":"<ul>\n<li>CAS: 7758-23-8<\/li>\n<li>F\u00f3rmula qu\u00edmica: CaH<sub>4<\/sub>P<sub>2<\/sub>O<sub>8<\/sub><\/li>\n<li>Certifica\u00e7\u00f5es: KOSHER, ISO, HALAL, FSSC 22000, BRC, etc.<\/li>\n<li>Padr\u00e3o:<\/li>\n<li>Quantidade m\u00ednima do pedido: 1000KG<\/li>\n<li>Prazo de validade: 2 anos<\/li>\n<\/ul>\n","protected":false},"featured_media":8357,"template":"","meta":{"site-sidebar-layout":"default","site-content-layout":"","ast-site-content-layout":"default","site-content-style":"default","site-sidebar-style":"default","ast-global-header-display":"","ast-banner-title-visibility":"","ast-main-header-display":"","ast-hfb-above-header-display":"","ast-hfb-below-header-display":"","ast-hfb-mobile-header-display":"","site-post-title":"","ast-breadcrumbs-content":"","ast-featured-img":"","footer-sml-layout":"","theme-transparent-header-meta":"default","adv-header-id-meta":"","stick-header-meta":"","header-above-stick-meta":"","header-main-stick-meta":"","header-below-stick-meta":"","astra-migrate-meta-layouts":"set","ast-page-background-enabled":"default","ast-page-background-meta":{"desktop":{"background-color":"var(--ast-global-color-4)","background-image":"","background-repeat":"repeat","background-position":"center center","background-size":"auto","background-attachment":"scroll","background-type":"","background-media":"","overlay-type":"","overlay-color":"","overlay-opacity":"","overlay-gradient":""},"tablet":{"background-color":"","background-image":"","background-repeat":"repeat","background-position":"center center","background-size":"auto","background-attachment":"scroll","background-type":"","background-media":"","overlay-type":"","overlay-color":"","overlay-opacity":"","overlay-gradient":""},"mobile":{"background-color":"","background-image":"","background-repeat":"repeat","background-position":"center center","background-size":"auto","background-attachment":"scroll","background-type":"","background-media":"","overlay-type":"","overlay-color":"","overlay-opacity":"","overlay-gradient":""}},"ast-content-background-meta":{"desktop":{"background-color":"var(--ast-global-color-5)","background-image":"","background-repeat":"repeat","background-position":"center center","background-size":"auto","background-attachment":"scroll","background-type":"","background-media":"","overlay-type":"","overlay-color":"","overlay-opacity":"","overlay-gradient":""},"tablet":{"background-color":"var(--ast-global-color-5)","background-image":"","background-repeat":"repeat","background-position":"center center","background-size":"auto","background-attachment":"scroll","background-type":"","background-media":"","overlay-type":"","overlay-color":"","overlay-opacity":"","overlay-gradient":""},"mobile":{"background-color":"var(--ast-global-color-5)","background-image":"","background-repeat":"repeat","background-position":"center center","background-size":"auto","background-attachment":"scroll","background-type":"","background-media":"","overlay-type":"","overlay-color":"","overlay-opacity":"","overlay-gradient":""}}},"product_brand":[],"product_cat":[73],"product_tag":[],"class_list":{"0":"post-8356","1":"product","2":"type-product","3":"status-publish","4":"has-post-thumbnail","6":"product_cat-produto-de-fosfatos","7":"desktop-align-center","8":"tablet-align-left","9":"mobile-align-left","11":"first","12":"instock","13":"shipping-taxable","14":"product-type-simple"},"yoast_head":"<!-- This site is optimized with the Yoast SEO plugin v26.5 - https:\/\/yoast.com\/wordpress\/plugins\/seo\/ -->\n<title>P\u00f3 de fosfato monoc\u00e1lcico, pre\u00e7o de aditivo alimentar MCP | Niranbio Chemical<\/title>\n<meta name=\"description\" content=\"Nosso p\u00f3 de Fosfato Monoc\u00e1lcico (MCP) \u00e9 um aditivo vers\u00e1til de qualidade alimentar dispon\u00edvel nas formas anidra e monohidratada.\" \/>\n<meta name=\"robots\" content=\"noindex, follow, max-snippet:-1, max-image-preview:large, max-video-preview:-1\" \/>\n<meta name=\"twitter:label1\" content=\"Est. tempo de leitura\" \/>\n\t<meta name=\"twitter:data1\" content=\"5 minutos\" \/>\n<script type=\"application\/ld+json\" class=\"yoast-schema-graph\">{\"@context\":\"https:\/\/schema.org\",\"@graph\":[{\"@type\":\"WebPage\",\"@id\":\"https:\/\/theo.niranbio.com\/pt-br\/mcp-fosfato-monocalcico.html\",\"url\":\"https:\/\/theo.niranbio.com\/pt-br\/mcp-fosfato-monocalcico.html\",\"name\":\"P\u00f3 de fosfato monoc\u00e1lcico, pre\u00e7o de aditivo alimentar MCP | Niranbio Chemical\",\"isPartOf\":{\"@id\":\"https:\/\/theo.niranbio.com\/pt-br\/#website\"},\"primaryImageOfPage\":{\"@id\":\"https:\/\/theo.niranbio.com\/pt-br\/mcp-fosfato-monocalcico.html#primaryimage\"},\"image\":{\"@id\":\"https:\/\/theo.niranbio.com\/pt-br\/mcp-fosfato-monocalcico.html#primaryimage\"},\"thumbnailUrl\":\"https:\/\/theo.niranbio.com\/wp-content\/uploads\/2024\/06\/MCP-Monocalcium-Phosphate.webp\",\"datePublished\":\"2024-06-19T09:25:06+00:00\",\"dateModified\":\"2024-08-13T08:10:05+00:00\",\"description\":\"Nosso p\u00f3 de Fosfato Monoc\u00e1lcico (MCP) \u00e9 um aditivo vers\u00e1til de qualidade alimentar dispon\u00edvel nas formas anidra e monohidratada.\",\"breadcrumb\":{\"@id\":\"https:\/\/theo.niranbio.com\/pt-br\/mcp-fosfato-monocalcico.html#breadcrumb\"},\"inLanguage\":\"pt-BR\",\"potentialAction\":[{\"@type\":\"ReadAction\",\"target\":[\"https:\/\/theo.niranbio.com\/pt-br\/mcp-fosfato-monocalcico.html\"]}]},{\"@type\":\"ImageObject\",\"inLanguage\":\"pt-BR\",\"@id\":\"https:\/\/theo.niranbio.com\/pt-br\/mcp-fosfato-monocalcico.html#primaryimage\",\"url\":\"https:\/\/theo.niranbio.com\/wp-content\/uploads\/2024\/06\/MCP-Monocalcium-Phosphate.webp\",\"contentUrl\":\"https:\/\/theo.niranbio.com\/wp-content\/uploads\/2024\/06\/MCP-Monocalcium-Phosphate.webp\",\"width\":600,\"height\":600,\"caption\":\"Fosfato monoc\u00e1lcico (MCP)\"},{\"@type\":\"BreadcrumbList\",\"@id\":\"https:\/\/theo.niranbio.com\/pt-br\/mcp-fosfato-monocalcico.html#breadcrumb\",\"itemListElement\":[{\"@type\":\"ListItem\",\"position\":1,\"name\":\"Home\",\"item\":\"https:\/\/theo.niranbio.com\/pt-br\/\"},{\"@type\":\"ListItem\",\"position\":2,\"name\":\"Produtos\",\"item\":\"https:\/\/theo.niranbio.com\/pt-br\/produtos.html\"},{\"@type\":\"ListItem\",\"position\":3,\"name\":\"Fosfatos\",\"item\":\"https:\/\/theo.niranbio.com\/pt-br\/produto-de-fosfatos\/\"},{\"@type\":\"ListItem\",\"position\":4,\"name\":\"MCP &#8211; fosfato monoc\u00e1lcico\"}]},{\"@type\":\"WebSite\",\"@id\":\"https:\/\/theo.niranbio.com\/pt-br\/#website\",\"url\":\"https:\/\/theo.niranbio.com\/pt-br\/\",\"name\":\"Niranbio Chemical\",\"description\":\"\",\"publisher\":{\"@id\":\"https:\/\/theo.niranbio.com\/pt-br\/#organization\"},\"potentialAction\":[{\"@type\":\"SearchAction\",\"target\":{\"@type\":\"EntryPoint\",\"urlTemplate\":\"https:\/\/theo.niranbio.com\/pt-br\/?s={search_term_string}\"},\"query-input\":{\"@type\":\"PropertyValueSpecification\",\"valueRequired\":true,\"valueName\":\"search_term_string\"}}],\"inLanguage\":\"pt-BR\"},{\"@type\":\"Organization\",\"@id\":\"https:\/\/theo.niranbio.com\/pt-br\/#organization\",\"name\":\"Niranbio Chemical\",\"url\":\"https:\/\/theo.niranbio.com\/pt-br\/\",\"logo\":{\"@type\":\"ImageObject\",\"inLanguage\":\"pt-BR\",\"@id\":\"https:\/\/theo.niranbio.com\/pt-br\/#\/schema\/logo\/image\/\",\"url\":\"https:\/\/theo.niranbio.com\/wp-content\/uploads\/2024\/06\/Niranbio.png\",\"contentUrl\":\"https:\/\/theo.niranbio.com\/wp-content\/uploads\/2024\/06\/Niranbio.png\",\"width\":270,\"height\":100,\"caption\":\"Niranbio Chemical\"},\"image\":{\"@id\":\"https:\/\/theo.niranbio.com\/pt-br\/#\/schema\/logo\/image\/\"}}]}<\/script>\n<!-- \/ Yoast SEO plugin. -->","yoast_head_json":{"title":"P\u00f3 de fosfato monoc\u00e1lcico, pre\u00e7o de aditivo alimentar MCP | Niranbio Chemical","description":"Nosso p\u00f3 de Fosfato Monoc\u00e1lcico (MCP) \u00e9 um aditivo vers\u00e1til de qualidade alimentar dispon\u00edvel nas formas anidra e monohidratada.","robots":{"index":"noindex","follow":"follow","max-snippet":"max-snippet:-1","max-image-preview":"max-image-preview:large","max-video-preview":"max-video-preview:-1"},"twitter_misc":{"Est. tempo de leitura":"5 minutos"},"schema":{"@context":"https:\/\/schema.org","@graph":[{"@type":"WebPage","@id":"https:\/\/theo.niranbio.com\/pt-br\/mcp-fosfato-monocalcico.html","url":"https:\/\/theo.niranbio.com\/pt-br\/mcp-fosfato-monocalcico.html","name":"P\u00f3 de fosfato monoc\u00e1lcico, pre\u00e7o de aditivo alimentar MCP | Niranbio Chemical","isPartOf":{"@id":"https:\/\/theo.niranbio.com\/pt-br\/#website"},"primaryImageOfPage":{"@id":"https:\/\/theo.niranbio.com\/pt-br\/mcp-fosfato-monocalcico.html#primaryimage"},"image":{"@id":"https:\/\/theo.niranbio.com\/pt-br\/mcp-fosfato-monocalcico.html#primaryimage"},"thumbnailUrl":"https:\/\/theo.niranbio.com\/wp-content\/uploads\/2024\/06\/MCP-Monocalcium-Phosphate.webp","datePublished":"2024-06-19T09:25:06+00:00","dateModified":"2024-08-13T08:10:05+00:00","description":"Nosso p\u00f3 de Fosfato Monoc\u00e1lcico (MCP) \u00e9 um aditivo vers\u00e1til de qualidade alimentar dispon\u00edvel nas formas anidra e monohidratada.","breadcrumb":{"@id":"https:\/\/theo.niranbio.com\/pt-br\/mcp-fosfato-monocalcico.html#breadcrumb"},"inLanguage":"pt-BR","potentialAction":[{"@type":"ReadAction","target":["https:\/\/theo.niranbio.com\/pt-br\/mcp-fosfato-monocalcico.html"]}]},{"@type":"ImageObject","inLanguage":"pt-BR","@id":"https:\/\/theo.niranbio.com\/pt-br\/mcp-fosfato-monocalcico.html#primaryimage","url":"https:\/\/theo.niranbio.com\/wp-content\/uploads\/2024\/06\/MCP-Monocalcium-Phosphate.webp","contentUrl":"https:\/\/theo.niranbio.com\/wp-content\/uploads\/2024\/06\/MCP-Monocalcium-Phosphate.webp","width":600,"height":600,"caption":"Fosfato monoc\u00e1lcico (MCP)"},{"@type":"BreadcrumbList","@id":"https:\/\/theo.niranbio.com\/pt-br\/mcp-fosfato-monocalcico.html#breadcrumb","itemListElement":[{"@type":"ListItem","position":1,"name":"Home","item":"https:\/\/theo.niranbio.com\/pt-br\/"},{"@type":"ListItem","position":2,"name":"Produtos","item":"https:\/\/theo.niranbio.com\/pt-br\/produtos.html"},{"@type":"ListItem","position":3,"name":"Fosfatos","item":"https:\/\/theo.niranbio.com\/pt-br\/produto-de-fosfatos\/"},{"@type":"ListItem","position":4,"name":"MCP &#8211; fosfato monoc\u00e1lcico"}]},{"@type":"WebSite","@id":"https:\/\/theo.niranbio.com\/pt-br\/#website","url":"https:\/\/theo.niranbio.com\/pt-br\/","name":"Niranbio Chemical","description":"","publisher":{"@id":"https:\/\/theo.niranbio.com\/pt-br\/#organization"},"potentialAction":[{"@type":"SearchAction","target":{"@type":"EntryPoint","urlTemplate":"https:\/\/theo.niranbio.com\/pt-br\/?s={search_term_string}"},"query-input":{"@type":"PropertyValueSpecification","valueRequired":true,"valueName":"search_term_string"}}],"inLanguage":"pt-BR"},{"@type":"Organization","@id":"https:\/\/theo.niranbio.com\/pt-br\/#organization","name":"Niranbio Chemical","url":"https:\/\/theo.niranbio.com\/pt-br\/","logo":{"@type":"ImageObject","inLanguage":"pt-BR","@id":"https:\/\/theo.niranbio.com\/pt-br\/#\/schema\/logo\/image\/","url":"https:\/\/theo.niranbio.com\/wp-content\/uploads\/2024\/06\/Niranbio.png","contentUrl":"https:\/\/theo.niranbio.com\/wp-content\/uploads\/2024\/06\/Niranbio.png","width":270,"height":100,"caption":"Niranbio Chemical"},"image":{"@id":"https:\/\/theo.niranbio.com\/pt-br\/#\/schema\/logo\/image\/"}}]}},"_links":{"self":[{"href":"https:\/\/theo.niranbio.com\/pt-br\/wp-json\/wp\/v2\/product\/8356","targetHints":{"allow":["GET"]}}],"collection":[{"href":"https:\/\/theo.niranbio.com\/pt-br\/wp-json\/wp\/v2\/product"}],"about":[{"href":"https:\/\/theo.niranbio.com\/pt-br\/wp-json\/wp\/v2\/types\/product"}],"version-history":[{"count":0,"href":"https:\/\/theo.niranbio.com\/pt-br\/wp-json\/wp\/v2\/product\/8356\/revisions"}],"wp:featuredmedia":[{"embeddable":true,"href":"https:\/\/theo.niranbio.com\/pt-br\/wp-json\/wp\/v2\/media\/8357"}],"wp:attachment":[{"href":"https:\/\/theo.niranbio.com\/pt-br\/wp-json\/wp\/v2\/media?parent=8356"}],"wp:term":[{"taxonomy":"product_brand","embeddable":true,"href":"https:\/\/theo.niranbio.com\/pt-br\/wp-json\/wp\/v2\/product_brand?post=8356"},{"taxonomy":"product_cat","embeddable":true,"href":"https:\/\/theo.niranbio.com\/pt-br\/wp-json\/wp\/v2\/product_cat?post=8356"},{"taxonomy":"product_tag","embeddable":true,"href":"https:\/\/theo.niranbio.com\/pt-br\/wp-json\/wp\/v2\/product_tag?post=8356"}],"curies":[{"name":"wp","href":"https:\/\/api.w.org\/{rel}","templated":true}]}}