{"id":8345,"date":"2024-06-19T17:27:20","date_gmt":"2024-06-19T09:27:20","guid":{"rendered":"https:\/\/theo.niranbio.com\/tripolifosfato-de-sodio\/"},"modified":"2024-08-19T10:05:43","modified_gmt":"2024-08-19T02:05:43","slug":"tripolifosfato-de-sodio","status":"publish","type":"product","link":"https:\/\/theo.niranbio.com\/pt-br\/tripolifosfato-de-sodio.html","title":{"rendered":"Tripolifosfato de s\u00f3dio"},"content":{"rendered":"<h2><span class=\"ez-toc-section\" id=\"Metodos_de_producao_de_tripolifosfato_de_sodio\"><\/span>M\u00e9todos de produ\u00e7\u00e3o de tripolifosfato de s\u00f3dio<span class=\"ez-toc-section-end\"><\/span><\/h2>\n<p>H\u00e1 tr\u00eas processos principais de produ\u00e7\u00e3o de tripolifosfato de s\u00f3dio:<\/p>\n<p>1. A produ\u00e7\u00e3o \u00famida \u00e9 um dos principais processos de produ\u00e7\u00e3o de tripolifosfato de s\u00f3dio. Seu processo b\u00e1sico inclui a rea\u00e7\u00e3o de neutraliza\u00e7\u00e3o de \u00e1cido fosf\u00f3rico e solu\u00e7\u00e3o alcalina, a forma\u00e7\u00e3o, precipita\u00e7\u00e3o e secagem de tripolifosfato. As principais vantagens desse processo s\u00e3o alto rendimento e qualidade est\u00e1vel, mas o processo \u00e9 relativamente trabalhoso e requer muita \u00e1gua e energia.<\/p>\n<p>2. A produ\u00e7\u00e3o seca \u00e9 um dos processos mais simples de produ\u00e7\u00e3o de tripolifosfato de s\u00f3dio. Ele usa \u00e1cido fosf\u00f3rico e sais de metais alcalinos (como carbonato de s\u00f3dio, etc.) para secar e desidratar a 400-500\u2103 para obter tripolifosfato de s\u00f3dio. As vantagens desse processo s\u00e3o baixo consumo de \u00e1gua e processo simples, mas requer rea\u00e7\u00e3o de alta temperatura e a sa\u00edda n\u00e3o \u00e9 t\u00e3o boa quanto a produ\u00e7\u00e3o \u00famida.<\/p>\n<p>3. O processo de produ\u00e7\u00e3o de carbonato de s\u00f3dio \u00e9 uma rea\u00e7\u00e3o de neutraliza\u00e7\u00e3o entre carbonato de s\u00f3dio e solu\u00e7\u00e3o de \u00e1cido fosf\u00f3rico. O subfosfato de s\u00f3dio \u00e9 gerado primeiro e, em seguida, o trifosfato de s\u00f3dio \u00e9 precipitado sob a a\u00e7\u00e3o do carbonato de s\u00f3dio. Ap\u00f3s filtragem, lavagem e secagem, o tripolifosfato de s\u00f3dio \u00e9 obtido. As vantagens desse processo s\u00e3o baixa temperatura, opera\u00e7\u00e3o simples e f\u00e1cil disponibilidade de mat\u00e9rias-primas, mas requer carbonato de s\u00f3dio de maior pureza e custo relativamente alto.<\/p>\n<h2><span class=\"ez-toc-section\" id=\"Parametros_relacionados\"><\/span>Par\u00e2metros relacionados:<span class=\"ez-toc-section-end\"><\/span><\/h2>\n<table>\n<tbody>\n<tr>\n<td><strong>ITENS<\/strong><\/td>\n<td><strong>UNIDADES<\/strong><\/td>\n<td><strong>ESPECIFICA\u00c7\u00d5ES<\/strong><\/td>\n<\/tr>\n<tr>\n<td>Ensaio<\/td>\n<td>%<\/td>\n<td>M\u00ednimo 94<\/td>\n<\/tr>\n<tr>\n<td>P2O5<\/td>\n<td>%<\/td>\n<td>56~58<\/td>\n<\/tr>\n<tr>\n<td>pH (solu\u00e7\u00e3o a 1%)<\/td>\n<td><\/td>\n<td>9.2~10.0<\/td>\n<\/tr>\n<tr>\n<td>Insol\u00favel em \u00e1gua<\/td>\n<td>%<\/td>\n<td>M\u00e1x.<br \/>\n0.5<\/td>\n<\/tr>\n<tr>\n<td>As<\/td>\n<td>mg\/kg<\/td>\n<td>M\u00e1x. 3<\/td>\n<\/tr>\n<tr>\n<td>Metal pesado<\/td>\n<td>mg\/kg<\/td>\n<td>M\u00e1ximo.<br \/>\n10<\/td>\n<\/tr>\n<tr>\n<td>Pb<\/td>\n<td>mg\/kg<\/td>\n<td>M\u00e1x. 2<\/td>\n<\/tr>\n<tr>\n<td>F<\/td>\n<td>mg\/kg<\/td>\n<td>M\u00e1x.<br \/>\n20<\/td>\n<\/tr>\n<tr>\n<td>Brancura<\/td>\n<td>%<\/td>\n<td>M\u00ednimo 90<\/td>\n<\/tr>\n<tr>\n<td>Densidade a granel<\/td>\n<td>g\/cm3<\/td>\n<td>0.5~0.7<\/td>\n<\/tr>\n<tr>\n<td>Turbidez<\/td>\n<td>NTU<\/td>\n<td>M\u00e1x.<br \/>\n30<\/td>\n<\/tr>\n<tr>\n<td>Perda na secagem<\/td>\n<td>%<\/td>\n<td><\/td>\n<\/tr>\n<\/tbody>\n<\/table>\n<h2><span class=\"ez-toc-section\" id=\"Dosagem_recomendada\"><\/span>Dosagem recomendada<span class=\"ez-toc-section-end\"><\/span><\/h2>\n<table>\n<tbody>\n<tr>\n<td><strong>Nome do alimento<\/strong><\/td>\n<td><strong>Uso m\u00e1ximo (g\/kg)<\/strong><\/td>\n<\/tr>\n<tr>\n<td>Presunto<\/td>\n<td>4 g\/kg<\/td>\n<\/tr>\n<tr>\n<td>Salsicha<\/td>\n<td>5 g\/kg<\/td>\n<\/tr>\n<tr>\n<td>Carne de almo\u00e7o<\/td>\n<td>5 g\/kg<\/td>\n<\/tr>\n<tr>\n<td>Bacon<\/td>\n<td>4 g\/kg<\/td>\n<\/tr>\n<tr>\n<td>Carne curada<\/td>\n<td>4 g\/kg<\/td>\n<\/tr>\n<tr>\n<td>Produtos de frango<\/td>\n<td>5 g\/kg<\/td>\n<\/tr>\n<tr>\n<td>Produtos de surimi<\/td>\n<td>5 g\/kg<\/td>\n<\/tr>\n<tr>\n<td>Frutos do mar congelados<\/td>\n<td>4 g\/kg<\/td>\n<\/tr>\n<tr>\n<td>Produtos de soja<\/td>\n<td>3 g\/kg<\/td>\n<\/tr>\n<tr>\n<td>Alimentos enlatados<\/td>\n<td>3 g\/kg<\/td>\n<\/tr>\n<tr>\n<td>Frutas enlatadas<\/td>\n<td>3 g\/kg<\/td>\n<\/tr>\n<tr>\n<td>Queijo<\/td>\n<td>4 g\/kg<\/td>\n<\/tr>\n<tr>\n<td>Creme<\/td>\n<td>3 g\/kg<\/td>\n<\/tr>\n<tr>\n<td>Leite condensado<\/td>\n<td>3 g\/kg<\/td>\n<\/tr>\n<tr>\n<td>Produtos l\u00e1cteos<\/td>\n<td>3 g\/kg<\/td>\n<\/tr>\n<tr>\n<td>Molho<\/td>\n<td>3 g\/kg<\/td>\n<\/tr>\n<\/tbody>\n<\/table>\n<h2><span class=\"ez-toc-section\" id=\"O_tripolifosfato_de_sodio_tem_uma_ampla_gama_de_usos\"><\/span>O tripolifosfato de s\u00f3dio tem uma ampla gama de usos<span class=\"ez-toc-section-end\"><\/span><\/h2>\n<h3><span class=\"ez-toc-section\" id=\"1_Melhoria_da_qualidade\"><\/span>1. Melhoria da qualidade<span class=\"ez-toc-section-end\"><\/span><\/h3>\n<p>O tripolifosfato de s\u00f3dio \u00e9 um aditivo alimentar comum, usado principalmente como um melhorador de qualidade. Ele pode melhorar as propriedades do gel da carne, aumentar a for\u00e7a de corte, elasticidade e flutuabilidade da carne, otimizando assim o sabor e a apar\u00eancia da carne. Al\u00e9m disso, tamb\u00e9m tem a fun\u00e7\u00e3o de aumentar o sabor, atuando como um retentor de umidade e espessante. Em alimentos, o tripolifosfato de s\u00f3dio n\u00e3o \u00e9 usado apenas para preserva\u00e7\u00e3o e ajuste de pH, mas tamb\u00e9m interage com prote\u00ednas para fornecer suplementos nutricionais.<\/p>\n<h3><span class=\"ez-toc-section\" id=\"2_Retentor_de_agua_amaciante_amaciante\"><\/span>2. Retentor de \u00e1gua, amaciante, amaciante<span class=\"ez-toc-section-end\"><\/span><\/h3>\n<p>O tripolifosfato de s\u00f3dio \u00e9 usado principalmente como um retentor de \u00e1gua, amaciante e amaciante em alimentos. Como um retentor de \u00e1gua, o tripolifosfato de s\u00f3dio pode formar um complexo com a miosina na carne, melhorando assim a capacidade de liga\u00e7\u00e3o de \u00e1gua da carne, prevenindo a perda de \u00e1gua e, assim, melhorando a beleza e o frescor da carne. Al\u00e9m disso, tamb\u00e9m tem um efeito amaciante e pode melhorar o sabor dos alimentos. Ao mesmo tempo, o tripolifosfato de s\u00f3dio tamb\u00e9m \u00e9 um amaciante que pode tornar alimentos como carne mais macios e suaves.<\/p>\n<h3><span class=\"ez-toc-section\" id=\"3_Espessador\"><\/span>3. Espessador<span class=\"ez-toc-section-end\"><\/span><\/h3>\n<p>Como um espessante, o tripolifosfato de s\u00f3dio pode alterar as propriedades reol\u00f3gicas dos alimentos, tornando-os mais espessos e ricos.<\/p>\n<h3><span class=\"ez-toc-section\" id=\"4_Melhorar_a_qualidade_comestivel_do_processamento_de_alimentos\"><\/span>4. Melhorar a qualidade comest\u00edvel do processamento de alimentos<span class=\"ez-toc-section-end\"><\/span><\/h3>\n<p>Em produtos de carne e peixe, o tripolifosfato de s\u00f3dio pode ser usado para aumentar a maciez da carne, melhorar a cor e ajudar a prevenir a oxida\u00e7\u00e3o da gordura, estendendo assim a vida \u00fatil do produto.<\/p>\n<h2><span class=\"ez-toc-section\" id=\"O_usuario_fez_a_seguinte_pergunta\"><\/span>O usu\u00e1rio fez a seguinte pergunta:<span class=\"ez-toc-section-end\"><\/span><\/h2>\n<p><strong>Pergunta: Por que o tripolifosfato de s\u00f3dio deve ser adicionado a produtos de carne?<\/strong><\/p>\n<p>Resposta: 1. Aumentar a capacidade de separa\u00e7\u00e3o \u00f3leo-\u00e1gua da carne: Durante o processamento de produtos c\u00e1rneos, o tripolifosfato de s\u00f3dio interage com a \u00e1gua e a prote\u00edna na carne para formar um sol coloidal, que pode efetivamente aumentar a capacidade de separa\u00e7\u00e3o \u00f3leo-\u00e1gua da carne e evitar descarga excessiva de \u00e1gua durante o aquecimento ou armazenamento de produtos c\u00e1rneos. 2. Melhorar o sabor e a estabilidade do sabor: Como o tripolifosfato de s\u00f3dio pode aumentar a capacidade de separa\u00e7\u00e3o \u00f3leo-\u00e1gua da carne, seu uso em produtos c\u00e1rneos pode melhorar o sabor e a estabilidade do sabor da carne e melhorar a qualidade do sabor dos produtos c\u00e1rneos. 3. Aumentar a reten\u00e7\u00e3o de \u00e1gua e o frescor dos alimentos: O tripolifosfato de s\u00f3dio pode aumentar o teor de \u00e1gua nos alimentos, aumentando assim a reten\u00e7\u00e3o de \u00e1gua e o frescor dos alimentos, estendendo efetivamente o per\u00edodo de armazenamento de produtos c\u00e1rneos e reduzindo o risco de deteriora\u00e7\u00e3o dos alimentos.<\/p>\n<p><strong>Pergunta: Qual \u00e9 a situa\u00e7\u00e3o de mercado do tripolifosfato de s\u00f3dio de grau aliment\u00edcio? O pre\u00e7o est\u00e1 flutuando muito? <\/strong><\/p>\n<p>Resposta: Mercado dom\u00e9stico (China) Na China, a tend\u00eancia de pre\u00e7o para STPP \u00e9 relativamente est\u00e1vel, mas mostra pequenas flutua\u00e7\u00f5es. A demanda permanece consistente, impulsionada principalmente pelas ind\u00fastrias de processamento de alimentos e detergentes. No entanto, devido \u00e0 recupera\u00e7\u00e3o econ\u00f4mica da pandemia, houve uma ligeira redu\u00e7\u00e3o nos custos de produ\u00e7\u00e3o, contribuindo para pre\u00e7os est\u00e1veis.<\/p>\n<p>Mercado internacional \u00c1sia-Pac\u00edfico: A regi\u00e3o da \u00c1sia-Pac\u00edfico, particularmente a China, viu um decl\u00ednio nos pre\u00e7os de STPP devido \u00e0 fraca demanda de ind\u00fastrias como tratamento de \u00e1gua, detergentes e alimentos e bebidas.<\/p>\n<p>O mercado \u00e9 caracterizado por alta oferta e baixa demanda, causando uma tend\u00eancia de baixa. Europa: Na Europa, o mercado experimentou tend\u00eancias de pre\u00e7os variadas na \u00faltima parte de 2023, com decl\u00ednios iniciais seguidos por ligeiros aumentos. Fatores como crises econ\u00f4micas e as consequ\u00eancias de tens\u00f5es geopol\u00edticas como a guerra russa influenciaram o mercado, levando a flutua\u00e7\u00f5es. No geral, o mercado viu um decl\u00ednio nos pre\u00e7os devido \u00e0 demanda moderada do consumidor e altos estoques.<\/p>\n<p>Am\u00e9rica do Norte: A Am\u00e9rica do Norte tamb\u00e9m testemunhou um decl\u00ednio nos pre\u00e7os do STPP no final de 2023, influenciado pela fraca demanda de ind\u00fastrias downstream e importa\u00e7\u00f5es de baixo pre\u00e7o. A confian\u00e7a empresarial estava baixa e, apesar de um ligeiro aumento no PMI de manufatura, a atividade geral do mercado permaneceu inalterada.<\/p>\n<p>Volatilidade de pre\u00e7o: No geral, a volatilidade de pre\u00e7o para STPP de grau aliment\u00edcio \u00e9 moderada. Embora haja flutua\u00e7\u00f5es devido \u00e0 demanda vari\u00e1vel e \u00e0s condi\u00e7\u00f5es econ\u00f4micas em diferentes regi\u00f5es, espera-se que o mercado cres\u00e7a a uma taxa de crescimento anual composta (CAGR) de 4,73% de 2024 a 2030, atingindo US$ 7,37 bilh\u00f5es at\u00e9 2030.<\/p>\n","protected":false},"excerpt":{"rendered":"<ul>\n<li>CAS: 7758-29-4<\/li>\n<li>F\u00f3rmula qu\u00edmica: Na<sub>5<\/sub>P<sub>3<\/sub>O<sub>10<\/sub><\/li>\n<li>Certifica\u00e7\u00f5es: KOSHER, ISO, HALAL, FSSC 22000, BRC, etc.<\/li>\n<li>Padr\u00e3o:<\/li>\n<li>Quantidade m\u00ednima do pedido: 1000KG<\/li>\n<li>Prazo de validade: 2 anos<\/li>\n<\/ul>\n","protected":false},"featured_media":8346,"template":"","meta":{"site-sidebar-layout":"default","site-content-layout":"","ast-site-content-layout":"default","site-content-style":"default","site-sidebar-style":"default","ast-global-header-display":"","ast-banner-title-visibility":"","ast-main-header-display":"","ast-hfb-above-header-display":"","ast-hfb-below-header-display":"","ast-hfb-mobile-header-display":"","site-post-title":"","ast-breadcrumbs-content":"","ast-featured-img":"","footer-sml-layout":"","theme-transparent-header-meta":"default","adv-header-id-meta":"","stick-header-meta":"","header-above-stick-meta":"","header-main-stick-meta":"","header-below-stick-meta":"","astra-migrate-meta-layouts":"set","ast-page-background-enabled":"default","ast-page-background-meta":{"desktop":{"background-color":"var(--ast-global-color-4)","background-image":"","background-repeat":"repeat","background-position":"center center","background-size":"auto","background-attachment":"scroll","background-type":"","background-media":"","overlay-type":"","overlay-color":"","overlay-opacity":"","overlay-gradient":""},"tablet":{"background-color":"","background-image":"","background-repeat":"repeat","background-position":"center center","background-size":"auto","background-attachment":"scroll","background-type":"","background-media":"","overlay-type":"","overlay-color":"","overlay-opacity":"","overlay-gradient":""},"mobile":{"background-color":"","background-image":"","background-repeat":"repeat","background-position":"center center","background-size":"auto","background-attachment":"scroll","background-type":"","background-media":"","overlay-type":"","overlay-color":"","overlay-opacity":"","overlay-gradient":""}},"ast-content-background-meta":{"desktop":{"background-color":"var(--ast-global-color-5)","background-image":"","background-repeat":"repeat","background-position":"center center","background-size":"auto","background-attachment":"scroll","background-type":"","background-media":"","overlay-type":"","overlay-color":"","overlay-opacity":"","overlay-gradient":""},"tablet":{"background-color":"var(--ast-global-color-5)","background-image":"","background-repeat":"repeat","background-position":"center center","background-size":"auto","background-attachment":"scroll","background-type":"","background-media":"","overlay-type":"","overlay-color":"","overlay-opacity":"","overlay-gradient":""},"mobile":{"background-color":"var(--ast-global-color-5)","background-image":"","background-repeat":"repeat","background-position":"center center","background-size":"auto","background-attachment":"scroll","background-type":"","background-media":"","overlay-type":"","overlay-color":"","overlay-opacity":"","overlay-gradient":""}}},"product_brand":[],"product_cat":[73],"product_tag":[],"class_list":{"0":"post-8345","1":"product","2":"type-product","3":"status-publish","4":"has-post-thumbnail","6":"product_cat-produto-de-fosfatos","7":"desktop-align-center","8":"tablet-align-left","9":"mobile-align-left","11":"first","12":"instock","13":"shipping-taxable","14":"product-type-simple"},"yoast_head":"<!-- This site is optimized with the Yoast SEO plugin v26.5 - https:\/\/yoast.com\/wordpress\/plugins\/seo\/ -->\n<title>Tripolifosfato de sodio p\u00f3 comprar fornecedor ,tripolifosfato em alimentos (STPP) E451 | Niranbio Chemical<\/title>\n<meta name=\"description\" content=\"Nosso Tripolifosfato de S\u00f3dio \u00e9 um aditivo de alta qualidade, de grau aliment\u00edcio, dispon\u00edvel em forma de p\u00f3 fino, variando de 8 a 100 mesh.\" \/>\n<meta name=\"robots\" content=\"noindex, follow, max-snippet:-1, max-image-preview:large, max-video-preview:-1\" \/>\n<meta name=\"twitter:label1\" content=\"Est. tempo de leitura\" \/>\n\t<meta name=\"twitter:data1\" content=\"5 minutos\" \/>\n<script type=\"application\/ld+json\" class=\"yoast-schema-graph\">{\"@context\":\"https:\/\/schema.org\",\"@graph\":[{\"@type\":\"WebPage\",\"@id\":\"https:\/\/theo.niranbio.com\/pt-br\/tripolifosfato-de-sodio.html\",\"url\":\"https:\/\/theo.niranbio.com\/pt-br\/tripolifosfato-de-sodio.html\",\"name\":\"Tripolifosfato de sodio p\u00f3 comprar fornecedor ,tripolifosfato em alimentos (STPP) E451 | Niranbio Chemical\",\"isPartOf\":{\"@id\":\"https:\/\/theo.niranbio.com\/pt-br\/#website\"},\"primaryImageOfPage\":{\"@id\":\"https:\/\/theo.niranbio.com\/pt-br\/tripolifosfato-de-sodio.html#primaryimage\"},\"image\":{\"@id\":\"https:\/\/theo.niranbio.com\/pt-br\/tripolifosfato-de-sodio.html#primaryimage\"},\"thumbnailUrl\":\"https:\/\/theo.niranbio.com\/wp-content\/uploads\/2024\/06\/Sodium-Tripolyphosphate.webp\",\"datePublished\":\"2024-06-19T09:27:20+00:00\",\"dateModified\":\"2024-08-19T02:05:43+00:00\",\"description\":\"Nosso Tripolifosfato de S\u00f3dio \u00e9 um aditivo de alta qualidade, de grau aliment\u00edcio, dispon\u00edvel em forma de p\u00f3 fino, variando de 8 a 100 mesh.\",\"breadcrumb\":{\"@id\":\"https:\/\/theo.niranbio.com\/pt-br\/tripolifosfato-de-sodio.html#breadcrumb\"},\"inLanguage\":\"pt-BR\",\"potentialAction\":[{\"@type\":\"ReadAction\",\"target\":[\"https:\/\/theo.niranbio.com\/pt-br\/tripolifosfato-de-sodio.html\"]}]},{\"@type\":\"ImageObject\",\"inLanguage\":\"pt-BR\",\"@id\":\"https:\/\/theo.niranbio.com\/pt-br\/tripolifosfato-de-sodio.html#primaryimage\",\"url\":\"https:\/\/theo.niranbio.com\/wp-content\/uploads\/2024\/06\/Sodium-Tripolyphosphate.webp\",\"contentUrl\":\"https:\/\/theo.niranbio.com\/wp-content\/uploads\/2024\/06\/Sodium-Tripolyphosphate.webp\",\"width\":600,\"height\":600,\"caption\":\"Tripolifosfato de S\u00f3dio (STPP)\"},{\"@type\":\"BreadcrumbList\",\"@id\":\"https:\/\/theo.niranbio.com\/pt-br\/tripolifosfato-de-sodio.html#breadcrumb\",\"itemListElement\":[{\"@type\":\"ListItem\",\"position\":1,\"name\":\"Home\",\"item\":\"https:\/\/theo.niranbio.com\/pt-br\/\"},{\"@type\":\"ListItem\",\"position\":2,\"name\":\"Produtos\",\"item\":\"https:\/\/theo.niranbio.com\/pt-br\/produtos.html\"},{\"@type\":\"ListItem\",\"position\":3,\"name\":\"Fosfatos\",\"item\":\"https:\/\/theo.niranbio.com\/pt-br\/produto-de-fosfatos\/\"},{\"@type\":\"ListItem\",\"position\":4,\"name\":\"Tripolifosfato de s\u00f3dio\"}]},{\"@type\":\"WebSite\",\"@id\":\"https:\/\/theo.niranbio.com\/pt-br\/#website\",\"url\":\"https:\/\/theo.niranbio.com\/pt-br\/\",\"name\":\"Niranbio Chemical\",\"description\":\"\",\"publisher\":{\"@id\":\"https:\/\/theo.niranbio.com\/pt-br\/#organization\"},\"potentialAction\":[{\"@type\":\"SearchAction\",\"target\":{\"@type\":\"EntryPoint\",\"urlTemplate\":\"https:\/\/theo.niranbio.com\/pt-br\/?s={search_term_string}\"},\"query-input\":{\"@type\":\"PropertyValueSpecification\",\"valueRequired\":true,\"valueName\":\"search_term_string\"}}],\"inLanguage\":\"pt-BR\"},{\"@type\":\"Organization\",\"@id\":\"https:\/\/theo.niranbio.com\/pt-br\/#organization\",\"name\":\"Niranbio Chemical\",\"url\":\"https:\/\/theo.niranbio.com\/pt-br\/\",\"logo\":{\"@type\":\"ImageObject\",\"inLanguage\":\"pt-BR\",\"@id\":\"https:\/\/theo.niranbio.com\/pt-br\/#\/schema\/logo\/image\/\",\"url\":\"https:\/\/theo.niranbio.com\/wp-content\/uploads\/2024\/06\/Niranbio.png\",\"contentUrl\":\"https:\/\/theo.niranbio.com\/wp-content\/uploads\/2024\/06\/Niranbio.png\",\"width\":270,\"height\":100,\"caption\":\"Niranbio Chemical\"},\"image\":{\"@id\":\"https:\/\/theo.niranbio.com\/pt-br\/#\/schema\/logo\/image\/\"}}]}<\/script>\n<!-- \/ Yoast SEO plugin. -->","yoast_head_json":{"title":"Tripolifosfato de sodio p\u00f3 comprar fornecedor ,tripolifosfato em alimentos (STPP) E451 | Niranbio Chemical","description":"Nosso Tripolifosfato de S\u00f3dio \u00e9 um aditivo de alta qualidade, de grau aliment\u00edcio, dispon\u00edvel em forma de p\u00f3 fino, variando de 8 a 100 mesh.","robots":{"index":"noindex","follow":"follow","max-snippet":"max-snippet:-1","max-image-preview":"max-image-preview:large","max-video-preview":"max-video-preview:-1"},"twitter_misc":{"Est. tempo de leitura":"5 minutos"},"schema":{"@context":"https:\/\/schema.org","@graph":[{"@type":"WebPage","@id":"https:\/\/theo.niranbio.com\/pt-br\/tripolifosfato-de-sodio.html","url":"https:\/\/theo.niranbio.com\/pt-br\/tripolifosfato-de-sodio.html","name":"Tripolifosfato de sodio p\u00f3 comprar fornecedor ,tripolifosfato em alimentos (STPP) E451 | Niranbio Chemical","isPartOf":{"@id":"https:\/\/theo.niranbio.com\/pt-br\/#website"},"primaryImageOfPage":{"@id":"https:\/\/theo.niranbio.com\/pt-br\/tripolifosfato-de-sodio.html#primaryimage"},"image":{"@id":"https:\/\/theo.niranbio.com\/pt-br\/tripolifosfato-de-sodio.html#primaryimage"},"thumbnailUrl":"https:\/\/theo.niranbio.com\/wp-content\/uploads\/2024\/06\/Sodium-Tripolyphosphate.webp","datePublished":"2024-06-19T09:27:20+00:00","dateModified":"2024-08-19T02:05:43+00:00","description":"Nosso Tripolifosfato de S\u00f3dio \u00e9 um aditivo de alta qualidade, de grau aliment\u00edcio, dispon\u00edvel em forma de p\u00f3 fino, variando de 8 a 100 mesh.","breadcrumb":{"@id":"https:\/\/theo.niranbio.com\/pt-br\/tripolifosfato-de-sodio.html#breadcrumb"},"inLanguage":"pt-BR","potentialAction":[{"@type":"ReadAction","target":["https:\/\/theo.niranbio.com\/pt-br\/tripolifosfato-de-sodio.html"]}]},{"@type":"ImageObject","inLanguage":"pt-BR","@id":"https:\/\/theo.niranbio.com\/pt-br\/tripolifosfato-de-sodio.html#primaryimage","url":"https:\/\/theo.niranbio.com\/wp-content\/uploads\/2024\/06\/Sodium-Tripolyphosphate.webp","contentUrl":"https:\/\/theo.niranbio.com\/wp-content\/uploads\/2024\/06\/Sodium-Tripolyphosphate.webp","width":600,"height":600,"caption":"Tripolifosfato de S\u00f3dio (STPP)"},{"@type":"BreadcrumbList","@id":"https:\/\/theo.niranbio.com\/pt-br\/tripolifosfato-de-sodio.html#breadcrumb","itemListElement":[{"@type":"ListItem","position":1,"name":"Home","item":"https:\/\/theo.niranbio.com\/pt-br\/"},{"@type":"ListItem","position":2,"name":"Produtos","item":"https:\/\/theo.niranbio.com\/pt-br\/produtos.html"},{"@type":"ListItem","position":3,"name":"Fosfatos","item":"https:\/\/theo.niranbio.com\/pt-br\/produto-de-fosfatos\/"},{"@type":"ListItem","position":4,"name":"Tripolifosfato de s\u00f3dio"}]},{"@type":"WebSite","@id":"https:\/\/theo.niranbio.com\/pt-br\/#website","url":"https:\/\/theo.niranbio.com\/pt-br\/","name":"Niranbio Chemical","description":"","publisher":{"@id":"https:\/\/theo.niranbio.com\/pt-br\/#organization"},"potentialAction":[{"@type":"SearchAction","target":{"@type":"EntryPoint","urlTemplate":"https:\/\/theo.niranbio.com\/pt-br\/?s={search_term_string}"},"query-input":{"@type":"PropertyValueSpecification","valueRequired":true,"valueName":"search_term_string"}}],"inLanguage":"pt-BR"},{"@type":"Organization","@id":"https:\/\/theo.niranbio.com\/pt-br\/#organization","name":"Niranbio Chemical","url":"https:\/\/theo.niranbio.com\/pt-br\/","logo":{"@type":"ImageObject","inLanguage":"pt-BR","@id":"https:\/\/theo.niranbio.com\/pt-br\/#\/schema\/logo\/image\/","url":"https:\/\/theo.niranbio.com\/wp-content\/uploads\/2024\/06\/Niranbio.png","contentUrl":"https:\/\/theo.niranbio.com\/wp-content\/uploads\/2024\/06\/Niranbio.png","width":270,"height":100,"caption":"Niranbio Chemical"},"image":{"@id":"https:\/\/theo.niranbio.com\/pt-br\/#\/schema\/logo\/image\/"}}]}},"_links":{"self":[{"href":"https:\/\/theo.niranbio.com\/pt-br\/wp-json\/wp\/v2\/product\/8345","targetHints":{"allow":["GET"]}}],"collection":[{"href":"https:\/\/theo.niranbio.com\/pt-br\/wp-json\/wp\/v2\/product"}],"about":[{"href":"https:\/\/theo.niranbio.com\/pt-br\/wp-json\/wp\/v2\/types\/product"}],"version-history":[{"count":0,"href":"https:\/\/theo.niranbio.com\/pt-br\/wp-json\/wp\/v2\/product\/8345\/revisions"}],"wp:featuredmedia":[{"embeddable":true,"href":"https:\/\/theo.niranbio.com\/pt-br\/wp-json\/wp\/v2\/media\/8346"}],"wp:attachment":[{"href":"https:\/\/theo.niranbio.com\/pt-br\/wp-json\/wp\/v2\/media?parent=8345"}],"wp:term":[{"taxonomy":"product_brand","embeddable":true,"href":"https:\/\/theo.niranbio.com\/pt-br\/wp-json\/wp\/v2\/product_brand?post=8345"},{"taxonomy":"product_cat","embeddable":true,"href":"https:\/\/theo.niranbio.com\/pt-br\/wp-json\/wp\/v2\/product_cat?post=8345"},{"taxonomy":"product_tag","embeddable":true,"href":"https:\/\/theo.niranbio.com\/pt-br\/wp-json\/wp\/v2\/product_tag?post=8345"}],"curies":[{"name":"wp","href":"https:\/\/api.w.org\/{rel}","templated":true}]}}