{"id":8323,"date":"2024-06-20T08:49:02","date_gmt":"2024-06-20T00:49:02","guid":{"rendered":"https:\/\/theo.niranbio.com\/acido-dl-tartarico\/"},"modified":"2024-08-16T15:17:55","modified_gmt":"2024-08-16T07:17:55","slug":"acido-dl-tartarico","status":"publish","type":"product","link":"https:\/\/theo.niranbio.com\/pt-br\/acido-dl-tartarico.html","title":{"rendered":"\u00c1cido DL-tart\u00e1rico"},"content":{"rendered":"<h2><span class=\"ez-toc-section\" id=\"O_que_e_acido_DL-tartarico\"><\/span>O que \u00e9 \u00e1cido DL-tart\u00e1rico?<span class=\"ez-toc-section-end\"><\/span><\/h2>\n<p>O \u00e1cido DL-tart\u00e1rico aparece como cristais ou p\u00f3 branco, sem odor irritante. O \u00e1cido DL-tart\u00e1rico aparece como cristais ou p\u00f3 branco, n\u00e3o tem odor pungente, \u00e9 relativamente est\u00e1vel no ar e pode ser usado como um acidulante em v\u00e1rios alimentos. Sua acidez \u00e9 1 vez maior que a do \u00e1cido c\u00edtrico. Os m\u00e9todos de produ\u00e7\u00e3o industrial de \u00e1cido tart\u00e1rico incluem principalmente extra\u00e7\u00e3o, s\u00edntese qu\u00edmica, semiss\u00edntese e fermenta\u00e7\u00e3o, entre os quais o mais popular na China \u00e9 a s\u00edntese qu\u00edmica.<\/p>\n<h3><span class=\"ez-toc-section\" id=\"1_Metodo_de_extracao\"><\/span>1. M\u00e9todo de extra\u00e7\u00e3o<span class=\"ez-toc-section-end\"><\/span><\/h3>\n<p>O \u00e1cido tart\u00e1rico foi extra\u00eddo primeiro do sedimento no fundo do processo de vinifica\u00e7\u00e3o. Os principais componentes desta subst\u00e2ncia s\u00e3o o \u00e1cido tart\u00e1rico e o sal de hidrog\u00eanio de pot\u00e1ssio. O t\u00e1rtaro \u00e9 triturado e dissolvido, depois reagido com hidr\u00f3xido de c\u00e1lcio e, em seguida, o cloreto de c\u00e1lcio \u00e9 adicionado para convert\u00ea-lo em sal de c\u00e1lcio. A acidifica\u00e7\u00e3o com um leve excesso de \u00e1cido sulf\u00farico obt\u00e9m \u00e1cido tart\u00e1rico livre, que \u00e9 ent\u00e3o concentrado, refinado e seco para obter \u00e1cido tart\u00e1rico s\u00f3lido.<\/p>\n<h3><span class=\"ez-toc-section\" id=\"2_Metodo_de_sintese_quimica\"><\/span>2. M\u00e9todo de s\u00edntese qu\u00edmica<span class=\"ez-toc-section-end\"><\/span><\/h3>\n<p>\uff081\uff09Oxida\u00e7\u00e3o de benzeno ou naftaleno para obter \u00e1cido maleico e \u00e1cido fum\u00e1rico, e ent\u00e3o adicionar per\u00f3xido de hidrog\u00eanio para reagir para obter \u00e1cido DL-tart\u00e1rico. \uff082\uff09O anidrido maleico tamb\u00e9m pode ser usado como mat\u00e9ria-prima, per\u00f3xido de hidrog\u00eanio como oxidante e \u00e1cido t\u00fangstico como catalisador para gerar \u00e1cido ep\u00f3xi succ\u00ednico, que \u00e9 finalmente hidrolisado para obter \u00e1cido tart\u00e1rico, e ent\u00e3o o produto \u00e1cido tart\u00e1rico \u00e9 finalmente obtido por meio de resfriamento, cristaliza\u00e7\u00e3o, separa\u00e7\u00e3o, secagem e outros meios de processo.<\/p>\n<h3><span class=\"ez-toc-section\" id=\"3_Metodo_semi-sintetico\"><\/span>3. M\u00e9todo semi-sint\u00e9tico<span class=\"ez-toc-section-end\"><\/span><\/h3>\n<p>O \u00e1cido maleico \u00e9 primeiro epoxidado para gerar \u00e1cido cis-ep\u00f3xi succ\u00ednico e seus sais, e ent\u00e3o a hidrolase do \u00e1cido ep\u00f3xi succ\u00ednico \u00e9 usada para hidrolis\u00e1-lo para obter \u00e1cido tart\u00e1rico. Outro m\u00e9todo \u00e9 usar cis-epoxisuccinato diss\u00f3dico como precursor e finalmente obter \u00e1cido tart\u00e1rico por fermenta\u00e7\u00e3o. Atualmente, a taxa de bioconvers\u00e3o do \u00e1cido tart\u00e1rico obtido por fermenta\u00e7\u00e3o laboratorial com \u00e1cido cis-epoxissucc\u00ednico diss\u00f3dico como substrato \u00e9 de 100%. O m\u00e9todo semissint\u00e9tico pode n\u00e3o apenas melhorar a taxa de convers\u00e3o, mas tamb\u00e9m extrair produtos com alta pureza e boa seguran\u00e7a.<\/p>\n<h3><span class=\"ez-toc-section\" id=\"4_Metodo_de_fermentacao\"><\/span>4. M\u00e9todo de fermenta\u00e7\u00e3o<span class=\"ez-toc-section-end\"><\/span><\/h3>\n<p>O m\u00e9todo de fermenta\u00e7\u00e3o usa c\u00e9lulas microbianas para converter compostos contendo carbono, como glicose e seus derivados, \u00e1cidos org\u00e2nicos, etc. em \u00e1cido tart\u00e1rico. Em termos gerais, o investimento na produ\u00e7\u00e3o por fermenta\u00e7\u00e3o \u00e9 relativamente pequeno, e o custo \u00e9 apenas uma fra\u00e7\u00e3o do m\u00e9todo de s\u00edntese qu\u00edmica. \u00c9 f\u00e1cil de operar, tem uma ampla fonte de mat\u00e9rias-primas e n\u00e3o tem os problemas de polui\u00e7\u00e3o causados \u200b\u200bpor m\u00e9todos qu\u00edmicos.<\/p>\n<h2><span class=\"ez-toc-section\" id=\"Parametros_relacionados\"><\/span>Par\u00e2metros relacionados:<span class=\"ez-toc-section-end\"><\/span><\/h2>\n<table>\n<tbody>\n<tr>\n<td colspan=\"2\">T\u00cdTULO DO \u00cdNDICE<\/td>\n<td>\u00cdNDICE<\/td>\n<td>RESULTADO<\/td>\n<\/tr>\n<tr>\n<td rowspan=\"2\">Requisitos sensoriais<\/td>\n<td>Cor<\/td>\n<td>Branco<\/td>\n<td>Branco<\/td>\n<\/tr>\n<tr>\n<td>Forma<\/td>\n<td>Part\u00edculas ou p\u00f3<\/td>\n<td>Part\u00edculas<\/td>\n<\/tr>\n<tr>\n<td colspan=\"2\">Ensaio (com base em C4H6O6 em base seca) %<\/td>\n<td>\u226599.5<\/td>\n<td>99.8<\/td>\n<\/tr>\n<tr>\n<td colspan=\"2\">Ponto de fus\u00e3o: \u2103<\/td>\n<td>200-206<\/td>\n<td>203.2-204.1<\/td>\n<\/tr>\n<tr>\n<td colspan=\"2\">Perda na secagem: %<\/td>\n<td>\u22640.5<\/td>\n<td>0.02<\/td>\n<\/tr>\n<tr>\n<td colspan=\"2\">Res\u00edduo na igni\u00e7\u00e3o: %<\/td>\n<td>\u22640.1<\/td>\n<td>0.04<\/td>\n<\/tr>\n<tr>\n<td colspan=\"2\">Teste de sulfato: %<\/td>\n<td>\u22640.04<\/td>\n<td>&lt;0.04<\/td>\n<\/tr>\n<tr>\n<td colspan=\"2\">Subst\u00e2ncias facilmente oxid\u00e1veis:<\/td>\n<td>Passar no teste<\/td>\n<td>Passar no teste<\/td>\n<\/tr>\n<tr>\n<td colspan=\"2\">Metais pesados [Pb]: mg\/kg<\/td>\n<td>\u226410.0<\/td>\n<td>&lt;10.0<\/td>\n<\/tr>\n<tr>\n<td colspan=\"2\">Ars\u00eanico [as As]: mg\/kg<\/td>\n<td>\u22642.0<\/td>\n<td>&lt;2.0<\/td>\n<\/tr>\n<tr>\n<td colspan=\"2\">Conclus\u00e3o:<\/td>\n<td colspan=\"2\">Qualificado<\/td>\n<\/tr>\n<\/tbody>\n<\/table>\n<h2><span class=\"ez-toc-section\" id=\"Dosagem_recomendada\"><\/span>Dosagem recomendada:<span class=\"ez-toc-section-end\"><\/span><\/h2>\n<table>\n<tbody>\n<tr>\n<td>Nome do alimento<\/td>\n<td>Uso m\u00e1ximo (g\/kg)<\/td>\n<td>Anota\u00e7\u00e3o<\/td>\n<\/tr>\n<tr>\n<td>Doces<\/td>\n<td>18<\/td>\n<td>dl-\u00e1cido tart\u00e1rico apenas, calculado como \u00e1cido tart\u00e1rico<\/td>\n<\/tr>\n<tr>\n<td>Tempero composto s\u00f3lido<\/td>\n<td>10<\/td>\n<td>Calculado como \u00e1cido tart\u00e1rico<\/td>\n<\/tr>\n<tr>\n<td>Caldo de galinha, p\u00f3 de galinha<\/td>\n<td>10<\/td>\n<td>Calculado como \u00e1cido tart\u00e1rico<\/td>\n<\/tr>\n<tr>\n<td>Bebidas de suco de frutas e vegetais (polpa)<\/td>\n<td>5<\/td>\n<td>Calculada como \u00e1cido tart\u00e1rico, a quantidade de bebidas s\u00f3lidas a ser usada deve ser aumentada de acordo com o m\u00faltiplo de dilui\u00e7\u00e3o<\/td>\n<\/tr>\n<tr>\n<td>Bebidas \u00e0 base de prote\u00edna vegetal<\/td>\n<td>5<\/td>\n<td>Calculada como \u00e1cido tart\u00e1rico, a quantidade de bebidas s\u00f3lidas a ser usada deve ser aumentada de acordo com o m\u00faltiplo de dilui\u00e7\u00e3o<\/td>\n<\/tr>\n<tr>\n<td>Bebida de prote\u00edna composta<\/td>\n<td>5<\/td>\n<td>Calculada como \u00e1cido tart\u00e1rico, a quantidade de bebidas s\u00f3lidas a serem usadas deve ser aumentada de acordo com o m\u00faltiplo de dilui\u00e7\u00e3o<\/td>\n<\/tr>\n<tr>\n<td>Bebidas carbonatadas<\/td>\n<td>5<\/td>\n<td>Calculada como \u00e1cido tart\u00e1rico, a quantidade de bebidas s\u00f3lidas a ser usada deve ser aumentada de acordo com o m\u00faltiplo de dilui\u00e7\u00e3o<\/td>\n<\/tr>\n<tr>\n<td>Produtos de macarr\u00e3o frito<\/td>\n<td>10<\/td>\n<td>Calculado como \u00e1cido tart\u00e1rico<\/td>\n<\/tr>\n<tr>\n<td>Ch\u00e1, caf\u00e9, bebidas vegetais (tipo)<\/td>\n<td>5<\/td>\n<td>Calculado como \u00e1cido tart\u00e1rico, a quantidade de bebidas s\u00f3lidas a ser usada deve ser aumentada de acordo com o m\u00faltiplo de dilui\u00e7\u00e3o<\/td>\n<\/tr>\n<tr>\n<td>Bebidas aromatizadas<\/td>\n<td>5<\/td>\n<td>Calculada como \u00e1cido tart\u00e1rico, a quantidade de bebidas s\u00f3lidas a ser usada deve ser aumentada de acordo com o m\u00faltiplo de dilui\u00e7\u00e3o<\/td>\n<\/tr>\n<tr>\n<td>Vinho<\/td>\n<td>4,0 g\/L<\/td>\n<td>Calculado como \u00e1cido tart\u00e1rico<\/td>\n<\/tr>\n<\/tbody>\n<\/table>\n<h2><span class=\"ez-toc-section\" id=\"O_acido_DL-tartarico_tem_uma_ampla_gama_de_usos\"><\/span>O \u00e1cido DL-tart\u00e1rico tem uma ampla gama de usos<span class=\"ez-toc-section-end\"><\/span><\/h2>\n<h3><span class=\"ez-toc-section\" id=\"1_Industria_de_alimentos\"><\/span>1. Ind\u00fastria de alimentos<span class=\"ez-toc-section-end\"><\/span><\/h3>\n<p>Como acidulante e estabilizador, ele \u00e9 frequentemente usado em alimentos assados, como bolos e p\u00e3es, para ajudar a controlar a acidez e a estabilidade dos alimentos.<\/p>\n<h3><span class=\"ez-toc-section\" id=\"2_Industria_farmaceutica\"><\/span>2. Ind\u00fastria farmac\u00eautica<span class=\"ez-toc-section-end\"><\/span><\/h3>\n<p>No processo farmac\u00eautico, o \u00e1cido DL-tart\u00e1rico pode ser usado como um catalisador ou agente neutralizante na rea\u00e7\u00e3o para ajustar o valor do pH do medicamento e o processo de rea\u00e7\u00e3o qu\u00edmica.<\/p>\n<h3><span class=\"ez-toc-section\" id=\"3_Outras_aplicacoes_industriais\"><\/span>3. Outras aplica\u00e7\u00f5es industriais:<span class=\"ez-toc-section-end\"><\/span><\/h3>\n<p>Por exemplo, nos setores t\u00eaxtil e de couro, ele \u00e9 usado como um produto qu\u00edmico para decapagem e ajuste de pH.<\/p>\n<h2><span class=\"ez-toc-section\" id=\"O_usuario_fez_a_seguinte_pergunta\"><\/span>O usu\u00e1rio fez a seguinte pergunta:<span class=\"ez-toc-section-end\"><\/span><\/h2>\n<p><strong>Pergunta: Qual \u00e9 a diferen\u00e7a entre \u00e1cido DL-tart\u00e1rico e \u00e1cido L-tart\u00e1rico?<\/strong><\/p>\n<p>Resposta: Do ponto de vista do processo de produ\u00e7\u00e3o, o \u00e1cido DL-tart\u00e1rico \u00e9 uma mistura obtida por s\u00edntese qu\u00edmica, contendo quantidades iguais de mol\u00e9culas de \u00e1cido tart\u00e1rico canhoto (L-) e destro (D-); o \u00e1cido L-tart\u00e1rico \u00e9 um is\u00f4mero canhoto puro que existe naturalmente ou \u00e9 obtido por um m\u00e9todo de s\u00edntese espec\u00edfico.<\/p>\n<p>Em termos de aplica\u00e7\u00e3o, o \u00e1cido DL-tart\u00e1rico \u00e9 geralmente mais comum na fabrica\u00e7\u00e3o de aditivos alimentares e intermedi\u00e1rios farmac\u00eauticos porque cont\u00e9m dois is\u00f4meros. O \u00e1cido L-tart\u00e1rico \u00e9 usado principalmente em campos que exigem atividade \u00f3ptica espec\u00edfica, como s\u00edntese qu\u00edmica e pesquisa biol\u00f3gica.<\/p>\n","protected":false},"excerpt":{"rendered":"<ul>\n<li>CAS: 133-37-9<\/li>\n<li>F\u00f3rmula qu\u00edmica: C<sub>4<\/sub>H<sub>6<\/sub>O<sub>6<\/sub><\/li>\n<li>Certifica\u00e7\u00f5es: KOSHER, ISO, HALAL, FSSC 22000, BRC, etc.<\/li>\n<li>Quantidade m\u00ednima do pedido: 1000KG<\/li>\n<li>Prazo de validade: 2 anos<\/li>\n<\/ul>\n<div id=\"gtx-trans\" style=\"position: absolute; left: -47px; top: 86.1094px;\">\n<div class=\"gtx-trans-icon\"><\/div>\n<\/div>\n","protected":false},"featured_media":8324,"template":"","meta":{"site-sidebar-layout":"default","site-content-layout":"","ast-site-content-layout":"default","site-content-style":"default","site-sidebar-style":"default","ast-global-header-display":"","ast-banner-title-visibility":"","ast-main-header-display":"","ast-hfb-above-header-display":"","ast-hfb-below-header-display":"","ast-hfb-mobile-header-display":"","site-post-title":"","ast-breadcrumbs-content":"","ast-featured-img":"","footer-sml-layout":"","theme-transparent-header-meta":"default","adv-header-id-meta":"","stick-header-meta":"","header-above-stick-meta":"","header-main-stick-meta":"","header-below-stick-meta":"","astra-migrate-meta-layouts":"set","ast-page-background-enabled":"default","ast-page-background-meta":{"desktop":{"background-color":"var(--ast-global-color-4)","background-image":"","background-repeat":"repeat","background-position":"center center","background-size":"auto","background-attachment":"scroll","background-type":"","background-media":"","overlay-type":"","overlay-color":"","overlay-opacity":"","overlay-gradient":""},"tablet":{"background-color":"","background-image":"","background-repeat":"repeat","background-position":"center center","background-size":"auto","background-attachment":"scroll","background-type":"","background-media":"","overlay-type":"","overlay-color":"","overlay-opacity":"","overlay-gradient":""},"mobile":{"background-color":"","background-image":"","background-repeat":"repeat","background-position":"center center","background-size":"auto","background-attachment":"scroll","background-type":"","background-media":"","overlay-type":"","overlay-color":"","overlay-opacity":"","overlay-gradient":""}},"ast-content-background-meta":{"desktop":{"background-color":"var(--ast-global-color-5)","background-image":"","background-repeat":"repeat","background-position":"center center","background-size":"auto","background-attachment":"scroll","background-type":"","background-media":"","overlay-type":"","overlay-color":"","overlay-opacity":"","overlay-gradient":""},"tablet":{"background-color":"var(--ast-global-color-5)","background-image":"","background-repeat":"repeat","background-position":"center center","background-size":"auto","background-attachment":"scroll","background-type":"","background-media":"","overlay-type":"","overlay-color":"","overlay-opacity":"","overlay-gradient":""},"mobile":{"background-color":"var(--ast-global-color-5)","background-image":"","background-repeat":"repeat","background-position":"center center","background-size":"auto","background-attachment":"scroll","background-type":"","background-media":"","overlay-type":"","overlay-color":"","overlay-opacity":"","overlay-gradient":""}}},"product_brand":[],"product_cat":[74],"product_tag":[],"class_list":{"0":"post-8323","1":"product","2":"type-product","3":"status-publish","4":"has-post-thumbnail","6":"product_cat-produto-acidulante","7":"desktop-align-center","8":"tablet-align-left","9":"mobile-align-left","11":"first","12":"instock","13":"shipping-taxable","14":"product-type-simple"},"yoast_head":"<!-- This site is optimized with the Yoast SEO plugin v26.5 - https:\/\/yoast.com\/wordpress\/plugins\/seo\/ -->\n<title>Fornecedor De \u00c1cido Dl-Tart\u00e1rico, P\u00f3 De \u00c1cido Dl-Tart\u00e1rico De Qualidade Alimentar | Niranbio Chemical<\/title>\n<meta name=\"description\" content=\"Nosso \u00e1cido DL-tart\u00e1rico tem um p\u00f3 cristalino branco que apresenta um sabor \u00e1cido caracter\u00edstico e apresenta boa compatibilidade com outros ingredientes.\" \/>\n<meta name=\"robots\" content=\"noindex, follow, max-snippet:-1, max-image-preview:large, max-video-preview:-1\" \/>\n<meta name=\"twitter:label1\" content=\"Est. tempo de leitura\" \/>\n\t<meta name=\"twitter:data1\" content=\"5 minutos\" \/>\n<script type=\"application\/ld+json\" class=\"yoast-schema-graph\">{\"@context\":\"https:\/\/schema.org\",\"@graph\":[{\"@type\":\"WebPage\",\"@id\":\"https:\/\/theo.niranbio.com\/pt-br\/acido-dl-tartarico.html\",\"url\":\"https:\/\/theo.niranbio.com\/pt-br\/acido-dl-tartarico.html\",\"name\":\"Fornecedor De \u00c1cido Dl-Tart\u00e1rico, P\u00f3 De \u00c1cido Dl-Tart\u00e1rico De Qualidade Alimentar | Niranbio Chemical\",\"isPartOf\":{\"@id\":\"https:\/\/theo.niranbio.com\/pt-br\/#website\"},\"primaryImageOfPage\":{\"@id\":\"https:\/\/theo.niranbio.com\/pt-br\/acido-dl-tartarico.html#primaryimage\"},\"image\":{\"@id\":\"https:\/\/theo.niranbio.com\/pt-br\/acido-dl-tartarico.html#primaryimage\"},\"thumbnailUrl\":\"https:\/\/theo.niranbio.com\/wp-content\/uploads\/2024\/06\/DL-Tartaric-Acid.webp\",\"datePublished\":\"2024-06-20T00:49:02+00:00\",\"dateModified\":\"2024-08-16T07:17:55+00:00\",\"description\":\"Nosso \u00e1cido DL-tart\u00e1rico tem um p\u00f3 cristalino branco que apresenta um sabor \u00e1cido caracter\u00edstico e apresenta boa compatibilidade com outros ingredientes.\",\"breadcrumb\":{\"@id\":\"https:\/\/theo.niranbio.com\/pt-br\/acido-dl-tartarico.html#breadcrumb\"},\"inLanguage\":\"pt-BR\",\"potentialAction\":[{\"@type\":\"ReadAction\",\"target\":[\"https:\/\/theo.niranbio.com\/pt-br\/acido-dl-tartarico.html\"]}]},{\"@type\":\"ImageObject\",\"inLanguage\":\"pt-BR\",\"@id\":\"https:\/\/theo.niranbio.com\/pt-br\/acido-dl-tartarico.html#primaryimage\",\"url\":\"https:\/\/theo.niranbio.com\/wp-content\/uploads\/2024\/06\/DL-Tartaric-Acid.webp\",\"contentUrl\":\"https:\/\/theo.niranbio.com\/wp-content\/uploads\/2024\/06\/DL-Tartaric-Acid.webp\",\"width\":600,\"height\":600,\"caption\":\"\u00c1cido DL-tart\u00e1rico\"},{\"@type\":\"BreadcrumbList\",\"@id\":\"https:\/\/theo.niranbio.com\/pt-br\/acido-dl-tartarico.html#breadcrumb\",\"itemListElement\":[{\"@type\":\"ListItem\",\"position\":1,\"name\":\"Home\",\"item\":\"https:\/\/theo.niranbio.com\/pt-br\/\"},{\"@type\":\"ListItem\",\"position\":2,\"name\":\"Produtos\",\"item\":\"https:\/\/theo.niranbio.com\/pt-br\/produtos.html\"},{\"@type\":\"ListItem\",\"position\":3,\"name\":\"Acidulante\",\"item\":\"https:\/\/theo.niranbio.com\/pt-br\/produto-acidulante\/\"},{\"@type\":\"ListItem\",\"position\":4,\"name\":\"\u00c1cido DL-tart\u00e1rico\"}]},{\"@type\":\"WebSite\",\"@id\":\"https:\/\/theo.niranbio.com\/pt-br\/#website\",\"url\":\"https:\/\/theo.niranbio.com\/pt-br\/\",\"name\":\"Niranbio Chemical\",\"description\":\"\",\"publisher\":{\"@id\":\"https:\/\/theo.niranbio.com\/pt-br\/#organization\"},\"potentialAction\":[{\"@type\":\"SearchAction\",\"target\":{\"@type\":\"EntryPoint\",\"urlTemplate\":\"https:\/\/theo.niranbio.com\/pt-br\/?s={search_term_string}\"},\"query-input\":{\"@type\":\"PropertyValueSpecification\",\"valueRequired\":true,\"valueName\":\"search_term_string\"}}],\"inLanguage\":\"pt-BR\"},{\"@type\":\"Organization\",\"@id\":\"https:\/\/theo.niranbio.com\/pt-br\/#organization\",\"name\":\"Niranbio Chemical\",\"url\":\"https:\/\/theo.niranbio.com\/pt-br\/\",\"logo\":{\"@type\":\"ImageObject\",\"inLanguage\":\"pt-BR\",\"@id\":\"https:\/\/theo.niranbio.com\/pt-br\/#\/schema\/logo\/image\/\",\"url\":\"https:\/\/theo.niranbio.com\/wp-content\/uploads\/2024\/06\/Niranbio.png\",\"contentUrl\":\"https:\/\/theo.niranbio.com\/wp-content\/uploads\/2024\/06\/Niranbio.png\",\"width\":270,\"height\":100,\"caption\":\"Niranbio Chemical\"},\"image\":{\"@id\":\"https:\/\/theo.niranbio.com\/pt-br\/#\/schema\/logo\/image\/\"}}]}<\/script>\n<!-- \/ Yoast SEO plugin. -->","yoast_head_json":{"title":"Fornecedor De \u00c1cido Dl-Tart\u00e1rico, P\u00f3 De \u00c1cido Dl-Tart\u00e1rico De Qualidade Alimentar | Niranbio Chemical","description":"Nosso \u00e1cido DL-tart\u00e1rico tem um p\u00f3 cristalino branco que apresenta um sabor \u00e1cido caracter\u00edstico e apresenta boa compatibilidade com outros ingredientes.","robots":{"index":"noindex","follow":"follow","max-snippet":"max-snippet:-1","max-image-preview":"max-image-preview:large","max-video-preview":"max-video-preview:-1"},"twitter_misc":{"Est. tempo de leitura":"5 minutos"},"schema":{"@context":"https:\/\/schema.org","@graph":[{"@type":"WebPage","@id":"https:\/\/theo.niranbio.com\/pt-br\/acido-dl-tartarico.html","url":"https:\/\/theo.niranbio.com\/pt-br\/acido-dl-tartarico.html","name":"Fornecedor De \u00c1cido Dl-Tart\u00e1rico, P\u00f3 De \u00c1cido Dl-Tart\u00e1rico De Qualidade Alimentar | Niranbio Chemical","isPartOf":{"@id":"https:\/\/theo.niranbio.com\/pt-br\/#website"},"primaryImageOfPage":{"@id":"https:\/\/theo.niranbio.com\/pt-br\/acido-dl-tartarico.html#primaryimage"},"image":{"@id":"https:\/\/theo.niranbio.com\/pt-br\/acido-dl-tartarico.html#primaryimage"},"thumbnailUrl":"https:\/\/theo.niranbio.com\/wp-content\/uploads\/2024\/06\/DL-Tartaric-Acid.webp","datePublished":"2024-06-20T00:49:02+00:00","dateModified":"2024-08-16T07:17:55+00:00","description":"Nosso \u00e1cido DL-tart\u00e1rico tem um p\u00f3 cristalino branco que apresenta um sabor \u00e1cido caracter\u00edstico e apresenta boa compatibilidade com outros ingredientes.","breadcrumb":{"@id":"https:\/\/theo.niranbio.com\/pt-br\/acido-dl-tartarico.html#breadcrumb"},"inLanguage":"pt-BR","potentialAction":[{"@type":"ReadAction","target":["https:\/\/theo.niranbio.com\/pt-br\/acido-dl-tartarico.html"]}]},{"@type":"ImageObject","inLanguage":"pt-BR","@id":"https:\/\/theo.niranbio.com\/pt-br\/acido-dl-tartarico.html#primaryimage","url":"https:\/\/theo.niranbio.com\/wp-content\/uploads\/2024\/06\/DL-Tartaric-Acid.webp","contentUrl":"https:\/\/theo.niranbio.com\/wp-content\/uploads\/2024\/06\/DL-Tartaric-Acid.webp","width":600,"height":600,"caption":"\u00c1cido DL-tart\u00e1rico"},{"@type":"BreadcrumbList","@id":"https:\/\/theo.niranbio.com\/pt-br\/acido-dl-tartarico.html#breadcrumb","itemListElement":[{"@type":"ListItem","position":1,"name":"Home","item":"https:\/\/theo.niranbio.com\/pt-br\/"},{"@type":"ListItem","position":2,"name":"Produtos","item":"https:\/\/theo.niranbio.com\/pt-br\/produtos.html"},{"@type":"ListItem","position":3,"name":"Acidulante","item":"https:\/\/theo.niranbio.com\/pt-br\/produto-acidulante\/"},{"@type":"ListItem","position":4,"name":"\u00c1cido DL-tart\u00e1rico"}]},{"@type":"WebSite","@id":"https:\/\/theo.niranbio.com\/pt-br\/#website","url":"https:\/\/theo.niranbio.com\/pt-br\/","name":"Niranbio Chemical","description":"","publisher":{"@id":"https:\/\/theo.niranbio.com\/pt-br\/#organization"},"potentialAction":[{"@type":"SearchAction","target":{"@type":"EntryPoint","urlTemplate":"https:\/\/theo.niranbio.com\/pt-br\/?s={search_term_string}"},"query-input":{"@type":"PropertyValueSpecification","valueRequired":true,"valueName":"search_term_string"}}],"inLanguage":"pt-BR"},{"@type":"Organization","@id":"https:\/\/theo.niranbio.com\/pt-br\/#organization","name":"Niranbio Chemical","url":"https:\/\/theo.niranbio.com\/pt-br\/","logo":{"@type":"ImageObject","inLanguage":"pt-BR","@id":"https:\/\/theo.niranbio.com\/pt-br\/#\/schema\/logo\/image\/","url":"https:\/\/theo.niranbio.com\/wp-content\/uploads\/2024\/06\/Niranbio.png","contentUrl":"https:\/\/theo.niranbio.com\/wp-content\/uploads\/2024\/06\/Niranbio.png","width":270,"height":100,"caption":"Niranbio Chemical"},"image":{"@id":"https:\/\/theo.niranbio.com\/pt-br\/#\/schema\/logo\/image\/"}}]}},"_links":{"self":[{"href":"https:\/\/theo.niranbio.com\/pt-br\/wp-json\/wp\/v2\/product\/8323","targetHints":{"allow":["GET"]}}],"collection":[{"href":"https:\/\/theo.niranbio.com\/pt-br\/wp-json\/wp\/v2\/product"}],"about":[{"href":"https:\/\/theo.niranbio.com\/pt-br\/wp-json\/wp\/v2\/types\/product"}],"version-history":[{"count":0,"href":"https:\/\/theo.niranbio.com\/pt-br\/wp-json\/wp\/v2\/product\/8323\/revisions"}],"wp:featuredmedia":[{"embeddable":true,"href":"https:\/\/theo.niranbio.com\/pt-br\/wp-json\/wp\/v2\/media\/8324"}],"wp:attachment":[{"href":"https:\/\/theo.niranbio.com\/pt-br\/wp-json\/wp\/v2\/media?parent=8323"}],"wp:term":[{"taxonomy":"product_brand","embeddable":true,"href":"https:\/\/theo.niranbio.com\/pt-br\/wp-json\/wp\/v2\/product_brand?post=8323"},{"taxonomy":"product_cat","embeddable":true,"href":"https:\/\/theo.niranbio.com\/pt-br\/wp-json\/wp\/v2\/product_cat?post=8323"},{"taxonomy":"product_tag","embeddable":true,"href":"https:\/\/theo.niranbio.com\/pt-br\/wp-json\/wp\/v2\/product_tag?post=8323"}],"curies":[{"name":"wp","href":"https:\/\/api.w.org\/{rel}","templated":true}]}}