{"id":8320,"date":"2024-06-20T08:50:23","date_gmt":"2024-06-20T00:50:23","guid":{"rendered":"https:\/\/theo.niranbio.com\/l-acido-tartarico\/"},"modified":"2024-08-16T15:16:23","modified_gmt":"2024-08-16T07:16:23","slug":"l-acido-tartarico","status":"publish","type":"product","link":"https:\/\/theo.niranbio.com\/pt-br\/l-acido-tartarico.html","title":{"rendered":"\u00c1cido L-tart\u00e1rico"},"content":{"rendered":"<h2><span class=\"ez-toc-section\" id=\"O_que_e_o_acido_L-tartarico\"><\/span>O que \u00e9 o \u00e1cido L-tart\u00e1rico?<span class=\"ez-toc-section-end\"><\/span><\/h2>\n<p>O \u00e1cido L-tart\u00e1rico aparece como cristais transl\u00facidos incolores ou p\u00f3 cristalino branco fino a grosso, tem um sabor azedo, \u00e9 facilmente sol\u00favel em \u00e1gua e etanol, mas insol\u00favel em \u00e9ter e clorof\u00f3rmio. O \u00e1cido L-tart\u00e1rico pode ser usado como aditivo alimentar e intensificador de sabor na ind\u00fastria aliment\u00edcia; no campo biom\u00e9dico, pode ser usado para fazer medicamentos devido \u00e0s suas v\u00e1rias atividades biol\u00f3gicas;<\/p>\n<p>al\u00e9m disso, na ind\u00fastria de cosm\u00e9ticos, o \u00e1cido L-tart\u00e1rico pode ser usado para fazer cosm\u00e9ticos devido \u00e0s suas propriedades antioxidantes e hidratantes. As principais fontes de \u00e1cido L-tart\u00e1rico s\u00e3o o vinho e o suco de uva. Al\u00e9m disso, algumas frutas, vegetais e alimentos fermentados tamb\u00e9m cont\u00eam \u00e1cido L(+)-tart\u00e1rico.<\/p>\n<h2><span class=\"ez-toc-section\" id=\"Parametros_relacionados\"><\/span>Par\u00e2metros relacionados:<span class=\"ez-toc-section-end\"><\/span><\/h2>\n<table>\n<tbody>\n<tr>\n<td>Itens<\/td>\n<td>Padr\u00f5es<\/td>\n<td>Resultados<\/td>\n<\/tr>\n<tr>\n<td>Descri\u00e7\u00e3o<\/td>\n<td>Cristais incolores ou p\u00f3 cristalino branco<\/td>\n<td>Conformidade<\/td>\n<\/tr>\n<tr>\n<td>Conte\u00fado<\/td>\n<td>99.7~100.5<\/td>\n<td>99.8<\/td>\n<\/tr>\n<tr>\n<td>Pot\u00eancia rotat\u00f3ria espec\u00edfica [a]D[\uff08\u00b0]- dm2kg-1<\/td>\n<td>+12.0~+13.0<\/td>\n<td>+12.6<\/td>\n<\/tr>\n<tr>\n<td>Perda na secagem<\/td>\n<td>\u22640.5<\/td>\n<td>0.05<\/td>\n<\/tr>\n<tr>\n<td>Res\u00edduo na igni\u00e7\u00e3o<\/td>\n<td>\u22640.05<\/td>\n<td>0.02<\/td>\n<\/tr>\n<tr>\n<td>Sulfato\uff08SO4\uff09<\/td>\n<td>Passa no teste<\/td>\n<td>Passa no teste<\/td>\n<\/tr>\n<tr>\n<td>Oxalato<\/td>\n<td>Passa no teste<\/td>\n<td>Passa no teste<\/td>\n<\/tr>\n<tr>\n<td>Chumbo mg\/kg<\/td>\n<td>\u22642<\/td>\n<td>&lt;2<\/td>\n<\/tr>\n<\/tbody>\n<\/table>\n<h2><span class=\"ez-toc-section\" id=\"Dosagem_recomendada\"><\/span>Dosagem recomendada:<span class=\"ez-toc-section-end\"><\/span><\/h2>\n<table>\n<tbody>\n<tr>\n<td>Nome do alimento<\/td>\n<td>Uso m\u00e1ximo (g\/kg)<\/td>\n<\/tr>\n<tr>\n<td>Menta<\/td>\n<td>0,8-1,2 g\/kg<\/td>\n<\/tr>\n<tr>\n<td>Bebidas<\/td>\n<td>0,6-1,0 g\/kg<\/td>\n<\/tr>\n<tr>\n<td>Caf\u00e9<\/td>\n<td>0,5-0,8 g\/kg<\/td>\n<\/tr>\n<tr>\n<td>Sobremesas<\/td>\n<td>0,5-1,0 g\/kg<\/td>\n<\/tr>\n<tr>\n<td>Molhos para salada<\/td>\n<td>0,6-1,0 g\/kg<\/td>\n<\/tr>\n<tr>\n<td>Alimentos em conserva<\/td>\n<td>0,6-1,0 g\/kg<\/td>\n<\/tr>\n<tr>\n<td>Alimentos enlatados<\/td>\n<td>0,6-1,0 g\/kg<\/td>\n<\/tr>\n<tr>\n<td>Temperos<\/td>\n<td>0,8-1,5 g\/kg<\/td>\n<\/tr>\n<tr>\n<td>Geleia<\/td>\n<td>0,8-1,5 g\/kg<\/td>\n<\/tr>\n<tr>\n<td>Produtos de amido<\/td>\n<td>0,5-1,0 g\/kg<\/td>\n<\/tr>\n<tr>\n<td>Sorvete<\/td>\n<td>0,6-1,0 g\/kg<\/td>\n<\/tr>\n<\/tbody>\n<\/table>\n<h2><span class=\"ez-toc-section\" id=\"O_acido_L-tartarico_tem_uma_ampla_gama_de_usos\"><\/span>O \u00e1cido L-tart\u00e1rico tem uma ampla gama de usos<span class=\"ez-toc-section-end\"><\/span><\/h2>\n<h3><span class=\"ez-toc-section\" id=\"1_Industria_de_alimentos\"><\/span>1. Ind\u00fastria de alimentos<span class=\"ez-toc-section-end\"><\/span><\/h3>\n<p>Aditivos alimentares: O \u00e1cido L-tart\u00e1rico \u00e9 frequentemente usado no processamento de alimentos, especialmente como acidificante e estabilizador em bebidas, sucos, doces, etc. Precipita\u00e7\u00e3o de prote\u00ednas: No processamento de alimentos, suas propriedades de precipita\u00e7\u00e3o de prote\u00ednas podem ser usadas para ajudar a processar e melhorar a qualidade do produto.<\/p>\n<h3><span class=\"ez-toc-section\" id=\"2_Industria_farmaceutica\"><\/span>2. Ind\u00fastria farmac\u00eautica:<span class=\"ez-toc-section-end\"><\/span><\/h3>\n<p>Intermedi\u00e1rios farmac\u00eauticos: Usados \u200b\u200bcomo intermedi\u00e1rios em processos farmac\u00eauticos para ajudar a sintetizar e processar medicamentos, especialmente ingredientes farmac\u00eauticos que requerem atividade \u00f3ptica espec\u00edfica.<\/p>\n<h3><span class=\"ez-toc-section\" id=\"3_Industria_do_vinho\"><\/span>3. Ind\u00fastria do vinho:<span class=\"ez-toc-section-end\"><\/span><\/h3>\n<p>Cristaliza\u00e7\u00e3o do \u00e1cido tart\u00e1rico: Na produ\u00e7\u00e3o de vinho, o \u00e1cido L-tart\u00e1rico pode cristalizar para formar t\u00e1rtaro, o que tem um impacto importante na estabilidade e qualidade do vinho. Regula\u00e7\u00e3o da acidez: Regula a acidez e o sabor do vinho e desempenha um papel fundamental no equil\u00edbrio e persist\u00eancia de seu sabor.<\/p>\n<h3><span class=\"ez-toc-section\" id=\"4_Sintese_quimica\"><\/span>4. S\u00edntese qu\u00edmica:<span class=\"ez-toc-section-end\"><\/span><\/h3>\n<p>S\u00edntese org\u00e2nica: Usado como um catalisador ou ligante na s\u00edntese org\u00e2nica, tem um importante efeito catal\u00edtico em certas rea\u00e7\u00f5es qu\u00edmicas.<\/p>\n<h3><span class=\"ez-toc-section\" id=\"5_Setor_de_construcao\"><\/span>5. Setor de constru\u00e7\u00e3o:<span class=\"ez-toc-section-end\"><\/span><\/h3>\n<p>Aditivos de cimento: Como um aditivo para cimento, ajuda a controlar o tempo de pega do cimento e melhora sua durabilidade. Materiais de constru\u00e7\u00e3o: usado para ajustar a velocidade de endurecimento e a resist\u00eancia do concreto e melhorar o desempenho e a estabilidade dos materiais de constru\u00e7\u00e3o.<\/p>\n<h2><span class=\"ez-toc-section\" id=\"Pergunta_feita_pelo_usuario\"><\/span>Pergunta feita pelo usu\u00e1rio<span class=\"ez-toc-section-end\"><\/span><\/h2>\n<p><strong>Pergunta: Qual \u00e9 a diferen\u00e7a entre \u00e1cido L-tart\u00e1rico e \u00e1cido DL-tart\u00e1rico?<\/strong><\/p>\n<p>Resposta: \u00c1cido DL-tart\u00e1rico e \u00e1cido L-tart\u00e1rico s\u00e3o dois compostos com estruturas qu\u00edmicas semelhantes, mas atividades \u00f3pticas diferentes. A mistura de \u00e1cido D-tart\u00e1rico e \u00e1cido L-tart\u00e1rico \u00e9 \u00e1cido DL-tart\u00e1rico. As estruturas qu\u00edmicas desses dois is\u00f4meros s\u00e3o as mesmas, mas suas estereoestruturas s\u00e3o sim\u00e9tricas em espelho. A propor\u00e7\u00e3o de \u00e1cido D-tart\u00e1rico e \u00e1cido L-tart\u00e1rico \u00e9 igual, ent\u00e3o o \u00e1cido DL-tart\u00e1rico tem rota\u00e7\u00e3o \u00f3ptica, mas sua rota\u00e7\u00e3o \u00f3ptica \u00e9 zero.<\/p>\n<p>Em contraste, o \u00e1cido L-tart\u00e1rico cont\u00e9m apenas um enanti\u00f4mero, o is\u00f4mero canhoto. Este composto tem rota\u00e7\u00e3o \u00f3ptica e sua rota\u00e7\u00e3o \u00f3ptica \u00e9 negativa. A atividade metab\u00f3lica do \u00e1cido L-tart\u00e1rico no corpo tamb\u00e9m \u00e9 diferente daquela do \u00e1cido D-tart\u00e1rico. Por exemplo, o \u00e1cido L-tart\u00e1rico pode participar do metabolismo energ\u00e9tico, enquanto o \u00e1cido D-tart\u00e1rico \u00e9 usado para fazer medicamentos e aditivos alimentares.<\/p>\n","protected":false},"excerpt":{"rendered":"<ul>\n<li>CAS: 87-69-4<\/li>\n<li>F\u00f3rmula qu\u00edmica: C<sub>4<\/sub>H<sub>6<\/sub>O<sub>6<\/sub><\/li>\n<li>Certifica\u00e7\u00f5es: KOSHER, ISO, HALAL, FSSC 22000, BRC, etc.<\/li>\n<li>Quantidade m\u00ednima do pedido: 1000KG<\/li>\n<li>Prazo de validade: 2 anos<\/li>\n<\/ul>\n<div id=\"gtx-trans\" style=\"position: absolute; left: -81px; top: 86.1094px;\">\n<div class=\"gtx-trans-icon\"><\/div>\n<\/div>\n","protected":false},"featured_media":8321,"template":"","meta":{"site-sidebar-layout":"default","site-content-layout":"","ast-site-content-layout":"default","site-content-style":"default","site-sidebar-style":"default","ast-global-header-display":"","ast-banner-title-visibility":"","ast-main-header-display":"","ast-hfb-above-header-display":"","ast-hfb-below-header-display":"","ast-hfb-mobile-header-display":"","site-post-title":"","ast-breadcrumbs-content":"","ast-featured-img":"","footer-sml-layout":"","theme-transparent-header-meta":"default","adv-header-id-meta":"","stick-header-meta":"","header-above-stick-meta":"","header-main-stick-meta":"","header-below-stick-meta":"","astra-migrate-meta-layouts":"set","ast-page-background-enabled":"default","ast-page-background-meta":{"desktop":{"background-color":"var(--ast-global-color-4)","background-image":"","background-repeat":"repeat","background-position":"center center","background-size":"auto","background-attachment":"scroll","background-type":"","background-media":"","overlay-type":"","overlay-color":"","overlay-opacity":"","overlay-gradient":""},"tablet":{"background-color":"","background-image":"","background-repeat":"repeat","background-position":"center center","background-size":"auto","background-attachment":"scroll","background-type":"","background-media":"","overlay-type":"","overlay-color":"","overlay-opacity":"","overlay-gradient":""},"mobile":{"background-color":"","background-image":"","background-repeat":"repeat","background-position":"center center","background-size":"auto","background-attachment":"scroll","background-type":"","background-media":"","overlay-type":"","overlay-color":"","overlay-opacity":"","overlay-gradient":""}},"ast-content-background-meta":{"desktop":{"background-color":"var(--ast-global-color-5)","background-image":"","background-repeat":"repeat","background-position":"center center","background-size":"auto","background-attachment":"scroll","background-type":"","background-media":"","overlay-type":"","overlay-color":"","overlay-opacity":"","overlay-gradient":""},"tablet":{"background-color":"var(--ast-global-color-5)","background-image":"","background-repeat":"repeat","background-position":"center center","background-size":"auto","background-attachment":"scroll","background-type":"","background-media":"","overlay-type":"","overlay-color":"","overlay-opacity":"","overlay-gradient":""},"mobile":{"background-color":"var(--ast-global-color-5)","background-image":"","background-repeat":"repeat","background-position":"center center","background-size":"auto","background-attachment":"scroll","background-type":"","background-media":"","overlay-type":"","overlay-color":"","overlay-opacity":"","overlay-gradient":""}}},"product_brand":[],"product_cat":[74],"product_tag":[],"class_list":{"0":"post-8320","1":"product","2":"type-product","3":"status-publish","4":"has-post-thumbnail","6":"product_cat-produto-acidulante","7":"desktop-align-center","8":"tablet-align-left","9":"mobile-align-left","11":"first","12":"instock","13":"shipping-taxable","14":"product-type-simple"},"yoast_head":"<!-- This site is optimized with the Yoast SEO plugin v26.5 - https:\/\/yoast.com\/wordpress\/plugins\/seo\/ -->\n<title>Fornecedor De \u00c1cido L-Tart\u00e1rico, Pre\u00e7o De P\u00f3 De \u00c1cido L-Tart\u00e1rico | Niranbio Chemical<\/title>\n<meta name=\"description\" content=\"Nosso \u00e1cido L-tart\u00e1rico (E334) possui alta pureza, excelente solubilidade e qualidade consistente, oferecendo excelente regula\u00e7\u00e3o de acidez e acidez natural.\" \/>\n<meta name=\"robots\" content=\"noindex, follow, max-snippet:-1, max-image-preview:large, max-video-preview:-1\" \/>\n<meta name=\"twitter:label1\" content=\"Est. tempo de leitura\" \/>\n\t<meta name=\"twitter:data1\" content=\"3 minutos\" \/>\n<script type=\"application\/ld+json\" class=\"yoast-schema-graph\">{\"@context\":\"https:\/\/schema.org\",\"@graph\":[{\"@type\":\"WebPage\",\"@id\":\"https:\/\/theo.niranbio.com\/pt-br\/l-acido-tartarico.html\",\"url\":\"https:\/\/theo.niranbio.com\/pt-br\/l-acido-tartarico.html\",\"name\":\"Fornecedor De \u00c1cido L-Tart\u00e1rico, Pre\u00e7o De P\u00f3 De \u00c1cido L-Tart\u00e1rico | Niranbio Chemical\",\"isPartOf\":{\"@id\":\"https:\/\/theo.niranbio.com\/pt-br\/#website\"},\"primaryImageOfPage\":{\"@id\":\"https:\/\/theo.niranbio.com\/pt-br\/l-acido-tartarico.html#primaryimage\"},\"image\":{\"@id\":\"https:\/\/theo.niranbio.com\/pt-br\/l-acido-tartarico.html#primaryimage\"},\"thumbnailUrl\":\"https:\/\/theo.niranbio.com\/wp-content\/uploads\/2024\/06\/L-Tartaric-Acid.webp\",\"datePublished\":\"2024-06-20T00:50:23+00:00\",\"dateModified\":\"2024-08-16T07:16:23+00:00\",\"description\":\"Nosso \u00e1cido L-tart\u00e1rico (E334) possui alta pureza, excelente solubilidade e qualidade consistente, oferecendo excelente regula\u00e7\u00e3o de acidez e acidez natural.\",\"breadcrumb\":{\"@id\":\"https:\/\/theo.niranbio.com\/pt-br\/l-acido-tartarico.html#breadcrumb\"},\"inLanguage\":\"pt-BR\",\"potentialAction\":[{\"@type\":\"ReadAction\",\"target\":[\"https:\/\/theo.niranbio.com\/pt-br\/l-acido-tartarico.html\"]}]},{\"@type\":\"ImageObject\",\"inLanguage\":\"pt-BR\",\"@id\":\"https:\/\/theo.niranbio.com\/pt-br\/l-acido-tartarico.html#primaryimage\",\"url\":\"https:\/\/theo.niranbio.com\/wp-content\/uploads\/2024\/06\/L-Tartaric-Acid.webp\",\"contentUrl\":\"https:\/\/theo.niranbio.com\/wp-content\/uploads\/2024\/06\/L-Tartaric-Acid.webp\",\"width\":600,\"height\":600,\"caption\":\"\u00c1cido L-tart\u00e1rico\"},{\"@type\":\"BreadcrumbList\",\"@id\":\"https:\/\/theo.niranbio.com\/pt-br\/l-acido-tartarico.html#breadcrumb\",\"itemListElement\":[{\"@type\":\"ListItem\",\"position\":1,\"name\":\"Home\",\"item\":\"https:\/\/theo.niranbio.com\/pt-br\/\"},{\"@type\":\"ListItem\",\"position\":2,\"name\":\"Produtos\",\"item\":\"https:\/\/theo.niranbio.com\/pt-br\/produtos.html\"},{\"@type\":\"ListItem\",\"position\":3,\"name\":\"Acidulante\",\"item\":\"https:\/\/theo.niranbio.com\/pt-br\/produto-acidulante\/\"},{\"@type\":\"ListItem\",\"position\":4,\"name\":\"\u00c1cido L-tart\u00e1rico\"}]},{\"@type\":\"WebSite\",\"@id\":\"https:\/\/theo.niranbio.com\/pt-br\/#website\",\"url\":\"https:\/\/theo.niranbio.com\/pt-br\/\",\"name\":\"Niranbio Chemical\",\"description\":\"\",\"publisher\":{\"@id\":\"https:\/\/theo.niranbio.com\/pt-br\/#organization\"},\"potentialAction\":[{\"@type\":\"SearchAction\",\"target\":{\"@type\":\"EntryPoint\",\"urlTemplate\":\"https:\/\/theo.niranbio.com\/pt-br\/?s={search_term_string}\"},\"query-input\":{\"@type\":\"PropertyValueSpecification\",\"valueRequired\":true,\"valueName\":\"search_term_string\"}}],\"inLanguage\":\"pt-BR\"},{\"@type\":\"Organization\",\"@id\":\"https:\/\/theo.niranbio.com\/pt-br\/#organization\",\"name\":\"Niranbio Chemical\",\"url\":\"https:\/\/theo.niranbio.com\/pt-br\/\",\"logo\":{\"@type\":\"ImageObject\",\"inLanguage\":\"pt-BR\",\"@id\":\"https:\/\/theo.niranbio.com\/pt-br\/#\/schema\/logo\/image\/\",\"url\":\"https:\/\/theo.niranbio.com\/wp-content\/uploads\/2024\/06\/Niranbio.png\",\"contentUrl\":\"https:\/\/theo.niranbio.com\/wp-content\/uploads\/2024\/06\/Niranbio.png\",\"width\":270,\"height\":100,\"caption\":\"Niranbio Chemical\"},\"image\":{\"@id\":\"https:\/\/theo.niranbio.com\/pt-br\/#\/schema\/logo\/image\/\"}}]}<\/script>\n<!-- \/ Yoast SEO plugin. -->","yoast_head_json":{"title":"Fornecedor De \u00c1cido L-Tart\u00e1rico, Pre\u00e7o De P\u00f3 De \u00c1cido L-Tart\u00e1rico | Niranbio Chemical","description":"Nosso \u00e1cido L-tart\u00e1rico (E334) possui alta pureza, excelente solubilidade e qualidade consistente, oferecendo excelente regula\u00e7\u00e3o de acidez e acidez natural.","robots":{"index":"noindex","follow":"follow","max-snippet":"max-snippet:-1","max-image-preview":"max-image-preview:large","max-video-preview":"max-video-preview:-1"},"twitter_misc":{"Est. tempo de leitura":"3 minutos"},"schema":{"@context":"https:\/\/schema.org","@graph":[{"@type":"WebPage","@id":"https:\/\/theo.niranbio.com\/pt-br\/l-acido-tartarico.html","url":"https:\/\/theo.niranbio.com\/pt-br\/l-acido-tartarico.html","name":"Fornecedor De \u00c1cido L-Tart\u00e1rico, Pre\u00e7o De P\u00f3 De \u00c1cido L-Tart\u00e1rico | Niranbio Chemical","isPartOf":{"@id":"https:\/\/theo.niranbio.com\/pt-br\/#website"},"primaryImageOfPage":{"@id":"https:\/\/theo.niranbio.com\/pt-br\/l-acido-tartarico.html#primaryimage"},"image":{"@id":"https:\/\/theo.niranbio.com\/pt-br\/l-acido-tartarico.html#primaryimage"},"thumbnailUrl":"https:\/\/theo.niranbio.com\/wp-content\/uploads\/2024\/06\/L-Tartaric-Acid.webp","datePublished":"2024-06-20T00:50:23+00:00","dateModified":"2024-08-16T07:16:23+00:00","description":"Nosso \u00e1cido L-tart\u00e1rico (E334) possui alta pureza, excelente solubilidade e qualidade consistente, oferecendo excelente regula\u00e7\u00e3o de acidez e acidez natural.","breadcrumb":{"@id":"https:\/\/theo.niranbio.com\/pt-br\/l-acido-tartarico.html#breadcrumb"},"inLanguage":"pt-BR","potentialAction":[{"@type":"ReadAction","target":["https:\/\/theo.niranbio.com\/pt-br\/l-acido-tartarico.html"]}]},{"@type":"ImageObject","inLanguage":"pt-BR","@id":"https:\/\/theo.niranbio.com\/pt-br\/l-acido-tartarico.html#primaryimage","url":"https:\/\/theo.niranbio.com\/wp-content\/uploads\/2024\/06\/L-Tartaric-Acid.webp","contentUrl":"https:\/\/theo.niranbio.com\/wp-content\/uploads\/2024\/06\/L-Tartaric-Acid.webp","width":600,"height":600,"caption":"\u00c1cido L-tart\u00e1rico"},{"@type":"BreadcrumbList","@id":"https:\/\/theo.niranbio.com\/pt-br\/l-acido-tartarico.html#breadcrumb","itemListElement":[{"@type":"ListItem","position":1,"name":"Home","item":"https:\/\/theo.niranbio.com\/pt-br\/"},{"@type":"ListItem","position":2,"name":"Produtos","item":"https:\/\/theo.niranbio.com\/pt-br\/produtos.html"},{"@type":"ListItem","position":3,"name":"Acidulante","item":"https:\/\/theo.niranbio.com\/pt-br\/produto-acidulante\/"},{"@type":"ListItem","position":4,"name":"\u00c1cido L-tart\u00e1rico"}]},{"@type":"WebSite","@id":"https:\/\/theo.niranbio.com\/pt-br\/#website","url":"https:\/\/theo.niranbio.com\/pt-br\/","name":"Niranbio Chemical","description":"","publisher":{"@id":"https:\/\/theo.niranbio.com\/pt-br\/#organization"},"potentialAction":[{"@type":"SearchAction","target":{"@type":"EntryPoint","urlTemplate":"https:\/\/theo.niranbio.com\/pt-br\/?s={search_term_string}"},"query-input":{"@type":"PropertyValueSpecification","valueRequired":true,"valueName":"search_term_string"}}],"inLanguage":"pt-BR"},{"@type":"Organization","@id":"https:\/\/theo.niranbio.com\/pt-br\/#organization","name":"Niranbio Chemical","url":"https:\/\/theo.niranbio.com\/pt-br\/","logo":{"@type":"ImageObject","inLanguage":"pt-BR","@id":"https:\/\/theo.niranbio.com\/pt-br\/#\/schema\/logo\/image\/","url":"https:\/\/theo.niranbio.com\/wp-content\/uploads\/2024\/06\/Niranbio.png","contentUrl":"https:\/\/theo.niranbio.com\/wp-content\/uploads\/2024\/06\/Niranbio.png","width":270,"height":100,"caption":"Niranbio Chemical"},"image":{"@id":"https:\/\/theo.niranbio.com\/pt-br\/#\/schema\/logo\/image\/"}}]}},"_links":{"self":[{"href":"https:\/\/theo.niranbio.com\/pt-br\/wp-json\/wp\/v2\/product\/8320","targetHints":{"allow":["GET"]}}],"collection":[{"href":"https:\/\/theo.niranbio.com\/pt-br\/wp-json\/wp\/v2\/product"}],"about":[{"href":"https:\/\/theo.niranbio.com\/pt-br\/wp-json\/wp\/v2\/types\/product"}],"version-history":[{"count":0,"href":"https:\/\/theo.niranbio.com\/pt-br\/wp-json\/wp\/v2\/product\/8320\/revisions"}],"wp:featuredmedia":[{"embeddable":true,"href":"https:\/\/theo.niranbio.com\/pt-br\/wp-json\/wp\/v2\/media\/8321"}],"wp:attachment":[{"href":"https:\/\/theo.niranbio.com\/pt-br\/wp-json\/wp\/v2\/media?parent=8320"}],"wp:term":[{"taxonomy":"product_brand","embeddable":true,"href":"https:\/\/theo.niranbio.com\/pt-br\/wp-json\/wp\/v2\/product_brand?post=8320"},{"taxonomy":"product_cat","embeddable":true,"href":"https:\/\/theo.niranbio.com\/pt-br\/wp-json\/wp\/v2\/product_cat?post=8320"},{"taxonomy":"product_tag","embeddable":true,"href":"https:\/\/theo.niranbio.com\/pt-br\/wp-json\/wp\/v2\/product_tag?post=8320"}],"curies":[{"name":"wp","href":"https:\/\/api.w.org\/{rel}","templated":true}]}}