{"id":8317,"date":"2024-06-20T08:51:59","date_gmt":"2024-06-20T00:51:59","guid":{"rendered":"https:\/\/theo.niranbio.com\/acido-fumarico\/"},"modified":"2024-08-16T15:15:06","modified_gmt":"2024-08-16T07:15:06","slug":"acido-fumarico","status":"publish","type":"product","link":"https:\/\/theo.niranbio.com\/pt-br\/acido-fumarico-e297.html","title":{"rendered":"\u00c1cido fum\u00e1rico"},"content":{"rendered":"<h2><span class=\"ez-toc-section\" id=\"O_que_e_acido_fumarico\"><\/span>O que \u00e9 \u00e1cido fum\u00e1rico?<span class=\"ez-toc-section-end\"><\/span><\/h2>\n<p>O \u00e1cido fum\u00e1rico aparece como cristais e p\u00f3 incolores ou brancos, com um sabor azedo frutado. Ligeiramente sol\u00favel em \u00e1gua, \u00e9ter, etc. O \u00e1cido fum\u00e1rico pode ser usado como um acidulante, antioxidante, acelerador de decapagem, etc. Al\u00e9m disso, o \u00e1cido fum\u00e1rico tamb\u00e9m tem um forte efeito tamp\u00e3o e efeitos antibacterianos e antimofo. Existem tr\u00eas processos principais de produ\u00e7\u00e3o para \u00e1cido fum\u00e1rico:<\/p>\n<ol>\n<li>M\u00e9todo de isomeriza\u00e7\u00e3o do \u00e1cido cis: Este m\u00e9todo de s\u00edntese \u00e9 um m\u00e9todo comumente usado para produzir \u00e1cido fum\u00e1rico no meu pa\u00eds. Usando \u00e1cido cis como mat\u00e9ria-prima, a temperatura pode ser elevada para 145-260 \u00b0C atrav\u00e9s do efeito catal\u00edtico da tioureia, e o produto final pode ser obtido atrav\u00e9s de filtragem, lavagem, secagem e outros processos ap\u00f3s isomeriza\u00e7\u00e3o para \u00e1cido fum\u00e1rico.<\/li>\n<li>M\u00e9todo de fermenta\u00e7\u00e3o: Parafina (l\u00edquido) pode ser usada como mat\u00e9ria-prima, e ent\u00e3o fermentada por Candida, e ent\u00e3o separada, descolorida, cristalizada, seca e outros meios para finalmente obter \u00e1cido fum\u00e1rico.<\/li>\n<li>M\u00e9todo furfural: Furfural pode ser usado como mat\u00e9ria-prima, clorato de s\u00f3dio \u00e9 adicionado e oxidado para produzir \u00e1cido fum\u00e1rico.<\/li>\n<\/ol>\n<h2><span class=\"ez-toc-section\" id=\"Parametros_relacionados\"><\/span>Par\u00e2metros relacionados:<span class=\"ez-toc-section-end\"><\/span><\/h2>\n<table>\n<tbody>\n<tr>\n<td>Itens<\/td>\n<td>CONFORMA\u00c7\u00d5ESR<\/td>\n<td>ESULTADO<\/td>\n<\/tr>\n<tr>\n<td>ASS\u00c9DIO (%)<\/td>\n<td>99.5-100.5<\/td>\n<td>99.6<\/td>\n<\/tr>\n<tr>\n<td>PONTO DE FUS\u00c3O (\u2103)<\/td>\n<td>286-302<\/td>\n<td>299<\/td>\n<\/tr>\n<tr>\n<td>\u00c1CIDO MALEICO(%)<\/td>\n<td>MAX 0,1<\/td>\n<td>0.03<\/td>\n<\/tr>\n<tr>\n<td>UMIDADE (%)<\/td>\n<td>MAX 0,5<\/td>\n<td>0.12<\/td>\n<\/tr>\n<tr>\n<td>RES\u00cdDUO NA IGNI\u00c7\u00c3O (%)<\/td>\n<td>MAX 0,1<\/td>\n<td>0.06<\/td>\n<\/tr>\n<tr>\n<td>ARS\u00caNICO PPM<\/td>\n<td>MAX 2<\/td>\n<td>&lt;2<\/td>\n<\/tr>\n<tr>\n<td>PPM DE CHUMBO<\/td>\n<td>MAX 2<\/td>\n<td>&lt;2<\/td>\n<\/tr>\n<tr>\n<td>MERC\u00daRIO PPM<\/td>\n<td>MAX 1<\/td>\n<td>&lt;1<\/td>\n<\/tr>\n<\/tbody>\n<\/table>\n<h2><span class=\"ez-toc-section\" id=\"Dosagem_recomendada\"><\/span>Dosagem recomendada<span class=\"ez-toc-section-end\"><\/span><\/h2>\n<table>\n<tbody>\n<tr>\n<td>Nome do alimento<\/td>\n<td>Uso m\u00e1ximo (g\/kg)<\/td>\n<\/tr>\n<tr>\n<td>Bebidas carbonatadas<\/td>\n<td>0,2-0,5 g\/kg<\/td>\n<\/tr>\n<tr>\n<td>Produtos de amido<\/td>\n<td>0,1-0,3 g\/kg<\/td>\n<\/tr>\n<tr>\n<td>Geleia<\/td>\n<td>0,3-0,5 g\/kg<\/td>\n<\/tr>\n<tr>\n<td>Molho para salada<\/td>\n<td>0,2-0,4 g\/kg<\/td>\n<\/tr>\n<tr>\n<td>Sorvete<\/td>\n<td>0,2-0,3 g\/kg<\/td>\n<\/tr>\n<tr>\n<td>Processamento de produtos aqu\u00e1ticos<\/td>\n<td>0,1-0,3 g\/kg<\/td>\n<\/tr>\n<tr>\n<td>Temperos<\/td>\n<td>0,2-0,5 g\/kg<\/td>\n<\/tr>\n<tr>\n<td>Produtos de soja<\/td>\n<td>0,1-0,3 g\/kg<\/td>\n<\/tr>\n<tr>\n<td>Molho de soja<\/td>\n<td>0,1-0,3 g\/kg<\/td>\n<\/tr>\n<tr>\n<td>Presunto<\/td>\n<td>0,1-0,2 g\/kg<\/td>\n<\/tr>\n<tr>\n<td>P\u00e3o<\/td>\n<td>0,1-0,2 g\/kg<\/td>\n<\/tr>\n<tr>\n<td>Produtos grelhados<\/td>\n<td>0,2-0,4 g\/kg<\/td>\n<\/tr>\n<tr>\n<td>Produtos l\u00e1cteos<\/td>\n<td>0,2-0,3 g\/kg<\/td>\n<\/tr>\n<tr>\n<td>Alimentos congelados r\u00e1pidos<\/td>\n<td>0,1-0,3 g\/kg<\/td>\n<\/tr>\n<tr>\n<td>Chocolate<\/td>\n<td>0,1-0,3 g\/kg<\/td>\n<\/tr>\n<tr>\n<td>Alimentos enlatados<\/td>\n<td>0,2-0,4 g\/kg<\/td>\n<\/tr>\n<tr>\n<td>Alimentos em conserva<\/td>\n<td>0,2-0,4 g\/kg<\/td>\n<\/tr>\n<tr>\n<td>Balas em gel<\/td>\n<td>0,3-0,5 g\/kg<\/td>\n<\/tr>\n<tr>\n<td>Bebidas nutricionais<\/td>\n<td>0,2-0,4 g\/kg<\/td>\n<\/tr>\n<\/tbody>\n<\/table>\n<h2><span class=\"ez-toc-section\" id=\"O_acido_fumarico_tem_uma_ampla_gama_de_usos\"><\/span>O \u00e1cido fum\u00e1rico tem uma ampla gama de usos<span class=\"ez-toc-section-end\"><\/span><\/h2>\n<ol>\n<li>Tempero e preserva\u00e7\u00e3o de alimentos O \u00e1cido fum\u00e1rico pode ser usado como um excelente conservante e acidulante de alimentos, que pode n\u00e3o apenas melhorar o sabor dos alimentos, mas tamb\u00e9m inibir efetivamente o crescimento de bact\u00e9rias e mofo nos alimentos. Adicionar \u00e1cido fum\u00e1rico a alimentos perec\u00edveis, como produtos de carne, pode estender sua vida \u00fatil e garantir a seguran\u00e7a e a qualidade dos produtos.<\/li>\n<li>Melhorar o sabor O \u00e1cido fum\u00e1rico tem um forte sabor azedo e salgado. Adicion\u00e1-lo a alimentos como produtos de peixe pode melhorar o sabor e o apetite. Al\u00e9m disso, o \u00e1cido fum\u00e1rico pode ser usado como tempero de fermenta\u00e7\u00e3o para fazer produtos como vegetais em conserva e queijo para aumentar o sabor do produto.<\/li>\n<li>Aditivos para ra\u00e7\u00e3o Como um aditivo comum para ra\u00e7\u00e3o, o \u00e1cido fum\u00e1rico pode melhorar a imunidade animal, reduzir a probabilidade de distocia, aborto espont\u00e2neo e natimorto, aumentar a taxa de sobreviv\u00eancia de animais rec\u00e9m-nascidos e promover o crescimento e o desenvolvimento animal. Tamb\u00e9m \u00e9 de baixo custo e alto em seguran\u00e7a, por isso \u00e9 amplamente utilizado no processamento de ra\u00e7\u00e3o.<\/li>\n<li>Melhorar a textura O \u00e1cido fum\u00e1rico tamb\u00e9m pode ser usado como espessante para aumentar a viscosidade e o sabor dos alimentos. \u00c9 amplamente utilizado em molhos, condimentos, geleias e outros produtos.<\/li>\n<li>Outros usos Al\u00e9m dos usos acima, o \u00e1cido fum\u00e1rico tamb\u00e9m pode ser usado para fazer latic\u00ednios, alimentos congelados, biscoitos e outros alimentos, e seus efeitos tamb\u00e9m s\u00e3o diversos.<\/li>\n<\/ol>\n<h2><span class=\"ez-toc-section\" id=\"O_usuario_fez_a_seguinte_pergunta\"><\/span>O usu\u00e1rio fez a seguinte pergunta:<span class=\"ez-toc-section-end\"><\/span><\/h2>\n<p><strong>Pergunta: O \u00e1cido fum\u00e1rico pode ser extra\u00eddo naturalmente?<\/strong><\/p>\n<p>Resposta: A resposta \u00e9 sim, o \u00e1cido fum\u00e1rico pode ser obtido de certas plantas (como a s\u00e1lvia) e animais por meio de m\u00e9todos de extra\u00e7\u00e3o e purifica\u00e7\u00e3o, e \u00e9 amplamente utilizado em alimentos, medicamentos, cosm\u00e9ticos e ind\u00fastria.<\/p>\n<p><strong>Pergunta: Existe diferen\u00e7a entre \u00e1cido fum\u00e1rico e \u00e1cido c\u00edtrico?<\/strong><\/p>\n<p>Resposta: Al\u00e9m da diferen\u00e7a na estrutura qu\u00edmica, suas fontes e usos tamb\u00e9m s\u00e3o muito diferentes; o \u00e1cido c\u00edtrico \u00e9 extra\u00eddo principalmente do \u00e1cido c\u00edtrico e de algumas outras frutas c\u00edtricas, e pode ser usado como acidulante e conservante. \u00c9 mais comum que o \u00e1cido c\u00edtrico e tem um sabor azedo e acidez mais \u00f3bvios; Al\u00e9m de ser extra\u00eddo naturalmente das peras, o \u00e1cido fum\u00e1rico tamb\u00e9m pode ser sintetizado quimicamente e \u00e9 frequentemente usado na ind\u00fastria de alimentos e bebidas como acidulante e pode ser usado como intensificador de acidez.<\/p>\n","protected":false},"excerpt":{"rendered":"<ul>\n<li>CAS: 110-17-8<\/li>\n<li>F\u00f3rmula qu\u00edmica: C<sub>4<\/sub>H<sub>4<\/sub>O<sub>4<\/sub><\/li>\n<li>Certifica\u00e7\u00f5es: KOSHER, ISO, HALAL, FSSC 22000, BRC, etc.<\/li>\n<li>Quantidade m\u00ednima do pedido: 1000KG<\/li>\n<li>Prazo de validade: 2 anos<\/li>\n<\/ul>\n<div id=\"gtx-trans\" style=\"position: absolute; left: -20px; top: 86.1094px;\">\n<div class=\"gtx-trans-icon\"><\/div>\n<\/div>\n","protected":false},"featured_media":8318,"template":"","meta":{"site-sidebar-layout":"default","site-content-layout":"","ast-site-content-layout":"default","site-content-style":"default","site-sidebar-style":"default","ast-global-header-display":"","ast-banner-title-visibility":"","ast-main-header-display":"","ast-hfb-above-header-display":"","ast-hfb-below-header-display":"","ast-hfb-mobile-header-display":"","site-post-title":"","ast-breadcrumbs-content":"","ast-featured-img":"","footer-sml-layout":"","theme-transparent-header-meta":"default","adv-header-id-meta":"","stick-header-meta":"","header-above-stick-meta":"","header-main-stick-meta":"","header-below-stick-meta":"","astra-migrate-meta-layouts":"set","ast-page-background-enabled":"default","ast-page-background-meta":{"desktop":{"background-color":"var(--ast-global-color-4)","background-image":"","background-repeat":"repeat","background-position":"center center","background-size":"auto","background-attachment":"scroll","background-type":"","background-media":"","overlay-type":"","overlay-color":"","overlay-opacity":"","overlay-gradient":""},"tablet":{"background-color":"","background-image":"","background-repeat":"repeat","background-position":"center center","background-size":"auto","background-attachment":"scroll","background-type":"","background-media":"","overlay-type":"","overlay-color":"","overlay-opacity":"","overlay-gradient":""},"mobile":{"background-color":"","background-image":"","background-repeat":"repeat","background-position":"center center","background-size":"auto","background-attachment":"scroll","background-type":"","background-media":"","overlay-type":"","overlay-color":"","overlay-opacity":"","overlay-gradient":""}},"ast-content-background-meta":{"desktop":{"background-color":"var(--ast-global-color-5)","background-image":"","background-repeat":"repeat","background-position":"center center","background-size":"auto","background-attachment":"scroll","background-type":"","background-media":"","overlay-type":"","overlay-color":"","overlay-opacity":"","overlay-gradient":""},"tablet":{"background-color":"var(--ast-global-color-5)","background-image":"","background-repeat":"repeat","background-position":"center center","background-size":"auto","background-attachment":"scroll","background-type":"","background-media":"","overlay-type":"","overlay-color":"","overlay-opacity":"","overlay-gradient":""},"mobile":{"background-color":"var(--ast-global-color-5)","background-image":"","background-repeat":"repeat","background-position":"center center","background-size":"auto","background-attachment":"scroll","background-type":"","background-media":"","overlay-type":"","overlay-color":"","overlay-opacity":"","overlay-gradient":""}}},"product_brand":[],"product_cat":[74],"product_tag":[],"class_list":{"0":"post-8317","1":"product","2":"type-product","3":"status-publish","4":"has-post-thumbnail","6":"product_cat-produto-acidulante","7":"desktop-align-center","8":"tablet-align-left","9":"mobile-align-left","11":"first","12":"instock","13":"shipping-taxable","14":"product-type-simple"},"yoast_head":"<!-- This site is optimized with the Yoast SEO plugin v26.5 - https:\/\/yoast.com\/wordpress\/plugins\/seo\/ -->\n<title>Fornecedor De \u00c1cido Fum\u00e1rico, Fabricante De P\u00f3 De \u00c1cido Fum\u00e1rico | Niranbio Chemical<\/title>\n<meta name=\"description\" content=\"Nosso p\u00f3 de \u00e1cido fum\u00e1rico de qualidade alimentar (E297) est\u00e1 dispon\u00edvel em malhas sol\u00faveis em \u00e1gua quente 30-100\/60 e malhas sol\u00faveis em \u00e1gua fria 325.\" \/>\n<meta name=\"robots\" content=\"noindex, follow, max-snippet:-1, max-image-preview:large, max-video-preview:-1\" \/>\n<meta name=\"twitter:label1\" content=\"Est. tempo de leitura\" \/>\n\t<meta name=\"twitter:data1\" content=\"4 minutos\" \/>\n<script type=\"application\/ld+json\" class=\"yoast-schema-graph\">{\"@context\":\"https:\/\/schema.org\",\"@graph\":[{\"@type\":\"WebPage\",\"@id\":\"https:\/\/theo.niranbio.com\/pt-br\/acido-fumarico-e297.html\",\"url\":\"https:\/\/theo.niranbio.com\/pt-br\/acido-fumarico-e297.html\",\"name\":\"Fornecedor De \u00c1cido Fum\u00e1rico, Fabricante De P\u00f3 De \u00c1cido Fum\u00e1rico | Niranbio Chemical\",\"isPartOf\":{\"@id\":\"https:\/\/theo.niranbio.com\/pt-br\/#website\"},\"primaryImageOfPage\":{\"@id\":\"https:\/\/theo.niranbio.com\/pt-br\/acido-fumarico-e297.html#primaryimage\"},\"image\":{\"@id\":\"https:\/\/theo.niranbio.com\/pt-br\/acido-fumarico-e297.html#primaryimage\"},\"thumbnailUrl\":\"https:\/\/theo.niranbio.com\/wp-content\/uploads\/2024\/06\/Fumaric-Acid.webp\",\"datePublished\":\"2024-06-20T00:51:59+00:00\",\"dateModified\":\"2024-08-16T07:15:06+00:00\",\"description\":\"Nosso p\u00f3 de \u00e1cido fum\u00e1rico de qualidade alimentar (E297) est\u00e1 dispon\u00edvel em malhas sol\u00faveis em \u00e1gua quente 30-100\/60 e malhas sol\u00faveis em \u00e1gua fria 325.\",\"breadcrumb\":{\"@id\":\"https:\/\/theo.niranbio.com\/pt-br\/acido-fumarico-e297.html#breadcrumb\"},\"inLanguage\":\"pt-BR\",\"potentialAction\":[{\"@type\":\"ReadAction\",\"target\":[\"https:\/\/theo.niranbio.com\/pt-br\/acido-fumarico-e297.html\"]}]},{\"@type\":\"ImageObject\",\"inLanguage\":\"pt-BR\",\"@id\":\"https:\/\/theo.niranbio.com\/pt-br\/acido-fumarico-e297.html#primaryimage\",\"url\":\"https:\/\/theo.niranbio.com\/wp-content\/uploads\/2024\/06\/Fumaric-Acid.webp\",\"contentUrl\":\"https:\/\/theo.niranbio.com\/wp-content\/uploads\/2024\/06\/Fumaric-Acid.webp\",\"width\":600,\"height\":600,\"caption\":\"\u00c1cido fum\u00e1rico\"},{\"@type\":\"BreadcrumbList\",\"@id\":\"https:\/\/theo.niranbio.com\/pt-br\/acido-fumarico-e297.html#breadcrumb\",\"itemListElement\":[{\"@type\":\"ListItem\",\"position\":1,\"name\":\"Home\",\"item\":\"https:\/\/theo.niranbio.com\/pt-br\/\"},{\"@type\":\"ListItem\",\"position\":2,\"name\":\"Produtos\",\"item\":\"https:\/\/theo.niranbio.com\/pt-br\/produtos.html\"},{\"@type\":\"ListItem\",\"position\":3,\"name\":\"Acidulante\",\"item\":\"https:\/\/theo.niranbio.com\/pt-br\/produto-acidulante\/\"},{\"@type\":\"ListItem\",\"position\":4,\"name\":\"\u00c1cido fum\u00e1rico\"}]},{\"@type\":\"WebSite\",\"@id\":\"https:\/\/theo.niranbio.com\/pt-br\/#website\",\"url\":\"https:\/\/theo.niranbio.com\/pt-br\/\",\"name\":\"Niranbio Chemical\",\"description\":\"\",\"publisher\":{\"@id\":\"https:\/\/theo.niranbio.com\/pt-br\/#organization\"},\"potentialAction\":[{\"@type\":\"SearchAction\",\"target\":{\"@type\":\"EntryPoint\",\"urlTemplate\":\"https:\/\/theo.niranbio.com\/pt-br\/?s={search_term_string}\"},\"query-input\":{\"@type\":\"PropertyValueSpecification\",\"valueRequired\":true,\"valueName\":\"search_term_string\"}}],\"inLanguage\":\"pt-BR\"},{\"@type\":\"Organization\",\"@id\":\"https:\/\/theo.niranbio.com\/pt-br\/#organization\",\"name\":\"Niranbio Chemical\",\"url\":\"https:\/\/theo.niranbio.com\/pt-br\/\",\"logo\":{\"@type\":\"ImageObject\",\"inLanguage\":\"pt-BR\",\"@id\":\"https:\/\/theo.niranbio.com\/pt-br\/#\/schema\/logo\/image\/\",\"url\":\"https:\/\/theo.niranbio.com\/wp-content\/uploads\/2024\/06\/Niranbio.png\",\"contentUrl\":\"https:\/\/theo.niranbio.com\/wp-content\/uploads\/2024\/06\/Niranbio.png\",\"width\":270,\"height\":100,\"caption\":\"Niranbio Chemical\"},\"image\":{\"@id\":\"https:\/\/theo.niranbio.com\/pt-br\/#\/schema\/logo\/image\/\"}}]}<\/script>\n<!-- \/ Yoast SEO plugin. -->","yoast_head_json":{"title":"Fornecedor De \u00c1cido Fum\u00e1rico, Fabricante De P\u00f3 De \u00c1cido Fum\u00e1rico | Niranbio Chemical","description":"Nosso p\u00f3 de \u00e1cido fum\u00e1rico de qualidade alimentar (E297) est\u00e1 dispon\u00edvel em malhas sol\u00faveis em \u00e1gua quente 30-100\/60 e malhas sol\u00faveis em \u00e1gua fria 325.","robots":{"index":"noindex","follow":"follow","max-snippet":"max-snippet:-1","max-image-preview":"max-image-preview:large","max-video-preview":"max-video-preview:-1"},"twitter_misc":{"Est. tempo de leitura":"4 minutos"},"schema":{"@context":"https:\/\/schema.org","@graph":[{"@type":"WebPage","@id":"https:\/\/theo.niranbio.com\/pt-br\/acido-fumarico-e297.html","url":"https:\/\/theo.niranbio.com\/pt-br\/acido-fumarico-e297.html","name":"Fornecedor De \u00c1cido Fum\u00e1rico, Fabricante De P\u00f3 De \u00c1cido Fum\u00e1rico | Niranbio Chemical","isPartOf":{"@id":"https:\/\/theo.niranbio.com\/pt-br\/#website"},"primaryImageOfPage":{"@id":"https:\/\/theo.niranbio.com\/pt-br\/acido-fumarico-e297.html#primaryimage"},"image":{"@id":"https:\/\/theo.niranbio.com\/pt-br\/acido-fumarico-e297.html#primaryimage"},"thumbnailUrl":"https:\/\/theo.niranbio.com\/wp-content\/uploads\/2024\/06\/Fumaric-Acid.webp","datePublished":"2024-06-20T00:51:59+00:00","dateModified":"2024-08-16T07:15:06+00:00","description":"Nosso p\u00f3 de \u00e1cido fum\u00e1rico de qualidade alimentar (E297) est\u00e1 dispon\u00edvel em malhas sol\u00faveis em \u00e1gua quente 30-100\/60 e malhas sol\u00faveis em \u00e1gua fria 325.","breadcrumb":{"@id":"https:\/\/theo.niranbio.com\/pt-br\/acido-fumarico-e297.html#breadcrumb"},"inLanguage":"pt-BR","potentialAction":[{"@type":"ReadAction","target":["https:\/\/theo.niranbio.com\/pt-br\/acido-fumarico-e297.html"]}]},{"@type":"ImageObject","inLanguage":"pt-BR","@id":"https:\/\/theo.niranbio.com\/pt-br\/acido-fumarico-e297.html#primaryimage","url":"https:\/\/theo.niranbio.com\/wp-content\/uploads\/2024\/06\/Fumaric-Acid.webp","contentUrl":"https:\/\/theo.niranbio.com\/wp-content\/uploads\/2024\/06\/Fumaric-Acid.webp","width":600,"height":600,"caption":"\u00c1cido fum\u00e1rico"},{"@type":"BreadcrumbList","@id":"https:\/\/theo.niranbio.com\/pt-br\/acido-fumarico-e297.html#breadcrumb","itemListElement":[{"@type":"ListItem","position":1,"name":"Home","item":"https:\/\/theo.niranbio.com\/pt-br\/"},{"@type":"ListItem","position":2,"name":"Produtos","item":"https:\/\/theo.niranbio.com\/pt-br\/produtos.html"},{"@type":"ListItem","position":3,"name":"Acidulante","item":"https:\/\/theo.niranbio.com\/pt-br\/produto-acidulante\/"},{"@type":"ListItem","position":4,"name":"\u00c1cido fum\u00e1rico"}]},{"@type":"WebSite","@id":"https:\/\/theo.niranbio.com\/pt-br\/#website","url":"https:\/\/theo.niranbio.com\/pt-br\/","name":"Niranbio Chemical","description":"","publisher":{"@id":"https:\/\/theo.niranbio.com\/pt-br\/#organization"},"potentialAction":[{"@type":"SearchAction","target":{"@type":"EntryPoint","urlTemplate":"https:\/\/theo.niranbio.com\/pt-br\/?s={search_term_string}"},"query-input":{"@type":"PropertyValueSpecification","valueRequired":true,"valueName":"search_term_string"}}],"inLanguage":"pt-BR"},{"@type":"Organization","@id":"https:\/\/theo.niranbio.com\/pt-br\/#organization","name":"Niranbio Chemical","url":"https:\/\/theo.niranbio.com\/pt-br\/","logo":{"@type":"ImageObject","inLanguage":"pt-BR","@id":"https:\/\/theo.niranbio.com\/pt-br\/#\/schema\/logo\/image\/","url":"https:\/\/theo.niranbio.com\/wp-content\/uploads\/2024\/06\/Niranbio.png","contentUrl":"https:\/\/theo.niranbio.com\/wp-content\/uploads\/2024\/06\/Niranbio.png","width":270,"height":100,"caption":"Niranbio Chemical"},"image":{"@id":"https:\/\/theo.niranbio.com\/pt-br\/#\/schema\/logo\/image\/"}}]}},"_links":{"self":[{"href":"https:\/\/theo.niranbio.com\/pt-br\/wp-json\/wp\/v2\/product\/8317","targetHints":{"allow":["GET"]}}],"collection":[{"href":"https:\/\/theo.niranbio.com\/pt-br\/wp-json\/wp\/v2\/product"}],"about":[{"href":"https:\/\/theo.niranbio.com\/pt-br\/wp-json\/wp\/v2\/types\/product"}],"version-history":[{"count":0,"href":"https:\/\/theo.niranbio.com\/pt-br\/wp-json\/wp\/v2\/product\/8317\/revisions"}],"wp:featuredmedia":[{"embeddable":true,"href":"https:\/\/theo.niranbio.com\/pt-br\/wp-json\/wp\/v2\/media\/8318"}],"wp:attachment":[{"href":"https:\/\/theo.niranbio.com\/pt-br\/wp-json\/wp\/v2\/media?parent=8317"}],"wp:term":[{"taxonomy":"product_brand","embeddable":true,"href":"https:\/\/theo.niranbio.com\/pt-br\/wp-json\/wp\/v2\/product_brand?post=8317"},{"taxonomy":"product_cat","embeddable":true,"href":"https:\/\/theo.niranbio.com\/pt-br\/wp-json\/wp\/v2\/product_cat?post=8317"},{"taxonomy":"product_tag","embeddable":true,"href":"https:\/\/theo.niranbio.com\/pt-br\/wp-json\/wp\/v2\/product_tag?post=8317"}],"curies":[{"name":"wp","href":"https:\/\/api.w.org\/{rel}","templated":true}]}}