{"id":8314,"date":"2024-06-20T08:52:56","date_gmt":"2024-06-20T00:52:56","guid":{"rendered":"https:\/\/theo.niranbio.com\/lactato-de-calcio\/"},"modified":"2024-08-16T15:11:08","modified_gmt":"2024-08-16T07:11:08","slug":"lactato-de-calcio","status":"publish","type":"product","link":"https:\/\/theo.niranbio.com\/pt-br\/lactato-de-calcio.html","title":{"rendered":"Lactato de c\u00e1lcio"},"content":{"rendered":"<h2><span class=\"ez-toc-section\" id=\"O_que_e_Lactato_de_Calcio\"><\/span>O que \u00e9 Lactato de C\u00e1lcio?<span class=\"ez-toc-section-end\"><\/span><\/h2>\n<p>O Lactato de C\u00e1lcio \u00e9 um gr\u00e2nulo ou p\u00f3 branco, n\u00e3o tem cheiro peculiar e tem gosto amargo. \u00c9 levemente eflorescente, facilmente sol\u00favel em \u00e1gua quente e insol\u00favel em etanol, \u00e9ter e clorof\u00f3rmio. Possui alta solubilidade, r\u00e1pida taxa de dissolu\u00e7\u00e3o, alta biodisponibilidade e bom gosto, sendo amplamente utilizado em latic\u00ednios, bebidas, alimentos e produtos de sa\u00fade, etc. As principais mat\u00e9rias-primas para a produ\u00e7\u00e3o de Lactato de C\u00e1lcio s\u00e3o o \u00e1cido l\u00e1ctico e o carbonato de c\u00e1lcio (o \u00e1cido l\u00e1ctico pode ser obtido do amido ou sacarose por fermenta\u00e7\u00e3o, e o carbonato de c\u00e1lcio pode ser extra\u00eddo do calc\u00e1rio natural).<\/p>\n<p>Primeiro, adicione uma quantidade apropriada de \u00e1cido l\u00e1ctico e carbonato de c\u00e1lcio ao reator, controle a temperatura e o valor do pH, reaja, remova impurezas e res\u00edduos s\u00f3lidos, depois lave os res\u00edduos s\u00f3lidos com uma quantidade apropriada de \u00e1gua para torn\u00e1-los mais puros e, finalmente, seque os res\u00edduos s\u00f3lidos filtrados para remover a umidade e, em seguida, moa e peneire o lactato de c\u00e1lcio seco para fazer os gr\u00e2nulos ou p\u00f3s necess\u00e1rios.<\/p>\n<h2><span class=\"ez-toc-section\" id=\"Parametros_relacionados\"><\/span>Par\u00e2metros relacionados:<span class=\"ez-toc-section-end\"><\/span><\/h2>\n<table>\n<tbody>\n<tr>\n<td>Itens<\/td>\n<td>A\u00e7\u00f5es espec\u00edficas<\/td>\n<td>Resultados<\/td>\n<\/tr>\n<tr>\n<td>Solubilidade<\/td>\n<td>Sol\u00favel em \u00e1gua, praticamente insol\u00favel em etanol<\/td>\n<td>Atende aos requisitos<\/td>\n<\/tr>\n<tr>\n<td>Teste de lactato<\/td>\n<td>Passa no teste<\/td>\n<td>Passado<\/td>\n<\/tr>\n<tr>\n<td>Teste de c\u00e1lcio<\/td>\n<td>Passa no teste<\/td>\n<td>Passado<\/td>\n<\/tr>\n<tr>\n<td>Ensaio<\/td>\n<td>&gt;98%<\/td>\n<td>98.91%<\/td>\n<\/tr>\n<tr>\n<td>Perda na secagem (120 \u2103, 4 h)<\/td>\n<td>22.0~27.0%<\/td>\n<td>24.62%<\/td>\n<\/tr>\n<tr>\n<td>PH (1 em 20)<\/td>\n<td>6.0-8.0<\/td>\n<td>6.88<\/td>\n<\/tr>\n<tr>\n<td>Acidez<\/td>\n<td>Dissolva 1 g da amostra em 20 ml de \u00e1gua, adicione 3 gotas de fenolftale\u00edna TS e titule com hidr\u00f3xido de s\u00f3dio 0,1 N. N\u00e3o deve ser necess\u00e1rio mais do que 0,5 ml.<\/td>\n<td>Cumprir os requisitos<\/td>\n<\/tr>\n<tr>\n<td>Magn\u00e9sio e metais alcalinos<\/td>\n<td>\uff1c1.0%<\/td>\n<td>\uff1c1.0%<\/td>\n<\/tr>\n<tr>\n<td>Fluoreto<\/td>\n<td>30ppm<\/td>\n<td>\uff1c15ppm<\/td>\n<\/tr>\n<tr>\n<td>Chumbo<\/td>\n<td>\uff1c2ppm<\/td>\n<td>0,09ppm<\/td>\n<\/tr>\n<\/tbody>\n<\/table>\n<h2><span class=\"ez-toc-section\" id=\"Dosagem_recomendada\"><\/span>Dosagem recomendada<span class=\"ez-toc-section-end\"><\/span><\/h2>\n<table>\n<tbody>\n<tr>\n<td>Nome do alimento<\/td>\n<td>Uso m\u00e1ximo (g\/kg)<\/td>\n<\/tr>\n<tr>\n<td>Bebidas carbonatadas<\/td>\n<td>0,1-0,3 g\/kg<\/td>\n<\/tr>\n<tr>\n<td>Produtos de amido<\/td>\n<td>0,1-0,2 g\/kg<\/td>\n<\/tr>\n<tr>\n<td>Geleia<\/td>\n<td>0,2-0,4 g\/kg<\/td>\n<\/tr>\n<tr>\n<td>Molho para salada<\/td>\n<td>0,2-0,4 g\/kg<\/td>\n<\/tr>\n<tr>\n<td>Sorvete<\/td>\n<td>0,2-0,3 g\/kg<\/td>\n<\/tr>\n<tr>\n<td>Processamento de produtos aqu\u00e1ticos<\/td>\n<td>0,1-0,3 g\/kg<\/td>\n<\/tr>\n<tr>\n<td>Temperos<\/td>\n<td>0,2-0,5 g\/kg<\/td>\n<\/tr>\n<tr>\n<td>Produtos de soja<\/td>\n<td>0,1-0,3 g\/kg<\/td>\n<\/tr>\n<tr>\n<td>Molho de soja<\/td>\n<td>0,1-0,3 g\/kg<\/td>\n<\/tr>\n<tr>\n<td>Presunto<\/td>\n<td>0,1-0,2 g\/kg<\/td>\n<\/tr>\n<tr>\n<td>P\u00e3o<\/td>\n<td>0,1-0,2 g\/kg<\/td>\n<\/tr>\n<tr>\n<td>Produtos grelhados<\/td>\n<td>0,2-0,4 g\/kg<\/td>\n<\/tr>\n<tr>\n<td>Produtos l\u00e1cteos<\/td>\n<td>0,2-0,3 g\/kg<\/td>\n<\/tr>\n<tr>\n<td>Alimentos ultracongelados<\/td>\n<td>0,1-0,3 g\/kg<\/td>\n<\/tr>\n<tr>\n<td>Chocolate<\/td>\n<td>0,1-0,3 g\/kg<\/td>\n<\/tr>\n<\/tbody>\n<\/table>\n<h2><span class=\"ez-toc-section\" id=\"O_lactato_de_calcio_tem_uma_ampla_gama_de_usos\"><\/span>O lactato de c\u00e1lcio tem uma ampla gama de usos<span class=\"ez-toc-section-end\"><\/span><\/h2>\n<ol>\n<li>Efeito nutricional O lactato de c\u00e1lcio pode fornecer ao corpo humano o c\u00e1lcio necess\u00e1rio para os ossos, mantendo o crescimento e o desenvolvimento normais e a sa\u00fade \u00f3ssea.<\/li>\n<li>Mantendo o pH dos alimentos Adicionar lactato de c\u00e1lcio pode ajustar o pH dos alimentos, reduzir a acidez e o sabor e melhorar a qualidade dos alimentos.<\/li>\n<li>Melhorando a qualidade dos produtos l\u00e1cteos O lactato de c\u00e1lcio pode evitar que a qualidade dos produtos l\u00e1cteos se deteriore durante o armazenamento e o transporte.<\/li>\n<li>Efeitos antioxidantes e antibacterianos O lactato de c\u00e1lcio tamb\u00e9m tem efeitos antioxidantes e antibacterianos, mantendo efetivamente a qualidade dos alimentos.<\/li>\n<\/ol>\n<h2><span class=\"ez-toc-section\" id=\"O_usuario_fez_a_seguinte_pergunta\"><\/span>O usu\u00e1rio fez a seguinte pergunta:<span class=\"ez-toc-section-end\"><\/span><\/h2>\n<p><strong>Pergunta: Existe alguma diferen\u00e7a entre lactato de c\u00e1lcio e citrato de c\u00e1lcio?<\/strong><\/p>\n<p>Resposta: Lactato de c\u00e1lcio e citrato de c\u00e1lcio (contendo c\u00e1lcio elementar, lactato de c\u00e1lcio e gluconato de c\u00e1lcio) s\u00e3o ambos c\u00e1lcio org\u00e2nico de segunda gera\u00e7\u00e3o, com diferen\u00e7as relativamente pequenas. Seja em rela\u00e7\u00e3o \u00e0 rela\u00e7\u00e3o custo-benef\u00edcio, taxa de absor\u00e7\u00e3o, biodisponibilidade ou efeitos colaterais, os dois s\u00e3o quase os mesmos. Comparado com o c\u00e1lcio inorg\u00e2nico de primeira gera\u00e7\u00e3o, ele tem menos impacto nos pacientes, n\u00e3o requer a participa\u00e7\u00e3o do \u00e1cido g\u00e1strico e tem muito pouco impacto no trato gastrointestinal.<\/p>\n<p><strong>Pergunta: Bicarbonato de s\u00f3dio pode ser usado em vez de lactato de c\u00e1lcio?<\/strong><\/p>\n<p>Resposta: Claro que n\u00e3o, porque o bicarbonato de s\u00f3dio \u00e9 uma subst\u00e2ncia alcalina, usada principalmente para regular o equil\u00edbrio \u00e1cido-base. O lactato de c\u00e1lcio \u00e9 um suplemento de c\u00e1lcio, usado principalmente para suplementar o elemento c\u00e1lcio necess\u00e1rio ao corpo humano. Embora ambos contenham c\u00e1lcio, suas propriedades qu\u00edmicas e mecanismos de a\u00e7\u00e3o s\u00e3o diferentes. O lactato de c\u00e1lcio \u00e9 mais facilmente absorvido e utilizado pelo corpo humano, o que pode ajudar a manter a sa\u00fade \u00f3ssea, promover a fun\u00e7\u00e3o nervosa e muscular, manter o funcionamento normal do cora\u00e7\u00e3o, etc. Portanto, se a suplementa\u00e7\u00e3o de c\u00e1lcio for necess\u00e1ria, \u00e9 recomendado escolher suplementos de lactato de c\u00e1lcio em vez de bicarbonato de s\u00f3dio.<\/p>\n","protected":false},"excerpt":{"rendered":"<ul>\n<li>CAS: 814-80-2<\/li>\n<li>F\u00f3rmula qu\u00edmica:C<sub>6<\/sub>H<sub>10<\/sub>CaO<sub>6<\/sub>*NH<sub>2<\/sub>O\uff08n=0~5\uff09<\/li>\n<li>Certifica\u00e7\u00f5es: KOSHER, ISO, HALAL, FSSC 22000, BRC, etc.<\/li>\n<li>Padr\u00e3o: BP\/USP\/EP\/FCC<\/li>\n<li>Quantidade m\u00ednima do pedido: 1000KG<\/li>\n<li>Prazo de validade: 2 anos<\/li>\n<\/ul>\n","protected":false},"featured_media":8315,"template":"","meta":{"site-sidebar-layout":"default","site-content-layout":"","ast-site-content-layout":"default","site-content-style":"default","site-sidebar-style":"default","ast-global-header-display":"","ast-banner-title-visibility":"","ast-main-header-display":"","ast-hfb-above-header-display":"","ast-hfb-below-header-display":"","ast-hfb-mobile-header-display":"","site-post-title":"","ast-breadcrumbs-content":"","ast-featured-img":"","footer-sml-layout":"","theme-transparent-header-meta":"default","adv-header-id-meta":"","stick-header-meta":"","header-above-stick-meta":"","header-main-stick-meta":"","header-below-stick-meta":"","astra-migrate-meta-layouts":"set","ast-page-background-enabled":"default","ast-page-background-meta":{"desktop":{"background-color":"var(--ast-global-color-4)","background-image":"","background-repeat":"repeat","background-position":"center center","background-size":"auto","background-attachment":"scroll","background-type":"","background-media":"","overlay-type":"","overlay-color":"","overlay-opacity":"","overlay-gradient":""},"tablet":{"background-color":"","background-image":"","background-repeat":"repeat","background-position":"center center","background-size":"auto","background-attachment":"scroll","background-type":"","background-media":"","overlay-type":"","overlay-color":"","overlay-opacity":"","overlay-gradient":""},"mobile":{"background-color":"","background-image":"","background-repeat":"repeat","background-position":"center center","background-size":"auto","background-attachment":"scroll","background-type":"","background-media":"","overlay-type":"","overlay-color":"","overlay-opacity":"","overlay-gradient":""}},"ast-content-background-meta":{"desktop":{"background-color":"var(--ast-global-color-5)","background-image":"","background-repeat":"repeat","background-position":"center center","background-size":"auto","background-attachment":"scroll","background-type":"","background-media":"","overlay-type":"","overlay-color":"","overlay-opacity":"","overlay-gradient":""},"tablet":{"background-color":"var(--ast-global-color-5)","background-image":"","background-repeat":"repeat","background-position":"center center","background-size":"auto","background-attachment":"scroll","background-type":"","background-media":"","overlay-type":"","overlay-color":"","overlay-opacity":"","overlay-gradient":""},"mobile":{"background-color":"var(--ast-global-color-5)","background-image":"","background-repeat":"repeat","background-position":"center center","background-size":"auto","background-attachment":"scroll","background-type":"","background-media":"","overlay-type":"","overlay-color":"","overlay-opacity":"","overlay-gradient":""}}},"product_brand":[],"product_cat":[74],"product_tag":[],"class_list":{"0":"post-8314","1":"product","2":"type-product","3":"status-publish","4":"has-post-thumbnail","6":"product_cat-produto-acidulante","7":"desktop-align-center","8":"tablet-align-left","9":"mobile-align-left","11":"first","12":"instock","13":"shipping-taxable","14":"product-type-simple"},"yoast_head":"<!-- This site is optimized with the Yoast SEO plugin v26.5 - https:\/\/yoast.com\/wordpress\/plugins\/seo\/ -->\n<title>Fornecedor De Lactato De C\u00e1lcio, Lactato De C\u00e1lcio Comprar | Niranbio Chemical<\/title>\n<meta name=\"description\" content=\"Nosso p\u00f3 branco de lactato de c\u00e1lcio (E327) n\u00e3o \u00e9 l\u00e1cteo, n\u00e3o \u00e9 OGM, apoia a sa\u00fade \u00f3ssea e est\u00e1 dispon\u00edvel em v\u00e1rios tamanhos de malha.\" \/>\n<meta name=\"robots\" content=\"noindex, follow, max-snippet:-1, max-image-preview:large, max-video-preview:-1\" \/>\n<meta name=\"twitter:label1\" content=\"Est. tempo de leitura\" \/>\n\t<meta name=\"twitter:data1\" content=\"4 minutos\" \/>\n<script type=\"application\/ld+json\" class=\"yoast-schema-graph\">{\"@context\":\"https:\/\/schema.org\",\"@graph\":[{\"@type\":\"WebPage\",\"@id\":\"https:\/\/theo.niranbio.com\/pt-br\/lactato-de-calcio.html\",\"url\":\"https:\/\/theo.niranbio.com\/pt-br\/lactato-de-calcio.html\",\"name\":\"Fornecedor De Lactato De C\u00e1lcio, Lactato De C\u00e1lcio Comprar | Niranbio Chemical\",\"isPartOf\":{\"@id\":\"https:\/\/theo.niranbio.com\/pt-br\/#website\"},\"primaryImageOfPage\":{\"@id\":\"https:\/\/theo.niranbio.com\/pt-br\/lactato-de-calcio.html#primaryimage\"},\"image\":{\"@id\":\"https:\/\/theo.niranbio.com\/pt-br\/lactato-de-calcio.html#primaryimage\"},\"thumbnailUrl\":\"https:\/\/theo.niranbio.com\/wp-content\/uploads\/2024\/06\/Calcium-Lactate.webp\",\"datePublished\":\"2024-06-20T00:52:56+00:00\",\"dateModified\":\"2024-08-16T07:11:08+00:00\",\"description\":\"Nosso p\u00f3 branco de lactato de c\u00e1lcio (E327) n\u00e3o \u00e9 l\u00e1cteo, n\u00e3o \u00e9 OGM, apoia a sa\u00fade \u00f3ssea e est\u00e1 dispon\u00edvel em v\u00e1rios tamanhos de malha.\",\"breadcrumb\":{\"@id\":\"https:\/\/theo.niranbio.com\/pt-br\/lactato-de-calcio.html#breadcrumb\"},\"inLanguage\":\"pt-BR\",\"potentialAction\":[{\"@type\":\"ReadAction\",\"target\":[\"https:\/\/theo.niranbio.com\/pt-br\/lactato-de-calcio.html\"]}]},{\"@type\":\"ImageObject\",\"inLanguage\":\"pt-BR\",\"@id\":\"https:\/\/theo.niranbio.com\/pt-br\/lactato-de-calcio.html#primaryimage\",\"url\":\"https:\/\/theo.niranbio.com\/wp-content\/uploads\/2024\/06\/Calcium-Lactate.webp\",\"contentUrl\":\"https:\/\/theo.niranbio.com\/wp-content\/uploads\/2024\/06\/Calcium-Lactate.webp\",\"width\":600,\"height\":600,\"caption\":\"Lactato de C\u00e1lcio\"},{\"@type\":\"BreadcrumbList\",\"@id\":\"https:\/\/theo.niranbio.com\/pt-br\/lactato-de-calcio.html#breadcrumb\",\"itemListElement\":[{\"@type\":\"ListItem\",\"position\":1,\"name\":\"Home\",\"item\":\"https:\/\/theo.niranbio.com\/pt-br\/\"},{\"@type\":\"ListItem\",\"position\":2,\"name\":\"Produtos\",\"item\":\"https:\/\/theo.niranbio.com\/pt-br\/produtos.html\"},{\"@type\":\"ListItem\",\"position\":3,\"name\":\"Acidulante\",\"item\":\"https:\/\/theo.niranbio.com\/pt-br\/produto-acidulante\/\"},{\"@type\":\"ListItem\",\"position\":4,\"name\":\"Lactato de c\u00e1lcio\"}]},{\"@type\":\"WebSite\",\"@id\":\"https:\/\/theo.niranbio.com\/pt-br\/#website\",\"url\":\"https:\/\/theo.niranbio.com\/pt-br\/\",\"name\":\"Niranbio Chemical\",\"description\":\"\",\"publisher\":{\"@id\":\"https:\/\/theo.niranbio.com\/pt-br\/#organization\"},\"potentialAction\":[{\"@type\":\"SearchAction\",\"target\":{\"@type\":\"EntryPoint\",\"urlTemplate\":\"https:\/\/theo.niranbio.com\/pt-br\/?s={search_term_string}\"},\"query-input\":{\"@type\":\"PropertyValueSpecification\",\"valueRequired\":true,\"valueName\":\"search_term_string\"}}],\"inLanguage\":\"pt-BR\"},{\"@type\":\"Organization\",\"@id\":\"https:\/\/theo.niranbio.com\/pt-br\/#organization\",\"name\":\"Niranbio Chemical\",\"url\":\"https:\/\/theo.niranbio.com\/pt-br\/\",\"logo\":{\"@type\":\"ImageObject\",\"inLanguage\":\"pt-BR\",\"@id\":\"https:\/\/theo.niranbio.com\/pt-br\/#\/schema\/logo\/image\/\",\"url\":\"https:\/\/theo.niranbio.com\/wp-content\/uploads\/2024\/06\/Niranbio.png\",\"contentUrl\":\"https:\/\/theo.niranbio.com\/wp-content\/uploads\/2024\/06\/Niranbio.png\",\"width\":270,\"height\":100,\"caption\":\"Niranbio Chemical\"},\"image\":{\"@id\":\"https:\/\/theo.niranbio.com\/pt-br\/#\/schema\/logo\/image\/\"}}]}<\/script>\n<!-- \/ Yoast SEO plugin. -->","yoast_head_json":{"title":"Fornecedor De Lactato De C\u00e1lcio, Lactato De C\u00e1lcio Comprar | Niranbio Chemical","description":"Nosso p\u00f3 branco de lactato de c\u00e1lcio (E327) n\u00e3o \u00e9 l\u00e1cteo, n\u00e3o \u00e9 OGM, apoia a sa\u00fade \u00f3ssea e est\u00e1 dispon\u00edvel em v\u00e1rios tamanhos de malha.","robots":{"index":"noindex","follow":"follow","max-snippet":"max-snippet:-1","max-image-preview":"max-image-preview:large","max-video-preview":"max-video-preview:-1"},"twitter_misc":{"Est. tempo de leitura":"4 minutos"},"schema":{"@context":"https:\/\/schema.org","@graph":[{"@type":"WebPage","@id":"https:\/\/theo.niranbio.com\/pt-br\/lactato-de-calcio.html","url":"https:\/\/theo.niranbio.com\/pt-br\/lactato-de-calcio.html","name":"Fornecedor De Lactato De C\u00e1lcio, Lactato De C\u00e1lcio Comprar | Niranbio Chemical","isPartOf":{"@id":"https:\/\/theo.niranbio.com\/pt-br\/#website"},"primaryImageOfPage":{"@id":"https:\/\/theo.niranbio.com\/pt-br\/lactato-de-calcio.html#primaryimage"},"image":{"@id":"https:\/\/theo.niranbio.com\/pt-br\/lactato-de-calcio.html#primaryimage"},"thumbnailUrl":"https:\/\/theo.niranbio.com\/wp-content\/uploads\/2024\/06\/Calcium-Lactate.webp","datePublished":"2024-06-20T00:52:56+00:00","dateModified":"2024-08-16T07:11:08+00:00","description":"Nosso p\u00f3 branco de lactato de c\u00e1lcio (E327) n\u00e3o \u00e9 l\u00e1cteo, n\u00e3o \u00e9 OGM, apoia a sa\u00fade \u00f3ssea e est\u00e1 dispon\u00edvel em v\u00e1rios tamanhos de malha.","breadcrumb":{"@id":"https:\/\/theo.niranbio.com\/pt-br\/lactato-de-calcio.html#breadcrumb"},"inLanguage":"pt-BR","potentialAction":[{"@type":"ReadAction","target":["https:\/\/theo.niranbio.com\/pt-br\/lactato-de-calcio.html"]}]},{"@type":"ImageObject","inLanguage":"pt-BR","@id":"https:\/\/theo.niranbio.com\/pt-br\/lactato-de-calcio.html#primaryimage","url":"https:\/\/theo.niranbio.com\/wp-content\/uploads\/2024\/06\/Calcium-Lactate.webp","contentUrl":"https:\/\/theo.niranbio.com\/wp-content\/uploads\/2024\/06\/Calcium-Lactate.webp","width":600,"height":600,"caption":"Lactato de C\u00e1lcio"},{"@type":"BreadcrumbList","@id":"https:\/\/theo.niranbio.com\/pt-br\/lactato-de-calcio.html#breadcrumb","itemListElement":[{"@type":"ListItem","position":1,"name":"Home","item":"https:\/\/theo.niranbio.com\/pt-br\/"},{"@type":"ListItem","position":2,"name":"Produtos","item":"https:\/\/theo.niranbio.com\/pt-br\/produtos.html"},{"@type":"ListItem","position":3,"name":"Acidulante","item":"https:\/\/theo.niranbio.com\/pt-br\/produto-acidulante\/"},{"@type":"ListItem","position":4,"name":"Lactato de c\u00e1lcio"}]},{"@type":"WebSite","@id":"https:\/\/theo.niranbio.com\/pt-br\/#website","url":"https:\/\/theo.niranbio.com\/pt-br\/","name":"Niranbio Chemical","description":"","publisher":{"@id":"https:\/\/theo.niranbio.com\/pt-br\/#organization"},"potentialAction":[{"@type":"SearchAction","target":{"@type":"EntryPoint","urlTemplate":"https:\/\/theo.niranbio.com\/pt-br\/?s={search_term_string}"},"query-input":{"@type":"PropertyValueSpecification","valueRequired":true,"valueName":"search_term_string"}}],"inLanguage":"pt-BR"},{"@type":"Organization","@id":"https:\/\/theo.niranbio.com\/pt-br\/#organization","name":"Niranbio Chemical","url":"https:\/\/theo.niranbio.com\/pt-br\/","logo":{"@type":"ImageObject","inLanguage":"pt-BR","@id":"https:\/\/theo.niranbio.com\/pt-br\/#\/schema\/logo\/image\/","url":"https:\/\/theo.niranbio.com\/wp-content\/uploads\/2024\/06\/Niranbio.png","contentUrl":"https:\/\/theo.niranbio.com\/wp-content\/uploads\/2024\/06\/Niranbio.png","width":270,"height":100,"caption":"Niranbio Chemical"},"image":{"@id":"https:\/\/theo.niranbio.com\/pt-br\/#\/schema\/logo\/image\/"}}]}},"_links":{"self":[{"href":"https:\/\/theo.niranbio.com\/pt-br\/wp-json\/wp\/v2\/product\/8314","targetHints":{"allow":["GET"]}}],"collection":[{"href":"https:\/\/theo.niranbio.com\/pt-br\/wp-json\/wp\/v2\/product"}],"about":[{"href":"https:\/\/theo.niranbio.com\/pt-br\/wp-json\/wp\/v2\/types\/product"}],"version-history":[{"count":0,"href":"https:\/\/theo.niranbio.com\/pt-br\/wp-json\/wp\/v2\/product\/8314\/revisions"}],"wp:featuredmedia":[{"embeddable":true,"href":"https:\/\/theo.niranbio.com\/pt-br\/wp-json\/wp\/v2\/media\/8315"}],"wp:attachment":[{"href":"https:\/\/theo.niranbio.com\/pt-br\/wp-json\/wp\/v2\/media?parent=8314"}],"wp:term":[{"taxonomy":"product_brand","embeddable":true,"href":"https:\/\/theo.niranbio.com\/pt-br\/wp-json\/wp\/v2\/product_brand?post=8314"},{"taxonomy":"product_cat","embeddable":true,"href":"https:\/\/theo.niranbio.com\/pt-br\/wp-json\/wp\/v2\/product_cat?post=8314"},{"taxonomy":"product_tag","embeddable":true,"href":"https:\/\/theo.niranbio.com\/pt-br\/wp-json\/wp\/v2\/product_tag?post=8314"}],"curies":[{"name":"wp","href":"https:\/\/api.w.org\/{rel}","templated":true}]}}