{"id":8311,"date":"2024-06-20T08:53:35","date_gmt":"2024-06-20T00:53:35","guid":{"rendered":"https:\/\/theo.niranbio.com\/citrato-de-triamonio-grau-alimenticio\/"},"modified":"2024-08-16T15:09:02","modified_gmt":"2024-08-16T07:09:02","slug":"citrato-de-triamonio-grau-alimenticio","status":"publish","type":"product","link":"https:\/\/theo.niranbio.com\/pt-br\/citrato-de-triamonio-grau-alimenticio.html","title":{"rendered":"Citrato de triam\u00f4nio &#8211; grau aliment\u00edcio"},"content":{"rendered":"<h2><span class=\"ez-toc-section\" id=\"O_que_e_Citrato_de_Triamonio-Grau_Alimenticio\"><\/span>O que \u00e9 Citrato de Triam\u00f4nio-Grau Aliment\u00edcio?<span class=\"ez-toc-section-end\"><\/span><\/h2>\n<p>O citrato de triam\u00f4nio \u00e9 um sal de citrato com apar\u00eancia de cristais incolores ou p\u00f3 cristalino branco. Ele se dissolve em \u00e1gua, tem leve solubilidade em \u00e1lcool e \u00e9ter, se decomp\u00f5e em altas temperaturas e demonstra propriedades higrosc\u00f3picas. Pode ser usado como aditivo alimentar e na fabrica\u00e7\u00e3o de detergentes e agentes de limpeza, etc. Ele tem as fun\u00e7\u00f5es de descontamina\u00e7\u00e3o, emulsifica\u00e7\u00e3o e preserva\u00e7\u00e3o.<\/p>\n<p>Existem dois processos principais de produ\u00e7\u00e3o para o citrato de triam\u00f4nio. Um \u00e9 o m\u00e9todo de neutraliza\u00e7\u00e3o do \u00e1cido c\u00edtrico: o \u00e1cido c\u00edtrico \u00e9 reagido com am\u00f4nia ou hidr\u00f3xido de am\u00f4nio para gerar solu\u00e7\u00e3o de citrato de triam\u00f4nio e, em seguida, evaporado e cristalizado para obter o produto;<\/p>\n<p>O outro \u00e9 o m\u00e9todo de precipita\u00e7\u00e3o de b\u00e1rio: o \u00e1cido c\u00edtrico reage com cloreto de am\u00f4nio para gerar precipitado de citrato de triam\u00f4nio e, em seguida, \u00e9 lavado com \u00e1gua e seco para obter o produto.<\/p>\n<h2><span class=\"ez-toc-section\" id=\"Parametros_relacionados\"><\/span>Par\u00e2metros relacionados:<span class=\"ez-toc-section-end\"><\/span><\/h2>\n<table>\n<tbody>\n<tr>\n<td>Itens<\/td>\n<td>Padr\u00f5es<\/td>\n<\/tr>\n<tr>\n<td>Ensaio (C6H17N3O7), c\/% \u2265<\/td>\n<td>97.0<\/td>\n<\/tr>\n<tr>\n<td>Oxalato (como \u00e1cido ox\u00e1lico), w\/% \u2264<\/td>\n<td>0.04<\/td>\n<\/tr>\n<tr>\n<td>Ars\u00eanico, mg\/kg \u2264<\/td>\n<td>3<\/td>\n<\/tr>\n<tr>\n<td>Chumbo, mg\/kg \u2264<\/td>\n<td>2<\/td>\n<\/tr>\n<tr>\n<td>Merc\u00fario, mg\/kg \u2264<\/td>\n<td>1<\/td>\n<\/tr>\n<\/tbody>\n<\/table>\n<h2><span class=\"ez-toc-section\" id=\"Dosagem_recomendada\"><\/span>Dosagem recomendada<span class=\"ez-toc-section-end\"><\/span><\/h2>\n<table>\n<tbody>\n<tr>\n<td>Nome do alimento<\/td>\n<td>Uso m\u00e1ximo (g\/kg)<\/td>\n<\/tr>\n<tr>\n<td>Bebidas carbonatadas<\/td>\n<td>0,2-0,5 g\/kg<\/td>\n<\/tr>\n<tr>\n<td>Produtos de amido<\/td>\n<td>0,1-0,3 g\/kg<\/td>\n<\/tr>\n<tr>\n<td>Geleia<\/td>\n<td>0,3-0,5 g\/kg<\/td>\n<\/tr>\n<tr>\n<td>Molho para salada<\/td>\n<td>0,2-0,4 g\/kg<\/td>\n<\/tr>\n<tr>\n<td>Sorvete<\/td>\n<td>0,2-0,3 g\/kg<\/td>\n<\/tr>\n<tr>\n<td>Macarr\u00e3o frito<\/td>\n<td>0,1-0,2 g\/kg<\/td>\n<\/tr>\n<tr>\n<td>Processamento de produtos aqu\u00e1ticos<\/td>\n<td>0,1-0,3 g\/kg<\/td>\n<\/tr>\n<tr>\n<td>Temperos<\/td>\n<td>0,2-0,5 g\/kg<\/td>\n<\/tr>\n<tr>\n<td>Tofu seco<\/td>\n<td>0,1-0,3 g\/kg<\/td>\n<\/tr>\n<tr>\n<td>Produtos de soja<\/td>\n<td>0,1-0,3 g\/kg<\/td>\n<\/tr>\n<tr>\n<td>Molho de soja<\/td>\n<td>0,1-0,3 g\/kg<\/td>\n<\/tr>\n<tr>\n<td>Presunto<\/td>\n<td>0,1-0,2 g\/kg<\/td>\n<\/tr>\n<tr>\n<td>P\u00e3o<\/td>\n<td>0,1-0,2 g\/kg<\/td>\n<\/tr>\n<tr>\n<td>Produtos grelhados<\/td>\n<td>0,2-0,4 g\/kg<\/td>\n<\/tr>\n<tr>\n<td>Produtos l\u00e1cteos<\/td>\n<td>0,2-0,3 g\/kg<\/td>\n<\/tr>\n<tr>\n<td>Alimentos congelados rapidamente<\/td>\n<td>0,1-0,3 g\/kg<\/td>\n<\/tr>\n<tr>\n<td>Chocolate<\/td>\n<td>0,1-0,3 g\/kg<\/td>\n<\/tr>\n<\/tbody>\n<\/table>\n<h2><span class=\"ez-toc-section\" id=\"O_citrato_de_triamonio_%E2%80%93_grau_alimenticio_tem_uma_ampla_gama_de_usos\"><\/span>O citrato de triam\u00f4nio &#8211; grau aliment\u00edcio tem uma ampla gama de usos<span class=\"ez-toc-section-end\"><\/span><\/h2>\n<p>O citrato de triam\u00f4nio \u00e9 empregado principalmente em an\u00e1lises qu\u00edmicas, tratamento de \u00e1gua industrial, limpeza de metais (particularmente na limpeza de oleodutos de petr\u00f3leo), dispers\u00e3o cer\u00e2mica, como auxiliar de penetra\u00e7\u00e3o, mat\u00e9ria-prima detergente e componente de condicionadores de solo.<\/p>\n<p>Al\u00e9m disso, ele encontra aplica\u00e7\u00f5es em produtos farmac\u00eauticos, eletr\u00f4nicos e outras ind\u00fastrias. Na qu\u00edmica anal\u00edtica, ele serve como um reagente qu\u00edmico para determinar fosfatos em fertilizantes e \u00e1cido fosf\u00f3rico eficaz. Finalmente, ele atua como um agente complexante de galvanoplastia sem cianeto na ind\u00fastria de galvanoplastia. Ele \u00e9 usado na ind\u00fastria mec\u00e2nica para preparar inibidores de ferrugem.<\/p>\n<h2><span class=\"ez-toc-section\" id=\"O_usuario_fez_a_seguinte_pergunta\"><\/span>O usu\u00e1rio fez a seguinte pergunta:<span class=\"ez-toc-section-end\"><\/span><\/h2>\n<p><strong>Pergunta: Citrato de triam\u00f4nio e citrato de am\u00f4nio s\u00e3o a mesma coisa?<\/strong><\/p>\n<p>Resposta: A resposta \u00e9 sim. Citrato de triam\u00f4nio, tamb\u00e9m conhecido como citrato de am\u00f4nio, \u00e9 uma subst\u00e2ncia qu\u00edmica com as caracter\u00edsticas de p\u00f3 ou cristais brancos deliquescentes, facilmente sol\u00favel em \u00e1gua, decomp\u00f5e-se no ponto de fus\u00e3o e \u00e9 considerada de baixa toxicidade. Citrato de triam\u00f4nio e citrato de am\u00f4nio s\u00e3o, na verdade, nomes diferentes para a mesma subst\u00e2ncia, que se refere ao mesmo composto quimicamente.<\/p>\n<p>Esta subst\u00e2ncia serve como tamp\u00e3o, emulsificante, etc. na ind\u00fastria aliment\u00edcia e \u00e9 utilizada principalmente no processamento de queijos na CEE. Al\u00e9m disso, o citrato de triam\u00f4nio encontra aplica\u00e7\u00e3o em an\u00e1lises qu\u00edmicas, tratamento de \u00e1gua industrial, limpeza de metais (como limpeza de oleodutos), dispersantes cer\u00e2micos, como auxiliar de penetra\u00e7\u00e3o, mat\u00e9rias-primas de detergentes e como componente de condicionadores de solo. Tamb\u00e9m \u00e9 usado em campos industriais como medicina e eletr\u00f4nica.<\/p>\n","protected":false},"excerpt":{"rendered":"<ul>\n<li>CAS: 3458-72-8<\/li>\n<li>F\u00f3rmula qu\u00edmica: C<sub>6<\/sub>H<sub>8<\/sub>O<sub>7<\/sub>*3H<sub>3<\/sub>N<\/li>\n<li>Certifica\u00e7\u00f5es: KOSHER, ISO, HALAL, FSSC 22000, BRC, etc.<\/li>\n<li>Padr\u00e3o:<\/li>\n<li>Quantidade m\u00ednima do pedido: 1000KG<\/li>\n<li>Prazo de validade: 2 anos<\/li>\n<\/ul>\n","protected":false},"featured_media":8312,"template":"","meta":{"site-sidebar-layout":"default","site-content-layout":"","ast-site-content-layout":"default","site-content-style":"default","site-sidebar-style":"default","ast-global-header-display":"","ast-banner-title-visibility":"","ast-main-header-display":"","ast-hfb-above-header-display":"","ast-hfb-below-header-display":"","ast-hfb-mobile-header-display":"","site-post-title":"","ast-breadcrumbs-content":"","ast-featured-img":"","footer-sml-layout":"","theme-transparent-header-meta":"default","adv-header-id-meta":"","stick-header-meta":"","header-above-stick-meta":"","header-main-stick-meta":"","header-below-stick-meta":"","astra-migrate-meta-layouts":"set","ast-page-background-enabled":"default","ast-page-background-meta":{"desktop":{"background-color":"var(--ast-global-color-4)","background-image":"","background-repeat":"repeat","background-position":"center center","background-size":"auto","background-attachment":"scroll","background-type":"","background-media":"","overlay-type":"","overlay-color":"","overlay-opacity":"","overlay-gradient":""},"tablet":{"background-color":"","background-image":"","background-repeat":"repeat","background-position":"center center","background-size":"auto","background-attachment":"scroll","background-type":"","background-media":"","overlay-type":"","overlay-color":"","overlay-opacity":"","overlay-gradient":""},"mobile":{"background-color":"","background-image":"","background-repeat":"repeat","background-position":"center center","background-size":"auto","background-attachment":"scroll","background-type":"","background-media":"","overlay-type":"","overlay-color":"","overlay-opacity":"","overlay-gradient":""}},"ast-content-background-meta":{"desktop":{"background-color":"var(--ast-global-color-5)","background-image":"","background-repeat":"repeat","background-position":"center center","background-size":"auto","background-attachment":"scroll","background-type":"","background-media":"","overlay-type":"","overlay-color":"","overlay-opacity":"","overlay-gradient":""},"tablet":{"background-color":"var(--ast-global-color-5)","background-image":"","background-repeat":"repeat","background-position":"center center","background-size":"auto","background-attachment":"scroll","background-type":"","background-media":"","overlay-type":"","overlay-color":"","overlay-opacity":"","overlay-gradient":""},"mobile":{"background-color":"var(--ast-global-color-5)","background-image":"","background-repeat":"repeat","background-position":"center center","background-size":"auto","background-attachment":"scroll","background-type":"","background-media":"","overlay-type":"","overlay-color":"","overlay-opacity":"","overlay-gradient":""}}},"product_brand":[],"product_cat":[74],"product_tag":[],"class_list":{"0":"post-8311","1":"product","2":"type-product","3":"status-publish","4":"has-post-thumbnail","6":"product_cat-produto-acidulante","7":"desktop-align-center","8":"tablet-align-left","9":"mobile-align-left","11":"first","12":"instock","13":"shipping-taxable","14":"product-type-simple"},"yoast_head":"<!-- This site is optimized with the Yoast SEO plugin v26.5 - https:\/\/yoast.com\/wordpress\/plugins\/seo\/ -->\n<title>Fornecedor de citrato de triam\u00f4nio, p\u00f3 de citrato de triam\u00f4nio de grau aliment\u00edcio | Niranbio Chemical<\/title>\n<meta name=\"description\" content=\"Nosso p\u00f3 de citrato de triam\u00f4nio (E380) \u00e9 um composto vers\u00e1til com alta solubilidade, excelente capacidade de tamponamento e estabilidade.\" \/>\n<meta name=\"robots\" content=\"noindex, follow, max-snippet:-1, max-image-preview:large, max-video-preview:-1\" \/>\n<meta name=\"twitter:label1\" content=\"Est. tempo de leitura\" \/>\n\t<meta name=\"twitter:data1\" content=\"3 minutos\" \/>\n<script type=\"application\/ld+json\" class=\"yoast-schema-graph\">{\"@context\":\"https:\/\/schema.org\",\"@graph\":[{\"@type\":\"WebPage\",\"@id\":\"https:\/\/theo.niranbio.com\/pt-br\/citrato-de-triamonio-grau-alimenticio.html\",\"url\":\"https:\/\/theo.niranbio.com\/pt-br\/citrato-de-triamonio-grau-alimenticio.html\",\"name\":\"Fornecedor de citrato de triam\u00f4nio, p\u00f3 de citrato de triam\u00f4nio de grau aliment\u00edcio | Niranbio Chemical\",\"isPartOf\":{\"@id\":\"https:\/\/theo.niranbio.com\/pt-br\/#website\"},\"primaryImageOfPage\":{\"@id\":\"https:\/\/theo.niranbio.com\/pt-br\/citrato-de-triamonio-grau-alimenticio.html#primaryimage\"},\"image\":{\"@id\":\"https:\/\/theo.niranbio.com\/pt-br\/citrato-de-triamonio-grau-alimenticio.html#primaryimage\"},\"thumbnailUrl\":\"https:\/\/theo.niranbio.com\/wp-content\/uploads\/2024\/06\/Triammonium-Citrate.webp\",\"datePublished\":\"2024-06-20T00:53:35+00:00\",\"dateModified\":\"2024-08-16T07:09:02+00:00\",\"description\":\"Nosso p\u00f3 de citrato de triam\u00f4nio (E380) \u00e9 um composto vers\u00e1til com alta solubilidade, excelente capacidade de tamponamento e estabilidade.\",\"breadcrumb\":{\"@id\":\"https:\/\/theo.niranbio.com\/pt-br\/citrato-de-triamonio-grau-alimenticio.html#breadcrumb\"},\"inLanguage\":\"pt-BR\",\"potentialAction\":[{\"@type\":\"ReadAction\",\"target\":[\"https:\/\/theo.niranbio.com\/pt-br\/citrato-de-triamonio-grau-alimenticio.html\"]}]},{\"@type\":\"ImageObject\",\"inLanguage\":\"pt-BR\",\"@id\":\"https:\/\/theo.niranbio.com\/pt-br\/citrato-de-triamonio-grau-alimenticio.html#primaryimage\",\"url\":\"https:\/\/theo.niranbio.com\/wp-content\/uploads\/2024\/06\/Triammonium-Citrate.webp\",\"contentUrl\":\"https:\/\/theo.niranbio.com\/wp-content\/uploads\/2024\/06\/Triammonium-Citrate.webp\",\"width\":600,\"height\":600,\"caption\":\"Citrato de triam\u00f4nio\"},{\"@type\":\"BreadcrumbList\",\"@id\":\"https:\/\/theo.niranbio.com\/pt-br\/citrato-de-triamonio-grau-alimenticio.html#breadcrumb\",\"itemListElement\":[{\"@type\":\"ListItem\",\"position\":1,\"name\":\"Home\",\"item\":\"https:\/\/theo.niranbio.com\/pt-br\/\"},{\"@type\":\"ListItem\",\"position\":2,\"name\":\"Produtos\",\"item\":\"https:\/\/theo.niranbio.com\/pt-br\/produtos.html\"},{\"@type\":\"ListItem\",\"position\":3,\"name\":\"Acidulante\",\"item\":\"https:\/\/theo.niranbio.com\/pt-br\/produto-acidulante\/\"},{\"@type\":\"ListItem\",\"position\":4,\"name\":\"Citrato de triam\u00f4nio &#8211; grau aliment\u00edcio\"}]},{\"@type\":\"WebSite\",\"@id\":\"https:\/\/theo.niranbio.com\/pt-br\/#website\",\"url\":\"https:\/\/theo.niranbio.com\/pt-br\/\",\"name\":\"Niranbio Chemical\",\"description\":\"\",\"publisher\":{\"@id\":\"https:\/\/theo.niranbio.com\/pt-br\/#organization\"},\"potentialAction\":[{\"@type\":\"SearchAction\",\"target\":{\"@type\":\"EntryPoint\",\"urlTemplate\":\"https:\/\/theo.niranbio.com\/pt-br\/?s={search_term_string}\"},\"query-input\":{\"@type\":\"PropertyValueSpecification\",\"valueRequired\":true,\"valueName\":\"search_term_string\"}}],\"inLanguage\":\"pt-BR\"},{\"@type\":\"Organization\",\"@id\":\"https:\/\/theo.niranbio.com\/pt-br\/#organization\",\"name\":\"Niranbio Chemical\",\"url\":\"https:\/\/theo.niranbio.com\/pt-br\/\",\"logo\":{\"@type\":\"ImageObject\",\"inLanguage\":\"pt-BR\",\"@id\":\"https:\/\/theo.niranbio.com\/pt-br\/#\/schema\/logo\/image\/\",\"url\":\"https:\/\/theo.niranbio.com\/wp-content\/uploads\/2024\/06\/Niranbio.png\",\"contentUrl\":\"https:\/\/theo.niranbio.com\/wp-content\/uploads\/2024\/06\/Niranbio.png\",\"width\":270,\"height\":100,\"caption\":\"Niranbio Chemical\"},\"image\":{\"@id\":\"https:\/\/theo.niranbio.com\/pt-br\/#\/schema\/logo\/image\/\"}}]}<\/script>\n<!-- \/ Yoast SEO plugin. -->","yoast_head_json":{"title":"Fornecedor de citrato de triam\u00f4nio, p\u00f3 de citrato de triam\u00f4nio de grau aliment\u00edcio | Niranbio Chemical","description":"Nosso p\u00f3 de citrato de triam\u00f4nio (E380) \u00e9 um composto vers\u00e1til com alta solubilidade, excelente capacidade de tamponamento e estabilidade.","robots":{"index":"noindex","follow":"follow","max-snippet":"max-snippet:-1","max-image-preview":"max-image-preview:large","max-video-preview":"max-video-preview:-1"},"twitter_misc":{"Est. tempo de leitura":"3 minutos"},"schema":{"@context":"https:\/\/schema.org","@graph":[{"@type":"WebPage","@id":"https:\/\/theo.niranbio.com\/pt-br\/citrato-de-triamonio-grau-alimenticio.html","url":"https:\/\/theo.niranbio.com\/pt-br\/citrato-de-triamonio-grau-alimenticio.html","name":"Fornecedor de citrato de triam\u00f4nio, p\u00f3 de citrato de triam\u00f4nio de grau aliment\u00edcio | Niranbio Chemical","isPartOf":{"@id":"https:\/\/theo.niranbio.com\/pt-br\/#website"},"primaryImageOfPage":{"@id":"https:\/\/theo.niranbio.com\/pt-br\/citrato-de-triamonio-grau-alimenticio.html#primaryimage"},"image":{"@id":"https:\/\/theo.niranbio.com\/pt-br\/citrato-de-triamonio-grau-alimenticio.html#primaryimage"},"thumbnailUrl":"https:\/\/theo.niranbio.com\/wp-content\/uploads\/2024\/06\/Triammonium-Citrate.webp","datePublished":"2024-06-20T00:53:35+00:00","dateModified":"2024-08-16T07:09:02+00:00","description":"Nosso p\u00f3 de citrato de triam\u00f4nio (E380) \u00e9 um composto vers\u00e1til com alta solubilidade, excelente capacidade de tamponamento e estabilidade.","breadcrumb":{"@id":"https:\/\/theo.niranbio.com\/pt-br\/citrato-de-triamonio-grau-alimenticio.html#breadcrumb"},"inLanguage":"pt-BR","potentialAction":[{"@type":"ReadAction","target":["https:\/\/theo.niranbio.com\/pt-br\/citrato-de-triamonio-grau-alimenticio.html"]}]},{"@type":"ImageObject","inLanguage":"pt-BR","@id":"https:\/\/theo.niranbio.com\/pt-br\/citrato-de-triamonio-grau-alimenticio.html#primaryimage","url":"https:\/\/theo.niranbio.com\/wp-content\/uploads\/2024\/06\/Triammonium-Citrate.webp","contentUrl":"https:\/\/theo.niranbio.com\/wp-content\/uploads\/2024\/06\/Triammonium-Citrate.webp","width":600,"height":600,"caption":"Citrato de triam\u00f4nio"},{"@type":"BreadcrumbList","@id":"https:\/\/theo.niranbio.com\/pt-br\/citrato-de-triamonio-grau-alimenticio.html#breadcrumb","itemListElement":[{"@type":"ListItem","position":1,"name":"Home","item":"https:\/\/theo.niranbio.com\/pt-br\/"},{"@type":"ListItem","position":2,"name":"Produtos","item":"https:\/\/theo.niranbio.com\/pt-br\/produtos.html"},{"@type":"ListItem","position":3,"name":"Acidulante","item":"https:\/\/theo.niranbio.com\/pt-br\/produto-acidulante\/"},{"@type":"ListItem","position":4,"name":"Citrato de triam\u00f4nio &#8211; grau aliment\u00edcio"}]},{"@type":"WebSite","@id":"https:\/\/theo.niranbio.com\/pt-br\/#website","url":"https:\/\/theo.niranbio.com\/pt-br\/","name":"Niranbio Chemical","description":"","publisher":{"@id":"https:\/\/theo.niranbio.com\/pt-br\/#organization"},"potentialAction":[{"@type":"SearchAction","target":{"@type":"EntryPoint","urlTemplate":"https:\/\/theo.niranbio.com\/pt-br\/?s={search_term_string}"},"query-input":{"@type":"PropertyValueSpecification","valueRequired":true,"valueName":"search_term_string"}}],"inLanguage":"pt-BR"},{"@type":"Organization","@id":"https:\/\/theo.niranbio.com\/pt-br\/#organization","name":"Niranbio Chemical","url":"https:\/\/theo.niranbio.com\/pt-br\/","logo":{"@type":"ImageObject","inLanguage":"pt-BR","@id":"https:\/\/theo.niranbio.com\/pt-br\/#\/schema\/logo\/image\/","url":"https:\/\/theo.niranbio.com\/wp-content\/uploads\/2024\/06\/Niranbio.png","contentUrl":"https:\/\/theo.niranbio.com\/wp-content\/uploads\/2024\/06\/Niranbio.png","width":270,"height":100,"caption":"Niranbio Chemical"},"image":{"@id":"https:\/\/theo.niranbio.com\/pt-br\/#\/schema\/logo\/image\/"}}]}},"_links":{"self":[{"href":"https:\/\/theo.niranbio.com\/pt-br\/wp-json\/wp\/v2\/product\/8311","targetHints":{"allow":["GET"]}}],"collection":[{"href":"https:\/\/theo.niranbio.com\/pt-br\/wp-json\/wp\/v2\/product"}],"about":[{"href":"https:\/\/theo.niranbio.com\/pt-br\/wp-json\/wp\/v2\/types\/product"}],"version-history":[{"count":0,"href":"https:\/\/theo.niranbio.com\/pt-br\/wp-json\/wp\/v2\/product\/8311\/revisions"}],"wp:featuredmedia":[{"embeddable":true,"href":"https:\/\/theo.niranbio.com\/pt-br\/wp-json\/wp\/v2\/media\/8312"}],"wp:attachment":[{"href":"https:\/\/theo.niranbio.com\/pt-br\/wp-json\/wp\/v2\/media?parent=8311"}],"wp:term":[{"taxonomy":"product_brand","embeddable":true,"href":"https:\/\/theo.niranbio.com\/pt-br\/wp-json\/wp\/v2\/product_brand?post=8311"},{"taxonomy":"product_cat","embeddable":true,"href":"https:\/\/theo.niranbio.com\/pt-br\/wp-json\/wp\/v2\/product_cat?post=8311"},{"taxonomy":"product_tag","embeddable":true,"href":"https:\/\/theo.niranbio.com\/pt-br\/wp-json\/wp\/v2\/product_tag?post=8311"}],"curies":[{"name":"wp","href":"https:\/\/api.w.org\/{rel}","templated":true}]}}