{"id":8308,"date":"2024-06-20T08:54:22","date_gmt":"2024-06-20T00:54:22","guid":{"rendered":"https:\/\/theo.niranbio.com\/citrato-de-magnesio-grau-alimenticio\/"},"modified":"2024-08-16T14:59:36","modified_gmt":"2024-08-16T06:59:36","slug":"citrato-de-magnesio-grau-alimenticio","status":"publish","type":"product","link":"https:\/\/theo.niranbio.com\/pt-br\/citrato-de-magnesio-grau-alimenticio.html","title":{"rendered":"Citrato de magn\u00e9sio &#8211; grau aliment\u00edcio"},"content":{"rendered":"<h2><span class=\"ez-toc-section\" id=\"O_que_e_o_citrato_de_magnesio_de_grau_alimenticio\"><\/span>O que \u00e9 o citrato de magn\u00e9sio de grau aliment\u00edcio?<span class=\"ez-toc-section-end\"><\/span><\/h2>\n<p>O citrato de magn\u00e9sio \u00e9 um composto inorg\u00e2nico, um tipo de citrato, com apar\u00eancia de p\u00f3 cristalino branco e \u00e9 sol\u00favel em \u00e1gua. Tem boa solubilidade e pode ser dissolvido em \u00e1gua para formar uma solu\u00e7\u00e3o. Em altas temperaturas, o citrato de magn\u00e9sio pode se decompor para produzir di\u00f3xido de carbono, \u00e1gua e \u00f3xido de magn\u00e9sio. \u00c9 amplamente utilizado em alimentos, aditivos para ra\u00e7\u00f5es, medicina e outros campos.<\/p>\n<p>O citrato de magn\u00e9sio pode ser obtido usando carbonato de magn\u00e9sio ou \u00f3xido de magn\u00e9sio ou hidr\u00f3xido de magn\u00e9sio como mat\u00e9rias-primas para reagir com \u00e1cido c\u00edtrico comest\u00edvel para obter citrato de magn\u00e9sio e, em seguida, resfriar, cristalizar, lavar com \u00e1gua deionizada quente e secar para obter citrato de magn\u00e9sio.<\/p>\n<h2><span class=\"ez-toc-section\" id=\"Parametros_relacionados\"><\/span>Par\u00e2metros relacionados:<span class=\"ez-toc-section-end\"><\/span><\/h2>\n<table>\n<tbody>\n<tr>\n<td>Itens<\/td>\n<td>Padr\u00f5es<\/td>\n<\/tr>\n<tr>\n<td>Teor de magn\u00e9sio ,w\/%<\/td>\n<td>14.5-16.4<\/td>\n<\/tr>\n<tr>\n<td>Ca ,w\/% \u2264<\/td>\n<td>1<\/td>\n<\/tr>\n<tr>\n<td>Fe ,w\/% \u2264<\/td>\n<td>0.02<\/td>\n<\/tr>\n<tr>\n<td>Como ,w\/% \u2264<\/td>\n<td>0.0003<\/td>\n<\/tr>\n<tr>\n<td>Cloreto ,w\/% \u2264<\/td>\n<td>0.05<\/td>\n<\/tr>\n<tr>\n<td>Metais pesados ,w\/% \u2264<\/td>\n<td>0.005<\/td>\n<\/tr>\n<tr>\n<td>Sulfato ,w\/% \u2264<\/td>\n<td>0.2<\/td>\n<\/tr>\n<tr>\n<td>pH (solu\u00e7\u00e3o a 5%)<\/td>\n<td>5.0-9.0<\/td>\n<\/tr>\n<tr>\n<td>Identifica\u00e7\u00e3o \u2264<\/td>\n<td>Conformidade com o padr\u00e3o<\/td>\n<\/tr>\n<tr>\n<td>Perda na secagem, w\/% \u2264<\/td>\n<td>29.0<\/td>\n<\/tr>\n<\/tbody>\n<\/table>\n<h2><span class=\"ez-toc-section\" id=\"Dosagem_recomendada\"><\/span>Dosagem recomendada<span class=\"ez-toc-section-end\"><\/span><\/h2>\n<table>\n<tbody>\n<tr>\n<td>Bebidas carbonatadas<\/td>\n<td>0,1 &#8211; 0,5 g\/kg<\/td>\n<\/tr>\n<tr>\n<td>Bebidas de frutas<\/td>\n<td>0,1 &#8211; 0,5 g\/kg<\/td>\n<\/tr>\n<tr>\n<td>Bebidas \u00e0 base de ch\u00e1<\/td>\n<td>0,1 &#8211; 0,5 g\/kg<\/td>\n<\/tr>\n<tr>\n<td>Produtos de amido<\/td>\n<td>0,5 &#8211; 5 g\/kg<\/td>\n<\/tr>\n<tr>\n<td>Temperos<\/td>\n<td>0,2 &#8211; 2 g\/kg<\/td>\n<\/tr>\n<tr>\n<td>Produtos l\u00e1cteos<\/td>\n<td>0,1 &#8211; 1 g\/kg<\/td>\n<\/tr>\n<tr>\n<td>Alimentos enlatados<\/td>\n<td>0,2 &#8211; 2 g\/kg<\/td>\n<\/tr>\n<tr>\n<td>Alimentos em conserva<\/td>\n<td>0,1 &#8211; 1 g\/kg<\/td>\n<\/tr>\n<tr>\n<td>Alimentos de panifica\u00e7\u00e3o<\/td>\n<td>0,1 &#8211; 1 g\/kg<\/td>\n<\/tr>\n<tr>\n<td>Produtos c\u00e1rneos<\/td>\n<td>0,1 &#8211; 1 g\/kg<\/td>\n<\/tr>\n<tr>\n<td>Biscoitos<\/td>\n<td>0,1 &#8211; 1 g\/kg<\/td>\n<\/tr>\n<tr>\n<td>Alimentos congelados<\/td>\n<td>0,1 &#8211; 1 g\/kg<\/td>\n<\/tr>\n<tr>\n<td>Alimentos inchados<\/td>\n<td>0,1 &#8211; 1 g\/kg<\/td>\n<\/tr>\n<tr>\n<td>Alimentos processados \u00e0 base de gr\u00e3os<\/td>\n<td>0,5 &#8211; 5 g\/kg<\/td>\n<\/tr>\n<\/tbody>\n<\/table>\n<h2><span class=\"ez-toc-section\" id=\"O_Citrato_de_Magnesio_%E2%80%93_Grau_Alimenticio_tem_uma_ampla_variedade_de_usos\"><\/span>O Citrato de Magn\u00e9sio &#8211; Grau Aliment\u00edcio tem uma ampla variedade de usos<span class=\"ez-toc-section-end\"><\/span><\/h2>\n<ol>\n<li>Melhore a sa\u00fade \u00f3ssea O citrato de magn\u00e9sio pode promover a absor\u00e7\u00e3o de c\u00e1lcio, aumentar a densidade \u00f3ssea e, assim, melhorar a sa\u00fade \u00f3ssea.<\/li>\n<li>Previne a defici\u00eancia de magn\u00e9sio Suplementa o magn\u00e9sio necess\u00e1rio ao corpo humano e previne sintomas causados \u200b\u200bpela defici\u00eancia de magn\u00e9sio, como fadiga e ansiedade.<\/li>\n<li>Alivia a indigest\u00e3o Alivia os sintomas de indigest\u00e3o aumentando a motilidade gastrointestinal e reduzindo a secre\u00e7\u00e3o de suco g\u00e1strico.<\/li>\n<li>Regular a fun\u00e7\u00e3o do sistema nervoso Tem um efeito sedativo e pode efetivamente aliviar a tens\u00e3o nervosa e a ansiedade.<\/li>\n<\/ol>\n<h2><span class=\"ez-toc-section\" id=\"O_usuario_fez_a_seguinte_pergunta\"><\/span>O usu\u00e1rio fez a seguinte pergunta:<span class=\"ez-toc-section-end\"><\/span><\/h2>\n<p><strong>Pergunta: Quais s\u00e3o as fontes naturais de citrato de magn\u00e9sio?<\/strong><\/p>\n<p>Resposta: O magn\u00e9sio \u00e9 um elemento essencial no metabolismo do corpo humano. Magn\u00e9sio e c\u00e1lcio t\u00eam uma rela\u00e7\u00e3o cooperativa. Juntos, eles podem prevenir eficazmente a osteoporose e fortalecer os dentes. O magn\u00e9sio tamb\u00e9m desempenha um papel ben\u00e9fico na circula\u00e7\u00e3o sangu\u00ednea.<\/p>\n<p>\u00c9 indispens\u00e1vel na estrutura da prote\u00edna, manuten\u00e7\u00e3o muscular e composi\u00e7\u00e3o gen\u00e9tica. O consumo regular destes alimentos pode ajudar a suplementar o magn\u00e9sio: uvas, bananas, longans, amoras, t\u00e2maras pretas, laranjas, lim\u00f5es, espinafre, repolho, piment\u00f5es, coentro, cebolas, algas marinhas, sardinhas, etc.<\/p>\n<p><strong>Pergunta: O que deve ser observado ao armazenar citrato de magn\u00e9sio?<\/strong><\/p>\n<p>Resposta: Este produto deve ser selado e \u00e0 prova de luz e armazenado em local seco, fresco e bem ventilado.<\/p>\n","protected":false},"excerpt":{"rendered":"<ul>\n<li>CAS: 7779-25-1<\/li>\n<li>F\u00f3rmula qu\u00edmica: C<sub>12<\/sub>H<sub>10<\/sub>Mg<sub>3<\/sub>O<sub>14<\/sub><\/li>\n<li>Certifica\u00e7\u00f5es: KOSHER, ISO, HALAL, FSSC 22000, BRC, etc.<\/li>\n<li>Quantidade m\u00ednima do pedido: 1000KG<\/li>\n<li>Prazo de validade: 2 anos<\/li>\n<\/ul>\n<div id=\"gtx-trans\" style=\"position: absolute; left: 5px; top: 134.109px;\">\n<div class=\"gtx-trans-icon\"><\/div>\n<\/div>\n","protected":false},"featured_media":8309,"template":"","meta":{"site-sidebar-layout":"default","site-content-layout":"","ast-site-content-layout":"default","site-content-style":"default","site-sidebar-style":"default","ast-global-header-display":"","ast-banner-title-visibility":"","ast-main-header-display":"","ast-hfb-above-header-display":"","ast-hfb-below-header-display":"","ast-hfb-mobile-header-display":"","site-post-title":"","ast-breadcrumbs-content":"","ast-featured-img":"","footer-sml-layout":"","theme-transparent-header-meta":"default","adv-header-id-meta":"","stick-header-meta":"","header-above-stick-meta":"","header-main-stick-meta":"","header-below-stick-meta":"","astra-migrate-meta-layouts":"set","ast-page-background-enabled":"default","ast-page-background-meta":{"desktop":{"background-color":"var(--ast-global-color-4)","background-image":"","background-repeat":"repeat","background-position":"center center","background-size":"auto","background-attachment":"scroll","background-type":"","background-media":"","overlay-type":"","overlay-color":"","overlay-opacity":"","overlay-gradient":""},"tablet":{"background-color":"","background-image":"","background-repeat":"repeat","background-position":"center center","background-size":"auto","background-attachment":"scroll","background-type":"","background-media":"","overlay-type":"","overlay-color":"","overlay-opacity":"","overlay-gradient":""},"mobile":{"background-color":"","background-image":"","background-repeat":"repeat","background-position":"center center","background-size":"auto","background-attachment":"scroll","background-type":"","background-media":"","overlay-type":"","overlay-color":"","overlay-opacity":"","overlay-gradient":""}},"ast-content-background-meta":{"desktop":{"background-color":"var(--ast-global-color-5)","background-image":"","background-repeat":"repeat","background-position":"center center","background-size":"auto","background-attachment":"scroll","background-type":"","background-media":"","overlay-type":"","overlay-color":"","overlay-opacity":"","overlay-gradient":""},"tablet":{"background-color":"var(--ast-global-color-5)","background-image":"","background-repeat":"repeat","background-position":"center center","background-size":"auto","background-attachment":"scroll","background-type":"","background-media":"","overlay-type":"","overlay-color":"","overlay-opacity":"","overlay-gradient":""},"mobile":{"background-color":"var(--ast-global-color-5)","background-image":"","background-repeat":"repeat","background-position":"center center","background-size":"auto","background-attachment":"scroll","background-type":"","background-media":"","overlay-type":"","overlay-color":"","overlay-opacity":"","overlay-gradient":""}}},"product_brand":[],"product_cat":[74],"product_tag":[],"class_list":{"0":"post-8308","1":"product","2":"type-product","3":"status-publish","4":"has-post-thumbnail","6":"product_cat-produto-acidulante","7":"desktop-align-center","8":"tablet-align-left","9":"mobile-align-left","11":"first","12":"instock","13":"shipping-taxable","14":"product-type-simple"},"yoast_head":"<!-- This site is optimized with the Yoast SEO plugin v26.5 - https:\/\/yoast.com\/wordpress\/plugins\/seo\/ -->\n<title>Fornecedor De Citrato De Magnesio Em P\u00f3, E345 Comprar Pre\u00e7o | Niranbio Chemical<\/title>\n<meta name=\"description\" content=\"Nosso p\u00f3 de citrato de magn\u00e9sio (regulador de acidez E345) oferece alta biodisponibilidade, excelente solubilidade e \u00e9 livre de aditivos artificiais.\" \/>\n<meta name=\"robots\" content=\"noindex, follow, max-snippet:-1, max-image-preview:large, max-video-preview:-1\" \/>\n<meta name=\"twitter:label1\" content=\"Est. tempo de leitura\" \/>\n\t<meta name=\"twitter:data1\" content=\"3 minutos\" \/>\n<script type=\"application\/ld+json\" class=\"yoast-schema-graph\">{\"@context\":\"https:\/\/schema.org\",\"@graph\":[{\"@type\":\"WebPage\",\"@id\":\"https:\/\/theo.niranbio.com\/pt-br\/citrato-de-magnesio-grau-alimenticio.html\",\"url\":\"https:\/\/theo.niranbio.com\/pt-br\/citrato-de-magnesio-grau-alimenticio.html\",\"name\":\"Fornecedor De Citrato De Magnesio Em P\u00f3, E345 Comprar Pre\u00e7o | Niranbio Chemical\",\"isPartOf\":{\"@id\":\"https:\/\/theo.niranbio.com\/pt-br\/#website\"},\"primaryImageOfPage\":{\"@id\":\"https:\/\/theo.niranbio.com\/pt-br\/citrato-de-magnesio-grau-alimenticio.html#primaryimage\"},\"image\":{\"@id\":\"https:\/\/theo.niranbio.com\/pt-br\/citrato-de-magnesio-grau-alimenticio.html#primaryimage\"},\"thumbnailUrl\":\"https:\/\/theo.niranbio.com\/wp-content\/uploads\/2024\/06\/Magnesium-Citrate-Food-Grade.webp\",\"datePublished\":\"2024-06-20T00:54:22+00:00\",\"dateModified\":\"2024-08-16T06:59:36+00:00\",\"description\":\"Nosso p\u00f3 de citrato de magn\u00e9sio (regulador de acidez E345) oferece alta biodisponibilidade, excelente solubilidade e \u00e9 livre de aditivos artificiais.\",\"breadcrumb\":{\"@id\":\"https:\/\/theo.niranbio.com\/pt-br\/citrato-de-magnesio-grau-alimenticio.html#breadcrumb\"},\"inLanguage\":\"pt-BR\",\"potentialAction\":[{\"@type\":\"ReadAction\",\"target\":[\"https:\/\/theo.niranbio.com\/pt-br\/citrato-de-magnesio-grau-alimenticio.html\"]}]},{\"@type\":\"ImageObject\",\"inLanguage\":\"pt-BR\",\"@id\":\"https:\/\/theo.niranbio.com\/pt-br\/citrato-de-magnesio-grau-alimenticio.html#primaryimage\",\"url\":\"https:\/\/theo.niranbio.com\/wp-content\/uploads\/2024\/06\/Magnesium-Citrate-Food-Grade.webp\",\"contentUrl\":\"https:\/\/theo.niranbio.com\/wp-content\/uploads\/2024\/06\/Magnesium-Citrate-Food-Grade.webp\",\"width\":600,\"height\":600,\"caption\":\"Citrato de Magn\u00e9sio\"},{\"@type\":\"BreadcrumbList\",\"@id\":\"https:\/\/theo.niranbio.com\/pt-br\/citrato-de-magnesio-grau-alimenticio.html#breadcrumb\",\"itemListElement\":[{\"@type\":\"ListItem\",\"position\":1,\"name\":\"Home\",\"item\":\"https:\/\/theo.niranbio.com\/pt-br\/\"},{\"@type\":\"ListItem\",\"position\":2,\"name\":\"Produtos\",\"item\":\"https:\/\/theo.niranbio.com\/pt-br\/produtos.html\"},{\"@type\":\"ListItem\",\"position\":3,\"name\":\"Acidulante\",\"item\":\"https:\/\/theo.niranbio.com\/pt-br\/produto-acidulante\/\"},{\"@type\":\"ListItem\",\"position\":4,\"name\":\"Citrato de magn\u00e9sio &#8211; grau aliment\u00edcio\"}]},{\"@type\":\"WebSite\",\"@id\":\"https:\/\/theo.niranbio.com\/pt-br\/#website\",\"url\":\"https:\/\/theo.niranbio.com\/pt-br\/\",\"name\":\"Niranbio Chemical\",\"description\":\"\",\"publisher\":{\"@id\":\"https:\/\/theo.niranbio.com\/pt-br\/#organization\"},\"potentialAction\":[{\"@type\":\"SearchAction\",\"target\":{\"@type\":\"EntryPoint\",\"urlTemplate\":\"https:\/\/theo.niranbio.com\/pt-br\/?s={search_term_string}\"},\"query-input\":{\"@type\":\"PropertyValueSpecification\",\"valueRequired\":true,\"valueName\":\"search_term_string\"}}],\"inLanguage\":\"pt-BR\"},{\"@type\":\"Organization\",\"@id\":\"https:\/\/theo.niranbio.com\/pt-br\/#organization\",\"name\":\"Niranbio Chemical\",\"url\":\"https:\/\/theo.niranbio.com\/pt-br\/\",\"logo\":{\"@type\":\"ImageObject\",\"inLanguage\":\"pt-BR\",\"@id\":\"https:\/\/theo.niranbio.com\/pt-br\/#\/schema\/logo\/image\/\",\"url\":\"https:\/\/theo.niranbio.com\/wp-content\/uploads\/2024\/06\/Niranbio.png\",\"contentUrl\":\"https:\/\/theo.niranbio.com\/wp-content\/uploads\/2024\/06\/Niranbio.png\",\"width\":270,\"height\":100,\"caption\":\"Niranbio Chemical\"},\"image\":{\"@id\":\"https:\/\/theo.niranbio.com\/pt-br\/#\/schema\/logo\/image\/\"}}]}<\/script>\n<!-- \/ Yoast SEO plugin. -->","yoast_head_json":{"title":"Fornecedor De Citrato De Magnesio Em P\u00f3, E345 Comprar Pre\u00e7o | Niranbio Chemical","description":"Nosso p\u00f3 de citrato de magn\u00e9sio (regulador de acidez E345) oferece alta biodisponibilidade, excelente solubilidade e \u00e9 livre de aditivos artificiais.","robots":{"index":"noindex","follow":"follow","max-snippet":"max-snippet:-1","max-image-preview":"max-image-preview:large","max-video-preview":"max-video-preview:-1"},"twitter_misc":{"Est. tempo de leitura":"3 minutos"},"schema":{"@context":"https:\/\/schema.org","@graph":[{"@type":"WebPage","@id":"https:\/\/theo.niranbio.com\/pt-br\/citrato-de-magnesio-grau-alimenticio.html","url":"https:\/\/theo.niranbio.com\/pt-br\/citrato-de-magnesio-grau-alimenticio.html","name":"Fornecedor De Citrato De Magnesio Em P\u00f3, E345 Comprar Pre\u00e7o | Niranbio Chemical","isPartOf":{"@id":"https:\/\/theo.niranbio.com\/pt-br\/#website"},"primaryImageOfPage":{"@id":"https:\/\/theo.niranbio.com\/pt-br\/citrato-de-magnesio-grau-alimenticio.html#primaryimage"},"image":{"@id":"https:\/\/theo.niranbio.com\/pt-br\/citrato-de-magnesio-grau-alimenticio.html#primaryimage"},"thumbnailUrl":"https:\/\/theo.niranbio.com\/wp-content\/uploads\/2024\/06\/Magnesium-Citrate-Food-Grade.webp","datePublished":"2024-06-20T00:54:22+00:00","dateModified":"2024-08-16T06:59:36+00:00","description":"Nosso p\u00f3 de citrato de magn\u00e9sio (regulador de acidez E345) oferece alta biodisponibilidade, excelente solubilidade e \u00e9 livre de aditivos artificiais.","breadcrumb":{"@id":"https:\/\/theo.niranbio.com\/pt-br\/citrato-de-magnesio-grau-alimenticio.html#breadcrumb"},"inLanguage":"pt-BR","potentialAction":[{"@type":"ReadAction","target":["https:\/\/theo.niranbio.com\/pt-br\/citrato-de-magnesio-grau-alimenticio.html"]}]},{"@type":"ImageObject","inLanguage":"pt-BR","@id":"https:\/\/theo.niranbio.com\/pt-br\/citrato-de-magnesio-grau-alimenticio.html#primaryimage","url":"https:\/\/theo.niranbio.com\/wp-content\/uploads\/2024\/06\/Magnesium-Citrate-Food-Grade.webp","contentUrl":"https:\/\/theo.niranbio.com\/wp-content\/uploads\/2024\/06\/Magnesium-Citrate-Food-Grade.webp","width":600,"height":600,"caption":"Citrato de Magn\u00e9sio"},{"@type":"BreadcrumbList","@id":"https:\/\/theo.niranbio.com\/pt-br\/citrato-de-magnesio-grau-alimenticio.html#breadcrumb","itemListElement":[{"@type":"ListItem","position":1,"name":"Home","item":"https:\/\/theo.niranbio.com\/pt-br\/"},{"@type":"ListItem","position":2,"name":"Produtos","item":"https:\/\/theo.niranbio.com\/pt-br\/produtos.html"},{"@type":"ListItem","position":3,"name":"Acidulante","item":"https:\/\/theo.niranbio.com\/pt-br\/produto-acidulante\/"},{"@type":"ListItem","position":4,"name":"Citrato de magn\u00e9sio &#8211; grau aliment\u00edcio"}]},{"@type":"WebSite","@id":"https:\/\/theo.niranbio.com\/pt-br\/#website","url":"https:\/\/theo.niranbio.com\/pt-br\/","name":"Niranbio Chemical","description":"","publisher":{"@id":"https:\/\/theo.niranbio.com\/pt-br\/#organization"},"potentialAction":[{"@type":"SearchAction","target":{"@type":"EntryPoint","urlTemplate":"https:\/\/theo.niranbio.com\/pt-br\/?s={search_term_string}"},"query-input":{"@type":"PropertyValueSpecification","valueRequired":true,"valueName":"search_term_string"}}],"inLanguage":"pt-BR"},{"@type":"Organization","@id":"https:\/\/theo.niranbio.com\/pt-br\/#organization","name":"Niranbio Chemical","url":"https:\/\/theo.niranbio.com\/pt-br\/","logo":{"@type":"ImageObject","inLanguage":"pt-BR","@id":"https:\/\/theo.niranbio.com\/pt-br\/#\/schema\/logo\/image\/","url":"https:\/\/theo.niranbio.com\/wp-content\/uploads\/2024\/06\/Niranbio.png","contentUrl":"https:\/\/theo.niranbio.com\/wp-content\/uploads\/2024\/06\/Niranbio.png","width":270,"height":100,"caption":"Niranbio Chemical"},"image":{"@id":"https:\/\/theo.niranbio.com\/pt-br\/#\/schema\/logo\/image\/"}}]}},"_links":{"self":[{"href":"https:\/\/theo.niranbio.com\/pt-br\/wp-json\/wp\/v2\/product\/8308","targetHints":{"allow":["GET"]}}],"collection":[{"href":"https:\/\/theo.niranbio.com\/pt-br\/wp-json\/wp\/v2\/product"}],"about":[{"href":"https:\/\/theo.niranbio.com\/pt-br\/wp-json\/wp\/v2\/types\/product"}],"version-history":[{"count":0,"href":"https:\/\/theo.niranbio.com\/pt-br\/wp-json\/wp\/v2\/product\/8308\/revisions"}],"wp:featuredmedia":[{"embeddable":true,"href":"https:\/\/theo.niranbio.com\/pt-br\/wp-json\/wp\/v2\/media\/8309"}],"wp:attachment":[{"href":"https:\/\/theo.niranbio.com\/pt-br\/wp-json\/wp\/v2\/media?parent=8308"}],"wp:term":[{"taxonomy":"product_brand","embeddable":true,"href":"https:\/\/theo.niranbio.com\/pt-br\/wp-json\/wp\/v2\/product_brand?post=8308"},{"taxonomy":"product_cat","embeddable":true,"href":"https:\/\/theo.niranbio.com\/pt-br\/wp-json\/wp\/v2\/product_cat?post=8308"},{"taxonomy":"product_tag","embeddable":true,"href":"https:\/\/theo.niranbio.com\/pt-br\/wp-json\/wp\/v2\/product_tag?post=8308"}],"curies":[{"name":"wp","href":"https:\/\/api.w.org\/{rel}","templated":true}]}}