{"id":8305,"date":"2024-06-20T08:56:57","date_gmt":"2024-06-20T00:56:57","guid":{"rendered":"https:\/\/theo.niranbio.com\/citrato-tricalcico-tetra-hidratado\/"},"modified":"2024-08-16T14:38:09","modified_gmt":"2024-08-16T06:38:09","slug":"citrato-tricalcico-tetra-hidratado","status":"publish","type":"product","link":"https:\/\/theo.niranbio.com\/pt-br\/citrato-tricalcico-tetra-hidratado.html","title":{"rendered":"Citrato de c\u00e1lcio &#8211; grau aliment\u00edcio"},"content":{"rendered":"<h2><span class=\"ez-toc-section\" id=\"O_que_e_citrato_de_calcio\"><\/span>O que \u00e9 citrato de c\u00e1lcio?<span class=\"ez-toc-section-end\"><\/span><\/h2>\n<p>O citrato de c\u00e1lcio, tamb\u00e9m conhecido como citrato tric\u00e1lcico tetraidratado, \u00e9 um citrato com boa biocompatibilidade. Ele aparece como cristais brancos ou p\u00f3, n\u00e3o tem odor irritante e \u00e9 ligeiramente sol\u00favel em \u00e1gua. Como um aditivo alimentar comum, \u00e9 amplamente utilizado na vida. A \u00e1gua cristalina perde \u00e1gua gradualmente quando aquecida a 100 \u00b0C e perde \u00e1gua completamente a 120 \u00b0C.<\/p>\n<p>O citrato de c\u00e1lcio \u00e9 feito neutralizando a solu\u00e7\u00e3o de \u00e1cido c\u00edtrico com leite de cal, filtrando, lavando e secando para obter o produto final. Cascas de ovos tamb\u00e9m podem ser usadas como mat\u00e9rias-primas, que s\u00e3o lavadas, trituradas e calcinadas para fazer leite de cal, depois neutralizadas com uma solu\u00e7\u00e3o de \u00e1cido c\u00edtrico e depois filtradas, lavadas e secas para obter o produto final.<\/p>\n<h2><span class=\"ez-toc-section\" id=\"Parametros_relacionados\"><\/span>Par\u00e2metros relacionados:<span class=\"ez-toc-section-end\"><\/span><\/h2>\n<table>\n<tbody>\n<tr>\n<td>Item<\/td>\n<td>Padr\u00e3o<\/td>\n<\/tr>\n<tr>\n<td>Conte\u00fado (Ca3(C6H5O7), em base seca), w\/%<\/td>\n<td>98.0-100.5<\/td>\n<\/tr>\n<tr>\n<td>Pb ,mg\/kg \u2264<\/td>\n<td>2<\/td>\n<\/tr>\n<tr>\n<td>Como ,w\/% \u2264<\/td>\n<td>0.0003<\/td>\n<\/tr>\n<tr>\n<td>Fluoreto ,w\/% \u2264<\/td>\n<td>0.003<\/td>\n<\/tr>\n<tr>\n<td>Metais pesados ,w\/% \u2264<\/td>\n<td>0.002<\/td>\n<\/tr>\n<tr>\n<td>Lodo para \u00e1cido clor\u00eddrico, w\/% \u2264<\/td>\n<td>0.2<\/td>\n<\/tr>\n<tr>\n<td>Perda na secagem, w\/% \u2264<\/td>\n<td>10.0-13.3<\/td>\n<\/tr>\n<tr>\n<td>Teste de clareza<\/td>\n<td>Passar no teste<\/td>\n<\/tr>\n<\/tbody>\n<\/table>\n<h2><span class=\"ez-toc-section\" id=\"Dosagem_recomendada\"><\/span>Dosagem recomendada:<span class=\"ez-toc-section-end\"><\/span><\/h2>\n<table>\n<tbody>\n<tr>\n<td>Nome do alimento<\/td>\n<td>Uso m\u00e1ximo (g\/kg)<\/td>\n<\/tr>\n<tr>\n<td>Sucos e bebidas<\/td>\n<td>2-5g\/kg<\/td>\n<\/tr>\n<tr>\n<td>Geleia e compota<\/td>\n<td>3-6g\/kg<\/td>\n<\/tr>\n<tr>\n<td>Iogurte e produtos l\u00e1cteos fermentados<\/td>\n<td>1-2g\/kg<\/td>\n<\/tr>\n<tr>\n<td>Queijo e leite em p\u00f3<\/td>\n<td>1-3g\/kg<\/td>\n<\/tr>\n<tr>\n<td>P\u00e3o e produtos de panifica\u00e7\u00e3o<\/td>\n<td>1-3g\/kg<\/td>\n<\/tr>\n<tr>\n<td>Bolos e biscoitos<\/td>\n<td>1-4g\/kg<\/td>\n<\/tr>\n<\/tbody>\n<\/table>\n<p>O citrato tric\u00e1lcico \u00e9 usado como um tipo de melhorador nutricional em produtos aliment\u00edcios e como suplemento de c\u00e1lcio em medicamentos.<\/p>\n<h2><span class=\"ez-toc-section\" id=\"O_citrato_de_calcio_tem_uma_ampla_gama_de_usos\"><\/span>O citrato de c\u00e1lcio tem uma ampla gama de usos<span class=\"ez-toc-section-end\"><\/span><\/h2>\n<h3><span class=\"ez-toc-section\" id=\"1_Suplemento_nutricional\"><\/span>1. Suplemento nutricional<span class=\"ez-toc-section-end\"><\/span><\/h3>\n<p>\u00c9 rico em c\u00e1lcio e vitamina C, que podem fornecer ao corpo os nutrientes necess\u00e1rios para manter o funcionamento normal do corpo.<\/p>\n<h3><span class=\"ez-toc-section\" id=\"2_Aliviar_caibras_musculares\"><\/span>2. Aliviar c\u00e3ibras musculares<span class=\"ez-toc-section-end\"><\/span><\/h3>\n<p>A defici\u00eancia de c\u00e1lcio pode causar c\u00e3ibras musculares. Os comprimidos de citrato de c\u00e1lcio podem ajudar a aliviar esse sintoma e s\u00e3o adequados para pacientes com c\u00e3ibras nas m\u00e3os e nos p\u00e9s.<\/p>\n<h3><span class=\"ez-toc-section\" id=\"3_Apoiar_a_saude_bucal\"><\/span>3. Apoiar a sa\u00fade bucal<span class=\"ez-toc-section-end\"><\/span><\/h3>\n<p>C\u00e1lcio suficiente ajuda a manter a for\u00e7a e a sa\u00fade dos dentes e previne problemas como c\u00e1ries e doen\u00e7a periodontal.<\/p>\n<h3><span class=\"ez-toc-section\" id=\"4_Manter_a_saude_dos_ossos\"><\/span>4. Manter a sa\u00fade dos ossos<span class=\"ez-toc-section-end\"><\/span><\/h3>\n<p>O citrato de c\u00e1lcio ajuda a manter a estrutura e a fun\u00e7\u00e3o normais dos ossos e previne osteoporose e fraturas.<\/p>\n<h3><span class=\"ez-toc-section\" id=\"5_Melhorar_a_funcao_digestiva\"><\/span>5. Melhorar a fun\u00e7\u00e3o digestiva<span class=\"ez-toc-section-end\"><\/span><\/h3>\n<p>O citrato de c\u00e1lcio ajuda a melhorar a fun\u00e7\u00e3o digestiva e \u00e9 adequado para pessoas com indigest\u00e3o.<\/p>\n<h2><span class=\"ez-toc-section\" id=\"O_usuario_fez_a_seguinte_pergunta\"><\/span>O usu\u00e1rio fez a seguinte pergunta:<span class=\"ez-toc-section-end\"><\/span><\/h2>\n<p><strong>Pergunta: Citrato de c\u00e1lcio e carbonato de c\u00e1lcio s\u00e3o a mesma subst\u00e2ncia? Se n\u00e3o, qual \u00e9 a diferen\u00e7a? <\/strong><\/p>\n<p>Resposta: 1. Conte\u00fado de c\u00e1lcio: O citrato de c\u00e1lcio cont\u00e9m menos c\u00e1lcio e precisa ser tomado em grandes quantidades para atingir o prop\u00f3sito da suplementa\u00e7\u00e3o de c\u00e1lcio; o carbonato de c\u00e1lcio cont\u00e9m mais c\u00e1lcio e pode atingir o prop\u00f3sito da suplementa\u00e7\u00e3o de c\u00e1lcio tomando uma quantidade apropriada.<\/p>\n<p>2. Absor\u00e7\u00e3o: O citrato de c\u00e1lcio pode ser dissolvido em \u00e1gua e \u00e9 f\u00e1cil de ser absorvido pelo est\u00f4mago e intestinos; o carbonato de c\u00e1lcio tem baixa solubilidade em \u00e1gua e \u00e9 dif\u00edcil de ser absorvido pelo est\u00f4mago e intestinos.<\/p>\n<p>3. Popula\u00e7\u00e3o aplic\u00e1vel: Como o carbonato de c\u00e1lcio cont\u00e9m mais c\u00e1lcio, \u00e9 adequado para pessoas com defici\u00eancia grave de c\u00e1lcio e osteoporose; o citrato de c\u00e1lcio \u00e9 adequado para crian\u00e7as, mulheres gr\u00e1vidas e outras pessoas, e tamb\u00e9m para pessoas com doen\u00e7as gastrointestinais.<\/p>\n<p>4. Efeitos colaterais: Como o citrato de c\u00e1lcio \u00e9 mais f\u00e1cil de absorver, ele n\u00e3o irrita o est\u00f4mago e os intestinos; O carbonato de c\u00e1lcio \u00e9 mais dif\u00edcil de absorver e requer muito \u00e1cido g\u00e1strico para se decompor, o que pode causar distens\u00e3o abdominal e indigest\u00e3o.<\/p>\n<p><strong>Pergunta: Quais alimentos podem dificultar a absor\u00e7\u00e3o de c\u00e1lcio?<\/strong><\/p>\n<p>Resposta: Quais alimentos afetam a absor\u00e7\u00e3o de c\u00e1lcio variam de pessoa para pessoa e geralmente dependem se voc\u00ea consome alimentos ricos em oxalato, alimentos ricos em gordura, alimentos ricos em \u00e1cido t\u00e2nico, alimentos ricos em fosfatos e bebidas com cafe\u00edna. Deve-se notar que esses alimentos podem afetar a absor\u00e7\u00e3o de c\u00e1lcio do corpo, mas fundamentalmente, eles n\u00e3o t\u00eam efeito terap\u00eautico.<\/p>\n<div id=\"gtx-trans\" style=\"position: absolute; left: 531px; top: 89.5156px;\">\n<div class=\"gtx-trans-icon\"><\/div>\n<\/div>\n","protected":false},"excerpt":{"rendered":"<ul>\n<li>CAS: 5785-44-4<\/li>\n<li>F\u00f3rmula qu\u00edmica: <sub>C12H18Ca3O18<\/sub><\/li>\n<li>Certifica\u00e7\u00f5es: KOSHER, ISO, HALAL, FSSC 22000, BRC, etc.<\/li>\n<li>Padr\u00e3o: BP\/USP\/EP\/FCC\/E333<\/li>\n<li>Quantidade m\u00ednima do pedido: 1000KG<\/li>\n<li>Vida \u00fatil: 3 anos<\/li>\n<\/ul>\n","protected":false},"featured_media":8306,"template":"","meta":{"site-sidebar-layout":"default","site-content-layout":"","ast-site-content-layout":"default","site-content-style":"default","site-sidebar-style":"default","ast-global-header-display":"","ast-banner-title-visibility":"","ast-main-header-display":"","ast-hfb-above-header-display":"","ast-hfb-below-header-display":"","ast-hfb-mobile-header-display":"","site-post-title":"","ast-breadcrumbs-content":"","ast-featured-img":"","footer-sml-layout":"","theme-transparent-header-meta":"default","adv-header-id-meta":"","stick-header-meta":"","header-above-stick-meta":"","header-main-stick-meta":"","header-below-stick-meta":"","astra-migrate-meta-layouts":"set","ast-page-background-enabled":"default","ast-page-background-meta":{"desktop":{"background-color":"var(--ast-global-color-4)","background-image":"","background-repeat":"repeat","background-position":"center center","background-size":"auto","background-attachment":"scroll","background-type":"","background-media":"","overlay-type":"","overlay-color":"","overlay-opacity":"","overlay-gradient":""},"tablet":{"background-color":"","background-image":"","background-repeat":"repeat","background-position":"center center","background-size":"auto","background-attachment":"scroll","background-type":"","background-media":"","overlay-type":"","overlay-color":"","overlay-opacity":"","overlay-gradient":""},"mobile":{"background-color":"","background-image":"","background-repeat":"repeat","background-position":"center center","background-size":"auto","background-attachment":"scroll","background-type":"","background-media":"","overlay-type":"","overlay-color":"","overlay-opacity":"","overlay-gradient":""}},"ast-content-background-meta":{"desktop":{"background-color":"var(--ast-global-color-5)","background-image":"","background-repeat":"repeat","background-position":"center center","background-size":"auto","background-attachment":"scroll","background-type":"","background-media":"","overlay-type":"","overlay-color":"","overlay-opacity":"","overlay-gradient":""},"tablet":{"background-color":"var(--ast-global-color-5)","background-image":"","background-repeat":"repeat","background-position":"center center","background-size":"auto","background-attachment":"scroll","background-type":"","background-media":"","overlay-type":"","overlay-color":"","overlay-opacity":"","overlay-gradient":""},"mobile":{"background-color":"var(--ast-global-color-5)","background-image":"","background-repeat":"repeat","background-position":"center center","background-size":"auto","background-attachment":"scroll","background-type":"","background-media":"","overlay-type":"","overlay-color":"","overlay-opacity":"","overlay-gradient":""}}},"product_brand":[],"product_cat":[74],"product_tag":[],"class_list":{"0":"post-8305","1":"product","2":"type-product","3":"status-publish","4":"has-post-thumbnail","6":"product_cat-produto-acidulante","7":"desktop-align-center","8":"tablet-align-left","9":"mobile-align-left","11":"first","12":"instock","13":"shipping-taxable","14":"product-type-simple"},"yoast_head":"<!-- This site is optimized with the Yoast SEO plugin v26.5 - https:\/\/yoast.com\/wordpress\/plugins\/seo\/ -->\n<title>Fornecedor De Citrato De C\u00e1lcio, E333 Pre\u00e7o | Niranbio Chemical<\/title>\n<meta name=\"description\" content=\"O citrato tric\u00e1lcico tetra-hidratado (regulador de acidez E333) oferece excelente biodisponibilidade, alto teor de c\u00e1lcio e baixa solubilidade, \u00e9 est\u00e1vel, n\u00e3o t\u00f3xico e tem sabor neutro.\" \/>\n<meta name=\"robots\" content=\"noindex, follow, max-snippet:-1, max-image-preview:large, max-video-preview:-1\" \/>\n<meta name=\"twitter:label1\" content=\"Est. tempo de leitura\" \/>\n\t<meta name=\"twitter:data1\" content=\"4 minutos\" \/>\n<script type=\"application\/ld+json\" class=\"yoast-schema-graph\">{\"@context\":\"https:\/\/schema.org\",\"@graph\":[{\"@type\":\"WebPage\",\"@id\":\"https:\/\/theo.niranbio.com\/pt-br\/citrato-tricalcico-tetra-hidratado.html\",\"url\":\"https:\/\/theo.niranbio.com\/pt-br\/citrato-tricalcico-tetra-hidratado.html\",\"name\":\"Fornecedor De Citrato De C\u00e1lcio, E333 Pre\u00e7o | Niranbio Chemical\",\"isPartOf\":{\"@id\":\"https:\/\/theo.niranbio.com\/pt-br\/#website\"},\"primaryImageOfPage\":{\"@id\":\"https:\/\/theo.niranbio.com\/pt-br\/citrato-tricalcico-tetra-hidratado.html#primaryimage\"},\"image\":{\"@id\":\"https:\/\/theo.niranbio.com\/pt-br\/citrato-tricalcico-tetra-hidratado.html#primaryimage\"},\"thumbnailUrl\":\"https:\/\/theo.niranbio.com\/wp-content\/uploads\/2024\/06\/Calcium-Citrate-Food-Grad.webp\",\"datePublished\":\"2024-06-20T00:56:57+00:00\",\"dateModified\":\"2024-08-16T06:38:09+00:00\",\"description\":\"O citrato tric\u00e1lcico tetra-hidratado (regulador de acidez E333) oferece excelente biodisponibilidade, alto teor de c\u00e1lcio e baixa solubilidade, \u00e9 est\u00e1vel, n\u00e3o t\u00f3xico e tem sabor neutro.\",\"breadcrumb\":{\"@id\":\"https:\/\/theo.niranbio.com\/pt-br\/citrato-tricalcico-tetra-hidratado.html#breadcrumb\"},\"inLanguage\":\"pt-BR\",\"potentialAction\":[{\"@type\":\"ReadAction\",\"target\":[\"https:\/\/theo.niranbio.com\/pt-br\/citrato-tricalcico-tetra-hidratado.html\"]}]},{\"@type\":\"ImageObject\",\"inLanguage\":\"pt-BR\",\"@id\":\"https:\/\/theo.niranbio.com\/pt-br\/citrato-tricalcico-tetra-hidratado.html#primaryimage\",\"url\":\"https:\/\/theo.niranbio.com\/wp-content\/uploads\/2024\/06\/Calcium-Citrate-Food-Grad.webp\",\"contentUrl\":\"https:\/\/theo.niranbio.com\/wp-content\/uploads\/2024\/06\/Calcium-Citrate-Food-Grad.webp\",\"width\":600,\"height\":600,\"caption\":\"Citrate de calcium\"},{\"@type\":\"BreadcrumbList\",\"@id\":\"https:\/\/theo.niranbio.com\/pt-br\/citrato-tricalcico-tetra-hidratado.html#breadcrumb\",\"itemListElement\":[{\"@type\":\"ListItem\",\"position\":1,\"name\":\"Home\",\"item\":\"https:\/\/theo.niranbio.com\/pt-br\/\"},{\"@type\":\"ListItem\",\"position\":2,\"name\":\"Produtos\",\"item\":\"https:\/\/theo.niranbio.com\/pt-br\/produtos.html\"},{\"@type\":\"ListItem\",\"position\":3,\"name\":\"Acidulante\",\"item\":\"https:\/\/theo.niranbio.com\/pt-br\/produto-acidulante\/\"},{\"@type\":\"ListItem\",\"position\":4,\"name\":\"Citrato de c\u00e1lcio &#8211; grau aliment\u00edcio\"}]},{\"@type\":\"WebSite\",\"@id\":\"https:\/\/theo.niranbio.com\/pt-br\/#website\",\"url\":\"https:\/\/theo.niranbio.com\/pt-br\/\",\"name\":\"Niranbio Chemical\",\"description\":\"\",\"publisher\":{\"@id\":\"https:\/\/theo.niranbio.com\/pt-br\/#organization\"},\"potentialAction\":[{\"@type\":\"SearchAction\",\"target\":{\"@type\":\"EntryPoint\",\"urlTemplate\":\"https:\/\/theo.niranbio.com\/pt-br\/?s={search_term_string}\"},\"query-input\":{\"@type\":\"PropertyValueSpecification\",\"valueRequired\":true,\"valueName\":\"search_term_string\"}}],\"inLanguage\":\"pt-BR\"},{\"@type\":\"Organization\",\"@id\":\"https:\/\/theo.niranbio.com\/pt-br\/#organization\",\"name\":\"Niranbio Chemical\",\"url\":\"https:\/\/theo.niranbio.com\/pt-br\/\",\"logo\":{\"@type\":\"ImageObject\",\"inLanguage\":\"pt-BR\",\"@id\":\"https:\/\/theo.niranbio.com\/pt-br\/#\/schema\/logo\/image\/\",\"url\":\"https:\/\/theo.niranbio.com\/wp-content\/uploads\/2024\/06\/Niranbio.png\",\"contentUrl\":\"https:\/\/theo.niranbio.com\/wp-content\/uploads\/2024\/06\/Niranbio.png\",\"width\":270,\"height\":100,\"caption\":\"Niranbio Chemical\"},\"image\":{\"@id\":\"https:\/\/theo.niranbio.com\/pt-br\/#\/schema\/logo\/image\/\"}}]}<\/script>\n<!-- \/ Yoast SEO plugin. -->","yoast_head_json":{"title":"Fornecedor De Citrato De C\u00e1lcio, E333 Pre\u00e7o | Niranbio Chemical","description":"O citrato tric\u00e1lcico tetra-hidratado (regulador de acidez E333) oferece excelente biodisponibilidade, alto teor de c\u00e1lcio e baixa solubilidade, \u00e9 est\u00e1vel, n\u00e3o t\u00f3xico e tem sabor neutro.","robots":{"index":"noindex","follow":"follow","max-snippet":"max-snippet:-1","max-image-preview":"max-image-preview:large","max-video-preview":"max-video-preview:-1"},"twitter_misc":{"Est. tempo de leitura":"4 minutos"},"schema":{"@context":"https:\/\/schema.org","@graph":[{"@type":"WebPage","@id":"https:\/\/theo.niranbio.com\/pt-br\/citrato-tricalcico-tetra-hidratado.html","url":"https:\/\/theo.niranbio.com\/pt-br\/citrato-tricalcico-tetra-hidratado.html","name":"Fornecedor De Citrato De C\u00e1lcio, E333 Pre\u00e7o | Niranbio Chemical","isPartOf":{"@id":"https:\/\/theo.niranbio.com\/pt-br\/#website"},"primaryImageOfPage":{"@id":"https:\/\/theo.niranbio.com\/pt-br\/citrato-tricalcico-tetra-hidratado.html#primaryimage"},"image":{"@id":"https:\/\/theo.niranbio.com\/pt-br\/citrato-tricalcico-tetra-hidratado.html#primaryimage"},"thumbnailUrl":"https:\/\/theo.niranbio.com\/wp-content\/uploads\/2024\/06\/Calcium-Citrate-Food-Grad.webp","datePublished":"2024-06-20T00:56:57+00:00","dateModified":"2024-08-16T06:38:09+00:00","description":"O citrato tric\u00e1lcico tetra-hidratado (regulador de acidez E333) oferece excelente biodisponibilidade, alto teor de c\u00e1lcio e baixa solubilidade, \u00e9 est\u00e1vel, n\u00e3o t\u00f3xico e tem sabor neutro.","breadcrumb":{"@id":"https:\/\/theo.niranbio.com\/pt-br\/citrato-tricalcico-tetra-hidratado.html#breadcrumb"},"inLanguage":"pt-BR","potentialAction":[{"@type":"ReadAction","target":["https:\/\/theo.niranbio.com\/pt-br\/citrato-tricalcico-tetra-hidratado.html"]}]},{"@type":"ImageObject","inLanguage":"pt-BR","@id":"https:\/\/theo.niranbio.com\/pt-br\/citrato-tricalcico-tetra-hidratado.html#primaryimage","url":"https:\/\/theo.niranbio.com\/wp-content\/uploads\/2024\/06\/Calcium-Citrate-Food-Grad.webp","contentUrl":"https:\/\/theo.niranbio.com\/wp-content\/uploads\/2024\/06\/Calcium-Citrate-Food-Grad.webp","width":600,"height":600,"caption":"Citrate de calcium"},{"@type":"BreadcrumbList","@id":"https:\/\/theo.niranbio.com\/pt-br\/citrato-tricalcico-tetra-hidratado.html#breadcrumb","itemListElement":[{"@type":"ListItem","position":1,"name":"Home","item":"https:\/\/theo.niranbio.com\/pt-br\/"},{"@type":"ListItem","position":2,"name":"Produtos","item":"https:\/\/theo.niranbio.com\/pt-br\/produtos.html"},{"@type":"ListItem","position":3,"name":"Acidulante","item":"https:\/\/theo.niranbio.com\/pt-br\/produto-acidulante\/"},{"@type":"ListItem","position":4,"name":"Citrato de c\u00e1lcio &#8211; grau aliment\u00edcio"}]},{"@type":"WebSite","@id":"https:\/\/theo.niranbio.com\/pt-br\/#website","url":"https:\/\/theo.niranbio.com\/pt-br\/","name":"Niranbio Chemical","description":"","publisher":{"@id":"https:\/\/theo.niranbio.com\/pt-br\/#organization"},"potentialAction":[{"@type":"SearchAction","target":{"@type":"EntryPoint","urlTemplate":"https:\/\/theo.niranbio.com\/pt-br\/?s={search_term_string}"},"query-input":{"@type":"PropertyValueSpecification","valueRequired":true,"valueName":"search_term_string"}}],"inLanguage":"pt-BR"},{"@type":"Organization","@id":"https:\/\/theo.niranbio.com\/pt-br\/#organization","name":"Niranbio Chemical","url":"https:\/\/theo.niranbio.com\/pt-br\/","logo":{"@type":"ImageObject","inLanguage":"pt-BR","@id":"https:\/\/theo.niranbio.com\/pt-br\/#\/schema\/logo\/image\/","url":"https:\/\/theo.niranbio.com\/wp-content\/uploads\/2024\/06\/Niranbio.png","contentUrl":"https:\/\/theo.niranbio.com\/wp-content\/uploads\/2024\/06\/Niranbio.png","width":270,"height":100,"caption":"Niranbio Chemical"},"image":{"@id":"https:\/\/theo.niranbio.com\/pt-br\/#\/schema\/logo\/image\/"}}]}},"_links":{"self":[{"href":"https:\/\/theo.niranbio.com\/pt-br\/wp-json\/wp\/v2\/product\/8305","targetHints":{"allow":["GET"]}}],"collection":[{"href":"https:\/\/theo.niranbio.com\/pt-br\/wp-json\/wp\/v2\/product"}],"about":[{"href":"https:\/\/theo.niranbio.com\/pt-br\/wp-json\/wp\/v2\/types\/product"}],"version-history":[{"count":0,"href":"https:\/\/theo.niranbio.com\/pt-br\/wp-json\/wp\/v2\/product\/8305\/revisions"}],"wp:featuredmedia":[{"embeddable":true,"href":"https:\/\/theo.niranbio.com\/pt-br\/wp-json\/wp\/v2\/media\/8306"}],"wp:attachment":[{"href":"https:\/\/theo.niranbio.com\/pt-br\/wp-json\/wp\/v2\/media?parent=8305"}],"wp:term":[{"taxonomy":"product_brand","embeddable":true,"href":"https:\/\/theo.niranbio.com\/pt-br\/wp-json\/wp\/v2\/product_brand?post=8305"},{"taxonomy":"product_cat","embeddable":true,"href":"https:\/\/theo.niranbio.com\/pt-br\/wp-json\/wp\/v2\/product_cat?post=8305"},{"taxonomy":"product_tag","embeddable":true,"href":"https:\/\/theo.niranbio.com\/pt-br\/wp-json\/wp\/v2\/product_tag?post=8305"}],"curies":[{"name":"wp","href":"https:\/\/api.w.org\/{rel}","templated":true}]}}