{"id":8302,"date":"2024-06-20T08:57:39","date_gmt":"2024-06-20T00:57:39","guid":{"rendered":"https:\/\/theo.niranbio.com\/citrato-de-potassio\/"},"modified":"2024-08-16T14:29:55","modified_gmt":"2024-08-16T06:29:55","slug":"citrato-de-potassio","status":"publish","type":"product","link":"https:\/\/theo.niranbio.com\/pt-br\/citrato-de-potassio.html","title":{"rendered":"Citrato de pot\u00e1ssio"},"content":{"rendered":"<h2><span class=\"ez-toc-section\" id=\"O_que_e_citrato_de_potassio\"><\/span>O que \u00e9 citrato de pot\u00e1ssio?<span class=\"ez-toc-section-end\"><\/span><\/h2>\n<p>Citrato de pot\u00e1ssio \u00e9 um composto org\u00e2nico que aparece como um p\u00f3 cristalino branco. \u00c9 facilmente sol\u00favel em \u00e1gua e glicerol, mas insol\u00favel em etanol. O citrato de pot\u00e1ssio \u00e9 usado principalmente como conservante, estabilizador e tamp\u00e3o de pH, e \u00e9 amplamente utilizado em produtos industriais e aditivos alimentares.<\/p>\n<p>Al\u00e9m disso, o citrato de pot\u00e1ssio tamb\u00e9m \u00e9 uma subst\u00e2ncia importante na \u00e1rea m\u00e9dica. \u00c9 classificado como um suplemento mineral e pode ser usado para controlar c\u00e1lculos renais, \u00e1cido \u00farico ou doen\u00e7as relacionadas \u00e0 cistina, bem como para prevenir e tratar hipocalemia e alcalinizar a urina.<\/p>\n<p>As principais mat\u00e9rias-primas do Citrato de Pot\u00e1ssio s\u00e3o amido de milho, di-hidrogenofosfato de pot\u00e1ssio, \u00e1cido c\u00edtrico e bact\u00e9rias de fermenta\u00e7\u00e3o. Entre eles, o amido de milho fornece uma fonte de carbono para o crescimento da fermenta\u00e7\u00e3o, o di-hidrogenofosfato de pot\u00e1ssio \u00e9 usado para ajustar o valor do pH do processo de fermenta\u00e7\u00e3o e o \u00e1cido c\u00edtrico \u00e9 um produto de fermenta\u00e7\u00e3o; e o produto \u00e9 produzido por meio de fermenta\u00e7\u00e3o, separa\u00e7\u00e3o, descolora\u00e7\u00e3o, concentra\u00e7\u00e3o, cristaliza\u00e7\u00e3o e outros meios de processo.<\/p>\n<h2><span class=\"ez-toc-section\" id=\"Parametros_relacionados\"><\/span>Par\u00e2metros relacionados:<span class=\"ez-toc-section-end\"><\/span><\/h2>\n<table>\n<tbody>\n<tr>\n<td>Item<\/td>\n<td>Padr\u00e3o<\/td>\n<\/tr>\n<tr>\n<td>Apar\u00eancia<\/td>\n<td>P\u00f3 granular branco ou quase branco ou cristais transparentes<\/td>\n<\/tr>\n<tr>\n<td>\u00c1gua<\/td>\n<td>3.0-6.0%<\/td>\n<\/tr>\n<tr>\n<td>Metais pesados<\/td>\n<td>m\u00e1x.<br \/>\n10ppm<\/td>\n<\/tr>\n<tr>\n<td>Lideran\u00e7a<\/td>\n<td>m\u00e1x.<br \/>\n1,0 ppm<\/td>\n<\/tr>\n<tr>\n<td>S\u00f3dio<\/td>\n<td>m\u00e1x.<br \/>\n0.3%<\/td>\n<\/tr>\n<tr>\n<td>Cloretos<\/td>\n<td>m\u00e1x.<br \/>\n50ppm<\/td>\n<\/tr>\n<tr>\n<td>Sulfatos<\/td>\n<td>m\u00e1x.<br \/>\n150ppm<\/td>\n<\/tr>\n<tr>\n<td>Oxalatos<\/td>\n<td>m\u00e1x.<br \/>\n300ppm<\/td>\n<\/tr>\n<tr>\n<td>Ferro<\/td>\n<td>m\u00e1x.<br \/>\n5,0 ppm<\/td>\n<\/tr>\n<tr>\n<td>Merc\u00fario<\/td>\n<td>m\u00e1x.<br \/>\n1,0 ppm<\/td>\n<\/tr>\n<tr>\n<td>Ars\u00eanico<\/td>\n<td>m\u00e1x.<br \/>\n0,1 ppm<\/td>\n<\/tr>\n<tr>\n<td>C\u00e1dmio<\/td>\n<td>m\u00e1x.<br \/>\n1,0 ppm<\/td>\n<\/tr>\n<tr>\n<td>Tartaratos<\/td>\n<td>Passa no teste<\/td>\n<\/tr>\n<tr>\n<td>PH<\/td>\n<td>7.5-9.0<\/td>\n<\/tr>\n<tr>\n<td>Acidez\/alcalinidade<\/td>\n<td>Passa no teste<\/td>\n<\/tr>\n<tr>\n<td>Teste de subst\u00e2ncias prontamente carboniz\u00e1veis<\/td>\n<td>Passa no teste<\/td>\n<\/tr>\n<tr>\n<td>Ensaio (em subst\u00e2ncia anidra)<\/td>\n<td>99.0-100.5%<\/td>\n<\/tr>\n<\/tbody>\n<\/table>\n<h2><span class=\"ez-toc-section\" id=\"Dosagem_recomendada\"><\/span>Dosagem recomendada:<span class=\"ez-toc-section-end\"><\/span><\/h2>\n<table>\n<tbody>\n<tr>\n<td>Nome do alimento<\/td>\n<td>Uso m\u00e1ximo (g\/kg)<\/td>\n<\/tr>\n<tr>\n<td>Produtos de panifica\u00e7\u00e3o<\/td>\n<td>0,5-1g\/kg<\/td>\n<\/tr>\n<tr>\n<td>P\u00e3o<\/td>\n<td>0,5-1g\/kg<\/td>\n<\/tr>\n<tr>\n<td>Amido e produtos \u00e0 base de amido<\/td>\n<td>0,5-1g\/kg<\/td>\n<\/tr>\n<tr>\n<td>Amido comest\u00edvel<\/td>\n<td>0,5-1g\/kg<\/td>\n<\/tr>\n<tr>\n<td>Produtos c\u00e1rneos preparados<\/td>\n<td>0,5-1g\/kg<\/td>\n<\/tr>\n<tr>\n<td>Temperos complexos<\/td>\n<td>0,5-1g\/kg<\/td>\n<\/tr>\n<tr>\n<td>Presunto ocidental (defumado, defumado, cozido no vapor)<\/td>\n<td>0,5-1g\/kg<\/td>\n<\/tr>\n<tr>\n<td>A\u00e7\u00facares de amido (frutose, glicose, maltose, alguns a\u00e7\u00facares invertidos, etc.)<\/td>\n<td>0,5-1g\/kg<\/td>\n<\/tr>\n<tr>\n<td>Bebidas carbonatadas<\/td>\n<td>0,5-1g\/kg<\/td>\n<\/tr>\n<tr>\n<td>Caf\u00e9 instant\u00e2neo<\/td>\n<td>0,5-1g\/kg<\/td>\n<\/tr>\n<tr>\n<td>Cerveja e bebidas de malte<\/td>\n<td>0,5-1g\/kg<\/td>\n<\/tr>\n<\/tbody>\n<\/table>\n<h2><span class=\"ez-toc-section\" id=\"O_citrato_de_potassio_tem_uma_ampla_gama_de_usos\"><\/span>O citrato de pot\u00e1ssio tem uma ampla gama de usos<span class=\"ez-toc-section-end\"><\/span><\/h2>\n<h3><span class=\"ez-toc-section\" id=\"1_Acidulante_alimentar\"><\/span>1. Acidulante alimentar:<span class=\"ez-toc-section-end\"><\/span><\/h3>\n<p>O citrato de pot\u00e1ssio tem a fun\u00e7\u00e3o de regula\u00e7\u00e3o da acidez e acidez, o que pode fornecer acidez aos alimentos e bebidas, melhorar o sabor e o aroma. \u00c9 amplamente utilizado em bebidas carbonatadas, sucos, doces e outros alimentos.<\/p>\n<h3><span class=\"ez-toc-section\" id=\"2_Agente_aromatizante\"><\/span>2. Agente aromatizante:<span class=\"ez-toc-section-end\"><\/span><\/h3>\n<p>O citrato de pot\u00e1ssio pode ser usado como um agente aromatizante para aumentar o frescor e a acidez dos alimentos. No cozimento e processamento de alimentos, ele pode ser usado para conservar, fazer molhos e saladas, etc.<\/p>\n<h3><span class=\"ez-toc-section\" id=\"3_Conservante\"><\/span>3. Conservante:<span class=\"ez-toc-section-end\"><\/span><\/h3>\n<p>Como uma subst\u00e2ncia \u00e1cida, o citrato de pot\u00e1ssio tem um certo efeito inibit\u00f3rio sobre algumas bact\u00e9rias e microrganismos.<\/p>\n<h3><span class=\"ez-toc-section\" id=\"4_Promove_a_absorcao_de_ferro\"><\/span>4. Promove a absor\u00e7\u00e3o de ferro:<span class=\"ez-toc-section-end\"><\/span><\/h3>\n<p>O citrato de pot\u00e1ssio pode combinar-se com \u00edons de ferro para formar um complexo de citrato de ferro sol\u00favel, que ajuda a promover a absor\u00e7\u00e3o e utiliza\u00e7\u00e3o do ferro. Para pessoas com anemia por defici\u00eancia de ferro, o citrato de pot\u00e1ssio pode auxiliar na suplementa\u00e7\u00e3o de ferro.<\/p>\n<h3><span class=\"ez-toc-section\" id=\"5_Regulacao_metabolica\"><\/span>5. Regula\u00e7\u00e3o metab\u00f3lica:<span class=\"ez-toc-section-end\"><\/span><\/h3>\n<p>O citrato de pot\u00e1ssio pode afetar o equil\u00edbrio \u00e1cido-base no corpo e regular o pH dos fluidos corporais. Acredita-se que ele reduz o ac\u00famulo de metab\u00f3litos \u00e1cidos no corpo e ajuda a manter o equil\u00edbrio \u00e1cido-base e a sa\u00fade metab\u00f3lica.<\/p>\n<h3><span class=\"ez-toc-section\" id=\"6_Diurese_e_alcalinizacao\"><\/span>6. Diurese e alcaliniza\u00e7\u00e3o:<span class=\"ez-toc-section-end\"><\/span><\/h3>\n<p>O citrato de pot\u00e1ssio tem um certo efeito diur\u00e9tico, que pode promover a excre\u00e7\u00e3o do excesso de \u00e1gua e res\u00edduos no corpo. Al\u00e9m disso, tamb\u00e9m pode ajudar a alcalinizar a urina e prevenir problemas relacionados \u00e0 acidifica\u00e7\u00e3o da urina, como a forma\u00e7\u00e3o de c\u00e1lculos urin\u00e1rios.<\/p>\n<h2><span class=\"ez-toc-section\" id=\"O_usuario_fez_a_seguinte_pergunta\"><\/span>O usu\u00e1rio fez a seguinte pergunta:<span class=\"ez-toc-section-end\"><\/span><\/h2>\n<p><strong>Pergunta: O citrato de pot\u00e1ssio pode realmente tratar pedras nos rins?<\/strong><\/p>\n<p>Resposta: O citrato de pot\u00e1ssio \u00e9 \u00fatil no tratamento de pedras nos rins. O citrato de pot\u00e1ssio pode aumentar o valor do pH da urina e alcaliniz\u00e1-la. Ele tem um efeito terap\u00eautico em pedras de \u00e1cido \u00farico. Al\u00e9m do tratamento medicamentoso, as pedras nos rins tamb\u00e9m precisam ajustar a estrutura da dieta na vida di\u00e1ria.<\/p>\n<p>Para pacientes com pedras de oxalato de c\u00e1lcio, eles devem evitar comer alimentos ricos em \u00e1cido ox\u00e1lico, como beterraba, tomate, chocolate e outros alimentos. Para pedras idiop\u00e1ticas com alto teor de c\u00e1lcio, uma dieta baixa em prote\u00ednas, baixo teor de sal e baixo teor de gordura \u00e9 usada. Al\u00e9m disso, para pedras de \u00e1cido \u00farico, evite comer alimentos ricos em purina, v\u00edsceras de animais e frutos do mar. Mesmo durante o tratamento, voc\u00ea precisa beber mais \u00e1gua, urinar mais e tratar ativamente a doen\u00e7a prim\u00e1ria.<\/p>\n<p><strong>Pergunta: Se eu quiser importar seu citrato de pot\u00e1ssio, voc\u00ea pode fornecer algum certificado?<\/strong><\/p>\n<p>Resposta: Sim, ficaremos felizes em fornecer v\u00e1rias certifica\u00e7\u00f5es, incluindo USP, FCC, European pH range, BP, JSFA e JP.<\/p>\n<div id=\"gtx-trans\" style=\"position: absolute; left: 384px; top: 59px;\">\n<div class=\"gtx-trans-icon\"><\/div>\n<\/div>\n","protected":false},"excerpt":{"rendered":"<ul>\n<li>CAS: Monohidrato: 6100-05-6, Anidro: 866-84-2<\/li>\n<li>F\u00f3rmula qu\u00edmica: Monohidrato: K<sub>3<\/sub>C<sub>6<\/sub>H<sub>5<\/sub>O<sub>7<\/sub>*H<sub>2<\/sub>O, Anidro: <i>K<sub>3<\/sub>C<sub>6<\/sub>H<sub>5<\/sub>O<sub>7<\/sub><\/i><\/li>\n<li>Certifica\u00e7\u00f5es: KOSHER, ISO, HALAL, FSSC 22000, BRC, etc.<\/li>\n<li>Padr\u00e3o: BP\/USP\/FCC<\/li>\n<li>Quantidade m\u00ednima do pedido: 1000KG<\/li>\n<li>Vida \u00fatil: 3 anos<\/li>\n<\/ul>\n","protected":false},"featured_media":8303,"template":"","meta":{"site-sidebar-layout":"default","site-content-layout":"","ast-site-content-layout":"default","site-content-style":"default","site-sidebar-style":"default","ast-global-header-display":"","ast-banner-title-visibility":"","ast-main-header-display":"","ast-hfb-above-header-display":"","ast-hfb-below-header-display":"","ast-hfb-mobile-header-display":"","site-post-title":"","ast-breadcrumbs-content":"","ast-featured-img":"","footer-sml-layout":"","theme-transparent-header-meta":"default","adv-header-id-meta":"","stick-header-meta":"","header-above-stick-meta":"","header-main-stick-meta":"","header-below-stick-meta":"","astra-migrate-meta-layouts":"set","ast-page-background-enabled":"default","ast-page-background-meta":{"desktop":{"background-color":"var(--ast-global-color-4)","background-image":"","background-repeat":"repeat","background-position":"center center","background-size":"auto","background-attachment":"scroll","background-type":"","background-media":"","overlay-type":"","overlay-color":"","overlay-opacity":"","overlay-gradient":""},"tablet":{"background-color":"","background-image":"","background-repeat":"repeat","background-position":"center center","background-size":"auto","background-attachment":"scroll","background-type":"","background-media":"","overlay-type":"","overlay-color":"","overlay-opacity":"","overlay-gradient":""},"mobile":{"background-color":"","background-image":"","background-repeat":"repeat","background-position":"center center","background-size":"auto","background-attachment":"scroll","background-type":"","background-media":"","overlay-type":"","overlay-color":"","overlay-opacity":"","overlay-gradient":""}},"ast-content-background-meta":{"desktop":{"background-color":"var(--ast-global-color-5)","background-image":"","background-repeat":"repeat","background-position":"center center","background-size":"auto","background-attachment":"scroll","background-type":"","background-media":"","overlay-type":"","overlay-color":"","overlay-opacity":"","overlay-gradient":""},"tablet":{"background-color":"var(--ast-global-color-5)","background-image":"","background-repeat":"repeat","background-position":"center center","background-size":"auto","background-attachment":"scroll","background-type":"","background-media":"","overlay-type":"","overlay-color":"","overlay-opacity":"","overlay-gradient":""},"mobile":{"background-color":"var(--ast-global-color-5)","background-image":"","background-repeat":"repeat","background-position":"center center","background-size":"auto","background-attachment":"scroll","background-type":"","background-media":"","overlay-type":"","overlay-color":"","overlay-opacity":"","overlay-gradient":""}}},"product_brand":[],"product_cat":[74],"product_tag":[],"class_list":{"0":"post-8302","1":"product","2":"type-product","3":"status-publish","4":"has-post-thumbnail","6":"product_cat-produto-acidulante","7":"desktop-align-center","8":"tablet-align-left","9":"mobile-align-left","11":"first","12":"instock","13":"shipping-taxable","14":"product-type-simple"},"yoast_head":"<!-- This site is optimized with the Yoast SEO plugin v26.5 - https:\/\/yoast.com\/wordpress\/plugins\/seo\/ -->\n<title>Fornecedor De Citrato De Pot\u00e1ssio, E332 Comprar Pre\u00e7o | Niranbio Chemical<\/title>\n<meta name=\"description\" content=\"Oferecemos citrato de pot\u00e1ssio em p\u00f3 de qualidade alimentar (E332) que apresenta excelente solubilidade e atua como um agente tamponante eficaz.\" \/>\n<meta name=\"robots\" content=\"noindex, follow, max-snippet:-1, max-image-preview:large, max-video-preview:-1\" \/>\n<meta name=\"twitter:label1\" content=\"Est. tempo de leitura\" \/>\n\t<meta name=\"twitter:data1\" content=\"4 minutos\" \/>\n<script type=\"application\/ld+json\" class=\"yoast-schema-graph\">{\"@context\":\"https:\/\/schema.org\",\"@graph\":[{\"@type\":\"WebPage\",\"@id\":\"https:\/\/theo.niranbio.com\/pt-br\/citrato-de-potassio.html\",\"url\":\"https:\/\/theo.niranbio.com\/pt-br\/citrato-de-potassio.html\",\"name\":\"Fornecedor De Citrato De Pot\u00e1ssio, E332 Comprar Pre\u00e7o | Niranbio Chemical\",\"isPartOf\":{\"@id\":\"https:\/\/theo.niranbio.com\/pt-br\/#website\"},\"primaryImageOfPage\":{\"@id\":\"https:\/\/theo.niranbio.com\/pt-br\/citrato-de-potassio.html#primaryimage\"},\"image\":{\"@id\":\"https:\/\/theo.niranbio.com\/pt-br\/citrato-de-potassio.html#primaryimage\"},\"thumbnailUrl\":\"https:\/\/theo.niranbio.com\/wp-content\/uploads\/2024\/06\/Potassium-Citrat.webp\",\"datePublished\":\"2024-06-20T00:57:39+00:00\",\"dateModified\":\"2024-08-16T06:29:55+00:00\",\"description\":\"Oferecemos citrato de pot\u00e1ssio em p\u00f3 de qualidade alimentar (E332) que apresenta excelente solubilidade e atua como um agente tamponante eficaz.\",\"breadcrumb\":{\"@id\":\"https:\/\/theo.niranbio.com\/pt-br\/citrato-de-potassio.html#breadcrumb\"},\"inLanguage\":\"pt-BR\",\"potentialAction\":[{\"@type\":\"ReadAction\",\"target\":[\"https:\/\/theo.niranbio.com\/pt-br\/citrato-de-potassio.html\"]}]},{\"@type\":\"ImageObject\",\"inLanguage\":\"pt-BR\",\"@id\":\"https:\/\/theo.niranbio.com\/pt-br\/citrato-de-potassio.html#primaryimage\",\"url\":\"https:\/\/theo.niranbio.com\/wp-content\/uploads\/2024\/06\/Potassium-Citrat.webp\",\"contentUrl\":\"https:\/\/theo.niranbio.com\/wp-content\/uploads\/2024\/06\/Potassium-Citrat.webp\",\"width\":600,\"height\":600,\"caption\":\"Citrato de pot\u00e1ssio\"},{\"@type\":\"BreadcrumbList\",\"@id\":\"https:\/\/theo.niranbio.com\/pt-br\/citrato-de-potassio.html#breadcrumb\",\"itemListElement\":[{\"@type\":\"ListItem\",\"position\":1,\"name\":\"Home\",\"item\":\"https:\/\/theo.niranbio.com\/pt-br\/\"},{\"@type\":\"ListItem\",\"position\":2,\"name\":\"Produtos\",\"item\":\"https:\/\/theo.niranbio.com\/pt-br\/produtos.html\"},{\"@type\":\"ListItem\",\"position\":3,\"name\":\"Acidulante\",\"item\":\"https:\/\/theo.niranbio.com\/pt-br\/produto-acidulante\/\"},{\"@type\":\"ListItem\",\"position\":4,\"name\":\"Citrato de pot\u00e1ssio\"}]},{\"@type\":\"WebSite\",\"@id\":\"https:\/\/theo.niranbio.com\/pt-br\/#website\",\"url\":\"https:\/\/theo.niranbio.com\/pt-br\/\",\"name\":\"Niranbio Chemical\",\"description\":\"\",\"publisher\":{\"@id\":\"https:\/\/theo.niranbio.com\/pt-br\/#organization\"},\"potentialAction\":[{\"@type\":\"SearchAction\",\"target\":{\"@type\":\"EntryPoint\",\"urlTemplate\":\"https:\/\/theo.niranbio.com\/pt-br\/?s={search_term_string}\"},\"query-input\":{\"@type\":\"PropertyValueSpecification\",\"valueRequired\":true,\"valueName\":\"search_term_string\"}}],\"inLanguage\":\"pt-BR\"},{\"@type\":\"Organization\",\"@id\":\"https:\/\/theo.niranbio.com\/pt-br\/#organization\",\"name\":\"Niranbio Chemical\",\"url\":\"https:\/\/theo.niranbio.com\/pt-br\/\",\"logo\":{\"@type\":\"ImageObject\",\"inLanguage\":\"pt-BR\",\"@id\":\"https:\/\/theo.niranbio.com\/pt-br\/#\/schema\/logo\/image\/\",\"url\":\"https:\/\/theo.niranbio.com\/wp-content\/uploads\/2024\/06\/Niranbio.png\",\"contentUrl\":\"https:\/\/theo.niranbio.com\/wp-content\/uploads\/2024\/06\/Niranbio.png\",\"width\":270,\"height\":100,\"caption\":\"Niranbio Chemical\"},\"image\":{\"@id\":\"https:\/\/theo.niranbio.com\/pt-br\/#\/schema\/logo\/image\/\"}}]}<\/script>\n<!-- \/ Yoast SEO plugin. -->","yoast_head_json":{"title":"Fornecedor De Citrato De Pot\u00e1ssio, E332 Comprar Pre\u00e7o | Niranbio Chemical","description":"Oferecemos citrato de pot\u00e1ssio em p\u00f3 de qualidade alimentar (E332) que apresenta excelente solubilidade e atua como um agente tamponante eficaz.","robots":{"index":"noindex","follow":"follow","max-snippet":"max-snippet:-1","max-image-preview":"max-image-preview:large","max-video-preview":"max-video-preview:-1"},"twitter_misc":{"Est. tempo de leitura":"4 minutos"},"schema":{"@context":"https:\/\/schema.org","@graph":[{"@type":"WebPage","@id":"https:\/\/theo.niranbio.com\/pt-br\/citrato-de-potassio.html","url":"https:\/\/theo.niranbio.com\/pt-br\/citrato-de-potassio.html","name":"Fornecedor De Citrato De Pot\u00e1ssio, E332 Comprar Pre\u00e7o | Niranbio Chemical","isPartOf":{"@id":"https:\/\/theo.niranbio.com\/pt-br\/#website"},"primaryImageOfPage":{"@id":"https:\/\/theo.niranbio.com\/pt-br\/citrato-de-potassio.html#primaryimage"},"image":{"@id":"https:\/\/theo.niranbio.com\/pt-br\/citrato-de-potassio.html#primaryimage"},"thumbnailUrl":"https:\/\/theo.niranbio.com\/wp-content\/uploads\/2024\/06\/Potassium-Citrat.webp","datePublished":"2024-06-20T00:57:39+00:00","dateModified":"2024-08-16T06:29:55+00:00","description":"Oferecemos citrato de pot\u00e1ssio em p\u00f3 de qualidade alimentar (E332) que apresenta excelente solubilidade e atua como um agente tamponante eficaz.","breadcrumb":{"@id":"https:\/\/theo.niranbio.com\/pt-br\/citrato-de-potassio.html#breadcrumb"},"inLanguage":"pt-BR","potentialAction":[{"@type":"ReadAction","target":["https:\/\/theo.niranbio.com\/pt-br\/citrato-de-potassio.html"]}]},{"@type":"ImageObject","inLanguage":"pt-BR","@id":"https:\/\/theo.niranbio.com\/pt-br\/citrato-de-potassio.html#primaryimage","url":"https:\/\/theo.niranbio.com\/wp-content\/uploads\/2024\/06\/Potassium-Citrat.webp","contentUrl":"https:\/\/theo.niranbio.com\/wp-content\/uploads\/2024\/06\/Potassium-Citrat.webp","width":600,"height":600,"caption":"Citrato de pot\u00e1ssio"},{"@type":"BreadcrumbList","@id":"https:\/\/theo.niranbio.com\/pt-br\/citrato-de-potassio.html#breadcrumb","itemListElement":[{"@type":"ListItem","position":1,"name":"Home","item":"https:\/\/theo.niranbio.com\/pt-br\/"},{"@type":"ListItem","position":2,"name":"Produtos","item":"https:\/\/theo.niranbio.com\/pt-br\/produtos.html"},{"@type":"ListItem","position":3,"name":"Acidulante","item":"https:\/\/theo.niranbio.com\/pt-br\/produto-acidulante\/"},{"@type":"ListItem","position":4,"name":"Citrato de pot\u00e1ssio"}]},{"@type":"WebSite","@id":"https:\/\/theo.niranbio.com\/pt-br\/#website","url":"https:\/\/theo.niranbio.com\/pt-br\/","name":"Niranbio Chemical","description":"","publisher":{"@id":"https:\/\/theo.niranbio.com\/pt-br\/#organization"},"potentialAction":[{"@type":"SearchAction","target":{"@type":"EntryPoint","urlTemplate":"https:\/\/theo.niranbio.com\/pt-br\/?s={search_term_string}"},"query-input":{"@type":"PropertyValueSpecification","valueRequired":true,"valueName":"search_term_string"}}],"inLanguage":"pt-BR"},{"@type":"Organization","@id":"https:\/\/theo.niranbio.com\/pt-br\/#organization","name":"Niranbio Chemical","url":"https:\/\/theo.niranbio.com\/pt-br\/","logo":{"@type":"ImageObject","inLanguage":"pt-BR","@id":"https:\/\/theo.niranbio.com\/pt-br\/#\/schema\/logo\/image\/","url":"https:\/\/theo.niranbio.com\/wp-content\/uploads\/2024\/06\/Niranbio.png","contentUrl":"https:\/\/theo.niranbio.com\/wp-content\/uploads\/2024\/06\/Niranbio.png","width":270,"height":100,"caption":"Niranbio Chemical"},"image":{"@id":"https:\/\/theo.niranbio.com\/pt-br\/#\/schema\/logo\/image\/"}}]}},"_links":{"self":[{"href":"https:\/\/theo.niranbio.com\/pt-br\/wp-json\/wp\/v2\/product\/8302","targetHints":{"allow":["GET"]}}],"collection":[{"href":"https:\/\/theo.niranbio.com\/pt-br\/wp-json\/wp\/v2\/product"}],"about":[{"href":"https:\/\/theo.niranbio.com\/pt-br\/wp-json\/wp\/v2\/types\/product"}],"version-history":[{"count":0,"href":"https:\/\/theo.niranbio.com\/pt-br\/wp-json\/wp\/v2\/product\/8302\/revisions"}],"wp:featuredmedia":[{"embeddable":true,"href":"https:\/\/theo.niranbio.com\/pt-br\/wp-json\/wp\/v2\/media\/8303"}],"wp:attachment":[{"href":"https:\/\/theo.niranbio.com\/pt-br\/wp-json\/wp\/v2\/media?parent=8302"}],"wp:term":[{"taxonomy":"product_brand","embeddable":true,"href":"https:\/\/theo.niranbio.com\/pt-br\/wp-json\/wp\/v2\/product_brand?post=8302"},{"taxonomy":"product_cat","embeddable":true,"href":"https:\/\/theo.niranbio.com\/pt-br\/wp-json\/wp\/v2\/product_cat?post=8302"},{"taxonomy":"product_tag","embeddable":true,"href":"https:\/\/theo.niranbio.com\/pt-br\/wp-json\/wp\/v2\/product_tag?post=8302"}],"curies":[{"name":"wp","href":"https:\/\/api.w.org\/{rel}","templated":true}]}}