{"id":8300,"date":"2024-06-20T08:58:17","date_gmt":"2024-06-20T00:58:17","guid":{"rendered":"https:\/\/theo.niranbio.com\/acido-acetico-glacial-grau-alimenticio\/"},"modified":"2024-08-16T14:21:40","modified_gmt":"2024-08-16T06:21:40","slug":"acido-acetico-glacial-grau-alimenticio","status":"publish","type":"product","link":"https:\/\/theo.niranbio.com\/pt-br\/acido-acetico-glacial-grau-alimenticio.html","title":{"rendered":"\u00c1cido ac\u00e9tico glacial &#8211; grau aliment\u00edcio"},"content":{"rendered":"<h2><span class=\"ez-toc-section\" id=\"O_que_e_acido_acetico_glacial_%E2%80%93_grau_alimenticio\"><\/span>O que \u00e9 \u00e1cido ac\u00e9tico glacial &#8211; grau aliment\u00edcio?<span class=\"ez-toc-section-end\"><\/span><\/h2>\n<p>O \u00e1cido ac\u00e9tico glacial de grau aliment\u00edcio \u00e9 especialmente processado e purificado para atender aos padr\u00f5es de seguran\u00e7a alimentar. Ele aparece como um l\u00edquido transparente incolor ou branco. Ele pode se solidificar em cristais em baixas temperaturas e tem um odor pungente distinto. Pode ser usado como aditivo alimentar, acidulante, etc.<\/p>\n<p>O \u00e1cido ac\u00e9tico glacial de grau aliment\u00edcio \u00e9 produzido principalmente das duas maneiras a seguir<\/p>\n<p>1. Feito de etanol produzido por fermenta\u00e7\u00e3o A fermenta\u00e7\u00e3o do \u00e1cido ac\u00e9tico passa por tr\u00eas est\u00e1gios. Primeiro, sob a a\u00e7\u00e3o de enzimas, as subst\u00e2ncias de amido nas mat\u00e9rias-primas s\u00e3o hidrolisadas em a\u00e7\u00facares. Segundo, sob a a\u00e7\u00e3o da levedura, os a\u00e7\u00facares s\u00e3o convertidos em \u00e1lcool. Esses dois est\u00e1gios geralmente ocorrem ao mesmo tempo, ent\u00e3o esses dois est\u00e1gios s\u00e3o geralmente chamados de est\u00e1gio de fermenta\u00e7\u00e3o do \u00e1lcool. Terceiro, sob a a\u00e7\u00e3o de bact\u00e9rias do \u00e1cido ac\u00e9tico, o \u00e1lcool \u00e9 convertido em \u00e1cido ac\u00e9tico, que geralmente \u00e9 o m\u00e9todo de fermenta\u00e7\u00e3o do vinagre comest\u00edvel. Ele tem um alto grau de naturalidade, mas a concentra\u00e7\u00e3o de \u00e1cido ac\u00e9tico n\u00e3o \u00e9 alta e \u00e9 muito seguro. O processo b\u00e1sico de fermenta\u00e7\u00e3o de \u00e1cido ac\u00e9tico na ind\u00fastria aliment\u00edcia moderna \u00e9 usar etanol produzido por fermenta\u00e7\u00e3o como mat\u00e9ria-prima e ent\u00e3o produzir \u00e1cido ac\u00e9tico glacial de qualidade alimentar por meio da oxida\u00e7\u00e3o. O grau natural \u00e9 acima de 98, a concentra\u00e7\u00e3o de \u00e1cido ac\u00e9tico tamb\u00e9m \u00e9 acima de 99,5% e a seguran\u00e7a \u00e9 relativamente alta.<\/p>\n<p>2. \u00c9 produzido pelo m\u00e9todo de carbonila\u00e7\u00e3o de baixa press\u00e3o, usando metanol e mon\u00f3xido de carbono como mat\u00e9rias-primas. Ele usa metanol industrial como mat\u00e9ria-prima e produz \u00e1cido ac\u00e9tico glacial com mon\u00f3xido de carbono sob carbonila\u00e7\u00e3o de baixa press\u00e3o e ent\u00e3o obt\u00e9m \u00e1cido ac\u00e9tico glacial de qualidade alimentar (m\u00e9todo de carbonila\u00e7\u00e3o) por meio de purifica\u00e7\u00e3o subsequente. Na verdade, esse m\u00e9todo tamb\u00e9m \u00e9 o processo b\u00e1sico de produ\u00e7\u00e3o de \u00e1cido ac\u00e9tico glacial industrial, mas ap\u00f3s um processo de purifica\u00e7\u00e3o relativamente rigoroso, o \u00e1cido ac\u00e9tico industrial \u00e9 convertido em \u00e1cido ac\u00e9tico utiliz\u00e1vel, ent\u00e3o a purifica\u00e7\u00e3o ocupa uma posi\u00e7\u00e3o muito importante neste processo. Diferentes graus de purifica\u00e7\u00e3o resultam em diferentes qualidades e rendimentos do produto.<\/p>\n<h2><span class=\"ez-toc-section\" id=\"Parametros_relacionados\"><\/span>Par\u00e2metros relacionados:<span class=\"ez-toc-section-end\"><\/span><\/h2>\n<table>\n<tbody>\n<tr>\n<td>Item de teste<\/td>\n<td>Especifica\u00e7\u00e3o<\/td>\n<td>Resultados<\/td>\n<\/tr>\n<tr>\n<td>Apar\u00eancia<\/td>\n<td>Incolor<\/td>\n<td>Teste de aprova\u00e7\u00e3o<\/td>\n<\/tr>\n<tr>\n<td>Status<\/td>\n<td>L\u00edquido<\/td>\n<td>Passar no teste<\/td>\n<\/tr>\n<tr>\n<td>Odor<\/td>\n<td>Vinagre forte e pungente<\/td>\n<td>Teste de aprova\u00e7\u00e3o<\/td>\n<\/tr>\n<tr>\n<td>Teor de \u00e1cido ac\u00e9tico em%<\/td>\n<td><\/td>\n<td>99.97<\/td>\n<\/tr>\n<tr>\n<td>Teste de permanganato de pot\u00e1ssio<\/td>\n<td>Teste de aprova\u00e7\u00e3o<\/td>\n<td>Teste de aprova\u00e7\u00e3o<\/td>\n<\/tr>\n<tr>\n<td>Res\u00edduos de evapora\u00e7\u00e3o com%<\/td>\n<td>\u226599.8<\/td>\n<td>0.001<\/td>\n<\/tr>\n<tr>\n<td>Ponto de congelamento\uff08\u00b0C\uff09<\/td>\n<td>\u22640.005<\/td>\n<td>16.3<\/td>\n<\/tr>\n<tr>\n<td>Metal pesado\uff08Pb mg\/kg\uff09<\/td>\n<td>\u226516.2<\/td>\n<td>&lt;2<\/td>\n<\/tr>\n<tr>\n<td>As\uff08mg\/kg\uff09<\/td>\n<td>\u22652<\/td>\n<td>&lt;0.01<\/td>\n<\/tr>\n<tr>\n<td>Conclus\u00e3o<\/td>\n<td>\u22641.0<\/td>\n<td>Qualificado<\/td>\n<\/tr>\n<\/tbody>\n<\/table>\n<h2><span class=\"ez-toc-section\" id=\"Dosagem_recomendada_Dose_recomendada_para_algumas_aplicacoes\"><\/span>Dosagem recomendada (Dose recomendada para algumas aplica\u00e7\u00f5es)<span class=\"ez-toc-section-end\"><\/span><\/h2>\n<table>\n<tbody>\n<tr>\n<td>Nome do alimento<\/td>\n<td>Uso m\u00e1ximo (g\/kg)<\/td>\n<\/tr>\n<tr>\n<td>Leite modificado<\/td>\n<td>0,01-0,1g\/kg<\/td>\n<\/tr>\n<tr>\n<td>Bebidas congeladas<\/td>\n<td>0,01-0,1g\/kg<\/td>\n<\/tr>\n<tr>\n<td>Frutas enlatadas<\/td>\n<td>0,5-2g\/kg<\/td>\n<\/tr>\n<tr>\n<td>Bolos de frutas<\/td>\n<td>1-5g\/kg<\/td>\n<\/tr>\n<tr>\n<td>Produtos de feij\u00e3o<\/td>\n<td>1-5g\/kg<\/td>\n<\/tr>\n<tr>\n<td>Nozes e sementes processadas<\/td>\n<td>1-5g\/kg<\/td>\n<\/tr>\n<tr>\n<td>Doces<\/td>\n<td>2-5g\/kg<\/td>\n<\/tr>\n<tr>\n<td>Amidos e produtos \u00e0 base de amido<\/td>\n<td>1-5g\/kg<\/td>\n<\/tr>\n<tr>\n<td>Produtos de panifica\u00e7\u00e3o<\/td>\n<td>1-5g\/kg<\/td>\n<\/tr>\n<tr>\n<td>Temperos complexos<\/td>\n<td>2-5g\/kg<\/td>\n<\/tr>\n<tr>\n<td>Bebidas carbonatadas<\/td>\n<td>1-5g\/kg<\/td>\n<\/tr>\n<\/tbody>\n<\/table>\n<h2><span class=\"ez-toc-section\" id=\"O_acido_acetico_glacial_de_grau_alimenticio_tem_uma_ampla_gama_de_usos\"><\/span>O \u00e1cido ac\u00e9tico glacial de grau aliment\u00edcio tem uma ampla gama de usos<span class=\"ez-toc-section-end\"><\/span><\/h2>\n<h3><span class=\"ez-toc-section\" id=\"1_Agente_aromatizante_e_conservante_de_alimentos\"><\/span>1. Agente aromatizante e conservante de alimentos<span class=\"ez-toc-section-end\"><\/span><\/h3>\n<p>O \u00e1cido ac\u00e9tico glacial n\u00e3o s\u00f3 pode ser usado para fazer vinagre, adicionar acidez e sabor umami aos alimentos e melhorar o sabor dos alimentos, mas tamb\u00e9m inibir o crescimento de bact\u00e9rias e fungos e prolongar a vida \u00fatil dos alimentos.<\/p>\n<h3><span class=\"ez-toc-section\" id=\"2_Finalidades_de_limpeza\"><\/span>2. Finalidades de limpeza<span class=\"ez-toc-section-end\"><\/span><\/h3>\n<p>O \u00e1cido ac\u00e9tico glacial tem um bom efeito de limpeza e descontamina\u00e7\u00e3o. O \u00e1cido ac\u00e9tico glacial tem um bom efeito de limpeza e descontamina\u00e7\u00e3o. \u00c9 um dos principais ingredientes dos agentes de limpeza e \u00e9 amplamente utilizado para fins de limpeza, como limpeza de m\u00f3veis e remo\u00e7\u00e3o de incrusta\u00e7\u00f5es.<\/p>\n<h3><span class=\"ez-toc-section\" id=\"4_Herbicida\"><\/span>4. Herbicida<span class=\"ez-toc-section-end\"><\/span><\/h3>\n<p>O \u00e1cido ac\u00e9tico glacial pode ser usado como herbicida para evitar o uso de pesticidas qu\u00edmicos e proteger o meio ambiente.<br \/>\nEle pode ser usado em canteiros de flores, jardinagem e agricultura.<\/p>\n<h3><span class=\"ez-toc-section\" id=\"5_Tratamento_medico\"><\/span>5. Tratamento m\u00e9dico<span class=\"ez-toc-section-end\"><\/span><\/h3>\n<p>O \u00e1cido ac\u00e9tico glacial tem certas aplica\u00e7\u00f5es na medicina, como no tratamento de onicomicose, verrugas plantares, hiperidrose de m\u00e3os e p\u00e9s, etc.<\/p>\n<h2><span class=\"ez-toc-section\" id=\"O_usuario_fez_a_seguinte_pergunta\"><\/span>O usu\u00e1rio fez a seguinte pergunta:<span class=\"ez-toc-section-end\"><\/span><\/h2>\n<p><strong>Pergunta: Qual \u00e9 a diferen\u00e7a entre \u00e1cido ac\u00e9tico glacial de grau industrial e de grau comest\u00edvel?<\/strong><\/p>\n<p>Resposta: A diferen\u00e7a entre \u00e1cido ac\u00e9tico glacial de grau industrial e \u00e1cido ac\u00e9tico glacial de grau comest\u00edvel est\u00e1 principalmente nos ingredientes e no processo de produ\u00e7\u00e3o. O \u00e1cido ac\u00e9tico glacial de grau industrial geralmente cont\u00e9m mais cloretos e sulfatos, enquanto o \u00e1cido ac\u00e9tico glacial de grau comest\u00edvel cont\u00e9m mais \u00e1cido ac\u00e9tico. Al\u00e9m disso, o processo de produ\u00e7\u00e3o do \u00e1cido ac\u00e9tico glacial de grau industrial \u00e9 mais simples e o custo \u00e9 menor.<\/p>\n<p><strong>Pergunta: Requisitos de armazenamento para \u00e1cido ac\u00e9tico<\/strong><\/p>\n<p>Resposta: 1. Temperatura de armazenamento: O \u00e1cido ac\u00e9tico glacial deve ser armazenado em um local \u00e0 prova de luz, seco e bem ventilado. A temperatura de armazenamento deve ser inferior a 30 \u00b0C e evitar altas temperaturas e exposi\u00e7\u00e3o ao sol e \u00e0 chuva.<\/p>\n<p>2. Escolha o recipiente: Voc\u00ea pode escolher recipientes de vidro ou pl\u00e1stico resistentes \u00e0 corros\u00e3o. Eles devem ser selados e \u00e0 prova de vazamentos.<\/p>\n<p>3. \u00c0 prova de umidade: O \u00e1cido ac\u00e9tico glacial absorve umidade facilmente, ent\u00e3o deve ser armazenado em um ambiente seco e o recipiente deve ser mantido fechado.<\/p>\n<p>4. Evite luz: O \u00e1cido ac\u00e9tico glacial \u00e9 facilmente fotolisado, ent\u00e3o deve ser colocado em um lugar \u00e0 prova de luz e pode ser coberto com uma caixa de papel ou pano.<\/p>\n","protected":false},"excerpt":{"rendered":"<ul>\n<li>CAS: 64-19-7<\/li>\n<li>F\u00f3rmula qu\u00edmica: CH<sub>3<\/sub>COOH<\/li>\n<li>Certifica\u00e7\u00f5es: KOSHER, ISO, HALAL, FSSC 22000, BRC, etc.<\/li>\n<li>Padr\u00e3o:<\/li>\n<li>Quantidade m\u00ednima do pedido: 5MT<\/li>\n<li>Prazo de validade: 2 anos<\/li>\n<\/ul>\n","protected":false},"featured_media":8136,"template":"","meta":{"site-sidebar-layout":"default","site-content-layout":"","ast-site-content-layout":"default","site-content-style":"default","site-sidebar-style":"default","ast-global-header-display":"","ast-banner-title-visibility":"","ast-main-header-display":"","ast-hfb-above-header-display":"","ast-hfb-below-header-display":"","ast-hfb-mobile-header-display":"","site-post-title":"","ast-breadcrumbs-content":"","ast-featured-img":"","footer-sml-layout":"","theme-transparent-header-meta":"default","adv-header-id-meta":"","stick-header-meta":"","header-above-stick-meta":"","header-main-stick-meta":"","header-below-stick-meta":"","astra-migrate-meta-layouts":"set","ast-page-background-enabled":"default","ast-page-background-meta":{"desktop":{"background-color":"var(--ast-global-color-4)","background-image":"","background-repeat":"repeat","background-position":"center center","background-size":"auto","background-attachment":"scroll","background-type":"","background-media":"","overlay-type":"","overlay-color":"","overlay-opacity":"","overlay-gradient":""},"tablet":{"background-color":"","background-image":"","background-repeat":"repeat","background-position":"center center","background-size":"auto","background-attachment":"scroll","background-type":"","background-media":"","overlay-type":"","overlay-color":"","overlay-opacity":"","overlay-gradient":""},"mobile":{"background-color":"","background-image":"","background-repeat":"repeat","background-position":"center center","background-size":"auto","background-attachment":"scroll","background-type":"","background-media":"","overlay-type":"","overlay-color":"","overlay-opacity":"","overlay-gradient":""}},"ast-content-background-meta":{"desktop":{"background-color":"var(--ast-global-color-5)","background-image":"","background-repeat":"repeat","background-position":"center center","background-size":"auto","background-attachment":"scroll","background-type":"","background-media":"","overlay-type":"","overlay-color":"","overlay-opacity":"","overlay-gradient":""},"tablet":{"background-color":"var(--ast-global-color-5)","background-image":"","background-repeat":"repeat","background-position":"center center","background-size":"auto","background-attachment":"scroll","background-type":"","background-media":"","overlay-type":"","overlay-color":"","overlay-opacity":"","overlay-gradient":""},"mobile":{"background-color":"var(--ast-global-color-5)","background-image":"","background-repeat":"repeat","background-position":"center center","background-size":"auto","background-attachment":"scroll","background-type":"","background-media":"","overlay-type":"","overlay-color":"","overlay-opacity":"","overlay-gradient":""}}},"product_brand":[],"product_cat":[74],"product_tag":[],"class_list":{"0":"post-8300","1":"product","2":"type-product","3":"status-publish","4":"has-post-thumbnail","6":"product_cat-produto-acidulante","7":"desktop-align-center","8":"tablet-align-left","9":"mobile-align-left","11":"first","12":"instock","13":"shipping-taxable","14":"product-type-simple"},"yoast_head":"<!-- This site is optimized with the Yoast SEO plugin v26.5 - https:\/\/yoast.com\/wordpress\/plugins\/seo\/ -->\n<title>\u00c1cido Ac\u00e9tico Glacial Fornecedores, E260 Comprar Pre\u00e7o | Niranbio Chemical<\/title>\n<meta name=\"description\" content=\"Fornecemos \u00e1cido ac\u00e9tico glacial (regulador de acidez E260) 99,97% l\u00edquido de alta pureza, l\u00edmpido e incolor, com odor pungente.\" \/>\n<meta name=\"robots\" content=\"noindex, follow, max-snippet:-1, max-image-preview:large, max-video-preview:-1\" \/>\n<meta name=\"twitter:label1\" content=\"Est. tempo de leitura\" \/>\n\t<meta name=\"twitter:data1\" content=\"5 minutos\" \/>\n<script type=\"application\/ld+json\" class=\"yoast-schema-graph\">{\"@context\":\"https:\/\/schema.org\",\"@graph\":[{\"@type\":\"WebPage\",\"@id\":\"https:\/\/theo.niranbio.com\/pt-br\/acido-acetico-glacial-grau-alimenticio.html\",\"url\":\"https:\/\/theo.niranbio.com\/pt-br\/acido-acetico-glacial-grau-alimenticio.html\",\"name\":\"\u00c1cido Ac\u00e9tico Glacial Fornecedores, E260 Comprar Pre\u00e7o | Niranbio Chemical\",\"isPartOf\":{\"@id\":\"https:\/\/theo.niranbio.com\/pt-br\/#website\"},\"primaryImageOfPage\":{\"@id\":\"https:\/\/theo.niranbio.com\/pt-br\/acido-acetico-glacial-grau-alimenticio.html#primaryimage\"},\"image\":{\"@id\":\"https:\/\/theo.niranbio.com\/pt-br\/acido-acetico-glacial-grau-alimenticio.html#primaryimage\"},\"thumbnailUrl\":\"https:\/\/theo.niranbio.com\/wp-content\/uploads\/2024\/06\/Glacial-Acetic-Acid.webp\",\"datePublished\":\"2024-06-20T00:58:17+00:00\",\"dateModified\":\"2024-08-16T06:21:40+00:00\",\"description\":\"Fornecemos \u00e1cido ac\u00e9tico glacial (regulador de acidez E260) 99,97% l\u00edquido de alta pureza, l\u00edmpido e incolor, com odor pungente.\",\"breadcrumb\":{\"@id\":\"https:\/\/theo.niranbio.com\/pt-br\/acido-acetico-glacial-grau-alimenticio.html#breadcrumb\"},\"inLanguage\":\"pt-BR\",\"potentialAction\":[{\"@type\":\"ReadAction\",\"target\":[\"https:\/\/theo.niranbio.com\/pt-br\/acido-acetico-glacial-grau-alimenticio.html\"]}]},{\"@type\":\"ImageObject\",\"inLanguage\":\"pt-BR\",\"@id\":\"https:\/\/theo.niranbio.com\/pt-br\/acido-acetico-glacial-grau-alimenticio.html#primaryimage\",\"url\":\"https:\/\/theo.niranbio.com\/wp-content\/uploads\/2024\/06\/Glacial-Acetic-Acid.webp\",\"contentUrl\":\"https:\/\/theo.niranbio.com\/wp-content\/uploads\/2024\/06\/Glacial-Acetic-Acid.webp\",\"width\":600,\"height\":600,\"caption\":\"\u00c1cido ac\u00e9tico glacial\"},{\"@type\":\"BreadcrumbList\",\"@id\":\"https:\/\/theo.niranbio.com\/pt-br\/acido-acetico-glacial-grau-alimenticio.html#breadcrumb\",\"itemListElement\":[{\"@type\":\"ListItem\",\"position\":1,\"name\":\"Home\",\"item\":\"https:\/\/theo.niranbio.com\/pt-br\/\"},{\"@type\":\"ListItem\",\"position\":2,\"name\":\"Produtos\",\"item\":\"https:\/\/theo.niranbio.com\/pt-br\/produtos.html\"},{\"@type\":\"ListItem\",\"position\":3,\"name\":\"Acidulante\",\"item\":\"https:\/\/theo.niranbio.com\/pt-br\/produto-acidulante\/\"},{\"@type\":\"ListItem\",\"position\":4,\"name\":\"\u00c1cido ac\u00e9tico glacial &#8211; grau aliment\u00edcio\"}]},{\"@type\":\"WebSite\",\"@id\":\"https:\/\/theo.niranbio.com\/pt-br\/#website\",\"url\":\"https:\/\/theo.niranbio.com\/pt-br\/\",\"name\":\"Niranbio Chemical\",\"description\":\"\",\"publisher\":{\"@id\":\"https:\/\/theo.niranbio.com\/pt-br\/#organization\"},\"potentialAction\":[{\"@type\":\"SearchAction\",\"target\":{\"@type\":\"EntryPoint\",\"urlTemplate\":\"https:\/\/theo.niranbio.com\/pt-br\/?s={search_term_string}\"},\"query-input\":{\"@type\":\"PropertyValueSpecification\",\"valueRequired\":true,\"valueName\":\"search_term_string\"}}],\"inLanguage\":\"pt-BR\"},{\"@type\":\"Organization\",\"@id\":\"https:\/\/theo.niranbio.com\/pt-br\/#organization\",\"name\":\"Niranbio Chemical\",\"url\":\"https:\/\/theo.niranbio.com\/pt-br\/\",\"logo\":{\"@type\":\"ImageObject\",\"inLanguage\":\"pt-BR\",\"@id\":\"https:\/\/theo.niranbio.com\/pt-br\/#\/schema\/logo\/image\/\",\"url\":\"https:\/\/theo.niranbio.com\/wp-content\/uploads\/2024\/06\/Niranbio.png\",\"contentUrl\":\"https:\/\/theo.niranbio.com\/wp-content\/uploads\/2024\/06\/Niranbio.png\",\"width\":270,\"height\":100,\"caption\":\"Niranbio Chemical\"},\"image\":{\"@id\":\"https:\/\/theo.niranbio.com\/pt-br\/#\/schema\/logo\/image\/\"}}]}<\/script>\n<!-- \/ Yoast SEO plugin. -->","yoast_head_json":{"title":"\u00c1cido Ac\u00e9tico Glacial Fornecedores, E260 Comprar Pre\u00e7o | Niranbio Chemical","description":"Fornecemos \u00e1cido ac\u00e9tico glacial (regulador de acidez E260) 99,97% l\u00edquido de alta pureza, l\u00edmpido e incolor, com odor pungente.","robots":{"index":"noindex","follow":"follow","max-snippet":"max-snippet:-1","max-image-preview":"max-image-preview:large","max-video-preview":"max-video-preview:-1"},"twitter_misc":{"Est. tempo de leitura":"5 minutos"},"schema":{"@context":"https:\/\/schema.org","@graph":[{"@type":"WebPage","@id":"https:\/\/theo.niranbio.com\/pt-br\/acido-acetico-glacial-grau-alimenticio.html","url":"https:\/\/theo.niranbio.com\/pt-br\/acido-acetico-glacial-grau-alimenticio.html","name":"\u00c1cido Ac\u00e9tico Glacial Fornecedores, E260 Comprar Pre\u00e7o | Niranbio Chemical","isPartOf":{"@id":"https:\/\/theo.niranbio.com\/pt-br\/#website"},"primaryImageOfPage":{"@id":"https:\/\/theo.niranbio.com\/pt-br\/acido-acetico-glacial-grau-alimenticio.html#primaryimage"},"image":{"@id":"https:\/\/theo.niranbio.com\/pt-br\/acido-acetico-glacial-grau-alimenticio.html#primaryimage"},"thumbnailUrl":"https:\/\/theo.niranbio.com\/wp-content\/uploads\/2024\/06\/Glacial-Acetic-Acid.webp","datePublished":"2024-06-20T00:58:17+00:00","dateModified":"2024-08-16T06:21:40+00:00","description":"Fornecemos \u00e1cido ac\u00e9tico glacial (regulador de acidez E260) 99,97% l\u00edquido de alta pureza, l\u00edmpido e incolor, com odor pungente.","breadcrumb":{"@id":"https:\/\/theo.niranbio.com\/pt-br\/acido-acetico-glacial-grau-alimenticio.html#breadcrumb"},"inLanguage":"pt-BR","potentialAction":[{"@type":"ReadAction","target":["https:\/\/theo.niranbio.com\/pt-br\/acido-acetico-glacial-grau-alimenticio.html"]}]},{"@type":"ImageObject","inLanguage":"pt-BR","@id":"https:\/\/theo.niranbio.com\/pt-br\/acido-acetico-glacial-grau-alimenticio.html#primaryimage","url":"https:\/\/theo.niranbio.com\/wp-content\/uploads\/2024\/06\/Glacial-Acetic-Acid.webp","contentUrl":"https:\/\/theo.niranbio.com\/wp-content\/uploads\/2024\/06\/Glacial-Acetic-Acid.webp","width":600,"height":600,"caption":"\u00c1cido ac\u00e9tico glacial"},{"@type":"BreadcrumbList","@id":"https:\/\/theo.niranbio.com\/pt-br\/acido-acetico-glacial-grau-alimenticio.html#breadcrumb","itemListElement":[{"@type":"ListItem","position":1,"name":"Home","item":"https:\/\/theo.niranbio.com\/pt-br\/"},{"@type":"ListItem","position":2,"name":"Produtos","item":"https:\/\/theo.niranbio.com\/pt-br\/produtos.html"},{"@type":"ListItem","position":3,"name":"Acidulante","item":"https:\/\/theo.niranbio.com\/pt-br\/produto-acidulante\/"},{"@type":"ListItem","position":4,"name":"\u00c1cido ac\u00e9tico glacial &#8211; grau aliment\u00edcio"}]},{"@type":"WebSite","@id":"https:\/\/theo.niranbio.com\/pt-br\/#website","url":"https:\/\/theo.niranbio.com\/pt-br\/","name":"Niranbio Chemical","description":"","publisher":{"@id":"https:\/\/theo.niranbio.com\/pt-br\/#organization"},"potentialAction":[{"@type":"SearchAction","target":{"@type":"EntryPoint","urlTemplate":"https:\/\/theo.niranbio.com\/pt-br\/?s={search_term_string}"},"query-input":{"@type":"PropertyValueSpecification","valueRequired":true,"valueName":"search_term_string"}}],"inLanguage":"pt-BR"},{"@type":"Organization","@id":"https:\/\/theo.niranbio.com\/pt-br\/#organization","name":"Niranbio Chemical","url":"https:\/\/theo.niranbio.com\/pt-br\/","logo":{"@type":"ImageObject","inLanguage":"pt-BR","@id":"https:\/\/theo.niranbio.com\/pt-br\/#\/schema\/logo\/image\/","url":"https:\/\/theo.niranbio.com\/wp-content\/uploads\/2024\/06\/Niranbio.png","contentUrl":"https:\/\/theo.niranbio.com\/wp-content\/uploads\/2024\/06\/Niranbio.png","width":270,"height":100,"caption":"Niranbio Chemical"},"image":{"@id":"https:\/\/theo.niranbio.com\/pt-br\/#\/schema\/logo\/image\/"}}]}},"_links":{"self":[{"href":"https:\/\/theo.niranbio.com\/pt-br\/wp-json\/wp\/v2\/product\/8300","targetHints":{"allow":["GET"]}}],"collection":[{"href":"https:\/\/theo.niranbio.com\/pt-br\/wp-json\/wp\/v2\/product"}],"about":[{"href":"https:\/\/theo.niranbio.com\/pt-br\/wp-json\/wp\/v2\/types\/product"}],"version-history":[{"count":0,"href":"https:\/\/theo.niranbio.com\/pt-br\/wp-json\/wp\/v2\/product\/8300\/revisions"}],"wp:featuredmedia":[{"embeddable":true,"href":"https:\/\/theo.niranbio.com\/pt-br\/wp-json\/wp\/v2\/media\/8136"}],"wp:attachment":[{"href":"https:\/\/theo.niranbio.com\/pt-br\/wp-json\/wp\/v2\/media?parent=8300"}],"wp:term":[{"taxonomy":"product_brand","embeddable":true,"href":"https:\/\/theo.niranbio.com\/pt-br\/wp-json\/wp\/v2\/product_brand?post=8300"},{"taxonomy":"product_cat","embeddable":true,"href":"https:\/\/theo.niranbio.com\/pt-br\/wp-json\/wp\/v2\/product_cat?post=8300"},{"taxonomy":"product_tag","embeddable":true,"href":"https:\/\/theo.niranbio.com\/pt-br\/wp-json\/wp\/v2\/product_tag?post=8300"}],"curies":[{"name":"wp","href":"https:\/\/api.w.org\/{rel}","templated":true}]}}