{"id":8295,"date":"2024-06-20T09:00:04","date_gmt":"2024-06-20T01:00:04","guid":{"rendered":"https:\/\/theo.niranbio.com\/citrato-trissodico-di-hidratado\/"},"modified":"2024-08-13T15:47:35","modified_gmt":"2024-08-13T07:47:35","slug":"citrato-trissodico-di-hidratado","status":"publish","type":"product","link":"https:\/\/theo.niranbio.com\/pt-br\/citrato-trissodico-di-hidratado.html","title":{"rendered":"Citrato triss\u00f3dico di-hidratado"},"content":{"rendered":"<h2><span class=\"ez-toc-section\" id=\"O_que_e_citrato_trissodico_di-hidratado%EF%BC%9F\"><\/span>O que \u00e9 citrato triss\u00f3dico di-hidratado\uff1f<span class=\"ez-toc-section-end\"><\/span><\/h2>\n<p>Citrato Triss\u00f3dico Di-hidratado \u00e9 um composto org\u00e2nico, tamb\u00e9m conhecido como citrato de trimetil s\u00f3dio, que aparece como cristais incolores ou gr\u00e2nulos ou p\u00f3 branco e \u00e9 inodoro e levemente salgado. Esta subst\u00e2ncia tem aplica\u00e7\u00f5es extensivas em aditivos alimentares, emulsificantes e na ind\u00fastria farmac\u00eautica.<\/p>\n<p>O Citrato Triss\u00f3dico Di-hidratado \u00e9 preparado pela agita\u00e7\u00e3o do bicarbonato de s\u00f3dio e dissolu\u00e7\u00e3o em \u00e1gua quente, depois adicionando \u00e1cido c\u00edtrico para neutraliz\u00e1-lo a um valor de Ph de 6,8 a 85-90 \u00b0C, depois adicionando carv\u00e3o ativado para descolora\u00e7\u00e3o e filtrando-o enquanto quente. O filtrado passa por concentra\u00e7\u00e3o sob press\u00e3o reduzida, seguido de resfriamento e cristaliza\u00e7\u00e3o. Os cristais resultantes s\u00e3o ent\u00e3o centrifugados, lavados e secos para produzir citrato de s\u00f3dio.<\/p>\n<p>A f\u00f3rmula qu\u00edmica \u00e9: C6H8O7+3NaHCO3\u2192C6H5Na3O7\u00b72H2O+3CO2\u2191+H2O Outro m\u00e9todo \u00e9 usar \u00e1cido c\u00edtrico anidro seco a 70\u00b0C e carbonato de s\u00f3dio anidro seco a 160\u00b0C como mat\u00e9rias-primas. Dissolva 1 mol de \u00e1cido c\u00edtrico em 600 mL de \u00e1gua, adicione uma quantidade estequiom\u00e9trica de carbonato de s\u00f3dio em pequenas quantidades v\u00e1rias vezes e mexa continuamente. Ferva a solu\u00e7\u00e3o por 30 minutos e depois filtre. Colete o filtrado em um prato de evapora\u00e7\u00e3o de peso conhecido e evapore em banho-maria at\u00e9 que os cristais comecem a se formar e precipitar. Os cristais s\u00e3o secos ao ar e depois secos a 70\u00b0C.<\/p>\n<h2><span class=\"ez-toc-section\" id=\"Parametros_relacionados\"><\/span>Par\u00e2metros relacionados:<span class=\"ez-toc-section-end\"><\/span><\/h2>\n<table>\n<tbody>\n<tr>\n<td>Itens<\/td>\n<td>Padr\u00f5es<\/td>\n<\/tr>\n<tr>\n<td>pH (solu\u00e7\u00e3o aquosa a 5%)<\/td>\n<td>8.0-8.7<\/td>\n<\/tr>\n<tr>\n<td>Perda na secagem (\u00e1gua)<\/td>\n<td>12.00-12.50%<\/td>\n<\/tr>\n<tr>\n<td>Materiais estranhos<\/td>\n<td>Atende \u00e0s especifica\u00e7\u00f5es<\/td>\n<\/tr>\n<tr>\n<td>Metais pesados<\/td>\n<td>\u22641 ppm<\/td>\n<\/tr>\n<tr>\n<td>Ars\u00eanico<\/td>\n<td>\u22641 ppm<\/td>\n<\/tr>\n<tr>\n<td>Chumbo<\/td>\n<td>\u22641 ppm<\/td>\n<\/tr>\n<tr>\n<td>Merc\u00fario<\/td>\n<td>\u22641 ppm<\/td>\n<\/tr>\n<tr>\n<td>Cobre<\/td>\n<td>\u22641 ppm<\/td>\n<\/tr>\n<tr>\n<td>Zinco<\/td>\n<td>\u22641 ppm<\/td>\n<\/tr>\n<tr>\n<td>Ferro<\/td>\n<td>\u22645 ppm<\/td>\n<\/tr>\n<tr>\n<td>C\u00e1lcio<\/td>\n<td>\u226420 ppm<\/td>\n<\/tr>\n<tr>\n<td>Magn\u00e9sio<\/td>\n<td>\u22642 ppm<\/td>\n<\/tr>\n<tr>\n<td>Cloretos<\/td>\n<td>\u22645 ppm<\/td>\n<\/tr>\n<tr>\n<td>Sulfatos<\/td>\n<td>\u226430 ppm<\/td>\n<\/tr>\n<tr>\n<td>Oxalatos<\/td>\n<td>\u226410 ppm<\/td>\n<\/tr>\n<tr>\n<td>Tartratos<\/td>\n<td>Atende \u00e0s especifica\u00e7\u00f5es<\/td>\n<\/tr>\n<tr>\n<td>Alcalinidade<\/td>\n<td>Atende \u00e0s especifica\u00e7\u00f5es<\/td>\n<\/tr>\n<tr>\n<td>Subst\u00e2ncias facilmente carboniz\u00e1veis<\/td>\n<td>Atende \u00e0s especifica\u00e7\u00f5es<\/td>\n<\/tr>\n<tr>\n<td>Cor (250 g\/l, Tat 366 nm, 1 cm)<\/td>\n<td>m\u00edn. 92%<\/td>\n<\/tr>\n<tr>\n<td>Ensaio<\/td>\n<td>99.0-100.5%<\/td>\n<\/tr>\n<\/tbody>\n<\/table>\n<h2><span class=\"ez-toc-section\" id=\"Dosagem_recomendada\"><\/span>Dosagem recomendada:<span class=\"ez-toc-section-end\"><\/span><\/h2>\n<table>\n<tbody>\n<tr>\n<td>Nome do alimento<\/td>\n<td>Uso m\u00e1ximo (g\/kg)<\/td>\n<\/tr>\n<tr>\n<td>Bebidas carbonatadas<\/td>\n<td>0,5-1,0 g\/kg<\/td>\n<\/tr>\n<tr>\n<td>Produtos de amido<\/td>\n<td>0,3-0,6 g\/kg<\/td>\n<\/tr>\n<tr>\n<td>Temperos<\/td>\n<td>0,5-1,0 g\/kg<\/td>\n<\/tr>\n<tr>\n<td>Presunto<\/td>\n<td>0,3-0,5 g\/kg<\/td>\n<\/tr>\n<tr>\n<td>Alimentos enlatados<\/td>\n<td>0,4-0,8 g\/kg<\/td>\n<\/tr>\n<tr>\n<td>Agente de inclina\u00e7\u00e3o<\/td>\n<td>0,3-0,5 g\/kg<\/td>\n<\/tr>\n<tr>\n<td>Batatas fritas<\/td>\n<td>0,3-0,6 g\/kg<\/td>\n<\/tr>\n<tr>\n<td>Suco<\/td>\n<td>0,5-1,0 g\/kg<\/td>\n<\/tr>\n<tr>\n<td>Queijo<\/td>\n<td>0,4-0,7 g\/kg<\/td>\n<\/tr>\n<tr>\n<td>P\u00e3o<\/td>\n<td>0,3-0,5 g\/kg<\/td>\n<\/tr>\n<\/tbody>\n<\/table>\n<h2><span class=\"ez-toc-section\" id=\"O_citrato_trissodico_di-hidratado_tem_uma_ampla_gama_de_usos\"><\/span>O citrato triss\u00f3dico di-hidratado tem uma ampla gama de usos<span class=\"ez-toc-section-end\"><\/span><\/h2>\n<ol>\n<li>Ele serve como um regulador de pH e emulsificante em v\u00e1rios produtos, como geleias, doces, gelatinas e sorvetes. Pode reduzir o gosto azedo quando combinado com \u00e1cido c\u00edtrico e tamb\u00e9m pode complexar \u00edons met\u00e1licos.<\/li>\n<li>\u00c9 utilizado como aditivo alimentar, agente complexante e tamp\u00e3o em galvanoplastia, produ\u00e7\u00e3o de anticoagulantes farmac\u00eauticos e como agente auxiliar de detergente na ind\u00fastria leve.<\/li>\n<li>\u00c9 empregado como reagente de an\u00e1lise cromatogr\u00e1fica, na prepara\u00e7\u00e3o de meios de cultura bacteriana e encontra aplica\u00e7\u00f5es na ind\u00fastria farmac\u00eautica.<\/li>\n<li>Serve como tempero e estabilizador no processamento de alimentos, tamp\u00e3o e agente complexante secund\u00e1rio em galvanoplastia n\u00e3o t\u00f3xica e tamb\u00e9m encontra uso como anticoagulante, expectorante e diur\u00e9tico em aplica\u00e7\u00f5es farmac\u00eauticas. Al\u00e9m disso, encontra uso em cerveja, inje\u00e7\u00f5es e analg\u00e9sicos.<\/li>\n<li>Verifica a acidez da urina. Serve como um agente complexante multivalente e sequestrante para remo\u00e7\u00e3o de metais tra\u00e7o e funciona como tamp\u00e3o, meio de cultura bacteriana e anticoagulante sangu\u00edneo. Al\u00e9m disso, \u00e9 utilizado para preserva\u00e7\u00e3o e frescor de alimentos, atua como expectorante e diur\u00e9tico em aplica\u00e7\u00f5es farmac\u00eauticas e encontra usos nas ind\u00fastrias de cerveja, fotografia e galvanoplastia como um estabilizador quelante e auxiliar de detergente.<\/li>\n<li>O citrato triss\u00f3dico di-hidratado \u00e9 empregado em diversas aplica\u00e7\u00f5es, incluindo revestimento de cobre, pr\u00e9-n\u00edquel, prata, cromo tetracromato, liga de cobre-zinco, ouro, n\u00edquel qu\u00edmico e solu\u00e7\u00f5es de remo\u00e7\u00e3o de ouro, atuando como um agente complexante. Na galvanoplastia de n\u00edquel citrato, ele funciona como um sal condutor e agente complexante para evitar a precipita\u00e7\u00e3o de hidr\u00f3xido de n\u00edquel. Tamb\u00e9m \u00e9 usado em eletr\u00f3litos para revestimento de cobre, zinco, ouro e n\u00edquel neutro. Al\u00e9m disso, o citrato triss\u00f3dico di-hidratado encontra uso no revestimento qu\u00edmico de n\u00edquel de cobalto e suas ligas.<\/li>\n<\/ol>\n<h2><span class=\"ez-toc-section\" id=\"O_usuario_fez_a_seguinte_pergunta\"><\/span>O usu\u00e1rio fez a seguinte pergunta:<span class=\"ez-toc-section-end\"><\/span><\/h2>\n<p><strong>Pergunta: Diferen\u00e7a entre citrato triss\u00f3dico di-hidratado e citrato de s\u00f3dio<\/strong><\/p>\n<p>Resposta: O citrato triss\u00f3dico di-hidratado cont\u00e9m duas mol\u00e9culas de \u00e1gua cristalina, por isso \u00e9 mais f\u00e1cil de dissolver em uma solu\u00e7\u00e3o aquosa e \u00e9 amplamente utilizado na ind\u00fastria aliment\u00edcia. Devido \u00e0 sua boa quela\u00e7\u00e3o e estabilidade, o citrato triss\u00f3dico di-hidratado \u00e9 usado como aditivo alimentar e \u00e9 frequentemente utilizado na produ\u00e7\u00e3o de molhos, geleias, geleias, bebidas, etc. O citrato triss\u00f3dico di-hidratado tamb\u00e9m pode ser usado como antioxidante e acidulante para alimentos, o que pode aumentar o sabor e o gosto dos alimentos; al\u00e9m da ind\u00fastria aliment\u00edcia, tem muitas outras \u00e1reas de aplica\u00e7\u00e3o.<\/p>\n<p>Por exemplo, \u00e9 frequentemente usado para ajustar o valor de medicamentos e estabilizar as propriedades dos medicamentos na fabrica\u00e7\u00e3o farmac\u00eautica. Al\u00e9m disso, tamb\u00e9m pode ser usado como ingrediente de f\u00f3rmula em produtos de limpeza e detergentes, com boas propriedades de descontamina\u00e7\u00e3o e emulsifica\u00e7\u00e3o. O citrato de s\u00f3dio n\u00e3o cont\u00e9m mol\u00e9culas de \u00e1gua, por isso sua solubilidade \u00e9 baixa e \u00e9 amplamente utilizado na ind\u00fastria aliment\u00edcia.<\/p>\n<p>Citrato de s\u00f3dio como um acidulante, pode aumentar a acidez e o sabor dos alimentos, e \u00e9 frequentemente usado na produ\u00e7\u00e3o de bebidas carbonatadas, sucos, geleias e outros alimentos; al\u00e9m de sua aplica\u00e7\u00e3o na ind\u00fastria aliment\u00edcia, o citrato de s\u00f3dio tamb\u00e9m \u00e9 amplamente utilizado em produtos farmac\u00eauticos, cosm\u00e9ticos, detergentes e outros campos. Devido \u00e0s suas propriedades \u00e1cidas, o citrato de s\u00f3dio pode ser usado para controlar o pH de medicamentos e como um regulador de acidez em cosm\u00e9ticos. Al\u00e9m disso, tamb\u00e9m pode ser usado como um amaciante de \u00edons de c\u00e1lcio em detergentes para ajudar a remover manchas de roupas.<\/p>\n<p><strong>Pergunta: Medidas de emerg\u00eancia para contato com citrato triss\u00f3dico di-hidratado<\/strong><\/p>\n<p>Resposta: Se inalado, realoque o indiv\u00edduo para o ar fresco. Em caso de contato com a pele, tire as roupas imediatamente e lave a superf\u00edcie da pele cuidadosamente com \u00e1gua ou sab\u00e3o. Se voc\u00ea n\u00e3o se sentir bem, procure atendimento m\u00e9dico imediatamente; Se o contato com os olhos ocorrer acidentalmente, abra as p\u00e1lpebras, lave com \u00e1gua corrente ou soro fisiol\u00f3gico e procure atendimento m\u00e9dico imediatamente; Se ingerido, lave a boca imediatamente, n\u00e3o induza o v\u00f4mito e procure atendimento m\u00e9dico imediatamente.<\/p>\n","protected":false},"excerpt":{"rendered":"<ul>\n<li>CAS: 6132-04-3<\/li>\n<li>F\u00f3rmula qu\u00edmica: C<sub>6<\/sub>H<sub>5<\/sub>Na<sub>307<\/sub>*2H<sub>20<\/sub><\/li>\n<li>Certifica\u00e7\u00f5es: KOSHER, ISO, HALAL, FSSC 22000, BRC, etc.<\/li>\n<li>Padr\u00e3o:<\/li>\n<li>Quantidade m\u00ednima do pedido: 1000KG<\/li>\n<li>Vida \u00fatil: 3 anos<\/li>\n<\/ul>\n","protected":false},"featured_media":8296,"template":"","meta":{"site-sidebar-layout":"default","site-content-layout":"","ast-site-content-layout":"default","site-content-style":"default","site-sidebar-style":"default","ast-global-header-display":"","ast-banner-title-visibility":"","ast-main-header-display":"","ast-hfb-above-header-display":"","ast-hfb-below-header-display":"","ast-hfb-mobile-header-display":"","site-post-title":"","ast-breadcrumbs-content":"","ast-featured-img":"","footer-sml-layout":"","theme-transparent-header-meta":"default","adv-header-id-meta":"","stick-header-meta":"","header-above-stick-meta":"","header-main-stick-meta":"","header-below-stick-meta":"","astra-migrate-meta-layouts":"set","ast-page-background-enabled":"default","ast-page-background-meta":{"desktop":{"background-color":"var(--ast-global-color-4)","background-image":"","background-repeat":"repeat","background-position":"center center","background-size":"auto","background-attachment":"scroll","background-type":"","background-media":"","overlay-type":"","overlay-color":"","overlay-opacity":"","overlay-gradient":""},"tablet":{"background-color":"","background-image":"","background-repeat":"repeat","background-position":"center center","background-size":"auto","background-attachment":"scroll","background-type":"","background-media":"","overlay-type":"","overlay-color":"","overlay-opacity":"","overlay-gradient":""},"mobile":{"background-color":"","background-image":"","background-repeat":"repeat","background-position":"center center","background-size":"auto","background-attachment":"scroll","background-type":"","background-media":"","overlay-type":"","overlay-color":"","overlay-opacity":"","overlay-gradient":""}},"ast-content-background-meta":{"desktop":{"background-color":"var(--ast-global-color-5)","background-image":"","background-repeat":"repeat","background-position":"center center","background-size":"auto","background-attachment":"scroll","background-type":"","background-media":"","overlay-type":"","overlay-color":"","overlay-opacity":"","overlay-gradient":""},"tablet":{"background-color":"var(--ast-global-color-5)","background-image":"","background-repeat":"repeat","background-position":"center center","background-size":"auto","background-attachment":"scroll","background-type":"","background-media":"","overlay-type":"","overlay-color":"","overlay-opacity":"","overlay-gradient":""},"mobile":{"background-color":"var(--ast-global-color-5)","background-image":"","background-repeat":"repeat","background-position":"center center","background-size":"auto","background-attachment":"scroll","background-type":"","background-media":"","overlay-type":"","overlay-color":"","overlay-opacity":"","overlay-gradient":""}}},"product_brand":[],"product_cat":[74],"product_tag":[],"class_list":{"0":"post-8295","1":"product","2":"type-product","3":"status-publish","4":"has-post-thumbnail","6":"product_cat-produto-acidulante","7":"desktop-align-center","8":"tablet-align-left","9":"mobile-align-left","11":"first","12":"instock","13":"shipping-taxable","14":"product-type-simple"},"yoast_head":"<!-- This site is optimized with the Yoast SEO plugin v26.5 - https:\/\/yoast.com\/wordpress\/plugins\/seo\/ -->\n<title>P\u00f3 de Citrato Triss\u00f3dico Dihidratado, Fornecedor de Regulador de Acidez E331 | Niranbio Chemical<\/title>\n<meta name=\"description\" content=\"Nosso Citrato Triss\u00f3dico Di-hidratado est\u00e1 dispon\u00edvel em tamanhos de malha regulares 12-40 e 30-100 ou personalizados.\" \/>\n<meta name=\"robots\" content=\"noindex, follow, max-snippet:-1, max-image-preview:large, max-video-preview:-1\" \/>\n<meta name=\"twitter:label1\" content=\"Est. tempo de leitura\" \/>\n\t<meta name=\"twitter:data1\" content=\"5 minutos\" \/>\n<script type=\"application\/ld+json\" class=\"yoast-schema-graph\">{\"@context\":\"https:\/\/schema.org\",\"@graph\":[{\"@type\":\"WebPage\",\"@id\":\"https:\/\/theo.niranbio.com\/pt-br\/citrato-trissodico-di-hidratado.html\",\"url\":\"https:\/\/theo.niranbio.com\/pt-br\/citrato-trissodico-di-hidratado.html\",\"name\":\"P\u00f3 de Citrato Triss\u00f3dico Dihidratado, Fornecedor de Regulador de Acidez E331 | Niranbio Chemical\",\"isPartOf\":{\"@id\":\"https:\/\/theo.niranbio.com\/pt-br\/#website\"},\"primaryImageOfPage\":{\"@id\":\"https:\/\/theo.niranbio.com\/pt-br\/citrato-trissodico-di-hidratado.html#primaryimage\"},\"image\":{\"@id\":\"https:\/\/theo.niranbio.com\/pt-br\/citrato-trissodico-di-hidratado.html#primaryimage\"},\"thumbnailUrl\":\"https:\/\/theo.niranbio.com\/wp-content\/uploads\/2024\/06\/Trisodium-Citrate-Dihydrate.webp\",\"datePublished\":\"2024-06-20T01:00:04+00:00\",\"dateModified\":\"2024-08-13T07:47:35+00:00\",\"description\":\"Nosso Citrato Triss\u00f3dico Di-hidratado est\u00e1 dispon\u00edvel em tamanhos de malha regulares 12-40 e 30-100 ou personalizados.\",\"breadcrumb\":{\"@id\":\"https:\/\/theo.niranbio.com\/pt-br\/citrato-trissodico-di-hidratado.html#breadcrumb\"},\"inLanguage\":\"pt-BR\",\"potentialAction\":[{\"@type\":\"ReadAction\",\"target\":[\"https:\/\/theo.niranbio.com\/pt-br\/citrato-trissodico-di-hidratado.html\"]}]},{\"@type\":\"ImageObject\",\"inLanguage\":\"pt-BR\",\"@id\":\"https:\/\/theo.niranbio.com\/pt-br\/citrato-trissodico-di-hidratado.html#primaryimage\",\"url\":\"https:\/\/theo.niranbio.com\/wp-content\/uploads\/2024\/06\/Trisodium-Citrate-Dihydrate.webp\",\"contentUrl\":\"https:\/\/theo.niranbio.com\/wp-content\/uploads\/2024\/06\/Trisodium-Citrate-Dihydrate.webp\",\"width\":600,\"height\":600,\"caption\":\"Citrato triss\u00f3dico di-hidratado\"},{\"@type\":\"BreadcrumbList\",\"@id\":\"https:\/\/theo.niranbio.com\/pt-br\/citrato-trissodico-di-hidratado.html#breadcrumb\",\"itemListElement\":[{\"@type\":\"ListItem\",\"position\":1,\"name\":\"Home\",\"item\":\"https:\/\/theo.niranbio.com\/pt-br\/\"},{\"@type\":\"ListItem\",\"position\":2,\"name\":\"Produtos\",\"item\":\"https:\/\/theo.niranbio.com\/pt-br\/produtos.html\"},{\"@type\":\"ListItem\",\"position\":3,\"name\":\"Acidulante\",\"item\":\"https:\/\/theo.niranbio.com\/pt-br\/produto-acidulante\/\"},{\"@type\":\"ListItem\",\"position\":4,\"name\":\"Citrato triss\u00f3dico di-hidratado\"}]},{\"@type\":\"WebSite\",\"@id\":\"https:\/\/theo.niranbio.com\/pt-br\/#website\",\"url\":\"https:\/\/theo.niranbio.com\/pt-br\/\",\"name\":\"Niranbio Chemical\",\"description\":\"\",\"publisher\":{\"@id\":\"https:\/\/theo.niranbio.com\/pt-br\/#organization\"},\"potentialAction\":[{\"@type\":\"SearchAction\",\"target\":{\"@type\":\"EntryPoint\",\"urlTemplate\":\"https:\/\/theo.niranbio.com\/pt-br\/?s={search_term_string}\"},\"query-input\":{\"@type\":\"PropertyValueSpecification\",\"valueRequired\":true,\"valueName\":\"search_term_string\"}}],\"inLanguage\":\"pt-BR\"},{\"@type\":\"Organization\",\"@id\":\"https:\/\/theo.niranbio.com\/pt-br\/#organization\",\"name\":\"Niranbio Chemical\",\"url\":\"https:\/\/theo.niranbio.com\/pt-br\/\",\"logo\":{\"@type\":\"ImageObject\",\"inLanguage\":\"pt-BR\",\"@id\":\"https:\/\/theo.niranbio.com\/pt-br\/#\/schema\/logo\/image\/\",\"url\":\"https:\/\/theo.niranbio.com\/wp-content\/uploads\/2024\/06\/Niranbio.png\",\"contentUrl\":\"https:\/\/theo.niranbio.com\/wp-content\/uploads\/2024\/06\/Niranbio.png\",\"width\":270,\"height\":100,\"caption\":\"Niranbio Chemical\"},\"image\":{\"@id\":\"https:\/\/theo.niranbio.com\/pt-br\/#\/schema\/logo\/image\/\"}}]}<\/script>\n<!-- \/ Yoast SEO plugin. -->","yoast_head_json":{"title":"P\u00f3 de Citrato Triss\u00f3dico Dihidratado, Fornecedor de Regulador de Acidez E331 | Niranbio Chemical","description":"Nosso Citrato Triss\u00f3dico Di-hidratado est\u00e1 dispon\u00edvel em tamanhos de malha regulares 12-40 e 30-100 ou personalizados.","robots":{"index":"noindex","follow":"follow","max-snippet":"max-snippet:-1","max-image-preview":"max-image-preview:large","max-video-preview":"max-video-preview:-1"},"twitter_misc":{"Est. tempo de leitura":"5 minutos"},"schema":{"@context":"https:\/\/schema.org","@graph":[{"@type":"WebPage","@id":"https:\/\/theo.niranbio.com\/pt-br\/citrato-trissodico-di-hidratado.html","url":"https:\/\/theo.niranbio.com\/pt-br\/citrato-trissodico-di-hidratado.html","name":"P\u00f3 de Citrato Triss\u00f3dico Dihidratado, Fornecedor de Regulador de Acidez E331 | Niranbio Chemical","isPartOf":{"@id":"https:\/\/theo.niranbio.com\/pt-br\/#website"},"primaryImageOfPage":{"@id":"https:\/\/theo.niranbio.com\/pt-br\/citrato-trissodico-di-hidratado.html#primaryimage"},"image":{"@id":"https:\/\/theo.niranbio.com\/pt-br\/citrato-trissodico-di-hidratado.html#primaryimage"},"thumbnailUrl":"https:\/\/theo.niranbio.com\/wp-content\/uploads\/2024\/06\/Trisodium-Citrate-Dihydrate.webp","datePublished":"2024-06-20T01:00:04+00:00","dateModified":"2024-08-13T07:47:35+00:00","description":"Nosso Citrato Triss\u00f3dico Di-hidratado est\u00e1 dispon\u00edvel em tamanhos de malha regulares 12-40 e 30-100 ou personalizados.","breadcrumb":{"@id":"https:\/\/theo.niranbio.com\/pt-br\/citrato-trissodico-di-hidratado.html#breadcrumb"},"inLanguage":"pt-BR","potentialAction":[{"@type":"ReadAction","target":["https:\/\/theo.niranbio.com\/pt-br\/citrato-trissodico-di-hidratado.html"]}]},{"@type":"ImageObject","inLanguage":"pt-BR","@id":"https:\/\/theo.niranbio.com\/pt-br\/citrato-trissodico-di-hidratado.html#primaryimage","url":"https:\/\/theo.niranbio.com\/wp-content\/uploads\/2024\/06\/Trisodium-Citrate-Dihydrate.webp","contentUrl":"https:\/\/theo.niranbio.com\/wp-content\/uploads\/2024\/06\/Trisodium-Citrate-Dihydrate.webp","width":600,"height":600,"caption":"Citrato triss\u00f3dico di-hidratado"},{"@type":"BreadcrumbList","@id":"https:\/\/theo.niranbio.com\/pt-br\/citrato-trissodico-di-hidratado.html#breadcrumb","itemListElement":[{"@type":"ListItem","position":1,"name":"Home","item":"https:\/\/theo.niranbio.com\/pt-br\/"},{"@type":"ListItem","position":2,"name":"Produtos","item":"https:\/\/theo.niranbio.com\/pt-br\/produtos.html"},{"@type":"ListItem","position":3,"name":"Acidulante","item":"https:\/\/theo.niranbio.com\/pt-br\/produto-acidulante\/"},{"@type":"ListItem","position":4,"name":"Citrato triss\u00f3dico di-hidratado"}]},{"@type":"WebSite","@id":"https:\/\/theo.niranbio.com\/pt-br\/#website","url":"https:\/\/theo.niranbio.com\/pt-br\/","name":"Niranbio Chemical","description":"","publisher":{"@id":"https:\/\/theo.niranbio.com\/pt-br\/#organization"},"potentialAction":[{"@type":"SearchAction","target":{"@type":"EntryPoint","urlTemplate":"https:\/\/theo.niranbio.com\/pt-br\/?s={search_term_string}"},"query-input":{"@type":"PropertyValueSpecification","valueRequired":true,"valueName":"search_term_string"}}],"inLanguage":"pt-BR"},{"@type":"Organization","@id":"https:\/\/theo.niranbio.com\/pt-br\/#organization","name":"Niranbio Chemical","url":"https:\/\/theo.niranbio.com\/pt-br\/","logo":{"@type":"ImageObject","inLanguage":"pt-BR","@id":"https:\/\/theo.niranbio.com\/pt-br\/#\/schema\/logo\/image\/","url":"https:\/\/theo.niranbio.com\/wp-content\/uploads\/2024\/06\/Niranbio.png","contentUrl":"https:\/\/theo.niranbio.com\/wp-content\/uploads\/2024\/06\/Niranbio.png","width":270,"height":100,"caption":"Niranbio Chemical"},"image":{"@id":"https:\/\/theo.niranbio.com\/pt-br\/#\/schema\/logo\/image\/"}}]}},"_links":{"self":[{"href":"https:\/\/theo.niranbio.com\/pt-br\/wp-json\/wp\/v2\/product\/8295","targetHints":{"allow":["GET"]}}],"collection":[{"href":"https:\/\/theo.niranbio.com\/pt-br\/wp-json\/wp\/v2\/product"}],"about":[{"href":"https:\/\/theo.niranbio.com\/pt-br\/wp-json\/wp\/v2\/types\/product"}],"version-history":[{"count":0,"href":"https:\/\/theo.niranbio.com\/pt-br\/wp-json\/wp\/v2\/product\/8295\/revisions"}],"wp:featuredmedia":[{"embeddable":true,"href":"https:\/\/theo.niranbio.com\/pt-br\/wp-json\/wp\/v2\/media\/8296"}],"wp:attachment":[{"href":"https:\/\/theo.niranbio.com\/pt-br\/wp-json\/wp\/v2\/media?parent=8295"}],"wp:term":[{"taxonomy":"product_brand","embeddable":true,"href":"https:\/\/theo.niranbio.com\/pt-br\/wp-json\/wp\/v2\/product_brand?post=8295"},{"taxonomy":"product_cat","embeddable":true,"href":"https:\/\/theo.niranbio.com\/pt-br\/wp-json\/wp\/v2\/product_cat?post=8295"},{"taxonomy":"product_tag","embeddable":true,"href":"https:\/\/theo.niranbio.com\/pt-br\/wp-json\/wp\/v2\/product_tag?post=8295"}],"curies":[{"name":"wp","href":"https:\/\/api.w.org\/{rel}","templated":true}]}}