{"id":8292,"date":"2024-06-20T09:02:24","date_gmt":"2024-06-20T01:02:24","guid":{"rendered":"https:\/\/theo.niranbio.com\/acido-citrico-anidro\/"},"modified":"2024-08-16T14:10:11","modified_gmt":"2024-08-16T06:10:11","slug":"acido-citrico-anidro","status":"publish","type":"product","link":"https:\/\/theo.niranbio.com\/pt-br\/acido-citrico-anidro.html","title":{"rendered":"\u00c1cido c\u00edtrico anidro"},"content":{"rendered":"<h2><span class=\"ez-toc-section\" id=\"O_que_e_acido_citrico_anidro\"><\/span>O que \u00e9 \u00e1cido c\u00edtrico anidro?<span class=\"ez-toc-section-end\"><\/span><\/h2>\n<p>O \u00e1cido c\u00edtrico anidro \u00e9 um cristal transl\u00facido ou p\u00f3 fino branco ou cristal, sem odor \u00f3bvio, um sabor muito \u00e1cido e facilmente sol\u00favel em \u00e1gua, \u00e1lcool e \u00e9ter. Ele existe naturalmente em frutas c\u00edtricas, como lim\u00f5es. Ao armazenar, \u00e9 necess\u00e1rio proteg\u00ea-lo da luz, mant\u00ea-lo lacrado e mant\u00ea-lo em local seco e fresco.<\/p>\n<p>\u00c9 usado principalmente como aditivo alimentar na ind\u00fastria aliment\u00edcia. Al\u00e9m disso, o \u00e1cido c\u00edtrico anidro tamb\u00e9m est\u00e1 envolvido em outras ind\u00fastrias, como a ind\u00fastria qu\u00edmica, a ind\u00fastria de cosm\u00e9ticos, etc. O \u00e1cido c\u00edtrico anidro \u00e9 um composto org\u00e2nico natural extra\u00eddo da casca de lim\u00e3o.<\/p>\n<p>O processo de produ\u00e7\u00e3o comum \u00e9 a prepara\u00e7\u00e3o da mat\u00e9ria-prima (casca de lim\u00e3o) por meio da extra\u00e7\u00e3o por compress\u00e3o, separa\u00e7\u00e3o \u00f3leo-\u00e1gua, precipita\u00e7\u00e3o por cristaliza\u00e7\u00e3o, lavagem com \u00e1gua, secagem at\u00e9 que o \u00e1cido c\u00edtrico anidro seja obtido e, em seguida, embalado e armazenado em local seco, fresco e ventilado.<\/p>\n<h2><span class=\"ez-toc-section\" id=\"Parametros_relacionados\"><\/span>Par\u00e2metros relacionados:<span class=\"ez-toc-section-end\"><\/span><\/h2>\n<table>\n<tbody>\n<tr>\n<td>Itens<\/td>\n<td>Padr\u00f5es<\/td>\n<\/tr>\n<tr>\n<td>Ensaio<\/td>\n<td>99.5-100%-100.5%<\/td>\n<\/tr>\n<tr>\n<td>Umidade<\/td>\n<td>\u22640.5%<\/td>\n<\/tr>\n<tr>\n<td>\u00c1cido ox\u00e1lico<\/td>\n<td>\u2264100 ppm<\/td>\n<\/tr>\n<tr>\n<td>Sulfato<\/td>\n<td>\u2264150 ppm<\/td>\n<\/tr>\n<tr>\n<td>Res\u00edduo na igni\u00e7\u00e3o (cinza sulfatada)<\/td>\n<td>\u22640.05%<\/td>\n<\/tr>\n<tr>\n<td>Metais pesados<\/td>\n<td>\u226410 ppm<\/td>\n<\/tr>\n<tr>\n<td>Merc\u00fario<\/td>\n<td>\u22641 ppm<\/td>\n<\/tr>\n<tr>\n<td>Chumbo<\/td>\n<td>\u22640,5 ppm<\/td>\n<\/tr>\n<tr>\n<td>Ars\u00eanico<\/td>\n<td>\u22641 ppm<\/td>\n<\/tr>\n<tr>\n<td>Alum\u00ednio<\/td>\n<td>\u22640,2 ppm<\/td>\n<\/tr>\n<tr>\n<td>Endotoxinas bacterianas<\/td>\n<td>\u22640,5 UI\/mg<\/td>\n<\/tr>\n<tr>\n<td>Trilaurilamina<\/td>\n<td>\u22640,1 ppm<\/td>\n<\/tr>\n<tr>\n<td>C\u00e1lcio<\/td>\n<td>\u2264200 ppm<\/td>\n<\/tr>\n<tr>\n<td>Ferro<\/td>\n<td>\u226450 ppm<\/td>\n<\/tr>\n<tr>\n<td>Cloreto<\/td>\n<td>\u226450 ppm<\/td>\n<\/tr>\n<\/tbody>\n<\/table>\n<h2><span class=\"ez-toc-section\" id=\"Dosagem_recomendada\"><\/span>Dosagem recomendada:<span class=\"ez-toc-section-end\"><\/span><\/h2>\n<table>\n<tbody>\n<tr>\n<td>Nome do alimento<\/td>\n<td>Uso m\u00e1ximo (g\/kg)<\/td>\n<\/tr>\n<tr>\n<td>Bebidas carbonatadas<\/td>\n<td>0,3-0,6 g\/kg<\/td>\n<\/tr>\n<tr>\n<td>Produtos de amido<\/td>\n<td>0,2-0,4 g\/kg<\/td>\n<\/tr>\n<tr>\n<td>Geleia<\/td>\n<td>0,3-0,6 g\/kg<\/td>\n<\/tr>\n<tr>\n<td>Molho para salada<\/td>\n<td>0,2-0,5 g\/kg<\/td>\n<\/tr>\n<tr>\n<td>Sorvete<\/td>\n<td>0,3-0,5 g\/kg<\/td>\n<\/tr>\n<tr>\n<td>Temperos<\/td>\n<td>0,3-0,6 g\/kg<\/td>\n<\/tr>\n<tr>\n<td>Presunto<\/td>\n<td>0,2-0,3 g\/kg<\/td>\n<\/tr>\n<tr>\n<td>P\u00e3o<\/td>\n<td>0,2-0,3 g\/kg<\/td>\n<\/tr>\n<tr>\n<td>Produtos grelhados<\/td>\n<td>0,3-0,5 g\/kg<\/td>\n<\/tr>\n<tr>\n<td>Alimentos congelados rapidamente<\/td>\n<td>0,2-0,4 g\/kg<\/td>\n<\/tr>\n<\/tbody>\n<\/table>\n<h2><span class=\"ez-toc-section\" id=\"O_acido_citrico_anidro_tem_uma_ampla_gama_de_usos\"><\/span>O \u00e1cido c\u00edtrico anidro tem uma ampla gama de usos<span class=\"ez-toc-section-end\"><\/span><\/h2>\n<h3><span class=\"ez-toc-section\" id=\"1_Industria_de_alimentos\"><\/span>1. Ind\u00fastria de alimentos:<span class=\"ez-toc-section-end\"><\/span><\/h3>\n<p>Como aditivo alimentar, \u00e9 usado como agente aromatizante e acidulante, especialmente em bebidas, sucos, alimentos enlatados, etc.<\/p>\n<h3><span class=\"ez-toc-section\" id=\"2_Industria_farmaceutica\"><\/span>2. Ind\u00fastria farmac\u00eautica<span class=\"ez-toc-section-end\"><\/span><\/h3>\n<p>Ele \u00e9 usado como catalisador ou acidificante em processos farmac\u00eauticos para ajudar a ajustar o pH dos medicamentos.<\/p>\n<h3><span class=\"ez-toc-section\" id=\"3_Cosmeticos\"><\/span>3. Cosm\u00e9ticos<span class=\"ez-toc-section-end\"><\/span><\/h3>\n<p>Ele pode ser usado como ingrediente para ajustar o valor do pH e tamb\u00e9m tem um efeito antioxidante, comumente encontrado em produtos de cuidados com a pele e cosm\u00e9ticos.<\/p>\n<h3><span class=\"ez-toc-section\" id=\"4_Outros_aplicativos\"><\/span>4. Outros aplicativos:<span class=\"ez-toc-section-end\"><\/span><\/h3>\n<p>Na ind\u00fastria, ele \u00e9 usado como componente de agentes de limpeza ou como parte de agentes de tratamento de \u00e1gua.<\/p>\n<h3><span class=\"ez-toc-section\" id=\"O_usuario_fez_a_seguinte_pergunta\"><\/span>O usu\u00e1rio fez a seguinte pergunta:<span class=\"ez-toc-section-end\"><\/span><\/h3>\n<p><strong>Pergunta: A diferen\u00e7a entre \u00e1cido m\u00e1lico e \u00e1cido c\u00edtrico:<\/strong><\/p>\n<p>Resposta: 1. As mat\u00e9rias-primas s\u00e3o diferentes. As mat\u00e9rias-primas do \u00e1cido m\u00e1lico s\u00e3o fermentadas de frutas como ma\u00e7\u00e3s, enquanto o \u00e1cido c\u00edtrico \u00e9 feito de milho fermentado.<\/p>\n<p>2. Os componentes da f\u00f3rmula qu\u00edmica s\u00e3o diferentes, \u00e1cido L m\u00e1lico, \u00e1cido DL m\u00e1lico; \u00e1cido c\u00edtrico monohidratado e \u00e1cido c\u00edtrico anidro.<\/p>\n<p>3. Os efeitos s\u00e3o diferentes. O \u00e1cido m\u00e1lico tem fun\u00e7\u00f5es melhores, como promover o metabolismo, enquanto o \u00e1cido c\u00edtrico pode promover a digest\u00e3o, embelezar a pele, etc.<\/p>\n<p>4. O sabor da acidez \u00e9 diferente. A acidez do \u00e1cido c\u00edtrico tem as caracter\u00edsticas de atingir rapidamente um ponto alto e diminuir rapidamente, enquanto a acidez do \u00e1cido m\u00e1lico pode ser retida por um longo tempo.<\/p>\n<p>5. O sabor \u00e9 diferente. O \u00e1cido c\u00edtrico \u00e9 um acidificante agrad\u00e1vel; o \u00e1cido m\u00e1lico \u00e9 um acidificante amargo.<\/p>\n<p><strong>Pergunta: Como voc\u00ea armazena o \u00e1cido c\u00edtrico anidro?<\/strong><\/p>\n<p>Resposta: Ele pode ser armazenado em um ambiente fechado e seco. Mantenha longe do fogo e de fontes de calor. O empilhamento ao ar livre \u00e9 estritamente proibido. Deve ser estritamente \u00e0 prova d&#8217;\u00e1gua, \u00e0 prova de umidade e \u00e0 prova de sol. Pode ser embalado em um saco de tecido forrado com um saco pl\u00e1stico ou em um saco de papel kraft. Deve ser selado e armazenado. Deve ser protegido do calor e da umidade durante o armazenamento e transporte e deve ser armazenado e transportado de acordo com os regulamentos qu\u00edmicos gerais.<\/p>\n","protected":false},"excerpt":{"rendered":"<ul>\n<li>CAS: 77-92-9<\/li>\n<li>F\u00f3rmula qu\u00edmica: C<sub>6<\/sub>H<sub>8<\/sub>O<sub>7<\/sub><\/li>\n<li>Certifica\u00e7\u00f5es: KOSHER, ISO, HALAL, FSSC 22000, BRC, etc.<\/li>\n<li>Padr\u00e3o: BP\/USP\/FCC<\/li>\n<li>Quantidade m\u00ednima do pedido: 1000KG<\/li>\n<li>Vida \u00fatil: 3 anos<\/li>\n<\/ul>\n","protected":false},"featured_media":8293,"template":"","meta":{"site-sidebar-layout":"default","site-content-layout":"","ast-site-content-layout":"default","site-content-style":"default","site-sidebar-style":"default","ast-global-header-display":"","ast-banner-title-visibility":"","ast-main-header-display":"","ast-hfb-above-header-display":"","ast-hfb-below-header-display":"","ast-hfb-mobile-header-display":"","site-post-title":"","ast-breadcrumbs-content":"","ast-featured-img":"","footer-sml-layout":"","theme-transparent-header-meta":"default","adv-header-id-meta":"","stick-header-meta":"","header-above-stick-meta":"","header-main-stick-meta":"","header-below-stick-meta":"","astra-migrate-meta-layouts":"set","ast-page-background-enabled":"default","ast-page-background-meta":{"desktop":{"background-color":"var(--ast-global-color-4)","background-image":"","background-repeat":"repeat","background-position":"center center","background-size":"auto","background-attachment":"scroll","background-type":"","background-media":"","overlay-type":"","overlay-color":"","overlay-opacity":"","overlay-gradient":""},"tablet":{"background-color":"","background-image":"","background-repeat":"repeat","background-position":"center center","background-size":"auto","background-attachment":"scroll","background-type":"","background-media":"","overlay-type":"","overlay-color":"","overlay-opacity":"","overlay-gradient":""},"mobile":{"background-color":"","background-image":"","background-repeat":"repeat","background-position":"center center","background-size":"auto","background-attachment":"scroll","background-type":"","background-media":"","overlay-type":"","overlay-color":"","overlay-opacity":"","overlay-gradient":""}},"ast-content-background-meta":{"desktop":{"background-color":"var(--ast-global-color-5)","background-image":"","background-repeat":"repeat","background-position":"center center","background-size":"auto","background-attachment":"scroll","background-type":"","background-media":"","overlay-type":"","overlay-color":"","overlay-opacity":"","overlay-gradient":""},"tablet":{"background-color":"var(--ast-global-color-5)","background-image":"","background-repeat":"repeat","background-position":"center center","background-size":"auto","background-attachment":"scroll","background-type":"","background-media":"","overlay-type":"","overlay-color":"","overlay-opacity":"","overlay-gradient":""},"mobile":{"background-color":"var(--ast-global-color-5)","background-image":"","background-repeat":"repeat","background-position":"center center","background-size":"auto","background-attachment":"scroll","background-type":"","background-media":"","overlay-type":"","overlay-color":"","overlay-opacity":"","overlay-gradient":""}}},"product_brand":[],"product_cat":[74],"product_tag":[],"class_list":{"0":"post-8292","1":"product","2":"type-product","3":"status-publish","4":"has-post-thumbnail","6":"product_cat-produto-acidulante","7":"desktop-align-center","8":"tablet-align-left","9":"mobile-align-left","11":"first","12":"instock","13":"shipping-taxable","14":"product-type-simple"},"yoast_head":"<!-- This site is optimized with the Yoast SEO plugin v26.5 - https:\/\/yoast.com\/wordpress\/plugins\/seo\/ -->\n<title>Fabricante De \u00c1cido C\u00edtrico Anidro, Pre\u00e7o \u00c1cido C\u00edtrico Anidro | Niranbio Chemical<\/title>\n<meta name=\"description\" content=\"Nosso p\u00f3 de \u00e1cido c\u00edtrico anidro (regulador de acidez E330) est\u00e1 dispon\u00edvel em tamanhos de malha regulares 12-40, 30-100, 20-50, 30-80, 8-30, 16-40 ou personalizado.\" \/>\n<meta name=\"robots\" content=\"noindex, follow, max-snippet:-1, max-image-preview:large, max-video-preview:-1\" \/>\n<meta name=\"twitter:label1\" content=\"Est. tempo de leitura\" \/>\n\t<meta name=\"twitter:data1\" content=\"3 minutos\" \/>\n<script type=\"application\/ld+json\" class=\"yoast-schema-graph\">{\"@context\":\"https:\/\/schema.org\",\"@graph\":[{\"@type\":\"WebPage\",\"@id\":\"https:\/\/theo.niranbio.com\/pt-br\/acido-citrico-anidro.html\",\"url\":\"https:\/\/theo.niranbio.com\/pt-br\/acido-citrico-anidro.html\",\"name\":\"Fabricante De \u00c1cido C\u00edtrico Anidro, Pre\u00e7o \u00c1cido C\u00edtrico Anidro | Niranbio Chemical\",\"isPartOf\":{\"@id\":\"https:\/\/theo.niranbio.com\/pt-br\/#website\"},\"primaryImageOfPage\":{\"@id\":\"https:\/\/theo.niranbio.com\/pt-br\/acido-citrico-anidro.html#primaryimage\"},\"image\":{\"@id\":\"https:\/\/theo.niranbio.com\/pt-br\/acido-citrico-anidro.html#primaryimage\"},\"thumbnailUrl\":\"https:\/\/theo.niranbio.com\/wp-content\/uploads\/2024\/06\/Citric-Acid-Anhydrous.webp\",\"datePublished\":\"2024-06-20T01:02:24+00:00\",\"dateModified\":\"2024-08-16T06:10:11+00:00\",\"description\":\"Nosso p\u00f3 de \u00e1cido c\u00edtrico anidro (regulador de acidez E330) est\u00e1 dispon\u00edvel em tamanhos de malha regulares 12-40, 30-100, 20-50, 30-80, 8-30, 16-40 ou personalizado.\",\"breadcrumb\":{\"@id\":\"https:\/\/theo.niranbio.com\/pt-br\/acido-citrico-anidro.html#breadcrumb\"},\"inLanguage\":\"pt-BR\",\"potentialAction\":[{\"@type\":\"ReadAction\",\"target\":[\"https:\/\/theo.niranbio.com\/pt-br\/acido-citrico-anidro.html\"]}]},{\"@type\":\"ImageObject\",\"inLanguage\":\"pt-BR\",\"@id\":\"https:\/\/theo.niranbio.com\/pt-br\/acido-citrico-anidro.html#primaryimage\",\"url\":\"https:\/\/theo.niranbio.com\/wp-content\/uploads\/2024\/06\/Citric-Acid-Anhydrous.webp\",\"contentUrl\":\"https:\/\/theo.niranbio.com\/wp-content\/uploads\/2024\/06\/Citric-Acid-Anhydrous.webp\",\"width\":600,\"height\":600,\"caption\":\"\u00c1cido C\u00edtrico Anidro\"},{\"@type\":\"BreadcrumbList\",\"@id\":\"https:\/\/theo.niranbio.com\/pt-br\/acido-citrico-anidro.html#breadcrumb\",\"itemListElement\":[{\"@type\":\"ListItem\",\"position\":1,\"name\":\"Home\",\"item\":\"https:\/\/theo.niranbio.com\/pt-br\/\"},{\"@type\":\"ListItem\",\"position\":2,\"name\":\"Produtos\",\"item\":\"https:\/\/theo.niranbio.com\/pt-br\/produtos.html\"},{\"@type\":\"ListItem\",\"position\":3,\"name\":\"Acidulante\",\"item\":\"https:\/\/theo.niranbio.com\/pt-br\/produto-acidulante\/\"},{\"@type\":\"ListItem\",\"position\":4,\"name\":\"\u00c1cido c\u00edtrico anidro\"}]},{\"@type\":\"WebSite\",\"@id\":\"https:\/\/theo.niranbio.com\/pt-br\/#website\",\"url\":\"https:\/\/theo.niranbio.com\/pt-br\/\",\"name\":\"Niranbio Chemical\",\"description\":\"\",\"publisher\":{\"@id\":\"https:\/\/theo.niranbio.com\/pt-br\/#organization\"},\"potentialAction\":[{\"@type\":\"SearchAction\",\"target\":{\"@type\":\"EntryPoint\",\"urlTemplate\":\"https:\/\/theo.niranbio.com\/pt-br\/?s={search_term_string}\"},\"query-input\":{\"@type\":\"PropertyValueSpecification\",\"valueRequired\":true,\"valueName\":\"search_term_string\"}}],\"inLanguage\":\"pt-BR\"},{\"@type\":\"Organization\",\"@id\":\"https:\/\/theo.niranbio.com\/pt-br\/#organization\",\"name\":\"Niranbio Chemical\",\"url\":\"https:\/\/theo.niranbio.com\/pt-br\/\",\"logo\":{\"@type\":\"ImageObject\",\"inLanguage\":\"pt-BR\",\"@id\":\"https:\/\/theo.niranbio.com\/pt-br\/#\/schema\/logo\/image\/\",\"url\":\"https:\/\/theo.niranbio.com\/wp-content\/uploads\/2024\/06\/Niranbio.png\",\"contentUrl\":\"https:\/\/theo.niranbio.com\/wp-content\/uploads\/2024\/06\/Niranbio.png\",\"width\":270,\"height\":100,\"caption\":\"Niranbio Chemical\"},\"image\":{\"@id\":\"https:\/\/theo.niranbio.com\/pt-br\/#\/schema\/logo\/image\/\"}}]}<\/script>\n<!-- \/ Yoast SEO plugin. -->","yoast_head_json":{"title":"Fabricante De \u00c1cido C\u00edtrico Anidro, Pre\u00e7o \u00c1cido C\u00edtrico Anidro | Niranbio Chemical","description":"Nosso p\u00f3 de \u00e1cido c\u00edtrico anidro (regulador de acidez E330) est\u00e1 dispon\u00edvel em tamanhos de malha regulares 12-40, 30-100, 20-50, 30-80, 8-30, 16-40 ou personalizado.","robots":{"index":"noindex","follow":"follow","max-snippet":"max-snippet:-1","max-image-preview":"max-image-preview:large","max-video-preview":"max-video-preview:-1"},"twitter_misc":{"Est. tempo de leitura":"3 minutos"},"schema":{"@context":"https:\/\/schema.org","@graph":[{"@type":"WebPage","@id":"https:\/\/theo.niranbio.com\/pt-br\/acido-citrico-anidro.html","url":"https:\/\/theo.niranbio.com\/pt-br\/acido-citrico-anidro.html","name":"Fabricante De \u00c1cido C\u00edtrico Anidro, Pre\u00e7o \u00c1cido C\u00edtrico Anidro | Niranbio Chemical","isPartOf":{"@id":"https:\/\/theo.niranbio.com\/pt-br\/#website"},"primaryImageOfPage":{"@id":"https:\/\/theo.niranbio.com\/pt-br\/acido-citrico-anidro.html#primaryimage"},"image":{"@id":"https:\/\/theo.niranbio.com\/pt-br\/acido-citrico-anidro.html#primaryimage"},"thumbnailUrl":"https:\/\/theo.niranbio.com\/wp-content\/uploads\/2024\/06\/Citric-Acid-Anhydrous.webp","datePublished":"2024-06-20T01:02:24+00:00","dateModified":"2024-08-16T06:10:11+00:00","description":"Nosso p\u00f3 de \u00e1cido c\u00edtrico anidro (regulador de acidez E330) est\u00e1 dispon\u00edvel em tamanhos de malha regulares 12-40, 30-100, 20-50, 30-80, 8-30, 16-40 ou personalizado.","breadcrumb":{"@id":"https:\/\/theo.niranbio.com\/pt-br\/acido-citrico-anidro.html#breadcrumb"},"inLanguage":"pt-BR","potentialAction":[{"@type":"ReadAction","target":["https:\/\/theo.niranbio.com\/pt-br\/acido-citrico-anidro.html"]}]},{"@type":"ImageObject","inLanguage":"pt-BR","@id":"https:\/\/theo.niranbio.com\/pt-br\/acido-citrico-anidro.html#primaryimage","url":"https:\/\/theo.niranbio.com\/wp-content\/uploads\/2024\/06\/Citric-Acid-Anhydrous.webp","contentUrl":"https:\/\/theo.niranbio.com\/wp-content\/uploads\/2024\/06\/Citric-Acid-Anhydrous.webp","width":600,"height":600,"caption":"\u00c1cido C\u00edtrico Anidro"},{"@type":"BreadcrumbList","@id":"https:\/\/theo.niranbio.com\/pt-br\/acido-citrico-anidro.html#breadcrumb","itemListElement":[{"@type":"ListItem","position":1,"name":"Home","item":"https:\/\/theo.niranbio.com\/pt-br\/"},{"@type":"ListItem","position":2,"name":"Produtos","item":"https:\/\/theo.niranbio.com\/pt-br\/produtos.html"},{"@type":"ListItem","position":3,"name":"Acidulante","item":"https:\/\/theo.niranbio.com\/pt-br\/produto-acidulante\/"},{"@type":"ListItem","position":4,"name":"\u00c1cido c\u00edtrico anidro"}]},{"@type":"WebSite","@id":"https:\/\/theo.niranbio.com\/pt-br\/#website","url":"https:\/\/theo.niranbio.com\/pt-br\/","name":"Niranbio Chemical","description":"","publisher":{"@id":"https:\/\/theo.niranbio.com\/pt-br\/#organization"},"potentialAction":[{"@type":"SearchAction","target":{"@type":"EntryPoint","urlTemplate":"https:\/\/theo.niranbio.com\/pt-br\/?s={search_term_string}"},"query-input":{"@type":"PropertyValueSpecification","valueRequired":true,"valueName":"search_term_string"}}],"inLanguage":"pt-BR"},{"@type":"Organization","@id":"https:\/\/theo.niranbio.com\/pt-br\/#organization","name":"Niranbio Chemical","url":"https:\/\/theo.niranbio.com\/pt-br\/","logo":{"@type":"ImageObject","inLanguage":"pt-BR","@id":"https:\/\/theo.niranbio.com\/pt-br\/#\/schema\/logo\/image\/","url":"https:\/\/theo.niranbio.com\/wp-content\/uploads\/2024\/06\/Niranbio.png","contentUrl":"https:\/\/theo.niranbio.com\/wp-content\/uploads\/2024\/06\/Niranbio.png","width":270,"height":100,"caption":"Niranbio Chemical"},"image":{"@id":"https:\/\/theo.niranbio.com\/pt-br\/#\/schema\/logo\/image\/"}}]}},"_links":{"self":[{"href":"https:\/\/theo.niranbio.com\/pt-br\/wp-json\/wp\/v2\/product\/8292","targetHints":{"allow":["GET"]}}],"collection":[{"href":"https:\/\/theo.niranbio.com\/pt-br\/wp-json\/wp\/v2\/product"}],"about":[{"href":"https:\/\/theo.niranbio.com\/pt-br\/wp-json\/wp\/v2\/types\/product"}],"version-history":[{"count":0,"href":"https:\/\/theo.niranbio.com\/pt-br\/wp-json\/wp\/v2\/product\/8292\/revisions"}],"wp:featuredmedia":[{"embeddable":true,"href":"https:\/\/theo.niranbio.com\/pt-br\/wp-json\/wp\/v2\/media\/8293"}],"wp:attachment":[{"href":"https:\/\/theo.niranbio.com\/pt-br\/wp-json\/wp\/v2\/media?parent=8292"}],"wp:term":[{"taxonomy":"product_brand","embeddable":true,"href":"https:\/\/theo.niranbio.com\/pt-br\/wp-json\/wp\/v2\/product_brand?post=8292"},{"taxonomy":"product_cat","embeddable":true,"href":"https:\/\/theo.niranbio.com\/pt-br\/wp-json\/wp\/v2\/product_cat?post=8292"},{"taxonomy":"product_tag","embeddable":true,"href":"https:\/\/theo.niranbio.com\/pt-br\/wp-json\/wp\/v2\/product_tag?post=8292"}],"curies":[{"name":"wp","href":"https:\/\/api.w.org\/{rel}","templated":true}]}}