{"id":8289,"date":"2024-06-20T09:03:21","date_gmt":"2024-06-20T01:03:21","guid":{"rendered":"https:\/\/theo.niranbio.com\/acido-citrico-monoidratado\/"},"modified":"2024-08-16T14:06:18","modified_gmt":"2024-08-16T06:06:18","slug":"acido-citrico-monoidratado","status":"publish","type":"product","link":"https:\/\/theo.niranbio.com\/pt-br\/acido-citrico-monoidratado.html","title":{"rendered":"\u00c1cido c\u00edtrico monoidratado"},"content":{"rendered":"<h2><span class=\"ez-toc-section\" id=\"O_que_e_acido_citrico_monoidratado\"><\/span>O que \u00e9 \u00e1cido c\u00edtrico monoidratado?<span class=\"ez-toc-section-end\"><\/span><\/h2>\n<p>O \u00e1cido c\u00edtrico monoidratado tem a apar\u00eancia de part\u00edculas cristalinas brancas ou p\u00f3, n\u00e3o tem odor pungente e tem gosto muito azedo.<br \/>\n\u00c9 f\u00e1cil de se aglomerar em ar seco e f\u00e1cil de se aglomerar em ar \u00famido.<br \/>\nAo lidar com aglomerados, o saco pode ser jogado.<br \/>\nPortanto, o saco pode ser virado regularmente durante o armazenamento para evitar aglomera\u00e7\u00f5es.<br \/>\n\u00c9 frequentemente usado como aditivo alimentar, como agente aromatizante, agente de fermenta\u00e7\u00e3o, intensificador de acidez e regulador de acidez.<br \/>\nH\u00e1 dois m\u00e9todos para produzir \u00e1cido c\u00edtrico monoidratado.<br \/>\nUm deles \u00e9 usar milho, mandioca e outros amidos como mat\u00e9rias-primas e produzi-lo por fermenta\u00e7\u00e3o microbiana, que tamb\u00e9m \u00e9 o m\u00e9todo mais comum de produ\u00e7\u00e3o de \u00e1cido c\u00edtrico monohidratado no mercado; o outro \u00e9 extra\u00ed-lo de mat\u00e9rias-primas ricas em \u00e1cido, especialmente para utiliza\u00e7\u00e3o abrangente no processamento de frutas, como o suco salgado e azedo descarregado ap\u00f3s a produ\u00e7\u00e3o de embri\u00f5es de ameixa, que tem um teor de \u00e1cido de 4 a 5%.<br \/>\nO suco salgado e azedo descarregado ap\u00f3s a produ\u00e7\u00e3o de embri\u00f5es c\u00edtricos \u00e9 uma boa mat\u00e9ria-prima para a extra\u00e7\u00e3o de \u00e1cido c\u00edtrico.<\/p>\n<h2><span class=\"ez-toc-section\" id=\"Parametros_relacionados\"><\/span>Par\u00e2metros relacionados:<span class=\"ez-toc-section-end\"><\/span><\/h2>\n<table>\n<tbody>\n<tr>\n<td>Itens<\/td>\n<td>Padr\u00f5es<\/td>\n<\/tr>\n<tr>\n<td>Ensaio<\/td>\n<td>99.5-100%-100.5%<\/td>\n<\/tr>\n<tr>\n<td>Umidade<\/td>\n<td>7.5~8%~8.8%<\/td>\n<\/tr>\n<tr>\n<td>\u00c1cido ox\u00e1lico<\/td>\n<td>100 ppm M\u00e1ximo<\/td>\n<\/tr>\n<tr>\n<td>Sulfato<\/td>\n<td>150 ppm M\u00e1ximo<\/td>\n<\/tr>\n<tr>\n<td>Residue on ignition (sulphated ash)<\/td>\n<td>0,05% M\u00e1x.<\/td>\n<\/tr>\n<tr>\n<td>Metais pesados<\/td>\n<td>10 ppm M\u00e1ximo<\/td>\n<\/tr>\n<tr>\n<td>Merc\u00fario<\/td>\n<td>1 ppm M\u00e1ximo<\/td>\n<\/tr>\n<tr>\n<td>Chumbo<\/td>\n<td>0,5 ppm M\u00e1ximo<\/td>\n<\/tr>\n<tr>\n<td>Ars\u00eanico<\/td>\n<td>1 ppm M\u00e1ximo<\/td>\n<\/tr>\n<tr>\n<td>Alum\u00ednio<\/td>\n<td>0,2 ppm M\u00e1ximo<\/td>\n<\/tr>\n<tr>\n<td>Endotoxinas bacterianas<\/td>\n<td>0,5 UI\/mg M\u00e1x.<\/td>\n<\/tr>\n<tr>\n<td>Trilaurilamina<\/td>\n<td>0,1 ppm M\u00e1ximo<\/td>\n<\/tr>\n<tr>\n<td>C\u00e1lcio<\/td>\n<td>200 ppm M\u00e1ximo<\/td>\n<\/tr>\n<tr>\n<td>Ferro<\/td>\n<td>50 ppm M\u00e1ximo<\/td>\n<\/tr>\n<tr>\n<td>Cloreto<\/td>\n<td>50 ppm M\u00e1ximo<\/td>\n<\/tr>\n<\/tbody>\n<\/table>\n<h2><span class=\"ez-toc-section\" id=\"Dosagem_recomendada\"><\/span>Dosagem recomendada:<span class=\"ez-toc-section-end\"><\/span><\/h2>\n<p>O \u00e1cido c\u00edtrico monoidratado pode ser usado no processamento de alimentos e na produ\u00e7\u00e3o de bebidas, al\u00e9m de ser usado como agente de limpeza.<br \/>\nAo usar, adicione de acordo com as necessidades espec\u00edficas.<\/p>\n<table>\n<tbody>\n<tr>\n<td>Nome do alimento<\/td>\n<td>Uso m\u00e1ximo (g\/kg)<\/td>\n<\/tr>\n<tr>\n<td>Bebidas carbonatadas<\/td>\n<td>0,2-0,5 g\/kg<\/td>\n<\/tr>\n<tr>\n<td>Produtos de amido<\/td>\n<td>0,1-0,3 g\/kg<\/td>\n<\/tr>\n<tr>\n<td>Sorvete<\/td>\n<td>0,2-0,3 g\/kg<\/td>\n<\/tr>\n<tr>\n<td>Temperos<\/td>\n<td>0,2-0,5 g\/kg<\/td>\n<\/tr>\n<tr>\n<td>P\u00e3o<\/td>\n<td>0,1-0,2 g\/kg<\/td>\n<\/tr>\n<tr>\n<td>Produtos l\u00e1cteos<\/td>\n<td>0,2-0,3 g\/kg<\/td>\n<\/tr>\n<tr>\n<td>Alimentos congelados r\u00e1pidos<\/td>\n<td>0,1-0,3 g\/kg<\/td>\n<\/tr>\n<tr>\n<td>Geleia<\/td>\n<td>0,3-0,5 g\/kg<\/td>\n<\/tr>\n<tr>\n<td>Alimentos enlatados<\/td>\n<td>0,2-0,4 g\/kg<\/td>\n<\/tr>\n<tr>\n<td>Alimentos em conserva<\/td>\n<td>0,2-0,4 g\/kg<\/td>\n<\/tr>\n<tr>\n<td>Balas em gel<\/td>\n<td>0,3-0,5 g\/kg<\/td>\n<\/tr>\n<tr>\n<td>Bebidas nutricionais<\/td>\n<td>0,2-0,4 g\/kg<\/td>\n<\/tr>\n<\/tbody>\n<\/table>\n<h2><span class=\"ez-toc-section\" id=\"O_acido_citrico_monoidratado_tem_uma_ampla_gama_de_usos\"><\/span>O \u00e1cido c\u00edtrico monoidratado tem uma ampla gama de usos<span class=\"ez-toc-section-end\"><\/span><\/h2>\n<h3><span class=\"ez-toc-section\" id=\"1_Efeito_bactericida\"><\/span>1. Efeito bactericida<span class=\"ez-toc-section-end\"><\/span><\/h3>\n<p>O \u00e1cido c\u00edtrico monoidratado tem um efeito bactericida significativo.<br \/>\nQuando usado em combina\u00e7\u00e3o com uma temperatura de 80\u00b0C, ele pode efetivamente matar esporos bacterianos, o que \u00e9 particularmente eficaz para contaminar esporos bacterianos na tubula\u00e7\u00e3o da m\u00e1quina de hemodi\u00e1lise.<br \/>\nAl\u00e9m disso, ele pode atingir o objetivo antibacteriano destruindo as membranas celulares bacterianas, interferindo na s\u00edntese de enzimas bacterianas e afetando a replica\u00e7\u00e3o do DNA bacteriano.<\/p>\n<h3><span class=\"ez-toc-section\" id=\"2_Promocao_do_apetite\"><\/span>2. Promo\u00e7\u00e3o do apetite<span class=\"ez-toc-section-end\"><\/span><\/h3>\n<p>O \u00e1cido c\u00edtrico monoidratado tem o efeito de estimular o apetite.<br \/>\nEle pode ser usado n\u00e3o apenas como condimento para pratos frios di\u00e1rios para melhorar o sabor dos alimentos e ter um efeito apetitoso, mas tamb\u00e9m para melhorar as propriedades sensoriais dos alimentos e aumentar ainda mais o apetite.<\/p>\n<h3><span class=\"ez-toc-section\" id=\"3_Armazenamento_em_buffer\"><\/span>3. Armazenamento em buffer<span class=\"ez-toc-section-end\"><\/span><\/h3>\n<p>O \u00e1cido c\u00edtrico monoidratado tem um efeito tamponante na ra\u00e7\u00e3o e produz um efeito sin\u00e9rgico com outros ingredientes da ra\u00e7\u00e3o.<br \/>\nEsse efeito de tamponamento se reflete principalmente na redu\u00e7\u00e3o da capacidade de tamponamento da prote\u00edna e da gordura na ra\u00e7\u00e3o, o que ajuda na absor\u00e7\u00e3o e no metabolismo desses nutrientes.<br \/>\nDevido \u00e0 redu\u00e7\u00e3o da capacidade de tamponamento, a quantidade de alimento ingerido e digerido tamb\u00e9m ser\u00e1 afetada, o que ajuda a melhorar a taxa de utiliza\u00e7\u00e3o geral da ra\u00e7\u00e3o pelos animais.<\/p>\n<h3><span class=\"ez-toc-section\" id=\"4_Antiestresse\"><\/span>4. Antiestresse<span class=\"ez-toc-section-end\"><\/span><\/h3>\n<p>O \u00e1cido c\u00edtrico monoidratado tem um efeito significativo no combate ao estresse.<br \/>\nNa aquicultura, devido a v\u00e1rios fatores ambientais, como polui\u00e7\u00e3o da \u00e1gua, densidade excessiva de cria\u00e7\u00e3o, baixo oxig\u00eanio dissolvido, alto teor de nitrog\u00eanio amoniacal e nitrito, os animais aqu\u00e1ticos s\u00e3o propensos ao estresse, resultando em redu\u00e7\u00e3o do anabolismo, aumento do catabolismo, enfraquecimento da fun\u00e7\u00e3o imunol\u00f3gica, etc.<br \/>\nO \u00e1cido c\u00edtrico monoidratado pode aliviar com efic\u00e1cia essas rea\u00e7\u00f5es de estresse, mantendo assim a sa\u00fade dos animais, melhorando sua fun\u00e7\u00e3o imunol\u00f3gica e ajudando a manter as atividades metab\u00f3licas normais.<\/p>\n<h3><span class=\"ez-toc-section\" id=\"5_Desengorduramento\"><\/span>5. Desengorduramento<span class=\"ez-toc-section-end\"><\/span><\/h3>\n<p>O \u00e1cido c\u00edtrico monoidratado tamb\u00e9m tem um efeito significativo no desengorduramento.<br \/>\nEspecialmente em tanques de aquicultura, as pel\u00edculas de algas e de \u00f3leo podem desaparecer rapidamente ap\u00f3s o uso do \u00e1cido c\u00edtrico.<br \/>\nIsso ocorre principalmente porque o \u00e1cido c\u00edtrico tem boa capacidade de limpeza e descontamina\u00e7\u00e3o e pode decompor e remover o \u00f3leo com efic\u00e1cia.<br \/>\nPortanto, o \u00e1cido c\u00edtrico n\u00e3o \u00e9 \u00fatil apenas na limpeza dom\u00e9stica, mas tamb\u00e9m em campos industriais e agr\u00edcolas, como a manuten\u00e7\u00e3o de tanques de aquicultura, mostrando seu poderoso efeito desengordurante.<\/p>\n<h3><span class=\"ez-toc-section\" id=\"6_Acidulantes\"><\/span>6. Acidulantes<span class=\"ez-toc-section-end\"><\/span><\/h3>\n<p>O \u00e1cido c\u00edtrico monoidratado \u00e9 um regulador de acidez comumente usado.<br \/>\nNo setor de alimentos e bebidas, ele \u00e9 usado principalmente para ajustar a acidez dos produtos e dar aos alimentos e bebidas um sabor e aroma espec\u00edficos.<br \/>\nAl\u00e9m disso, o \u00e1cido c\u00edtrico monohidratado tamb\u00e9m tem um efeito conservante e pode estender a vida \u00fatil dos produtos.<br \/>\nNo setor farmac\u00eautico, ele tamb\u00e9m \u00e9 usado como regulador de acidez de medicamentos para garantir a melhor absor\u00e7\u00e3o e o efeito dos medicamentos no corpo.<br \/>\nEm geral, o \u00e1cido c\u00edtrico monoidratado tem uma ampla gama de aplica\u00e7\u00f5es em muitos campos, principalmente para ajustar a acidez e melhorar a qualidade do produto.<\/p>\n<h2><span class=\"ez-toc-section\" id=\"O_usuario_fez_a_seguinte_pergunta\"><\/span>O usu\u00e1rio fez a seguinte pergunta:<span class=\"ez-toc-section-end\"><\/span><\/h2>\n<p><strong>Pergunta: Como armazenar \u00e1cido c\u00edtrico monohidratado?<\/strong><\/p>\n<p>Resposta: Coloque-o em um local \u00e0 prova de luz, selado, ventilado, seco e fresco, o que ajudar\u00e1 a manter a estabilidade do \u00e1cido c\u00edtrico monohidratado, evitar\u00e1 deteriora\u00e7\u00e3o causada por alta temperatura ou alta umidade e garantir\u00e1 que o \u00e1cido c\u00edtrico monohidratado possa manter suas propriedades qu\u00edmicas e f\u00edsicas originais durante o armazenamento.<\/p>\n<p><strong>Pergunta: O \u00e1cido c\u00edtrico monohidratado de qualidade alimentar pode ser usado na medicina?<\/strong><\/p>\n<p>Resposta: O monohidrato de limonada de qualidade alimentar \u00e9 frequentemente usado na medicina porque atua como um acidificante e regulador de pH em formula\u00e7\u00f5es de medicamentos e pode controlar bem a acidez de um medicamento, como comprimidos efervescentes, xaropes e outros medicamentos orais, onde a acidez desempenha um papel vital na estabilidade e absor\u00e7\u00e3o.<\/p>\n<p><strong>Pergunta: Perguntas frequentes durante o transporte<\/strong><\/p>\n<p>Resposta: Ao transportar \u00e1cido c\u00edtrico monohidratado, \u00e9 comum encontrar danos na embalagem, aglomera\u00e7\u00e3o ou solidifica\u00e7\u00e3o do produto. Isso ocorre porque \u00e9 f\u00e1cil absorver umidade, especialmente em um ambiente de alta temperatura; materiais de embalagem selados e \u00e0 prova de umidade podem ser usados \u200b\u200bpara reduzir a intrus\u00e3o de umidade.<\/p>\n","protected":false},"excerpt":{"rendered":"<ul>\n<li>CAS: 5949-29-1<\/li>\n<li>F\u00f3rmula qu\u00edmica: C6H8O7\u00b7H20<\/li>\n<li>Certifica\u00e7\u00f5es: KOSHER, ISO, HALAL, FSSC 22000, BRC, etc.<\/li>\n<li>Padr\u00e3o: Em conformidade com BP\/USP\/FCC<\/li>\n<li>Quantidade m\u00ednima do pedido: 1000KG<\/li>\n<li>Vida \u00fatil: 3 anos<\/li>\n<\/ul>\n","protected":false},"featured_media":8290,"template":"","meta":{"site-sidebar-layout":"default","site-content-layout":"","ast-site-content-layout":"default","site-content-style":"default","site-sidebar-style":"default","ast-global-header-display":"","ast-banner-title-visibility":"","ast-main-header-display":"","ast-hfb-above-header-display":"","ast-hfb-below-header-display":"","ast-hfb-mobile-header-display":"","site-post-title":"","ast-breadcrumbs-content":"","ast-featured-img":"","footer-sml-layout":"","theme-transparent-header-meta":"default","adv-header-id-meta":"","stick-header-meta":"","header-above-stick-meta":"","header-main-stick-meta":"","header-below-stick-meta":"","astra-migrate-meta-layouts":"set","ast-page-background-enabled":"default","ast-page-background-meta":{"desktop":{"background-color":"var(--ast-global-color-4)","background-image":"","background-repeat":"repeat","background-position":"center center","background-size":"auto","background-attachment":"scroll","background-type":"","background-media":"","overlay-type":"","overlay-color":"","overlay-opacity":"","overlay-gradient":""},"tablet":{"background-color":"","background-image":"","background-repeat":"repeat","background-position":"center center","background-size":"auto","background-attachment":"scroll","background-type":"","background-media":"","overlay-type":"","overlay-color":"","overlay-opacity":"","overlay-gradient":""},"mobile":{"background-color":"","background-image":"","background-repeat":"repeat","background-position":"center center","background-size":"auto","background-attachment":"scroll","background-type":"","background-media":"","overlay-type":"","overlay-color":"","overlay-opacity":"","overlay-gradient":""}},"ast-content-background-meta":{"desktop":{"background-color":"var(--ast-global-color-5)","background-image":"","background-repeat":"repeat","background-position":"center center","background-size":"auto","background-attachment":"scroll","background-type":"","background-media":"","overlay-type":"","overlay-color":"","overlay-opacity":"","overlay-gradient":""},"tablet":{"background-color":"var(--ast-global-color-5)","background-image":"","background-repeat":"repeat","background-position":"center center","background-size":"auto","background-attachment":"scroll","background-type":"","background-media":"","overlay-type":"","overlay-color":"","overlay-opacity":"","overlay-gradient":""},"mobile":{"background-color":"var(--ast-global-color-5)","background-image":"","background-repeat":"repeat","background-position":"center center","background-size":"auto","background-attachment":"scroll","background-type":"","background-media":"","overlay-type":"","overlay-color":"","overlay-opacity":"","overlay-gradient":""}}},"product_brand":[],"product_cat":[74],"product_tag":[],"class_list":{"0":"post-8289","1":"product","2":"type-product","3":"status-publish","4":"has-post-thumbnail","6":"product_cat-produto-acidulante","7":"desktop-align-center","8":"tablet-align-left","9":"mobile-align-left","11":"first","12":"instock","13":"shipping-taxable","14":"product-type-simple"},"yoast_head":"<!-- This site is optimized with the Yoast SEO plugin v26.5 - https:\/\/yoast.com\/wordpress\/plugins\/seo\/ -->\n<title>Fabricante de \u00e1cido c\u00edtrico monohidratado, fornecedor de regulador de acidez E330 | Niranbio Chemical<\/title>\n<meta name=\"description\" content=\"Nosso p\u00f3 de \u00e1cido c\u00edtrico monohidratado \u00e9 um aditivo alimentar vers\u00e1til e est\u00e1 dispon\u00edvel em tamanhos de malha regulares 8-40 ou 8-80, ou personalizado.\" \/>\n<meta name=\"robots\" content=\"noindex, follow, max-snippet:-1, max-image-preview:large, max-video-preview:-1\" \/>\n<meta name=\"twitter:label1\" content=\"Est. tempo de leitura\" \/>\n\t<meta name=\"twitter:data1\" content=\"5 minutos\" \/>\n<script type=\"application\/ld+json\" class=\"yoast-schema-graph\">{\"@context\":\"https:\/\/schema.org\",\"@graph\":[{\"@type\":\"WebPage\",\"@id\":\"https:\/\/theo.niranbio.com\/pt-br\/acido-citrico-monoidratado.html\",\"url\":\"https:\/\/theo.niranbio.com\/pt-br\/acido-citrico-monoidratado.html\",\"name\":\"Fabricante de \u00e1cido c\u00edtrico monohidratado, fornecedor de regulador de acidez E330 | Niranbio Chemical\",\"isPartOf\":{\"@id\":\"https:\/\/theo.niranbio.com\/pt-br\/#website\"},\"primaryImageOfPage\":{\"@id\":\"https:\/\/theo.niranbio.com\/pt-br\/acido-citrico-monoidratado.html#primaryimage\"},\"image\":{\"@id\":\"https:\/\/theo.niranbio.com\/pt-br\/acido-citrico-monoidratado.html#primaryimage\"},\"thumbnailUrl\":\"https:\/\/theo.niranbio.com\/wp-content\/uploads\/2024\/06\/Citric-Acid-Monohydrate.webp\",\"datePublished\":\"2024-06-20T01:03:21+00:00\",\"dateModified\":\"2024-08-16T06:06:18+00:00\",\"description\":\"Nosso p\u00f3 de \u00e1cido c\u00edtrico monohidratado \u00e9 um aditivo alimentar vers\u00e1til e est\u00e1 dispon\u00edvel em tamanhos de malha regulares 8-40 ou 8-80, ou personalizado.\",\"breadcrumb\":{\"@id\":\"https:\/\/theo.niranbio.com\/pt-br\/acido-citrico-monoidratado.html#breadcrumb\"},\"inLanguage\":\"pt-BR\",\"potentialAction\":[{\"@type\":\"ReadAction\",\"target\":[\"https:\/\/theo.niranbio.com\/pt-br\/acido-citrico-monoidratado.html\"]}]},{\"@type\":\"ImageObject\",\"inLanguage\":\"pt-BR\",\"@id\":\"https:\/\/theo.niranbio.com\/pt-br\/acido-citrico-monoidratado.html#primaryimage\",\"url\":\"https:\/\/theo.niranbio.com\/wp-content\/uploads\/2024\/06\/Citric-Acid-Monohydrate.webp\",\"contentUrl\":\"https:\/\/theo.niranbio.com\/wp-content\/uploads\/2024\/06\/Citric-Acid-Monohydrate.webp\",\"width\":600,\"height\":600,\"caption\":\"\u00c1cido C\u00edtrico Monohidratado\"},{\"@type\":\"BreadcrumbList\",\"@id\":\"https:\/\/theo.niranbio.com\/pt-br\/acido-citrico-monoidratado.html#breadcrumb\",\"itemListElement\":[{\"@type\":\"ListItem\",\"position\":1,\"name\":\"Home\",\"item\":\"https:\/\/theo.niranbio.com\/pt-br\/\"},{\"@type\":\"ListItem\",\"position\":2,\"name\":\"Produtos\",\"item\":\"https:\/\/theo.niranbio.com\/pt-br\/produtos.html\"},{\"@type\":\"ListItem\",\"position\":3,\"name\":\"Acidulante\",\"item\":\"https:\/\/theo.niranbio.com\/pt-br\/produto-acidulante\/\"},{\"@type\":\"ListItem\",\"position\":4,\"name\":\"\u00c1cido c\u00edtrico monoidratado\"}]},{\"@type\":\"WebSite\",\"@id\":\"https:\/\/theo.niranbio.com\/pt-br\/#website\",\"url\":\"https:\/\/theo.niranbio.com\/pt-br\/\",\"name\":\"Niranbio Chemical\",\"description\":\"\",\"publisher\":{\"@id\":\"https:\/\/theo.niranbio.com\/pt-br\/#organization\"},\"potentialAction\":[{\"@type\":\"SearchAction\",\"target\":{\"@type\":\"EntryPoint\",\"urlTemplate\":\"https:\/\/theo.niranbio.com\/pt-br\/?s={search_term_string}\"},\"query-input\":{\"@type\":\"PropertyValueSpecification\",\"valueRequired\":true,\"valueName\":\"search_term_string\"}}],\"inLanguage\":\"pt-BR\"},{\"@type\":\"Organization\",\"@id\":\"https:\/\/theo.niranbio.com\/pt-br\/#organization\",\"name\":\"Niranbio Chemical\",\"url\":\"https:\/\/theo.niranbio.com\/pt-br\/\",\"logo\":{\"@type\":\"ImageObject\",\"inLanguage\":\"pt-BR\",\"@id\":\"https:\/\/theo.niranbio.com\/pt-br\/#\/schema\/logo\/image\/\",\"url\":\"https:\/\/theo.niranbio.com\/wp-content\/uploads\/2024\/06\/Niranbio.png\",\"contentUrl\":\"https:\/\/theo.niranbio.com\/wp-content\/uploads\/2024\/06\/Niranbio.png\",\"width\":270,\"height\":100,\"caption\":\"Niranbio Chemical\"},\"image\":{\"@id\":\"https:\/\/theo.niranbio.com\/pt-br\/#\/schema\/logo\/image\/\"}}]}<\/script>\n<!-- \/ Yoast SEO plugin. -->","yoast_head_json":{"title":"Fabricante de \u00e1cido c\u00edtrico monohidratado, fornecedor de regulador de acidez E330 | Niranbio Chemical","description":"Nosso p\u00f3 de \u00e1cido c\u00edtrico monohidratado \u00e9 um aditivo alimentar vers\u00e1til e est\u00e1 dispon\u00edvel em tamanhos de malha regulares 8-40 ou 8-80, ou personalizado.","robots":{"index":"noindex","follow":"follow","max-snippet":"max-snippet:-1","max-image-preview":"max-image-preview:large","max-video-preview":"max-video-preview:-1"},"twitter_misc":{"Est. tempo de leitura":"5 minutos"},"schema":{"@context":"https:\/\/schema.org","@graph":[{"@type":"WebPage","@id":"https:\/\/theo.niranbio.com\/pt-br\/acido-citrico-monoidratado.html","url":"https:\/\/theo.niranbio.com\/pt-br\/acido-citrico-monoidratado.html","name":"Fabricante de \u00e1cido c\u00edtrico monohidratado, fornecedor de regulador de acidez E330 | Niranbio Chemical","isPartOf":{"@id":"https:\/\/theo.niranbio.com\/pt-br\/#website"},"primaryImageOfPage":{"@id":"https:\/\/theo.niranbio.com\/pt-br\/acido-citrico-monoidratado.html#primaryimage"},"image":{"@id":"https:\/\/theo.niranbio.com\/pt-br\/acido-citrico-monoidratado.html#primaryimage"},"thumbnailUrl":"https:\/\/theo.niranbio.com\/wp-content\/uploads\/2024\/06\/Citric-Acid-Monohydrate.webp","datePublished":"2024-06-20T01:03:21+00:00","dateModified":"2024-08-16T06:06:18+00:00","description":"Nosso p\u00f3 de \u00e1cido c\u00edtrico monohidratado \u00e9 um aditivo alimentar vers\u00e1til e est\u00e1 dispon\u00edvel em tamanhos de malha regulares 8-40 ou 8-80, ou personalizado.","breadcrumb":{"@id":"https:\/\/theo.niranbio.com\/pt-br\/acido-citrico-monoidratado.html#breadcrumb"},"inLanguage":"pt-BR","potentialAction":[{"@type":"ReadAction","target":["https:\/\/theo.niranbio.com\/pt-br\/acido-citrico-monoidratado.html"]}]},{"@type":"ImageObject","inLanguage":"pt-BR","@id":"https:\/\/theo.niranbio.com\/pt-br\/acido-citrico-monoidratado.html#primaryimage","url":"https:\/\/theo.niranbio.com\/wp-content\/uploads\/2024\/06\/Citric-Acid-Monohydrate.webp","contentUrl":"https:\/\/theo.niranbio.com\/wp-content\/uploads\/2024\/06\/Citric-Acid-Monohydrate.webp","width":600,"height":600,"caption":"\u00c1cido C\u00edtrico Monohidratado"},{"@type":"BreadcrumbList","@id":"https:\/\/theo.niranbio.com\/pt-br\/acido-citrico-monoidratado.html#breadcrumb","itemListElement":[{"@type":"ListItem","position":1,"name":"Home","item":"https:\/\/theo.niranbio.com\/pt-br\/"},{"@type":"ListItem","position":2,"name":"Produtos","item":"https:\/\/theo.niranbio.com\/pt-br\/produtos.html"},{"@type":"ListItem","position":3,"name":"Acidulante","item":"https:\/\/theo.niranbio.com\/pt-br\/produto-acidulante\/"},{"@type":"ListItem","position":4,"name":"\u00c1cido c\u00edtrico monoidratado"}]},{"@type":"WebSite","@id":"https:\/\/theo.niranbio.com\/pt-br\/#website","url":"https:\/\/theo.niranbio.com\/pt-br\/","name":"Niranbio Chemical","description":"","publisher":{"@id":"https:\/\/theo.niranbio.com\/pt-br\/#organization"},"potentialAction":[{"@type":"SearchAction","target":{"@type":"EntryPoint","urlTemplate":"https:\/\/theo.niranbio.com\/pt-br\/?s={search_term_string}"},"query-input":{"@type":"PropertyValueSpecification","valueRequired":true,"valueName":"search_term_string"}}],"inLanguage":"pt-BR"},{"@type":"Organization","@id":"https:\/\/theo.niranbio.com\/pt-br\/#organization","name":"Niranbio Chemical","url":"https:\/\/theo.niranbio.com\/pt-br\/","logo":{"@type":"ImageObject","inLanguage":"pt-BR","@id":"https:\/\/theo.niranbio.com\/pt-br\/#\/schema\/logo\/image\/","url":"https:\/\/theo.niranbio.com\/wp-content\/uploads\/2024\/06\/Niranbio.png","contentUrl":"https:\/\/theo.niranbio.com\/wp-content\/uploads\/2024\/06\/Niranbio.png","width":270,"height":100,"caption":"Niranbio Chemical"},"image":{"@id":"https:\/\/theo.niranbio.com\/pt-br\/#\/schema\/logo\/image\/"}}]}},"_links":{"self":[{"href":"https:\/\/theo.niranbio.com\/pt-br\/wp-json\/wp\/v2\/product\/8289","targetHints":{"allow":["GET"]}}],"collection":[{"href":"https:\/\/theo.niranbio.com\/pt-br\/wp-json\/wp\/v2\/product"}],"about":[{"href":"https:\/\/theo.niranbio.com\/pt-br\/wp-json\/wp\/v2\/types\/product"}],"version-history":[{"count":0,"href":"https:\/\/theo.niranbio.com\/pt-br\/wp-json\/wp\/v2\/product\/8289\/revisions"}],"wp:featuredmedia":[{"embeddable":true,"href":"https:\/\/theo.niranbio.com\/pt-br\/wp-json\/wp\/v2\/media\/8290"}],"wp:attachment":[{"href":"https:\/\/theo.niranbio.com\/pt-br\/wp-json\/wp\/v2\/media?parent=8289"}],"wp:term":[{"taxonomy":"product_brand","embeddable":true,"href":"https:\/\/theo.niranbio.com\/pt-br\/wp-json\/wp\/v2\/product_brand?post=8289"},{"taxonomy":"product_cat","embeddable":true,"href":"https:\/\/theo.niranbio.com\/pt-br\/wp-json\/wp\/v2\/product_cat?post=8289"},{"taxonomy":"product_tag","embeddable":true,"href":"https:\/\/theo.niranbio.com\/pt-br\/wp-json\/wp\/v2\/product_tag?post=8289"}],"curies":[{"name":"wp","href":"https:\/\/api.w.org\/{rel}","templated":true}]}}