{"id":8287,"date":"2024-06-20T09:49:07","date_gmt":"2024-06-20T01:49:07","guid":{"rendered":"https:\/\/theo.niranbio.com\/acido-l-lactico\/"},"modified":"2024-08-13T15:32:12","modified_gmt":"2024-08-13T07:32:12","slug":"acido-l-lactico","status":"publish","type":"product","link":"https:\/\/theo.niranbio.com\/pt-br\/acido-l-lactico.html","title":{"rendered":"\u00c1cido L-l\u00e1ctico"},"content":{"rendered":"<h2><span class=\"ez-toc-section\" id=\"O_que_e_acido_L-lactico\"><\/span>O que \u00e9 \u00e1cido L-l\u00e1ctico?<span class=\"ez-toc-section-end\"><\/span><\/h2>\n<p>O \u00e1cido L-l\u00e1ctico \u00e9 um is\u00f4mero opticamente ativo do \u00e1cido l\u00e1ctico.<br \/>\n\u00c9 um \u00e1cido org\u00e2nico refinado por fermenta\u00e7\u00e3o biol\u00f3gica usando amido de milho como mat\u00e9ria-prima.<br \/>\nSua apar\u00eancia \u00e9 de um l\u00edquido incolor, transparente e viscoso.<br \/>\nCom excelente biocompatibilidade devido \u00e0 sua quiralidade, \u00e9 compat\u00edvel com mam\u00edferos, participando diretamente do metabolismo humano sem efeitos colaterais.<br \/>\nAmplamente aplicado em alimentos, medicamentos e outros campos, o \u00e1cido L-l\u00e1ctico pode ser produzido por meio de s\u00edntese qu\u00edmica ou fermenta\u00e7\u00e3o.<br \/>\nO m\u00e9todo de s\u00edntese qu\u00edmica geralmente usa etileno como mat\u00e9ria-prima e realiza rea\u00e7\u00f5es de esterifica\u00e7\u00e3o e hidr\u00f3lise na presen\u00e7a de um catalisador; o m\u00e9todo de fermenta\u00e7\u00e3o usa determinadas bact\u00e9rias ou fungos, como bact\u00e9rias do \u00e1cido L-l\u00e1ctico ou giberelinas, para converter amido ou a\u00e7\u00facar em \u00e1cido L-l\u00e1ctico.<\/p>\n<h2><span class=\"ez-toc-section\" id=\"Parametros_relacionados\"><\/span>Par\u00e2metros relacionados:<span class=\"ez-toc-section-end\"><\/span><\/h2>\n<table>\n<tbody>\n<tr>\n<td>ESPECIFICA\u00c7\u00d5ES SENSORIAIS<\/td>\n<td>PADR\u00d5ES<\/td>\n<\/tr>\n<tr>\n<td>Cor<\/td>\n<td>L\u00edquido incolor ou amarelo claro<\/td>\n<\/tr>\n<tr>\n<td>Apar\u00eancia<\/td>\n<td>L\u00edquido transparente<\/td>\n<\/tr>\n<tr>\n<td>Cheiro<\/td>\n<td>Sem cheiro excepcional ou com cheiro especial de \u00e1cido l\u00e1ctico<\/td>\n<\/tr>\n<tr>\n<td>Chroma (fresco) Hazen<\/td>\n<td>M\u00e1x.<br \/>\n50<\/td>\n<\/tr>\n<tr>\n<td>Croma (ap\u00f3s aquecimento a 200 \u2103, 2h) Hazen<\/td>\n<td>M\u00e1x.<br \/>\n80<\/td>\n<\/tr>\n<tr>\n<td colspan=\"2\">ESPECIFICA\u00c7\u00d5ES F\u00cdSICO-QU\u00cdMICAS<\/td>\n<\/tr>\n<tr>\n<td>Teste de identifica\u00e7\u00e3o<\/td>\n<td>Teste de aprova\u00e7\u00e3o<\/td>\n<\/tr>\n<tr>\n<td>Teor de \u00e1cido l\u00e1ctico % p\/p<\/td>\n<td>\u226590<\/td>\n<\/tr>\n<tr>\n<td>Teor de \u00e1cido L-l\u00e1ctico (no total de \u00e1cido l\u00e1ctico) % L (+)<\/td>\n<td>M\u00ednimo 97.5<\/td>\n<\/tr>\n<tr>\n<td>Res\u00edduo de igni\u00e7\u00e3o % p\/p<\/td>\n<td>M\u00e1x.<br \/>\n0.1<\/td>\n<\/tr>\n<tr>\n<td>Cloreto ppm<\/td>\n<td>M\u00e1x.<br \/>\n20<\/td>\n<\/tr>\n<tr>\n<td>Sulfato ppm<\/td>\n<td>M\u00e1x.<br \/>\n50<\/td>\n<\/tr>\n<tr>\n<td>Ferro ppm<\/td>\n<td>M\u00e1ximo.10<\/td>\n<\/tr>\n<tr>\n<td>Redu\u00e7\u00e3o de a\u00e7\u00facar<\/td>\n<td>Passar no teste<\/td>\n<\/tr>\n<tr>\n<td>\u00c1cido c\u00edtrico, \u00e1cido ox\u00e1lico, \u00e1cido tart\u00e1rico, \u00e1cido fosf\u00f3rico<\/td>\n<td>PassTest<\/td>\n<\/tr>\n<tr>\n<td>Composto carb\u00f4nico<\/td>\n<td>Teste de aprova\u00e7\u00e3o<\/td>\n<\/tr>\n<tr>\n<td>Cianeto mg\/kg<\/td>\n<td>M\u00e1x. 1<\/td>\n<\/tr>\n<tr>\n<td>Pb mg\/kg<\/td>\n<td>M\u00e1x.<br \/>\n2.0<\/td>\n<\/tr>\n<tr>\n<td>As mg\/kg<\/td>\n<td>M\u00e1x.<br \/>\n1.0<\/td>\n<\/tr>\n<tr>\n<td>CONCLUS\u00c3O:<\/td>\n<td>O PRODUTO EST\u00c1 EM CONFORMIDADE COM AS NORMAS DE ESPECIFICA\u00c7\u00c3O<\/td>\n<\/tr>\n<\/tbody>\n<\/table>\n<h2><span class=\"ez-toc-section\" id=\"Dosagem_recomendada\"><\/span>Dosagem recomendada<span class=\"ez-toc-section-end\"><\/span><\/h2>\n<table>\n<tbody>\n<tr>\n<td>Nome do alimento<\/td>\n<td>Uso m\u00e1ximo (g\/kg)<\/td>\n<\/tr>\n<tr>\n<td>Sucos de frutas<\/td>\n<td>0,1 &#8211; 0,3 g\/kg<\/td>\n<\/tr>\n<tr>\n<td>Refrigerantes<\/td>\n<td>0,1 &#8211; 0,3 g\/kg<\/td>\n<\/tr>\n<tr>\n<td>Bolos e doces<\/td>\n<td>0,1 &#8211; 0,3 g\/kg<\/td>\n<\/tr>\n<tr>\n<td>Biscoitos e bolachas<\/td>\n<td>0,1 &#8211; 0,3 g\/kg<\/td>\n<\/tr>\n<tr>\n<td>Iogurte<\/td>\n<td>0,2 &#8211; 0,4 g\/kg<\/td>\n<\/tr>\n<tr>\n<td>Queijo<\/td>\n<td>0,1 &#8211; 0,3 g\/kg<\/td>\n<\/tr>\n<tr>\n<td>Salsichas<\/td>\n<td>0,1 &#8211; 0,3 g\/kg<\/td>\n<\/tr>\n<tr>\n<td>Molhos para salada<\/td>\n<td>0,1 &#8211; 0,3 g\/kg<\/td>\n<\/tr>\n<tr>\n<td>Vegetais<\/td>\n<td>0,1 &#8211; 0,3 g\/kg<\/td>\n<\/tr>\n<tr>\n<td>Frutas<\/td>\n<td>0,1 &#8211; 0,3 g\/kg<\/td>\n<\/tr>\n<\/tbody>\n<\/table>\n<h2><span class=\"ez-toc-section\" id=\"Acido_L-lactico_tem_uma_ampla_gama_de_usos\"><\/span>\u00c1cido L-l\u00e1ctico tem uma ampla gama de usos<span class=\"ez-toc-section-end\"><\/span><\/h2>\n<ol>\n<li>O \u00e1cido L-l\u00e1ctico \u00e9 usado principalmente como intensificador de acidez em alimentos, proporcionando acidez e ajustando o equil\u00edbrio \u00e1cido-base dos alimentos.<br \/>\nEle \u00e9 frequentemente usado em bebidas, doces, temperos e produtos de panifica\u00e7\u00e3o para aprimorar as camadas de sabor.<\/li>\n<li>O \u00e1cido L-l\u00e1ctico tem propriedades antibacterianas naturais, que podem inibir o crescimento de certas bact\u00e9rias, aumentando assim a vida \u00fatil dos alimentos.<br \/>\n\u00c9 amplamente utilizado em alimentos enlatados, alimentos em conserva e alimentos cozidos para evitar a deteriora\u00e7\u00e3o dos alimentos.<\/li>\n<li>Como regulador de pH, o \u00e1cido L-l\u00e1ctico pode controlar o pH dos alimentos para atender aos requisitos de processamento e armazenamento.<br \/>\nEle \u00e9 usado em iogurtes, latic\u00ednios, condimentos etc. para ajudar a manter a estabilidade e a qualidade do produto.<\/li>\n<li>O \u00e1cido L-l\u00e1ctico pode afetar a textura e o sabor dos alimentos, proporcionar acidez adequada, tornar o sabor dos alimentos mais delicado e \u00e9 usado em produtos de panifica\u00e7\u00e3o, latic\u00ednios e geleias para melhorar o sabor e a estrutura dos alimentos.<\/li>\n<li>O \u00e1cido L-l\u00e1ctico \u00e9 usado como hidratante e ingrediente esfoliante em produtos para cuidados com a pele para ajudar a melhorar a textura e o brilho da pele, e em produtos para cuidados com a pele e cosm\u00e9ticos, como cremes esfoliantes, m\u00e1scaras faciais e lo\u00e7\u00f5es hidratantes para melhorar a sa\u00fade e a apar\u00eancia da pele.<\/li>\n<\/ol>\n<h2><span class=\"ez-toc-section\" id=\"O_usuario_fez_a_seguinte_pergunta\"><\/span>O usu\u00e1rio fez a seguinte pergunta:<span class=\"ez-toc-section-end\"><\/span><\/h2>\n<p><strong>Pergunta: O que deve ser observado ao transportar ou embalar o \u00e1cido L-l\u00e1ctico?<\/strong><\/p>\n<p>Resposta: O \u00e1cido L-l\u00e1ctico para uso comest\u00edvel \u00e9 embalado em barris de pl\u00e1stico destinados a reagentes farmac\u00eauticos, selados e armazenados de acordo com as regulamenta\u00e7\u00f5es qu\u00edmicas padr\u00e3o.<\/p>\n<p><strong>Pergunta: O \u00e1cido L-l\u00e1ctico pode realmente clarear manchas escuras?<\/strong><\/p>\n<p>Resposta: O \u00e1cido L-l\u00e1ctico \u00e9 um \u00e1cido org\u00e2nico sol\u00favel em \u00e1gua que tem m\u00faltiplas fun\u00e7\u00f5es, como hidrata\u00e7\u00e3o, antioxidante e esfolia\u00e7\u00e3o. Ele tamb\u00e9m inibe a forma\u00e7\u00e3o de melanina, reduz manchas e cloasma e exibe um efeito clareador.<\/p>\n","protected":false},"excerpt":{"rendered":"<ul>\n<li>CAS: 79-33-4<\/li>\n<li>F\u00f3rmula qu\u00edmica: C<sub>3<\/sub>H<sub>6<\/sub>O<sub>3<\/sub><\/li>\n<li>Certifica\u00e7\u00f5es: KOSHER, ISO, HALAL, FSSC 22000, BRC, etc.<\/li>\n<li>Padr\u00e3o:<\/li>\n<li>Quantidade m\u00ednima do pedido: 5MT<\/li>\n<li>Prazo de validade: 2 anos<\/li>\n<\/ul>\n","protected":false},"featured_media":7995,"template":"","meta":{"site-sidebar-layout":"default","site-content-layout":"","ast-site-content-layout":"default","site-content-style":"default","site-sidebar-style":"default","ast-global-header-display":"","ast-banner-title-visibility":"","ast-main-header-display":"","ast-hfb-above-header-display":"","ast-hfb-below-header-display":"","ast-hfb-mobile-header-display":"","site-post-title":"","ast-breadcrumbs-content":"","ast-featured-img":"","footer-sml-layout":"","theme-transparent-header-meta":"default","adv-header-id-meta":"","stick-header-meta":"","header-above-stick-meta":"","header-main-stick-meta":"","header-below-stick-meta":"","astra-migrate-meta-layouts":"set","ast-page-background-enabled":"default","ast-page-background-meta":{"desktop":{"background-color":"var(--ast-global-color-4)","background-image":"","background-repeat":"repeat","background-position":"center center","background-size":"auto","background-attachment":"scroll","background-type":"","background-media":"","overlay-type":"","overlay-color":"","overlay-opacity":"","overlay-gradient":""},"tablet":{"background-color":"","background-image":"","background-repeat":"repeat","background-position":"center center","background-size":"auto","background-attachment":"scroll","background-type":"","background-media":"","overlay-type":"","overlay-color":"","overlay-opacity":"","overlay-gradient":""},"mobile":{"background-color":"","background-image":"","background-repeat":"repeat","background-position":"center center","background-size":"auto","background-attachment":"scroll","background-type":"","background-media":"","overlay-type":"","overlay-color":"","overlay-opacity":"","overlay-gradient":""}},"ast-content-background-meta":{"desktop":{"background-color":"var(--ast-global-color-5)","background-image":"","background-repeat":"repeat","background-position":"center center","background-size":"auto","background-attachment":"scroll","background-type":"","background-media":"","overlay-type":"","overlay-color":"","overlay-opacity":"","overlay-gradient":""},"tablet":{"background-color":"var(--ast-global-color-5)","background-image":"","background-repeat":"repeat","background-position":"center center","background-size":"auto","background-attachment":"scroll","background-type":"","background-media":"","overlay-type":"","overlay-color":"","overlay-opacity":"","overlay-gradient":""},"mobile":{"background-color":"var(--ast-global-color-5)","background-image":"","background-repeat":"repeat","background-position":"center center","background-size":"auto","background-attachment":"scroll","background-type":"","background-media":"","overlay-type":"","overlay-color":"","overlay-opacity":"","overlay-gradient":""}}},"product_brand":[],"product_cat":[74],"product_tag":[],"class_list":{"0":"post-8287","1":"product","2":"type-product","3":"status-publish","4":"has-post-thumbnail","6":"product_cat-produto-acidulante","7":"desktop-align-center","8":"tablet-align-left","9":"mobile-align-left","11":"first","12":"instock","13":"shipping-taxable","14":"product-type-simple"},"yoast_head":"<!-- This site is optimized with the Yoast SEO plugin v26.5 - https:\/\/yoast.com\/wordpress\/plugins\/seo\/ -->\n<title>Fornecedor de Regulador de Acidez E270 de \u00c1cido L-L\u00e1tico L\u00edquido | Niranbio Chemical<\/title>\n<meta name=\"description\" content=\"Nosso \u00e1cido L-L\u00e1tico \u00e9 um l\u00edquido incolor ou amarelo claro, transparente, sem cheiro excepcional, com um croma de no m\u00e1ximo 50 Hazen fresco, 80 Hazen aquecido.\" \/>\n<meta name=\"robots\" content=\"noindex, follow, max-snippet:-1, max-image-preview:large, max-video-preview:-1\" \/>\n<meta name=\"twitter:label1\" content=\"Est. tempo de leitura\" \/>\n\t<meta name=\"twitter:data1\" content=\"3 minutos\" \/>\n<script type=\"application\/ld+json\" class=\"yoast-schema-graph\">{\"@context\":\"https:\/\/schema.org\",\"@graph\":[{\"@type\":\"WebPage\",\"@id\":\"https:\/\/theo.niranbio.com\/pt-br\/acido-l-lactico.html\",\"url\":\"https:\/\/theo.niranbio.com\/pt-br\/acido-l-lactico.html\",\"name\":\"Fornecedor de Regulador de Acidez E270 de \u00c1cido L-L\u00e1tico L\u00edquido | Niranbio Chemical\",\"isPartOf\":{\"@id\":\"https:\/\/theo.niranbio.com\/pt-br\/#website\"},\"primaryImageOfPage\":{\"@id\":\"https:\/\/theo.niranbio.com\/pt-br\/acido-l-lactico.html#primaryimage\"},\"image\":{\"@id\":\"https:\/\/theo.niranbio.com\/pt-br\/acido-l-lactico.html#primaryimage\"},\"thumbnailUrl\":\"https:\/\/theo.niranbio.com\/wp-content\/uploads\/2024\/06\/Lactic-Acid.webp\",\"datePublished\":\"2024-06-20T01:49:07+00:00\",\"dateModified\":\"2024-08-13T07:32:12+00:00\",\"description\":\"Nosso \u00e1cido L-L\u00e1tico \u00e9 um l\u00edquido incolor ou amarelo claro, transparente, sem cheiro excepcional, com um croma de no m\u00e1ximo 50 Hazen fresco, 80 Hazen aquecido.\",\"breadcrumb\":{\"@id\":\"https:\/\/theo.niranbio.com\/pt-br\/acido-l-lactico.html#breadcrumb\"},\"inLanguage\":\"pt-BR\",\"potentialAction\":[{\"@type\":\"ReadAction\",\"target\":[\"https:\/\/theo.niranbio.com\/pt-br\/acido-l-lactico.html\"]}]},{\"@type\":\"ImageObject\",\"inLanguage\":\"pt-BR\",\"@id\":\"https:\/\/theo.niranbio.com\/pt-br\/acido-l-lactico.html#primaryimage\",\"url\":\"https:\/\/theo.niranbio.com\/wp-content\/uploads\/2024\/06\/Lactic-Acid.webp\",\"contentUrl\":\"https:\/\/theo.niranbio.com\/wp-content\/uploads\/2024\/06\/Lactic-Acid.webp\",\"width\":600,\"height\":600,\"caption\":\"\u00c1cido l\u00e1ctico\"},{\"@type\":\"BreadcrumbList\",\"@id\":\"https:\/\/theo.niranbio.com\/pt-br\/acido-l-lactico.html#breadcrumb\",\"itemListElement\":[{\"@type\":\"ListItem\",\"position\":1,\"name\":\"Home\",\"item\":\"https:\/\/theo.niranbio.com\/pt-br\/\"},{\"@type\":\"ListItem\",\"position\":2,\"name\":\"Produtos\",\"item\":\"https:\/\/theo.niranbio.com\/pt-br\/produtos.html\"},{\"@type\":\"ListItem\",\"position\":3,\"name\":\"Acidulante\",\"item\":\"https:\/\/theo.niranbio.com\/pt-br\/produto-acidulante\/\"},{\"@type\":\"ListItem\",\"position\":4,\"name\":\"\u00c1cido L-l\u00e1ctico\"}]},{\"@type\":\"WebSite\",\"@id\":\"https:\/\/theo.niranbio.com\/pt-br\/#website\",\"url\":\"https:\/\/theo.niranbio.com\/pt-br\/\",\"name\":\"Niranbio Chemical\",\"description\":\"\",\"publisher\":{\"@id\":\"https:\/\/theo.niranbio.com\/pt-br\/#organization\"},\"potentialAction\":[{\"@type\":\"SearchAction\",\"target\":{\"@type\":\"EntryPoint\",\"urlTemplate\":\"https:\/\/theo.niranbio.com\/pt-br\/?s={search_term_string}\"},\"query-input\":{\"@type\":\"PropertyValueSpecification\",\"valueRequired\":true,\"valueName\":\"search_term_string\"}}],\"inLanguage\":\"pt-BR\"},{\"@type\":\"Organization\",\"@id\":\"https:\/\/theo.niranbio.com\/pt-br\/#organization\",\"name\":\"Niranbio Chemical\",\"url\":\"https:\/\/theo.niranbio.com\/pt-br\/\",\"logo\":{\"@type\":\"ImageObject\",\"inLanguage\":\"pt-BR\",\"@id\":\"https:\/\/theo.niranbio.com\/pt-br\/#\/schema\/logo\/image\/\",\"url\":\"https:\/\/theo.niranbio.com\/wp-content\/uploads\/2024\/06\/Niranbio.png\",\"contentUrl\":\"https:\/\/theo.niranbio.com\/wp-content\/uploads\/2024\/06\/Niranbio.png\",\"width\":270,\"height\":100,\"caption\":\"Niranbio Chemical\"},\"image\":{\"@id\":\"https:\/\/theo.niranbio.com\/pt-br\/#\/schema\/logo\/image\/\"}}]}<\/script>\n<!-- \/ Yoast SEO plugin. -->","yoast_head_json":{"title":"Fornecedor de Regulador de Acidez E270 de \u00c1cido L-L\u00e1tico L\u00edquido | Niranbio Chemical","description":"Nosso \u00e1cido L-L\u00e1tico \u00e9 um l\u00edquido incolor ou amarelo claro, transparente, sem cheiro excepcional, com um croma de no m\u00e1ximo 50 Hazen fresco, 80 Hazen aquecido.","robots":{"index":"noindex","follow":"follow","max-snippet":"max-snippet:-1","max-image-preview":"max-image-preview:large","max-video-preview":"max-video-preview:-1"},"twitter_misc":{"Est. tempo de leitura":"3 minutos"},"schema":{"@context":"https:\/\/schema.org","@graph":[{"@type":"WebPage","@id":"https:\/\/theo.niranbio.com\/pt-br\/acido-l-lactico.html","url":"https:\/\/theo.niranbio.com\/pt-br\/acido-l-lactico.html","name":"Fornecedor de Regulador de Acidez E270 de \u00c1cido L-L\u00e1tico L\u00edquido | Niranbio Chemical","isPartOf":{"@id":"https:\/\/theo.niranbio.com\/pt-br\/#website"},"primaryImageOfPage":{"@id":"https:\/\/theo.niranbio.com\/pt-br\/acido-l-lactico.html#primaryimage"},"image":{"@id":"https:\/\/theo.niranbio.com\/pt-br\/acido-l-lactico.html#primaryimage"},"thumbnailUrl":"https:\/\/theo.niranbio.com\/wp-content\/uploads\/2024\/06\/Lactic-Acid.webp","datePublished":"2024-06-20T01:49:07+00:00","dateModified":"2024-08-13T07:32:12+00:00","description":"Nosso \u00e1cido L-L\u00e1tico \u00e9 um l\u00edquido incolor ou amarelo claro, transparente, sem cheiro excepcional, com um croma de no m\u00e1ximo 50 Hazen fresco, 80 Hazen aquecido.","breadcrumb":{"@id":"https:\/\/theo.niranbio.com\/pt-br\/acido-l-lactico.html#breadcrumb"},"inLanguage":"pt-BR","potentialAction":[{"@type":"ReadAction","target":["https:\/\/theo.niranbio.com\/pt-br\/acido-l-lactico.html"]}]},{"@type":"ImageObject","inLanguage":"pt-BR","@id":"https:\/\/theo.niranbio.com\/pt-br\/acido-l-lactico.html#primaryimage","url":"https:\/\/theo.niranbio.com\/wp-content\/uploads\/2024\/06\/Lactic-Acid.webp","contentUrl":"https:\/\/theo.niranbio.com\/wp-content\/uploads\/2024\/06\/Lactic-Acid.webp","width":600,"height":600,"caption":"\u00c1cido l\u00e1ctico"},{"@type":"BreadcrumbList","@id":"https:\/\/theo.niranbio.com\/pt-br\/acido-l-lactico.html#breadcrumb","itemListElement":[{"@type":"ListItem","position":1,"name":"Home","item":"https:\/\/theo.niranbio.com\/pt-br\/"},{"@type":"ListItem","position":2,"name":"Produtos","item":"https:\/\/theo.niranbio.com\/pt-br\/produtos.html"},{"@type":"ListItem","position":3,"name":"Acidulante","item":"https:\/\/theo.niranbio.com\/pt-br\/produto-acidulante\/"},{"@type":"ListItem","position":4,"name":"\u00c1cido L-l\u00e1ctico"}]},{"@type":"WebSite","@id":"https:\/\/theo.niranbio.com\/pt-br\/#website","url":"https:\/\/theo.niranbio.com\/pt-br\/","name":"Niranbio Chemical","description":"","publisher":{"@id":"https:\/\/theo.niranbio.com\/pt-br\/#organization"},"potentialAction":[{"@type":"SearchAction","target":{"@type":"EntryPoint","urlTemplate":"https:\/\/theo.niranbio.com\/pt-br\/?s={search_term_string}"},"query-input":{"@type":"PropertyValueSpecification","valueRequired":true,"valueName":"search_term_string"}}],"inLanguage":"pt-BR"},{"@type":"Organization","@id":"https:\/\/theo.niranbio.com\/pt-br\/#organization","name":"Niranbio Chemical","url":"https:\/\/theo.niranbio.com\/pt-br\/","logo":{"@type":"ImageObject","inLanguage":"pt-BR","@id":"https:\/\/theo.niranbio.com\/pt-br\/#\/schema\/logo\/image\/","url":"https:\/\/theo.niranbio.com\/wp-content\/uploads\/2024\/06\/Niranbio.png","contentUrl":"https:\/\/theo.niranbio.com\/wp-content\/uploads\/2024\/06\/Niranbio.png","width":270,"height":100,"caption":"Niranbio Chemical"},"image":{"@id":"https:\/\/theo.niranbio.com\/pt-br\/#\/schema\/logo\/image\/"}}]}},"_links":{"self":[{"href":"https:\/\/theo.niranbio.com\/pt-br\/wp-json\/wp\/v2\/product\/8287","targetHints":{"allow":["GET"]}}],"collection":[{"href":"https:\/\/theo.niranbio.com\/pt-br\/wp-json\/wp\/v2\/product"}],"about":[{"href":"https:\/\/theo.niranbio.com\/pt-br\/wp-json\/wp\/v2\/types\/product"}],"version-history":[{"count":0,"href":"https:\/\/theo.niranbio.com\/pt-br\/wp-json\/wp\/v2\/product\/8287\/revisions"}],"wp:featuredmedia":[{"embeddable":true,"href":"https:\/\/theo.niranbio.com\/pt-br\/wp-json\/wp\/v2\/media\/7995"}],"wp:attachment":[{"href":"https:\/\/theo.niranbio.com\/pt-br\/wp-json\/wp\/v2\/media?parent=8287"}],"wp:term":[{"taxonomy":"product_brand","embeddable":true,"href":"https:\/\/theo.niranbio.com\/pt-br\/wp-json\/wp\/v2\/product_brand?post=8287"},{"taxonomy":"product_cat","embeddable":true,"href":"https:\/\/theo.niranbio.com\/pt-br\/wp-json\/wp\/v2\/product_cat?post=8287"},{"taxonomy":"product_tag","embeddable":true,"href":"https:\/\/theo.niranbio.com\/pt-br\/wp-json\/wp\/v2\/product_tag?post=8287"}],"curies":[{"name":"wp","href":"https:\/\/api.w.org\/{rel}","templated":true}]}}