{"id":8283,"date":"2024-06-27T16:32:24","date_gmt":"2024-06-27T08:32:24","guid":{"rendered":"https:\/\/theo.niranbio.com\/acido-dl-malico\/"},"modified":"2024-08-13T15:30:21","modified_gmt":"2024-08-13T07:30:21","slug":"acido-dl-malico","status":"publish","type":"product","link":"https:\/\/theo.niranbio.com\/pt-br\/acido-dl-malico.html","title":{"rendered":"\u00c1cido DL-M\u00e1lico"},"content":{"rendered":"<h2><span class=\"ez-toc-section\" id=\"O_que_e_acido_DL-malico\"><\/span>O que \u00e9 \u00e1cido DL-m\u00e1lico?<span class=\"ez-toc-section-end\"><\/span><\/h2>\n<p>O \u00e1cido DL-m\u00e1lico apresenta-se como um p\u00f3 cristalino branco, normalmente inodoro ou com um leve odor caracter\u00edstico.<br \/>\nEle pode ser usado como acidificante, retentor de cor, conservante etc. na ind\u00fastria aliment\u00edcia e tamb\u00e9m pode ser usado em produtos farmac\u00eauticos; pode ser usado como agente desincrustante, agente de clareamento fluorescente etc. na ind\u00fastria.<br \/>\nNa produ\u00e7\u00e3o do \u00e1cido DL-m\u00e1lico, o benzeno sofre oxida\u00e7\u00e3o catal\u00edtica para produzir \u00e1cido maleico e \u00e1cido fum\u00e1rico, que s\u00e3o posteriormente hidratados sob alta temperatura e press\u00e3o.<br \/>\nOs principais produtos da rea\u00e7\u00e3o s\u00e3o o \u00e1cido m\u00e1lico e uma pequena quantidade de \u00e1cido fum\u00e1rico.<br \/>\nOs cristais de \u00e1cido fum\u00e1rico s\u00e3o isolados por filtra\u00e7\u00e3o, enquanto a solu\u00e7\u00e3o restante \u00e9 concentrada e os s\u00f3lidos s\u00e3o separados por centrifuga\u00e7\u00e3o para obter o \u00e1cido m\u00e1lico bruto.<br \/>\nEsse produto bruto \u00e9 posteriormente purificado e cristalizado para obter o produto final.<br \/>\nTamb\u00e9m \u00e9 poss\u00edvel catalisar o \u00e1cido fum\u00e1rico ou o \u00e1cido maleico com \u00e1gua sob alta temperatura e alta press\u00e3o para obter o \u00e1cido DL-m\u00e1lico, ou usar a fermenta\u00e7\u00e3o para produzir o \u00e1cido L-m\u00e1lico fermentando o \u00e1cido fum\u00e1rico com enzimas biol\u00f3gicas.<\/p>\n<h2><span class=\"ez-toc-section\" id=\"Parametros_relacionados\"><\/span>Par\u00e2metros relacionados:<span class=\"ez-toc-section-end\"><\/span><\/h2>\n<table>\n<tbody>\n<tr>\n<td colspan=\"2\">Item de teste<\/td>\n<td>Padr\u00e3o<\/td>\n<\/tr>\n<tr>\n<td rowspan=\"3\">Exig\u00eancia sensorial<\/td>\n<td>Cor e brilho<\/td>\n<td>Branco ou quase branco<\/td>\n<\/tr>\n<tr>\n<td>Cheiro<\/td>\n<td>Sabor azedo especial<\/td>\n<\/tr>\n<tr>\n<td>Apar\u00eancia<\/td>\n<td>P\u00f3 cristalino ou gr\u00e2nulos cristalinos<\/td>\n<\/tr>\n<tr>\n<td rowspan=\"8\">\u00cdndice f\u00edsico e qu\u00edmico<\/td>\n<td>\u00c1cido DL-M\u00e1lico c\/%<\/td>\n<td>99.0~100.5<\/td>\n<\/tr>\n<tr>\n<td>Rota\u00e7\u00e3o espec\u00edfica am(25\u2103\uff0cD)\/[(\u00b0)-dm2 -Kg-1]<\/td>\n<td>-0.10~+0.10<\/td>\n<\/tr>\n<tr>\n<td>\u00c1cido fum\u00e1rico com%<\/td>\n<td>\u22641.0<\/td>\n<\/tr>\n<tr>\n<td>\u00c1cido maleico com%<\/td>\n<td>\u22640.05<\/td>\n<\/tr>\n<tr>\n<td>Res\u00edduo de queima com%<\/td>\n<td>\u22640.1<\/td>\n<\/tr>\n<tr>\n<td>(As)\/(mg\/kg)<\/td>\n<td>\u22642<\/td>\n<\/tr>\n<tr>\n<td>(Pb)\/(mg\/kg)<\/td>\n<td>\u22642<\/td>\n<\/tr>\n<tr>\n<td>Mat\u00e9ria insol\u00favel em \u00e1gua com%<\/td>\n<td>\u22640.1<\/td>\n<\/tr>\n<\/tbody>\n<\/table>\n<h2><span class=\"ez-toc-section\" id=\"Dosagem_recomendada\"><\/span>Dosagem recomendada<span class=\"ez-toc-section-end\"><\/span><\/h2>\n<table>\n<tbody>\n<tr>\n<td>Nome do alimento<\/td>\n<td>Uso m\u00e1ximo (g\/kg)<\/td>\n<\/tr>\n<tr>\n<td>Bebidas<\/td>\n<td>0,1 &#8211; 5 g\/kg<\/td>\n<\/tr>\n<tr>\n<td>Doces<\/td>\n<td>1 &#8211; 10 g\/kg<\/td>\n<\/tr>\n<tr>\n<td>Preparados de frutas<\/td>\n<td>1 &#8211; 10 g\/kg<\/td>\n<\/tr>\n<tr>\n<td>Doces e gel\u00e9ias<\/td>\n<td>1 &#8211; 5 g\/kg<\/td>\n<\/tr>\n<tr>\n<td>Iogurtes e leite aromatizado<\/td>\n<td>0,5 &#8211; 2 g\/kg<\/td>\n<\/tr>\n<tr>\n<td>Queijo e pastas de queijo<\/td>\n<td>0,1 &#8211; 1 g\/kg<\/td>\n<\/tr>\n<tr>\n<td>P\u00e3o e p\u00e3ezinhos<\/td>\n<td>0,1 &#8211; 1 g\/kg<\/td>\n<\/tr>\n<tr>\n<td>Bolos e doces<\/td>\n<td>1 &#8211; 5 g\/kg<\/td>\n<\/tr>\n<tr>\n<td>Produtos para cuidados com a pele<\/td>\n<td>0,1 &#8211; 1 g\/kg<\/td>\n<\/tr>\n<tr>\n<td>Produtos para cuidados com os cabelos<\/td>\n<td>0,1 &#8211; 1 g\/kg<\/td>\n<\/tr>\n<tr>\n<td>Produto para cuidados bucais<\/td>\n<td>0,1 &#8211; 1 g\/kg<\/td>\n<\/tr>\n<\/tbody>\n<\/table>\n<h2><span class=\"ez-toc-section\" id=\"O_acido_DL-malico_tem_uma_ampla_gama_de_usos\"><\/span>O \u00e1cido DL-m\u00e1lico tem uma ampla gama de usos<span class=\"ez-toc-section-end\"><\/span><\/h2>\n<ol>\n<li>Acidulantes e agentes aromatizantes: \u00c9 amplamente empregado como um acidulante em alimentos e bebidas para ajustar a acidez e real\u00e7ar o sabor de sucos de frutas, doces, geleias, etc.<\/li>\n<li>Conservantes: Ele efetivamente estende a vida \u00fatil dos produtos reduzindo seu valor de pH, inibindo assim o crescimento de microrganismos.<\/li>\n<li>Ajuste de pH: Como um tamp\u00e3o, ele ajuda a manter um pH est\u00e1vel do produto, o que \u00e9 essencial para manter a qualidade e estabilidade de alimentos e produtos para cuidados com a pele.<\/li>\n<li>Realce de sabor: Quando usado em produtos assados \u200b\u200b(como p\u00e3o e bolos), ele n\u00e3o apenas real\u00e7a seu sabor azedo, mas tamb\u00e9m melhora o sabor e o aroma.<\/li>\n<li>Fun\u00e7\u00f5es t\u00e9cnicas: Nos campos farmac\u00eautico e industrial, o \u00e1cido m\u00e1lico \u00e9 frequentemente usado como um excipiente para ajustar as propriedades f\u00edsicas e qu\u00edmicas do produto.<\/li>\n<li>Cuidados com a pele e cabelos: Em cosm\u00e9ticos, o \u00e1cido m\u00e1lico \u00e9 amplamente usado em produtos para cuidados com a pele e cabelos devido \u00e0s suas propriedades esfoliantes e de ajuste de pH.<\/li>\n<\/ol>\n<h2><span class=\"ez-toc-section\" id=\"O_usuario_fez_a_seguinte_pergunta\"><\/span>O usu\u00e1rio fez a seguinte pergunta:<span class=\"ez-toc-section-end\"><\/span><\/h2>\n<p>Pergunta: Qual \u00e9 a diferen\u00e7a entre \u00e1cido DL-m\u00e1lico e \u00e1cido l\u00e1ctico?<\/p>\n<p>Resposta: O \u00e1cido DL-m\u00e1lico \u00e9 um \u00e1cido dicarbox\u00edlico caracterizado por dois grupos carboxila (-COOH). Sua estrutura molecular o torna amplamente utilizado nas ind\u00fastrias aliment\u00edcia e farmac\u00eautica para ajuste de acidez e acidifica\u00e7\u00e3o. O \u00e1cido l\u00e1ctico \u00e9 um \u00e1cido monocarbox\u00edlico com um grupo carboxila (-COOH). \u00c9 comumente encontrado na fermenta\u00e7\u00e3o de latic\u00ednios e tamb\u00e9m \u00e9 usado como um acidificante alimentar e regulador de pH. A diferen\u00e7a:<\/p>\n<ol>\n<li>\u00c1cido DL-m\u00e1lico: Usado principalmente para ajuste de acidez em alimentos e bebidas, bem como ajuste e acidifica\u00e7\u00e3o em produtos farmac\u00eauticos. Sua contribui\u00e7\u00e3o para a acidez pode ajudar a melhorar o sabor e manter a estabilidade do produto. O \u00e1cido l\u00e1ctico, comumente presente em produtos l\u00e1cteos fermentados, como iogurte e queijo, desempenha fun\u00e7\u00f5es nos processos de acidifica\u00e7\u00e3o do iogurte e preserva\u00e7\u00e3o de alimentos.<\/li>\n<li>O \u00e1cido DL-m\u00e1lico \u00e9 amplamente utilizado na ind\u00fastria aliment\u00edcia, especialmente para produtos que exigem acidez e estabilidade, como sucos, alimentos enlatados e produtos farmac\u00eauticos; o \u00e1cido l\u00e1ctico \u00e9 usado principalmente em produtos l\u00e1cteos e processos de iogurte alimentar, e \u00e9 essencial para a ind\u00fastria de latic\u00ednios. Em resumo, o \u00e1cido DL-m\u00e1lico tem vantagens \u00f3bvias sobre o \u00e1cido l\u00e1tico em sua estrutura qu\u00edmica, amplos campos de aplica\u00e7\u00e3o e demanda de mercado, o que faz com que ele desempenhe um papel mais amplo e importante nos setores de alimentos, medicamentos e outros.<\/li>\n<\/ol>\n","protected":false},"excerpt":{"rendered":"<ul>\n<li>CAS: 617-48-1;6915-15-7<\/li>\n<li>F\u00f3rmula qu\u00edmica: C4H6O5<\/li>\n<li>Certifica\u00e7\u00f5es: KOSHER, ISO, HALAL, FSSC 22000, BRC, etc.<\/li>\n<li>Padr\u00e3o: USP\/FCC9\/E296<\/li>\n<li>Quantidade m\u00ednima do pedido: 1000KG<\/li>\n<li>Prazo de validade: 2 anos<\/li>\n<\/ul>\n","protected":false},"featured_media":8284,"template":"","meta":{"site-sidebar-layout":"default","site-content-layout":"","ast-site-content-layout":"default","site-content-style":"default","site-sidebar-style":"default","ast-global-header-display":"","ast-banner-title-visibility":"","ast-main-header-display":"","ast-hfb-above-header-display":"","ast-hfb-below-header-display":"","ast-hfb-mobile-header-display":"","site-post-title":"","ast-breadcrumbs-content":"","ast-featured-img":"","footer-sml-layout":"","theme-transparent-header-meta":"default","adv-header-id-meta":"","stick-header-meta":"","header-above-stick-meta":"","header-main-stick-meta":"","header-below-stick-meta":"","astra-migrate-meta-layouts":"set","ast-page-background-enabled":"default","ast-page-background-meta":{"desktop":{"background-color":"var(--ast-global-color-4)","background-image":"","background-repeat":"repeat","background-position":"center center","background-size":"auto","background-attachment":"scroll","background-type":"","background-media":"","overlay-type":"","overlay-color":"","overlay-opacity":"","overlay-gradient":""},"tablet":{"background-color":"","background-image":"","background-repeat":"repeat","background-position":"center center","background-size":"auto","background-attachment":"scroll","background-type":"","background-media":"","overlay-type":"","overlay-color":"","overlay-opacity":"","overlay-gradient":""},"mobile":{"background-color":"","background-image":"","background-repeat":"repeat","background-position":"center center","background-size":"auto","background-attachment":"scroll","background-type":"","background-media":"","overlay-type":"","overlay-color":"","overlay-opacity":"","overlay-gradient":""}},"ast-content-background-meta":{"desktop":{"background-color":"var(--ast-global-color-5)","background-image":"","background-repeat":"repeat","background-position":"center center","background-size":"auto","background-attachment":"scroll","background-type":"","background-media":"","overlay-type":"","overlay-color":"","overlay-opacity":"","overlay-gradient":""},"tablet":{"background-color":"var(--ast-global-color-5)","background-image":"","background-repeat":"repeat","background-position":"center center","background-size":"auto","background-attachment":"scroll","background-type":"","background-media":"","overlay-type":"","overlay-color":"","overlay-opacity":"","overlay-gradient":""},"mobile":{"background-color":"var(--ast-global-color-5)","background-image":"","background-repeat":"repeat","background-position":"center center","background-size":"auto","background-attachment":"scroll","background-type":"","background-media":"","overlay-type":"","overlay-color":"","overlay-opacity":"","overlay-gradient":""}}},"product_brand":[],"product_cat":[74],"product_tag":[],"class_list":{"0":"post-8283","1":"product","2":"type-product","3":"status-publish","4":"has-post-thumbnail","6":"product_cat-produto-acidulante","7":"desktop-align-center","8":"tablet-align-left","9":"mobile-align-left","11":"first","12":"instock","13":"shipping-taxable","14":"product-type-simple"},"yoast_head":"<!-- This site is optimized with the Yoast SEO plugin v26.5 - https:\/\/yoast.com\/wordpress\/plugins\/seo\/ -->\n<title>Pre\u00e7o do p\u00f3 de \u00e1cido DL-m\u00e1lico, fornecedor de regulador de acidez E296 | Niranbio Chemical<\/title>\n<meta name=\"description\" content=\"N\u00f3s fornecemos o aditivo alimentar \u00e1cido DL-m\u00e1lico com uma pureza de 99,0~100,5w\/%, p\u00f3 cristalino branco ou quase branco ou gr\u00e2nulos com um sabor azedo especial.\" \/>\n<meta name=\"robots\" content=\"noindex, follow, max-snippet:-1, max-image-preview:large, max-video-preview:-1\" \/>\n<meta name=\"twitter:label1\" content=\"Est. tempo de leitura\" \/>\n\t<meta name=\"twitter:data1\" content=\"4 minutos\" \/>\n<script type=\"application\/ld+json\" class=\"yoast-schema-graph\">{\"@context\":\"https:\/\/schema.org\",\"@graph\":[{\"@type\":\"WebPage\",\"@id\":\"https:\/\/theo.niranbio.com\/pt-br\/acido-dl-malico.html\",\"url\":\"https:\/\/theo.niranbio.com\/pt-br\/acido-dl-malico.html\",\"name\":\"Pre\u00e7o do p\u00f3 de \u00e1cido DL-m\u00e1lico, fornecedor de regulador de acidez E296 | Niranbio Chemical\",\"isPartOf\":{\"@id\":\"https:\/\/theo.niranbio.com\/pt-br\/#website\"},\"primaryImageOfPage\":{\"@id\":\"https:\/\/theo.niranbio.com\/pt-br\/acido-dl-malico.html#primaryimage\"},\"image\":{\"@id\":\"https:\/\/theo.niranbio.com\/pt-br\/acido-dl-malico.html#primaryimage\"},\"thumbnailUrl\":\"https:\/\/theo.niranbio.com\/wp-content\/uploads\/2024\/06\/DL-Malic-Acid-1.jpg\",\"datePublished\":\"2024-06-27T08:32:24+00:00\",\"dateModified\":\"2024-08-13T07:30:21+00:00\",\"description\":\"N\u00f3s fornecemos o aditivo alimentar \u00e1cido DL-m\u00e1lico com uma pureza de 99,0~100,5w\/%, p\u00f3 cristalino branco ou quase branco ou gr\u00e2nulos com um sabor azedo especial.\",\"breadcrumb\":{\"@id\":\"https:\/\/theo.niranbio.com\/pt-br\/acido-dl-malico.html#breadcrumb\"},\"inLanguage\":\"pt-BR\",\"potentialAction\":[{\"@type\":\"ReadAction\",\"target\":[\"https:\/\/theo.niranbio.com\/pt-br\/acido-dl-malico.html\"]}]},{\"@type\":\"ImageObject\",\"inLanguage\":\"pt-BR\",\"@id\":\"https:\/\/theo.niranbio.com\/pt-br\/acido-dl-malico.html#primaryimage\",\"url\":\"https:\/\/theo.niranbio.com\/wp-content\/uploads\/2024\/06\/DL-Malic-Acid-1.jpg\",\"contentUrl\":\"https:\/\/theo.niranbio.com\/wp-content\/uploads\/2024\/06\/DL-Malic-Acid-1.jpg\",\"width\":600,\"height\":600,\"caption\":\"\u00c1cido DL-m\u00e1lico\"},{\"@type\":\"BreadcrumbList\",\"@id\":\"https:\/\/theo.niranbio.com\/pt-br\/acido-dl-malico.html#breadcrumb\",\"itemListElement\":[{\"@type\":\"ListItem\",\"position\":1,\"name\":\"Home\",\"item\":\"https:\/\/theo.niranbio.com\/pt-br\/\"},{\"@type\":\"ListItem\",\"position\":2,\"name\":\"Produtos\",\"item\":\"https:\/\/theo.niranbio.com\/pt-br\/produtos.html\"},{\"@type\":\"ListItem\",\"position\":3,\"name\":\"Acidulante\",\"item\":\"https:\/\/theo.niranbio.com\/pt-br\/produto-acidulante\/\"},{\"@type\":\"ListItem\",\"position\":4,\"name\":\"\u00c1cido DL-M\u00e1lico\"}]},{\"@type\":\"WebSite\",\"@id\":\"https:\/\/theo.niranbio.com\/pt-br\/#website\",\"url\":\"https:\/\/theo.niranbio.com\/pt-br\/\",\"name\":\"Niranbio Chemical\",\"description\":\"\",\"publisher\":{\"@id\":\"https:\/\/theo.niranbio.com\/pt-br\/#organization\"},\"potentialAction\":[{\"@type\":\"SearchAction\",\"target\":{\"@type\":\"EntryPoint\",\"urlTemplate\":\"https:\/\/theo.niranbio.com\/pt-br\/?s={search_term_string}\"},\"query-input\":{\"@type\":\"PropertyValueSpecification\",\"valueRequired\":true,\"valueName\":\"search_term_string\"}}],\"inLanguage\":\"pt-BR\"},{\"@type\":\"Organization\",\"@id\":\"https:\/\/theo.niranbio.com\/pt-br\/#organization\",\"name\":\"Niranbio Chemical\",\"url\":\"https:\/\/theo.niranbio.com\/pt-br\/\",\"logo\":{\"@type\":\"ImageObject\",\"inLanguage\":\"pt-BR\",\"@id\":\"https:\/\/theo.niranbio.com\/pt-br\/#\/schema\/logo\/image\/\",\"url\":\"https:\/\/theo.niranbio.com\/wp-content\/uploads\/2024\/06\/Niranbio.png\",\"contentUrl\":\"https:\/\/theo.niranbio.com\/wp-content\/uploads\/2024\/06\/Niranbio.png\",\"width\":270,\"height\":100,\"caption\":\"Niranbio Chemical\"},\"image\":{\"@id\":\"https:\/\/theo.niranbio.com\/pt-br\/#\/schema\/logo\/image\/\"}}]}<\/script>\n<!-- \/ Yoast SEO plugin. -->","yoast_head_json":{"title":"Pre\u00e7o do p\u00f3 de \u00e1cido DL-m\u00e1lico, fornecedor de regulador de acidez E296 | Niranbio Chemical","description":"N\u00f3s fornecemos o aditivo alimentar \u00e1cido DL-m\u00e1lico com uma pureza de 99,0~100,5w\/%, p\u00f3 cristalino branco ou quase branco ou gr\u00e2nulos com um sabor azedo especial.","robots":{"index":"noindex","follow":"follow","max-snippet":"max-snippet:-1","max-image-preview":"max-image-preview:large","max-video-preview":"max-video-preview:-1"},"twitter_misc":{"Est. tempo de leitura":"4 minutos"},"schema":{"@context":"https:\/\/schema.org","@graph":[{"@type":"WebPage","@id":"https:\/\/theo.niranbio.com\/pt-br\/acido-dl-malico.html","url":"https:\/\/theo.niranbio.com\/pt-br\/acido-dl-malico.html","name":"Pre\u00e7o do p\u00f3 de \u00e1cido DL-m\u00e1lico, fornecedor de regulador de acidez E296 | Niranbio Chemical","isPartOf":{"@id":"https:\/\/theo.niranbio.com\/pt-br\/#website"},"primaryImageOfPage":{"@id":"https:\/\/theo.niranbio.com\/pt-br\/acido-dl-malico.html#primaryimage"},"image":{"@id":"https:\/\/theo.niranbio.com\/pt-br\/acido-dl-malico.html#primaryimage"},"thumbnailUrl":"https:\/\/theo.niranbio.com\/wp-content\/uploads\/2024\/06\/DL-Malic-Acid-1.jpg","datePublished":"2024-06-27T08:32:24+00:00","dateModified":"2024-08-13T07:30:21+00:00","description":"N\u00f3s fornecemos o aditivo alimentar \u00e1cido DL-m\u00e1lico com uma pureza de 99,0~100,5w\/%, p\u00f3 cristalino branco ou quase branco ou gr\u00e2nulos com um sabor azedo especial.","breadcrumb":{"@id":"https:\/\/theo.niranbio.com\/pt-br\/acido-dl-malico.html#breadcrumb"},"inLanguage":"pt-BR","potentialAction":[{"@type":"ReadAction","target":["https:\/\/theo.niranbio.com\/pt-br\/acido-dl-malico.html"]}]},{"@type":"ImageObject","inLanguage":"pt-BR","@id":"https:\/\/theo.niranbio.com\/pt-br\/acido-dl-malico.html#primaryimage","url":"https:\/\/theo.niranbio.com\/wp-content\/uploads\/2024\/06\/DL-Malic-Acid-1.jpg","contentUrl":"https:\/\/theo.niranbio.com\/wp-content\/uploads\/2024\/06\/DL-Malic-Acid-1.jpg","width":600,"height":600,"caption":"\u00c1cido DL-m\u00e1lico"},{"@type":"BreadcrumbList","@id":"https:\/\/theo.niranbio.com\/pt-br\/acido-dl-malico.html#breadcrumb","itemListElement":[{"@type":"ListItem","position":1,"name":"Home","item":"https:\/\/theo.niranbio.com\/pt-br\/"},{"@type":"ListItem","position":2,"name":"Produtos","item":"https:\/\/theo.niranbio.com\/pt-br\/produtos.html"},{"@type":"ListItem","position":3,"name":"Acidulante","item":"https:\/\/theo.niranbio.com\/pt-br\/produto-acidulante\/"},{"@type":"ListItem","position":4,"name":"\u00c1cido DL-M\u00e1lico"}]},{"@type":"WebSite","@id":"https:\/\/theo.niranbio.com\/pt-br\/#website","url":"https:\/\/theo.niranbio.com\/pt-br\/","name":"Niranbio Chemical","description":"","publisher":{"@id":"https:\/\/theo.niranbio.com\/pt-br\/#organization"},"potentialAction":[{"@type":"SearchAction","target":{"@type":"EntryPoint","urlTemplate":"https:\/\/theo.niranbio.com\/pt-br\/?s={search_term_string}"},"query-input":{"@type":"PropertyValueSpecification","valueRequired":true,"valueName":"search_term_string"}}],"inLanguage":"pt-BR"},{"@type":"Organization","@id":"https:\/\/theo.niranbio.com\/pt-br\/#organization","name":"Niranbio Chemical","url":"https:\/\/theo.niranbio.com\/pt-br\/","logo":{"@type":"ImageObject","inLanguage":"pt-BR","@id":"https:\/\/theo.niranbio.com\/pt-br\/#\/schema\/logo\/image\/","url":"https:\/\/theo.niranbio.com\/wp-content\/uploads\/2024\/06\/Niranbio.png","contentUrl":"https:\/\/theo.niranbio.com\/wp-content\/uploads\/2024\/06\/Niranbio.png","width":270,"height":100,"caption":"Niranbio Chemical"},"image":{"@id":"https:\/\/theo.niranbio.com\/pt-br\/#\/schema\/logo\/image\/"}}]}},"_links":{"self":[{"href":"https:\/\/theo.niranbio.com\/pt-br\/wp-json\/wp\/v2\/product\/8283","targetHints":{"allow":["GET"]}}],"collection":[{"href":"https:\/\/theo.niranbio.com\/pt-br\/wp-json\/wp\/v2\/product"}],"about":[{"href":"https:\/\/theo.niranbio.com\/pt-br\/wp-json\/wp\/v2\/types\/product"}],"version-history":[{"count":0,"href":"https:\/\/theo.niranbio.com\/pt-br\/wp-json\/wp\/v2\/product\/8283\/revisions"}],"wp:featuredmedia":[{"embeddable":true,"href":"https:\/\/theo.niranbio.com\/pt-br\/wp-json\/wp\/v2\/media\/8284"}],"wp:attachment":[{"href":"https:\/\/theo.niranbio.com\/pt-br\/wp-json\/wp\/v2\/media?parent=8283"}],"wp:term":[{"taxonomy":"product_brand","embeddable":true,"href":"https:\/\/theo.niranbio.com\/pt-br\/wp-json\/wp\/v2\/product_brand?post=8283"},{"taxonomy":"product_cat","embeddable":true,"href":"https:\/\/theo.niranbio.com\/pt-br\/wp-json\/wp\/v2\/product_cat?post=8283"},{"taxonomy":"product_tag","embeddable":true,"href":"https:\/\/theo.niranbio.com\/pt-br\/wp-json\/wp\/v2\/product_tag?post=8283"}],"curies":[{"name":"wp","href":"https:\/\/api.w.org\/{rel}","templated":true}]}}