{"id":8263,"date":"2024-06-19T17:28:10","date_gmt":"2024-06-19T09:28:10","guid":{"rendered":"https:\/\/theo.niranbio.com\/pirofosfato-acido-de-sodio\/"},"modified":"2024-08-13T16:08:39","modified_gmt":"2024-08-13T08:08:39","slug":"pirofosfato-acido-de-sodio","status":"publish","type":"product","link":"https:\/\/theo.niranbio.com\/pt-br\/pirofosfato-acido-de-sodio.html","title":{"rendered":"Pirofosfato \u00e1cido de s\u00f3dio"},"content":{"rendered":"<h2><span class=\"ez-toc-section\" id=\"Metodos_de_Producao_de_Pirofosfato_Acido_de_Sodio\"><\/span>M\u00e9todos de Produ\u00e7\u00e3o de Pirofosfato \u00c1cido de S\u00f3dio<span class=\"ez-toc-section-end\"><\/span><\/h2>\n<p>Existem v\u00e1rios m\u00e9todos principais de produ\u00e7\u00e3o de pirofosfato \u00e1cido de s\u00f3dio:<\/p>\n<p>1. M\u00e9todo t\u00e9rmico: Devido \u00e0 sua alta efici\u00eancia e economia, o m\u00e9todo t\u00e9rmico \u00e9 atualmente o m\u00e9todo principal para a produ\u00e7\u00e3o de pirofosfato \u00e1cido de s\u00f3dio na China.<\/p>\n<p>2. M\u00e9todo de neutraliza\u00e7\u00e3o: \u00c9 adequado para ocasi\u00f5es com altos requisitos de pureza do produto, mas a complexidade e o custo do processo s\u00e3o ligeiramente maiores do que o m\u00e9todo t\u00e9rmico.<\/p>\n<h2><span class=\"ez-toc-section\" id=\"Parametros_relacionados\"><\/span>Par\u00e2metros relacionados:<span class=\"ez-toc-section-end\"><\/span><\/h2>\n<table>\n<tbody>\n<tr>\n<td><strong>Itens<\/strong><\/td>\n<td><strong>Unidades<\/strong><\/td>\n<td><strong>Especifica\u00e7\u00f5es<\/strong><\/td>\n<\/tr>\n<tr>\n<td>Ensaio, \u03c9<\/td>\n<td>%<\/td>\n<td>M\u00edn. 95<\/td>\n<\/tr>\n<tr>\n<td>P2O5<\/td>\n<td>%<\/td>\n<td>63.0~64.5<\/td>\n<\/tr>\n<tr>\n<td>Insol\u00favel em \u00e1gua, \u03c9<\/td>\n<td>%<\/td>\n<td>M\u00e1x.<br \/>\n0.5<\/td>\n<\/tr>\n<tr>\n<td>pH (solu\u00e7\u00e3o a 1%)<\/td>\n<td><\/td>\n<td>4.0~4.6<\/td>\n<\/tr>\n<tr>\n<td>As<\/td>\n<td>mg\/kg<\/td>\n<td>M\u00e1x. 3<\/td>\n<\/tr>\n<tr>\n<td>Metal pesado<\/td>\n<td>mg\/kg<\/td>\n<td>M\u00e1ximo.<br \/>\n10<\/td>\n<\/tr>\n<tr>\n<td>Pb<\/td>\n<td>mg\/kg<\/td>\n<td>M\u00e1x. 2<\/td>\n<\/tr>\n<tr>\n<td>F<\/td>\n<td>mg\/kg<\/td>\n<td>M\u00e1x.<br \/>\n20<\/td>\n<\/tr>\n<tr>\n<td>Brancura<\/td>\n<td>%<\/td>\n<td>M\u00ednimo 90<\/td>\n<\/tr>\n<tr>\n<td>ROR, v<\/td>\n<td>%<\/td>\n<td>26~30<\/td>\n<\/tr>\n<tr>\n<td>Ortofosfato<\/td>\n<td><\/td>\n<td>Teste de aprova\u00e7\u00e3o<\/td>\n<\/tr>\n<tr>\n<td>Densidade a granel<\/td>\n<td>g\/cm 3<\/td>\n<td>M\u00ednimo 0.7<\/td>\n<\/tr>\n<tr>\n<td>Tamanho da part\u00edcula (- 100 mesh), \u03c9<\/td>\n<td>%<\/td>\n<td>M\u00ednimo 90<\/td>\n<\/tr>\n<\/tbody>\n<\/table>\n<h2><span class=\"ez-toc-section\" id=\"Dosagem_recomendada\"><\/span>Dosagem recomendada<span class=\"ez-toc-section-end\"><\/span><\/h2>\n<table>\n<tbody>\n<tr>\n<td><strong>Nome do alimento<\/strong><\/td>\n<td><strong>Uso m\u00e1ximo (g\/kg)<\/strong><\/td>\n<\/tr>\n<tr>\n<td>P\u00e3o<\/td>\n<td>5 g\/kg<\/td>\n<\/tr>\n<tr>\n<td>Bolo<\/td>\n<td>4 g\/kg<\/td>\n<\/tr>\n<tr>\n<td>Biscoitos<\/td>\n<td>3 g\/kg<\/td>\n<\/tr>\n<tr>\n<td>Fermento em p\u00f3 instant\u00e2neo<\/td>\n<td>20 g\/kg<\/td>\n<\/tr>\n<tr>\n<td>Melhorador de farinha<\/td>\n<td>2 g\/kg<\/td>\n<\/tr>\n<tr>\n<td>Agente de inclina\u00e7\u00e3o<\/td>\n<td>10 g\/kg<\/td>\n<\/tr>\n<tr>\n<td>Alimentos congelados rapidamente<\/td>\n<td>5 g\/kg<\/td>\n<\/tr>\n<tr>\n<td>Batatas fritas<\/td>\n<td>3 g\/kg<\/td>\n<\/tr>\n<tr>\n<td>Chocolate<\/td>\n<td>2 g\/kg<\/td>\n<\/tr>\n<tr>\n<td>Queijo<\/td>\n<td>5 g\/kg<\/td>\n<\/tr>\n<tr>\n<td>Iogurte<\/td>\n<td>3 g\/kg<\/td>\n<\/tr>\n<tr>\n<td>Carne curada<\/td>\n<td>3 g\/kg<\/td>\n<\/tr>\n<tr>\n<td>Produtos de surimi<\/td>\n<td>4 g\/kg<\/td>\n<\/tr>\n<tr>\n<td>Molho<\/td>\n<td>4 g\/kg<\/td>\n<\/tr>\n<tr>\n<td>Produtos de amido<\/td>\n<td>4 g\/kg<\/td>\n<\/tr>\n<tr>\n<td>Produtos c\u00e1rneos<\/td>\n<td>5 g\/kg<\/td>\n<\/tr>\n<\/tbody>\n<\/table>\n<h2><span class=\"ez-toc-section\" id=\"Pirofosfato_acido_de_sodio_tem_uma_ampla_gama_de_usos\"><\/span>Pirofosfato \u00e1cido de s\u00f3dio tem uma ampla gama de usos<span class=\"ez-toc-section-end\"><\/span><\/h2>\n<ol>\n<li>Agente de fermenta\u00e7\u00e3o: SAPP \u00e9 frequentemente usado como um agente de fermenta\u00e7\u00e3o em produtos assados.<\/li>\n<li>Agente quelante: Pode se ligar a \u00edons met\u00e1licos para evitar altera\u00e7\u00f5es adversas causadas por \u00edons met\u00e1licos em alimentos, como evitar o escurecimento de frutas e vegetais.<\/li>\n<li>Tamp\u00e3o: SAPP pode estabilizar o valor de pH dos alimentos e evitar que a qualidade dos alimentos se deteriore devido a altera\u00e7\u00f5es de pH durante o armazenamento.<\/li>\n<li>Emulsificante: em alguns produtos l\u00e1cteos e condimentos, pode estabilizar o estado emulsionado e evitar a estratifica\u00e7\u00e3o.<\/li>\n<li>Umectante: Em produtos c\u00e1rneos, pode reter umidade e aumentar a maciez e as propriedades hidratantes do produto.<\/li>\n<\/ol>\n<h2><span class=\"ez-toc-section\" id=\"O_usuario_fez_a_seguinte_pergunta\"><\/span>O usu\u00e1rio fez a seguinte pergunta:<span class=\"ez-toc-section-end\"><\/span><\/h2>\n<p><strong>Pergunta: Qual \u00e9 a diferen\u00e7a entre pirofosfato \u00e1cido de s\u00f3dio e pirofosfato de s\u00f3dio?<\/strong><\/p>\n<p>Resposta: O pirofosfato \u00e1cido de s\u00f3dio tem forte acidez e sua apar\u00eancia \u00e9 de cristais brancos ou p\u00f3. \u00c9 facilmente sol\u00favel em \u00e1gua e produz uma solu\u00e7\u00e3o \u00e1cida quando dissolvido. Pode produzir hidr\u00f3xido de s\u00f3dio na solu\u00e7\u00e3o aquosa e decompor fosfatos e di\u00f3xido de carbono. O pirofosfato de s\u00f3dio n\u00e3o \u00e9 \u00e1cido e sua apar\u00eancia tamb\u00e9m \u00e9 de cristais brancos ou p\u00f3. No entanto, n\u00e3o \u00e9 t\u00e3o sol\u00favel em \u00e1gua quanto o pirofosfato \u00e1cido de s\u00f3dio. Sua solu\u00e7\u00e3o \u00e9 neutra ou fracamente alcalina, relativamente est\u00e1vel e n\u00e3o \u00e9 f\u00e1cil de decompor. \u00c9 usado principalmente em processamento de metais, cer\u00e2mica e eletr\u00f4nicos. Pode melhorar o brilho da superf\u00edcie dos objetos e melhorar a flexibilidade e soldabilidade das superf\u00edcies met\u00e1licas.<\/p>\n<p><strong>Pergunta: At\u00e9 agora, como est\u00e1 o mercado interno de pirofosfato \u00e1cido de s\u00f3dio? Qual mercado estrangeiro tem o maior impacto? <\/strong><\/p>\n<p>Resposta: Em 2024, o mercado interno de pirofosfato \u00e1cido de s\u00f3dio (SAPP) na China est\u00e1 experimentando um crescimento constante. A demanda \u00e9 impulsionada principalmente por seu uso generalizado na ind\u00fastria aliment\u00edcia, particularmente como um agente de fermenta\u00e7\u00e3o. Internacionalmente, a regi\u00e3o da \u00c1sia-Pac\u00edfico (APAC) deve dominar o mercado SAPP nos pr\u00f3ximos anos devido \u00e0 r\u00e1pida industrializa\u00e7\u00e3o.<\/p>\n<p>O crescimento do mercado desta regi\u00e3o impacta significativamente outros mercados globais, particularmente Am\u00e9rica do Norte e Europa, influenciando cadeias de suprimentos e estrat\u00e9gias de pre\u00e7os. Os principais desafios globais incluem tens\u00f5es geopol\u00edticas que afetam os pre\u00e7os das mat\u00e9rias-primas e taxas de recupera\u00e7\u00e3o econ\u00f4mica vari\u00e1veis \u200b\u200bentre as regi\u00f5es. Apesar desses desafios, h\u00e1 oportunidades significativas para os participantes do mercado investirem em novas tecnologias e pr\u00e1ticas sustent\u00e1veis \u200b\u200bpara manter o crescimento e a resili\u00eancia.<\/p>\n","protected":false},"excerpt":{"rendered":"<ul>\n<li>CAS: 7758-16-9<\/li>\n<li>F\u00f3rmula qu\u00edmica: Na<sub>2<\/sub>H<sub>2<\/sub>P<sub>2<\/sub>O<sub>7<\/sub><\/li>\n<li>Certifica\u00e7\u00f5es: KOSHER, ISO, HALAL, FSSC 22000, BRC, etc.<\/li>\n<li>Padr\u00e3o: GB25567-2010\/FCC VII<\/li>\n<li>Quantidade m\u00ednima do pedido: 1000KG<\/li>\n<li>Prazo de validade: 2 anos<\/li>\n<\/ul>\n","protected":false},"featured_media":8264,"template":"","meta":{"site-sidebar-layout":"default","site-content-layout":"","ast-site-content-layout":"default","site-content-style":"default","site-sidebar-style":"default","ast-global-header-display":"","ast-banner-title-visibility":"","ast-main-header-display":"","ast-hfb-above-header-display":"","ast-hfb-below-header-display":"","ast-hfb-mobile-header-display":"","site-post-title":"","ast-breadcrumbs-content":"","ast-featured-img":"","footer-sml-layout":"","theme-transparent-header-meta":"default","adv-header-id-meta":"","stick-header-meta":"","header-above-stick-meta":"","header-main-stick-meta":"","header-below-stick-meta":"","astra-migrate-meta-layouts":"set","ast-page-background-enabled":"default","ast-page-background-meta":{"desktop":{"background-color":"var(--ast-global-color-4)","background-image":"","background-repeat":"repeat","background-position":"center center","background-size":"auto","background-attachment":"scroll","background-type":"","background-media":"","overlay-type":"","overlay-color":"","overlay-opacity":"","overlay-gradient":""},"tablet":{"background-color":"","background-image":"","background-repeat":"repeat","background-position":"center center","background-size":"auto","background-attachment":"scroll","background-type":"","background-media":"","overlay-type":"","overlay-color":"","overlay-opacity":"","overlay-gradient":""},"mobile":{"background-color":"","background-image":"","background-repeat":"repeat","background-position":"center center","background-size":"auto","background-attachment":"scroll","background-type":"","background-media":"","overlay-type":"","overlay-color":"","overlay-opacity":"","overlay-gradient":""}},"ast-content-background-meta":{"desktop":{"background-color":"var(--ast-global-color-5)","background-image":"","background-repeat":"repeat","background-position":"center center","background-size":"auto","background-attachment":"scroll","background-type":"","background-media":"","overlay-type":"","overlay-color":"","overlay-opacity":"","overlay-gradient":""},"tablet":{"background-color":"var(--ast-global-color-5)","background-image":"","background-repeat":"repeat","background-position":"center center","background-size":"auto","background-attachment":"scroll","background-type":"","background-media":"","overlay-type":"","overlay-color":"","overlay-opacity":"","overlay-gradient":""},"mobile":{"background-color":"var(--ast-global-color-5)","background-image":"","background-repeat":"repeat","background-position":"center center","background-size":"auto","background-attachment":"scroll","background-type":"","background-media":"","overlay-type":"","overlay-color":"","overlay-opacity":"","overlay-gradient":""}}},"product_brand":[],"product_cat":[73],"product_tag":[],"class_list":{"0":"post-8263","1":"product","2":"type-product","3":"status-publish","4":"has-post-thumbnail","6":"product_cat-produto-de-fosfatos","7":"desktop-align-center","8":"tablet-align-left","9":"mobile-align-left","11":"first","12":"instock","13":"shipping-taxable","14":"product-type-simple"},"yoast_head":"<!-- This site is optimized with the Yoast SEO plugin v26.5 - https:\/\/yoast.com\/wordpress\/plugins\/seo\/ -->\n<title>Pirofosfato \u00c1cido de S\u00f3dio, P\u00f3 SAAP de Grau Aliment\u00edcio 28, 40 | Niranbio Chemical<\/title>\n<meta name=\"description\" content=\"Nosso Pirofosfato \u00c1cido de S\u00f3dio (SAPP) \u00e9 um ingrediente vers\u00e1til de grau aliment\u00edcio dispon\u00edvel nos graus 28 e 40. Ele vem como um p\u00f3 fino branco ou gr\u00e3os, embalados em sacos de papel de 25 kg.\" \/>\n<meta name=\"robots\" content=\"noindex, follow, max-snippet:-1, max-image-preview:large, max-video-preview:-1\" \/>\n<meta name=\"twitter:label1\" content=\"Est. tempo de leitura\" \/>\n\t<meta name=\"twitter:data1\" content=\"3 minutos\" \/>\n<script type=\"application\/ld+json\" class=\"yoast-schema-graph\">{\"@context\":\"https:\/\/schema.org\",\"@graph\":[{\"@type\":\"WebPage\",\"@id\":\"https:\/\/theo.niranbio.com\/pt-br\/pirofosfato-acido-de-sodio.html\",\"url\":\"https:\/\/theo.niranbio.com\/pt-br\/pirofosfato-acido-de-sodio.html\",\"name\":\"Pirofosfato \u00c1cido de S\u00f3dio, P\u00f3 SAAP de Grau Aliment\u00edcio 28, 40 | Niranbio Chemical\",\"isPartOf\":{\"@id\":\"https:\/\/theo.niranbio.com\/pt-br\/#website\"},\"primaryImageOfPage\":{\"@id\":\"https:\/\/theo.niranbio.com\/pt-br\/pirofosfato-acido-de-sodio.html#primaryimage\"},\"image\":{\"@id\":\"https:\/\/theo.niranbio.com\/pt-br\/pirofosfato-acido-de-sodio.html#primaryimage\"},\"thumbnailUrl\":\"https:\/\/theo.niranbio.com\/wp-content\/uploads\/2024\/06\/SAPP2.webp\",\"datePublished\":\"2024-06-19T09:28:10+00:00\",\"dateModified\":\"2024-08-13T08:08:39+00:00\",\"description\":\"Nosso Pirofosfato \u00c1cido de S\u00f3dio (SAPP) \u00e9 um ingrediente vers\u00e1til de grau aliment\u00edcio dispon\u00edvel nos graus 28 e 40. Ele vem como um p\u00f3 fino branco ou gr\u00e3os, embalados em sacos de papel de 25 kg.\",\"breadcrumb\":{\"@id\":\"https:\/\/theo.niranbio.com\/pt-br\/pirofosfato-acido-de-sodio.html#breadcrumb\"},\"inLanguage\":\"pt-BR\",\"potentialAction\":[{\"@type\":\"ReadAction\",\"target\":[\"https:\/\/theo.niranbio.com\/pt-br\/pirofosfato-acido-de-sodio.html\"]}]},{\"@type\":\"ImageObject\",\"inLanguage\":\"pt-BR\",\"@id\":\"https:\/\/theo.niranbio.com\/pt-br\/pirofosfato-acido-de-sodio.html#primaryimage\",\"url\":\"https:\/\/theo.niranbio.com\/wp-content\/uploads\/2024\/06\/SAPP2.webp\",\"contentUrl\":\"https:\/\/theo.niranbio.com\/wp-content\/uploads\/2024\/06\/SAPP2.webp\",\"width\":600,\"height\":600,\"caption\":\"Pirofosfato \u00e1cido de s\u00f3dio (SAAP)\"},{\"@type\":\"BreadcrumbList\",\"@id\":\"https:\/\/theo.niranbio.com\/pt-br\/pirofosfato-acido-de-sodio.html#breadcrumb\",\"itemListElement\":[{\"@type\":\"ListItem\",\"position\":1,\"name\":\"Home\",\"item\":\"https:\/\/theo.niranbio.com\/pt-br\/\"},{\"@type\":\"ListItem\",\"position\":2,\"name\":\"Produtos\",\"item\":\"https:\/\/theo.niranbio.com\/pt-br\/produtos.html\"},{\"@type\":\"ListItem\",\"position\":3,\"name\":\"Fosfatos\",\"item\":\"https:\/\/theo.niranbio.com\/pt-br\/produto-de-fosfatos\/\"},{\"@type\":\"ListItem\",\"position\":4,\"name\":\"Pirofosfato \u00e1cido de s\u00f3dio\"}]},{\"@type\":\"WebSite\",\"@id\":\"https:\/\/theo.niranbio.com\/pt-br\/#website\",\"url\":\"https:\/\/theo.niranbio.com\/pt-br\/\",\"name\":\"Niranbio Chemical\",\"description\":\"\",\"publisher\":{\"@id\":\"https:\/\/theo.niranbio.com\/pt-br\/#organization\"},\"potentialAction\":[{\"@type\":\"SearchAction\",\"target\":{\"@type\":\"EntryPoint\",\"urlTemplate\":\"https:\/\/theo.niranbio.com\/pt-br\/?s={search_term_string}\"},\"query-input\":{\"@type\":\"PropertyValueSpecification\",\"valueRequired\":true,\"valueName\":\"search_term_string\"}}],\"inLanguage\":\"pt-BR\"},{\"@type\":\"Organization\",\"@id\":\"https:\/\/theo.niranbio.com\/pt-br\/#organization\",\"name\":\"Niranbio Chemical\",\"url\":\"https:\/\/theo.niranbio.com\/pt-br\/\",\"logo\":{\"@type\":\"ImageObject\",\"inLanguage\":\"pt-BR\",\"@id\":\"https:\/\/theo.niranbio.com\/pt-br\/#\/schema\/logo\/image\/\",\"url\":\"https:\/\/theo.niranbio.com\/wp-content\/uploads\/2024\/06\/Niranbio.png\",\"contentUrl\":\"https:\/\/theo.niranbio.com\/wp-content\/uploads\/2024\/06\/Niranbio.png\",\"width\":270,\"height\":100,\"caption\":\"Niranbio Chemical\"},\"image\":{\"@id\":\"https:\/\/theo.niranbio.com\/pt-br\/#\/schema\/logo\/image\/\"}}]}<\/script>\n<!-- \/ Yoast SEO plugin. -->","yoast_head_json":{"title":"Pirofosfato \u00c1cido de S\u00f3dio, P\u00f3 SAAP de Grau Aliment\u00edcio 28, 40 | Niranbio Chemical","description":"Nosso Pirofosfato \u00c1cido de S\u00f3dio (SAPP) \u00e9 um ingrediente vers\u00e1til de grau aliment\u00edcio dispon\u00edvel nos graus 28 e 40. Ele vem como um p\u00f3 fino branco ou gr\u00e3os, embalados em sacos de papel de 25 kg.","robots":{"index":"noindex","follow":"follow","max-snippet":"max-snippet:-1","max-image-preview":"max-image-preview:large","max-video-preview":"max-video-preview:-1"},"twitter_misc":{"Est. tempo de leitura":"3 minutos"},"schema":{"@context":"https:\/\/schema.org","@graph":[{"@type":"WebPage","@id":"https:\/\/theo.niranbio.com\/pt-br\/pirofosfato-acido-de-sodio.html","url":"https:\/\/theo.niranbio.com\/pt-br\/pirofosfato-acido-de-sodio.html","name":"Pirofosfato \u00c1cido de S\u00f3dio, P\u00f3 SAAP de Grau Aliment\u00edcio 28, 40 | Niranbio Chemical","isPartOf":{"@id":"https:\/\/theo.niranbio.com\/pt-br\/#website"},"primaryImageOfPage":{"@id":"https:\/\/theo.niranbio.com\/pt-br\/pirofosfato-acido-de-sodio.html#primaryimage"},"image":{"@id":"https:\/\/theo.niranbio.com\/pt-br\/pirofosfato-acido-de-sodio.html#primaryimage"},"thumbnailUrl":"https:\/\/theo.niranbio.com\/wp-content\/uploads\/2024\/06\/SAPP2.webp","datePublished":"2024-06-19T09:28:10+00:00","dateModified":"2024-08-13T08:08:39+00:00","description":"Nosso Pirofosfato \u00c1cido de S\u00f3dio (SAPP) \u00e9 um ingrediente vers\u00e1til de grau aliment\u00edcio dispon\u00edvel nos graus 28 e 40. Ele vem como um p\u00f3 fino branco ou gr\u00e3os, embalados em sacos de papel de 25 kg.","breadcrumb":{"@id":"https:\/\/theo.niranbio.com\/pt-br\/pirofosfato-acido-de-sodio.html#breadcrumb"},"inLanguage":"pt-BR","potentialAction":[{"@type":"ReadAction","target":["https:\/\/theo.niranbio.com\/pt-br\/pirofosfato-acido-de-sodio.html"]}]},{"@type":"ImageObject","inLanguage":"pt-BR","@id":"https:\/\/theo.niranbio.com\/pt-br\/pirofosfato-acido-de-sodio.html#primaryimage","url":"https:\/\/theo.niranbio.com\/wp-content\/uploads\/2024\/06\/SAPP2.webp","contentUrl":"https:\/\/theo.niranbio.com\/wp-content\/uploads\/2024\/06\/SAPP2.webp","width":600,"height":600,"caption":"Pirofosfato \u00e1cido de s\u00f3dio (SAAP)"},{"@type":"BreadcrumbList","@id":"https:\/\/theo.niranbio.com\/pt-br\/pirofosfato-acido-de-sodio.html#breadcrumb","itemListElement":[{"@type":"ListItem","position":1,"name":"Home","item":"https:\/\/theo.niranbio.com\/pt-br\/"},{"@type":"ListItem","position":2,"name":"Produtos","item":"https:\/\/theo.niranbio.com\/pt-br\/produtos.html"},{"@type":"ListItem","position":3,"name":"Fosfatos","item":"https:\/\/theo.niranbio.com\/pt-br\/produto-de-fosfatos\/"},{"@type":"ListItem","position":4,"name":"Pirofosfato \u00e1cido de s\u00f3dio"}]},{"@type":"WebSite","@id":"https:\/\/theo.niranbio.com\/pt-br\/#website","url":"https:\/\/theo.niranbio.com\/pt-br\/","name":"Niranbio Chemical","description":"","publisher":{"@id":"https:\/\/theo.niranbio.com\/pt-br\/#organization"},"potentialAction":[{"@type":"SearchAction","target":{"@type":"EntryPoint","urlTemplate":"https:\/\/theo.niranbio.com\/pt-br\/?s={search_term_string}"},"query-input":{"@type":"PropertyValueSpecification","valueRequired":true,"valueName":"search_term_string"}}],"inLanguage":"pt-BR"},{"@type":"Organization","@id":"https:\/\/theo.niranbio.com\/pt-br\/#organization","name":"Niranbio Chemical","url":"https:\/\/theo.niranbio.com\/pt-br\/","logo":{"@type":"ImageObject","inLanguage":"pt-BR","@id":"https:\/\/theo.niranbio.com\/pt-br\/#\/schema\/logo\/image\/","url":"https:\/\/theo.niranbio.com\/wp-content\/uploads\/2024\/06\/Niranbio.png","contentUrl":"https:\/\/theo.niranbio.com\/wp-content\/uploads\/2024\/06\/Niranbio.png","width":270,"height":100,"caption":"Niranbio Chemical"},"image":{"@id":"https:\/\/theo.niranbio.com\/pt-br\/#\/schema\/logo\/image\/"}}]}},"_links":{"self":[{"href":"https:\/\/theo.niranbio.com\/pt-br\/wp-json\/wp\/v2\/product\/8263","targetHints":{"allow":["GET"]}}],"collection":[{"href":"https:\/\/theo.niranbio.com\/pt-br\/wp-json\/wp\/v2\/product"}],"about":[{"href":"https:\/\/theo.niranbio.com\/pt-br\/wp-json\/wp\/v2\/types\/product"}],"version-history":[{"count":0,"href":"https:\/\/theo.niranbio.com\/pt-br\/wp-json\/wp\/v2\/product\/8263\/revisions"}],"wp:featuredmedia":[{"embeddable":true,"href":"https:\/\/theo.niranbio.com\/pt-br\/wp-json\/wp\/v2\/media\/8264"}],"wp:attachment":[{"href":"https:\/\/theo.niranbio.com\/pt-br\/wp-json\/wp\/v2\/media?parent=8263"}],"wp:term":[{"taxonomy":"product_brand","embeddable":true,"href":"https:\/\/theo.niranbio.com\/pt-br\/wp-json\/wp\/v2\/product_brand?post=8263"},{"taxonomy":"product_cat","embeddable":true,"href":"https:\/\/theo.niranbio.com\/pt-br\/wp-json\/wp\/v2\/product_cat?post=8263"},{"taxonomy":"product_tag","embeddable":true,"href":"https:\/\/theo.niranbio.com\/pt-br\/wp-json\/wp\/v2\/product_tag?post=8263"}],"curies":[{"name":"wp","href":"https:\/\/api.w.org\/{rel}","templated":true}]}}