{"id":13180,"date":"2024-08-27T15:25:18","date_gmt":"2024-08-27T07:25:18","guid":{"rendered":"https:\/\/theo.niranbio.com\/ciclamato-de-sodio\/"},"modified":"2024-11-04T17:41:47","modified_gmt":"2024-11-04T09:41:47","slug":"ciclamato-de-sodio","status":"publish","type":"product","link":"https:\/\/theo.niranbio.com\/pt-br\/ciclamato-de-sodio.html","title":{"rendered":"Ciclamato de S\u00f3dio"},"content":{"rendered":"<h2><span class=\"ez-toc-section\" id=\"O_que_e_ciclamato_de_sodio\"><\/span>O que \u00e9 ciclamato de s\u00f3dio?<span class=\"ez-toc-section-end\"><\/span><\/h2>\n<p>O ciclamato de s\u00f3dio \u00e9 um ado\u00e7ante sint\u00e9tico qu\u00edmico n\u00e3o nutritivo comum e \u00e9 um aditivo alimentar usado internacionalmente. Ele tem uma estrutura qu\u00edmica diferente do a\u00e7\u00facar e ambos t\u00eam sabor doce, mas sua do\u00e7ura \u00e9 30 a 40 vezes maior que a da sacarose. Al\u00e9m disso, por ser mais barato do que a sacarose, \u00e9 frequentemente usado em alimentos e bebidas para substituir o a\u00e7\u00facar e atender \u00e0 demanda das pessoas por do\u00e7ura.<br \/>\nNo dia a dia, se a quantidade de ciclamato usada atender ao padr\u00e3o, geralmente n\u00e3o causar\u00e1 danos ao corpo se consumida com modera\u00e7\u00e3o. No entanto, se voc\u00ea consumir com frequ\u00eancia bebidas ou alimentos com teor muito alto de ciclamato, ele poder\u00e1 exceder sua toler\u00e2ncia e causar alguns danos \u00e0 sua sa\u00fade.<\/p>\n<h2><span class=\"ez-toc-section\" id=\"Parametros_relacionados\"><\/span>Par\u00e2metros relacionados:<span class=\"ez-toc-section-end\"><\/span><\/h2>\n<table style=\"height: 408px;\" width=\"1015\">\n<tbody>\n<tr>\n<td><strong>ITENS<\/strong><\/td>\n<td><strong>ESPECIFICA\u00c7\u00c3O<\/strong><\/td>\n<\/tr>\n<tr>\n<td>Apar\u00eancia<\/td>\n<td>Cristais brancos\u3001Sem odor\u3001Doces<\/td>\n<\/tr>\n<tr>\n<td>Purity\uff0cw\/%<\/td>\n<td>99.6<\/td>\n<\/tr>\n<tr>\n<td>Sulfate<\/td>\n<td>&lt;0.10<\/td>\n<\/tr>\n<tr>\n<td>Valor de PH\uff08Solu\u00e7\u00e3o de 100g\/L\uff09<\/td>\n<td>6.4<\/td>\n<\/tr>\n<tr>\n<td>Perda na secagem\uff0cw\/%<\/td>\n<td>15.7<\/td>\n<\/tr>\n<tr>\n<td>\u00c1cido Sulf\u00e2mico, p\/%<\/td>\n<td>&lt;0.15<\/td>\n<\/tr>\n<tr>\n<td>Ciclohexilamina, p\/%<\/td>\n<td>0.0006<\/td>\n<\/tr>\n<tr>\n<td>Diciclohexilamina<\/td>\n<td>Teste de aprova\u00e7\u00e3o<\/td>\n<\/tr>\n<tr>\n<td>Absorption(100\/Lsolution)<\/td>\n<td>0.008<\/td>\n<\/tr>\n<tr>\n<td>Transpar\u00eancia (solu\u00e7\u00e3o 100g\/L)\/%<\/td>\n<td>98.9<\/td>\n<\/tr>\n<tr>\n<td>Metais pesados (Aspb)\/(Mg\/Kg)<\/td>\n<td>&lt;10<\/td>\n<\/tr>\n<tr>\n<td>Ars\u00eanio (As) \/ (Ag\/Kg)<\/td>\n<td>&lt;1.0<\/td>\n<\/tr>\n<\/tbody>\n<\/table>\n<p><!--more--><\/p>\n<h2><span class=\"ez-toc-section\" id=\"Dosagem_recomendada\"><\/span>Dosagem recomendada<span class=\"ez-toc-section-end\"><\/span><\/h2>\n<table>\n<tbody>\n<tr>\n<td width=\"393\"><strong>Nome do alimento<\/strong><\/td>\n<td width=\"437\"><strong>Uso recomendado (g\/kg\/L)<\/strong><\/td>\n<\/tr>\n<tr>\n<td width=\"393\">Ind\u00fastria de bebidas<\/td>\n<td width=\"437\">0,1-0,3 g\/L<\/td>\n<\/tr>\n<tr>\n<td width=\"393\">Ind\u00fastria de confeitaria<\/td>\n<td width=\"437\">0,3-0,5 g\/kg<\/td>\n<\/tr>\n<tr>\n<td width=\"393\">Ind\u00fastria de panifica\u00e7\u00e3o<\/td>\n<td width=\"437\">0,2-0,5 g\/kg<\/td>\n<\/tr>\n<tr>\n<td width=\"393\">Ind\u00fastria de latic\u00ednios<\/td>\n<td width=\"437\">0,2-0,4 g\/kg<\/td>\n<\/tr>\n<tr>\n<td width=\"393\">Ind\u00fastria de alimentos enlatados<\/td>\n<td width=\"437\">0,1-0,3 g\/kg<\/td>\n<\/tr>\n<tr>\n<td width=\"393\">Ind\u00fastria de alimentos em conserva<\/td>\n<td width=\"437\">0,1-0,5 g\/kg<\/td>\n<\/tr>\n<\/tbody>\n<\/table>\n<h2><span class=\"ez-toc-section\" id=\"O_Ciclamato_de_Sodio_tem_uma_ampla_gama_de_utilizacoes\"><\/span>O Ciclamato de S\u00f3dio tem uma ampla gama de utiliza\u00e7\u00f5es<span class=\"ez-toc-section-end\"><\/span><\/h2>\n<p>1. aplica\u00e7\u00f5es em geleias e alimentos enlatados<br \/>\nEm alimentos enlatados de frutas ou geleias, o ciclamato \u00e9 usado para substituir parte ou todo o a\u00e7\u00facar. A estabilidade e a resist\u00eancia a altas temperaturas do ciclamato o tornam adequado para uso no processo de enlatamento, especialmente em ambientes em que a esteriliza\u00e7\u00e3o a altas temperaturas \u00e9 necess\u00e1ria. Al\u00e9m disso, o ciclamato pode trabalhar em sinergia com outros aditivos para ajudar a manter a textura e o sabor do produto.<\/p>\n<p>2.Aplica\u00e7\u00f5es em salgadinhos assados e massas<br \/>\nEm salgadinhos assados ou outras massas, o ciclamato \u00e9 usado para substituir parte do a\u00e7\u00facar. Como o ciclamato \u00e9 resistente a altas temperaturas e n\u00e3o \u00e9 f\u00e1cil de se decompor, ele pode manter a do\u00e7ura durante o processo de cozimento. Al\u00e9m disso, o ciclamato pode prolongar a vida \u00fatil do p\u00e3o e evitar que os alimentos estraguem durante o armazenamento. 3.<\/p>\n<p>Aplica\u00e7\u00f5es em geleia e alimentos de frutas em conserva<\/p>\n<p>Na geleia, o ciclamato \u00e9 usado para substituir parte do a\u00e7\u00facar. O ciclamato n\u00e3o s\u00f3 proporciona do\u00e7ura, mas tamb\u00e9m real\u00e7a o sabor natural da fruta, ao mesmo tempo em que aumenta a vida \u00fatil do produto e evita que o a\u00e7\u00facar na geleia estrague durante o armazenamento. Alguns alimentos de frutas em conserva geralmente s\u00e3o feitos por desidrata\u00e7\u00e3o e adi\u00e7\u00e3o de a\u00e7\u00facar. O ciclamato pode ajudar a manter a do\u00e7ura da fruta em conserva e, ao mesmo tempo, reduzir o endurecimento ou a cristaliza\u00e7\u00e3o do produto causados pelo excesso de a\u00e7\u00facar.<\/p>\n<h2><span class=\"ez-toc-section\" id=\"O_usuario_fez_a_seguinte_pergunta\"><\/span>O usu\u00e1rio fez a seguinte pergunta:<span class=\"ez-toc-section-end\"><\/span><\/h2>\n<p>P: O ciclamato de s\u00f3dio \u00e9 seguro?<\/p>\n<p>R: A julgar pelos resultados experimentais atuais em v\u00e1rios pa\u00edses ao redor do mundo e pela preval\u00eancia de seu uso, o ciclamato \u00e9 relativamente seguro para consumo. Ou pode-se dizer que, sob a premissa de dosagem cient\u00edfica e controlada, o ciclamato \u00e9 seguro.<\/p>\n<p>P: O ciclamato de s\u00f3dio \u00e9 o mesmo que o aspartame?<\/p>\n<p>R: N\u00e3o, o ciclamato e o aspartame n\u00e3o s\u00e3o a mesma coisa. Ambos s\u00e3o ado\u00e7antes artificiais que podem ser usados \u200b\u200bpara substituir o a\u00e7\u00facar para fornecer do\u00e7ura e baixas calorias, mas t\u00eam f\u00f3rmulas moleculares completamente diferentes e diferentes n\u00edveis de do\u00e7ura. O aspartame \u00e9 200 vezes mais doce que o a\u00e7\u00facar comum, enquanto o ciclamato \u00e9 apenas 30-50 vezes mais doce. O ciclamato \u00e9 est\u00e1vel ao calor e adequado para cozinhar e assar, enquanto o aspartame \u00e9 mais adequado para bebidas frias e alimentos frios.<\/p>\n","protected":false},"excerpt":{"rendered":"<ul>\n<li>CAS: 139-05-9<\/li>\n<li>F\u00f3rmula qu\u00edmica: C6H12NNaO3S<\/li>\n<li>Certifica\u00e7\u00f5es: KOSHER, ISO, HALAL, FSSC22000, BRC, etc.<\/li>\n<li>Quantidade m\u00ednima do pedido: 1000KG<\/li>\n<li>Prazo de validade: 2 anos<\/li>\n<\/ul>\n","protected":false},"featured_media":11295,"template":"","meta":{"site-sidebar-layout":"default","site-content-layout":"","ast-site-content-layout":"default","site-content-style":"default","site-sidebar-style":"default","ast-global-header-display":"","ast-banner-title-visibility":"","ast-main-header-display":"","ast-hfb-above-header-display":"","ast-hfb-below-header-display":"","ast-hfb-mobile-header-display":"","site-post-title":"","ast-breadcrumbs-content":"","ast-featured-img":"","footer-sml-layout":"","theme-transparent-header-meta":"default","adv-header-id-meta":"","stick-header-meta":"","header-above-stick-meta":"","header-main-stick-meta":"","header-below-stick-meta":"","astra-migrate-meta-layouts":"set","ast-page-background-enabled":"default","ast-page-background-meta":{"desktop":{"background-color":"var(--ast-global-color-4)","background-image":"","background-repeat":"repeat","background-position":"center center","background-size":"auto","background-attachment":"scroll","background-type":"","background-media":"","overlay-type":"","overlay-color":"","overlay-opacity":"","overlay-gradient":""},"tablet":{"background-color":"","background-image":"","background-repeat":"repeat","background-position":"center center","background-size":"auto","background-attachment":"scroll","background-type":"","background-media":"","overlay-type":"","overlay-color":"","overlay-opacity":"","overlay-gradient":""},"mobile":{"background-color":"","background-image":"","background-repeat":"repeat","background-position":"center center","background-size":"auto","background-attachment":"scroll","background-type":"","background-media":"","overlay-type":"","overlay-color":"","overlay-opacity":"","overlay-gradient":""}},"ast-content-background-meta":{"desktop":{"background-color":"var(--ast-global-color-5)","background-image":"","background-repeat":"repeat","background-position":"center center","background-size":"auto","background-attachment":"scroll","background-type":"","background-media":"","overlay-type":"","overlay-color":"","overlay-opacity":"","overlay-gradient":""},"tablet":{"background-color":"var(--ast-global-color-5)","background-image":"","background-repeat":"repeat","background-position":"center center","background-size":"auto","background-attachment":"scroll","background-type":"","background-media":"","overlay-type":"","overlay-color":"","overlay-opacity":"","overlay-gradient":""},"mobile":{"background-color":"var(--ast-global-color-5)","background-image":"","background-repeat":"repeat","background-position":"center center","background-size":"auto","background-attachment":"scroll","background-type":"","background-media":"","overlay-type":"","overlay-color":"","overlay-opacity":"","overlay-gradient":""}}},"product_brand":[],"product_cat":[77],"product_tag":[],"class_list":{"0":"post-13180","1":"product","2":"type-product","3":"status-publish","4":"has-post-thumbnail","6":"product_cat-produto-adocante","7":"desktop-align-center","8":"tablet-align-left","9":"mobile-align-left","11":"first","12":"instock","13":"shipping-taxable","14":"product-type-simple"},"yoast_head":"<!-- This site is optimized with the Yoast SEO plugin v26.5 - https:\/\/yoast.com\/wordpress\/plugins\/seo\/ -->\n<title>Fabricante de Ciclamato de S\u00f3dio, Pre\u00e7o de E952 | Niranbio Chemical<\/title>\n<meta name=\"description\" content=\"Nosso ciclamato de s\u00f3dio \u00e9 um ado\u00e7ante artificial n\u00e3o nutritivo amplamente utilizado em alimentos e bebidas, oferecendo de 30 a 50 vezes mais do\u00e7ura do que o a\u00e7\u00facar.\" \/>\n<meta name=\"robots\" content=\"noindex, follow, max-snippet:-1, max-image-preview:large, max-video-preview:-1\" \/>\n<meta name=\"twitter:label1\" content=\"Est. tempo de leitura\" \/>\n\t<meta name=\"twitter:data1\" content=\"3 minutos\" \/>\n<script type=\"application\/ld+json\" class=\"yoast-schema-graph\">{\"@context\":\"https:\/\/schema.org\",\"@graph\":[{\"@type\":\"WebPage\",\"@id\":\"https:\/\/theo.niranbio.com\/pt-br\/ciclamato-de-sodio.html\",\"url\":\"https:\/\/theo.niranbio.com\/pt-br\/ciclamato-de-sodio.html\",\"name\":\"Fabricante de Ciclamato de S\u00f3dio, Pre\u00e7o de E952 | Niranbio Chemical\",\"isPartOf\":{\"@id\":\"https:\/\/theo.niranbio.com\/pt-br\/#website\"},\"primaryImageOfPage\":{\"@id\":\"https:\/\/theo.niranbio.com\/pt-br\/ciclamato-de-sodio.html#primaryimage\"},\"image\":{\"@id\":\"https:\/\/theo.niranbio.com\/pt-br\/ciclamato-de-sodio.html#primaryimage\"},\"thumbnailUrl\":\"https:\/\/theo.niranbio.com\/wp-content\/uploads\/2024\/08\/Sodium-Cyclamate-Powder.jpg\",\"datePublished\":\"2024-08-27T07:25:18+00:00\",\"dateModified\":\"2024-11-04T09:41:47+00:00\",\"description\":\"Nosso ciclamato de s\u00f3dio \u00e9 um ado\u00e7ante artificial n\u00e3o nutritivo amplamente utilizado em alimentos e bebidas, oferecendo de 30 a 50 vezes mais do\u00e7ura do que o a\u00e7\u00facar.\",\"breadcrumb\":{\"@id\":\"https:\/\/theo.niranbio.com\/pt-br\/ciclamato-de-sodio.html#breadcrumb\"},\"inLanguage\":\"pt-BR\",\"potentialAction\":[{\"@type\":\"ReadAction\",\"target\":[\"https:\/\/theo.niranbio.com\/pt-br\/ciclamato-de-sodio.html\"]}]},{\"@type\":\"ImageObject\",\"inLanguage\":\"pt-BR\",\"@id\":\"https:\/\/theo.niranbio.com\/pt-br\/ciclamato-de-sodio.html#primaryimage\",\"url\":\"https:\/\/theo.niranbio.com\/wp-content\/uploads\/2024\/08\/Sodium-Cyclamate-Powder.jpg\",\"contentUrl\":\"https:\/\/theo.niranbio.com\/wp-content\/uploads\/2024\/08\/Sodium-Cyclamate-Powder.jpg\",\"width\":600,\"height\":600,\"caption\":\"Sodium Cyclamate Powder\"},{\"@type\":\"BreadcrumbList\",\"@id\":\"https:\/\/theo.niranbio.com\/pt-br\/ciclamato-de-sodio.html#breadcrumb\",\"itemListElement\":[{\"@type\":\"ListItem\",\"position\":1,\"name\":\"Home\",\"item\":\"https:\/\/theo.niranbio.com\/pt-br\/\"},{\"@type\":\"ListItem\",\"position\":2,\"name\":\"Produtos\",\"item\":\"https:\/\/theo.niranbio.com\/pt-br\/produtos.html\"},{\"@type\":\"ListItem\",\"position\":3,\"name\":\"Ado\u00e7antes\",\"item\":\"https:\/\/theo.niranbio.com\/pt-br\/produto-adocante\/\"},{\"@type\":\"ListItem\",\"position\":4,\"name\":\"Ciclamato de S\u00f3dio\"}]},{\"@type\":\"WebSite\",\"@id\":\"https:\/\/theo.niranbio.com\/pt-br\/#website\",\"url\":\"https:\/\/theo.niranbio.com\/pt-br\/\",\"name\":\"Niranbio Chemical\",\"description\":\"\",\"publisher\":{\"@id\":\"https:\/\/theo.niranbio.com\/pt-br\/#organization\"},\"potentialAction\":[{\"@type\":\"SearchAction\",\"target\":{\"@type\":\"EntryPoint\",\"urlTemplate\":\"https:\/\/theo.niranbio.com\/pt-br\/?s={search_term_string}\"},\"query-input\":{\"@type\":\"PropertyValueSpecification\",\"valueRequired\":true,\"valueName\":\"search_term_string\"}}],\"inLanguage\":\"pt-BR\"},{\"@type\":\"Organization\",\"@id\":\"https:\/\/theo.niranbio.com\/pt-br\/#organization\",\"name\":\"Niranbio Chemical\",\"url\":\"https:\/\/theo.niranbio.com\/pt-br\/\",\"logo\":{\"@type\":\"ImageObject\",\"inLanguage\":\"pt-BR\",\"@id\":\"https:\/\/theo.niranbio.com\/pt-br\/#\/schema\/logo\/image\/\",\"url\":\"https:\/\/theo.niranbio.com\/wp-content\/uploads\/2024\/06\/Niranbio.png\",\"contentUrl\":\"https:\/\/theo.niranbio.com\/wp-content\/uploads\/2024\/06\/Niranbio.png\",\"width\":270,\"height\":100,\"caption\":\"Niranbio Chemical\"},\"image\":{\"@id\":\"https:\/\/theo.niranbio.com\/pt-br\/#\/schema\/logo\/image\/\"}}]}<\/script>\n<!-- \/ Yoast SEO plugin. -->","yoast_head_json":{"title":"Fabricante de Ciclamato de S\u00f3dio, Pre\u00e7o de E952 | Niranbio Chemical","description":"Nosso ciclamato de s\u00f3dio \u00e9 um ado\u00e7ante artificial n\u00e3o nutritivo amplamente utilizado em alimentos e bebidas, oferecendo de 30 a 50 vezes mais do\u00e7ura do que o a\u00e7\u00facar.","robots":{"index":"noindex","follow":"follow","max-snippet":"max-snippet:-1","max-image-preview":"max-image-preview:large","max-video-preview":"max-video-preview:-1"},"twitter_misc":{"Est. tempo de leitura":"3 minutos"},"schema":{"@context":"https:\/\/schema.org","@graph":[{"@type":"WebPage","@id":"https:\/\/theo.niranbio.com\/pt-br\/ciclamato-de-sodio.html","url":"https:\/\/theo.niranbio.com\/pt-br\/ciclamato-de-sodio.html","name":"Fabricante de Ciclamato de S\u00f3dio, Pre\u00e7o de E952 | Niranbio Chemical","isPartOf":{"@id":"https:\/\/theo.niranbio.com\/pt-br\/#website"},"primaryImageOfPage":{"@id":"https:\/\/theo.niranbio.com\/pt-br\/ciclamato-de-sodio.html#primaryimage"},"image":{"@id":"https:\/\/theo.niranbio.com\/pt-br\/ciclamato-de-sodio.html#primaryimage"},"thumbnailUrl":"https:\/\/theo.niranbio.com\/wp-content\/uploads\/2024\/08\/Sodium-Cyclamate-Powder.jpg","datePublished":"2024-08-27T07:25:18+00:00","dateModified":"2024-11-04T09:41:47+00:00","description":"Nosso ciclamato de s\u00f3dio \u00e9 um ado\u00e7ante artificial n\u00e3o nutritivo amplamente utilizado em alimentos e bebidas, oferecendo de 30 a 50 vezes mais do\u00e7ura do que o a\u00e7\u00facar.","breadcrumb":{"@id":"https:\/\/theo.niranbio.com\/pt-br\/ciclamato-de-sodio.html#breadcrumb"},"inLanguage":"pt-BR","potentialAction":[{"@type":"ReadAction","target":["https:\/\/theo.niranbio.com\/pt-br\/ciclamato-de-sodio.html"]}]},{"@type":"ImageObject","inLanguage":"pt-BR","@id":"https:\/\/theo.niranbio.com\/pt-br\/ciclamato-de-sodio.html#primaryimage","url":"https:\/\/theo.niranbio.com\/wp-content\/uploads\/2024\/08\/Sodium-Cyclamate-Powder.jpg","contentUrl":"https:\/\/theo.niranbio.com\/wp-content\/uploads\/2024\/08\/Sodium-Cyclamate-Powder.jpg","width":600,"height":600,"caption":"Sodium Cyclamate Powder"},{"@type":"BreadcrumbList","@id":"https:\/\/theo.niranbio.com\/pt-br\/ciclamato-de-sodio.html#breadcrumb","itemListElement":[{"@type":"ListItem","position":1,"name":"Home","item":"https:\/\/theo.niranbio.com\/pt-br\/"},{"@type":"ListItem","position":2,"name":"Produtos","item":"https:\/\/theo.niranbio.com\/pt-br\/produtos.html"},{"@type":"ListItem","position":3,"name":"Ado\u00e7antes","item":"https:\/\/theo.niranbio.com\/pt-br\/produto-adocante\/"},{"@type":"ListItem","position":4,"name":"Ciclamato de S\u00f3dio"}]},{"@type":"WebSite","@id":"https:\/\/theo.niranbio.com\/pt-br\/#website","url":"https:\/\/theo.niranbio.com\/pt-br\/","name":"Niranbio Chemical","description":"","publisher":{"@id":"https:\/\/theo.niranbio.com\/pt-br\/#organization"},"potentialAction":[{"@type":"SearchAction","target":{"@type":"EntryPoint","urlTemplate":"https:\/\/theo.niranbio.com\/pt-br\/?s={search_term_string}"},"query-input":{"@type":"PropertyValueSpecification","valueRequired":true,"valueName":"search_term_string"}}],"inLanguage":"pt-BR"},{"@type":"Organization","@id":"https:\/\/theo.niranbio.com\/pt-br\/#organization","name":"Niranbio Chemical","url":"https:\/\/theo.niranbio.com\/pt-br\/","logo":{"@type":"ImageObject","inLanguage":"pt-BR","@id":"https:\/\/theo.niranbio.com\/pt-br\/#\/schema\/logo\/image\/","url":"https:\/\/theo.niranbio.com\/wp-content\/uploads\/2024\/06\/Niranbio.png","contentUrl":"https:\/\/theo.niranbio.com\/wp-content\/uploads\/2024\/06\/Niranbio.png","width":270,"height":100,"caption":"Niranbio Chemical"},"image":{"@id":"https:\/\/theo.niranbio.com\/pt-br\/#\/schema\/logo\/image\/"}}]}},"_links":{"self":[{"href":"https:\/\/theo.niranbio.com\/pt-br\/wp-json\/wp\/v2\/product\/13180","targetHints":{"allow":["GET"]}}],"collection":[{"href":"https:\/\/theo.niranbio.com\/pt-br\/wp-json\/wp\/v2\/product"}],"about":[{"href":"https:\/\/theo.niranbio.com\/pt-br\/wp-json\/wp\/v2\/types\/product"}],"version-history":[{"count":0,"href":"https:\/\/theo.niranbio.com\/pt-br\/wp-json\/wp\/v2\/product\/13180\/revisions"}],"wp:featuredmedia":[{"embeddable":true,"href":"https:\/\/theo.niranbio.com\/pt-br\/wp-json\/wp\/v2\/media\/11295"}],"wp:attachment":[{"href":"https:\/\/theo.niranbio.com\/pt-br\/wp-json\/wp\/v2\/media?parent=13180"}],"wp:term":[{"taxonomy":"product_brand","embeddable":true,"href":"https:\/\/theo.niranbio.com\/pt-br\/wp-json\/wp\/v2\/product_brand?post=13180"},{"taxonomy":"product_cat","embeddable":true,"href":"https:\/\/theo.niranbio.com\/pt-br\/wp-json\/wp\/v2\/product_cat?post=13180"},{"taxonomy":"product_tag","embeddable":true,"href":"https:\/\/theo.niranbio.com\/pt-br\/wp-json\/wp\/v2\/product_tag?post=13180"}],"curies":[{"name":"wp","href":"https:\/\/api.w.org\/{rel}","templated":true}]}}