{"id":13160,"date":"2024-08-29T09:20:20","date_gmt":"2024-08-29T01:20:20","guid":{"rendered":"https:\/\/theo.niranbio.com\/monohidrato-de-creatina\/"},"modified":"2024-11-04T17:17:41","modified_gmt":"2024-11-04T09:17:41","slug":"monohidrato-de-creatina","status":"publish","type":"product","link":"https:\/\/theo.niranbio.com\/pt-br\/monohidrato-de-creatina.html","title":{"rendered":"Monohidrato de Creatina"},"content":{"rendered":"<h2><span class=\"ez-toc-section\" id=\"O_que_e_monohidrato_de_creatina\"><\/span>O que \u00e9 monohidrato de creatina?<span class=\"ez-toc-section-end\"><\/span><\/h2>\n<p>O monohidrato de creatina \u00e9 composto de uma mol\u00e9cula de creatina e uma mol\u00e9cula de \u00e1gua e \u00e9 a forma mais comum de creatina. \u00c9 um composto end\u00f3geno e derivado de amino\u00e1cido. Existe em pequenas quantidades em carne e peixe e \u00e9 frequentemente usado como mat\u00e9ria-prima de medicamentos e aditivo de produtos de sa\u00fade. O objetivo principal de tomar suplementos de monohidrato de creatina \u00e9 maximizar os estoques intramusculares de fosfato de creatina e creatina livre do corpo. A creatina \u00e9 armazenada principalmente nos m\u00fasculos do corpo humano e pode suportar exerc\u00edcios de alta intensidade e curto prazo como parte da fonte de energia, mas essa satura\u00e7\u00e3o n\u00e3o pode ser alcan\u00e7ada apenas por meio da dieta e requer suplementa\u00e7\u00e3o adicional para aumentar a produ\u00e7\u00e3o de ATP e melhorar o desempenho atl\u00e9tico. Al\u00e9m disso, os suplementos de creatina tamb\u00e9m t\u00eam benef\u00edcios potenciais para a sa\u00fade do c\u00e9rebro.<\/p>\n<h2><span class=\"ez-toc-section\" id=\"Parametros_relacionados\"><\/span>Par\u00e2metros relacionados:<span class=\"ez-toc-section-end\"><\/span><\/h2>\n<table>\n<tbody>\n<tr>\n<td>Items<\/td>\n<td>Specification<\/td>\n<\/tr>\n<tr>\n<td>Apar\u00eancia<\/td>\n<td>P\u00f3 cristalino branco<\/td>\n<\/tr>\n<tr>\n<td>Solubilidade<\/td>\n<td>Ligeiramente sol\u00favel em \u00e1gua<\/td>\n<\/tr>\n<tr>\n<td>Clareza e cor da solu\u00e7\u00e3o<\/td>\n<td>Clara e incolor<\/td>\n<\/tr>\n<tr>\n<td>Odor e amp<\/td>\n<td>Sem odor e p\u00e1lido<\/td>\n<\/tr>\n<tr>\n<td>Ponto de fus\u00e3o<\/td>\n<td>292\u2103<\/td>\n<\/tr>\n<tr>\n<td>Teste de \u00e1cido sulf\u00farico<\/td>\n<td>Sem carbonata\u00e7\u00e3o<\/td>\n<\/tr>\n<tr>\n<td>Assay<\/td>\n<td>99.6%<\/td>\n<\/tr>\n<tr>\n<td>Creatinine<\/td>\n<td>52.01ppm<\/td>\n<\/tr>\n<tr>\n<td>Perda na secagem<\/td>\n<td>11.79%<\/td>\n<\/tr>\n<tr>\n<td>Res\u00edduo na igni\u00e7\u00e3o<\/td>\n<td>0.050%<\/td>\n<\/tr>\n<tr>\n<td>Iron<\/td>\n<td>0.50ppm<\/td>\n<\/tr>\n<tr>\n<td>Sulfate<\/td>\n<td>&lt;0.02<\/td>\n<\/tr>\n<tr>\n<td>Dicyanamide<\/td>\n<td>28.01ppm<\/td>\n<\/tr>\n<tr>\n<td>Diidrotriazina<\/td>\n<td>N\u00e3o detectado<\/td>\n<\/tr>\n<tr>\n<td>Qualquer impureza n\u00e3o especificadaTotal<\/td>\n<td>N\u00e3o detectado<\/td>\n<\/tr>\n<tr>\n<td>Total de impurezas n\u00e3o especificadas<\/td>\n<td>N\u00e3o detectado<\/td>\n<\/tr>\n<tr>\n<td>Impurezas totais<\/td>\n<td>N\u00e3o detectado<\/td>\n<\/tr>\n<tr>\n<td>Metal pesado<\/td>\n<td>&lt;0,30 ppm<\/td>\n<\/tr>\n<tr>\n<td>Ars\u00eanico (As)<\/td>\n<td>&lt;0,01 ppm<\/td>\n<\/tr>\n<tr>\n<td>Chumbo (Pb)<\/td>\n<td>&lt;0,01ppm<\/td>\n<\/tr>\n<tr>\n<td>Merc\u00fario (Hg)<\/td>\n<td>&lt;0,01ppm<\/td>\n<\/tr>\n<tr>\n<td>C\u00e1dmio (Cd)<\/td>\n<td>&lt;0,01ppm<\/td>\n<\/tr>\n<tr>\n<td>Densidade a granel<\/td>\n<td>455g\/L<\/td>\n<\/tr>\n<tr>\n<td>Densidade da torneira<\/td>\n<td>663g\/L<\/td>\n<\/tr>\n<tr>\n<td>Contagem bacteriana total<\/td>\n<td>&lt;30cfu\/g<\/td>\n<\/tr>\n<tr>\n<td>Mofo e levedura<\/td>\n<td>&lt;30cfu\/g<\/td>\n<\/tr>\n<tr>\n<td>E.Coli<\/td>\n<td>Negative<\/td>\n<\/tr>\n<tr>\n<td>Salmonella<\/td>\n<td>Negative<\/td>\n<\/tr>\n<tr>\n<td>S.aureus<\/td>\n<td>Negative<\/td>\n<\/tr>\n<\/tbody>\n<\/table>\n<h2><span class=\"ez-toc-section\" id=\"Dosagem_recomendada\"><\/span>Dosagem recomendada:<span class=\"ez-toc-section-end\"><\/span><\/h2>\n<table>\n<tbody>\n<tr>\n<td>Uso<\/td>\n<td>Fase<\/td>\n<td>Dosagem recomendada<\/td>\n<td>Dura\u00e7\u00e3o<\/td>\n<\/tr>\n<tr>\n<td>Fase de carregamento<\/td>\n<td>Inicial<\/td>\n<td>20 gramas por dia (4 doses de 5g)<\/td>\n<td>5 a 7 dias<\/td>\n<\/tr>\n<tr>\n<td>Dias de treino<\/td>\n<td>Em andamento<\/td>\n<td>3-5 gramas por dia<\/td>\n<td>Indefinido<\/td>\n<\/tr>\n<tr>\n<td>Dias de treino<\/td>\n<td>Pr\u00e9-treino<\/td>\n<td>3-5 gramas<\/td>\n<td>Pelo menos 30 a 60 minutos antes do treino<\/td>\n<\/tr>\n<tr>\n<td>Dias de treino<\/td>\n<td>P\u00f3s-treino<\/td>\n<td>3-5 gramas<\/td>\n<td>Imediatamente ap\u00f3s o treino<\/td>\n<\/tr>\n<tr>\n<td>Dias sem treino<\/td>\n<td>Di\u00e1ria<\/td>\n<td>3-5 gramas<\/td>\n<td>Pela manh\u00e3 ou distribu\u00eddo uniformemente ao longo do dia<\/td>\n<\/tr>\n<\/tbody>\n<\/table>\n<p>Observe que essas s\u00e3o recomenda\u00e7\u00f5es gerais e podem variar de acordo com as necessidades, metas e respostas individuais. Consulte sempre um profissional de sa\u00fade ou de condicionamento f\u00edsico antes de iniciar qualquer novo regime de suplementos.<\/p>\n<h2><span class=\"ez-toc-section\" id=\"Creatina_Monohidratada_Tem_Uma_Ampla_Gama_De_Usos\"><\/span>Creatina Monohidratada Tem Uma Ampla Gama De Usos<span class=\"ez-toc-section-end\"><\/span><\/h2>\n<ul>\n<li>Crescimento Muscular: Creatina monohidratada \u00e9 um dos suplementos mais pesquisados \u200b\u200be populares para aumentar a massa muscular e a for\u00e7a. Ela funciona aumentando o conte\u00fado de ATP nas c\u00e9lulas, melhorando o desempenho em algumas atividades de alta intensidade e curto prazo que exigem explos\u00f5es de energia.<\/li>\n<li>Resist\u00eancia e Melhoria do Desempenho: Ao aumentar os estoques de fosfocreatina nos m\u00fasculos, a creatina permite que os atletas treinem em intensidades mais altas antes que a fadiga se instale. Isso permite melhor desempenho ao fazer explos\u00f5es r\u00e1pidas de atividade.<\/li>\n<li>Melhora a pot\u00eancia explosiva: Estudos mostraram que a suplementa\u00e7\u00e3o com creatina pode aumentar significativamente a pot\u00eancia explosiva e melhorar o desempenho de sprint<\/li>\n<li>Ajuda na recupera\u00e7\u00e3o: A creatina pode ajudar a reparar danos musculares ou inflama\u00e7\u00f5es ap\u00f3s o exerc\u00edcio. Tempos de recupera\u00e7\u00e3o mais r\u00e1pidos podem resultar em sess\u00f5es de treinamento mais eficazes.<br \/>\nReduzindo a dor muscular: Os atletas relataram redu\u00e7\u00e3o da dor muscular de in\u00edcio retardado (DOMS) ao usar a creatina, o que facilita um retorno mais r\u00e1pido ao treinamento ap\u00f3s exerc\u00edcios intensos.<\/li>\n<\/ul>\n<h2><span class=\"ez-toc-section\" id=\"Pergunta_feita_pelo_usuario\"><\/span>Pergunta feita pelo usu\u00e1rio:<span class=\"ez-toc-section-end\"><\/span><\/h2>\n<p>Pergunta: O que a creatina monohidratada faz?<\/p>\n<p>Resposta: A creatina monohidratada \u00e9 frequentemente usada em suplementos nutricionais para ajudar a melhorar a for\u00e7a, aumentar a resist\u00eancia, promover a recupera\u00e7\u00e3o e o crescimento muscular, etc.<\/p>\n<p>Pergunta: A creatina monohidratada tem efeitos colaterais?<\/p>\n<p>Resposta: De acordo com os resultados dos testes de algumas pessoas saud\u00e1veis, a creatina monohidratada n\u00e3o tem efeitos adversos nas fun\u00e7\u00f5es do corpo humano.<\/p>\n<p>Pergunta: Como tomar creatina monohidratada?<\/p>\n<p>Resposta: Tomar creatina monohidratada requer um per\u00edodo de adapta\u00e7\u00e3o, e deve ser feito gradualmente. Consulte a tabela acima para obter informa\u00e7\u00f5es.<\/p>\n<p>&nbsp;<\/p>\n","protected":false},"excerpt":{"rendered":"<ul>\n<li>CAS: 6020-87-7<\/li>\n<li>F\u00f3rmula qu\u00edmica: C4H11N303<\/li>\n<li>Certifica\u00e7\u00f5es: KOSHER, ISO, HALAL, FSSC22000, BRC, etc.<\/li>\n<li>Quantidade m\u00ednima do pedido: 1000KG<\/li>\n<li>Prazo de validade: 2 anos<\/li>\n<\/ul>\n","protected":false},"featured_media":11323,"template":"","meta":{"site-sidebar-layout":"default","site-content-layout":"","ast-site-content-layout":"default","site-content-style":"default","site-sidebar-style":"default","ast-global-header-display":"","ast-banner-title-visibility":"","ast-main-header-display":"","ast-hfb-above-header-display":"","ast-hfb-below-header-display":"","ast-hfb-mobile-header-display":"","site-post-title":"","ast-breadcrumbs-content":"","ast-featured-img":"","footer-sml-layout":"","theme-transparent-header-meta":"default","adv-header-id-meta":"","stick-header-meta":"","header-above-stick-meta":"","header-main-stick-meta":"","header-below-stick-meta":"","astra-migrate-meta-layouts":"set","ast-page-background-enabled":"default","ast-page-background-meta":{"desktop":{"background-color":"var(--ast-global-color-4)","background-image":"","background-repeat":"repeat","background-position":"center center","background-size":"auto","background-attachment":"scroll","background-type":"","background-media":"","overlay-type":"","overlay-color":"","overlay-opacity":"","overlay-gradient":""},"tablet":{"background-color":"","background-image":"","background-repeat":"repeat","background-position":"center center","background-size":"auto","background-attachment":"scroll","background-type":"","background-media":"","overlay-type":"","overlay-color":"","overlay-opacity":"","overlay-gradient":""},"mobile":{"background-color":"","background-image":"","background-repeat":"repeat","background-position":"center center","background-size":"auto","background-attachment":"scroll","background-type":"","background-media":"","overlay-type":"","overlay-color":"","overlay-opacity":"","overlay-gradient":""}},"ast-content-background-meta":{"desktop":{"background-color":"var(--ast-global-color-5)","background-image":"","background-repeat":"repeat","background-position":"center center","background-size":"auto","background-attachment":"scroll","background-type":"","background-media":"","overlay-type":"","overlay-color":"","overlay-opacity":"","overlay-gradient":""},"tablet":{"background-color":"var(--ast-global-color-5)","background-image":"","background-repeat":"repeat","background-position":"center center","background-size":"auto","background-attachment":"scroll","background-type":"","background-media":"","overlay-type":"","overlay-color":"","overlay-opacity":"","overlay-gradient":""},"mobile":{"background-color":"var(--ast-global-color-5)","background-image":"","background-repeat":"repeat","background-position":"center center","background-size":"auto","background-attachment":"scroll","background-type":"","background-media":"","overlay-type":"","overlay-color":"","overlay-opacity":"","overlay-gradient":""}}},"product_brand":[],"product_cat":[89],"product_tag":[],"class_list":{"0":"post-13160","1":"product","2":"type-product","3":"status-publish","4":"has-post-thumbnail","6":"product_cat-produto-intensificador-de-nutricao","7":"desktop-align-center","8":"tablet-align-left","9":"mobile-align-left","11":"first","12":"instock","13":"shipping-taxable","14":"product-type-simple"},"yoast_head":"<!-- This site is optimized with the Yoast SEO plugin v26.5 - https:\/\/yoast.com\/wordpress\/plugins\/seo\/ -->\n<title>Creatina monohidratada a granel, Pre\u00e7o de creatina monohidratada | Niranbio Chemical<\/title>\n<meta name=\"description\" content=\"Nosso monohidrato de creatina \u00e9 um p\u00f3 cristalino branco e inodoro com alta solubilidade em \u00e1gua, est\u00e1vel em condi\u00e7\u00f5es normais e aumenta a produ\u00e7\u00e3o de energia nos m\u00fasculos.\" \/>\n<meta name=\"robots\" content=\"noindex, follow, max-snippet:-1, max-image-preview:large, max-video-preview:-1\" \/>\n<meta name=\"twitter:label1\" content=\"Est. tempo de leitura\" \/>\n\t<meta name=\"twitter:data1\" content=\"4 minutos\" \/>\n<script type=\"application\/ld+json\" class=\"yoast-schema-graph\">{\"@context\":\"https:\/\/schema.org\",\"@graph\":[{\"@type\":\"WebPage\",\"@id\":\"https:\/\/theo.niranbio.com\/pt-br\/monohidrato-de-creatina.html\",\"url\":\"https:\/\/theo.niranbio.com\/pt-br\/monohidrato-de-creatina.html\",\"name\":\"Creatina monohidratada a granel, Pre\u00e7o de creatina monohidratada | Niranbio Chemical\",\"isPartOf\":{\"@id\":\"https:\/\/theo.niranbio.com\/pt-br\/#website\"},\"primaryImageOfPage\":{\"@id\":\"https:\/\/theo.niranbio.com\/pt-br\/monohidrato-de-creatina.html#primaryimage\"},\"image\":{\"@id\":\"https:\/\/theo.niranbio.com\/pt-br\/monohidrato-de-creatina.html#primaryimage\"},\"thumbnailUrl\":\"https:\/\/theo.niranbio.com\/wp-content\/uploads\/2024\/08\/Creatine-Monohydrate-2.jpg\",\"datePublished\":\"2024-08-29T01:20:20+00:00\",\"dateModified\":\"2024-11-04T09:17:41+00:00\",\"description\":\"Nosso monohidrato de creatina \u00e9 um p\u00f3 cristalino branco e inodoro com alta solubilidade em \u00e1gua, est\u00e1vel em condi\u00e7\u00f5es normais e aumenta a produ\u00e7\u00e3o de energia nos m\u00fasculos.\",\"breadcrumb\":{\"@id\":\"https:\/\/theo.niranbio.com\/pt-br\/monohidrato-de-creatina.html#breadcrumb\"},\"inLanguage\":\"pt-BR\",\"potentialAction\":[{\"@type\":\"ReadAction\",\"target\":[\"https:\/\/theo.niranbio.com\/pt-br\/monohidrato-de-creatina.html\"]}]},{\"@type\":\"ImageObject\",\"inLanguage\":\"pt-BR\",\"@id\":\"https:\/\/theo.niranbio.com\/pt-br\/monohidrato-de-creatina.html#primaryimage\",\"url\":\"https:\/\/theo.niranbio.com\/wp-content\/uploads\/2024\/08\/Creatine-Monohydrate-2.jpg\",\"contentUrl\":\"https:\/\/theo.niranbio.com\/wp-content\/uploads\/2024\/08\/Creatine-Monohydrate-2.jpg\",\"width\":600,\"height\":600},{\"@type\":\"BreadcrumbList\",\"@id\":\"https:\/\/theo.niranbio.com\/pt-br\/monohidrato-de-creatina.html#breadcrumb\",\"itemListElement\":[{\"@type\":\"ListItem\",\"position\":1,\"name\":\"Home\",\"item\":\"https:\/\/theo.niranbio.com\/pt-br\/\"},{\"@type\":\"ListItem\",\"position\":2,\"name\":\"Produtos\",\"item\":\"https:\/\/theo.niranbio.com\/pt-br\/produtos.html\"},{\"@type\":\"ListItem\",\"position\":3,\"name\":\"Intensificador de Nutri\u00e7\u00e3o\",\"item\":\"https:\/\/theo.niranbio.com\/pt-br\/produto-intensificador-de-nutricao\/\"},{\"@type\":\"ListItem\",\"position\":4,\"name\":\"Monohidrato de Creatina\"}]},{\"@type\":\"WebSite\",\"@id\":\"https:\/\/theo.niranbio.com\/pt-br\/#website\",\"url\":\"https:\/\/theo.niranbio.com\/pt-br\/\",\"name\":\"Niranbio Chemical\",\"description\":\"\",\"publisher\":{\"@id\":\"https:\/\/theo.niranbio.com\/pt-br\/#organization\"},\"potentialAction\":[{\"@type\":\"SearchAction\",\"target\":{\"@type\":\"EntryPoint\",\"urlTemplate\":\"https:\/\/theo.niranbio.com\/pt-br\/?s={search_term_string}\"},\"query-input\":{\"@type\":\"PropertyValueSpecification\",\"valueRequired\":true,\"valueName\":\"search_term_string\"}}],\"inLanguage\":\"pt-BR\"},{\"@type\":\"Organization\",\"@id\":\"https:\/\/theo.niranbio.com\/pt-br\/#organization\",\"name\":\"Niranbio Chemical\",\"url\":\"https:\/\/theo.niranbio.com\/pt-br\/\",\"logo\":{\"@type\":\"ImageObject\",\"inLanguage\":\"pt-BR\",\"@id\":\"https:\/\/theo.niranbio.com\/pt-br\/#\/schema\/logo\/image\/\",\"url\":\"https:\/\/theo.niranbio.com\/wp-content\/uploads\/2024\/06\/Niranbio.png\",\"contentUrl\":\"https:\/\/theo.niranbio.com\/wp-content\/uploads\/2024\/06\/Niranbio.png\",\"width\":270,\"height\":100,\"caption\":\"Niranbio Chemical\"},\"image\":{\"@id\":\"https:\/\/theo.niranbio.com\/pt-br\/#\/schema\/logo\/image\/\"}}]}<\/script>\n<!-- \/ Yoast SEO plugin. -->","yoast_head_json":{"title":"Creatina monohidratada a granel, Pre\u00e7o de creatina monohidratada | Niranbio Chemical","description":"Nosso monohidrato de creatina \u00e9 um p\u00f3 cristalino branco e inodoro com alta solubilidade em \u00e1gua, est\u00e1vel em condi\u00e7\u00f5es normais e aumenta a produ\u00e7\u00e3o de energia nos m\u00fasculos.","robots":{"index":"noindex","follow":"follow","max-snippet":"max-snippet:-1","max-image-preview":"max-image-preview:large","max-video-preview":"max-video-preview:-1"},"twitter_misc":{"Est. tempo de leitura":"4 minutos"},"schema":{"@context":"https:\/\/schema.org","@graph":[{"@type":"WebPage","@id":"https:\/\/theo.niranbio.com\/pt-br\/monohidrato-de-creatina.html","url":"https:\/\/theo.niranbio.com\/pt-br\/monohidrato-de-creatina.html","name":"Creatina monohidratada a granel, Pre\u00e7o de creatina monohidratada | Niranbio Chemical","isPartOf":{"@id":"https:\/\/theo.niranbio.com\/pt-br\/#website"},"primaryImageOfPage":{"@id":"https:\/\/theo.niranbio.com\/pt-br\/monohidrato-de-creatina.html#primaryimage"},"image":{"@id":"https:\/\/theo.niranbio.com\/pt-br\/monohidrato-de-creatina.html#primaryimage"},"thumbnailUrl":"https:\/\/theo.niranbio.com\/wp-content\/uploads\/2024\/08\/Creatine-Monohydrate-2.jpg","datePublished":"2024-08-29T01:20:20+00:00","dateModified":"2024-11-04T09:17:41+00:00","description":"Nosso monohidrato de creatina \u00e9 um p\u00f3 cristalino branco e inodoro com alta solubilidade em \u00e1gua, est\u00e1vel em condi\u00e7\u00f5es normais e aumenta a produ\u00e7\u00e3o de energia nos m\u00fasculos.","breadcrumb":{"@id":"https:\/\/theo.niranbio.com\/pt-br\/monohidrato-de-creatina.html#breadcrumb"},"inLanguage":"pt-BR","potentialAction":[{"@type":"ReadAction","target":["https:\/\/theo.niranbio.com\/pt-br\/monohidrato-de-creatina.html"]}]},{"@type":"ImageObject","inLanguage":"pt-BR","@id":"https:\/\/theo.niranbio.com\/pt-br\/monohidrato-de-creatina.html#primaryimage","url":"https:\/\/theo.niranbio.com\/wp-content\/uploads\/2024\/08\/Creatine-Monohydrate-2.jpg","contentUrl":"https:\/\/theo.niranbio.com\/wp-content\/uploads\/2024\/08\/Creatine-Monohydrate-2.jpg","width":600,"height":600},{"@type":"BreadcrumbList","@id":"https:\/\/theo.niranbio.com\/pt-br\/monohidrato-de-creatina.html#breadcrumb","itemListElement":[{"@type":"ListItem","position":1,"name":"Home","item":"https:\/\/theo.niranbio.com\/pt-br\/"},{"@type":"ListItem","position":2,"name":"Produtos","item":"https:\/\/theo.niranbio.com\/pt-br\/produtos.html"},{"@type":"ListItem","position":3,"name":"Intensificador de Nutri\u00e7\u00e3o","item":"https:\/\/theo.niranbio.com\/pt-br\/produto-intensificador-de-nutricao\/"},{"@type":"ListItem","position":4,"name":"Monohidrato de Creatina"}]},{"@type":"WebSite","@id":"https:\/\/theo.niranbio.com\/pt-br\/#website","url":"https:\/\/theo.niranbio.com\/pt-br\/","name":"Niranbio Chemical","description":"","publisher":{"@id":"https:\/\/theo.niranbio.com\/pt-br\/#organization"},"potentialAction":[{"@type":"SearchAction","target":{"@type":"EntryPoint","urlTemplate":"https:\/\/theo.niranbio.com\/pt-br\/?s={search_term_string}"},"query-input":{"@type":"PropertyValueSpecification","valueRequired":true,"valueName":"search_term_string"}}],"inLanguage":"pt-BR"},{"@type":"Organization","@id":"https:\/\/theo.niranbio.com\/pt-br\/#organization","name":"Niranbio Chemical","url":"https:\/\/theo.niranbio.com\/pt-br\/","logo":{"@type":"ImageObject","inLanguage":"pt-BR","@id":"https:\/\/theo.niranbio.com\/pt-br\/#\/schema\/logo\/image\/","url":"https:\/\/theo.niranbio.com\/wp-content\/uploads\/2024\/06\/Niranbio.png","contentUrl":"https:\/\/theo.niranbio.com\/wp-content\/uploads\/2024\/06\/Niranbio.png","width":270,"height":100,"caption":"Niranbio Chemical"},"image":{"@id":"https:\/\/theo.niranbio.com\/pt-br\/#\/schema\/logo\/image\/"}}]}},"_links":{"self":[{"href":"https:\/\/theo.niranbio.com\/pt-br\/wp-json\/wp\/v2\/product\/13160","targetHints":{"allow":["GET"]}}],"collection":[{"href":"https:\/\/theo.niranbio.com\/pt-br\/wp-json\/wp\/v2\/product"}],"about":[{"href":"https:\/\/theo.niranbio.com\/pt-br\/wp-json\/wp\/v2\/types\/product"}],"version-history":[{"count":1,"href":"https:\/\/theo.niranbio.com\/pt-br\/wp-json\/wp\/v2\/product\/13160\/revisions"}],"predecessor-version":[{"id":13164,"href":"https:\/\/theo.niranbio.com\/pt-br\/wp-json\/wp\/v2\/product\/13160\/revisions\/13164"}],"wp:featuredmedia":[{"embeddable":true,"href":"https:\/\/theo.niranbio.com\/pt-br\/wp-json\/wp\/v2\/media\/11323"}],"wp:attachment":[{"href":"https:\/\/theo.niranbio.com\/pt-br\/wp-json\/wp\/v2\/media?parent=13160"}],"wp:term":[{"taxonomy":"product_brand","embeddable":true,"href":"https:\/\/theo.niranbio.com\/pt-br\/wp-json\/wp\/v2\/product_brand?post=13160"},{"taxonomy":"product_cat","embeddable":true,"href":"https:\/\/theo.niranbio.com\/pt-br\/wp-json\/wp\/v2\/product_cat?post=13160"},{"taxonomy":"product_tag","embeddable":true,"href":"https:\/\/theo.niranbio.com\/pt-br\/wp-json\/wp\/v2\/product_tag?post=13160"}],"curies":[{"name":"wp","href":"https:\/\/api.w.org\/{rel}","templated":true}]}}