{"id":13137,"date":"2024-08-29T15:00:09","date_gmt":"2024-08-29T07:00:09","guid":{"rendered":"https:\/\/theo.niranbio.com\/lactato-de-sodio\/"},"modified":"2024-11-04T16:36:24","modified_gmt":"2024-11-04T08:36:24","slug":"lactato-de-sodio","status":"publish","type":"product","link":"https:\/\/theo.niranbio.com\/pt-br\/lactato-de-sodio.html","title":{"rendered":"Lactato de s\u00f3dio"},"content":{"rendered":"<h2><span class=\"ez-toc-section\" id=\"O_que_e_lactato_de_sodio\"><\/span>O que \u00e9 lactato de s\u00f3dio?<span class=\"ez-toc-section-end\"><\/span><\/h2>\n<p>O lactato de s\u00f3dio \u00e9 produzido a partir de \u00e1cido l\u00e1ctico e hidr\u00f3xido de s\u00f3dio. \u00c9 branco, pulverulento em temperatura normal e tem um sabor levemente salgado. O lactato de s\u00f3dio desempenha m\u00faltiplas fun\u00e7\u00f5es na ind\u00fastria aliment\u00edcia, incluindo regular a acidez, atuar como conservante e ser usado como enchimento. O lactato de s\u00f3dio \u00e9 um sal \u00e1cido fraco, n\u00e3o um sal b\u00e1sico, e deve ser metabolizado no f\u00edgado para desempenhar um papel neutralizante no corpo. Ele tem o c\u00f3digo E E320 e geralmente \u00e9 vendido como uma solu\u00e7\u00e3o aquosa, mas tamb\u00e9m \u00e9 vendido em p\u00f3.<\/p>\n<h2><span class=\"ez-toc-section\" id=\"Parametros_relacionados\"><\/span>Par\u00e2metros relacionados:<span class=\"ez-toc-section-end\"><\/span><\/h2>\n<table>\n<tbody>\n<tr>\n<td>Item<\/td>\n<td>Standard<\/td>\n<\/tr>\n<tr>\n<td>Estrutura<\/td>\n<td>l\u00edquido transparente levemente viscoso<\/td>\n<\/tr>\n<tr>\n<td>Lactato de s\u00f3dio total %<\/td>\n<td>\u226560<\/td>\n<\/tr>\n<tr>\n<td>Puity(L-isomer)<\/td>\n<td>\u226598<\/td>\n<\/tr>\n<tr>\n<td>Chroma,apha<\/td>\n<td>\u226450<\/td>\n<\/tr>\n<tr>\n<td>PH<\/td>\n<td>6.5~7.5<\/td>\n<\/tr>\n<tr>\n<td>% de cloreto<\/td>\n<td>\u22640.05<\/td>\n<\/tr>\n<tr>\n<td>Cianeto mg\/kg<\/td>\n<td>\u22640.5<\/td>\n<\/tr>\n<tr>\n<td>Chumbo mg\/kg<\/td>\n<td>\u22642<\/td>\n<\/tr>\n<tr>\n<td>% de sulfato<\/td>\n<td>\u22640.002<\/td>\n<\/tr>\n<tr>\n<td>Ars\u00eanico (As) mg\/kg<\/td>\n<td>\u22643<\/td>\n<\/tr>\n<tr>\n<td>Merc\u00fario (Hg) mg\/kg<\/td>\n<td>\u22641<\/td>\n<\/tr>\n<tr>\n<td>Metanol e \u00e9steres met\u00edlicos %<\/td>\n<td>\u22640.025<\/td>\n<\/tr>\n<tr>\n<td>Citrato, oxalato, fosfato ou tartarato<\/td>\n<td>Passou<\/td>\n<\/tr>\n<tr>\n<td>Reduzindo o a\u00e7\u00facar<\/td>\n<td>passou<\/td>\n<\/tr>\n<\/tbody>\n<\/table>\n<h2><span class=\"ez-toc-section\" id=\"Dosagem_recomendada\"><\/span>Dosagem recomendada:<span class=\"ez-toc-section-end\"><\/span><\/h2>\n<table>\n<tbody>\n<tr>\n<td>Nome do alimento<\/td>\n<td>Uso m\u00e1ximo (%)<\/td>\n<\/tr>\n<tr>\n<td>Produtos para banho<\/td>\n<td>2%-5%<\/td>\n<\/tr>\n<tr>\n<td>Produtos para cuidados com a pele<\/td>\n<td>0.1\uff05-5\uff05<\/td>\n<\/tr>\n<tr>\n<td>Solu\u00e7\u00e3o intravenosa de lactato de s\u00f3dio<\/td>\n<td>500 ml-1000 ml<\/td>\n<\/tr>\n<\/tbody>\n<\/table>\n<h2><span class=\"ez-toc-section\" id=\"Lactato_de_sodio_tem_uma_ampla_gama_de_usos\"><\/span>Lactato de s\u00f3dio tem uma ampla gama de usos<span class=\"ez-toc-section-end\"><\/span><\/h2>\n<p>1. Todos os tipos de alimentos, p\u00e3es, produtos de carne, molhos, etc. O lactato de s\u00f3dio tem o efeito de inibir o crescimento de microrganismos, o que pode efetivamente estender a vida \u00fatil de condimentos e molhos, manter a estabilidade de seu sabor e nutrientes e melhorar a textura e o gosto dos alimentos, melhorando assim a seguran\u00e7a alimentar. 2. Artigos de higiene pessoal Umectantes e emolientes O lactato de s\u00f3dio \u00e0s vezes \u00e9 usado em xampus e outros produtos semelhantes (por exemplo, sabonete l\u00edquido) porque \u00e9 um umectante e emoliente muito eficaz.<\/p>\n<h2><span class=\"ez-toc-section\" id=\"O_usuario_fez_a_seguinte_pergunta\"><\/span>O usu\u00e1rio fez a seguinte pergunta:<span class=\"ez-toc-section-end\"><\/span><\/h2>\n<p>P: O lactato de s\u00f3dio \u00e9 um ingrediente natural?<\/p>\n<p>R: Sim. O lactato de s\u00f3dio \u00e9 o sal de s\u00f3dio do \u00e1cido l\u00e1tico produzido pela fermenta\u00e7\u00e3o natural de a\u00e7\u00facares do milho e da beterraba.<\/p>\n<p>P: O lactato de s\u00f3dio \u00e9 perigoso?<\/p>\n<p>R: N\u00e3o, \u00e9 seguro. \u00c9 comumente usado como conservante de alimentos e n\u00e3o representa nenhum risco especial, desde que seja manuseado de acordo com as normas de higiene e seguran\u00e7a.<\/p>\n<p>P: O lactato de s\u00f3dio \u00e9 o mesmo que sal?<\/p>\n<p>R: O lactato de s\u00f3dio \u00e9 um sal org\u00e2nico de s\u00f3dio e sal de lactato usado como conservante de alimentos e regulador de acidez de alimentos.<\/p>\n","protected":false},"excerpt":{"rendered":"<ul>\n<li>CAS: 72-17-3<\/li>\n<li>F\u00f3rmula qu\u00edmica: C3H5NaO3<\/li>\n<li>Certifica\u00e7\u00e3o: HALAL KOSHER ISO, etc.<\/li>\n<li>Padr\u00e3o: FCCV<\/li>\n<li>MOQ: 500KG<\/li>\n<li>Vida \u00fatil: dois anos<\/li>\n<\/ul>\n","protected":false},"featured_media":11328,"template":"","meta":{"site-sidebar-layout":"default","site-content-layout":"","ast-site-content-layout":"default","site-content-style":"default","site-sidebar-style":"default","ast-global-header-display":"","ast-banner-title-visibility":"","ast-main-header-display":"","ast-hfb-above-header-display":"","ast-hfb-below-header-display":"","ast-hfb-mobile-header-display":"","site-post-title":"","ast-breadcrumbs-content":"","ast-featured-img":"","footer-sml-layout":"","theme-transparent-header-meta":"default","adv-header-id-meta":"","stick-header-meta":"","header-above-stick-meta":"","header-main-stick-meta":"","header-below-stick-meta":"","astra-migrate-meta-layouts":"set","ast-page-background-enabled":"default","ast-page-background-meta":{"desktop":{"background-color":"var(--ast-global-color-4)","background-image":"","background-repeat":"repeat","background-position":"center center","background-size":"auto","background-attachment":"scroll","background-type":"","background-media":"","overlay-type":"","overlay-color":"","overlay-opacity":"","overlay-gradient":""},"tablet":{"background-color":"","background-image":"","background-repeat":"repeat","background-position":"center center","background-size":"auto","background-attachment":"scroll","background-type":"","background-media":"","overlay-type":"","overlay-color":"","overlay-opacity":"","overlay-gradient":""},"mobile":{"background-color":"","background-image":"","background-repeat":"repeat","background-position":"center center","background-size":"auto","background-attachment":"scroll","background-type":"","background-media":"","overlay-type":"","overlay-color":"","overlay-opacity":"","overlay-gradient":""}},"ast-content-background-meta":{"desktop":{"background-color":"var(--ast-global-color-5)","background-image":"","background-repeat":"repeat","background-position":"center center","background-size":"auto","background-attachment":"scroll","background-type":"","background-media":"","overlay-type":"","overlay-color":"","overlay-opacity":"","overlay-gradient":""},"tablet":{"background-color":"var(--ast-global-color-5)","background-image":"","background-repeat":"repeat","background-position":"center center","background-size":"auto","background-attachment":"scroll","background-type":"","background-media":"","overlay-type":"","overlay-color":"","overlay-opacity":"","overlay-gradient":""},"mobile":{"background-color":"var(--ast-global-color-5)","background-image":"","background-repeat":"repeat","background-position":"center center","background-size":"auto","background-attachment":"scroll","background-type":"","background-media":"","overlay-type":"","overlay-color":"","overlay-opacity":"","overlay-gradient":""}}},"product_brand":[],"product_cat":[93],"product_tag":[],"class_list":{"0":"post-13137","1":"product","2":"type-product","3":"status-publish","4":"has-post-thumbnail","6":"product_cat-produto-conservante","7":"desktop-align-center","8":"tablet-align-left","9":"mobile-align-left","11":"first","12":"instock","13":"shipping-taxable","14":"product-type-simple"},"yoast_head":"<!-- This site is optimized with the Yoast SEO plugin v26.5 - https:\/\/yoast.com\/wordpress\/plugins\/seo\/ -->\n<title>Lactato de S\u00f3dio, E325 | Niranbio Chemical<\/title>\n<meta name=\"description\" content=\"Nosso lactato de s\u00f3dio \u00e9 um l\u00edquido incolor e higrosc\u00f3pico com um sabor salino suave, altamente sol\u00favel em \u00e1gua e atua como um agente tamp\u00e3o com propriedades antimicrobianas.\" \/>\n<meta name=\"robots\" content=\"noindex, follow, max-snippet:-1, max-image-preview:large, max-video-preview:-1\" \/>\n<meta name=\"twitter:label1\" content=\"Est. tempo de leitura\" \/>\n\t<meta name=\"twitter:data1\" content=\"2 minutos\" \/>\n<script type=\"application\/ld+json\" class=\"yoast-schema-graph\">{\"@context\":\"https:\/\/schema.org\",\"@graph\":[{\"@type\":\"WebPage\",\"@id\":\"https:\/\/theo.niranbio.com\/pt-br\/lactato-de-sodio.html\",\"url\":\"https:\/\/theo.niranbio.com\/pt-br\/lactato-de-sodio.html\",\"name\":\"Lactato de S\u00f3dio, E325 | Niranbio Chemical\",\"isPartOf\":{\"@id\":\"https:\/\/theo.niranbio.com\/pt-br\/#website\"},\"primaryImageOfPage\":{\"@id\":\"https:\/\/theo.niranbio.com\/pt-br\/lactato-de-sodio.html#primaryimage\"},\"image\":{\"@id\":\"https:\/\/theo.niranbio.com\/pt-br\/lactato-de-sodio.html#primaryimage\"},\"thumbnailUrl\":\"https:\/\/theo.niranbio.com\/wp-content\/uploads\/2024\/08\/Sodium-Lactate-1.jpg\",\"datePublished\":\"2024-08-29T07:00:09+00:00\",\"dateModified\":\"2024-11-04T08:36:24+00:00\",\"description\":\"Nosso lactato de s\u00f3dio \u00e9 um l\u00edquido incolor e higrosc\u00f3pico com um sabor salino suave, altamente sol\u00favel em \u00e1gua e atua como um agente tamp\u00e3o com propriedades antimicrobianas.\",\"breadcrumb\":{\"@id\":\"https:\/\/theo.niranbio.com\/pt-br\/lactato-de-sodio.html#breadcrumb\"},\"inLanguage\":\"pt-BR\",\"potentialAction\":[{\"@type\":\"ReadAction\",\"target\":[\"https:\/\/theo.niranbio.com\/pt-br\/lactato-de-sodio.html\"]}]},{\"@type\":\"ImageObject\",\"inLanguage\":\"pt-BR\",\"@id\":\"https:\/\/theo.niranbio.com\/pt-br\/lactato-de-sodio.html#primaryimage\",\"url\":\"https:\/\/theo.niranbio.com\/wp-content\/uploads\/2024\/08\/Sodium-Lactate-1.jpg\",\"contentUrl\":\"https:\/\/theo.niranbio.com\/wp-content\/uploads\/2024\/08\/Sodium-Lactate-1.jpg\",\"width\":600,\"height\":600,\"caption\":\"Sodium Lactate-1\"},{\"@type\":\"BreadcrumbList\",\"@id\":\"https:\/\/theo.niranbio.com\/pt-br\/lactato-de-sodio.html#breadcrumb\",\"itemListElement\":[{\"@type\":\"ListItem\",\"position\":1,\"name\":\"Home\",\"item\":\"https:\/\/theo.niranbio.com\/pt-br\/\"},{\"@type\":\"ListItem\",\"position\":2,\"name\":\"Produtos\",\"item\":\"https:\/\/theo.niranbio.com\/pt-br\/produtos.html\"},{\"@type\":\"ListItem\",\"position\":3,\"name\":\"Conservante\",\"item\":\"https:\/\/theo.niranbio.com\/pt-br\/produto-conservante\/\"},{\"@type\":\"ListItem\",\"position\":4,\"name\":\"Lactato de s\u00f3dio\"}]},{\"@type\":\"WebSite\",\"@id\":\"https:\/\/theo.niranbio.com\/pt-br\/#website\",\"url\":\"https:\/\/theo.niranbio.com\/pt-br\/\",\"name\":\"Niranbio Chemical\",\"description\":\"\",\"publisher\":{\"@id\":\"https:\/\/theo.niranbio.com\/pt-br\/#organization\"},\"potentialAction\":[{\"@type\":\"SearchAction\",\"target\":{\"@type\":\"EntryPoint\",\"urlTemplate\":\"https:\/\/theo.niranbio.com\/pt-br\/?s={search_term_string}\"},\"query-input\":{\"@type\":\"PropertyValueSpecification\",\"valueRequired\":true,\"valueName\":\"search_term_string\"}}],\"inLanguage\":\"pt-BR\"},{\"@type\":\"Organization\",\"@id\":\"https:\/\/theo.niranbio.com\/pt-br\/#organization\",\"name\":\"Niranbio Chemical\",\"url\":\"https:\/\/theo.niranbio.com\/pt-br\/\",\"logo\":{\"@type\":\"ImageObject\",\"inLanguage\":\"pt-BR\",\"@id\":\"https:\/\/theo.niranbio.com\/pt-br\/#\/schema\/logo\/image\/\",\"url\":\"https:\/\/theo.niranbio.com\/wp-content\/uploads\/2024\/06\/Niranbio.png\",\"contentUrl\":\"https:\/\/theo.niranbio.com\/wp-content\/uploads\/2024\/06\/Niranbio.png\",\"width\":270,\"height\":100,\"caption\":\"Niranbio Chemical\"},\"image\":{\"@id\":\"https:\/\/theo.niranbio.com\/pt-br\/#\/schema\/logo\/image\/\"}}]}<\/script>\n<!-- \/ Yoast SEO plugin. -->","yoast_head_json":{"title":"Lactato de S\u00f3dio, E325 | Niranbio Chemical","description":"Nosso lactato de s\u00f3dio \u00e9 um l\u00edquido incolor e higrosc\u00f3pico com um sabor salino suave, altamente sol\u00favel em \u00e1gua e atua como um agente tamp\u00e3o com propriedades antimicrobianas.","robots":{"index":"noindex","follow":"follow","max-snippet":"max-snippet:-1","max-image-preview":"max-image-preview:large","max-video-preview":"max-video-preview:-1"},"twitter_misc":{"Est. tempo de leitura":"2 minutos"},"schema":{"@context":"https:\/\/schema.org","@graph":[{"@type":"WebPage","@id":"https:\/\/theo.niranbio.com\/pt-br\/lactato-de-sodio.html","url":"https:\/\/theo.niranbio.com\/pt-br\/lactato-de-sodio.html","name":"Lactato de S\u00f3dio, E325 | Niranbio Chemical","isPartOf":{"@id":"https:\/\/theo.niranbio.com\/pt-br\/#website"},"primaryImageOfPage":{"@id":"https:\/\/theo.niranbio.com\/pt-br\/lactato-de-sodio.html#primaryimage"},"image":{"@id":"https:\/\/theo.niranbio.com\/pt-br\/lactato-de-sodio.html#primaryimage"},"thumbnailUrl":"https:\/\/theo.niranbio.com\/wp-content\/uploads\/2024\/08\/Sodium-Lactate-1.jpg","datePublished":"2024-08-29T07:00:09+00:00","dateModified":"2024-11-04T08:36:24+00:00","description":"Nosso lactato de s\u00f3dio \u00e9 um l\u00edquido incolor e higrosc\u00f3pico com um sabor salino suave, altamente sol\u00favel em \u00e1gua e atua como um agente tamp\u00e3o com propriedades antimicrobianas.","breadcrumb":{"@id":"https:\/\/theo.niranbio.com\/pt-br\/lactato-de-sodio.html#breadcrumb"},"inLanguage":"pt-BR","potentialAction":[{"@type":"ReadAction","target":["https:\/\/theo.niranbio.com\/pt-br\/lactato-de-sodio.html"]}]},{"@type":"ImageObject","inLanguage":"pt-BR","@id":"https:\/\/theo.niranbio.com\/pt-br\/lactato-de-sodio.html#primaryimage","url":"https:\/\/theo.niranbio.com\/wp-content\/uploads\/2024\/08\/Sodium-Lactate-1.jpg","contentUrl":"https:\/\/theo.niranbio.com\/wp-content\/uploads\/2024\/08\/Sodium-Lactate-1.jpg","width":600,"height":600,"caption":"Sodium Lactate-1"},{"@type":"BreadcrumbList","@id":"https:\/\/theo.niranbio.com\/pt-br\/lactato-de-sodio.html#breadcrumb","itemListElement":[{"@type":"ListItem","position":1,"name":"Home","item":"https:\/\/theo.niranbio.com\/pt-br\/"},{"@type":"ListItem","position":2,"name":"Produtos","item":"https:\/\/theo.niranbio.com\/pt-br\/produtos.html"},{"@type":"ListItem","position":3,"name":"Conservante","item":"https:\/\/theo.niranbio.com\/pt-br\/produto-conservante\/"},{"@type":"ListItem","position":4,"name":"Lactato de s\u00f3dio"}]},{"@type":"WebSite","@id":"https:\/\/theo.niranbio.com\/pt-br\/#website","url":"https:\/\/theo.niranbio.com\/pt-br\/","name":"Niranbio Chemical","description":"","publisher":{"@id":"https:\/\/theo.niranbio.com\/pt-br\/#organization"},"potentialAction":[{"@type":"SearchAction","target":{"@type":"EntryPoint","urlTemplate":"https:\/\/theo.niranbio.com\/pt-br\/?s={search_term_string}"},"query-input":{"@type":"PropertyValueSpecification","valueRequired":true,"valueName":"search_term_string"}}],"inLanguage":"pt-BR"},{"@type":"Organization","@id":"https:\/\/theo.niranbio.com\/pt-br\/#organization","name":"Niranbio Chemical","url":"https:\/\/theo.niranbio.com\/pt-br\/","logo":{"@type":"ImageObject","inLanguage":"pt-BR","@id":"https:\/\/theo.niranbio.com\/pt-br\/#\/schema\/logo\/image\/","url":"https:\/\/theo.niranbio.com\/wp-content\/uploads\/2024\/06\/Niranbio.png","contentUrl":"https:\/\/theo.niranbio.com\/wp-content\/uploads\/2024\/06\/Niranbio.png","width":270,"height":100,"caption":"Niranbio Chemical"},"image":{"@id":"https:\/\/theo.niranbio.com\/pt-br\/#\/schema\/logo\/image\/"}}]}},"_links":{"self":[{"href":"https:\/\/theo.niranbio.com\/pt-br\/wp-json\/wp\/v2\/product\/13137","targetHints":{"allow":["GET"]}}],"collection":[{"href":"https:\/\/theo.niranbio.com\/pt-br\/wp-json\/wp\/v2\/product"}],"about":[{"href":"https:\/\/theo.niranbio.com\/pt-br\/wp-json\/wp\/v2\/types\/product"}],"version-history":[{"count":0,"href":"https:\/\/theo.niranbio.com\/pt-br\/wp-json\/wp\/v2\/product\/13137\/revisions"}],"wp:featuredmedia":[{"embeddable":true,"href":"https:\/\/theo.niranbio.com\/pt-br\/wp-json\/wp\/v2\/media\/11328"}],"wp:attachment":[{"href":"https:\/\/theo.niranbio.com\/pt-br\/wp-json\/wp\/v2\/media?parent=13137"}],"wp:term":[{"taxonomy":"product_brand","embeddable":true,"href":"https:\/\/theo.niranbio.com\/pt-br\/wp-json\/wp\/v2\/product_brand?post=13137"},{"taxonomy":"product_cat","embeddable":true,"href":"https:\/\/theo.niranbio.com\/pt-br\/wp-json\/wp\/v2\/product_cat?post=13137"},{"taxonomy":"product_tag","embeddable":true,"href":"https:\/\/theo.niranbio.com\/pt-br\/wp-json\/wp\/v2\/product_tag?post=13137"}],"curies":[{"name":"wp","href":"https:\/\/api.w.org\/{rel}","templated":true}]}}