{"id":9950,"date":"2024-06-20T10:41:38","date_gmt":"2024-06-20T02:41:38","guid":{"rendered":"https:\/\/theo.niranbio.com\/ethylvanilline\/"},"modified":"2024-08-13T17:50:47","modified_gmt":"2024-08-13T09:50:47","slug":"ethylvanilline","status":"publish","type":"product","link":"https:\/\/theo.niranbio.com\/fr\/ethylvanilline.html","title":{"rendered":"\u00c9thylvanilline"},"content":{"rendered":"<h2><span class=\"ez-toc-section\" id=\"Quest-ce_que_lethylvanilline\"><\/span>Qu&rsquo;est-ce que l&rsquo;\u00e9thylvanilline ?<span class=\"ez-toc-section-end\"><\/span><\/h2>\n<p>L&rsquo;\u00e9thylvanilline, un agent aromatisant synth\u00e9tique, a le parfum distinct de la vanilline et est une poudre cristalline dont la couleur varie du blanc au jaune clair. Elle sent le d\u00e9licieux chocolat. Elle est largement utilis\u00e9e dans les ar\u00f4mes, les cosm\u00e9tiques, les additifs alimentaires, la m\u00e9decine et d&rsquo;autres industries car elle est essentiellement non toxique. Il existe trois principales m\u00e9thodes de pr\u00e9paration de l&rsquo;\u00e9thylvanilline :<\/p>\n<p>1. Synth\u00e8se chimique : Le groupe hydroxyle de la vanilline est converti en \u00e9thylvanilline par r\u00e9action avec de l&rsquo;\u00e9thanol ou des agents d&rsquo;\u00e9thylation. Des catalyseurs et la r\u00e9gulation des param\u00e8tres de r\u00e9action comme la pression et la temp\u00e9rature sont g\u00e9n\u00e9ralement utilis\u00e9s dans ce processus. Cette m\u00e9thode permet de fabriquer efficacement de l&rsquo;\u00e9thylvanilline et est id\u00e9ale pour la production \u00e0 grande \u00e9chelle.<\/p>\n<p>2. M\u00e9thode d&rsquo;extraction naturelle : Tout d&rsquo;abord, la vanilline est extraite des gousses de vanille puis \u00e9thyl\u00e9e. Cette m\u00e9thode d\u00e9pend de la qualit\u00e9 et de l&rsquo;approvisionnement en mati\u00e8res premi\u00e8res naturelles. Ce processus est relativement complexe et co\u00fbteux, et est principalement utilis\u00e9 sur le march\u00e9 haut de gamme.<\/p>\n<p>3. Biosynth\u00e8se : la vanilline ou son pr\u00e9curseur est converti en \u00e9thylvanilline par fermentation microbienne ou par r\u00e9action catalys\u00e9e par des enzymes. Cette m\u00e9thode est plus respectueuse de l&rsquo;environnement, mais elle est actuellement rarement utilis\u00e9e dans la production industrielle et est principalement utilis\u00e9e au stade de la recherche et du d\u00e9veloppement.<\/p>\n<h2><span class=\"ez-toc-section\" id=\"Parametres_associes\"><\/span>Param\u00e8tres associ\u00e9s :<span class=\"ez-toc-section-end\"><\/span><\/h2>\n<table>\n<tbody>\n<tr>\n<td>ARTICLES<\/td>\n<td>UNIT\u00c9<\/td>\n<td>STANDARD<\/td>\n<\/tr>\n<tr>\n<td>Dosage (sur la base de la mati\u00e8re s\u00e8che)<\/td>\n<td>%<\/td>\n<td>\u226599.90 %<\/td>\n<\/tr>\n<tr>\n<td>Plage de fusion<\/td>\n<td>\u2103<\/td>\n<td>76-78<\/td>\n<\/tr>\n<tr>\n<td>Perte au s\u00e9chage<\/td>\n<td>%<\/td>\n<td>\u22640.5<\/td>\n<\/tr>\n<tr>\n<td>R\u00e9sidus d&rsquo;allumage<\/td>\n<td>%<\/td>\n<td>\u22640.05<\/td>\n<\/tr>\n<tr>\n<td>M\u00e9taux lourds (Pb)<\/td>\n<td>%<\/td>\n<td>\u22640.001<\/td>\n<\/tr>\n<tr>\n<td>Arsenic<\/td>\n<td>%<\/td>\n<td>\u22640.0003<\/td>\n<\/tr>\n<tr>\n<td>Solubilit\u00e9<\/td>\n<td>%<\/td>\n<td>1g dans 100 ML d&rsquo;eau (50\u2103) ou 5 ML d&rsquo;\u00e9thanol \u00e0 95%.<\/td>\n<\/tr>\n<\/tbody>\n<\/table>\n<h2><span class=\"ez-toc-section\" id=\"Dosage_recommande\"><\/span>Dosage recommand\u00e9 :<span class=\"ez-toc-section-end\"><\/span><\/h2>\n<table>\n<tbody>\n<tr>\n<td>Nom de l&rsquo;aliment<\/td>\n<td>Utilisation maximale (g\/kg)<\/td>\n<\/tr>\n<tr>\n<td>Cr\u00e8me glac\u00e9e<\/td>\n<td>0,1-0,3 g\/kg<\/td>\n<\/tr>\n<tr>\n<td>G\u00e2teau<\/td>\n<td>0,05-0,2 g\/kg<\/td>\n<\/tr>\n<tr>\n<td>Chocolat<\/td>\n<td>0,1-0,2 g\/kg<\/td>\n<\/tr>\n<tr>\n<td>Cr\u00e8me<\/td>\n<td>0,1-0,3 g\/kg<\/td>\n<\/tr>\n<tr>\n<td>Bonbons<\/td>\n<td>0,1-0,3 g\/kg<\/td>\n<\/tr>\n<tr>\n<td>Lait aromatis\u00e9<\/td>\n<td>0,1-0,2 g\/kg<\/td>\n<\/tr>\n<tr>\n<td>Fromage<\/td>\n<td>0,05-0,1 g\/kg<\/td>\n<\/tr>\n<tr>\n<td>G\u00e2teau<\/td>\n<td>0,05-0,2 g\/kg<\/td>\n<\/tr>\n<tr>\n<td>Gel\u00e9e<\/td>\n<td>0,05-0,1 g\/kg<\/td>\n<\/tr>\n<tr>\n<td>Sauce salade<\/td>\n<td>0,05-0,1 g\/kg<\/td>\n<\/tr>\n<tr>\n<td>Boissons aux fruits<\/td>\n<td>0,02-0,05 g\/kg<\/td>\n<\/tr>\n<tr>\n<td>M\u00e9lange \u00e0 cuire<\/td>\n<td>0,05-0,2 g\/kg<\/td>\n<\/tr>\n<tr>\n<td>Sauce<\/td>\n<td>0,05-0,1 g\/kg<\/td>\n<\/tr>\n<tr>\n<td>Aliments en conserve<\/td>\n<td>0,02-0,05 g\/kg<\/td>\n<\/tr>\n<\/tbody>\n<\/table>\n<h2><span class=\"ez-toc-section\" id=\"Lethylvanilline_a_une_large_gamme_dutilisations\"><\/span>L&rsquo;\u00e9thylvanilline a une large gamme d&rsquo;utilisations<span class=\"ez-toc-section-end\"><\/span><\/h2>\n<p>1. Am\u00e9liorer la saveur : L&rsquo;\u00e9thylvanilline est un puissant exhausteur de go\u00fbt qui peut am\u00e9liorer consid\u00e9rablement la saveur de vanille des aliments. Il peut produire une forte saveur de vanille \u00e0 de faibles concentrations et est largement utilis\u00e9 dans les desserts tels que la cr\u00e8me glac\u00e9e, les biscuits et les g\u00e2teaux.<\/p>\n<p>2. Am\u00e9liorer la saveur : Il peut ajuster et am\u00e9liorer la saveur des aliments, les rendant plus riches et plus coordonn\u00e9s. La riche saveur de l&rsquo;\u00e9thylvanilline peut \u00e9quilibrer et masquer le go\u00fbt des autres ingr\u00e9dients et am\u00e9liorer le go\u00fbt g\u00e9n\u00e9ral des aliments tels que le chocolat, les bonbons et la cr\u00e8me.<\/p>\n<p>3. Masquer les mauvaises odeurs : L&rsquo;\u00e9thylvanilline a pour fonction de masquer et de neutraliser les mauvaises odeurs des aliments. Il peut masquer efficacement l&rsquo;odeur des mati\u00e8res premi\u00e8res alimentaires ou les mauvaises odeurs g\u00e9n\u00e9r\u00e9es pendant le traitement, et est souvent utilis\u00e9 dans les condiments et les aliments pr\u00eats \u00e0 consommer.<\/p>\n<p>4. Offrez une exp\u00e9rience gustative naturelle : en tant que puissant substitut \u00e0 la vanille, l&rsquo;\u00e9thylvanilline peut simuler la saveur de la vanille naturelle et offrir une exp\u00e9rience gustative proche de la vanille naturelle, ce qui convient aux aliments et boissons haut de gamme.<\/p>\n<p>5. Forte stabilit\u00e9 : il a une bonne stabilit\u00e9 chimique dans divers aliments et boissons, et peut maintenir la stabilit\u00e9 de la saveur pendant le stockage \u00e0 long terme, ce qui le rend adapt\u00e9 aux produits \u00e0 longue dur\u00e9e de conservation, tels que le caf\u00e9 instantan\u00e9 et les desserts glac\u00e9s.<\/p>\n<h2><span class=\"ez-toc-section\" id=\"Question_posee_par_lutilisateur\"><\/span>Question pos\u00e9e par l&rsquo;utilisateur :<span class=\"ez-toc-section-end\"><\/span><\/h2>\n<p>Question : Qu&rsquo;est-ce qui distingue l&rsquo;\u00e9thylvanilline de la vanilline ?<\/p>\n<p>R\u00e9ponse : La vanilline et l&rsquo;\u00e9thylvanilline sont toutes deux des compos\u00e9s aromatisants \u00e0 la vanille, mais elles diff\u00e8rent en termes d&rsquo;intensit\u00e9 et d&rsquo;application. La vanilline se marie bien avec une large gamme de plats et de boissons et a un go\u00fbt de vanille subtil. L&rsquo;\u00e9thylvanilline a une saveur de vanille plus forte et convient aux produits haut de gamme qui n\u00e9cessitent une forte saveur de vanille, et est souvent utilis\u00e9e pour masquer le mauvais go\u00fbt d&rsquo;autres ingr\u00e9dients. L&rsquo;\u00e9thylvanilline a une concentration d&rsquo;ar\u00f4me plus \u00e9lev\u00e9e, mais son co\u00fbt est relativement \u00e9lev\u00e9.<\/p>\n","protected":false},"excerpt":{"rendered":"<ul>\n<li>CAS: 121-32-4<\/li>\n<li>Formule chimique: C9H10O3<\/li>\n<li>Certifications : KOSHER, ISO, HALAL, FSSC 22000, BRC, etc.<\/li>\n<li>Standard:<\/li>\n<li>Quantit\u00e9 minimum de commande : 1000 kg<\/li>\n<li>Dur\u00e9e de conservation : 2 ans<\/li>\n<\/ul>\n","protected":false},"featured_media":9951,"template":"","meta":{"site-sidebar-layout":"default","site-content-layout":"","ast-site-content-layout":"default","site-content-style":"default","site-sidebar-style":"default","ast-global-header-display":"","ast-banner-title-visibility":"","ast-main-header-display":"","ast-hfb-above-header-display":"","ast-hfb-below-header-display":"","ast-hfb-mobile-header-display":"","site-post-title":"","ast-breadcrumbs-content":"","ast-featured-img":"","footer-sml-layout":"","theme-transparent-header-meta":"default","adv-header-id-meta":"","stick-header-meta":"","header-above-stick-meta":"","header-main-stick-meta":"","header-below-stick-meta":"","astra-migrate-meta-layouts":"set","ast-page-background-enabled":"default","ast-page-background-meta":{"desktop":{"background-color":"var(--ast-global-color-4)","background-image":"","background-repeat":"repeat","background-position":"center center","background-size":"auto","background-attachment":"scroll","background-type":"","background-media":"","overlay-type":"","overlay-color":"","overlay-opacity":"","overlay-gradient":""},"tablet":{"background-color":"","background-image":"","background-repeat":"repeat","background-position":"center center","background-size":"auto","background-attachment":"scroll","background-type":"","background-media":"","overlay-type":"","overlay-color":"","overlay-opacity":"","overlay-gradient":""},"mobile":{"background-color":"","background-image":"","background-repeat":"repeat","background-position":"center center","background-size":"auto","background-attachment":"scroll","background-type":"","background-media":"","overlay-type":"","overlay-color":"","overlay-opacity":"","overlay-gradient":""}},"ast-content-background-meta":{"desktop":{"background-color":"var(--ast-global-color-5)","background-image":"","background-repeat":"repeat","background-position":"center center","background-size":"auto","background-attachment":"scroll","background-type":"","background-media":"","overlay-type":"","overlay-color":"","overlay-opacity":"","overlay-gradient":""},"tablet":{"background-color":"var(--ast-global-color-5)","background-image":"","background-repeat":"repeat","background-position":"center center","background-size":"auto","background-attachment":"scroll","background-type":"","background-media":"","overlay-type":"","overlay-color":"","overlay-opacity":"","overlay-gradient":""},"mobile":{"background-color":"var(--ast-global-color-5)","background-image":"","background-repeat":"repeat","background-position":"center center","background-size":"auto","background-attachment":"scroll","background-type":"","background-media":"","overlay-type":"","overlay-color":"","overlay-opacity":"","overlay-gradient":""}}},"product_brand":[],"product_cat":[105],"product_tag":[],"class_list":{"0":"post-9950","1":"product","2":"type-product","3":"status-publish","4":"has-post-thumbnail","6":"product_cat-produit-exhausteur-de-gout","7":"desktop-align-center","8":"tablet-align-left","9":"mobile-align-left","11":"first","12":"instock","13":"shipping-taxable","14":"product-type-simple"},"yoast_head":"<!-- This site is optimized with the Yoast SEO plugin v26.5 - https:\/\/yoast.com\/wordpress\/plugins\/seo\/ -->\n<title>Fournisseur d&#039;\u00e9thylvanilline, poudre d&#039;\u00e9thylvanilline de qualit\u00e9 alimentaire | Niranbio Chemical<\/title>\n<meta name=\"description\" content=\"Notre \u00e9thylvanilline (E2216) a le parfum distinct de la vanilline et est une poudre cristalline dont la couleur varie du blanc au l\u00e9g\u00e8rement jaune, le tout \u00e0 des prix comp\u00e9titifs.\" \/>\n<meta name=\"robots\" content=\"noindex, follow, max-snippet:-1, max-image-preview:large, max-video-preview:-1\" \/>\n<meta name=\"twitter:label1\" content=\"Dur\u00e9e de lecture estim\u00e9e\" \/>\n\t<meta name=\"twitter:data1\" content=\"4 minutes\" \/>\n<script type=\"application\/ld+json\" class=\"yoast-schema-graph\">{\"@context\":\"https:\/\/schema.org\",\"@graph\":[{\"@type\":\"WebPage\",\"@id\":\"https:\/\/theo.niranbio.com\/fr\/ethylvanilline.html\",\"url\":\"https:\/\/theo.niranbio.com\/fr\/ethylvanilline.html\",\"name\":\"Fournisseur d'\u00e9thylvanilline, poudre d'\u00e9thylvanilline de qualit\u00e9 alimentaire | Niranbio Chemical\",\"isPartOf\":{\"@id\":\"https:\/\/theo.niranbio.com\/fr\/#website\"},\"primaryImageOfPage\":{\"@id\":\"https:\/\/theo.niranbio.com\/fr\/ethylvanilline.html#primaryimage\"},\"image\":{\"@id\":\"https:\/\/theo.niranbio.com\/fr\/ethylvanilline.html#primaryimage\"},\"thumbnailUrl\":\"https:\/\/theo.niranbio.com\/wp-content\/uploads\/2024\/06\/Ethyl-Vanillin.webp\",\"datePublished\":\"2024-06-20T02:41:38+00:00\",\"dateModified\":\"2024-08-13T09:50:47+00:00\",\"description\":\"Notre \u00e9thylvanilline (E2216) a le parfum distinct de la vanilline et est une poudre cristalline dont la couleur varie du blanc au l\u00e9g\u00e8rement jaune, le tout \u00e0 des prix comp\u00e9titifs.\",\"breadcrumb\":{\"@id\":\"https:\/\/theo.niranbio.com\/fr\/ethylvanilline.html#breadcrumb\"},\"inLanguage\":\"fr-FR\",\"potentialAction\":[{\"@type\":\"ReadAction\",\"target\":[\"https:\/\/theo.niranbio.com\/fr\/ethylvanilline.html\"]}]},{\"@type\":\"ImageObject\",\"inLanguage\":\"fr-FR\",\"@id\":\"https:\/\/theo.niranbio.com\/fr\/ethylvanilline.html#primaryimage\",\"url\":\"https:\/\/theo.niranbio.com\/wp-content\/uploads\/2024\/06\/Ethyl-Vanillin.webp\",\"contentUrl\":\"https:\/\/theo.niranbio.com\/wp-content\/uploads\/2024\/06\/Ethyl-Vanillin.webp\",\"width\":600,\"height\":600,\"caption\":\"\u00c9thylvanilline\"},{\"@type\":\"BreadcrumbList\",\"@id\":\"https:\/\/theo.niranbio.com\/fr\/ethylvanilline.html#breadcrumb\",\"itemListElement\":[{\"@type\":\"ListItem\",\"position\":1,\"name\":\"Home\",\"item\":\"https:\/\/theo.niranbio.com\/fr\/\"},{\"@type\":\"ListItem\",\"position\":2,\"name\":\"Produits\",\"item\":\"https:\/\/theo.niranbio.com\/fr\/produits.html\"},{\"@type\":\"ListItem\",\"position\":3,\"name\":\"Exhausteur de Go\u00fbt\",\"item\":\"https:\/\/theo.niranbio.com\/fr\/produit-exhausteur-de-gout\/\"},{\"@type\":\"ListItem\",\"position\":4,\"name\":\"\u00c9thylvanilline\"}]},{\"@type\":\"WebSite\",\"@id\":\"https:\/\/theo.niranbio.com\/fr\/#website\",\"url\":\"https:\/\/theo.niranbio.com\/fr\/\",\"name\":\"Niranbio Chemical\",\"description\":\"\",\"publisher\":{\"@id\":\"https:\/\/theo.niranbio.com\/fr\/#organization\"},\"potentialAction\":[{\"@type\":\"SearchAction\",\"target\":{\"@type\":\"EntryPoint\",\"urlTemplate\":\"https:\/\/theo.niranbio.com\/fr\/?s={search_term_string}\"},\"query-input\":{\"@type\":\"PropertyValueSpecification\",\"valueRequired\":true,\"valueName\":\"search_term_string\"}}],\"inLanguage\":\"fr-FR\"},{\"@type\":\"Organization\",\"@id\":\"https:\/\/theo.niranbio.com\/fr\/#organization\",\"name\":\"Niranbio Chemical\",\"url\":\"https:\/\/theo.niranbio.com\/fr\/\",\"logo\":{\"@type\":\"ImageObject\",\"inLanguage\":\"fr-FR\",\"@id\":\"https:\/\/theo.niranbio.com\/fr\/#\/schema\/logo\/image\/\",\"url\":\"https:\/\/theo.niranbio.com\/wp-content\/uploads\/2024\/06\/Niranbio.png\",\"contentUrl\":\"https:\/\/theo.niranbio.com\/wp-content\/uploads\/2024\/06\/Niranbio.png\",\"width\":270,\"height\":100,\"caption\":\"Niranbio Chemical\"},\"image\":{\"@id\":\"https:\/\/theo.niranbio.com\/fr\/#\/schema\/logo\/image\/\"}}]}<\/script>\n<!-- \/ Yoast SEO plugin. -->","yoast_head_json":{"title":"Fournisseur d'\u00e9thylvanilline, poudre d'\u00e9thylvanilline de qualit\u00e9 alimentaire | Niranbio Chemical","description":"Notre \u00e9thylvanilline (E2216) a le parfum distinct de la vanilline et est une poudre cristalline dont la couleur varie du blanc au l\u00e9g\u00e8rement jaune, le tout \u00e0 des prix comp\u00e9titifs.","robots":{"index":"noindex","follow":"follow","max-snippet":"max-snippet:-1","max-image-preview":"max-image-preview:large","max-video-preview":"max-video-preview:-1"},"twitter_misc":{"Dur\u00e9e de lecture estim\u00e9e":"4 minutes"},"schema":{"@context":"https:\/\/schema.org","@graph":[{"@type":"WebPage","@id":"https:\/\/theo.niranbio.com\/fr\/ethylvanilline.html","url":"https:\/\/theo.niranbio.com\/fr\/ethylvanilline.html","name":"Fournisseur d'\u00e9thylvanilline, poudre d'\u00e9thylvanilline de qualit\u00e9 alimentaire | Niranbio Chemical","isPartOf":{"@id":"https:\/\/theo.niranbio.com\/fr\/#website"},"primaryImageOfPage":{"@id":"https:\/\/theo.niranbio.com\/fr\/ethylvanilline.html#primaryimage"},"image":{"@id":"https:\/\/theo.niranbio.com\/fr\/ethylvanilline.html#primaryimage"},"thumbnailUrl":"https:\/\/theo.niranbio.com\/wp-content\/uploads\/2024\/06\/Ethyl-Vanillin.webp","datePublished":"2024-06-20T02:41:38+00:00","dateModified":"2024-08-13T09:50:47+00:00","description":"Notre \u00e9thylvanilline (E2216) a le parfum distinct de la vanilline et est une poudre cristalline dont la couleur varie du blanc au l\u00e9g\u00e8rement jaune, le tout \u00e0 des prix comp\u00e9titifs.","breadcrumb":{"@id":"https:\/\/theo.niranbio.com\/fr\/ethylvanilline.html#breadcrumb"},"inLanguage":"fr-FR","potentialAction":[{"@type":"ReadAction","target":["https:\/\/theo.niranbio.com\/fr\/ethylvanilline.html"]}]},{"@type":"ImageObject","inLanguage":"fr-FR","@id":"https:\/\/theo.niranbio.com\/fr\/ethylvanilline.html#primaryimage","url":"https:\/\/theo.niranbio.com\/wp-content\/uploads\/2024\/06\/Ethyl-Vanillin.webp","contentUrl":"https:\/\/theo.niranbio.com\/wp-content\/uploads\/2024\/06\/Ethyl-Vanillin.webp","width":600,"height":600,"caption":"\u00c9thylvanilline"},{"@type":"BreadcrumbList","@id":"https:\/\/theo.niranbio.com\/fr\/ethylvanilline.html#breadcrumb","itemListElement":[{"@type":"ListItem","position":1,"name":"Home","item":"https:\/\/theo.niranbio.com\/fr\/"},{"@type":"ListItem","position":2,"name":"Produits","item":"https:\/\/theo.niranbio.com\/fr\/produits.html"},{"@type":"ListItem","position":3,"name":"Exhausteur de Go\u00fbt","item":"https:\/\/theo.niranbio.com\/fr\/produit-exhausteur-de-gout\/"},{"@type":"ListItem","position":4,"name":"\u00c9thylvanilline"}]},{"@type":"WebSite","@id":"https:\/\/theo.niranbio.com\/fr\/#website","url":"https:\/\/theo.niranbio.com\/fr\/","name":"Niranbio Chemical","description":"","publisher":{"@id":"https:\/\/theo.niranbio.com\/fr\/#organization"},"potentialAction":[{"@type":"SearchAction","target":{"@type":"EntryPoint","urlTemplate":"https:\/\/theo.niranbio.com\/fr\/?s={search_term_string}"},"query-input":{"@type":"PropertyValueSpecification","valueRequired":true,"valueName":"search_term_string"}}],"inLanguage":"fr-FR"},{"@type":"Organization","@id":"https:\/\/theo.niranbio.com\/fr\/#organization","name":"Niranbio Chemical","url":"https:\/\/theo.niranbio.com\/fr\/","logo":{"@type":"ImageObject","inLanguage":"fr-FR","@id":"https:\/\/theo.niranbio.com\/fr\/#\/schema\/logo\/image\/","url":"https:\/\/theo.niranbio.com\/wp-content\/uploads\/2024\/06\/Niranbio.png","contentUrl":"https:\/\/theo.niranbio.com\/wp-content\/uploads\/2024\/06\/Niranbio.png","width":270,"height":100,"caption":"Niranbio Chemical"},"image":{"@id":"https:\/\/theo.niranbio.com\/fr\/#\/schema\/logo\/image\/"}}]}},"_links":{"self":[{"href":"https:\/\/theo.niranbio.com\/fr\/wp-json\/wp\/v2\/product\/9950","targetHints":{"allow":["GET"]}}],"collection":[{"href":"https:\/\/theo.niranbio.com\/fr\/wp-json\/wp\/v2\/product"}],"about":[{"href":"https:\/\/theo.niranbio.com\/fr\/wp-json\/wp\/v2\/types\/product"}],"version-history":[{"count":0,"href":"https:\/\/theo.niranbio.com\/fr\/wp-json\/wp\/v2\/product\/9950\/revisions"}],"wp:featuredmedia":[{"embeddable":true,"href":"https:\/\/theo.niranbio.com\/fr\/wp-json\/wp\/v2\/media\/9951"}],"wp:attachment":[{"href":"https:\/\/theo.niranbio.com\/fr\/wp-json\/wp\/v2\/media?parent=9950"}],"wp:term":[{"taxonomy":"product_brand","embeddable":true,"href":"https:\/\/theo.niranbio.com\/fr\/wp-json\/wp\/v2\/product_brand?post=9950"},{"taxonomy":"product_cat","embeddable":true,"href":"https:\/\/theo.niranbio.com\/fr\/wp-json\/wp\/v2\/product_cat?post=9950"},{"taxonomy":"product_tag","embeddable":true,"href":"https:\/\/theo.niranbio.com\/fr\/wp-json\/wp\/v2\/product_tag?post=9950"}],"curies":[{"name":"wp","href":"https:\/\/api.w.org\/{rel}","templated":true}]}}