{"id":9939,"date":"2024-06-20T10:43:11","date_gmt":"2024-06-20T02:43:11","guid":{"rendered":"https:\/\/theo.niranbio.com\/glutamate-monosodique\/"},"modified":"2024-08-19T14:16:18","modified_gmt":"2024-08-19T06:16:18","slug":"glutamate-monosodique","status":"publish","type":"product","link":"https:\/\/theo.niranbio.com\/fr\/glutamate-monosodique.html","title":{"rendered":"Glutamate monosodique"},"content":{"rendered":"<h2><span class=\"ez-toc-section\" id=\"Quest-ce_que_le_glutamate_monosodique\"><\/span>Qu&rsquo;est-ce que le glutamate monosodique ?<span class=\"ez-toc-section-end\"><\/span><\/h2>\n<p>Le glutamate monosodique est un ar\u00f4me umami qui se dissout facilement dans l&rsquo;eau. Ses principales mati\u00e8res premi\u00e8res sont des prot\u00e9ines telles que le gluten de bl\u00e9. Il a une apparence cristalline blanche ou incolore et est largement utilis\u00e9 dans les m\u00e9nages, la restauration, la transformation des aliments, etc.<\/p>\n<p>La pr\u00e9paration du glutamate monosodique repose principalement sur la fermentation microbienne. Ce proc\u00e9d\u00e9 utilise Corynebacterium glutamicum pour convertir la source de carbone de l&rsquo;amidon ou de la m\u00e9lasse en acide L-glutamique, ce qui est efficace, \u00e9conomique et respectueux de l&rsquo;environnement. Le processus de fermentation est effectu\u00e9 \u00e0 une temp\u00e9rature et un pH contr\u00f4l\u00e9s, puis l&rsquo;acide L-glutamique est converti en glutamate de sodium par pr\u00e9cipitation acide et r\u00e9action de neutralisation, et enfin le glutamate monosodique fini est obtenu apr\u00e8s cristallisation et s\u00e9chage.<\/p>\n<p>Bien que la synth\u00e8se chimique et les m\u00e9thodes enzymatiques puissent \u00e9galement \u00eatre utilis\u00e9es pour pr\u00e9parer le glutamate monosodique, leur application en Chine est beaucoup moins populaire que celle de la fermentation microbienne. La synth\u00e8se chimique g\u00e9n\u00e8re du glutamate de sodium par des r\u00e9actions chimiques et convient \u00e0 certains sc\u00e9narios sp\u00e9cifiques, tandis que les m\u00e9thodes enzymatiques sont principalement utilis\u00e9es pour la recherche en laboratoire ou la production \u00e0 petite \u00e9chelle. En g\u00e9n\u00e9ral, la fermentation microbienne est devenue le processus dominant pour la production nationale de glutamate monosodique en raison de sa grande efficacit\u00e9, de son faible co\u00fbt et de son environnement de production convivial.<\/p>\n<h2><span class=\"ez-toc-section\" id=\"Parametres_associes\"><\/span>Param\u00e8tres associ\u00e9s :<span class=\"ez-toc-section-end\"><\/span><\/h2>\n<table>\n<tbody>\n<tr>\n<td>\u00c9L\u00c9MENTS<\/td>\n<td>STANDARD<\/td>\n<\/tr>\n<tr>\n<td>Essai<\/td>\n<td>99,0% min<\/td>\n<\/tr>\n<tr>\n<td>PH (solution \u00e0 5 %)<\/td>\n<td>6.7-7.2<\/td>\n<\/tr>\n<tr>\n<td>Teneur en sodium<\/td>\n<td>12,30 % max.<\/td>\n<\/tr>\n<tr>\n<td>Transmittance<\/td>\n<td>98,0% min<\/td>\n<\/tr>\n<tr>\n<td>Rotation sp\u00e9cifique [\u03b1]D20\u2103<\/td>\n<td>+24.90- +25.30<\/td>\n<\/tr>\n<tr>\n<td>Perte \u00e0 sec<\/td>\n<td>0,5% max<\/td>\n<\/tr>\n<tr>\n<td>M\u00e9taux lourds<\/td>\n<td>10 ppm max<\/td>\n<\/tr>\n<tr>\n<td>Arsenic (As2SO3)<\/td>\n<td>0,5 ppm max<\/td>\n<\/tr>\n<tr>\n<td>Fer<\/td>\n<td>5 ppm max<\/td>\n<\/tr>\n<tr>\n<td>Chlorure<\/td>\n<td>0,1 % max.<\/td>\n<\/tr>\n<tr>\n<td>Acide pyrrolidoncarboxylique<\/td>\n<td>0,2 % max<\/td>\n<\/tr>\n<tr>\n<td>Plomb (Pb)<\/td>\n<td>1 ppm max<\/td>\n<\/tr>\n<tr>\n<td>Sulfate<\/td>\n<td>0,05% max<\/td>\n<\/tr>\n<tr>\n<td colspan=\"2\">Norme microbiologique<\/td>\n<\/tr>\n<tr>\n<td>Nombre total de plaques<\/td>\n<td>Max. 1000 ufc\/g<\/td>\n<\/tr>\n<tr>\n<td>Nombre de moisissures<\/td>\n<td>Max. 100 cfu\/g<\/td>\n<\/tr>\n<tr>\n<td>D\u00e9nombrement des levures<\/td>\n<td>Max. 100 cfu\/g<\/td>\n<\/tr>\n<tr>\n<td>Coliformes<\/td>\n<td>Max.<br \/>\n3\/g<\/td>\n<\/tr>\n<tr>\n<td>Salmonelle<\/td>\n<td>N\u00e9gatif dans 25g<\/td>\n<\/tr>\n<tr>\n<td>Ent\u00e9robact\u00e9ries<\/td>\n<td>Max.<br \/>\n10 ufc\/g<\/td>\n<\/tr>\n<tr>\n<td>Bact\u00e9ries pathog\u00e8nes<\/td>\n<td>Absent<\/td>\n<\/tr>\n<tr>\n<td>E. Coli<\/td>\n<td>N\u00e9gatif dans 25g<\/td>\n<\/tr>\n<\/tbody>\n<\/table>\n<h2><span class=\"ez-toc-section\" id=\"Dosage_recommande\"><\/span>Dosage recommand\u00e9 :<span class=\"ez-toc-section-end\"><\/span><\/h2>\n<table>\n<tbody>\n<tr>\n<td>Nom de l&rsquo;aliment<\/td>\n<td>Utilisation maximale (g\/kg)<\/td>\n<\/tr>\n<tr>\n<td>Aliments en conserve<\/td>\n<td>1,0-2,0 g\/kg<\/td>\n<\/tr>\n<tr>\n<td>Sauce d&rsquo;assaisonnement<\/td>\n<td>5,0-10,0 g\/kg<\/td>\n<\/tr>\n<tr>\n<td>Produits \u00e0 base de viande (tels que saucisses, jambon)<\/td>\n<td>2,0-5,0 g\/kg<\/td>\n<\/tr>\n<tr>\n<td>Sauce salade<\/td>\n<td>3,0-5,0 g\/kg<\/td>\n<\/tr>\n<tr>\n<td>Assaisonnement<\/td>\n<td>5,0-10,0 g\/kg<\/td>\n<\/tr>\n<tr>\n<td>Aliment en poudre<\/td>\n<td>2,0-4,0 g\/kg<\/td>\n<\/tr>\n<tr>\n<td>Marinade de viande<\/td>\n<td>4,0-6,0 g\/kg<\/td>\n<\/tr>\n<tr>\n<td>Bonbons<\/td>\n<td>0,5-1,0 g\/kg<\/td>\n<\/tr>\n<tr>\n<td>Boulangerie<\/td>\n<td>1,0-3,0 g\/kg<\/td>\n<\/tr>\n<tr>\n<td>Sauce soja<\/td>\n<td>1,0-3,0 g\/kg<\/td>\n<\/tr>\n<tr>\n<td>Boissons \u00e0 base de jus de fruits<\/td>\n<td>0,5-1,0 g\/kg<\/td>\n<\/tr>\n<tr>\n<td>Bi\u00e8re<\/td>\n<td>0,5-1,0 g\/kg<\/td>\n<\/tr>\n<tr>\n<td>Chocolat<\/td>\n<td>0,5-1,0 g\/kg<\/td>\n<\/tr>\n<tr>\n<td>Produits fromagers<\/td>\n<td>1,0-2,0 g\/kg<\/td>\n<\/tr>\n<\/tbody>\n<\/table>\n<h2><span class=\"ez-toc-section\" id=\"Le_glutamate_monosodique_a_une_large_gamme_dutilisations\"><\/span>Le glutamate monosodique a une large gamme d&rsquo;utilisations<span class=\"ez-toc-section-end\"><\/span><\/h2>\n<p>1. Am\u00e9liorer la saveur : le MSG est un exhausteur de go\u00fbt efficace qui peut am\u00e9liorer consid\u00e9rablement le go\u00fbt umami des aliments, en particulier en am\u00e9liorant les saveurs sal\u00e9es et charnues. Il est largement utilis\u00e9 dans les soupes, les sauces, les aliments en conserve et les nouilles instantan\u00e9es pour contribuer \u00e0 rehausser la saveur et le go\u00fbt g\u00e9n\u00e9raux des aliments.<\/p>\n<p>2. Am\u00e9liorer le go\u00fbt : le MSG am\u00e9liore non seulement le go\u00fbt des aliments, mais am\u00e9liore \u00e9galement le go\u00fbt, rendant le go\u00fbt des aliments plus riche et plus harmonieux. Il \u00e9quilibre le go\u00fbt des autres assaisonnements pour am\u00e9liorer l\u2019exp\u00e9rience sensorielle globale et est largement utilis\u00e9 dans les aliments transform\u00e9s, les aliments surgel\u00e9s et les aliments des restaurants.<\/p>\n<p>3. R\u00e9duire l&rsquo;utilisation de sel de sodium : en am\u00e9liorant le go\u00fbt umami des aliments, le MSG peut r\u00e9duire la demande en sel, r\u00e9duisant ainsi l&rsquo;utilisation de sel de sodium. Cette caract\u00e9ristique le rend particuli\u00e8rement important dans les aliments \u00e0 faible teneur en sodium ou en sel pour aider \u00e0 contr\u00f4ler l&rsquo;apport en sodium tout en conservant la saveur des aliments.<\/p>\n<p>4. Ajuster l&rsquo;\u00e9quilibre gustatif : le MSG peut fonctionner en synergie avec d&rsquo;autres assaisonnements (tels que le sel et le sucre) pour ajuster l&rsquo;\u00e9quilibre gustatif des aliments et rendre le go\u00fbt des aliments plus complet. Il est utilis\u00e9 dans les sauces, les produits carn\u00e9s et la restauration rapide pour assurer la coh\u00e9rence et la coordination du go\u00fbt des aliments.<\/p>\n<p>5. Am\u00e9liorer l&rsquo;umami : le MSG am\u00e9liore consid\u00e9rablement le go\u00fbt umami des aliments en augmentant la teneur en glutamate des aliments, ce qui leur donne un go\u00fbt plus d\u00e9licieux. On le trouve couramment dans les soupes, les plats cuisin\u00e9s, les assaisonnements et les aliments souffl\u00e9s pour rehausser le go\u00fbt umami des aliments.<\/p>\n<p>6. Am\u00e9liorer l&rsquo;ar\u00f4me : le MSG peut am\u00e9liorer l&rsquo;ar\u00f4me des aliments, les faisant \u00e9mettre une odeur plus attrayante, am\u00e9liorant ainsi l&rsquo;app\u00e9tit g\u00e9n\u00e9ral. Il est ajout\u00e9 aux produits de boulangerie, aux aliments en conserve et aux assaisonnements pour am\u00e9liorer les caract\u00e9ristiques aromatiques et l\u2019attrait des aliments.<\/p>\n<h2><span class=\"ez-toc-section\" id=\"Question_posee_par_lutilisateur\"><\/span>Question pos\u00e9e par l&rsquo;utilisateur :<span class=\"ez-toc-section-end\"><\/span><\/h2>\n<p>Question : Que se passe-t-il si je mange trop de glutamate monosodique ?<\/p>\n<p>R\u00e9ponse : Une consommation excessive de glutamate monosodique peut provoquer un certain inconfort, comme le \u00ab syndrome du restaurant chinois \u00bb, notamment des sympt\u00f4mes tels que des maux de t\u00eate, des rougeurs au visage, des sueurs, etc. De plus, des troubles gastro-intestinaux tels que des ballonnements et des douleurs d&rsquo;estomac peuvent \u00eatre provoqu\u00e9s par des doses \u00e9lev\u00e9es de glutamate monosodique. Bien que la plupart des gens puissent consommer du glutamate monosodique en toute s\u00e9curit\u00e9 avec mod\u00e9ration, les personnes sensibles ou celles atteintes de certaines maladies chroniques doivent contr\u00f4ler soigneusement leur consommation pour \u00e9viter les risques potentiels pour la sant\u00e9.<\/p>\n","protected":false},"excerpt":{"rendered":"<ul>\n<li>CAS: 142-47-2<\/li>\n<li>Formule chimique: C5H8NNaO4<\/li>\n<li>Certifications : KOSHER, ISO, HALAL, FSSC 22000, BRC, etc.<\/li>\n<li>Standard:<\/li>\n<li>Quantit\u00e9 minimum de commande : 1000 kg<\/li>\n<li>Dur\u00e9e de conservation : 2 ans<\/li>\n<\/ul>\n","protected":false},"featured_media":9942,"template":"","meta":{"site-sidebar-layout":"default","site-content-layout":"","ast-site-content-layout":"default","site-content-style":"default","site-sidebar-style":"default","ast-global-header-display":"","ast-banner-title-visibility":"","ast-main-header-display":"","ast-hfb-above-header-display":"","ast-hfb-below-header-display":"","ast-hfb-mobile-header-display":"","site-post-title":"","ast-breadcrumbs-content":"","ast-featured-img":"","footer-sml-layout":"","theme-transparent-header-meta":"default","adv-header-id-meta":"","stick-header-meta":"","header-above-stick-meta":"","header-main-stick-meta":"","header-below-stick-meta":"","astra-migrate-meta-layouts":"set","ast-page-background-enabled":"default","ast-page-background-meta":{"desktop":{"background-color":"var(--ast-global-color-4)","background-image":"","background-repeat":"repeat","background-position":"center center","background-size":"auto","background-attachment":"scroll","background-type":"","background-media":"","overlay-type":"","overlay-color":"","overlay-opacity":"","overlay-gradient":""},"tablet":{"background-color":"","background-image":"","background-repeat":"repeat","background-position":"center center","background-size":"auto","background-attachment":"scroll","background-type":"","background-media":"","overlay-type":"","overlay-color":"","overlay-opacity":"","overlay-gradient":""},"mobile":{"background-color":"","background-image":"","background-repeat":"repeat","background-position":"center center","background-size":"auto","background-attachment":"scroll","background-type":"","background-media":"","overlay-type":"","overlay-color":"","overlay-opacity":"","overlay-gradient":""}},"ast-content-background-meta":{"desktop":{"background-color":"var(--ast-global-color-5)","background-image":"","background-repeat":"repeat","background-position":"center center","background-size":"auto","background-attachment":"scroll","background-type":"","background-media":"","overlay-type":"","overlay-color":"","overlay-opacity":"","overlay-gradient":""},"tablet":{"background-color":"var(--ast-global-color-5)","background-image":"","background-repeat":"repeat","background-position":"center center","background-size":"auto","background-attachment":"scroll","background-type":"","background-media":"","overlay-type":"","overlay-color":"","overlay-opacity":"","overlay-gradient":""},"mobile":{"background-color":"var(--ast-global-color-5)","background-image":"","background-repeat":"repeat","background-position":"center center","background-size":"auto","background-attachment":"scroll","background-type":"","background-media":"","overlay-type":"","overlay-color":"","overlay-opacity":"","overlay-gradient":""}}},"product_brand":[],"product_cat":[105],"product_tag":[],"class_list":{"0":"post-9939","1":"product","2":"type-product","3":"status-publish","4":"has-post-thumbnail","6":"product_cat-produit-exhausteur-de-gout","7":"desktop-align-center","8":"tablet-align-left","9":"mobile-align-left","11":"first","12":"instock","13":"shipping-taxable","14":"product-type-simple"},"yoast_head":"<!-- This site is optimized with the Yoast SEO plugin v26.5 - https:\/\/yoast.com\/wordpress\/plugins\/seo\/ -->\n<title>Acheter glutamate monosodique E621, Fabricant de glutamate monosodique| Niranbio Chemical<\/title>\n<meta name=\"description\" content=\"Notre poudre de glutamate monosodique E621 a une apparence cristalline blanche ou incolore et est largement utilis\u00e9e dans les m\u00e9nages, la restauration, la transformation des aliments, etc.\" \/>\n<meta name=\"robots\" content=\"noindex, follow, max-snippet:-1, max-image-preview:large, max-video-preview:-1\" \/>\n<meta name=\"twitter:label1\" content=\"Dur\u00e9e de lecture estim\u00e9e\" \/>\n\t<meta name=\"twitter:data1\" content=\"4 minutes\" \/>\n<script type=\"application\/ld+json\" class=\"yoast-schema-graph\">{\"@context\":\"https:\/\/schema.org\",\"@graph\":[{\"@type\":\"WebPage\",\"@id\":\"https:\/\/theo.niranbio.com\/fr\/glutamate-monosodique.html\",\"url\":\"https:\/\/theo.niranbio.com\/fr\/glutamate-monosodique.html\",\"name\":\"Acheter glutamate monosodique E621, Fabricant de glutamate monosodique| Niranbio Chemical\",\"isPartOf\":{\"@id\":\"https:\/\/theo.niranbio.com\/fr\/#website\"},\"primaryImageOfPage\":{\"@id\":\"https:\/\/theo.niranbio.com\/fr\/glutamate-monosodique.html#primaryimage\"},\"image\":{\"@id\":\"https:\/\/theo.niranbio.com\/fr\/glutamate-monosodique.html#primaryimage\"},\"thumbnailUrl\":\"https:\/\/theo.niranbio.com\/wp-content\/uploads\/2024\/06\/Monosodium-Glutamate.webp\",\"datePublished\":\"2024-06-20T02:43:11+00:00\",\"dateModified\":\"2024-08-19T06:16:18+00:00\",\"description\":\"Notre poudre de glutamate monosodique E621 a une apparence cristalline blanche ou incolore et est largement utilis\u00e9e dans les m\u00e9nages, la restauration, la transformation des aliments, etc.\",\"breadcrumb\":{\"@id\":\"https:\/\/theo.niranbio.com\/fr\/glutamate-monosodique.html#breadcrumb\"},\"inLanguage\":\"fr-FR\",\"potentialAction\":[{\"@type\":\"ReadAction\",\"target\":[\"https:\/\/theo.niranbio.com\/fr\/glutamate-monosodique.html\"]}]},{\"@type\":\"ImageObject\",\"inLanguage\":\"fr-FR\",\"@id\":\"https:\/\/theo.niranbio.com\/fr\/glutamate-monosodique.html#primaryimage\",\"url\":\"https:\/\/theo.niranbio.com\/wp-content\/uploads\/2024\/06\/Monosodium-Glutamate.webp\",\"contentUrl\":\"https:\/\/theo.niranbio.com\/wp-content\/uploads\/2024\/06\/Monosodium-Glutamate.webp\",\"width\":600,\"height\":600,\"caption\":\"Glutamate monosodique\"},{\"@type\":\"BreadcrumbList\",\"@id\":\"https:\/\/theo.niranbio.com\/fr\/glutamate-monosodique.html#breadcrumb\",\"itemListElement\":[{\"@type\":\"ListItem\",\"position\":1,\"name\":\"Home\",\"item\":\"https:\/\/theo.niranbio.com\/fr\/\"},{\"@type\":\"ListItem\",\"position\":2,\"name\":\"Produits\",\"item\":\"https:\/\/theo.niranbio.com\/fr\/produits.html\"},{\"@type\":\"ListItem\",\"position\":3,\"name\":\"Exhausteur de Go\u00fbt\",\"item\":\"https:\/\/theo.niranbio.com\/fr\/produit-exhausteur-de-gout\/\"},{\"@type\":\"ListItem\",\"position\":4,\"name\":\"Glutamate monosodique\"}]},{\"@type\":\"WebSite\",\"@id\":\"https:\/\/theo.niranbio.com\/fr\/#website\",\"url\":\"https:\/\/theo.niranbio.com\/fr\/\",\"name\":\"Niranbio Chemical\",\"description\":\"\",\"publisher\":{\"@id\":\"https:\/\/theo.niranbio.com\/fr\/#organization\"},\"potentialAction\":[{\"@type\":\"SearchAction\",\"target\":{\"@type\":\"EntryPoint\",\"urlTemplate\":\"https:\/\/theo.niranbio.com\/fr\/?s={search_term_string}\"},\"query-input\":{\"@type\":\"PropertyValueSpecification\",\"valueRequired\":true,\"valueName\":\"search_term_string\"}}],\"inLanguage\":\"fr-FR\"},{\"@type\":\"Organization\",\"@id\":\"https:\/\/theo.niranbio.com\/fr\/#organization\",\"name\":\"Niranbio Chemical\",\"url\":\"https:\/\/theo.niranbio.com\/fr\/\",\"logo\":{\"@type\":\"ImageObject\",\"inLanguage\":\"fr-FR\",\"@id\":\"https:\/\/theo.niranbio.com\/fr\/#\/schema\/logo\/image\/\",\"url\":\"https:\/\/theo.niranbio.com\/wp-content\/uploads\/2024\/06\/Niranbio.png\",\"contentUrl\":\"https:\/\/theo.niranbio.com\/wp-content\/uploads\/2024\/06\/Niranbio.png\",\"width\":270,\"height\":100,\"caption\":\"Niranbio Chemical\"},\"image\":{\"@id\":\"https:\/\/theo.niranbio.com\/fr\/#\/schema\/logo\/image\/\"}}]}<\/script>\n<!-- \/ Yoast SEO plugin. -->","yoast_head_json":{"title":"Acheter glutamate monosodique E621, Fabricant de glutamate monosodique| Niranbio Chemical","description":"Notre poudre de glutamate monosodique E621 a une apparence cristalline blanche ou incolore et est largement utilis\u00e9e dans les m\u00e9nages, la restauration, la transformation des aliments, etc.","robots":{"index":"noindex","follow":"follow","max-snippet":"max-snippet:-1","max-image-preview":"max-image-preview:large","max-video-preview":"max-video-preview:-1"},"twitter_misc":{"Dur\u00e9e de lecture estim\u00e9e":"4 minutes"},"schema":{"@context":"https:\/\/schema.org","@graph":[{"@type":"WebPage","@id":"https:\/\/theo.niranbio.com\/fr\/glutamate-monosodique.html","url":"https:\/\/theo.niranbio.com\/fr\/glutamate-monosodique.html","name":"Acheter glutamate monosodique E621, Fabricant de glutamate monosodique| Niranbio Chemical","isPartOf":{"@id":"https:\/\/theo.niranbio.com\/fr\/#website"},"primaryImageOfPage":{"@id":"https:\/\/theo.niranbio.com\/fr\/glutamate-monosodique.html#primaryimage"},"image":{"@id":"https:\/\/theo.niranbio.com\/fr\/glutamate-monosodique.html#primaryimage"},"thumbnailUrl":"https:\/\/theo.niranbio.com\/wp-content\/uploads\/2024\/06\/Monosodium-Glutamate.webp","datePublished":"2024-06-20T02:43:11+00:00","dateModified":"2024-08-19T06:16:18+00:00","description":"Notre poudre de glutamate monosodique E621 a une apparence cristalline blanche ou incolore et est largement utilis\u00e9e dans les m\u00e9nages, la restauration, la transformation des aliments, etc.","breadcrumb":{"@id":"https:\/\/theo.niranbio.com\/fr\/glutamate-monosodique.html#breadcrumb"},"inLanguage":"fr-FR","potentialAction":[{"@type":"ReadAction","target":["https:\/\/theo.niranbio.com\/fr\/glutamate-monosodique.html"]}]},{"@type":"ImageObject","inLanguage":"fr-FR","@id":"https:\/\/theo.niranbio.com\/fr\/glutamate-monosodique.html#primaryimage","url":"https:\/\/theo.niranbio.com\/wp-content\/uploads\/2024\/06\/Monosodium-Glutamate.webp","contentUrl":"https:\/\/theo.niranbio.com\/wp-content\/uploads\/2024\/06\/Monosodium-Glutamate.webp","width":600,"height":600,"caption":"Glutamate monosodique"},{"@type":"BreadcrumbList","@id":"https:\/\/theo.niranbio.com\/fr\/glutamate-monosodique.html#breadcrumb","itemListElement":[{"@type":"ListItem","position":1,"name":"Home","item":"https:\/\/theo.niranbio.com\/fr\/"},{"@type":"ListItem","position":2,"name":"Produits","item":"https:\/\/theo.niranbio.com\/fr\/produits.html"},{"@type":"ListItem","position":3,"name":"Exhausteur de Go\u00fbt","item":"https:\/\/theo.niranbio.com\/fr\/produit-exhausteur-de-gout\/"},{"@type":"ListItem","position":4,"name":"Glutamate monosodique"}]},{"@type":"WebSite","@id":"https:\/\/theo.niranbio.com\/fr\/#website","url":"https:\/\/theo.niranbio.com\/fr\/","name":"Niranbio Chemical","description":"","publisher":{"@id":"https:\/\/theo.niranbio.com\/fr\/#organization"},"potentialAction":[{"@type":"SearchAction","target":{"@type":"EntryPoint","urlTemplate":"https:\/\/theo.niranbio.com\/fr\/?s={search_term_string}"},"query-input":{"@type":"PropertyValueSpecification","valueRequired":true,"valueName":"search_term_string"}}],"inLanguage":"fr-FR"},{"@type":"Organization","@id":"https:\/\/theo.niranbio.com\/fr\/#organization","name":"Niranbio Chemical","url":"https:\/\/theo.niranbio.com\/fr\/","logo":{"@type":"ImageObject","inLanguage":"fr-FR","@id":"https:\/\/theo.niranbio.com\/fr\/#\/schema\/logo\/image\/","url":"https:\/\/theo.niranbio.com\/wp-content\/uploads\/2024\/06\/Niranbio.png","contentUrl":"https:\/\/theo.niranbio.com\/wp-content\/uploads\/2024\/06\/Niranbio.png","width":270,"height":100,"caption":"Niranbio Chemical"},"image":{"@id":"https:\/\/theo.niranbio.com\/fr\/#\/schema\/logo\/image\/"}}]}},"_links":{"self":[{"href":"https:\/\/theo.niranbio.com\/fr\/wp-json\/wp\/v2\/product\/9939","targetHints":{"allow":["GET"]}}],"collection":[{"href":"https:\/\/theo.niranbio.com\/fr\/wp-json\/wp\/v2\/product"}],"about":[{"href":"https:\/\/theo.niranbio.com\/fr\/wp-json\/wp\/v2\/types\/product"}],"version-history":[{"count":0,"href":"https:\/\/theo.niranbio.com\/fr\/wp-json\/wp\/v2\/product\/9939\/revisions"}],"wp:featuredmedia":[{"embeddable":true,"href":"https:\/\/theo.niranbio.com\/fr\/wp-json\/wp\/v2\/media\/9942"}],"wp:attachment":[{"href":"https:\/\/theo.niranbio.com\/fr\/wp-json\/wp\/v2\/media?parent=9939"}],"wp:term":[{"taxonomy":"product_brand","embeddable":true,"href":"https:\/\/theo.niranbio.com\/fr\/wp-json\/wp\/v2\/product_brand?post=9939"},{"taxonomy":"product_cat","embeddable":true,"href":"https:\/\/theo.niranbio.com\/fr\/wp-json\/wp\/v2\/product_cat?post=9939"},{"taxonomy":"product_tag","embeddable":true,"href":"https:\/\/theo.niranbio.com\/fr\/wp-json\/wp\/v2\/product_tag?post=9939"}],"curies":[{"name":"wp","href":"https:\/\/api.w.org\/{rel}","templated":true}]}}